{"id":64227,"date":"2024-02-07T16:40:41","date_gmt":"2024-02-07T14:40:41","guid":{"rendered":"https:\/\/oxoxclub-com-486310.hostingersite.com\/musu-istorija\/"},"modified":"2026-03-25T14:40:08","modified_gmt":"2026-03-25T12:40:08","slug":"musu-istorija","status":"publish","type":"page","link":"https:\/\/oxoxclub.com\/lt\/musu-istorija\/","title":{"rendered":"M\u016bs\u0173 istorija"},"content":{"rendered":"\t\t<div data-elementor-type=\"wp-page\" data-elementor-id=\"64227\" class=\"elementor elementor-64227 elementor-47061\" data-elementor-post-type=\"page\">\n\t\t\t\t\t\t<section class=\"elementor-section elementor-top-section elementor-element elementor-element-ffc1778 elementor-section-height-min-height elementor-section-boxed elementor-section-height-default elementor-section-items-middle\" data-id=\"ffc1778\" data-element_type=\"section\" data-settings=\"{&quot;background_background&quot;:&quot;classic&quot;}\">\n\t\t\t\t\t\t<div class=\"elementor-container elementor-column-gap-default\">\n\t\t\t\t\t<div class=\"elementor-column elementor-col-100 elementor-top-column elementor-element elementor-element-0488398\" data-id=\"0488398\" data-element_type=\"column\">\n\t\t\t<div class=\"elementor-widget-wrap elementor-element-populated\">\n\t\t\t\t\t\t<div class=\"elementor-element elementor-element-cde18a6 elementor-widget elementor-widget-heading\" data-id=\"cde18a6\" data-element_type=\"widget\" data-widget_type=\"heading.default\">\n\t\t\t\t<div class=\"elementor-widget-container\">\n\t\t\t\t\t<h1 class=\"elementor-heading-title elementor-size-default\">Apie mus<\/h1>\t\t\t\t<\/div>\n\t\t\t\t<\/div>\n\t\t\t\t\t<\/div>\n\t\t<\/div>\n\t\t\t\t\t<\/div>\n\t\t<\/section>\n\t\t\t\t<section class=\"elementor-section elementor-top-section elementor-element elementor-element-a0db84f elementor-section-boxed elementor-section-height-default elementor-section-height-default\" data-id=\"a0db84f\" data-element_type=\"section\" data-settings=\"{&quot;background_background&quot;:&quot;classic&quot;}\">\n\t\t\t\t\t\t<div class=\"elementor-container elementor-column-gap-default\">\n\t\t\t\t\t<div class=\"elementor-column elementor-col-100 elementor-top-column elementor-element elementor-element-e6b9798\" data-id=\"e6b9798\" data-element_type=\"column\">\n\t\t\t<div class=\"elementor-widget-wrap elementor-element-populated\">\n\t\t\t\t\t\t<div class=\"elementor-element elementor-element-f0e6ab6 elementor-widget elementor-widget-text-editor\" data-id=\"f0e6ab6\" data-element_type=\"widget\" data-widget_type=\"text-editor.default\">\n\t\t\t\t<div class=\"elementor-widget-container\">\n\t\t\t\t\t\t\t\t\t<p>OXOX CLUB kuria drabu\u017eius vaikams,\u00a0kurie netelpa \u012f r\u0117mus \u2014 smalsiems, k\u016brybingiems ir unikaliems.<\/p><p data-start=\"298\" data-end=\"467\">\u012ekv\u0117pti \u0161iuolaikin\u0117s kult\u016bros, OXOX CLUB drabu\u017eiai yra i\u0161rai\u0161kingi ir i\u0161skirtiniai, ta\u010diau lengvai d\u0117vimi. Jie neformuoja vaiko, o leid\u017eia atsiskleisti jo asmenybei.<\/p><p data-start=\"469\" data-end=\"628\">Kuriame ir gaminame Lietuvoje \u2014 b\u016bdami arti proceso galime u\u017etikrinti nuosekli\u0105 kokyb\u0119. Med\u017eiagas renkam\u0117s s\u0105moningai, o pagrind\u0105 sudaro organin\u0117 medviln\u0117.<\/p><p data-start=\"630\" data-end=\"874\">Nesivadovaujame grie\u017etais sezonais ir nejau\u010diame poreikio nuolat keisti kolekcij\u0173. Vietoje to kolekcij\u0105 papildome ma\u017eais \u201edropais\u201c kelis kartus per metus \u2014 drabu\u017eiais, kurie papildo vienas kit\u0105, i\u0161lieka aktual\u016bs ir tampa kasdienyb\u0117s dalimi.<\/p><p data-start=\"876\" data-end=\"936\">OXOX CLUB n\u0117ra tik vaik\u0173 drabu\u017eiai.<br data-start=\"911\" data-end=\"914\" \/>Tai erdv\u0117 b\u016bti savimi.<\/p>\t\t\t\t\t\t\t\t<\/div>\n\t\t\t\t<\/div>\n\t\t\t\t\t<\/div>\n\t\t<\/div>\n\t\t\t\t\t<\/div>\n\t\t<\/section>\n\t\t\t\t<section class=\"elementor-section elementor-top-section elementor-element elementor-element-a758949 elementor-section-full_width elementor-section-height-default elementor-section-height-default\" data-id=\"a758949\" data-element_type=\"section\">\n\t\t\t\t\t\t<div class=\"elementor-container elementor-column-gap-default\">\n\t\t\t\t\t<div class=\"elementor-column elementor-col-100 elementor-top-column elementor-element elementor-element-97cdbb9\" data-id=\"97cdbb9\" data-element_type=\"column\">\n\t\t\t<div class=\"elementor-widget-wrap elementor-element-populated\">\n\t\t\t\t\t\t<div class=\"elementor-element elementor-element-9c7dd22 elementor-widget elementor-widget-image\" data-id=\"9c7dd22\" data-element_type=\"widget\" data-widget_type=\"image.default\">\n\t\t\t\t<div class=\"elementor-widget-container\">\n\t\t\t\t\t\t\t\t\t\t\t\t\t\t\t<img loading=\"lazy\" decoding=\"async\" width=\"2560\" height=\"1707\" src=\"https:\/\/oxoxclub.com\/wp-content\/uploads\/M8A2843-2-scaled-1.webp\" class=\"attachment-full size-full wp-image-47028\" alt=\"\" srcset=\"https:\/\/oxoxclub.com\/wp-content\/uploads\/M8A2843-2-scaled-1.webp 2560w, https:\/\/oxoxclub.com\/wp-content\/uploads\/M8A2843-2-scaled-1-600x400.webp 600w, https:\/\/oxoxclub.com\/wp-content\/uploads\/M8A2843-2-scaled-1-1000x667.webp 1000w, https:\/\/oxoxclub.com\/wp-content\/uploads\/M8A2843-2-scaled-1-64x43.webp 64w, https:\/\/oxoxclub.com\/wp-content\/uploads\/M8A2843-2-scaled-1-800x533.webp 800w, https:\/\/oxoxclub.com\/wp-content\/uploads\/M8A2843-2-scaled-1-1024x683.webp 1024w, https:\/\/oxoxclub.com\/wp-content\/uploads\/M8A2843-2-scaled-1-768x512.webp 768w, https:\/\/oxoxclub.com\/wp-content\/uploads\/M8A2843-2-scaled-1-1536x1024.webp 1536w, https:\/\/oxoxclub.com\/wp-content\/uploads\/M8A2843-2-scaled-1-2048x1366.webp 2048w\" sizes=\"auto, (max-width: 2560px) 100vw, 2560px\" \/>\t\t\t\t\t\t\t\t\t\t\t\t\t\t\t<\/div>\n\t\t\t\t<\/div>\n\t\t\t\t\t<\/div>\n\t\t<\/div>\n\t\t\t\t\t<\/div>\n\t\t<\/section>\n\t\t\t\t<section class=\"elementor-section elementor-top-section elementor-element elementor-element-00d8347 elementor-section-boxed elementor-section-height-default elementor-section-height-default\" data-id=\"00d8347\" data-element_type=\"section\" data-settings=\"{&quot;background_background&quot;:&quot;classic&quot;}\">\n\t\t\t\t\t\t<div class=\"elementor-container elementor-column-gap-default\">\n\t\t\t\t\t<div class=\"elementor-column elementor-col-100 elementor-top-column elementor-element elementor-element-486a07d\" data-id=\"486a07d\" data-element_type=\"column\">\n\t\t\t<div class=\"elementor-widget-wrap\">\n\t\t\t\t\t\t\t<\/div>\n\t\t<\/div>\n\t\t\t\t\t<\/div>\n\t\t<\/section>\n\t\t\t\t<section class=\"elementor-section elementor-top-section elementor-element elementor-element-4b838c3 elementor-section-boxed elementor-section-height-default elementor-section-height-default\" data-id=\"4b838c3\" data-element_type=\"section\" data-settings=\"{&quot;background_background&quot;:&quot;classic&quot;}\">\n\t\t\t\t\t\t<div class=\"elementor-container elementor-column-gap-default\">\n\t\t\t\t\t<div class=\"elementor-column elementor-col-25 elementor-top-column elementor-element elementor-element-71846a6\" data-id=\"71846a6\" data-element_type=\"column\">\n\t\t\t<div class=\"elementor-widget-wrap\">\n\t\t\t\t\t\t\t<\/div>\n\t\t<\/div>\n\t\t\t\t<div class=\"elementor-column elementor-col-25 elementor-top-column elementor-element elementor-element-179b6c5\" data-id=\"179b6c5\" data-element_type=\"column\">\n\t\t\t<div class=\"elementor-widget-wrap elementor-element-populated\">\n\t\t\t\t\t\t<div class=\"elementor-element elementor-element-a8f1db9 elementor-widget elementor-widget-heading\" data-id=\"a8f1db9\" data-element_type=\"widget\" data-widget_type=\"heading.default\">\n\t\t\t\t<div class=\"elementor-widget-container\">\n\t\t\t\t\t<h2 class=\"elementor-heading-title elementor-size-default\">On a mission of never growing up<\/h2>\t\t\t\t<\/div>\n\t\t\t\t<\/div>\n\t\t\t\t\t<\/div>\n\t\t<\/div>\n\t\t\t\t<div class=\"elementor-column elementor-col-25 elementor-top-column elementor-element elementor-element-c29cbcf\" data-id=\"c29cbcf\" data-element_type=\"column\">\n\t\t\t<div class=\"elementor-widget-wrap elementor-element-populated\">\n\t\t\t\t\t\t<div class=\"elementor-element elementor-element-971ea7f elementor-widget elementor-widget-image\" data-id=\"971ea7f\" data-element_type=\"widget\" data-widget_type=\"image.default\">\n\t\t\t\t<div class=\"elementor-widget-container\">\n\t\t\t\t\t\t\t\t\t\t\t\t\t\t\t<img loading=\"lazy\" decoding=\"async\" width=\"544\" height=\"688\" src=\"https:\/\/oxoxclub.com\/wp-content\/uploads\/oxox-face.png\" class=\"attachment-full size-full wp-image-47054\" alt=\"\" srcset=\"https:\/\/oxoxclub.com\/wp-content\/uploads\/oxox-face.png 544w, https:\/\/oxoxclub.com\/wp-content\/uploads\/oxox-face-64x81.png 64w\" sizes=\"auto, (max-width: 544px) 100vw, 544px\" \/>\t\t\t\t\t\t\t\t\t\t\t\t\t\t\t<\/div>\n\t\t\t\t<\/div>\n\t\t\t\t\t<\/div>\n\t\t<\/div>\n\t\t\t\t<div class=\"elementor-column elementor-col-25 elementor-top-column elementor-element elementor-element-fe093d5\" data-id=\"fe093d5\" data-element_type=\"column\">\n\t\t\t<div class=\"elementor-widget-wrap\">\n\t\t\t\t\t\t\t<\/div>\n\t\t<\/div>\n\t\t\t\t\t<\/div>\n\t\t<\/section>\n\t\t\t\t<\/div>\n\t\t","protected":false},"excerpt":{"rendered":"<p>Apie mus OXOX CLUB kuria drabu\u017eius vaikams,\u00a0kurie netelpa \u012f r\u0117mus \u2014 smalsiems, k\u016brybingiems ir unikaliems. \u012ekv\u0117pti \u0161iuolaikin\u0117s kult\u016bros, OXOX CLUB drabu\u017eiai yra i\u0161rai\u0161kingi ir i\u0161skirtiniai, ta\u010diau lengvai d\u0117vimi. Jie neformuoja vaiko, o leid\u017eia atsiskleisti jo asmenybei. Kuriame ir gaminame Lietuvoje \u2014 b\u016bdami arti proceso galime u\u017etikrinti nuosekli\u0105 kokyb\u0119. Med\u017eiagas renkam\u0117s s\u0105moningai, o pagrind\u0105 sudaro organin\u0117 [&hellip;]<\/p>\n","protected":false},"author":1,"featured_media":0,"parent":0,"menu_order":0,"comment_status":"closed","ping_status":"closed","template":"","meta":{"footnotes":""},"class_list":["post-64227","page","type-page","status-publish","hentry"],"acf":[],"yoast_head":"<!-- This site is optimized with the Yoast SEO Premium plugin v20.11 (Yoast SEO v24.3) - https:\/\/yoast.com\/wordpress\/plugins\/seo\/ -->\n<title>M\u016bs\u0173 istorija - OXOX<\/title>\n<meta name=\"robots\" content=\"index, follow, max-snippet:-1, max-image-preview:large, max-video-preview:-1\" \/>\n<link rel=\"canonical\" href=\"https:\/\/oxoxclub.com\/lt\/musu-istorija\/\" \/>\n<meta property=\"og:locale\" content=\"lt_LT\" \/>\n<meta property=\"og:type\" content=\"article\" \/>\n<meta property=\"og:title\" content=\"M\u016bs\u0173 istorija\" \/>\n<meta property=\"og:description\" content=\"Apie mus OXOX CLUB kuria drabu\u017eius vaikams,\u00a0kurie netelpa \u012f r\u0117mus \u2014 smalsiems, k\u016brybingiems ir unikaliems. \u012ekv\u0117pti \u0161iuolaikin\u0117s kult\u016bros, OXOX CLUB drabu\u017eiai yra i\u0161rai\u0161kingi ir i\u0161skirtiniai, ta\u010diau lengvai d\u0117vimi. Jie neformuoja vaiko, o leid\u017eia atsiskleisti jo asmenybei. Kuriame ir gaminame Lietuvoje \u2014 b\u016bdami arti proceso galime u\u017etikrinti nuosekli\u0105 kokyb\u0119. Med\u017eiagas renkam\u0117s s\u0105moningai, o pagrind\u0105 sudaro organin\u0117 [&hellip;]\" \/>\n<meta property=\"og:url\" content=\"https:\/\/oxoxclub.com\/lt\/musu-istorija\/\" \/>\n<meta property=\"og:site_name\" content=\"OXOX\" \/>\n<meta property=\"article:publisher\" content=\"https:\/\/facebook.com\/oxoxclub\/\" \/>\n<meta property=\"article:modified_time\" content=\"2026-03-25T12:40:08+00:00\" \/>\n<meta property=\"og:image\" content=\"https:\/\/oxoxclub.com\/wp-content\/uploads\/M8A2843-2-scaled-1.webp\" \/>\n\t<meta property=\"og:image:width\" content=\"2560\" \/>\n\t<meta property=\"og:image:height\" content=\"1707\" \/>\n\t<meta property=\"og:image:type\" content=\"image\/webp\" \/>\n<meta name=\"twitter:card\" content=\"summary_large_image\" \/>\n<meta name=\"twitter:label1\" content=\"Est. reading time\" \/>\n\t<meta name=\"twitter:data1\" content=\"1 minut\u0117\" \/>\n<script type=\"application\/ld+json\" class=\"yoast-schema-graph\">{\"@context\":\"https:\/\/schema.org\",\"@graph\":[{\"@type\":\"WebPage\",\"@id\":\"https:\/\/oxoxclub.com\/lt\/musu-istorija\/\",\"url\":\"https:\/\/oxoxclub.com\/lt\/musu-istorija\/\",\"name\":\"M\u016bs\u0173 istorija - OXOX\",\"isPartOf\":{\"@id\":\"https:\/\/oxoxclub.com\/lt\/#website\"},\"primaryImageOfPage\":{\"@id\":\"https:\/\/oxoxclub.com\/lt\/musu-istorija\/#primaryimage\"},\"image\":{\"@id\":\"https:\/\/oxoxclub.com\/lt\/musu-istorija\/#primaryimage\"},\"thumbnailUrl\":\"https:\/\/oxoxclub.com\/wp-content\/uploads\/M8A2843-2-scaled-1.webp\",\"datePublished\":\"2024-02-07T14:40:41+00:00\",\"dateModified\":\"2026-03-25T12:40:08+00:00\",\"breadcrumb\":{\"@id\":\"https:\/\/oxoxclub.com\/lt\/musu-istorija\/#breadcrumb\"},\"inLanguage\":\"lt-LT\",\"potentialAction\":[{\"@type\":\"ReadAction\",\"target\":[\"https:\/\/oxoxclub.com\/lt\/musu-istorija\/\"]}]},{\"@type\":\"ImageObject\",\"inLanguage\":\"lt-LT\",\"@id\":\"https:\/\/oxoxclub.com\/lt\/musu-istorija\/#primaryimage\",\"url\":\"https:\/\/oxoxclub.com\/wp-content\/uploads\/M8A2843-2-scaled-1.webp\",\"contentUrl\":\"https:\/\/oxoxclub.com\/wp-content\/uploads\/M8A2843-2-scaled-1.webp\"},{\"@type\":\"BreadcrumbList\",\"@id\":\"https:\/\/oxoxclub.com\/lt\/musu-istorija\/#breadcrumb\",\"itemListElement\":[{\"@type\":\"ListItem\",\"position\":1,\"name\":\"Home\",\"item\":\"https:\/\/oxoxclub.com\/lt\/\"},{\"@type\":\"ListItem\",\"position\":2,\"name\":\"M\u016bs\u0173 istorija\"}]},{\"@type\":\"WebSite\",\"@id\":\"https:\/\/oxoxclub.com\/lt\/#website\",\"url\":\"https:\/\/oxoxclub.com\/lt\/\",\"name\":\"OXOX CLUB\",\"description\":\"On a mission of never growing up\",\"publisher\":{\"@id\":\"https:\/\/oxoxclub.com\/lt\/#organization\"},\"potentialAction\":[{\"@type\":\"SearchAction\",\"target\":{\"@type\":\"EntryPoint\",\"urlTemplate\":\"https:\/\/oxoxclub.com\/lt\/?s={search_term_string}\"},\"query-input\":{\"@type\":\"PropertyValueSpecification\",\"valueRequired\":true,\"valueName\":\"search_term_string\"}}],\"inLanguage\":\"lt-LT\"},{\"@type\":\"Organization\",\"@id\":\"https:\/\/oxoxclub.com\/lt\/#organization\",\"name\":\"OXOX CLUB\",\"url\":\"https:\/\/oxoxclub.com\/lt\/\",\"logo\":{\"@type\":\"ImageObject\",\"inLanguage\":\"lt-LT\",\"@id\":\"https:\/\/oxoxclub.com\/lt\/#\/schema\/logo\/image\/\",\"url\":\"https:\/\/oxoxclub.com\/wp-content\/uploads\/oxox-logo-in-blue-4.png\",\"contentUrl\":\"https:\/\/oxoxclub.com\/wp-content\/uploads\/oxox-logo-in-blue-4.png\",\"width\":414,\"height\":300,\"caption\":\"OXOX CLUB\"},\"image\":{\"@id\":\"https:\/\/oxoxclub.com\/lt\/#\/schema\/logo\/image\/\"},\"sameAs\":[\"https:\/\/facebook.com\/oxoxclub\/\",\"https:\/\/www.instagram.com\/oxoxclub\/\"]}]}<\/script>\n<!-- \/ Yoast SEO Premium plugin. -->","yoast_head_json":{"title":"M\u016bs\u0173 istorija - OXOX","robots":{"index":"index","follow":"follow","max-snippet":"max-snippet:-1","max-image-preview":"max-image-preview:large","max-video-preview":"max-video-preview:-1"},"canonical":"https:\/\/oxoxclub.com\/lt\/musu-istorija\/","og_locale":"lt_LT","og_type":"article","og_title":"M\u016bs\u0173 istorija","og_description":"Apie mus OXOX CLUB kuria drabu\u017eius vaikams,\u00a0kurie netelpa \u012f r\u0117mus \u2014 smalsiems, k\u016brybingiems ir unikaliems. \u012ekv\u0117pti \u0161iuolaikin\u0117s kult\u016bros, OXOX CLUB drabu\u017eiai yra i\u0161rai\u0161kingi ir i\u0161skirtiniai, ta\u010diau lengvai d\u0117vimi. Jie neformuoja vaiko, o leid\u017eia atsiskleisti jo asmenybei. Kuriame ir gaminame Lietuvoje \u2014 b\u016bdami arti proceso galime u\u017etikrinti nuosekli\u0105 kokyb\u0119. Med\u017eiagas renkam\u0117s s\u0105moningai, o pagrind\u0105 sudaro organin\u0117 [&hellip;]","og_url":"https:\/\/oxoxclub.com\/lt\/musu-istorija\/","og_site_name":"OXOX","article_publisher":"https:\/\/facebook.com\/oxoxclub\/","article_modified_time":"2026-03-25T12:40:08+00:00","og_image":[{"width":2560,"height":1707,"url":"https:\/\/oxoxclub.com\/wp-content\/uploads\/M8A2843-2-scaled-1.webp","type":"image\/webp"}],"twitter_card":"summary_large_image","twitter_misc":{"Est. reading time":"1 minut\u0117"},"schema":{"@context":"https:\/\/schema.org","@graph":[{"@type":"WebPage","@id":"https:\/\/oxoxclub.com\/lt\/musu-istorija\/","url":"https:\/\/oxoxclub.com\/lt\/musu-istorija\/","name":"M\u016bs\u0173 istorija - OXOX","isPartOf":{"@id":"https:\/\/oxoxclub.com\/lt\/#website"},"primaryImageOfPage":{"@id":"https:\/\/oxoxclub.com\/lt\/musu-istorija\/#primaryimage"},"image":{"@id":"https:\/\/oxoxclub.com\/lt\/musu-istorija\/#primaryimage"},"thumbnailUrl":"https:\/\/oxoxclub.com\/wp-content\/uploads\/M8A2843-2-scaled-1.webp","datePublished":"2024-02-07T14:40:41+00:00","dateModified":"2026-03-25T12:40:08+00:00","breadcrumb":{"@id":"https:\/\/oxoxclub.com\/lt\/musu-istorija\/#breadcrumb"},"inLanguage":"lt-LT","potentialAction":[{"@type":"ReadAction","target":["https:\/\/oxoxclub.com\/lt\/musu-istorija\/"]}]},{"@type":"ImageObject","inLanguage":"lt-LT","@id":"https:\/\/oxoxclub.com\/lt\/musu-istorija\/#primaryimage","url":"https:\/\/oxoxclub.com\/wp-content\/uploads\/M8A2843-2-scaled-1.webp","contentUrl":"https:\/\/oxoxclub.com\/wp-content\/uploads\/M8A2843-2-scaled-1.webp"},{"@type":"BreadcrumbList","@id":"https:\/\/oxoxclub.com\/lt\/musu-istorija\/#breadcrumb","itemListElement":[{"@type":"ListItem","position":1,"name":"Home","item":"https:\/\/oxoxclub.com\/lt\/"},{"@type":"ListItem","position":2,"name":"M\u016bs\u0173 istorija"}]},{"@type":"WebSite","@id":"https:\/\/oxoxclub.com\/lt\/#website","url":"https:\/\/oxoxclub.com\/lt\/","name":"OXOX CLUB","description":"On a mission of never growing up","publisher":{"@id":"https:\/\/oxoxclub.com\/lt\/#organization"},"potentialAction":[{"@type":"SearchAction","target":{"@type":"EntryPoint","urlTemplate":"https:\/\/oxoxclub.com\/lt\/?s={search_term_string}"},"query-input":{"@type":"PropertyValueSpecification","valueRequired":true,"valueName":"search_term_string"}}],"inLanguage":"lt-LT"},{"@type":"Organization","@id":"https:\/\/oxoxclub.com\/lt\/#organization","name":"OXOX CLUB","url":"https:\/\/oxoxclub.com\/lt\/","logo":{"@type":"ImageObject","inLanguage":"lt-LT","@id":"https:\/\/oxoxclub.com\/lt\/#\/schema\/logo\/image\/","url":"https:\/\/oxoxclub.com\/wp-content\/uploads\/oxox-logo-in-blue-4.png","contentUrl":"https:\/\/oxoxclub.com\/wp-content\/uploads\/oxox-logo-in-blue-4.png","width":414,"height":300,"caption":"OXOX CLUB"},"image":{"@id":"https:\/\/oxoxclub.com\/lt\/#\/schema\/logo\/image\/"},"sameAs":["https:\/\/facebook.com\/oxoxclub\/","https:\/\/www.instagram.com\/oxoxclub\/"]}]}},"_links":{"self":[{"href":"https:\/\/oxoxclub.com\/lt\/wp-json\/wp\/v2\/pages\/64227","targetHints":{"allow":["GET"]}}],"collection":[{"href":"https:\/\/oxoxclub.com\/lt\/wp-json\/wp\/v2\/pages"}],"about":[{"href":"https:\/\/oxoxclub.com\/lt\/wp-json\/wp\/v2\/types\/page"}],"author":[{"embeddable":true,"href":"https:\/\/oxoxclub.com\/lt\/wp-json\/wp\/v2\/users\/1"}],"replies":[{"embeddable":true,"href":"https:\/\/oxoxclub.com\/lt\/wp-json\/wp\/v2\/comments?post=64227"}],"version-history":[{"count":4,"href":"https:\/\/oxoxclub.com\/lt\/wp-json\/wp\/v2\/pages\/64227\/revisions"}],"predecessor-version":[{"id":132559,"href":"https:\/\/oxoxclub.com\/lt\/wp-json\/wp\/v2\/pages\/64227\/revisions\/132559"}],"wp:attachment":[{"href":"https:\/\/oxoxclub.com\/lt\/wp-json\/wp\/v2\/media?parent=64227"}],"curies":[{"name":"wp","href":"https:\/\/api.w.org\/{rel}","templated":true}]}}