{"id":64229,"date":"2024-10-09T17:04:15","date_gmt":"2024-10-09T15:04:15","guid":{"rendered":"https:\/\/oxoxclub-com-486310.hostingersite.com\/partnerystes\/"},"modified":"2025-10-21T14:08:43","modified_gmt":"2025-10-21T12:08:43","slug":"partnerystes","status":"publish","type":"page","link":"https:\/\/oxoxclub.com\/lt\/partnerystes\/","title":{"rendered":"partnerystes"},"content":{"rendered":"\t\t<div data-elementor-type=\"wp-page\" data-elementor-id=\"64229\" class=\"elementor elementor-64229 elementor-50795\" data-elementor-post-type=\"page\">\n\t\t\t\t<div class=\"elementor-element elementor-element-7269141 e-flex e-con-boxed e-con e-parent\" data-id=\"7269141\" data-element_type=\"container\">\n\t\t\t\t\t<div class=\"e-con-inner\">\n\t\t\t\t<div class=\"elementor-element elementor-element-f871215 affilliate-program-title elementor-widget elementor-widget-heading\" data-id=\"f871215\" data-element_type=\"widget\" data-widget_type=\"heading.default\">\n\t\t\t\t<div class=\"elementor-widget-container\">\n\t\t\t\t\t<h2 class=\"elementor-heading-title elementor-size-default\">PARTNERYST\u0116S<\/h2>\t\t\t\t<\/div>\n\t\t\t\t<\/div>\n\t\t\t\t<div class=\"elementor-element elementor-element-7f166de elementor-widget__width-initial elementor-widget elementor-widget-text-editor\" data-id=\"7f166de\" data-element_type=\"widget\" data-widget_type=\"text-editor.default\">\n\t\t\t\t<div class=\"elementor-widget-container\">\n\t\t\t\t\t\t\t\t\t<p>Mums b\u016bt\u0173 be galo smagu jei pad\u0117tum\u0117te skleisti \u017eini\u0105 apie OXOX CLUB! Prisijung\u0119 prie m\u016bs\u0173 partneryst\u0117s programos, gausite komisinius nuo kiekvieno pardavimo, atlikto per j\u016bs\u0173 rekomendacijos nuorodas.<\/p>\n\t\t\t\t\t\t\t\t<\/div>\n\t\t\t\t<\/div>\n\t\t\t\t<div class=\"elementor-element elementor-element-31484f9 elementor-widget__width-initial elementor-widget elementor-widget-text-editor\" data-id=\"31484f9\" data-element_type=\"widget\" data-widget_type=\"text-editor.default\">\n\t\t\t\t<div class=\"elementor-widget-container\">\n\t\t\t\t\t\t\t\t\t<p>Pateikite parai\u0161k\u0105 <strong><a title=\"Milk Teeth Affiliate Program Sign Up\" href=\"https:\/\/www.shareasale.com\/shareasale.cfm?merchantID=154098\" target=\"_blank\" rel=\"noopener\"><span style=\"text-decoration: underline;\">\u010dia<\/span><\/a><\/strong> ir prisijunkite prie komandos.<\/p>\n\t\t\t\t\t\t\t\t<\/div>\n\t\t\t\t<\/div>\n\t\t\t\t<div class=\"elementor-element elementor-element-3ad006e elementor-widget elementor-widget-image\" data-id=\"3ad006e\" data-element_type=\"widget\" data-widget_type=\"image.default\">\n\t\t\t\t<div class=\"elementor-widget-container\">\n\t\t\t\t\t\t\t\t\t\t\t\t\t\t\t<img loading=\"lazy\" decoding=\"async\" width=\"300\" height=\"247\" src=\"https:\/\/oxoxclub.com\/wp-content\/uploads\/web-104-800x658.jpg\" class=\"attachment-medium size-medium wp-image-50195\" alt=\"\" srcset=\"https:\/\/oxoxclub.com\/wp-content\/uploads\/web-104-800x658.jpg 800w, https:\/\/oxoxclub.com\/wp-content\/uploads\/web-104-scaled-600x494.jpg 600w, https:\/\/oxoxclub.com\/wp-content\/uploads\/web-104-scaled-1000x823.jpg 1000w, https:\/\/oxoxclub.com\/wp-content\/uploads\/web-104-scaled-64x53.jpg 64w, https:\/\/oxoxclub.com\/wp-content\/uploads\/web-104-1024x843.jpg 1024w, https:\/\/oxoxclub.com\/wp-content\/uploads\/web-104-768x632.jpg 768w, https:\/\/oxoxclub.com\/wp-content\/uploads\/web-104-1536x1264.jpg 1536w, https:\/\/oxoxclub.com\/wp-content\/uploads\/web-104-2048x1686.jpg 2048w\" sizes=\"auto, (max-width: 300px) 100vw, 300px\" \/>\t\t\t\t\t\t\t\t\t\t\t\t\t\t\t<\/div>\n\t\t\t\t<\/div>\n\t\t\t\t\t<\/div>\n\t\t\t\t<\/div>\n\t\t\t\t<\/div>\n\t\t","protected":false},"excerpt":{"rendered":"<p>PARTNERYST\u0116S Mums b\u016bt\u0173 be galo smagu jei pad\u0117tum\u0117te skleisti \u017eini\u0105 apie OXOX CLUB! Prisijung\u0119 prie m\u016bs\u0173 partneryst\u0117s programos, gausite komisinius nuo kiekvieno pardavimo, atlikto per j\u016bs\u0173 rekomendacijos nuorodas. Pateikite parai\u0161k\u0105 \u010dia ir prisijunkite prie komandos.<\/p>\n","protected":false},"author":498,"featured_media":0,"parent":0,"menu_order":0,"comment_status":"closed","ping_status":"closed","template":"","meta":{"footnotes":""},"class_list":["post-64229","page","type-page","status-publish","hentry"],"acf":[],"yoast_head":"<!-- This site is optimized with the Yoast SEO Premium plugin v20.11 (Yoast SEO v24.3) - https:\/\/yoast.com\/wordpress\/plugins\/seo\/ -->\n<title>partnerystes - OXOX<\/title>\n<meta name=\"robots\" content=\"index, follow, max-snippet:-1, max-image-preview:large, max-video-preview:-1\" \/>\n<link rel=\"canonical\" href=\"https:\/\/oxoxclub.com\/lt\/partnerystes\/\" \/>\n<meta property=\"og:locale\" content=\"lt_LT\" \/>\n<meta property=\"og:type\" content=\"article\" \/>\n<meta property=\"og:title\" content=\"partnerystes\" \/>\n<meta property=\"og:description\" content=\"PARTNERYST\u0116S Mums b\u016bt\u0173 be galo smagu jei pad\u0117tum\u0117te skleisti \u017eini\u0105 apie OXOX CLUB! Prisijung\u0119 prie m\u016bs\u0173 partneryst\u0117s programos, gausite komisinius nuo kiekvieno pardavimo, atlikto per j\u016bs\u0173 rekomendacijos nuorodas. Pateikite parai\u0161k\u0105 \u010dia ir prisijunkite prie komandos.\" \/>\n<meta property=\"og:url\" content=\"https:\/\/oxoxclub.com\/lt\/partnerystes\/\" \/>\n<meta property=\"og:site_name\" content=\"OXOX\" \/>\n<meta property=\"article:publisher\" content=\"https:\/\/facebook.com\/oxoxclub\/\" \/>\n<meta property=\"article:modified_time\" content=\"2025-10-21T12:08:43+00:00\" \/>\n<meta property=\"og:image\" content=\"https:\/\/oxoxclub.com\/wp-content\/uploads\/web-104-scaled.jpg\" \/>\n\t<meta property=\"og:image:width\" content=\"2560\" \/>\n\t<meta property=\"og:image:height\" content=\"2107\" \/>\n\t<meta property=\"og:image:type\" content=\"image\/jpeg\" \/>\n<meta name=\"twitter:card\" content=\"summary_large_image\" \/>\n<script type=\"application\/ld+json\" class=\"yoast-schema-graph\">{\"@context\":\"https:\/\/schema.org\",\"@graph\":[{\"@type\":\"WebPage\",\"@id\":\"https:\/\/oxoxclub.com\/lt\/partnerystes\/\",\"url\":\"https:\/\/oxoxclub.com\/lt\/partnerystes\/\",\"name\":\"partnerystes - OXOX\",\"isPartOf\":{\"@id\":\"https:\/\/oxoxclub.com\/lt\/#website\"},\"primaryImageOfPage\":{\"@id\":\"https:\/\/oxoxclub.com\/lt\/partnerystes\/#primaryimage\"},\"image\":{\"@id\":\"https:\/\/oxoxclub.com\/lt\/partnerystes\/#primaryimage\"},\"thumbnailUrl\":\"https:\/\/oxoxclub.com\/wp-content\/uploads\/web-104-800x658.jpg\",\"datePublished\":\"2024-10-09T15:04:15+00:00\",\"dateModified\":\"2025-10-21T12:08:43+00:00\",\"breadcrumb\":{\"@id\":\"https:\/\/oxoxclub.com\/lt\/partnerystes\/#breadcrumb\"},\"inLanguage\":\"lt-LT\",\"potentialAction\":[{\"@type\":\"ReadAction\",\"target\":[\"https:\/\/oxoxclub.com\/lt\/partnerystes\/\"]}]},{\"@type\":\"ImageObject\",\"inLanguage\":\"lt-LT\",\"@id\":\"https:\/\/oxoxclub.com\/lt\/partnerystes\/#primaryimage\",\"url\":\"https:\/\/oxoxclub.com\/wp-content\/uploads\/web-104-800x658.jpg\",\"contentUrl\":\"https:\/\/oxoxclub.com\/wp-content\/uploads\/web-104-800x658.jpg\"},{\"@type\":\"BreadcrumbList\",\"@id\":\"https:\/\/oxoxclub.com\/lt\/partnerystes\/#breadcrumb\",\"itemListElement\":[{\"@type\":\"ListItem\",\"position\":1,\"name\":\"Home\",\"item\":\"https:\/\/oxoxclub.com\/lt\/\"},{\"@type\":\"ListItem\",\"position\":2,\"name\":\"partnerystes\"}]},{\"@type\":\"WebSite\",\"@id\":\"https:\/\/oxoxclub.com\/lt\/#website\",\"url\":\"https:\/\/oxoxclub.com\/lt\/\",\"name\":\"OXOX CLUB\",\"description\":\"On a mission of never growing up\",\"publisher\":{\"@id\":\"https:\/\/oxoxclub.com\/lt\/#organization\"},\"potentialAction\":[{\"@type\":\"SearchAction\",\"target\":{\"@type\":\"EntryPoint\",\"urlTemplate\":\"https:\/\/oxoxclub.com\/lt\/?s={search_term_string}\"},\"query-input\":{\"@type\":\"PropertyValueSpecification\",\"valueRequired\":true,\"valueName\":\"search_term_string\"}}],\"inLanguage\":\"lt-LT\"},{\"@type\":\"Organization\",\"@id\":\"https:\/\/oxoxclub.com\/lt\/#organization\",\"name\":\"OXOX CLUB\",\"url\":\"https:\/\/oxoxclub.com\/lt\/\",\"logo\":{\"@type\":\"ImageObject\",\"inLanguage\":\"lt-LT\",\"@id\":\"https:\/\/oxoxclub.com\/lt\/#\/schema\/logo\/image\/\",\"url\":\"https:\/\/oxoxclub.com\/wp-content\/uploads\/oxox-logo-in-blue-4.png\",\"contentUrl\":\"https:\/\/oxoxclub.com\/wp-content\/uploads\/oxox-logo-in-blue-4.png\",\"width\":414,\"height\":300,\"caption\":\"OXOX CLUB\"},\"image\":{\"@id\":\"https:\/\/oxoxclub.com\/lt\/#\/schema\/logo\/image\/\"},\"sameAs\":[\"https:\/\/facebook.com\/oxoxclub\/\",\"https:\/\/www.instagram.com\/oxoxclub\/\"]}]}<\/script>\n<!-- \/ Yoast SEO Premium plugin. -->","yoast_head_json":{"title":"partnerystes - OXOX","robots":{"index":"index","follow":"follow","max-snippet":"max-snippet:-1","max-image-preview":"max-image-preview:large","max-video-preview":"max-video-preview:-1"},"canonical":"https:\/\/oxoxclub.com\/lt\/partnerystes\/","og_locale":"lt_LT","og_type":"article","og_title":"partnerystes","og_description":"PARTNERYST\u0116S Mums b\u016bt\u0173 be galo smagu jei pad\u0117tum\u0117te skleisti \u017eini\u0105 apie OXOX CLUB! Prisijung\u0119 prie m\u016bs\u0173 partneryst\u0117s programos, gausite komisinius nuo kiekvieno pardavimo, atlikto per j\u016bs\u0173 rekomendacijos nuorodas. Pateikite parai\u0161k\u0105 \u010dia ir prisijunkite prie komandos.","og_url":"https:\/\/oxoxclub.com\/lt\/partnerystes\/","og_site_name":"OXOX","article_publisher":"https:\/\/facebook.com\/oxoxclub\/","article_modified_time":"2025-10-21T12:08:43+00:00","og_image":[{"width":2560,"height":2107,"url":"https:\/\/oxoxclub.com\/wp-content\/uploads\/web-104-scaled.jpg","type":"image\/jpeg"}],"twitter_card":"summary_large_image","schema":{"@context":"https:\/\/schema.org","@graph":[{"@type":"WebPage","@id":"https:\/\/oxoxclub.com\/lt\/partnerystes\/","url":"https:\/\/oxoxclub.com\/lt\/partnerystes\/","name":"partnerystes - OXOX","isPartOf":{"@id":"https:\/\/oxoxclub.com\/lt\/#website"},"primaryImageOfPage":{"@id":"https:\/\/oxoxclub.com\/lt\/partnerystes\/#primaryimage"},"image":{"@id":"https:\/\/oxoxclub.com\/lt\/partnerystes\/#primaryimage"},"thumbnailUrl":"https:\/\/oxoxclub.com\/wp-content\/uploads\/web-104-800x658.jpg","datePublished":"2024-10-09T15:04:15+00:00","dateModified":"2025-10-21T12:08:43+00:00","breadcrumb":{"@id":"https:\/\/oxoxclub.com\/lt\/partnerystes\/#breadcrumb"},"inLanguage":"lt-LT","potentialAction":[{"@type":"ReadAction","target":["https:\/\/oxoxclub.com\/lt\/partnerystes\/"]}]},{"@type":"ImageObject","inLanguage":"lt-LT","@id":"https:\/\/oxoxclub.com\/lt\/partnerystes\/#primaryimage","url":"https:\/\/oxoxclub.com\/wp-content\/uploads\/web-104-800x658.jpg","contentUrl":"https:\/\/oxoxclub.com\/wp-content\/uploads\/web-104-800x658.jpg"},{"@type":"BreadcrumbList","@id":"https:\/\/oxoxclub.com\/lt\/partnerystes\/#breadcrumb","itemListElement":[{"@type":"ListItem","position":1,"name":"Home","item":"https:\/\/oxoxclub.com\/lt\/"},{"@type":"ListItem","position":2,"name":"partnerystes"}]},{"@type":"WebSite","@id":"https:\/\/oxoxclub.com\/lt\/#website","url":"https:\/\/oxoxclub.com\/lt\/","name":"OXOX CLUB","description":"On a mission of never growing up","publisher":{"@id":"https:\/\/oxoxclub.com\/lt\/#organization"},"potentialAction":[{"@type":"SearchAction","target":{"@type":"EntryPoint","urlTemplate":"https:\/\/oxoxclub.com\/lt\/?s={search_term_string}"},"query-input":{"@type":"PropertyValueSpecification","valueRequired":true,"valueName":"search_term_string"}}],"inLanguage":"lt-LT"},{"@type":"Organization","@id":"https:\/\/oxoxclub.com\/lt\/#organization","name":"OXOX CLUB","url":"https:\/\/oxoxclub.com\/lt\/","logo":{"@type":"ImageObject","inLanguage":"lt-LT","@id":"https:\/\/oxoxclub.com\/lt\/#\/schema\/logo\/image\/","url":"https:\/\/oxoxclub.com\/wp-content\/uploads\/oxox-logo-in-blue-4.png","contentUrl":"https:\/\/oxoxclub.com\/wp-content\/uploads\/oxox-logo-in-blue-4.png","width":414,"height":300,"caption":"OXOX CLUB"},"image":{"@id":"https:\/\/oxoxclub.com\/lt\/#\/schema\/logo\/image\/"},"sameAs":["https:\/\/facebook.com\/oxoxclub\/","https:\/\/www.instagram.com\/oxoxclub\/"]}]}},"_links":{"self":[{"href":"https:\/\/oxoxclub.com\/lt\/wp-json\/wp\/v2\/pages\/64229","targetHints":{"allow":["GET"]}}],"collection":[{"href":"https:\/\/oxoxclub.com\/lt\/wp-json\/wp\/v2\/pages"}],"about":[{"href":"https:\/\/oxoxclub.com\/lt\/wp-json\/wp\/v2\/types\/page"}],"author":[{"embeddable":true,"href":"https:\/\/oxoxclub.com\/lt\/wp-json\/wp\/v2\/users\/498"}],"replies":[{"embeddable":true,"href":"https:\/\/oxoxclub.com\/lt\/wp-json\/wp\/v2\/comments?post=64229"}],"version-history":[{"count":2,"href":"https:\/\/oxoxclub.com\/lt\/wp-json\/wp\/v2\/pages\/64229\/revisions"}],"predecessor-version":[{"id":74727,"href":"https:\/\/oxoxclub.com\/lt\/wp-json\/wp\/v2\/pages\/64229\/revisions\/74727"}],"wp:attachment":[{"href":"https:\/\/oxoxclub.com\/lt\/wp-json\/wp\/v2\/media?parent=64229"}],"curies":[{"name":"wp","href":"https:\/\/api.w.org\/{rel}","templated":true}]}}