{"id":64242,"date":"2024-03-05T17:54:41","date_gmt":"2024-03-05T15:54:41","guid":{"rendered":"https:\/\/oxoxclub-com-486310.hostingersite.com\/tribute-to-nida-ss23\/"},"modified":"2025-03-10T10:32:40","modified_gmt":"2025-03-10T08:32:40","slug":"tribute-to-nida-ss23","status":"publish","type":"page","link":"https:\/\/oxoxclub.com\/lt\/tribute-to-nida-ss23\/","title":{"rendered":"Tribute to Nida"},"content":{"rendered":"\t\t<div data-elementor-type=\"wp-page\" data-elementor-id=\"64242\" class=\"elementor elementor-64242 elementor-47632\" data-elementor-post-type=\"page\">\n\t\t\t\t\t\t<section class=\"elementor-section elementor-top-section elementor-element elementor-element-7eb514d3 elementor-section-height-min-height elementor-section-boxed elementor-section-height-default elementor-section-items-middle\" data-id=\"7eb514d3\" data-element_type=\"section\" data-settings=\"{&quot;background_background&quot;:&quot;classic&quot;}\">\n\t\t\t\t\t\t<div class=\"elementor-container elementor-column-gap-default\">\n\t\t\t\t\t<div class=\"elementor-column elementor-col-100 elementor-top-column elementor-element elementor-element-15518a80\" data-id=\"15518a80\" data-element_type=\"column\">\n\t\t\t<div class=\"elementor-widget-wrap\">\n\t\t\t\t\t\t\t<\/div>\n\t\t<\/div>\n\t\t\t\t\t<\/div>\n\t\t<\/section>\n\t\t\t\t<section class=\"elementor-section elementor-top-section elementor-element elementor-element-32b17234 elementor-section-boxed elementor-section-height-default elementor-section-height-default\" data-id=\"32b17234\" data-element_type=\"section\" data-settings=\"{&quot;background_background&quot;:&quot;classic&quot;}\">\n\t\t\t\t\t\t<div class=\"elementor-container elementor-column-gap-default\">\n\t\t\t\t\t<div class=\"elementor-column elementor-col-100 elementor-top-column elementor-element elementor-element-554da6e4\" data-id=\"554da6e4\" data-element_type=\"column\">\n\t\t\t<div class=\"elementor-widget-wrap elementor-element-populated\">\n\t\t\t\t\t\t<div class=\"elementor-element elementor-element-5b91d8cc elementor-widget elementor-widget-heading\" data-id=\"5b91d8cc\" data-element_type=\"widget\" data-widget_type=\"heading.default\">\n\t\t\t\t<div class=\"elementor-widget-container\">\n\t\t\t\t\t<h2 class=\"elementor-heading-title elementor-size-default\">TRIBUTE TO NIDA<\/h2>\t\t\t\t<\/div>\n\t\t\t\t<\/div>\n\t\t\t\t<div class=\"elementor-element elementor-element-d77ea22 elementor-widget elementor-widget-heading\" data-id=\"d77ea22\" data-element_type=\"widget\" data-widget_type=\"heading.default\">\n\t\t\t\t<div class=\"elementor-widget-container\">\n\t\t\t\t\t<h3 class=\"elementor-heading-title elementor-size-default\">Tai pozityvumu tryk\u0161tanti kolekcija, , \u012fkv\u0117pta vis\u0173 m\u016bs\u0173 mylimo Nidos kaimelio, \u012fsik\u016brusio tarp Baltijos j\u016bros ir Kur\u0161i\u0173 mari\u0173. \u010cia dienos teka l\u0117tai ir ramiai, kupinos saul\u0117s, j\u016bros, sm\u0117l\u0117t\u0173 papl\u016bdimi\u0173 ir tingaus poilsio.<\/h3>\t\t\t\t<\/div>\n\t\t\t\t<\/div>\n\t\t\t\t\t<\/div>\n\t\t<\/div>\n\t\t\t\t\t<\/div>\n\t\t<\/section>\n\t\t\t\t<section class=\"elementor-section elementor-top-section elementor-element elementor-element-7d2d8da9 elementor-section-full_width elementor-section-height-default elementor-section-height-default\" data-id=\"7d2d8da9\" data-element_type=\"section\" data-settings=\"{&quot;background_background&quot;:&quot;classic&quot;}\">\n\t\t\t\t\t\t<div class=\"elementor-container elementor-column-gap-default\">\n\t\t\t\t\t<div class=\"elementor-column elementor-col-50 elementor-top-column elementor-element elementor-element-5a619211\" data-id=\"5a619211\" data-element_type=\"column\">\n\t\t\t<div class=\"elementor-widget-wrap elementor-element-populated\">\n\t\t\t\t\t\t<div class=\"elementor-element elementor-element-589acc8c elementor-widget elementor-widget-image\" data-id=\"589acc8c\" data-element_type=\"widget\" data-widget_type=\"image.default\">\n\t\t\t\t<div class=\"elementor-widget-container\">\n\t\t\t\t\t\t\t\t\t\t\t\t\t\t\t<img loading=\"lazy\" decoding=\"async\" width=\"1707\" height=\"2560\" src=\"https:\/\/oxoxclub.com\/wp-content\/uploads\/Foto-31-4-scaled.webp\" class=\"attachment-full size-full wp-image-41130\" alt=\"\" srcset=\"https:\/\/oxoxclub.com\/wp-content\/uploads\/Foto-31-4-scaled.webp 1707w, https:\/\/oxoxclub.com\/wp-content\/uploads\/Foto-31-4-scaled-600x900.webp 600w, https:\/\/oxoxclub.com\/wp-content\/uploads\/Foto-31-4-scaled-1000x1500.webp 1000w, https:\/\/oxoxclub.com\/wp-content\/uploads\/Foto-31-4-scaled-64x96.webp 64w, https:\/\/oxoxclub.com\/wp-content\/uploads\/Foto-31-4-533x800.webp 533w, https:\/\/oxoxclub.com\/wp-content\/uploads\/Foto-31-4-683x1024.webp 683w, https:\/\/oxoxclub.com\/wp-content\/uploads\/Foto-31-4-768x1152.webp 768w, https:\/\/oxoxclub.com\/wp-content\/uploads\/Foto-31-4-1024x1536.webp 1024w, https:\/\/oxoxclub.com\/wp-content\/uploads\/Foto-31-4-1365x2048.webp 1365w\" sizes=\"auto, (max-width: 1707px) 100vw, 1707px\" \/>\t\t\t\t\t\t\t\t\t\t\t\t\t\t\t<\/div>\n\t\t\t\t<\/div>\n\t\t\t\t\t<\/div>\n\t\t<\/div>\n\t\t\t\t<div class=\"elementor-column elementor-col-50 elementor-top-column elementor-element elementor-element-720ece1e\" data-id=\"720ece1e\" data-element_type=\"column\">\n\t\t\t<div class=\"elementor-widget-wrap elementor-element-populated\">\n\t\t\t\t\t\t<div class=\"elementor-element elementor-element-1b178384 elementor-widget elementor-widget-image\" data-id=\"1b178384\" data-element_type=\"widget\" data-widget_type=\"image.default\">\n\t\t\t\t<div class=\"elementor-widget-container\">\n\t\t\t\t\t\t\t\t\t\t\t\t\t\t\t<img loading=\"lazy\" decoding=\"async\" width=\"1024\" height=\"1536\" src=\"https:\/\/oxoxclub.com\/wp-content\/uploads\/Foto-40-2-1024x1536.jpg\" class=\"attachment-1536x1536 size-1536x1536 wp-image-39126\" alt=\"\" srcset=\"https:\/\/oxoxclub.com\/wp-content\/uploads\/Foto-40-2-1024x1536.jpg 1024w, https:\/\/oxoxclub.com\/wp-content\/uploads\/Foto-40-2-scaled-scaled-600x900.jpg 600w, https:\/\/oxoxclub.com\/wp-content\/uploads\/Foto-40-2-scaled-scaled-1000x1501.jpg 1000w, https:\/\/oxoxclub.com\/wp-content\/uploads\/Foto-40-2-scaled-scaled-64x96.jpg 64w, https:\/\/oxoxclub.com\/wp-content\/uploads\/Foto-40-2-533x800.jpg 533w, https:\/\/oxoxclub.com\/wp-content\/uploads\/Foto-40-2-683x1024.jpg 683w, https:\/\/oxoxclub.com\/wp-content\/uploads\/Foto-40-2-768x1152.jpg 768w, https:\/\/oxoxclub.com\/wp-content\/uploads\/Foto-40-2-1365x2048.jpg 1365w, https:\/\/oxoxclub.com\/wp-content\/uploads\/Foto-40-2-scaled-scaled.jpg 1706w\" sizes=\"auto, (max-width: 1024px) 100vw, 1024px\" \/>\t\t\t\t\t\t\t\t\t\t\t\t\t\t\t<\/div>\n\t\t\t\t<\/div>\n\t\t\t\t\t<\/div>\n\t\t<\/div>\n\t\t\t\t\t<\/div>\n\t\t<\/section>\n\t\t\t\t<section class=\"elementor-section elementor-top-section elementor-element elementor-element-2a95fffb elementor-section-full_width elementor-section-height-default elementor-section-height-default\" data-id=\"2a95fffb\" data-element_type=\"section\" data-settings=\"{&quot;background_background&quot;:&quot;classic&quot;}\">\n\t\t\t\t\t\t<div class=\"elementor-container elementor-column-gap-default\">\n\t\t\t\t\t<div class=\"elementor-column elementor-col-100 elementor-top-column elementor-element elementor-element-1fadb3f6\" data-id=\"1fadb3f6\" data-element_type=\"column\">\n\t\t\t<div class=\"elementor-widget-wrap elementor-element-populated\">\n\t\t\t\t\t\t<div class=\"elementor-element elementor-element-2d3b0134 elementor-widget elementor-widget-image\" data-id=\"2d3b0134\" data-element_type=\"widget\" data-widget_type=\"image.default\">\n\t\t\t\t<div class=\"elementor-widget-container\">\n\t\t\t\t\t\t\t\t\t\t\t\t\t\t\t<img loading=\"lazy\" decoding=\"async\" width=\"2000\" height=\"1103\" src=\"https:\/\/oxoxclub.com\/wp-content\/uploads\/Foto-43-1.png\" class=\"attachment-full size-full wp-image-36897\" alt=\"\" srcset=\"https:\/\/oxoxclub.com\/wp-content\/uploads\/Foto-43-1.png 2000w, https:\/\/oxoxclub.com\/wp-content\/uploads\/Foto-43-1-600x331.png 600w, https:\/\/oxoxclub.com\/wp-content\/uploads\/Foto-43-1-1000x552.png 1000w, https:\/\/oxoxclub.com\/wp-content\/uploads\/Foto-43-1-64x35.png 64w\" sizes=\"auto, (max-width: 2000px) 100vw, 2000px\" \/>\t\t\t\t\t\t\t\t\t\t\t\t\t\t\t<\/div>\n\t\t\t\t<\/div>\n\t\t\t\t\t<\/div>\n\t\t<\/div>\n\t\t\t\t\t<\/div>\n\t\t<\/section>\n\t\t\t\t<section class=\"elementor-section elementor-top-section elementor-element elementor-element-4d02f231 elementor-section-full_width elementor-section-height-default elementor-section-height-default\" data-id=\"4d02f231\" data-element_type=\"section\" data-settings=\"{&quot;background_background&quot;:&quot;classic&quot;}\">\n\t\t\t\t\t\t<div class=\"elementor-container elementor-column-gap-narrow\">\n\t\t\t\t\t<div class=\"elementor-column elementor-col-50 elementor-top-column elementor-element elementor-element-20f3618c\" data-id=\"20f3618c\" data-element_type=\"column\">\n\t\t\t<div class=\"elementor-widget-wrap elementor-element-populated\">\n\t\t\t\t\t\t<div class=\"elementor-element elementor-element-26f18f1b elementor-widget elementor-widget-image\" data-id=\"26f18f1b\" data-element_type=\"widget\" data-widget_type=\"image.default\">\n\t\t\t\t<div class=\"elementor-widget-container\">\n\t\t\t\t\t\t\t\t\t\t\t\t\t\t\t<img loading=\"lazy\" decoding=\"async\" width=\"1706\" height=\"2560\" src=\"https:\/\/oxoxclub.com\/wp-content\/uploads\/Foto-16-3-scaled-1-scaled.webp\" class=\"attachment-full size-full wp-image-39560\" alt=\"\" srcset=\"https:\/\/oxoxclub.com\/wp-content\/uploads\/Foto-16-3-scaled-1-scaled.webp 1706w, https:\/\/oxoxclub.com\/wp-content\/uploads\/Foto-16-3-scaled-1-scaled-600x900.webp 600w, https:\/\/oxoxclub.com\/wp-content\/uploads\/Foto-16-3-scaled-1-scaled-1000x1501.webp 1000w, https:\/\/oxoxclub.com\/wp-content\/uploads\/Foto-16-3-scaled-1-scaled-64x96.webp 64w, https:\/\/oxoxclub.com\/wp-content\/uploads\/Foto-16-3-scaled-1-533x800.webp 533w, https:\/\/oxoxclub.com\/wp-content\/uploads\/Foto-16-3-scaled-1-683x1024.webp 683w, https:\/\/oxoxclub.com\/wp-content\/uploads\/Foto-16-3-scaled-1-768x1152.webp 768w, https:\/\/oxoxclub.com\/wp-content\/uploads\/Foto-16-3-scaled-1-1024x1536.webp 1024w, https:\/\/oxoxclub.com\/wp-content\/uploads\/Foto-16-3-scaled-1-1365x2048.webp 1365w\" sizes=\"auto, (max-width: 1706px) 100vw, 1706px\" \/>\t\t\t\t\t\t\t\t\t\t\t\t\t\t\t<\/div>\n\t\t\t\t<\/div>\n\t\t\t\t\t<\/div>\n\t\t<\/div>\n\t\t\t\t<div class=\"elementor-column elementor-col-50 elementor-top-column elementor-element elementor-element-6f5801bc\" data-id=\"6f5801bc\" data-element_type=\"column\">\n\t\t\t<div class=\"elementor-widget-wrap elementor-element-populated\">\n\t\t\t\t\t\t<div class=\"elementor-element elementor-element-655f8aa1 elementor-widget elementor-widget-image\" data-id=\"655f8aa1\" data-element_type=\"widget\" data-widget_type=\"image.default\">\n\t\t\t\t<div class=\"elementor-widget-container\">\n\t\t\t\t\t\t\t\t\t\t\t\t\t\t\t<img loading=\"lazy\" decoding=\"async\" width=\"1707\" height=\"2560\" src=\"https:\/\/oxoxclub.com\/wp-content\/uploads\/Foto-1-9-scaled.jpg\" class=\"attachment-full size-full wp-image-47635\" alt=\"\" srcset=\"https:\/\/oxoxclub.com\/wp-content\/uploads\/Foto-1-9-scaled.jpg 1707w, https:\/\/oxoxclub.com\/wp-content\/uploads\/Foto-1-9-scaled-600x900.jpg 600w, https:\/\/oxoxclub.com\/wp-content\/uploads\/Foto-1-9-scaled-1000x1500.jpg 1000w, https:\/\/oxoxclub.com\/wp-content\/uploads\/Foto-1-9-scaled-64x96.jpg 64w, https:\/\/oxoxclub.com\/wp-content\/uploads\/Foto-1-9-533x800.jpg 533w, https:\/\/oxoxclub.com\/wp-content\/uploads\/Foto-1-9-683x1024.jpg 683w, https:\/\/oxoxclub.com\/wp-content\/uploads\/Foto-1-9-768x1152.jpg 768w, https:\/\/oxoxclub.com\/wp-content\/uploads\/Foto-1-9-1024x1536.jpg 1024w, https:\/\/oxoxclub.com\/wp-content\/uploads\/Foto-1-9-1365x2048.jpg 1365w\" sizes=\"auto, (max-width: 1707px) 100vw, 1707px\" \/>\t\t\t\t\t\t\t\t\t\t\t\t\t\t\t<\/div>\n\t\t\t\t<\/div>\n\t\t\t\t\t<\/div>\n\t\t<\/div>\n\t\t\t\t\t<\/div>\n\t\t<\/section>\n\t\t\t\t<section class=\"elementor-section elementor-top-section elementor-element elementor-element-6456481e elementor-section-full_width elementor-section-height-default elementor-section-height-default\" data-id=\"6456481e\" data-element_type=\"section\" data-settings=\"{&quot;background_background&quot;:&quot;classic&quot;}\">\n\t\t\t\t\t\t<div class=\"elementor-container elementor-column-gap-narrow\">\n\t\t\t\t\t<div class=\"elementor-column elementor-col-50 elementor-top-column elementor-element elementor-element-75b57750\" data-id=\"75b57750\" data-element_type=\"column\">\n\t\t\t<div class=\"elementor-widget-wrap\">\n\t\t\t\t\t\t\t<\/div>\n\t\t<\/div>\n\t\t\t\t<div class=\"elementor-column elementor-col-50 elementor-top-column elementor-element elementor-element-2215ce19\" data-id=\"2215ce19\" data-element_type=\"column\">\n\t\t\t<div class=\"elementor-widget-wrap\">\n\t\t\t\t\t\t\t<\/div>\n\t\t<\/div>\n\t\t\t\t\t<\/div>\n\t\t<\/section>\n\t\t\t\t<section class=\"elementor-section elementor-top-section elementor-element elementor-element-c5f1d2f elementor-section-boxed elementor-section-height-default elementor-section-height-default\" data-id=\"c5f1d2f\" data-element_type=\"section\" data-settings=\"{&quot;background_background&quot;:&quot;classic&quot;}\">\n\t\t\t\t\t\t<div class=\"elementor-container elementor-column-gap-default\">\n\t\t\t\t\t<div class=\"elementor-column elementor-col-100 elementor-top-column elementor-element elementor-element-18674271\" data-id=\"18674271\" data-element_type=\"column\">\n\t\t\t<div class=\"elementor-widget-wrap elementor-element-populated\">\n\t\t\t\t\t\t<div class=\"elementor-element elementor-element-c20ab9c elementor-align-center elementor-mobile-align-center subscribe elementor-widget elementor-widget-button\" data-id=\"c20ab9c\" data-element_type=\"widget\" data-widget_type=\"button.default\">\n\t\t\t\t<div class=\"elementor-widget-container\">\n\t\t\t\t\t\t\t\t\t<div class=\"elementor-button-wrapper\">\n\t\t\t\t\t<a class=\"elementor-button elementor-button-link elementor-size-sm\" href=\"https:\/\/oxoxclub.com\/lt\/categories\/a-tribute-to-nida\/\">\n\t\t\t\t\t\t<span class=\"elementor-button-content-wrapper\">\n\t\t\t\t\t\t\t\t\t<span class=\"elementor-button-text\">ATRASKITE KOLEKCIJ\u0104<\/span>\n\t\t\t\t\t<\/span>\n\t\t\t\t\t<\/a>\n\t\t\t\t<\/div>\n\t\t\t\t\t\t\t\t<\/div>\n\t\t\t\t<\/div>\n\t\t\t\t\t<\/div>\n\t\t<\/div>\n\t\t\t\t\t<\/div>\n\t\t<\/section>\n\t\t\t\t<section class=\"elementor-section elementor-top-section elementor-element elementor-element-465f69a2 elementor-section-boxed elementor-section-height-default elementor-section-height-default\" data-id=\"465f69a2\" data-element_type=\"section\" data-settings=\"{&quot;background_background&quot;:&quot;classic&quot;}\">\n\t\t\t\t\t\t<div class=\"elementor-container elementor-column-gap-default\">\n\t\t\t\t\t<div class=\"elementor-column elementor-col-25 elementor-top-column elementor-element elementor-element-457be0cd\" data-id=\"457be0cd\" data-element_type=\"column\">\n\t\t\t<div class=\"elementor-widget-wrap\">\n\t\t\t\t\t\t\t<\/div>\n\t\t<\/div>\n\t\t\t\t<div class=\"elementor-column elementor-col-25 elementor-top-column elementor-element elementor-element-319e2098\" data-id=\"319e2098\" data-element_type=\"column\">\n\t\t\t<div class=\"elementor-widget-wrap elementor-element-populated\">\n\t\t\t\t\t\t<div class=\"elementor-element elementor-element-7ffe5226 elementor-widget elementor-widget-heading\" data-id=\"7ffe5226\" data-element_type=\"widget\" data-widget_type=\"heading.default\">\n\t\t\t\t<div class=\"elementor-widget-container\">\n\t\t\t\t\t<h2 class=\"elementor-heading-title elementor-size-default\">On a mission of never growing up<\/h2>\t\t\t\t<\/div>\n\t\t\t\t<\/div>\n\t\t\t\t\t<\/div>\n\t\t<\/div>\n\t\t\t\t<div class=\"elementor-column elementor-col-25 elementor-top-column elementor-element elementor-element-382d6cd7\" data-id=\"382d6cd7\" data-element_type=\"column\">\n\t\t\t<div class=\"elementor-widget-wrap elementor-element-populated\">\n\t\t\t\t\t\t<div class=\"elementor-element elementor-element-7bf57fcc elementor-widget elementor-widget-image\" data-id=\"7bf57fcc\" data-element_type=\"widget\" data-widget_type=\"image.default\">\n\t\t\t\t<div class=\"elementor-widget-container\">\n\t\t\t\t\t\t\t\t\t\t\t\t\t\t\t<img loading=\"lazy\" decoding=\"async\" width=\"512\" height=\"512\" src=\"https:\/\/oxoxclub.com\/wp-content\/uploads\/cropped-potato-head-2.png\" class=\"attachment-full size-full wp-image-30060\" alt=\"\" srcset=\"https:\/\/oxoxclub.com\/wp-content\/uploads\/cropped-potato-head-2.png 512w, https:\/\/oxoxclub.com\/wp-content\/uploads\/cropped-potato-head-2-150x150.png 150w, https:\/\/oxoxclub.com\/wp-content\/uploads\/cropped-potato-head-2-100x100.png 100w, https:\/\/oxoxclub.com\/wp-content\/uploads\/cropped-potato-head-2-50x50.png 50w, https:\/\/oxoxclub.com\/wp-content\/uploads\/cropped-potato-head-2-64x64.png 64w\" sizes=\"auto, (max-width: 512px) 100vw, 512px\" \/>\t\t\t\t\t\t\t\t\t\t\t\t\t\t\t<\/div>\n\t\t\t\t<\/div>\n\t\t\t\t\t<\/div>\n\t\t<\/div>\n\t\t\t\t<div class=\"elementor-column elementor-col-25 elementor-top-column elementor-element elementor-element-2214f931\" data-id=\"2214f931\" data-element_type=\"column\">\n\t\t\t<div class=\"elementor-widget-wrap\">\n\t\t\t\t\t\t\t<\/div>\n\t\t<\/div>\n\t\t\t\t\t<\/div>\n\t\t<\/section>\n\t\t\t\t<\/div>\n\t\t","protected":false},"excerpt":{"rendered":"<p>TRIBUTE TO NIDA Tai pozityvumu tryk\u0161tanti kolekcija, , \u012fkv\u0117pta vis\u0173 m\u016bs\u0173 mylimo Nidos kaimelio, \u012fsik\u016brusio tarp Baltijos j\u016bros ir Kur\u0161i\u0173 mari\u0173. \u010cia dienos teka l\u0117tai ir ramiai, kupinos saul\u0117s, j\u016bros, sm\u0117l\u0117t\u0173 papl\u016bdimi\u0173 ir tingaus poilsio. ATRASKITE KOLEKCIJ\u0104 On a mission of never growing up<\/p>\n","protected":false},"author":19,"featured_media":0,"parent":0,"menu_order":0,"comment_status":"closed","ping_status":"closed","template":"","meta":{"footnotes":""},"class_list":["post-64242","page","type-page","status-publish","hentry"],"acf":[],"yoast_head":"<!-- This site is optimized with the Yoast SEO Premium plugin v20.11 (Yoast SEO v24.3) - https:\/\/yoast.com\/wordpress\/plugins\/seo\/ -->\n<title>Tribute to Nida - OXOX<\/title>\n<meta name=\"robots\" content=\"index, follow, max-snippet:-1, max-image-preview:large, max-video-preview:-1\" \/>\n<link rel=\"canonical\" href=\"https:\/\/oxoxclub.com\/lt\/tribute-to-nida-ss23\/\" \/>\n<meta property=\"og:locale\" content=\"lt_LT\" \/>\n<meta property=\"og:type\" content=\"article\" \/>\n<meta property=\"og:title\" content=\"Tribute to Nida\" \/>\n<meta property=\"og:description\" content=\"TRIBUTE TO NIDA Tai pozityvumu tryk\u0161tanti kolekcija, , \u012fkv\u0117pta vis\u0173 m\u016bs\u0173 mylimo Nidos kaimelio, \u012fsik\u016brusio tarp Baltijos j\u016bros ir Kur\u0161i\u0173 mari\u0173. \u010cia dienos teka l\u0117tai ir ramiai, kupinos saul\u0117s, j\u016bros, sm\u0117l\u0117t\u0173 papl\u016bdimi\u0173 ir tingaus poilsio. ATRASKITE KOLEKCIJ\u0104 On a mission of never growing up\" \/>\n<meta property=\"og:url\" content=\"https:\/\/oxoxclub.com\/lt\/tribute-to-nida-ss23\/\" \/>\n<meta property=\"og:site_name\" content=\"OXOX\" \/>\n<meta property=\"article:publisher\" content=\"https:\/\/facebook.com\/oxoxclub\/\" \/>\n<meta property=\"article:modified_time\" content=\"2025-03-10T08:32:40+00:00\" \/>\n<meta property=\"og:image\" content=\"https:\/\/oxoxclub.com\/wp-content\/uploads\/Foto-31-4-scaled.webp\" \/>\n\t<meta property=\"og:image:width\" content=\"1707\" \/>\n\t<meta property=\"og:image:height\" content=\"2560\" \/>\n\t<meta property=\"og:image:type\" content=\"image\/jpeg\" \/>\n<meta name=\"twitter:card\" content=\"summary_large_image\" \/>\n<script type=\"application\/ld+json\" class=\"yoast-schema-graph\">{\"@context\":\"https:\/\/schema.org\",\"@graph\":[{\"@type\":\"WebPage\",\"@id\":\"https:\/\/oxoxclub.com\/lt\/tribute-to-nida-ss23\/\",\"url\":\"https:\/\/oxoxclub.com\/lt\/tribute-to-nida-ss23\/\",\"name\":\"Tribute to Nida - OXOX\",\"isPartOf\":{\"@id\":\"https:\/\/oxoxclub.com\/lt\/#website\"},\"primaryImageOfPage\":{\"@id\":\"https:\/\/oxoxclub.com\/lt\/tribute-to-nida-ss23\/#primaryimage\"},\"image\":{\"@id\":\"https:\/\/oxoxclub.com\/lt\/tribute-to-nida-ss23\/#primaryimage\"},\"thumbnailUrl\":\"https:\/\/oxoxclub.com\/wp-content\/uploads\/Foto-31-4-scaled.webp\",\"datePublished\":\"2024-03-05T15:54:41+00:00\",\"dateModified\":\"2025-03-10T08:32:40+00:00\",\"breadcrumb\":{\"@id\":\"https:\/\/oxoxclub.com\/lt\/tribute-to-nida-ss23\/#breadcrumb\"},\"inLanguage\":\"lt-LT\",\"potentialAction\":[{\"@type\":\"ReadAction\",\"target\":[\"https:\/\/oxoxclub.com\/lt\/tribute-to-nida-ss23\/\"]}]},{\"@type\":\"ImageObject\",\"inLanguage\":\"lt-LT\",\"@id\":\"https:\/\/oxoxclub.com\/lt\/tribute-to-nida-ss23\/#primaryimage\",\"url\":\"https:\/\/oxoxclub.com\/wp-content\/uploads\/Foto-31-4-scaled.webp\",\"contentUrl\":\"https:\/\/oxoxclub.com\/wp-content\/uploads\/Foto-31-4-scaled.webp\"},{\"@type\":\"BreadcrumbList\",\"@id\":\"https:\/\/oxoxclub.com\/lt\/tribute-to-nida-ss23\/#breadcrumb\",\"itemListElement\":[{\"@type\":\"ListItem\",\"position\":1,\"name\":\"Home\",\"item\":\"https:\/\/oxoxclub.com\/lt\/\"},{\"@type\":\"ListItem\",\"position\":2,\"name\":\"Tribute to Nida\"}]},{\"@type\":\"WebSite\",\"@id\":\"https:\/\/oxoxclub.com\/lt\/#website\",\"url\":\"https:\/\/oxoxclub.com\/lt\/\",\"name\":\"OXOX CLUB\",\"description\":\"On a mission of never growing up\",\"publisher\":{\"@id\":\"https:\/\/oxoxclub.com\/lt\/#organization\"},\"potentialAction\":[{\"@type\":\"SearchAction\",\"target\":{\"@type\":\"EntryPoint\",\"urlTemplate\":\"https:\/\/oxoxclub.com\/lt\/?s={search_term_string}\"},\"query-input\":{\"@type\":\"PropertyValueSpecification\",\"valueRequired\":true,\"valueName\":\"search_term_string\"}}],\"inLanguage\":\"lt-LT\"},{\"@type\":\"Organization\",\"@id\":\"https:\/\/oxoxclub.com\/lt\/#organization\",\"name\":\"OXOX CLUB\",\"url\":\"https:\/\/oxoxclub.com\/lt\/\",\"logo\":{\"@type\":\"ImageObject\",\"inLanguage\":\"lt-LT\",\"@id\":\"https:\/\/oxoxclub.com\/lt\/#\/schema\/logo\/image\/\",\"url\":\"https:\/\/oxoxclub.com\/wp-content\/uploads\/oxox-logo-in-blue-4.png\",\"contentUrl\":\"https:\/\/oxoxclub.com\/wp-content\/uploads\/oxox-logo-in-blue-4.png\",\"width\":414,\"height\":300,\"caption\":\"OXOX CLUB\"},\"image\":{\"@id\":\"https:\/\/oxoxclub.com\/lt\/#\/schema\/logo\/image\/\"},\"sameAs\":[\"https:\/\/facebook.com\/oxoxclub\/\",\"https:\/\/www.instagram.com\/oxoxclub\/\"]}]}<\/script>\n<!-- \/ Yoast SEO Premium plugin. -->","yoast_head_json":{"title":"Tribute to Nida - OXOX","robots":{"index":"index","follow":"follow","max-snippet":"max-snippet:-1","max-image-preview":"max-image-preview:large","max-video-preview":"max-video-preview:-1"},"canonical":"https:\/\/oxoxclub.com\/lt\/tribute-to-nida-ss23\/","og_locale":"lt_LT","og_type":"article","og_title":"Tribute to Nida","og_description":"TRIBUTE TO NIDA Tai pozityvumu tryk\u0161tanti kolekcija, , \u012fkv\u0117pta vis\u0173 m\u016bs\u0173 mylimo Nidos kaimelio, \u012fsik\u016brusio tarp Baltijos j\u016bros ir Kur\u0161i\u0173 mari\u0173. \u010cia dienos teka l\u0117tai ir ramiai, kupinos saul\u0117s, j\u016bros, sm\u0117l\u0117t\u0173 papl\u016bdimi\u0173 ir tingaus poilsio. ATRASKITE KOLEKCIJ\u0104 On a mission of never growing up","og_url":"https:\/\/oxoxclub.com\/lt\/tribute-to-nida-ss23\/","og_site_name":"OXOX","article_publisher":"https:\/\/facebook.com\/oxoxclub\/","article_modified_time":"2025-03-10T08:32:40+00:00","og_image":[{"width":1707,"height":2560,"url":"https:\/\/oxoxclub.com\/wp-content\/uploads\/Foto-31-4-scaled.webp","type":"image\/jpeg"}],"twitter_card":"summary_large_image","schema":{"@context":"https:\/\/schema.org","@graph":[{"@type":"WebPage","@id":"https:\/\/oxoxclub.com\/lt\/tribute-to-nida-ss23\/","url":"https:\/\/oxoxclub.com\/lt\/tribute-to-nida-ss23\/","name":"Tribute to Nida - OXOX","isPartOf":{"@id":"https:\/\/oxoxclub.com\/lt\/#website"},"primaryImageOfPage":{"@id":"https:\/\/oxoxclub.com\/lt\/tribute-to-nida-ss23\/#primaryimage"},"image":{"@id":"https:\/\/oxoxclub.com\/lt\/tribute-to-nida-ss23\/#primaryimage"},"thumbnailUrl":"https:\/\/oxoxclub.com\/wp-content\/uploads\/Foto-31-4-scaled.webp","datePublished":"2024-03-05T15:54:41+00:00","dateModified":"2025-03-10T08:32:40+00:00","breadcrumb":{"@id":"https:\/\/oxoxclub.com\/lt\/tribute-to-nida-ss23\/#breadcrumb"},"inLanguage":"lt-LT","potentialAction":[{"@type":"ReadAction","target":["https:\/\/oxoxclub.com\/lt\/tribute-to-nida-ss23\/"]}]},{"@type":"ImageObject","inLanguage":"lt-LT","@id":"https:\/\/oxoxclub.com\/lt\/tribute-to-nida-ss23\/#primaryimage","url":"https:\/\/oxoxclub.com\/wp-content\/uploads\/Foto-31-4-scaled.webp","contentUrl":"https:\/\/oxoxclub.com\/wp-content\/uploads\/Foto-31-4-scaled.webp"},{"@type":"BreadcrumbList","@id":"https:\/\/oxoxclub.com\/lt\/tribute-to-nida-ss23\/#breadcrumb","itemListElement":[{"@type":"ListItem","position":1,"name":"Home","item":"https:\/\/oxoxclub.com\/lt\/"},{"@type":"ListItem","position":2,"name":"Tribute to Nida"}]},{"@type":"WebSite","@id":"https:\/\/oxoxclub.com\/lt\/#website","url":"https:\/\/oxoxclub.com\/lt\/","name":"OXOX CLUB","description":"On a mission of never growing up","publisher":{"@id":"https:\/\/oxoxclub.com\/lt\/#organization"},"potentialAction":[{"@type":"SearchAction","target":{"@type":"EntryPoint","urlTemplate":"https:\/\/oxoxclub.com\/lt\/?s={search_term_string}"},"query-input":{"@type":"PropertyValueSpecification","valueRequired":true,"valueName":"search_term_string"}}],"inLanguage":"lt-LT"},{"@type":"Organization","@id":"https:\/\/oxoxclub.com\/lt\/#organization","name":"OXOX CLUB","url":"https:\/\/oxoxclub.com\/lt\/","logo":{"@type":"ImageObject","inLanguage":"lt-LT","@id":"https:\/\/oxoxclub.com\/lt\/#\/schema\/logo\/image\/","url":"https:\/\/oxoxclub.com\/wp-content\/uploads\/oxox-logo-in-blue-4.png","contentUrl":"https:\/\/oxoxclub.com\/wp-content\/uploads\/oxox-logo-in-blue-4.png","width":414,"height":300,"caption":"OXOX CLUB"},"image":{"@id":"https:\/\/oxoxclub.com\/lt\/#\/schema\/logo\/image\/"},"sameAs":["https:\/\/facebook.com\/oxoxclub\/","https:\/\/www.instagram.com\/oxoxclub\/"]}]}},"_links":{"self":[{"href":"https:\/\/oxoxclub.com\/lt\/wp-json\/wp\/v2\/pages\/64242","targetHints":{"allow":["GET"]}}],"collection":[{"href":"https:\/\/oxoxclub.com\/lt\/wp-json\/wp\/v2\/pages"}],"about":[{"href":"https:\/\/oxoxclub.com\/lt\/wp-json\/wp\/v2\/types\/page"}],"author":[{"embeddable":true,"href":"https:\/\/oxoxclub.com\/lt\/wp-json\/wp\/v2\/users\/19"}],"replies":[{"embeddable":true,"href":"https:\/\/oxoxclub.com\/lt\/wp-json\/wp\/v2\/comments?post=64242"}],"version-history":[{"count":6,"href":"https:\/\/oxoxclub.com\/lt\/wp-json\/wp\/v2\/pages\/64242\/revisions"}],"predecessor-version":[{"id":64303,"href":"https:\/\/oxoxclub.com\/lt\/wp-json\/wp\/v2\/pages\/64242\/revisions\/64303"}],"wp:attachment":[{"href":"https:\/\/oxoxclub.com\/lt\/wp-json\/wp\/v2\/media?parent=64242"}],"curies":[{"name":"wp","href":"https:\/\/api.w.org\/{rel}","templated":true}]}}