{"id":64333,"date":"2022-08-16T18:47:42","date_gmt":"2022-08-16T16:47:42","guid":{"rendered":"https:\/\/oxoxclub-com-486310.hostingersite.com\/kaip-mus-rasti\/"},"modified":"2026-03-13T13:28:12","modified_gmt":"2026-03-13T11:28:12","slug":"kaip-mus-rasti","status":"publish","type":"page","link":"https:\/\/oxoxclub.com\/lt\/kaip-mus-rasti\/","title":{"rendered":"Kaip mus rasti"},"content":{"rendered":"\t\t<div data-elementor-type=\"wp-page\" data-elementor-id=\"64333\" class=\"elementor elementor-64333 elementor-28969\" data-elementor-post-type=\"page\">\n\t\t\t\t\t\t<section class=\"elementor-section elementor-top-section elementor-element elementor-element-57f938b elementor-section-boxed elementor-section-height-default elementor-section-height-default\" data-id=\"57f938b\" data-element_type=\"section\" data-settings=\"{&quot;background_background&quot;:&quot;classic&quot;}\">\n\t\t\t\t\t\t<div class=\"elementor-container elementor-column-gap-default\">\n\t\t\t\t\t<div class=\"elementor-column elementor-col-100 elementor-top-column elementor-element elementor-element-6b534d2\" data-id=\"6b534d2\" data-element_type=\"column\">\n\t\t\t<div class=\"elementor-widget-wrap elementor-element-populated\">\n\t\t\t\t\t\t<div class=\"elementor-element elementor-element-8120057 elementor-widget elementor-widget-heading\" data-id=\"8120057\" data-element_type=\"widget\" data-widget_type=\"heading.default\">\n\t\t\t\t<div class=\"elementor-widget-container\">\n\t\t\t\t\t<h1 class=\"elementor-heading-title elementor-size-default\">KAIP MUS RASTI<\/h1>\t\t\t\t<\/div>\n\t\t\t\t<\/div>\n\t\t\t\t<div class=\"elementor-element elementor-element-f30e483 elementor-widget elementor-widget-image\" data-id=\"f30e483\" data-element_type=\"widget\" data-widget_type=\"image.default\">\n\t\t\t\t<div class=\"elementor-widget-container\">\n\t\t\t\t\t\t\t\t\t\t\t\t\t\t\t<img loading=\"lazy\" decoding=\"async\" width=\"544\" height=\"688\" src=\"https:\/\/oxoxclub.com\/wp-content\/uploads\/oxox-face.webp\" class=\"attachment-large size-large wp-image-29091\" alt=\"\" srcset=\"https:\/\/oxoxclub.com\/wp-content\/uploads\/oxox-face.webp 544w, https:\/\/oxoxclub.com\/wp-content\/uploads\/oxox-face-64x81.webp 64w\" sizes=\"auto, (max-width: 544px) 100vw, 544px\" \/>\t\t\t\t\t\t\t\t\t\t\t\t\t\t\t<\/div>\n\t\t\t\t<\/div>\n\t\t\t\t<div class=\"elementor-element elementor-element-6ee57e3 elementor-widget elementor-widget-heading\" data-id=\"6ee57e3\" data-element_type=\"widget\" data-widget_type=\"heading.default\">\n\t\t\t\t<div class=\"elementor-widget-container\">\n\t\t\t\t\t<h2 class=\"elementor-heading-title elementor-size-default\">Nekantraujame su jumis pasimatyti!<\/h2>\t\t\t\t<\/div>\n\t\t\t\t<\/div>\n\t\t\t\t<section class=\"elementor-section elementor-inner-section elementor-element elementor-element-361d915 elementor-section-boxed elementor-section-height-default elementor-section-height-default\" data-id=\"361d915\" data-element_type=\"section\">\n\t\t\t\t\t\t<div class=\"elementor-container elementor-column-gap-default\">\n\t\t\t\t\t<div class=\"elementor-column elementor-col-33 elementor-inner-column elementor-element elementor-element-094701f\" data-id=\"094701f\" data-element_type=\"column\">\n\t\t\t<div class=\"elementor-widget-wrap elementor-element-populated\">\n\t\t\t\t\t\t\t<\/div>\n\t\t<\/div>\n\t\t\t\t<div class=\"elementor-column elementor-col-33 elementor-inner-column elementor-element elementor-element-8adf6d5\" data-id=\"8adf6d5\" data-element_type=\"column\">\n\t\t\t<div class=\"elementor-widget-wrap elementor-element-populated\">\n\t\t\t\t\t\t<div class=\"elementor-element elementor-element-d211efe elementor-widget elementor-widget-heading\" data-id=\"d211efe\" data-element_type=\"widget\" data-widget_type=\"heading.default\">\n\t\t\t\t<div class=\"elementor-widget-container\">\n\t\t\t\t\t<h3 class=\"elementor-heading-title elementor-size-default\">M\u016bs\u0173 studija <\/h3>\t\t\t\t<\/div>\n\t\t\t\t<\/div>\n\t\t\t\t<div class=\"elementor-element elementor-element-2fa78ae elementor-widget__width-initial elementor-widget elementor-widget-text-editor\" data-id=\"2fa78ae\" data-element_type=\"widget\" data-widget_type=\"text-editor.default\">\n\t\t\t\t<div class=\"elementor-widget-container\">\n\t\t\t\t\t\t\t\t\t<p>Brastos g. 8A, Kaunas 47185, Lietuva<br \/><span style=\"text-decoration: underline;\"><a href=\"https:\/\/goo.gl\/maps\/pcyiQoeEF6zRU8R49\">\u017di\u016br\u0117ti \u017eem\u0117lapyje<\/a><\/span><\/p><p>Tel: +370 687 79 490<\/p><p>Darbo laikas:<br data-start=\"13\" data-end=\"16\" \/>Pirmadienis \u2013 penktadienis<br data-start=\"42\" data-end=\"45\" \/>Nuo 10 val. iki 16 val.<\/p>\t\t\t\t\t\t\t\t<\/div>\n\t\t\t\t<\/div>\n\t\t\t\t\t<\/div>\n\t\t<\/div>\n\t\t\t\t<div class=\"elementor-column elementor-col-33 elementor-inner-column elementor-element elementor-element-9cd904c\" data-id=\"9cd904c\" data-element_type=\"column\">\n\t\t\t<div class=\"elementor-widget-wrap\">\n\t\t\t\t\t\t\t<\/div>\n\t\t<\/div>\n\t\t\t\t\t<\/div>\n\t\t<\/section>\n\t\t\t\t\t<\/div>\n\t\t<\/div>\n\t\t\t\t\t<\/div>\n\t\t<\/section>\n\t\t\t\t<\/div>\n\t\t","protected":false},"excerpt":{"rendered":"<p>KAIP MUS RASTI Nekantraujame su jumis pasimatyti! M\u016bs\u0173 studija Brastos g. 8A, Kaunas 47185, Lietuva\u017di\u016br\u0117ti \u017eem\u0117lapyje Tel: +370 687 79 490 Darbo laikas:Pirmadienis \u2013 penktadienisNuo 10 val. iki 16 val.<\/p>\n","protected":false},"author":3813,"featured_media":0,"parent":0,"menu_order":0,"comment_status":"closed","ping_status":"closed","template":"","meta":{"footnotes":""},"class_list":["post-64333","page","type-page","status-publish","hentry"],"acf":[],"yoast_head":"<!-- This site is optimized with the Yoast SEO Premium plugin v20.11 (Yoast SEO v24.3) - https:\/\/yoast.com\/wordpress\/plugins\/seo\/ -->\n<title>Kaip mus rasti - OXOX<\/title>\n<meta name=\"robots\" content=\"index, follow, max-snippet:-1, max-image-preview:large, max-video-preview:-1\" \/>\n<link rel=\"canonical\" href=\"https:\/\/oxoxclub.com\/lt\/kaip-mus-rasti\/\" \/>\n<meta property=\"og:locale\" content=\"lt_LT\" \/>\n<meta property=\"og:type\" content=\"article\" \/>\n<meta property=\"og:title\" content=\"Kaip mus rasti\" \/>\n<meta property=\"og:description\" content=\"KAIP MUS RASTI Nekantraujame su jumis pasimatyti! M\u016bs\u0173 studija Brastos g. 8A, Kaunas 47185, Lietuva\u017di\u016br\u0117ti \u017eem\u0117lapyje Tel: +370 687 79 490 Darbo laikas:Pirmadienis \u2013 penktadienisNuo 10 val. iki 16 val.\" \/>\n<meta property=\"og:url\" content=\"https:\/\/oxoxclub.com\/lt\/kaip-mus-rasti\/\" \/>\n<meta property=\"og:site_name\" content=\"OXOX\" \/>\n<meta property=\"article:publisher\" content=\"https:\/\/facebook.com\/oxoxclub\/\" \/>\n<meta property=\"article:modified_time\" content=\"2026-03-13T11:28:12+00:00\" \/>\n<meta property=\"og:image\" content=\"https:\/\/oxoxclub.com\/wp-content\/uploads\/oxox-face.webp\" \/>\n\t<meta property=\"og:image:width\" content=\"544\" \/>\n\t<meta property=\"og:image:height\" content=\"688\" \/>\n\t<meta property=\"og:image:type\" content=\"image\/webp\" \/>\n<meta name=\"twitter:card\" content=\"summary_large_image\" \/>\n<meta name=\"twitter:label1\" content=\"Est. reading time\" \/>\n\t<meta name=\"twitter:data1\" content=\"1 minut\u0117\" \/>\n<script type=\"application\/ld+json\" class=\"yoast-schema-graph\">{\"@context\":\"https:\/\/schema.org\",\"@graph\":[{\"@type\":\"WebPage\",\"@id\":\"https:\/\/oxoxclub.com\/lt\/kaip-mus-rasti\/\",\"url\":\"https:\/\/oxoxclub.com\/lt\/kaip-mus-rasti\/\",\"name\":\"Kaip mus rasti - OXOX\",\"isPartOf\":{\"@id\":\"https:\/\/oxoxclub.com\/lt\/#website\"},\"primaryImageOfPage\":{\"@id\":\"https:\/\/oxoxclub.com\/lt\/kaip-mus-rasti\/#primaryimage\"},\"image\":{\"@id\":\"https:\/\/oxoxclub.com\/lt\/kaip-mus-rasti\/#primaryimage\"},\"thumbnailUrl\":\"https:\/\/oxoxclub.com\/wp-content\/uploads\/oxox-face.webp\",\"datePublished\":\"2022-08-16T16:47:42+00:00\",\"dateModified\":\"2026-03-13T11:28:12+00:00\",\"breadcrumb\":{\"@id\":\"https:\/\/oxoxclub.com\/lt\/kaip-mus-rasti\/#breadcrumb\"},\"inLanguage\":\"lt-LT\",\"potentialAction\":[{\"@type\":\"ReadAction\",\"target\":[\"https:\/\/oxoxclub.com\/lt\/kaip-mus-rasti\/\"]}]},{\"@type\":\"ImageObject\",\"inLanguage\":\"lt-LT\",\"@id\":\"https:\/\/oxoxclub.com\/lt\/kaip-mus-rasti\/#primaryimage\",\"url\":\"https:\/\/oxoxclub.com\/wp-content\/uploads\/oxox-face.webp\",\"contentUrl\":\"https:\/\/oxoxclub.com\/wp-content\/uploads\/oxox-face.webp\"},{\"@type\":\"BreadcrumbList\",\"@id\":\"https:\/\/oxoxclub.com\/lt\/kaip-mus-rasti\/#breadcrumb\",\"itemListElement\":[{\"@type\":\"ListItem\",\"position\":1,\"name\":\"Home\",\"item\":\"https:\/\/oxoxclub.com\/lt\/\"},{\"@type\":\"ListItem\",\"position\":2,\"name\":\"Kaip mus rasti\"}]},{\"@type\":\"WebSite\",\"@id\":\"https:\/\/oxoxclub.com\/lt\/#website\",\"url\":\"https:\/\/oxoxclub.com\/lt\/\",\"name\":\"OXOX CLUB\",\"description\":\"On a mission of never growing up\",\"publisher\":{\"@id\":\"https:\/\/oxoxclub.com\/lt\/#organization\"},\"potentialAction\":[{\"@type\":\"SearchAction\",\"target\":{\"@type\":\"EntryPoint\",\"urlTemplate\":\"https:\/\/oxoxclub.com\/lt\/?s={search_term_string}\"},\"query-input\":{\"@type\":\"PropertyValueSpecification\",\"valueRequired\":true,\"valueName\":\"search_term_string\"}}],\"inLanguage\":\"lt-LT\"},{\"@type\":\"Organization\",\"@id\":\"https:\/\/oxoxclub.com\/lt\/#organization\",\"name\":\"OXOX CLUB\",\"url\":\"https:\/\/oxoxclub.com\/lt\/\",\"logo\":{\"@type\":\"ImageObject\",\"inLanguage\":\"lt-LT\",\"@id\":\"https:\/\/oxoxclub.com\/lt\/#\/schema\/logo\/image\/\",\"url\":\"https:\/\/oxoxclub.com\/wp-content\/uploads\/oxox-logo-in-blue-4.png\",\"contentUrl\":\"https:\/\/oxoxclub.com\/wp-content\/uploads\/oxox-logo-in-blue-4.png\",\"width\":414,\"height\":300,\"caption\":\"OXOX CLUB\"},\"image\":{\"@id\":\"https:\/\/oxoxclub.com\/lt\/#\/schema\/logo\/image\/\"},\"sameAs\":[\"https:\/\/facebook.com\/oxoxclub\/\",\"https:\/\/www.instagram.com\/oxoxclub\/\"]}]}<\/script>\n<!-- \/ Yoast SEO Premium plugin. -->","yoast_head_json":{"title":"Kaip mus rasti - OXOX","robots":{"index":"index","follow":"follow","max-snippet":"max-snippet:-1","max-image-preview":"max-image-preview:large","max-video-preview":"max-video-preview:-1"},"canonical":"https:\/\/oxoxclub.com\/lt\/kaip-mus-rasti\/","og_locale":"lt_LT","og_type":"article","og_title":"Kaip mus rasti","og_description":"KAIP MUS RASTI Nekantraujame su jumis pasimatyti! M\u016bs\u0173 studija Brastos g. 8A, Kaunas 47185, Lietuva\u017di\u016br\u0117ti \u017eem\u0117lapyje Tel: +370 687 79 490 Darbo laikas:Pirmadienis \u2013 penktadienisNuo 10 val. iki 16 val.","og_url":"https:\/\/oxoxclub.com\/lt\/kaip-mus-rasti\/","og_site_name":"OXOX","article_publisher":"https:\/\/facebook.com\/oxoxclub\/","article_modified_time":"2026-03-13T11:28:12+00:00","og_image":[{"width":544,"height":688,"url":"https:\/\/oxoxclub.com\/wp-content\/uploads\/oxox-face.webp","type":"image\/webp"}],"twitter_card":"summary_large_image","twitter_misc":{"Est. reading time":"1 minut\u0117"},"schema":{"@context":"https:\/\/schema.org","@graph":[{"@type":"WebPage","@id":"https:\/\/oxoxclub.com\/lt\/kaip-mus-rasti\/","url":"https:\/\/oxoxclub.com\/lt\/kaip-mus-rasti\/","name":"Kaip mus rasti - OXOX","isPartOf":{"@id":"https:\/\/oxoxclub.com\/lt\/#website"},"primaryImageOfPage":{"@id":"https:\/\/oxoxclub.com\/lt\/kaip-mus-rasti\/#primaryimage"},"image":{"@id":"https:\/\/oxoxclub.com\/lt\/kaip-mus-rasti\/#primaryimage"},"thumbnailUrl":"https:\/\/oxoxclub.com\/wp-content\/uploads\/oxox-face.webp","datePublished":"2022-08-16T16:47:42+00:00","dateModified":"2026-03-13T11:28:12+00:00","breadcrumb":{"@id":"https:\/\/oxoxclub.com\/lt\/kaip-mus-rasti\/#breadcrumb"},"inLanguage":"lt-LT","potentialAction":[{"@type":"ReadAction","target":["https:\/\/oxoxclub.com\/lt\/kaip-mus-rasti\/"]}]},{"@type":"ImageObject","inLanguage":"lt-LT","@id":"https:\/\/oxoxclub.com\/lt\/kaip-mus-rasti\/#primaryimage","url":"https:\/\/oxoxclub.com\/wp-content\/uploads\/oxox-face.webp","contentUrl":"https:\/\/oxoxclub.com\/wp-content\/uploads\/oxox-face.webp"},{"@type":"BreadcrumbList","@id":"https:\/\/oxoxclub.com\/lt\/kaip-mus-rasti\/#breadcrumb","itemListElement":[{"@type":"ListItem","position":1,"name":"Home","item":"https:\/\/oxoxclub.com\/lt\/"},{"@type":"ListItem","position":2,"name":"Kaip mus rasti"}]},{"@type":"WebSite","@id":"https:\/\/oxoxclub.com\/lt\/#website","url":"https:\/\/oxoxclub.com\/lt\/","name":"OXOX CLUB","description":"On a mission of never growing up","publisher":{"@id":"https:\/\/oxoxclub.com\/lt\/#organization"},"potentialAction":[{"@type":"SearchAction","target":{"@type":"EntryPoint","urlTemplate":"https:\/\/oxoxclub.com\/lt\/?s={search_term_string}"},"query-input":{"@type":"PropertyValueSpecification","valueRequired":true,"valueName":"search_term_string"}}],"inLanguage":"lt-LT"},{"@type":"Organization","@id":"https:\/\/oxoxclub.com\/lt\/#organization","name":"OXOX CLUB","url":"https:\/\/oxoxclub.com\/lt\/","logo":{"@type":"ImageObject","inLanguage":"lt-LT","@id":"https:\/\/oxoxclub.com\/lt\/#\/schema\/logo\/image\/","url":"https:\/\/oxoxclub.com\/wp-content\/uploads\/oxox-logo-in-blue-4.png","contentUrl":"https:\/\/oxoxclub.com\/wp-content\/uploads\/oxox-logo-in-blue-4.png","width":414,"height":300,"caption":"OXOX CLUB"},"image":{"@id":"https:\/\/oxoxclub.com\/lt\/#\/schema\/logo\/image\/"},"sameAs":["https:\/\/facebook.com\/oxoxclub\/","https:\/\/www.instagram.com\/oxoxclub\/"]}]}},"_links":{"self":[{"href":"https:\/\/oxoxclub.com\/lt\/wp-json\/wp\/v2\/pages\/64333","targetHints":{"allow":["GET"]}}],"collection":[{"href":"https:\/\/oxoxclub.com\/lt\/wp-json\/wp\/v2\/pages"}],"about":[{"href":"https:\/\/oxoxclub.com\/lt\/wp-json\/wp\/v2\/types\/page"}],"author":[{"embeddable":true,"href":"https:\/\/oxoxclub.com\/lt\/wp-json\/wp\/v2\/users\/3813"}],"replies":[{"embeddable":true,"href":"https:\/\/oxoxclub.com\/lt\/wp-json\/wp\/v2\/comments?post=64333"}],"version-history":[{"count":9,"href":"https:\/\/oxoxclub.com\/lt\/wp-json\/wp\/v2\/pages\/64333\/revisions"}],"predecessor-version":[{"id":131997,"href":"https:\/\/oxoxclub.com\/lt\/wp-json\/wp\/v2\/pages\/64333\/revisions\/131997"}],"wp:attachment":[{"href":"https:\/\/oxoxclub.com\/lt\/wp-json\/wp\/v2\/media?parent=64333"}],"curies":[{"name":"wp","href":"https:\/\/api.w.org\/{rel}","templated":true}]}}