{"id":64408,"date":"2023-02-02T14:28:42","date_gmt":"2023-02-02T12:28:42","guid":{"rendered":"https:\/\/oxoxclub-com-486310.hostingersite.com\/dydziu-lentele\/"},"modified":"2025-03-18T15:24:33","modified_gmt":"2025-03-18T13:24:33","slug":"dydziu-lentele","status":"publish","type":"page","link":"https:\/\/oxoxclub.com\/lt\/dydziu-lentele\/","title":{"rendered":"Dyd\u017ei\u0173 lentel\u0117"},"content":{"rendered":"\t\t<div data-elementor-type=\"wp-page\" data-elementor-id=\"64408\" class=\"elementor elementor-64408 elementor-37307\" data-elementor-post-type=\"page\">\n\t\t\t\t<div class=\"elementor-element elementor-element-5719901 e-flex e-con-boxed e-con e-parent\" data-id=\"5719901\" data-element_type=\"container\">\n\t\t\t\t\t<div class=\"e-con-inner\">\n\t\t\t\t<div class=\"elementor-element elementor-element-4bb4faf elementor-widget elementor-widget-shortcode\" data-id=\"4bb4faf\" data-element_type=\"widget\" data-widget_type=\"shortcode.default\">\n\t\t\t\t<div class=\"elementor-widget-container\">\n\t\t\t\t\t\t\t<div class=\"elementor-shortcode\"><div class=\"mt-4 mb-14\">\n<div class=\"mb-8 font-bold\">\n        HOW TO MEASURE\n    <\/div>\n<div class=\"mb-8\">\n<div><b>A<\/b> Measure the full length of your child<\/div>\n<div><b>B<\/b> Measure around the chest<\/div>\n<div><b>C<\/b> Measure around the waist<\/div>\n<div><b>D<\/b> Measure low hip around the fullest part of the hip<\/div>\n<div><b>E<\/b> Inner length of your leg<\/div>\n<\/p><\/div>\n<div class=\"font-bold mb-4 text-sm\">\n        CENTIMETERS\n    <\/div>\n<div class=\"font-bold mb-4 text-xs\">\n        Apparel\n    <\/div>\n<div class=\"mb-12\">\n<table class=\"min-w-full border-collapse text-xs sm:text-sm\">\n<thead>\n<tr class=\"text-left border-b border-gray-300\">\n<th class=\"px-1 py-1 sm:px-4 sm:py-2\">Age<\/th>\n<th class=\"px-1 py-1 sm:px-4 sm:py-2\">1-2 y<\/th>\n<th class=\"px-1 py-1 sm:px-4 sm:py-2\">3-4 y<\/th>\n<th class=\"px-1 py-1 sm:px-4 sm:py-2\">5-6 y<\/th>\n<th class=\"px-1 py-1 sm:px-4 sm:py-2\">7-8 y<\/th>\n<th class=\"px-1 py-1 sm:px-4 sm:py-2\">9-10 y<\/th>\n<th class=\"px-1 py-1 sm:px-4 sm:py-2\">11-12 y<\/th>\n<\/tr>\n<\/thead>\n<tbody>\n<tr class=\"border-b border-gray-300\">\n<td class=\"font-semibold px-1 py-1 sm:px-4 sm:py-2\">(A) Height<\/td>\n<td class=\"px-1 py-1 sm:px-4 sm:py-2\">86-92<\/td>\n<td class=\"px-1 py-1 sm:px-4 sm:py-2\">98-104<\/td>\n<td class=\"px-1 py-1 sm:px-4 sm:py-2\">110-116<\/td>\n<td class=\"px-1 py-1 sm:px-4 sm:py-2\">122-128<\/td>\n<td class=\"px-1 py-1 sm:px-4 sm:py-2\">134-140<\/td>\n<td class=\"px-1 py-1 sm:px-4 sm:py-2\">146-152<\/td>\n<\/tr>\n<tr class=\"border-b border-gray-300\">\n<td class=\"font-semibold px-1 py-1 sm:px-4 sm:py-2\">(B) Chest<\/td>\n<td class=\"px-1 py-1 sm:px-4 sm:py-2\">53-54<\/td>\n<td class=\"px-1 py-1 sm:px-4 sm:py-2\">55-56<\/td>\n<td class=\"px-1 py-1 sm:px-4 sm:py-2\">57-59<\/td>\n<td class=\"px-1 py-1 sm:px-4 sm:py-2\">61-65<\/td>\n<td class=\"px-1 py-1 sm:px-4 sm:py-2\">67-71<\/td>\n<td class=\"px-1 py-1 sm:px-4 sm:py-2\">73-77<\/td>\n<\/tr>\n<tr class=\"border-b border-gray-300\">\n<td class=\"font-semibold px-1 py-1 sm:px-4 sm:py-2\">(C) Waist<\/td>\n<td class=\"px-1 py-1 sm:px-4 sm:py-2\">50-51<\/td>\n<td class=\"px-1 py-1 sm:px-4 sm:py-2\">52-54<\/td>\n<td class=\"px-1 py-1 sm:px-4 sm:py-2\">55-56<\/td>\n<td class=\"px-1 py-1 sm:px-4 sm:py-2\">57-59<\/td>\n<td class=\"px-1 py-1 sm:px-4 sm:py-2\">60-62<\/td>\n<td class=\"px-1 py-1 sm:px-4 sm:py-2\">64-66<\/td>\n<\/tr>\n<tr class=\"border-b border-gray-300\">\n<td class=\"font-semibold px-1 py-1 sm:px-4 sm:py-2\">(D) Low hips<\/td>\n<td class=\"px-1 py-1 sm:px-4 sm:py-2\">53-55<\/td>\n<td class=\"px-1 py-1 sm:px-4 sm:py-2\">57-60<\/td>\n<td class=\"px-1 py-1 sm:px-4 sm:py-2\">62-64<\/td>\n<td class=\"px-1 py-1 sm:px-4 sm:py-2\">67-70<\/td>\n<td class=\"px-1 py-1 sm:px-4 sm:py-2\">72-75<\/td>\n<td class=\"px-1 py-1 sm:px-4 sm:py-2\">78-81<\/td>\n<\/tr>\n<tr class=\"border-b border-gray-300\">\n<td class=\"font-semibold px-1 py-1 sm:px-4 sm:py-2\">(E) Inner legs length<\/td>\n<td class=\"px-1 py-1 sm:px-4 sm:py-2\">33-37<\/td>\n<td class=\"px-1 py-1 sm:px-4 sm:py-2\">40-44<\/td>\n<td class=\"px-1 py-1 sm:px-4 sm:py-2\">48-52<\/td>\n<td class=\"px-1 py-1 sm:px-4 sm:py-2\">56-59<\/td>\n<td class=\"px-1 py-1 sm:px-4 sm:py-2\">62-65<\/td>\n<td class=\"px-1 py-1 sm:px-4 sm:py-2\">68-71<\/td>\n<\/tr>\n<\/tbody>\n<\/table><\/div>\n<div class=\"font-bold  mb-4 text-xs\">\n        Headwear\n    <\/div>\n<div class=\"mb-12\">\n<table class=\"min-w-full border-collapse text-xs sm:text-sm\">\n<thead>\n<tr class=\"text-left border-b border-gray-300\">\n<th class=\"px-1 py-1 sm:px-4 sm:py-2\">Age<\/th>\n<th class=\"px-1 py-1 sm:px-4 sm:py-2\">One size<\/th>\n<th class=\"px-1 py-1 sm:px-4 sm:py-2\">S<\/th>\n<th class=\"px-1 py-1 sm:px-4 sm:py-2\">M<\/th>\n<th class=\"px-1 py-1 sm:px-4 sm:py-2\">L<\/th>\n<\/tr>\n<\/thead>\n<tbody>\n<tr class=\"border-b border-gray-300\">\n<td class=\"font-semibold px-1 py-1 sm:px-4 sm:py-2\">Head circumference<\/td>\n<td class=\"px-1 py-1 sm:px-4 sm:py-2\">51-56<\/td>\n<td class=\"px-1 py-1 sm:px-4 sm:py-2\">48-50<\/td>\n<td class=\"px-1 py-1 sm:px-4 sm:py-2\">52-54<\/td>\n<td class=\"px-1 py-1 sm:px-4 sm:py-2\">56-58<\/td>\n<\/tr>\n<\/tbody>\n<\/table><\/div>\n<div class=\"font-bold mb-4 text-sm\">\n        INCHES\n    <\/div>\n<div class=\"font-bold mb-4 text-xs\">\n        Apparel\n    <\/div>\n<div class=\"mb-12\">\n<table class=\"min-w-full border-collapse text-xs sm:text-sm\">\n<thead>\n<tr class=\"text-left border-b border-gray-300\">\n<th class=\"px-1 py-1 sm:px-4 sm:py-2\">Age<\/th>\n<th class=\"px-1 py-1 sm:px-4 sm:py-2\">1-2 y<\/th>\n<th class=\"px-1 py-1 sm:px-4 sm:py-2\">3-4 y<\/th>\n<th class=\"px-1 py-1 sm:px-4 sm:py-2\">5-6 y<\/th>\n<th class=\"px-1 py-1 sm:px-4 sm:py-2\">7-8 y<\/th>\n<th class=\"px-1 py-1 sm:px-4 sm:py-2\">9-10 y<\/th>\n<th class=\"px-1 py-1 sm:px-4 sm:py-2\">11-12 y<\/th>\n<\/tr>\n<\/thead>\n<tbody>\n<tr class=\"border-b border-gray-300\">\n<td class=\"font-semibold px-1 py-1 sm:px-4 sm:py-2\">(A) Height<\/td>\n<td class=\"px-1 py-1 sm:px-4 sm:py-2\">33.9-36.2<\/td>\n<td class=\"px-1 py-1 sm:px-4 sm:py-2\">38.6-40.9<\/td>\n<td class=\"px-1 py-1 sm:px-4 sm:py-2\">43.3-45.7<\/td>\n<td class=\"px-1 py-1 sm:px-4 sm:py-2\">48-50.4<\/td>\n<td class=\"px-1 py-1 sm:px-4 sm:py-2\">52.8-55.1<\/td>\n<td class=\"px-1 py-1 sm:px-4 sm:py-2\">57.5-59.8<\/td>\n<\/tr>\n<tr class=\"border-b border-gray-300\">\n<td class=\"font-semibold px-1 py-1 sm:px-4 sm:py-2\">(B) Chest<\/td>\n<td class=\"px-1 py-1 sm:px-4 sm:py-2\">20.9-21.3<\/td>\n<td class=\"px-1 py-1 sm:px-4 sm:py-2\">21.7-22.1<\/td>\n<td class=\"px-1 py-1 sm:px-4 sm:py-2\">22.4-23.2<\/td>\n<td class=\"px-1 py-1 sm:px-4 sm:py-2\">24-25.6<\/td>\n<td class=\"px-1 py-1 sm:px-4 sm:py-2\">26.4-28<\/td>\n<td class=\"px-1 py-1 sm:px-4 sm:py-2\">28.7-30.3<\/td>\n<\/tr>\n<tr class=\"border-b border-gray-300\">\n<td class=\"font-semibold px-1 py-1 sm:px-4 sm:py-2\">(C) Waist<\/td>\n<td class=\"px-1 py-1 sm:px-4 sm:py-2\">19.7-20.1<\/td>\n<td class=\"px-1 py-1 sm:px-4 sm:py-2\">20.5-21.3<\/td>\n<td class=\"px-1 py-1 sm:px-4 sm:py-2\">21.7-22<\/td>\n<td class=\"px-1 py-1 sm:px-4 sm:py-2\">22.4-23.2<\/td>\n<td class=\"px-1 py-1 sm:px-4 sm:py-2\">23.6-24.4<\/td>\n<td class=\"px-1 py-1 sm:px-4 sm:py-2\">25.2-26<\/td>\n<\/tr>\n<tr class=\"border-b border-gray-300\">\n<td class=\"font-semibold px-1 py-1 sm:px-4 sm:py-2\">(D) Low hips<\/td>\n<td class=\"px-1 py-1 sm:px-4 sm:py-2\">20.9-21.6<\/td>\n<td class=\"px-1 py-1 sm:px-4 sm:py-2\">22.4-23.6<\/td>\n<td class=\"px-1 py-1 sm:px-4 sm:py-2\">24.4-25.2<\/td>\n<td class=\"px-1 py-1 sm:px-4 sm:py-2\">26.4-27.6<\/td>\n<td class=\"px-1 py-1 sm:px-4 sm:py-2\">28.3-29.5<\/td>\n<td class=\"px-1 py-1 sm:px-4 sm:py-2\">30.7-31.9<\/td>\n<\/tr>\n<tr class=\"border-b border-gray-300\">\n<td class=\"font-semibold px-1 py-1 sm:px-4 sm:py-2\">(E) Inner legs length<\/td>\n<td class=\"px-1 py-1 sm:px-4 sm:py-2\">13-14.6<\/td>\n<td class=\"px-1 py-1 sm:px-4 sm:py-2\">15.7-17.3<\/td>\n<td class=\"px-1 py-1 sm:px-4 sm:py-2\">18.9-20.5<\/td>\n<td class=\"px-1 py-1 sm:px-4 sm:py-2\">22-23.2<\/td>\n<td class=\"px-1 py-1 sm:px-4 sm:py-2\">24.4-25.6<\/td>\n<td class=\"px-1 py-1 sm:px-4 sm:py-2\">26.8-28<\/td>\n<\/tr>\n<\/tbody>\n<\/table><\/div>\n<div class=\"font-bold mb-4 text-xs\">\n        Headwear\n    <\/div>\n<div class=\"mb-12\">\n<table class=\"min-w-full border-collapse text-xs sm:text-sm\">\n<thead>\n<tr class=\"text-left border-b border-gray-300\">\n<th class=\"px-1 py-1 sm:px-4 sm:py-2\">Age<\/th>\n<th class=\"px-1 py-1 sm:px-4 sm:py-2\">One size<\/th>\n<th class=\"px-1 py-1 sm:px-4 sm:py-2\">S<\/th>\n<th class=\"px-1 py-1 sm:px-4 sm:py-2\">M<\/th>\n<th class=\"px-1 py-1 sm:px-4 sm:py-2\">L<\/th>\n<\/tr>\n<\/thead>\n<tbody>\n<tr class=\"border-b border-gray-300\">\n<td class=\"font-semibold px-1 py-1 sm:px-4 sm:py-2\">Head circumference<\/td>\n<td class=\"px-1 py-1 sm:px-4 sm:py-2\">20-22<\/td>\n<td class=\"px-1 py-1 sm:px-4 sm:py-2\">19-19.7<\/td>\n<td class=\"px-1 py-1 sm:px-4 sm:py-2\">20.5-21.3<\/td>\n<td class=\"px-1 py-1 sm:px-4 sm:py-2\">22-22.8<\/td>\n<\/tr>\n<\/tbody>\n<\/table><\/div>\n<div class=\"font-bold mb-4 text-xs\">\n        Socks\n    <\/div>\n<div class=\"mb-12\">\n<table class=\"min-w-full border-collapse text-xs sm:text-sm\">\n<thead>\n<tr class=\"text-left border-b border-gray-300\">\n<th class=\"px-1 py-1 sm:px-4 sm:py-2\">Foot length (cm)<\/th>\n<th class=\"px-1 py-1 sm:px-4 sm:py-2\">13-14<\/th>\n<th class=\"px-1 py-1 sm:px-4 sm:py-2\">15-16<\/th>\n<th class=\"px-1 py-1 sm:px-4 sm:py-2\">17-18<\/th>\n<th class=\"px-1 py-1 sm:px-4 sm:py-2\">19-20<\/th>\n<th class=\"px-1 py-1 sm:px-4 sm:py-2\">21-22<\/th>\n<\/tr>\n<\/thead>\n<tbody>\n<tr class=\"border-b border-gray-300\">\n<td class=\"font-semibold px-1 py-1 sm:px-4 sm:py-2\">Foot length (inches)<\/td>\n<td class=\"px-1 py-1 sm:px-4 sm:py-2\">5.1-5.5<\/td>\n<td class=\"px-1 py-1 sm:px-4 sm:py-2\">5.9-6.3<\/td>\n<td class=\"px-1 py-1 sm:px-4 sm:py-2\">6.7-7.1<\/td>\n<td class=\"px-1 py-1 sm:px-4 sm:py-2\">7.5-7.9<\/td>\n<td class=\"px-1 py-1 sm:px-4 sm:py-2\">8.3-8.7<\/td>\n<\/tr>\n<tr class=\"border-b border-gray-300\">\n<td class=\"font-semibold px-1 py-1 sm:px-4 sm:py-2\">Shoe size<\/td>\n<td class=\"px-1 py-1 sm:px-4 sm:py-2\">20-22<\/td>\n<td class=\"px-1 py-1 sm:px-4 sm:py-2\">23-26<\/td>\n<td class=\"px-1 py-1 sm:px-4 sm:py-2\">27-30<\/td>\n<td class=\"px-1 py-1 sm:px-4 sm:py-2\">31-34<\/td>\n<td class=\"px-1 py-1 sm:px-4 sm:py-2\">35-38<\/td>\n<\/tr>\n<\/tbody>\n<\/table><\/div>\n<div class=\"font-bold mb-4 text-xs\">\n        Tights\n    <\/div>\n<div class=\"mb-12\">\n<table class=\"min-w-full border-collapse text-xs sm:text-sm\">\n<thead>\n<tr class=\"text-left border-b border-gray-300\">\n<th class=\"px-1 py-1 sm:px-4 sm:py-2\">Age<\/th>\n<th class=\"px-1 py-1 sm:px-4 sm:py-2\">1-2 y<\/th>\n<th class=\"px-1 py-1 sm:px-4 sm:py-2\">3-4 y<\/th>\n<th class=\"px-1 py-1 sm:px-4 sm:py-2\">5-6 y<\/th>\n<th class=\"px-1 py-1 sm:px-4 sm:py-2\">7-8 y<\/th>\n<th class=\"px-1 py-1 sm:px-4 sm:py-2\">9-10 y<\/th>\n<th class=\"px-1 py-1 sm:px-4 sm:py-2\">11-12 y<\/th>\n<\/tr>\n<\/thead>\n<tbody>\n<tr class=\"border-b border-gray-300\">\n<td class=\"font-semibold px-1 py-1 sm:px-4 sm:py-2\">Height (cm)<\/td>\n<td class=\"px-1 py-1 sm:px-4 sm:py-2\">86-92<\/td>\n<td class=\"px-1 py-1 sm:px-4 sm:py-2\">98-104<\/td>\n<td class=\"px-1 py-1 sm:px-4 sm:py-2\">110-116<\/td>\n<td class=\"px-1 py-1 sm:px-4 sm:py-2\">122-128<\/td>\n<td class=\"px-1 py-1 sm:px-4 sm:py-2\">134-140<\/td>\n<td class=\"px-1 py-1 sm:px-4 sm:py-2\">146-152<\/td>\n<\/tr>\n<tr class=\"border-b border-gray-300\">\n<td class=\"font-semibold px-1 py-1 sm:px-4 sm:py-2\">Height (inches)<\/td>\n<td class=\"px-1 py-1 sm:px-4 sm:py-2\">33.9-36.2<\/td>\n<td class=\"px-1 py-1 sm:px-4 sm:py-2\">38.6-40.9<\/td>\n<td class=\"px-1 py-1 sm:px-4 sm:py-2\">43.3-45.7<\/td>\n<td class=\"px-1 py-1 sm:px-4 sm:py-2\">48-50.4<\/td>\n<td class=\"px-1 py-1 sm:px-4 sm:py-2\">52.8-55.1<\/td>\n<td class=\"px-1 py-1 sm:px-4 sm:py-2\">57.5-59.8<\/td>\n<\/tr>\n<\/tbody>\n<\/table><\/div>\n<div class=\"font-bold mb-4 text-xs\">\n        Rain boots STICKY LEMON\n    <\/div>\n<div class=\"mb-12\">\n<table class=\"min-w-full border-collapse text-xs sm:text-sm\">\n<thead>\n<tr class=\"text-left border-b border-gray-300\">\n<th class=\"px-1 py-1 sm:px-4 sm:py-2\">EU<\/th>\n<th class=\"px-1 py-1 sm:px-4 sm:py-2\">27<\/th>\n<th class=\"px-1 py-1 sm:px-4 sm:py-2\">28<\/th>\n<th class=\"px-1 py-1 sm:px-4 sm:py-2\">29<\/th>\n<th class=\"px-1 py-1 sm:px-4 sm:py-2\">30<\/th>\n<th class=\"px-1 py-1 sm:px-4 sm:py-2\">31<\/th>\n<th class=\"px-1 py-1 sm:px-4 sm:py-2\">32<\/th>\n<th class=\"px-1 py-1 sm:px-4 sm:py-2\">33<\/th>\n<th class=\"px-1 py-1 sm:px-4 sm:py-2\">34<\/th>\n<th class=\"px-1 py-1 sm:px-4 sm:py-2\">35<\/th>\n<\/tr>\n<\/thead>\n<tbody>\n<tr class=\"border-b border-gray-300\">\n<td class=\"font-semibold px-1 py-1 sm:px-4 sm:py-2\">UK<\/td>\n<td class=\"px-1 py-1 sm:px-4 sm:py-2\">9<\/td>\n<td class=\"px-1 py-1 sm:px-4 sm:py-2\">10<\/td>\n<td class=\"px-1 py-1 sm:px-4 sm:py-2\">10.5<\/td>\n<td class=\"px-1 py-1 sm:px-4 sm:py-2\">11.5<\/td>\n<td class=\"px-1 py-1 sm:px-4 sm:py-2\">12<\/td>\n<td class=\"px-1 py-1 sm:px-4 sm:py-2\">13<\/td>\n<td class=\"px-1 py-1 sm:px-4 sm:py-2\">1<\/td>\n<td class=\"px-1 py-1 sm:px-4 sm:py-2\">2<\/td>\n<td class=\"px-1 py-1 sm:px-4 sm:py-2\">3<\/td>\n<\/tr>\n<tr class=\"border-b border-gray-300\">\n<td class=\"font-semibold px-1 py-1 sm:px-4 sm:py-2\">US<\/td>\n<td class=\"px-1 py-1 sm:px-4 sm:py-2\">10<\/td>\n<td class=\"px-1 py-1 sm:px-4 sm:py-2\">11<\/td>\n<td class=\"px-1 py-1 sm:px-4 sm:py-2\">12<\/td>\n<td class=\"px-1 py-1 sm:px-4 sm:py-2\">13<\/td>\n<td class=\"px-1 py-1 sm:px-4 sm:py-2\">13.5<\/td>\n<td class=\"px-1 py-1 sm:px-4 sm:py-2\">1.5<\/td>\n<td class=\"px-1 py-1 sm:px-4 sm:py-2\">2<\/td>\n<td class=\"px-1 py-1 sm:px-4 sm:py-2\">3<\/td>\n<td class=\"px-1 py-1 sm:px-4 sm:py-2\">4<\/td>\n<\/tr>\n<tr class=\"border-b border-gray-300\">\n<td class=\"font-semibold px-1 py-1 sm:px-4 sm:py-2\">CM<\/td>\n<td class=\"px-1 py-1 sm:px-4 sm:py-2\">17.8<\/td>\n<td class=\"px-1 py-1 sm:px-4 sm:py-2\">18.5<\/td>\n<td class=\"px-1 py-1 sm:px-4 sm:py-2\">19.2<\/td>\n<td class=\"px-1 py-1 sm:px-4 sm:py-2\">20<\/td>\n<td class=\"px-1 py-1 sm:px-4 sm:py-2\">20.6<\/td>\n<td class=\"px-1 py-1 sm:px-4 sm:py-2\">21.2<\/td>\n<td class=\"px-1 py-1 sm:px-4 sm:py-2\">22<\/td>\n<td class=\"px-1 py-1 sm:px-4 sm:py-2\">22.7<\/td>\n<td class=\"px-1 py-1 sm:px-4 sm:py-2\">23.2<\/td>\n<\/tr>\n<tr class=\"border-b border-gray-300\">\n<td class=\"font-semibold px-1 py-1 sm:px-4 sm:py-2\">Inches<\/td>\n<td class=\"px-1 py-1 sm:px-4 sm:py-2\">7<\/td>\n<td class=\"px-1 py-1 sm:px-4 sm:py-2\">7.3<\/td>\n<td class=\"px-1 py-1 sm:px-4 sm:py-2\">7.6<\/td>\n<td class=\"px-1 py-1 sm:px-4 sm:py-2\">7.9<\/td>\n<td class=\"px-1 py-1 sm:px-4 sm:py-2\">8.1<\/td>\n<td class=\"px-1 py-1 sm:px-4 sm:py-2\">8.3<\/td>\n<td class=\"px-1 py-1 sm:px-4 sm:py-2\">8.7<\/td>\n<td class=\"px-1 py-1 sm:px-4 sm:py-2\">8.9<\/td>\n<td class=\"px-1 py-1 sm:px-4 sm:py-2\">9.1<\/td>\n<\/tr>\n<\/tbody>\n<\/table><\/div>\n<div class=\"font-bold mb-4 text-xs\">\n        Sandals MEDUSE\n    <\/div>\n<div class=\"mb-12\">\n<table class=\"min-w-full border-collapse text-xs sm:text-sm\">\n<thead>\n<tr class=\"text-left border-b border-gray-300\">\n<th class=\"px-1 py-1 sm:px-4 sm:py-2\">EU<\/th>\n<th class=\"px-1 py-1 sm:px-4 sm:py-2\">27<\/th>\n<th class=\"px-1 py-1 sm:px-4 sm:py-2\">28<\/th>\n<th class=\"px-1 py-1 sm:px-4 sm:py-2\">29<\/th>\n<th class=\"px-1 py-1 sm:px-4 sm:py-2\">30<\/th>\n<th class=\"px-1 py-1 sm:px-4 sm:py-2\">31<\/th>\n<th class=\"px-1 py-1 sm:px-4 sm:py-2\">32<\/th>\n<th class=\"px-1 py-1 sm:px-4 sm:py-2\">33<\/th>\n<th class=\"px-1 py-1 sm:px-4 sm:py-2\">34<\/th>\n<th class=\"px-1 py-1 sm:px-4 sm:py-2\">35<\/th>\n<th class=\"px-1 py-1 sm:px-4 sm:py-2\">36<\/th>\n<th class=\"px-1 py-1 sm:px-4 sm:py-2\">37<\/th>\n<th class=\"px-1 py-1 sm:px-4 sm:py-2\">38<\/th>\n<th class=\"px-1 py-1 sm:px-4 sm:py-2\">39<\/th>\n<\/tr>\n<\/thead>\n<tbody>\n<tr class=\"border-b border-gray-300\">\n<td class=\"font-semibold px-1 py-1 sm:px-4 sm:py-2\">UK<\/td>\n<td class=\"px-1 py-1 sm:px-4 sm:py-2\">9.5<\/td>\n<td class=\"px-1 py-1 sm:px-4 sm:py-2\">10<\/td>\n<td class=\"px-1 py-1 sm:px-4 sm:py-2\">11<\/td>\n<td class=\"px-1 py-1 sm:px-4 sm:py-2\">12<\/td>\n<td class=\"px-1 py-1 sm:px-4 sm:py-2\">12.5<\/td>\n<td class=\"px-1 py-1 sm:px-4 sm:py-2\">13.5<\/td>\n<td class=\"px-1 py-1 sm:px-4 sm:py-2\">1<\/td>\n<td class=\"px-1 py-1 sm:px-4 sm:py-2\">2<\/td>\n<td class=\"px-1 py-1 sm:px-4 sm:py-2\">3<\/td>\n<td class=\"px-1 py-1 sm:px-4 sm:py-2\">3.5<\/td>\n<td class=\"px-1 py-1 sm:px-4 sm:py-2\">4<\/td>\n<td class=\"px-1 py-1 sm:px-4 sm:py-2\">5<\/td>\n<td class=\"px-1 py-1 sm:px-4 sm:py-2\">6<\/td>\n<\/tr>\n<tr class=\"border-b border-gray-300\">\n<td class=\"font-semibold px-1 py-1 sm:px-4 sm:py-2\">US<\/td>\n<td class=\"px-1 py-1 sm:px-4 sm:py-2\">10<\/td>\n<td class=\"px-1 py-1 sm:px-4 sm:py-2\">11<\/td>\n<td class=\"px-1 py-1 sm:px-4 sm:py-2\">12<\/td>\n<td class=\"px-1 py-1 sm:px-4 sm:py-2\">12.5<\/td>\n<td class=\"px-1 py-1 sm:px-4 sm:py-2\">13<\/td>\n<td class=\"px-1 py-1 sm:px-4 sm:py-2\">1<\/td>\n<td class=\"px-1 py-1 sm:px-4 sm:py-2\">1.5<\/td>\n<td class=\"px-1 py-1 sm:px-4 sm:py-2\">2.5<\/td>\n<td class=\"px-1 py-1 sm:px-4 sm:py-2\">3<\/td>\n<td class=\"px-1 py-1 sm:px-4 sm:py-2\">5.5<\/td>\n<td class=\"px-1 py-1 sm:px-4 sm:py-2\">6<\/td>\n<td class=\"px-1 py-1 sm:px-4 sm:py-2\">7<\/td>\n<td class=\"px-1 py-1 sm:px-4 sm:py-2\">8<\/td>\n<\/tr>\n<tr class=\"border-b border-gray-300\">\n<td class=\"font-semibold px-1 py-1 sm:px-4 sm:py-2\">CM<\/td>\n<td class=\"px-1 py-1 sm:px-4 sm:py-2\">16.2<\/td>\n<td class=\"px-1 py-1 sm:px-4 sm:py-2\">16.8<\/td>\n<td class=\"px-1 py-1 sm:px-4 sm:py-2\">17.4<\/td>\n<td class=\"px-1 py-1 sm:px-4 sm:py-2\">18.2<\/td>\n<td class=\"px-1 py-1 sm:px-4 sm:py-2\">18.6<\/td>\n<td class=\"px-1 py-1 sm:px-4 sm:py-2\">19<\/td>\n<td class=\"px-1 py-1 sm:px-4 sm:py-2\">19.8<\/td>\n<td class=\"px-1 py-1 sm:px-4 sm:py-2\">21<\/td>\n<td class=\"px-1 py-1 sm:px-4 sm:py-2\">21.6<\/td>\n<td class=\"px-1 py-1 sm:px-4 sm:py-2\">22.2<\/td>\n<td class=\"px-1 py-1 sm:px-4 sm:py-2\">23<\/td>\n<td class=\"px-1 py-1 sm:px-4 sm:py-2\">23.8<\/td>\n<td class=\"px-1 py-1 sm:px-4 sm:py-2\">24.4<\/td>\n<\/tr>\n<tr class=\"border-b border-gray-300\">\n<td class=\"font-semibold px-1 py-1 sm:px-4 sm:py-2\">Inches<\/td>\n<td class=\"px-1 py-1 sm:px-4 sm:py-2\">6.4<\/td>\n<td class=\"px-1 py-1 sm:px-4 sm:py-2\">6.6<\/td>\n<td class=\"px-1 py-1 sm:px-4 sm:py-2\">6.9<\/td>\n<td class=\"px-1 py-1 sm:px-4 sm:py-2\">7.2<\/td>\n<td class=\"px-1 py-1 sm:px-4 sm:py-2\">7.3<\/td>\n<td class=\"px-1 py-1 sm:px-4 sm:py-2\">7.5<\/td>\n<td class=\"px-1 py-1 sm:px-4 sm:py-2\">7.8<\/td>\n<td class=\"px-1 py-1 sm:px-4 sm:py-2\">8.3<\/td>\n<td class=\"px-1 py-1 sm:px-4 sm:py-2\">8.5<\/td>\n<td class=\"px-1 py-1 sm:px-4 sm:py-2\">8.7<\/td>\n<td class=\"px-1 py-1 sm:px-4 sm:py-2\">9<\/td>\n<td class=\"px-1 py-1 sm:px-4 sm:py-2\">9.4<\/td>\n<td class=\"px-1 py-1 sm:px-4 sm:py-2\">9.6<\/td>\n<\/tr>\n<\/tbody>\n<\/table><\/div>\n<\/div>\n<\/div>\n\t\t\t\t\t\t<\/div>\n\t\t\t\t<\/div>\n\t\t\t\t\t<\/div>\n\t\t\t\t<\/div>\n\t\t\t\t<\/div>\n\t\t","protected":false},"excerpt":{"rendered":"","protected":false},"author":3813,"featured_media":0,"parent":0,"menu_order":0,"comment_status":"closed","ping_status":"closed","template":"","meta":{"footnotes":""},"class_list":["post-64408","page","type-page","status-publish","hentry"],"acf":[],"yoast_head":"<!-- This site is optimized with the Yoast SEO Premium plugin v20.11 (Yoast SEO v24.3) - https:\/\/yoast.com\/wordpress\/plugins\/seo\/ -->\n<title>Dyd\u017ei\u0173 lentel\u0117 - OXOX<\/title>\n<meta name=\"robots\" content=\"index, follow, max-snippet:-1, max-image-preview:large, max-video-preview:-1\" \/>\n<link rel=\"canonical\" href=\"https:\/\/oxoxclub.com\/lt\/dydziu-lentele\/\" \/>\n<meta property=\"og:locale\" content=\"lt_LT\" \/>\n<meta property=\"og:type\" content=\"article\" \/>\n<meta property=\"og:title\" content=\"Dyd\u017ei\u0173 lentel\u0117\" \/>\n<meta property=\"og:url\" content=\"https:\/\/oxoxclub.com\/lt\/dydziu-lentele\/\" \/>\n<meta property=\"og:site_name\" content=\"OXOX\" \/>\n<meta property=\"article:publisher\" content=\"https:\/\/facebook.com\/oxoxclub\/\" \/>\n<meta property=\"article:modified_time\" content=\"2025-03-18T13:24:33+00:00\" \/>\n<meta property=\"og:image\" content=\"https:\/\/oxoxclub.com\/wp-content\/uploads\/new-oxoxclub-blue-logo-tiny.png\" \/>\n\t<meta property=\"og:image:width\" content=\"1605\" \/>\n\t<meta property=\"og:image:height\" content=\"1161\" \/>\n\t<meta property=\"og:image:type\" content=\"image\/png\" \/>\n<meta name=\"twitter:card\" content=\"summary_large_image\" \/>\n<script type=\"application\/ld+json\" class=\"yoast-schema-graph\">{\"@context\":\"https:\/\/schema.org\",\"@graph\":[{\"@type\":\"WebPage\",\"@id\":\"https:\/\/oxoxclub.com\/lt\/dydziu-lentele\/\",\"url\":\"https:\/\/oxoxclub.com\/lt\/dydziu-lentele\/\",\"name\":\"Dyd\u017ei\u0173 lentel\u0117 - OXOX\",\"isPartOf\":{\"@id\":\"https:\/\/oxoxclub.com\/lt\/#website\"},\"datePublished\":\"2023-02-02T12:28:42+00:00\",\"dateModified\":\"2025-03-18T13:24:33+00:00\",\"breadcrumb\":{\"@id\":\"https:\/\/oxoxclub.com\/lt\/dydziu-lentele\/#breadcrumb\"},\"inLanguage\":\"lt-LT\",\"potentialAction\":[{\"@type\":\"ReadAction\",\"target\":[\"https:\/\/oxoxclub.com\/lt\/dydziu-lentele\/\"]}]},{\"@type\":\"BreadcrumbList\",\"@id\":\"https:\/\/oxoxclub.com\/lt\/dydziu-lentele\/#breadcrumb\",\"itemListElement\":[{\"@type\":\"ListItem\",\"position\":1,\"name\":\"Home\",\"item\":\"https:\/\/oxoxclub.com\/lt\/\"},{\"@type\":\"ListItem\",\"position\":2,\"name\":\"Dyd\u017ei\u0173 lentel\u0117\"}]},{\"@type\":\"WebSite\",\"@id\":\"https:\/\/oxoxclub.com\/lt\/#website\",\"url\":\"https:\/\/oxoxclub.com\/lt\/\",\"name\":\"OXOX CLUB\",\"description\":\"On a mission of never growing up\",\"publisher\":{\"@id\":\"https:\/\/oxoxclub.com\/lt\/#organization\"},\"potentialAction\":[{\"@type\":\"SearchAction\",\"target\":{\"@type\":\"EntryPoint\",\"urlTemplate\":\"https:\/\/oxoxclub.com\/lt\/?s={search_term_string}\"},\"query-input\":{\"@type\":\"PropertyValueSpecification\",\"valueRequired\":true,\"valueName\":\"search_term_string\"}}],\"inLanguage\":\"lt-LT\"},{\"@type\":\"Organization\",\"@id\":\"https:\/\/oxoxclub.com\/lt\/#organization\",\"name\":\"OXOX CLUB\",\"url\":\"https:\/\/oxoxclub.com\/lt\/\",\"logo\":{\"@type\":\"ImageObject\",\"inLanguage\":\"lt-LT\",\"@id\":\"https:\/\/oxoxclub.com\/lt\/#\/schema\/logo\/image\/\",\"url\":\"https:\/\/oxoxclub.com\/wp-content\/uploads\/oxox-logo-in-blue-4.png\",\"contentUrl\":\"https:\/\/oxoxclub.com\/wp-content\/uploads\/oxox-logo-in-blue-4.png\",\"width\":414,\"height\":300,\"caption\":\"OXOX CLUB\"},\"image\":{\"@id\":\"https:\/\/oxoxclub.com\/lt\/#\/schema\/logo\/image\/\"},\"sameAs\":[\"https:\/\/facebook.com\/oxoxclub\/\",\"https:\/\/www.instagram.com\/oxoxclub\/\"]}]}<\/script>\n<!-- \/ Yoast SEO Premium plugin. -->","yoast_head_json":{"title":"Dyd\u017ei\u0173 lentel\u0117 - OXOX","robots":{"index":"index","follow":"follow","max-snippet":"max-snippet:-1","max-image-preview":"max-image-preview:large","max-video-preview":"max-video-preview:-1"},"canonical":"https:\/\/oxoxclub.com\/lt\/dydziu-lentele\/","og_locale":"lt_LT","og_type":"article","og_title":"Dyd\u017ei\u0173 lentel\u0117","og_url":"https:\/\/oxoxclub.com\/lt\/dydziu-lentele\/","og_site_name":"OXOX","article_publisher":"https:\/\/facebook.com\/oxoxclub\/","article_modified_time":"2025-03-18T13:24:33+00:00","og_image":[{"width":1605,"height":1161,"url":"https:\/\/oxoxclub.com\/wp-content\/uploads\/new-oxoxclub-blue-logo-tiny.png","type":"image\/png"}],"twitter_card":"summary_large_image","schema":{"@context":"https:\/\/schema.org","@graph":[{"@type":"WebPage","@id":"https:\/\/oxoxclub.com\/lt\/dydziu-lentele\/","url":"https:\/\/oxoxclub.com\/lt\/dydziu-lentele\/","name":"Dyd\u017ei\u0173 lentel\u0117 - OXOX","isPartOf":{"@id":"https:\/\/oxoxclub.com\/lt\/#website"},"datePublished":"2023-02-02T12:28:42+00:00","dateModified":"2025-03-18T13:24:33+00:00","breadcrumb":{"@id":"https:\/\/oxoxclub.com\/lt\/dydziu-lentele\/#breadcrumb"},"inLanguage":"lt-LT","potentialAction":[{"@type":"ReadAction","target":["https:\/\/oxoxclub.com\/lt\/dydziu-lentele\/"]}]},{"@type":"BreadcrumbList","@id":"https:\/\/oxoxclub.com\/lt\/dydziu-lentele\/#breadcrumb","itemListElement":[{"@type":"ListItem","position":1,"name":"Home","item":"https:\/\/oxoxclub.com\/lt\/"},{"@type":"ListItem","position":2,"name":"Dyd\u017ei\u0173 lentel\u0117"}]},{"@type":"WebSite","@id":"https:\/\/oxoxclub.com\/lt\/#website","url":"https:\/\/oxoxclub.com\/lt\/","name":"OXOX CLUB","description":"On a mission of never growing up","publisher":{"@id":"https:\/\/oxoxclub.com\/lt\/#organization"},"potentialAction":[{"@type":"SearchAction","target":{"@type":"EntryPoint","urlTemplate":"https:\/\/oxoxclub.com\/lt\/?s={search_term_string}"},"query-input":{"@type":"PropertyValueSpecification","valueRequired":true,"valueName":"search_term_string"}}],"inLanguage":"lt-LT"},{"@type":"Organization","@id":"https:\/\/oxoxclub.com\/lt\/#organization","name":"OXOX CLUB","url":"https:\/\/oxoxclub.com\/lt\/","logo":{"@type":"ImageObject","inLanguage":"lt-LT","@id":"https:\/\/oxoxclub.com\/lt\/#\/schema\/logo\/image\/","url":"https:\/\/oxoxclub.com\/wp-content\/uploads\/oxox-logo-in-blue-4.png","contentUrl":"https:\/\/oxoxclub.com\/wp-content\/uploads\/oxox-logo-in-blue-4.png","width":414,"height":300,"caption":"OXOX CLUB"},"image":{"@id":"https:\/\/oxoxclub.com\/lt\/#\/schema\/logo\/image\/"},"sameAs":["https:\/\/facebook.com\/oxoxclub\/","https:\/\/www.instagram.com\/oxoxclub\/"]}]}},"_links":{"self":[{"href":"https:\/\/oxoxclub.com\/lt\/wp-json\/wp\/v2\/pages\/64408","targetHints":{"allow":["GET"]}}],"collection":[{"href":"https:\/\/oxoxclub.com\/lt\/wp-json\/wp\/v2\/pages"}],"about":[{"href":"https:\/\/oxoxclub.com\/lt\/wp-json\/wp\/v2\/types\/page"}],"author":[{"embeddable":true,"href":"https:\/\/oxoxclub.com\/lt\/wp-json\/wp\/v2\/users\/3813"}],"replies":[{"embeddable":true,"href":"https:\/\/oxoxclub.com\/lt\/wp-json\/wp\/v2\/comments?post=64408"}],"version-history":[{"count":1,"href":"https:\/\/oxoxclub.com\/lt\/wp-json\/wp\/v2\/pages\/64408\/revisions"}],"predecessor-version":[{"id":64409,"href":"https:\/\/oxoxclub.com\/lt\/wp-json\/wp\/v2\/pages\/64408\/revisions\/64409"}],"wp:attachment":[{"href":"https:\/\/oxoxclub.com\/lt\/wp-json\/wp\/v2\/media?parent=64408"}],"curies":[{"name":"wp","href":"https:\/\/api.w.org\/{rel}","templated":true}]}}