{"id":71766,"date":"2022-08-16T18:59:36","date_gmt":"2022-08-16T16:59:36","guid":{"rendered":"https:\/\/oxoxclub-com-486310.hostingersite.com\/tvarumo-faktai\/"},"modified":"2026-03-24T17:36:21","modified_gmt":"2026-03-24T15:36:21","slug":"tvarumo-faktai","status":"publish","type":"page","link":"https:\/\/oxoxclub.com\/lt\/tvarumo-faktai\/","title":{"rendered":"Tvarumo faktai"},"content":{"rendered":"\t\t<div data-elementor-type=\"wp-page\" data-elementor-id=\"71766\" class=\"elementor elementor-71766 elementor-28973\" data-elementor-post-type=\"page\">\n\t\t\t\t\t\t<section class=\"elementor-section elementor-top-section elementor-element elementor-element-52a9618 elementor-section-height-min-height elementor-section-boxed elementor-section-height-default elementor-section-items-middle\" data-id=\"52a9618\" data-element_type=\"section\" data-settings=\"{&quot;background_background&quot;:&quot;classic&quot;}\">\n\t\t\t\t\t\t<div class=\"elementor-container elementor-column-gap-default\">\n\t\t\t\t\t<div class=\"elementor-column elementor-col-100 elementor-top-column elementor-element elementor-element-c37fa61\" data-id=\"c37fa61\" data-element_type=\"column\">\n\t\t\t<div class=\"elementor-widget-wrap elementor-element-populated\">\n\t\t\t\t\t\t<div class=\"elementor-element elementor-element-9834641 elementor-widget elementor-widget-heading\" data-id=\"9834641\" data-element_type=\"widget\" data-widget_type=\"heading.default\">\n\t\t\t\t<div class=\"elementor-widget-container\">\n\t\t\t\t\t<h1 class=\"elementor-heading-title elementor-size-default\">Tvarumas<\/h1>\t\t\t\t<\/div>\n\t\t\t\t<\/div>\n\t\t\t\t\t<\/div>\n\t\t<\/div>\n\t\t\t\t\t<\/div>\n\t\t<\/section>\n\t\t\t\t<section class=\"elementor-section elementor-top-section elementor-element elementor-element-f14b568 elementor-section-boxed elementor-section-height-default elementor-section-height-default\" data-id=\"f14b568\" data-element_type=\"section\" data-settings=\"{&quot;background_background&quot;:&quot;classic&quot;}\">\n\t\t\t\t\t\t<div class=\"elementor-container elementor-column-gap-default\">\n\t\t\t\t\t<div class=\"elementor-column elementor-col-100 elementor-top-column elementor-element elementor-element-68f7696\" data-id=\"68f7696\" data-element_type=\"column\">\n\t\t\t<div class=\"elementor-widget-wrap elementor-element-populated\">\n\t\t\t\t\t\t<div class=\"elementor-element elementor-element-d632ee9 elementor-widget elementor-widget-heading\" data-id=\"d632ee9\" data-element_type=\"widget\" data-widget_type=\"heading.default\">\n\t\t\t\t<div class=\"elementor-widget-container\">\n\t\t\t\t\t<h2 class=\"elementor-heading-title elementor-size-default\"><p>Dar nedr\u012fstame sav\u0119s vadinti visi\u0161kai tvariu prek\u0117s \u017eenklu, ta\u010diau kasdien stengiam\u0117s \u017eengti \u017eingsn\u012f pirmyn.<\/p><\/h2>\t\t\t\t<\/div>\n\t\t\t\t<\/div>\n\t\t\t\t\t<\/div>\n\t\t<\/div>\n\t\t\t\t\t<\/div>\n\t\t<\/section>\n\t\t\t\t<section class=\"elementor-section elementor-top-section elementor-element elementor-element-06e2bea elementor-section-boxed elementor-section-height-default elementor-section-height-default\" data-id=\"06e2bea\" data-element_type=\"section\" data-settings=\"{&quot;background_background&quot;:&quot;classic&quot;}\">\n\t\t\t\t\t\t<div class=\"elementor-container elementor-column-gap-default\">\n\t\t\t\t\t<div class=\"elementor-column elementor-col-100 elementor-top-column elementor-element elementor-element-6849684\" data-id=\"6849684\" data-element_type=\"column\">\n\t\t\t<div class=\"elementor-widget-wrap elementor-element-populated\">\n\t\t\t\t\t\t<div class=\"elementor-element elementor-element-2089609 elementor-widget elementor-widget-heading\" data-id=\"2089609\" data-element_type=\"widget\" data-widget_type=\"heading.default\">\n\t\t\t\t<div class=\"elementor-widget-container\">\n\t\t\t\t\t<h3 class=\"elementor-heading-title elementor-size-default\">Vietin\u0117 gamyba<\/h3>\t\t\t\t<\/div>\n\t\t\t\t<\/div>\n\t\t\t\t<div class=\"elementor-element elementor-element-d55fa93 elementor-widget elementor-widget-text-editor\" data-id=\"d55fa93\" data-element_type=\"widget\" data-widget_type=\"text-editor.default\">\n\t\t\t\t<div class=\"elementor-widget-container\">\n\t\t\t\t\t\t\t\t\t<p data-start=\"141\" data-end=\"349\">Kuriame ir gaminame Lietuvoje. Artimas ry\u0161ys su gamyba leid\u017eia mums b\u016bti \u012fsitraukusiems \u012f kiekvien\u0105 proceso \u017eingsn\u012f \u2014 u\u017etikrinant kokyb\u0119, nuoseklum\u0105 ir atsakomyb\u0119.<\/p>\t\t\t\t\t\t\t\t<\/div>\n\t\t\t\t<\/div>\n\t\t\t\t<div class=\"elementor-element elementor-element-ad5b5cb elementor-widget elementor-widget-heading\" data-id=\"ad5b5cb\" data-element_type=\"widget\" data-widget_type=\"heading.default\">\n\t\t\t\t<div class=\"elementor-widget-container\">\n\t\t\t\t\t<h3 class=\"elementor-heading-title elementor-size-default\">Med\u017eiagos<\/h3>\t\t\t\t<\/div>\n\t\t\t\t<\/div>\n\t\t\t\t<div class=\"elementor-element elementor-element-24a560b elementor-widget elementor-widget-text-editor\" data-id=\"24a560b\" data-element_type=\"widget\" data-widget_type=\"text-editor.default\">\n\t\t\t\t<div class=\"elementor-widget-container\">\n\t\t\t\t\t\t\t\t\t<p>Renkam\u0117s nat\u016bralias ir sertifikuotas med\u017eiagas. GOTS sertifikuota organin\u0117 medviln\u0117 yra m\u016bs\u0173 pagrindas.<\/p>\t\t\t\t\t\t\t\t<\/div>\n\t\t\t\t<\/div>\n\t\t\t\t<div class=\"elementor-element elementor-element-5de4eda elementor-widget elementor-widget-heading\" data-id=\"5de4eda\" data-element_type=\"widget\" data-widget_type=\"heading.default\">\n\t\t\t\t<div class=\"elementor-widget-container\">\n\t\t\t\t\t<h3 class=\"elementor-heading-title elementor-size-default\">Ma\u017ei kiekiai<\/h3>\t\t\t\t<\/div>\n\t\t\t\t<\/div>\n\t\t\t\t<div class=\"elementor-element elementor-element-8c4db9e elementor-widget elementor-widget-text-editor\" data-id=\"8c4db9e\" data-element_type=\"widget\" data-widget_type=\"text-editor.default\">\n\t\t\t\t<div class=\"elementor-widget-container\">\n\t\t\t\t\t\t\t\t\t<p>Kuriame ribotais kiekiais \u2014 taip palaikome kokyb\u0119, d\u0117mes\u012f detal\u0117ms ir atsaking\u0105 po\u017ei\u016br\u012f \u012f gamyb\u0105.<\/p>\t\t\t\t\t\t\t\t<\/div>\n\t\t\t\t<\/div>\n\t\t\t\t<div class=\"elementor-element elementor-element-2c82fbf elementor-widget elementor-widget-heading\" data-id=\"2c82fbf\" data-element_type=\"widget\" data-widget_type=\"heading.default\">\n\t\t\t\t<div class=\"elementor-widget-container\">\n\t\t\t\t\t<h3 class=\"elementor-heading-title elementor-size-default\">Sukurta ilgam<\/h3>\t\t\t\t<\/div>\n\t\t\t\t<\/div>\n\t\t\t\t<div class=\"elementor-element elementor-element-3c469d3 elementor-widget elementor-widget-text-editor\" data-id=\"3c469d3\" data-element_type=\"widget\" data-widget_type=\"text-editor.default\">\n\t\t\t\t<div class=\"elementor-widget-container\">\n\t\t\t\t\t\t\t\t\t<p>Kolekcijas pristatome ma\u017eais \u201edropais\u201c visus metus, o ne pagal sezonus. Apgalvota kasdieni\u0173 drabu\u017ei\u0173 kolekcija \u2014 lengvai derinama, da\u017enai d\u0117vima ir i\u0161liekanti aktuali ilgiau nei vien\u0105 sezon\u0105.<\/p>\t\t\t\t\t\t\t\t<\/div>\n\t\t\t\t<\/div>\n\t\t\t\t\t<\/div>\n\t\t<\/div>\n\t\t\t\t\t<\/div>\n\t\t<\/section>\n\t\t\t\t<section class=\"elementor-section elementor-top-section elementor-element elementor-element-ac432c1 elementor-section-full_width elementor-section-height-default elementor-section-height-default\" data-id=\"ac432c1\" data-element_type=\"section\" data-settings=\"{&quot;background_background&quot;:&quot;classic&quot;}\">\n\t\t\t\t\t\t<div class=\"elementor-container elementor-column-gap-default\">\n\t\t\t\t\t<div class=\"elementor-column elementor-col-100 elementor-top-column elementor-element elementor-element-0cd6bde\" data-id=\"0cd6bde\" data-element_type=\"column\">\n\t\t\t<div class=\"elementor-widget-wrap\">\n\t\t\t\t\t\t\t<\/div>\n\t\t<\/div>\n\t\t\t\t\t<\/div>\n\t\t<\/section>\n\t\t\t\t<\/div>\n\t\t","protected":false},"excerpt":{"rendered":"<p>Tvarumas Dar nedr\u012fstame sav\u0119s vadinti visi\u0161kai tvariu prek\u0117s \u017eenklu, ta\u010diau kasdien stengiam\u0117s \u017eengti \u017eingsn\u012f pirmyn. Vietin\u0117 gamyba Kuriame ir gaminame Lietuvoje. Artimas ry\u0161ys su gamyba leid\u017eia mums b\u016bti \u012fsitraukusiems \u012f kiekvien\u0105 proceso \u017eingsn\u012f \u2014 u\u017etikrinant kokyb\u0119, nuoseklum\u0105 ir atsakomyb\u0119. Med\u017eiagos Renkam\u0117s nat\u016bralias ir sertifikuotas med\u017eiagas. GOTS sertifikuota organin\u0117 medviln\u0117 yra m\u016bs\u0173 pagrindas. Ma\u017ei kiekiai Kuriame [&hellip;]<\/p>\n","protected":false},"author":3813,"featured_media":0,"parent":0,"menu_order":0,"comment_status":"closed","ping_status":"closed","template":"","meta":{"footnotes":""},"class_list":["post-71766","page","type-page","status-publish","hentry"],"acf":[],"yoast_head":"<!-- This site is optimized with the Yoast SEO Premium plugin v20.11 (Yoast SEO v24.3) - https:\/\/yoast.com\/wordpress\/plugins\/seo\/ -->\n<title>Tvarumo faktai - OXOX<\/title>\n<meta name=\"robots\" content=\"index, follow, max-snippet:-1, max-image-preview:large, max-video-preview:-1\" \/>\n<link rel=\"canonical\" href=\"https:\/\/oxoxclub.com\/lt\/tvarumo-faktai\/\" \/>\n<meta property=\"og:locale\" content=\"lt_LT\" \/>\n<meta property=\"og:type\" content=\"article\" \/>\n<meta property=\"og:title\" content=\"Tvarumo faktai\" \/>\n<meta property=\"og:description\" content=\"Tvarumas Dar nedr\u012fstame sav\u0119s vadinti visi\u0161kai tvariu prek\u0117s \u017eenklu, ta\u010diau kasdien stengiam\u0117s \u017eengti \u017eingsn\u012f pirmyn. Vietin\u0117 gamyba Kuriame ir gaminame Lietuvoje. Artimas ry\u0161ys su gamyba leid\u017eia mums b\u016bti \u012fsitraukusiems \u012f kiekvien\u0105 proceso \u017eingsn\u012f \u2014 u\u017etikrinant kokyb\u0119, nuoseklum\u0105 ir atsakomyb\u0119. Med\u017eiagos Renkam\u0117s nat\u016bralias ir sertifikuotas med\u017eiagas. GOTS sertifikuota organin\u0117 medviln\u0117 yra m\u016bs\u0173 pagrindas. Ma\u017ei kiekiai Kuriame [&hellip;]\" \/>\n<meta property=\"og:url\" content=\"https:\/\/oxoxclub.com\/lt\/tvarumo-faktai\/\" \/>\n<meta property=\"og:site_name\" content=\"OXOX\" \/>\n<meta property=\"article:publisher\" content=\"https:\/\/facebook.com\/oxoxclub\/\" \/>\n<meta property=\"article:modified_time\" content=\"2026-03-24T15:36:21+00:00\" \/>\n<meta property=\"og:image\" content=\"https:\/\/oxoxclub.com\/wp-content\/uploads\/new-oxoxclub-blue-logo-tiny.png\" \/>\n\t<meta property=\"og:image:width\" content=\"1605\" \/>\n\t<meta property=\"og:image:height\" content=\"1161\" \/>\n\t<meta property=\"og:image:type\" content=\"image\/png\" \/>\n<meta name=\"twitter:card\" content=\"summary_large_image\" \/>\n<meta name=\"twitter:label1\" content=\"Est. reading time\" \/>\n\t<meta name=\"twitter:data1\" content=\"1 minut\u0117\" \/>\n<script type=\"application\/ld+json\" class=\"yoast-schema-graph\">{\"@context\":\"https:\/\/schema.org\",\"@graph\":[{\"@type\":\"WebPage\",\"@id\":\"https:\/\/oxoxclub.com\/lt\/tvarumo-faktai\/\",\"url\":\"https:\/\/oxoxclub.com\/lt\/tvarumo-faktai\/\",\"name\":\"Tvarumo faktai - OXOX\",\"isPartOf\":{\"@id\":\"https:\/\/oxoxclub.com\/lt\/#website\"},\"datePublished\":\"2022-08-16T16:59:36+00:00\",\"dateModified\":\"2026-03-24T15:36:21+00:00\",\"breadcrumb\":{\"@id\":\"https:\/\/oxoxclub.com\/lt\/tvarumo-faktai\/#breadcrumb\"},\"inLanguage\":\"lt-LT\",\"potentialAction\":[{\"@type\":\"ReadAction\",\"target\":[\"https:\/\/oxoxclub.com\/lt\/tvarumo-faktai\/\"]}]},{\"@type\":\"BreadcrumbList\",\"@id\":\"https:\/\/oxoxclub.com\/lt\/tvarumo-faktai\/#breadcrumb\",\"itemListElement\":[{\"@type\":\"ListItem\",\"position\":1,\"name\":\"Home\",\"item\":\"https:\/\/oxoxclub.com\/lt\/\"},{\"@type\":\"ListItem\",\"position\":2,\"name\":\"Tvarumo faktai\"}]},{\"@type\":\"WebSite\",\"@id\":\"https:\/\/oxoxclub.com\/lt\/#website\",\"url\":\"https:\/\/oxoxclub.com\/lt\/\",\"name\":\"OXOX CLUB\",\"description\":\"On a mission of never growing up\",\"publisher\":{\"@id\":\"https:\/\/oxoxclub.com\/lt\/#organization\"},\"potentialAction\":[{\"@type\":\"SearchAction\",\"target\":{\"@type\":\"EntryPoint\",\"urlTemplate\":\"https:\/\/oxoxclub.com\/lt\/?s={search_term_string}\"},\"query-input\":{\"@type\":\"PropertyValueSpecification\",\"valueRequired\":true,\"valueName\":\"search_term_string\"}}],\"inLanguage\":\"lt-LT\"},{\"@type\":\"Organization\",\"@id\":\"https:\/\/oxoxclub.com\/lt\/#organization\",\"name\":\"OXOX CLUB\",\"url\":\"https:\/\/oxoxclub.com\/lt\/\",\"logo\":{\"@type\":\"ImageObject\",\"inLanguage\":\"lt-LT\",\"@id\":\"https:\/\/oxoxclub.com\/lt\/#\/schema\/logo\/image\/\",\"url\":\"https:\/\/oxoxclub.com\/wp-content\/uploads\/oxox-logo-in-blue-4.png\",\"contentUrl\":\"https:\/\/oxoxclub.com\/wp-content\/uploads\/oxox-logo-in-blue-4.png\",\"width\":414,\"height\":300,\"caption\":\"OXOX CLUB\"},\"image\":{\"@id\":\"https:\/\/oxoxclub.com\/lt\/#\/schema\/logo\/image\/\"},\"sameAs\":[\"https:\/\/facebook.com\/oxoxclub\/\",\"https:\/\/www.instagram.com\/oxoxclub\/\"]}]}<\/script>\n<!-- \/ Yoast SEO Premium plugin. -->","yoast_head_json":{"title":"Tvarumo faktai - OXOX","robots":{"index":"index","follow":"follow","max-snippet":"max-snippet:-1","max-image-preview":"max-image-preview:large","max-video-preview":"max-video-preview:-1"},"canonical":"https:\/\/oxoxclub.com\/lt\/tvarumo-faktai\/","og_locale":"lt_LT","og_type":"article","og_title":"Tvarumo faktai","og_description":"Tvarumas Dar nedr\u012fstame sav\u0119s vadinti visi\u0161kai tvariu prek\u0117s \u017eenklu, ta\u010diau kasdien stengiam\u0117s \u017eengti \u017eingsn\u012f pirmyn. Vietin\u0117 gamyba Kuriame ir gaminame Lietuvoje. Artimas ry\u0161ys su gamyba leid\u017eia mums b\u016bti \u012fsitraukusiems \u012f kiekvien\u0105 proceso \u017eingsn\u012f \u2014 u\u017etikrinant kokyb\u0119, nuoseklum\u0105 ir atsakomyb\u0119. Med\u017eiagos Renkam\u0117s nat\u016bralias ir sertifikuotas med\u017eiagas. GOTS sertifikuota organin\u0117 medviln\u0117 yra m\u016bs\u0173 pagrindas. Ma\u017ei kiekiai Kuriame [&hellip;]","og_url":"https:\/\/oxoxclub.com\/lt\/tvarumo-faktai\/","og_site_name":"OXOX","article_publisher":"https:\/\/facebook.com\/oxoxclub\/","article_modified_time":"2026-03-24T15:36:21+00:00","og_image":[{"width":1605,"height":1161,"url":"https:\/\/oxoxclub.com\/wp-content\/uploads\/new-oxoxclub-blue-logo-tiny.png","type":"image\/png"}],"twitter_card":"summary_large_image","twitter_misc":{"Est. reading time":"1 minut\u0117"},"schema":{"@context":"https:\/\/schema.org","@graph":[{"@type":"WebPage","@id":"https:\/\/oxoxclub.com\/lt\/tvarumo-faktai\/","url":"https:\/\/oxoxclub.com\/lt\/tvarumo-faktai\/","name":"Tvarumo faktai - OXOX","isPartOf":{"@id":"https:\/\/oxoxclub.com\/lt\/#website"},"datePublished":"2022-08-16T16:59:36+00:00","dateModified":"2026-03-24T15:36:21+00:00","breadcrumb":{"@id":"https:\/\/oxoxclub.com\/lt\/tvarumo-faktai\/#breadcrumb"},"inLanguage":"lt-LT","potentialAction":[{"@type":"ReadAction","target":["https:\/\/oxoxclub.com\/lt\/tvarumo-faktai\/"]}]},{"@type":"BreadcrumbList","@id":"https:\/\/oxoxclub.com\/lt\/tvarumo-faktai\/#breadcrumb","itemListElement":[{"@type":"ListItem","position":1,"name":"Home","item":"https:\/\/oxoxclub.com\/lt\/"},{"@type":"ListItem","position":2,"name":"Tvarumo faktai"}]},{"@type":"WebSite","@id":"https:\/\/oxoxclub.com\/lt\/#website","url":"https:\/\/oxoxclub.com\/lt\/","name":"OXOX CLUB","description":"On a mission of never growing up","publisher":{"@id":"https:\/\/oxoxclub.com\/lt\/#organization"},"potentialAction":[{"@type":"SearchAction","target":{"@type":"EntryPoint","urlTemplate":"https:\/\/oxoxclub.com\/lt\/?s={search_term_string}"},"query-input":{"@type":"PropertyValueSpecification","valueRequired":true,"valueName":"search_term_string"}}],"inLanguage":"lt-LT"},{"@type":"Organization","@id":"https:\/\/oxoxclub.com\/lt\/#organization","name":"OXOX CLUB","url":"https:\/\/oxoxclub.com\/lt\/","logo":{"@type":"ImageObject","inLanguage":"lt-LT","@id":"https:\/\/oxoxclub.com\/lt\/#\/schema\/logo\/image\/","url":"https:\/\/oxoxclub.com\/wp-content\/uploads\/oxox-logo-in-blue-4.png","contentUrl":"https:\/\/oxoxclub.com\/wp-content\/uploads\/oxox-logo-in-blue-4.png","width":414,"height":300,"caption":"OXOX CLUB"},"image":{"@id":"https:\/\/oxoxclub.com\/lt\/#\/schema\/logo\/image\/"},"sameAs":["https:\/\/facebook.com\/oxoxclub\/","https:\/\/www.instagram.com\/oxoxclub\/"]}]}},"_links":{"self":[{"href":"https:\/\/oxoxclub.com\/lt\/wp-json\/wp\/v2\/pages\/71766","targetHints":{"allow":["GET"]}}],"collection":[{"href":"https:\/\/oxoxclub.com\/lt\/wp-json\/wp\/v2\/pages"}],"about":[{"href":"https:\/\/oxoxclub.com\/lt\/wp-json\/wp\/v2\/types\/page"}],"author":[{"embeddable":true,"href":"https:\/\/oxoxclub.com\/lt\/wp-json\/wp\/v2\/users\/3813"}],"replies":[{"embeddable":true,"href":"https:\/\/oxoxclub.com\/lt\/wp-json\/wp\/v2\/comments?post=71766"}],"version-history":[{"count":7,"href":"https:\/\/oxoxclub.com\/lt\/wp-json\/wp\/v2\/pages\/71766\/revisions"}],"predecessor-version":[{"id":132478,"href":"https:\/\/oxoxclub.com\/lt\/wp-json\/wp\/v2\/pages\/71766\/revisions\/132478"}],"wp:attachment":[{"href":"https:\/\/oxoxclub.com\/lt\/wp-json\/wp\/v2\/media?parent=71766"}],"curies":[{"name":"wp","href":"https:\/\/api.w.org\/{rel}","templated":true}]}}