{"id":67067,"date":"2024-09-18T10:37:52","date_gmt":"2024-09-18T08:37:52","guid":{"rendered":"https:\/\/oxoxclub-com-486310.hostingersite.com\/products\/be-kategorijos\/check-dress-with-collar-2\/"},"modified":"2025-11-28T08:45:18","modified_gmt":"2025-11-28T06:45:18","slug":"maksi-suknele-su-apykakle","status":"publish","type":"product","link":"https:\/\/oxoxclub.com\/lt\/products\/city-tribe-lt\/maksi-suknele-su-apykakle\/","title":{"rendered":"Maksi suknel\u0117 su apykakle"},"content":{"rendered":"<p>\u0160i suknel\u0117 yra pagaminta i\u0161 lengvo languoto medvilninio audinio, yra maxi silueto, o labiausiai i\u0161siskiria savo masyvia apvalia apykakle, kuri yra pagrindinis suknel\u0117s akcentas.<\/p>\n<p>100% medviln\u0117 \/ Galima skalbti skalbykl\u0117je.<\/p>\n<p>Pagaminta Lietuvoje.<\/p>\n","protected":false},"excerpt":{"rendered":"<p>\u0160i suknel\u0117 yra pagaminta i\u0161 lengvo languoto medvilninio audinio, yra maxi silueto, o labiausiai i\u0161siskiria savo masyvia apvalia apykakle, kuri yra pagrindinis suknel\u0117s akcentas. 100% medviln\u0117 \/ Galima skalbti skalbykl\u0117je. Pagaminta Lietuvoje.<\/p>\n","protected":false},"featured_media":62317,"comment_status":"open","ping_status":"closed","template":"","meta":[],"product_brand":[],"product_cat":[615,662,661],"product_tag":[],"class_list":{"0":"post-67067","1":"product","2":"type-product","3":"status-publish","4":"has-post-thumbnail","6":"product_cat-city-tribe-lt","7":"product_cat-sukneles","8":"product_cat-sukneles-ir-sijonai","9":"pa_dresses-sukneles","10":"pa_size-chart-86-92-en","11":"pa_size-chart-98-104-en","12":"pa_size-chart-110-116-en","13":"pa_size-chart-122-128-en","14":"pa_size-chart-134-140-en","15":"pa_size-chart-146-152-en","17":"first","18":"instock","19":"taxable","20":"shipping-taxable","21":"purchasable","22":"product-type-variable"},"acf":[],"yoast_head":"<!-- This site is optimized with the Yoast SEO Premium plugin v20.11 (Yoast SEO v24.3) - https:\/\/yoast.com\/wordpress\/plugins\/seo\/ -->\n<title>Maksi suknel\u0117 su apykakle - OXOX<\/title>\n<meta name=\"robots\" content=\"index, follow, max-snippet:-1, max-image-preview:large, max-video-preview:-1\" \/>\n<link rel=\"canonical\" href=\"https:\/\/oxoxclub.com\/lt\/products\/city-tribe-lt\/maksi-suknele-su-apykakle\/\" \/>\n<meta property=\"og:locale\" content=\"lt_LT\" \/>\n<meta property=\"og:type\" content=\"article\" \/>\n<meta property=\"og:title\" content=\"Maksi suknel\u0117 su apykakle\" \/>\n<meta property=\"og:description\" content=\"\u0160i suknel\u0117 yra pagaminta i\u0161 lengvo languoto medvilninio audinio, yra maxi silueto, o labiausiai i\u0161siskiria savo masyvia apvalia apykakle, kuri yra pagrindinis suknel\u0117s akcentas. 100% medviln\u0117 \/ Galima skalbti skalbykl\u0117je. Pagaminta Lietuvoje.\" \/>\n<meta property=\"og:url\" content=\"https:\/\/oxoxclub.com\/lt\/products\/city-tribe-lt\/maksi-suknele-su-apykakle\/\" \/>\n<meta property=\"og:site_name\" content=\"OXOX\" \/>\n<meta property=\"article:publisher\" content=\"https:\/\/facebook.com\/oxoxclub\/\" \/>\n<meta property=\"article:modified_time\" content=\"2025-11-28T06:45:18+00:00\" \/>\n<meta property=\"og:image\" content=\"https:\/\/oxoxclub.com\/wp-content\/uploads\/foto.46-scaled.jpg\" \/>\n\t<meta property=\"og:image:width\" content=\"1707\" \/>\n\t<meta property=\"og:image:height\" content=\"2560\" \/>\n\t<meta property=\"og:image:type\" content=\"image\/jpeg\" \/>\n<meta name=\"twitter:card\" content=\"summary_large_image\" \/>\n<meta name=\"twitter:label1\" content=\"Availability\" \/>\n\t<meta name=\"twitter:data1\" content=\"In stock\" \/>\n<script type=\"application\/ld+json\" class=\"yoast-schema-graph\">{\"@context\":\"https:\/\/schema.org\",\"@graph\":[{\"@type\":\"WebPage\",\"@id\":\"https:\/\/oxoxclub.com\/lt\/products\/city-tribe-lt\/maksi-suknele-su-apykakle\/\",\"url\":\"https:\/\/oxoxclub.com\/lt\/products\/city-tribe-lt\/maksi-suknele-su-apykakle\/\",\"name\":\"Maksi suknel\u0117 su apykakle - OXOX\",\"isPartOf\":{\"@id\":\"https:\/\/oxoxclub.com\/lt\/#website\"},\"primaryImageOfPage\":{\"@id\":\"https:\/\/oxoxclub.com\/lt\/products\/city-tribe-lt\/maksi-suknele-su-apykakle\/#primaryimage\"},\"image\":{\"@id\":\"https:\/\/oxoxclub.com\/lt\/products\/city-tribe-lt\/maksi-suknele-su-apykakle\/#primaryimage\"},\"thumbnailUrl\":\"https:\/\/oxoxclub.com\/wp-content\/uploads\/foto.46-scaled.jpg\",\"datePublished\":\"2024-09-18T08:37:52+00:00\",\"dateModified\":\"2025-11-28T06:45:18+00:00\",\"breadcrumb\":{\"@id\":\"https:\/\/oxoxclub.com\/lt\/products\/city-tribe-lt\/maksi-suknele-su-apykakle\/#breadcrumb\"},\"inLanguage\":\"lt-LT\",\"potentialAction\":[{\"@type\":\"ReadAction\",\"target\":[\"https:\/\/oxoxclub.com\/lt\/products\/city-tribe-lt\/maksi-suknele-su-apykakle\/\"]}]},{\"@type\":\"ImageObject\",\"inLanguage\":\"lt-LT\",\"@id\":\"https:\/\/oxoxclub.com\/lt\/products\/city-tribe-lt\/maksi-suknele-su-apykakle\/#primaryimage\",\"url\":\"https:\/\/oxoxclub.com\/wp-content\/uploads\/foto.46-scaled.jpg\",\"contentUrl\":\"https:\/\/oxoxclub.com\/wp-content\/uploads\/foto.46-scaled.jpg\",\"width\":1707,\"height\":2560},{\"@type\":\"BreadcrumbList\",\"@id\":\"https:\/\/oxoxclub.com\/lt\/products\/city-tribe-lt\/maksi-suknele-su-apykakle\/#breadcrumb\",\"itemListElement\":[{\"@type\":\"ListItem\",\"position\":1,\"name\":\"Home\",\"item\":\"https:\/\/oxoxclub.com\/lt\/\"},{\"@type\":\"ListItem\",\"position\":2,\"name\":\"Shop\",\"item\":\"https:\/\/oxoxclub.com\/products\/\"},{\"@type\":\"ListItem\",\"position\":3,\"name\":\"Maksi suknel\u0117 su apykakle\"}]},{\"@type\":\"WebSite\",\"@id\":\"https:\/\/oxoxclub.com\/lt\/#website\",\"url\":\"https:\/\/oxoxclub.com\/lt\/\",\"name\":\"OXOX CLUB\",\"description\":\"On a mission of never growing up\",\"publisher\":{\"@id\":\"https:\/\/oxoxclub.com\/lt\/#organization\"},\"potentialAction\":[{\"@type\":\"SearchAction\",\"target\":{\"@type\":\"EntryPoint\",\"urlTemplate\":\"https:\/\/oxoxclub.com\/lt\/?s={search_term_string}\"},\"query-input\":{\"@type\":\"PropertyValueSpecification\",\"valueRequired\":true,\"valueName\":\"search_term_string\"}}],\"inLanguage\":\"lt-LT\"},{\"@type\":\"Organization\",\"@id\":\"https:\/\/oxoxclub.com\/lt\/#organization\",\"name\":\"OXOX CLUB\",\"url\":\"https:\/\/oxoxclub.com\/lt\/\",\"logo\":{\"@type\":\"ImageObject\",\"inLanguage\":\"lt-LT\",\"@id\":\"https:\/\/oxoxclub.com\/lt\/#\/schema\/logo\/image\/\",\"url\":\"https:\/\/oxoxclub.com\/wp-content\/uploads\/oxox-logo-in-blue-4.png\",\"contentUrl\":\"https:\/\/oxoxclub.com\/wp-content\/uploads\/oxox-logo-in-blue-4.png\",\"width\":414,\"height\":300,\"caption\":\"OXOX CLUB\"},\"image\":{\"@id\":\"https:\/\/oxoxclub.com\/lt\/#\/schema\/logo\/image\/\"},\"sameAs\":[\"https:\/\/facebook.com\/oxoxclub\/\",\"https:\/\/www.instagram.com\/oxoxclub\/\"]}]}<\/script>\n<meta property=\"og:availability\" content=\"instock\" \/>\n<meta property=\"product:availability\" content=\"instock\" \/>\n<meta property=\"product:retailer_item_id\" content=\"29.448.30\" \/>\n<meta property=\"product:condition\" content=\"new\" \/>\n<!-- \/ Yoast SEO Premium plugin. -->","yoast_head_json":{"title":"Maksi suknel\u0117 su apykakle - OXOX","robots":{"index":"index","follow":"follow","max-snippet":"max-snippet:-1","max-image-preview":"max-image-preview:large","max-video-preview":"max-video-preview:-1"},"canonical":"https:\/\/oxoxclub.com\/lt\/products\/city-tribe-lt\/maksi-suknele-su-apykakle\/","og_locale":"lt_LT","og_type":"article","og_title":"Maksi suknel\u0117 su apykakle","og_description":"\u0160i suknel\u0117 yra pagaminta i\u0161 lengvo languoto medvilninio audinio, yra maxi silueto, o labiausiai i\u0161siskiria savo masyvia apvalia apykakle, kuri yra pagrindinis suknel\u0117s akcentas. 100% medviln\u0117 \/ Galima skalbti skalbykl\u0117je. Pagaminta Lietuvoje.","og_url":"https:\/\/oxoxclub.com\/lt\/products\/city-tribe-lt\/maksi-suknele-su-apykakle\/","og_site_name":"OXOX","article_publisher":"https:\/\/facebook.com\/oxoxclub\/","article_modified_time":"2025-11-28T06:45:18+00:00","og_image":[{"width":1707,"height":2560,"url":"https:\/\/oxoxclub.com\/wp-content\/uploads\/foto.46-scaled.jpg","type":"image\/jpeg"}],"twitter_card":"summary_large_image","twitter_misc":{"Availability":"In stock"},"schema":{"@context":"https:\/\/schema.org","@graph":[{"@type":"WebPage","@id":"https:\/\/oxoxclub.com\/lt\/products\/city-tribe-lt\/maksi-suknele-su-apykakle\/","url":"https:\/\/oxoxclub.com\/lt\/products\/city-tribe-lt\/maksi-suknele-su-apykakle\/","name":"Maksi suknel\u0117 su apykakle - OXOX","isPartOf":{"@id":"https:\/\/oxoxclub.com\/lt\/#website"},"primaryImageOfPage":{"@id":"https:\/\/oxoxclub.com\/lt\/products\/city-tribe-lt\/maksi-suknele-su-apykakle\/#primaryimage"},"image":{"@id":"https:\/\/oxoxclub.com\/lt\/products\/city-tribe-lt\/maksi-suknele-su-apykakle\/#primaryimage"},"thumbnailUrl":"https:\/\/oxoxclub.com\/wp-content\/uploads\/foto.46-scaled.jpg","datePublished":"2024-09-18T08:37:52+00:00","dateModified":"2025-11-28T06:45:18+00:00","breadcrumb":{"@id":"https:\/\/oxoxclub.com\/lt\/products\/city-tribe-lt\/maksi-suknele-su-apykakle\/#breadcrumb"},"inLanguage":"lt-LT","potentialAction":[{"@type":"ReadAction","target":["https:\/\/oxoxclub.com\/lt\/products\/city-tribe-lt\/maksi-suknele-su-apykakle\/"]}]},{"@type":"ImageObject","inLanguage":"lt-LT","@id":"https:\/\/oxoxclub.com\/lt\/products\/city-tribe-lt\/maksi-suknele-su-apykakle\/#primaryimage","url":"https:\/\/oxoxclub.com\/wp-content\/uploads\/foto.46-scaled.jpg","contentUrl":"https:\/\/oxoxclub.com\/wp-content\/uploads\/foto.46-scaled.jpg","width":1707,"height":2560},{"@type":"BreadcrumbList","@id":"https:\/\/oxoxclub.com\/lt\/products\/city-tribe-lt\/maksi-suknele-su-apykakle\/#breadcrumb","itemListElement":[{"@type":"ListItem","position":1,"name":"Home","item":"https:\/\/oxoxclub.com\/lt\/"},{"@type":"ListItem","position":2,"name":"Shop","item":"https:\/\/oxoxclub.com\/products\/"},{"@type":"ListItem","position":3,"name":"Maksi suknel\u0117 su apykakle"}]},{"@type":"WebSite","@id":"https:\/\/oxoxclub.com\/lt\/#website","url":"https:\/\/oxoxclub.com\/lt\/","name":"OXOX CLUB","description":"On a mission of never growing up","publisher":{"@id":"https:\/\/oxoxclub.com\/lt\/#organization"},"potentialAction":[{"@type":"SearchAction","target":{"@type":"EntryPoint","urlTemplate":"https:\/\/oxoxclub.com\/lt\/?s={search_term_string}"},"query-input":{"@type":"PropertyValueSpecification","valueRequired":true,"valueName":"search_term_string"}}],"inLanguage":"lt-LT"},{"@type":"Organization","@id":"https:\/\/oxoxclub.com\/lt\/#organization","name":"OXOX CLUB","url":"https:\/\/oxoxclub.com\/lt\/","logo":{"@type":"ImageObject","inLanguage":"lt-LT","@id":"https:\/\/oxoxclub.com\/lt\/#\/schema\/logo\/image\/","url":"https:\/\/oxoxclub.com\/wp-content\/uploads\/oxox-logo-in-blue-4.png","contentUrl":"https:\/\/oxoxclub.com\/wp-content\/uploads\/oxox-logo-in-blue-4.png","width":414,"height":300,"caption":"OXOX CLUB"},"image":{"@id":"https:\/\/oxoxclub.com\/lt\/#\/schema\/logo\/image\/"},"sameAs":["https:\/\/facebook.com\/oxoxclub\/","https:\/\/www.instagram.com\/oxoxclub\/"]}]},"og_availability":"instock","product_availability":"instock","product_retailer_item_id":"29.448.30","product_condition":"new"},"_links":{"self":[{"href":"https:\/\/oxoxclub.com\/lt\/wp-json\/wp\/v2\/product\/67067","targetHints":{"allow":["GET"]}}],"collection":[{"href":"https:\/\/oxoxclub.com\/lt\/wp-json\/wp\/v2\/product"}],"about":[{"href":"https:\/\/oxoxclub.com\/lt\/wp-json\/wp\/v2\/types\/product"}],"replies":[{"embeddable":true,"href":"https:\/\/oxoxclub.com\/lt\/wp-json\/wp\/v2\/comments?post=67067"}],"wp:featuredmedia":[{"embeddable":true,"href":"https:\/\/oxoxclub.com\/lt\/wp-json\/wp\/v2\/media\/62317"}],"wp:attachment":[{"href":"https:\/\/oxoxclub.com\/lt\/wp-json\/wp\/v2\/media?parent=67067"}],"wp:term":[{"taxonomy":"product_brand","embeddable":true,"href":"https:\/\/oxoxclub.com\/lt\/wp-json\/wp\/v2\/product_brand?post=67067"},{"taxonomy":"product_cat","embeddable":true,"href":"https:\/\/oxoxclub.com\/lt\/wp-json\/wp\/v2\/product_cat?post=67067"},{"taxonomy":"product_tag","embeddable":true,"href":"https:\/\/oxoxclub.com\/lt\/wp-json\/wp\/v2\/product_tag?post=67067"}],"curies":[{"name":"wp","href":"https:\/\/api.w.org\/{rel}","templated":true}]}}