{"id":67095,"date":"2024-08-13T14:18:33","date_gmt":"2024-08-13T12:18:33","guid":{"rendered":"https:\/\/oxoxclub-com-486310.hostingersite.com\/products\/be-kategorijos\/sticky-lemon-phone-pouch\/"},"modified":"2025-12-12T08:26:39","modified_gmt":"2025-12-12T06:26:39","slug":"sticky-lemon-telefono-deklas","status":"publish","type":"product","link":"https:\/\/oxoxclub.com\/lt\/products\/aksesuarai-lt-2\/sticky-lemon-aksesuarai-lt\/sticky-lemon-telefono-deklas\/","title":{"rendered":"\u201eSticky Lemon\u201c telefono d\u0117klas"},"content":{"rendered":"<div class=\"rah-static rah-static--height-auto\" aria-hidden=\"false\">\n<div>\n<div class=\"ulKuLk QfrfFD cell\">\n<p class=\"zp8uy2\" data-hook=\"info-section-description\">Telefono d\u0117klas, kuris leis telefon\u0105 tur\u0117ti visada po ranka \u2013 su spalvotu virvel\u0117s tipo dir\u017eeliu. Nugarin\u0117je pus\u0117je yra vietos kortel\u0117ms laikyti.<\/p>\n<p class=\"zp8uy2\" data-hook=\"info-section-description\">Dyd\u017eiai:<br \/>\n\u2014 telefono d\u0117klas \u2022 10 x 16,5 cm<br \/>\n\u2014 peties dir\u017eelis \u2022 120 cm<\/p>\n<p>Med\u017eiagos:<br \/>\n\u2014 i\u0161or\u0117 \u2022 mikropluo\u0161to PU<br \/>\n\u2014 dir\u017eeliai \u2022 spalvota virvel\u0117<\/p>\n<\/div>\n<\/div>\n<p class=\"s__12_B0z oEPIfiH---typography-11-runningText oEPIfiH---priority-7-primary _HOcyB x4nptw sxbtulv\" aria-hidden=\"false\" data-hook=\"info-section-title\">Prie\u017ei\u016bra:<\/p>\n<div class=\"rah-static rah-static--height-auto\" aria-hidden=\"false\">\n<div>\n<div class=\"ulKuLk QfrfFD cell\">\n<p class=\"zp8uy2\" data-hook=\"info-section-description\">Telefono d\u0117kl\u0105 lengvai i\u0161valysi dr\u0117gna \u0161luoste. Rekomenduojame jo neskalbti skalbykl\u0117je \u2013 \u0161iek tiek vandens puikiai atliks savo darb\u0105!<\/p>\n<\/div>\n<\/div>\n<\/div>\n<\/div>\n","protected":false},"excerpt":{"rendered":"<p>Telefono d\u0117klas, kuris leis telefon\u0105 tur\u0117ti visada po ranka \u2013 su spalvotu virvel\u0117s tipo dir\u017eeliu. Nugarin\u0117je pus\u0117je yra vietos kortel\u0117ms laikyti. Dyd\u017eiai: \u2014 telefono d\u0117klas \u2022 10 x 16,5 cm \u2014 peties dir\u017eelis \u2022 120 cm Med\u017eiagos: \u2014 i\u0161or\u0117 \u2022 mikropluo\u0161to PU \u2014 dir\u017eeliai \u2022 spalvota virvel\u0117 Prie\u017ei\u016bra: Telefono d\u0117kl\u0105 lengvai i\u0161valysi dr\u0117gna \u0161luoste. Rekomenduojame [&hellip;]<\/p>\n","protected":false},"featured_media":62773,"comment_status":"open","ping_status":"closed","template":"","meta":[],"product_brand":[],"product_cat":[645,712,646,608,717],"product_tag":[],"class_list":{"0":"post-67095","1":"product","2":"type-product","3":"status-publish","4":"has-post-thumbnail","6":"product_cat-aksesuarai-vaikams-lt","7":"product_cat-atrinkti-prekes-zenklai","8":"product_cat-kuprines-ir-krepsiai","9":"product_cat-sticky-lemon-aksesuarai-lt","10":"product_cat-sticky-lemon-lt","11":"pa_accessories-kita","12":"pa_size-one-size","14":"first","15":"instock","16":"taxable","17":"shipping-taxable","18":"purchasable","19":"product-type-variable"},"acf":[],"yoast_head":"<!-- This site is optimized with the Yoast SEO Premium plugin v20.11 (Yoast SEO v24.3) - https:\/\/yoast.com\/wordpress\/plugins\/seo\/ -->\n<title>\u201eSticky Lemon\u201c telefono d\u0117klas - OXOX<\/title>\n<meta name=\"robots\" content=\"index, follow, max-snippet:-1, max-image-preview:large, max-video-preview:-1\" \/>\n<link rel=\"canonical\" href=\"https:\/\/oxoxclub.com\/lt\/products\/aksesuarai-lt-2\/sticky-lemon-aksesuarai-lt\/sticky-lemon-telefono-deklas\/\" \/>\n<meta property=\"og:locale\" content=\"lt_LT\" \/>\n<meta property=\"og:type\" content=\"article\" \/>\n<meta property=\"og:title\" content=\"\u201eSticky Lemon\u201c telefono d\u0117klas\" \/>\n<meta property=\"og:description\" content=\"Telefono d\u0117klas, kuris leis telefon\u0105 tur\u0117ti visada po ranka \u2013 su spalvotu virvel\u0117s tipo dir\u017eeliu. Nugarin\u0117je pus\u0117je yra vietos kortel\u0117ms laikyti. Dyd\u017eiai: \u2014 telefono d\u0117klas \u2022 10 x 16,5 cm \u2014 peties dir\u017eelis \u2022 120 cm Med\u017eiagos: \u2014 i\u0161or\u0117 \u2022 mikropluo\u0161to PU \u2014 dir\u017eeliai \u2022 spalvota virvel\u0117 Prie\u017ei\u016bra: Telefono d\u0117kl\u0105 lengvai i\u0161valysi dr\u0117gna \u0161luoste. Rekomenduojame [&hellip;]\" \/>\n<meta property=\"og:url\" content=\"https:\/\/oxoxclub.com\/lt\/products\/aksesuarai-lt-2\/sticky-lemon-aksesuarai-lt\/sticky-lemon-telefono-deklas\/\" \/>\n<meta property=\"og:site_name\" content=\"OXOX\" \/>\n<meta property=\"article:publisher\" content=\"https:\/\/facebook.com\/oxoxclub\/\" \/>\n<meta property=\"article:modified_time\" content=\"2025-12-12T06:26:39+00:00\" \/>\n<meta property=\"og:image\" content=\"https:\/\/oxoxclub.com\/wp-content\/uploads\/f20312_462662e6475c4863b99ffde9ba2f632fmv2.jpg\" \/>\n\t<meta property=\"og:image:width\" content=\"918\" \/>\n\t<meta property=\"og:image:height\" content=\"1378\" \/>\n\t<meta property=\"og:image:type\" content=\"image\/jpeg\" \/>\n<meta name=\"twitter:card\" content=\"summary_large_image\" \/>\n<meta name=\"twitter:label1\" content=\"Availability\" \/>\n\t<meta name=\"twitter:data1\" content=\"In stock\" \/>\n<script type=\"application\/ld+json\" class=\"yoast-schema-graph\">{\"@context\":\"https:\/\/schema.org\",\"@graph\":[{\"@type\":\"WebPage\",\"@id\":\"https:\/\/oxoxclub.com\/lt\/products\/aksesuarai-lt-2\/sticky-lemon-aksesuarai-lt\/sticky-lemon-telefono-deklas\/\",\"url\":\"https:\/\/oxoxclub.com\/lt\/products\/aksesuarai-lt-2\/sticky-lemon-aksesuarai-lt\/sticky-lemon-telefono-deklas\/\",\"name\":\"\u201eSticky Lemon\u201c telefono d\u0117klas - OXOX\",\"isPartOf\":{\"@id\":\"https:\/\/oxoxclub.com\/lt\/#website\"},\"primaryImageOfPage\":{\"@id\":\"https:\/\/oxoxclub.com\/lt\/products\/aksesuarai-lt-2\/sticky-lemon-aksesuarai-lt\/sticky-lemon-telefono-deklas\/#primaryimage\"},\"image\":{\"@id\":\"https:\/\/oxoxclub.com\/lt\/products\/aksesuarai-lt-2\/sticky-lemon-aksesuarai-lt\/sticky-lemon-telefono-deklas\/#primaryimage\"},\"thumbnailUrl\":\"https:\/\/oxoxclub.com\/wp-content\/uploads\/f20312_462662e6475c4863b99ffde9ba2f632fmv2.jpg\",\"datePublished\":\"2024-08-13T12:18:33+00:00\",\"dateModified\":\"2025-12-12T06:26:39+00:00\",\"breadcrumb\":{\"@id\":\"https:\/\/oxoxclub.com\/lt\/products\/aksesuarai-lt-2\/sticky-lemon-aksesuarai-lt\/sticky-lemon-telefono-deklas\/#breadcrumb\"},\"inLanguage\":\"lt-LT\",\"potentialAction\":[{\"@type\":\"ReadAction\",\"target\":[\"https:\/\/oxoxclub.com\/lt\/products\/aksesuarai-lt-2\/sticky-lemon-aksesuarai-lt\/sticky-lemon-telefono-deklas\/\"]}]},{\"@type\":\"ImageObject\",\"inLanguage\":\"lt-LT\",\"@id\":\"https:\/\/oxoxclub.com\/lt\/products\/aksesuarai-lt-2\/sticky-lemon-aksesuarai-lt\/sticky-lemon-telefono-deklas\/#primaryimage\",\"url\":\"https:\/\/oxoxclub.com\/wp-content\/uploads\/f20312_462662e6475c4863b99ffde9ba2f632fmv2.jpg\",\"contentUrl\":\"https:\/\/oxoxclub.com\/wp-content\/uploads\/f20312_462662e6475c4863b99ffde9ba2f632fmv2.jpg\",\"width\":918,\"height\":1378},{\"@type\":\"BreadcrumbList\",\"@id\":\"https:\/\/oxoxclub.com\/lt\/products\/aksesuarai-lt-2\/sticky-lemon-aksesuarai-lt\/sticky-lemon-telefono-deklas\/#breadcrumb\",\"itemListElement\":[{\"@type\":\"ListItem\",\"position\":1,\"name\":\"Home\",\"item\":\"https:\/\/oxoxclub.com\/lt\/\"},{\"@type\":\"ListItem\",\"position\":2,\"name\":\"Shop\",\"item\":\"https:\/\/oxoxclub.com\/products\/\"},{\"@type\":\"ListItem\",\"position\":3,\"name\":\"\u201eSticky Lemon\u201c telefono d\u0117klas\"}]},{\"@type\":\"WebSite\",\"@id\":\"https:\/\/oxoxclub.com\/lt\/#website\",\"url\":\"https:\/\/oxoxclub.com\/lt\/\",\"name\":\"OXOX CLUB\",\"description\":\"On a mission of never growing up\",\"publisher\":{\"@id\":\"https:\/\/oxoxclub.com\/lt\/#organization\"},\"potentialAction\":[{\"@type\":\"SearchAction\",\"target\":{\"@type\":\"EntryPoint\",\"urlTemplate\":\"https:\/\/oxoxclub.com\/lt\/?s={search_term_string}\"},\"query-input\":{\"@type\":\"PropertyValueSpecification\",\"valueRequired\":true,\"valueName\":\"search_term_string\"}}],\"inLanguage\":\"lt-LT\"},{\"@type\":\"Organization\",\"@id\":\"https:\/\/oxoxclub.com\/lt\/#organization\",\"name\":\"OXOX CLUB\",\"url\":\"https:\/\/oxoxclub.com\/lt\/\",\"logo\":{\"@type\":\"ImageObject\",\"inLanguage\":\"lt-LT\",\"@id\":\"https:\/\/oxoxclub.com\/lt\/#\/schema\/logo\/image\/\",\"url\":\"https:\/\/oxoxclub.com\/wp-content\/uploads\/oxox-logo-in-blue-4.png\",\"contentUrl\":\"https:\/\/oxoxclub.com\/wp-content\/uploads\/oxox-logo-in-blue-4.png\",\"width\":414,\"height\":300,\"caption\":\"OXOX CLUB\"},\"image\":{\"@id\":\"https:\/\/oxoxclub.com\/lt\/#\/schema\/logo\/image\/\"},\"sameAs\":[\"https:\/\/facebook.com\/oxoxclub\/\",\"https:\/\/www.instagram.com\/oxoxclub\/\"]}]}<\/script>\n<meta property=\"og:availability\" content=\"instock\" \/>\n<meta property=\"product:availability\" content=\"instock\" \/>\n<meta property=\"product:retailer_item_id\" content=\"1802189\" \/>\n<meta property=\"product:condition\" content=\"new\" \/>\n<!-- \/ Yoast SEO Premium plugin. -->","yoast_head_json":{"title":"\u201eSticky Lemon\u201c telefono d\u0117klas - OXOX","robots":{"index":"index","follow":"follow","max-snippet":"max-snippet:-1","max-image-preview":"max-image-preview:large","max-video-preview":"max-video-preview:-1"},"canonical":"https:\/\/oxoxclub.com\/lt\/products\/aksesuarai-lt-2\/sticky-lemon-aksesuarai-lt\/sticky-lemon-telefono-deklas\/","og_locale":"lt_LT","og_type":"article","og_title":"\u201eSticky Lemon\u201c telefono d\u0117klas","og_description":"Telefono d\u0117klas, kuris leis telefon\u0105 tur\u0117ti visada po ranka \u2013 su spalvotu virvel\u0117s tipo dir\u017eeliu. Nugarin\u0117je pus\u0117je yra vietos kortel\u0117ms laikyti. Dyd\u017eiai: \u2014 telefono d\u0117klas \u2022 10 x 16,5 cm \u2014 peties dir\u017eelis \u2022 120 cm Med\u017eiagos: \u2014 i\u0161or\u0117 \u2022 mikropluo\u0161to PU \u2014 dir\u017eeliai \u2022 spalvota virvel\u0117 Prie\u017ei\u016bra: Telefono d\u0117kl\u0105 lengvai i\u0161valysi dr\u0117gna \u0161luoste. Rekomenduojame [&hellip;]","og_url":"https:\/\/oxoxclub.com\/lt\/products\/aksesuarai-lt-2\/sticky-lemon-aksesuarai-lt\/sticky-lemon-telefono-deklas\/","og_site_name":"OXOX","article_publisher":"https:\/\/facebook.com\/oxoxclub\/","article_modified_time":"2025-12-12T06:26:39+00:00","og_image":[{"width":918,"height":1378,"url":"https:\/\/oxoxclub.com\/wp-content\/uploads\/f20312_462662e6475c4863b99ffde9ba2f632fmv2.jpg","type":"image\/jpeg"}],"twitter_card":"summary_large_image","twitter_misc":{"Availability":"In stock"},"schema":{"@context":"https:\/\/schema.org","@graph":[{"@type":"WebPage","@id":"https:\/\/oxoxclub.com\/lt\/products\/aksesuarai-lt-2\/sticky-lemon-aksesuarai-lt\/sticky-lemon-telefono-deklas\/","url":"https:\/\/oxoxclub.com\/lt\/products\/aksesuarai-lt-2\/sticky-lemon-aksesuarai-lt\/sticky-lemon-telefono-deklas\/","name":"\u201eSticky Lemon\u201c telefono d\u0117klas - OXOX","isPartOf":{"@id":"https:\/\/oxoxclub.com\/lt\/#website"},"primaryImageOfPage":{"@id":"https:\/\/oxoxclub.com\/lt\/products\/aksesuarai-lt-2\/sticky-lemon-aksesuarai-lt\/sticky-lemon-telefono-deklas\/#primaryimage"},"image":{"@id":"https:\/\/oxoxclub.com\/lt\/products\/aksesuarai-lt-2\/sticky-lemon-aksesuarai-lt\/sticky-lemon-telefono-deklas\/#primaryimage"},"thumbnailUrl":"https:\/\/oxoxclub.com\/wp-content\/uploads\/f20312_462662e6475c4863b99ffde9ba2f632fmv2.jpg","datePublished":"2024-08-13T12:18:33+00:00","dateModified":"2025-12-12T06:26:39+00:00","breadcrumb":{"@id":"https:\/\/oxoxclub.com\/lt\/products\/aksesuarai-lt-2\/sticky-lemon-aksesuarai-lt\/sticky-lemon-telefono-deklas\/#breadcrumb"},"inLanguage":"lt-LT","potentialAction":[{"@type":"ReadAction","target":["https:\/\/oxoxclub.com\/lt\/products\/aksesuarai-lt-2\/sticky-lemon-aksesuarai-lt\/sticky-lemon-telefono-deklas\/"]}]},{"@type":"ImageObject","inLanguage":"lt-LT","@id":"https:\/\/oxoxclub.com\/lt\/products\/aksesuarai-lt-2\/sticky-lemon-aksesuarai-lt\/sticky-lemon-telefono-deklas\/#primaryimage","url":"https:\/\/oxoxclub.com\/wp-content\/uploads\/f20312_462662e6475c4863b99ffde9ba2f632fmv2.jpg","contentUrl":"https:\/\/oxoxclub.com\/wp-content\/uploads\/f20312_462662e6475c4863b99ffde9ba2f632fmv2.jpg","width":918,"height":1378},{"@type":"BreadcrumbList","@id":"https:\/\/oxoxclub.com\/lt\/products\/aksesuarai-lt-2\/sticky-lemon-aksesuarai-lt\/sticky-lemon-telefono-deklas\/#breadcrumb","itemListElement":[{"@type":"ListItem","position":1,"name":"Home","item":"https:\/\/oxoxclub.com\/lt\/"},{"@type":"ListItem","position":2,"name":"Shop","item":"https:\/\/oxoxclub.com\/products\/"},{"@type":"ListItem","position":3,"name":"\u201eSticky Lemon\u201c telefono d\u0117klas"}]},{"@type":"WebSite","@id":"https:\/\/oxoxclub.com\/lt\/#website","url":"https:\/\/oxoxclub.com\/lt\/","name":"OXOX CLUB","description":"On a mission of never growing up","publisher":{"@id":"https:\/\/oxoxclub.com\/lt\/#organization"},"potentialAction":[{"@type":"SearchAction","target":{"@type":"EntryPoint","urlTemplate":"https:\/\/oxoxclub.com\/lt\/?s={search_term_string}"},"query-input":{"@type":"PropertyValueSpecification","valueRequired":true,"valueName":"search_term_string"}}],"inLanguage":"lt-LT"},{"@type":"Organization","@id":"https:\/\/oxoxclub.com\/lt\/#organization","name":"OXOX CLUB","url":"https:\/\/oxoxclub.com\/lt\/","logo":{"@type":"ImageObject","inLanguage":"lt-LT","@id":"https:\/\/oxoxclub.com\/lt\/#\/schema\/logo\/image\/","url":"https:\/\/oxoxclub.com\/wp-content\/uploads\/oxox-logo-in-blue-4.png","contentUrl":"https:\/\/oxoxclub.com\/wp-content\/uploads\/oxox-logo-in-blue-4.png","width":414,"height":300,"caption":"OXOX CLUB"},"image":{"@id":"https:\/\/oxoxclub.com\/lt\/#\/schema\/logo\/image\/"},"sameAs":["https:\/\/facebook.com\/oxoxclub\/","https:\/\/www.instagram.com\/oxoxclub\/"]}]},"og_availability":"instock","product_availability":"instock","product_retailer_item_id":"1802189","product_condition":"new"},"_links":{"self":[{"href":"https:\/\/oxoxclub.com\/lt\/wp-json\/wp\/v2\/product\/67095","targetHints":{"allow":["GET"]}}],"collection":[{"href":"https:\/\/oxoxclub.com\/lt\/wp-json\/wp\/v2\/product"}],"about":[{"href":"https:\/\/oxoxclub.com\/lt\/wp-json\/wp\/v2\/types\/product"}],"replies":[{"embeddable":true,"href":"https:\/\/oxoxclub.com\/lt\/wp-json\/wp\/v2\/comments?post=67095"}],"wp:featuredmedia":[{"embeddable":true,"href":"https:\/\/oxoxclub.com\/lt\/wp-json\/wp\/v2\/media\/62773"}],"wp:attachment":[{"href":"https:\/\/oxoxclub.com\/lt\/wp-json\/wp\/v2\/media?parent=67095"}],"wp:term":[{"taxonomy":"product_brand","embeddable":true,"href":"https:\/\/oxoxclub.com\/lt\/wp-json\/wp\/v2\/product_brand?post=67095"},{"taxonomy":"product_cat","embeddable":true,"href":"https:\/\/oxoxclub.com\/lt\/wp-json\/wp\/v2\/product_cat?post=67095"},{"taxonomy":"product_tag","embeddable":true,"href":"https:\/\/oxoxclub.com\/lt\/wp-json\/wp\/v2\/product_tag?post=67095"}],"curies":[{"name":"wp","href":"https:\/\/api.w.org\/{rel}","templated":true}]}}