{"id":67115,"date":"2025-03-25T14:30:24","date_gmt":"2025-03-25T12:30:24","guid":{"rendered":"https:\/\/oxoxclub-com-486310.hostingersite.com\/products\/be-kategorijos\/sleeveless-confetti-tee\/"},"modified":"2025-05-06T14:47:19","modified_gmt":"2025-05-06T12:47:19","slug":"sleeveless-confetti-tee","status":"publish","type":"product","link":"https:\/\/oxoxclub.com\/lt\/products\/playful-lt\/sleeveless-confetti-tee\/","title":{"rendered":"Berankoviai mar\u0161kin\u0117liai \u201eConfetti\u201c"},"content":{"rendered":"<p class=\"\" data-start=\"0\" data-end=\"281\">\u0160ie berankoviai unisex mar\u0161kin\u0117liai, pasi\u016bti i\u0161 ekologi\u0161kos medviln\u0117s, puo\u0161ti ry\u0161kiu \u201eConfetti\u201c printu. Tobuli kar\u0161toms vasaros dienoms \u2013 derink juos su pla\u010diais \u0161ortais ar keln\u0117mis, o v\u0117sesn\u0117mis dienomis vilk\u0117k ant paprast\u0173 mar\u0161kin\u0117li\u0173.<\/p>\n<p class=\"\" data-start=\"283\" data-end=\"350\">96% ekologi\u0161ka medviln\u0117, 4% elastanas \/ Galima skalbti skalbykl\u0117je.<\/p>\n<p class=\"\" data-start=\"352\" data-end=\"372\">Pagaminta Lietuvoje.<\/p>\n<p class=\"\" data-start=\"374\" data-end=\"422\">Juozapas yra 140 cm \u016bgio ir d\u0117vi 9\u201310 met\u0173 dyd\u012f.<\/p>\n","protected":false},"excerpt":{"rendered":"<p>\u0160ie berankoviai unisex mar\u0161kin\u0117liai, pasi\u016bti i\u0161 ekologi\u0161kos medviln\u0117s, puo\u0161ti ry\u0161kiu \u201eConfetti\u201c printu. Tobuli kar\u0161toms vasaros dienoms \u2013 derink juos su pla\u010diais \u0161ortais ar keln\u0117mis, o v\u0117sesn\u0117mis dienomis vilk\u0117k ant paprast\u0173 mar\u0161kin\u0117li\u0173. 96% ekologi\u0161ka medviln\u0117, 4% elastanas \/ Galima skalbti skalbykl\u0117je. Pagaminta Lietuvoje. Juozapas yra 140 cm \u016bgio ir d\u0117vi 9\u201310 met\u0173 dyd\u012f.<\/p>\n","protected":false},"featured_media":63695,"comment_status":"open","ping_status":"closed","template":"","meta":[],"product_brand":[],"product_cat":[691,699,685],"product_tag":[],"class_list":{"0":"post-67115","1":"product","2":"type-product","3":"status-publish","4":"has-post-thumbnail","6":"product_cat-marskineliai-lt","7":"product_cat-playful-lt","8":"product_cat-topai-ir-marskineliai-lt-2","9":"pa_size-chart-86-92-en","10":"pa_size-chart-98-104-en","11":"pa_size-chart-110-116-en","12":"pa_size-chart-122-128-en","13":"pa_size-chart-134-140-en","14":"pa_size-chart-146-152-en","15":"pa_t-shirts-marskineliai","17":"first","18":"instock","19":"taxable","20":"shipping-taxable","21":"purchasable","22":"product-type-variable"},"acf":[],"yoast_head":"<!-- This site is optimized with the Yoast SEO Premium plugin v20.11 (Yoast SEO v24.3) - https:\/\/yoast.com\/wordpress\/plugins\/seo\/ -->\n<title>Berankoviai mar\u0161kin\u0117liai \u201eConfetti\u201c - OXOX<\/title>\n<meta name=\"robots\" content=\"index, follow, max-snippet:-1, max-image-preview:large, max-video-preview:-1\" \/>\n<link rel=\"canonical\" href=\"https:\/\/oxoxclub.com\/lt\/products\/playful-lt\/sleeveless-confetti-tee\/\" \/>\n<meta property=\"og:locale\" content=\"lt_LT\" \/>\n<meta property=\"og:type\" content=\"article\" \/>\n<meta property=\"og:title\" content=\"Berankoviai mar\u0161kin\u0117liai \u201eConfetti\u201c\" \/>\n<meta property=\"og:description\" content=\"\u0160ie berankoviai unisex mar\u0161kin\u0117liai, pasi\u016bti i\u0161 ekologi\u0161kos medviln\u0117s, puo\u0161ti ry\u0161kiu \u201eConfetti\u201c printu. Tobuli kar\u0161toms vasaros dienoms \u2013 derink juos su pla\u010diais \u0161ortais ar keln\u0117mis, o v\u0117sesn\u0117mis dienomis vilk\u0117k ant paprast\u0173 mar\u0161kin\u0117li\u0173. 96% ekologi\u0161ka medviln\u0117, 4% elastanas \/ Galima skalbti skalbykl\u0117je. Pagaminta Lietuvoje. Juozapas yra 140 cm \u016bgio ir d\u0117vi 9\u201310 met\u0173 dyd\u012f.\" \/>\n<meta property=\"og:url\" content=\"https:\/\/oxoxclub.com\/lt\/products\/playful-lt\/sleeveless-confetti-tee\/\" \/>\n<meta property=\"og:site_name\" content=\"OXOX\" \/>\n<meta property=\"article:publisher\" content=\"https:\/\/facebook.com\/oxoxclub\/\" \/>\n<meta property=\"article:modified_time\" content=\"2025-05-06T12:47:19+00:00\" \/>\n<meta property=\"og:image\" content=\"https:\/\/oxoxclub.com\/wp-content\/uploads\/oxox-lookbook-SS25-05189-scaled.jpg\" \/>\n\t<meta property=\"og:image:width\" content=\"1703\" \/>\n\t<meta property=\"og:image:height\" content=\"2560\" \/>\n\t<meta property=\"og:image:type\" content=\"image\/jpeg\" \/>\n<meta name=\"twitter:card\" content=\"summary_large_image\" \/>\n<meta name=\"twitter:label1\" content=\"Availability\" \/>\n\t<meta name=\"twitter:data1\" content=\"In stock\" \/>\n<script type=\"application\/ld+json\" class=\"yoast-schema-graph\">{\"@context\":\"https:\/\/schema.org\",\"@graph\":[{\"@type\":\"WebPage\",\"@id\":\"https:\/\/oxoxclub.com\/lt\/products\/playful-lt\/sleeveless-confetti-tee\/\",\"url\":\"https:\/\/oxoxclub.com\/lt\/products\/playful-lt\/sleeveless-confetti-tee\/\",\"name\":\"Berankoviai mar\u0161kin\u0117liai \u201eConfetti\u201c - OXOX\",\"isPartOf\":{\"@id\":\"https:\/\/oxoxclub.com\/lt\/#website\"},\"primaryImageOfPage\":{\"@id\":\"https:\/\/oxoxclub.com\/lt\/products\/playful-lt\/sleeveless-confetti-tee\/#primaryimage\"},\"image\":{\"@id\":\"https:\/\/oxoxclub.com\/lt\/products\/playful-lt\/sleeveless-confetti-tee\/#primaryimage\"},\"thumbnailUrl\":\"https:\/\/oxoxclub.com\/wp-content\/uploads\/oxox-lookbook-SS25-05189-scaled.jpg\",\"datePublished\":\"2025-03-25T12:30:24+00:00\",\"dateModified\":\"2025-05-06T12:47:19+00:00\",\"breadcrumb\":{\"@id\":\"https:\/\/oxoxclub.com\/lt\/products\/playful-lt\/sleeveless-confetti-tee\/#breadcrumb\"},\"inLanguage\":\"lt-LT\",\"potentialAction\":[{\"@type\":\"ReadAction\",\"target\":[\"https:\/\/oxoxclub.com\/lt\/products\/playful-lt\/sleeveless-confetti-tee\/\"]}]},{\"@type\":\"ImageObject\",\"inLanguage\":\"lt-LT\",\"@id\":\"https:\/\/oxoxclub.com\/lt\/products\/playful-lt\/sleeveless-confetti-tee\/#primaryimage\",\"url\":\"https:\/\/oxoxclub.com\/wp-content\/uploads\/oxox-lookbook-SS25-05189-scaled.jpg\",\"contentUrl\":\"https:\/\/oxoxclub.com\/wp-content\/uploads\/oxox-lookbook-SS25-05189-scaled.jpg\",\"width\":1703,\"height\":2560},{\"@type\":\"BreadcrumbList\",\"@id\":\"https:\/\/oxoxclub.com\/lt\/products\/playful-lt\/sleeveless-confetti-tee\/#breadcrumb\",\"itemListElement\":[{\"@type\":\"ListItem\",\"position\":1,\"name\":\"Home\",\"item\":\"https:\/\/oxoxclub.com\/lt\/\"},{\"@type\":\"ListItem\",\"position\":2,\"name\":\"Shop\",\"item\":\"https:\/\/oxoxclub.com\/products\/\"},{\"@type\":\"ListItem\",\"position\":3,\"name\":\"Berankoviai mar\u0161kin\u0117liai \u201eConfetti\u201c\"}]},{\"@type\":\"WebSite\",\"@id\":\"https:\/\/oxoxclub.com\/lt\/#website\",\"url\":\"https:\/\/oxoxclub.com\/lt\/\",\"name\":\"OXOX CLUB\",\"description\":\"On a mission of never growing up\",\"publisher\":{\"@id\":\"https:\/\/oxoxclub.com\/lt\/#organization\"},\"potentialAction\":[{\"@type\":\"SearchAction\",\"target\":{\"@type\":\"EntryPoint\",\"urlTemplate\":\"https:\/\/oxoxclub.com\/lt\/?s={search_term_string}\"},\"query-input\":{\"@type\":\"PropertyValueSpecification\",\"valueRequired\":true,\"valueName\":\"search_term_string\"}}],\"inLanguage\":\"lt-LT\"},{\"@type\":\"Organization\",\"@id\":\"https:\/\/oxoxclub.com\/lt\/#organization\",\"name\":\"OXOX CLUB\",\"url\":\"https:\/\/oxoxclub.com\/lt\/\",\"logo\":{\"@type\":\"ImageObject\",\"inLanguage\":\"lt-LT\",\"@id\":\"https:\/\/oxoxclub.com\/lt\/#\/schema\/logo\/image\/\",\"url\":\"https:\/\/oxoxclub.com\/wp-content\/uploads\/oxox-logo-in-blue-4.png\",\"contentUrl\":\"https:\/\/oxoxclub.com\/wp-content\/uploads\/oxox-logo-in-blue-4.png\",\"width\":414,\"height\":300,\"caption\":\"OXOX CLUB\"},\"image\":{\"@id\":\"https:\/\/oxoxclub.com\/lt\/#\/schema\/logo\/image\/\"},\"sameAs\":[\"https:\/\/facebook.com\/oxoxclub\/\",\"https:\/\/www.instagram.com\/oxoxclub\/\"]}]}<\/script>\n<meta property=\"og:availability\" content=\"instock\" \/>\n<meta property=\"product:availability\" content=\"instock\" \/>\n<meta property=\"product:retailer_item_id\" content=\"30.102.28\" \/>\n<meta property=\"product:condition\" content=\"new\" \/>\n<!-- \/ Yoast SEO Premium plugin. -->","yoast_head_json":{"title":"Berankoviai mar\u0161kin\u0117liai \u201eConfetti\u201c - OXOX","robots":{"index":"index","follow":"follow","max-snippet":"max-snippet:-1","max-image-preview":"max-image-preview:large","max-video-preview":"max-video-preview:-1"},"canonical":"https:\/\/oxoxclub.com\/lt\/products\/playful-lt\/sleeveless-confetti-tee\/","og_locale":"lt_LT","og_type":"article","og_title":"Berankoviai mar\u0161kin\u0117liai \u201eConfetti\u201c","og_description":"\u0160ie berankoviai unisex mar\u0161kin\u0117liai, pasi\u016bti i\u0161 ekologi\u0161kos medviln\u0117s, puo\u0161ti ry\u0161kiu \u201eConfetti\u201c printu. Tobuli kar\u0161toms vasaros dienoms \u2013 derink juos su pla\u010diais \u0161ortais ar keln\u0117mis, o v\u0117sesn\u0117mis dienomis vilk\u0117k ant paprast\u0173 mar\u0161kin\u0117li\u0173. 96% ekologi\u0161ka medviln\u0117, 4% elastanas \/ Galima skalbti skalbykl\u0117je. Pagaminta Lietuvoje. Juozapas yra 140 cm \u016bgio ir d\u0117vi 9\u201310 met\u0173 dyd\u012f.","og_url":"https:\/\/oxoxclub.com\/lt\/products\/playful-lt\/sleeveless-confetti-tee\/","og_site_name":"OXOX","article_publisher":"https:\/\/facebook.com\/oxoxclub\/","article_modified_time":"2025-05-06T12:47:19+00:00","og_image":[{"width":1703,"height":2560,"url":"https:\/\/oxoxclub.com\/wp-content\/uploads\/oxox-lookbook-SS25-05189-scaled.jpg","type":"image\/jpeg"}],"twitter_card":"summary_large_image","twitter_misc":{"Availability":"In stock"},"schema":{"@context":"https:\/\/schema.org","@graph":[{"@type":"WebPage","@id":"https:\/\/oxoxclub.com\/lt\/products\/playful-lt\/sleeveless-confetti-tee\/","url":"https:\/\/oxoxclub.com\/lt\/products\/playful-lt\/sleeveless-confetti-tee\/","name":"Berankoviai mar\u0161kin\u0117liai \u201eConfetti\u201c - OXOX","isPartOf":{"@id":"https:\/\/oxoxclub.com\/lt\/#website"},"primaryImageOfPage":{"@id":"https:\/\/oxoxclub.com\/lt\/products\/playful-lt\/sleeveless-confetti-tee\/#primaryimage"},"image":{"@id":"https:\/\/oxoxclub.com\/lt\/products\/playful-lt\/sleeveless-confetti-tee\/#primaryimage"},"thumbnailUrl":"https:\/\/oxoxclub.com\/wp-content\/uploads\/oxox-lookbook-SS25-05189-scaled.jpg","datePublished":"2025-03-25T12:30:24+00:00","dateModified":"2025-05-06T12:47:19+00:00","breadcrumb":{"@id":"https:\/\/oxoxclub.com\/lt\/products\/playful-lt\/sleeveless-confetti-tee\/#breadcrumb"},"inLanguage":"lt-LT","potentialAction":[{"@type":"ReadAction","target":["https:\/\/oxoxclub.com\/lt\/products\/playful-lt\/sleeveless-confetti-tee\/"]}]},{"@type":"ImageObject","inLanguage":"lt-LT","@id":"https:\/\/oxoxclub.com\/lt\/products\/playful-lt\/sleeveless-confetti-tee\/#primaryimage","url":"https:\/\/oxoxclub.com\/wp-content\/uploads\/oxox-lookbook-SS25-05189-scaled.jpg","contentUrl":"https:\/\/oxoxclub.com\/wp-content\/uploads\/oxox-lookbook-SS25-05189-scaled.jpg","width":1703,"height":2560},{"@type":"BreadcrumbList","@id":"https:\/\/oxoxclub.com\/lt\/products\/playful-lt\/sleeveless-confetti-tee\/#breadcrumb","itemListElement":[{"@type":"ListItem","position":1,"name":"Home","item":"https:\/\/oxoxclub.com\/lt\/"},{"@type":"ListItem","position":2,"name":"Shop","item":"https:\/\/oxoxclub.com\/products\/"},{"@type":"ListItem","position":3,"name":"Berankoviai mar\u0161kin\u0117liai \u201eConfetti\u201c"}]},{"@type":"WebSite","@id":"https:\/\/oxoxclub.com\/lt\/#website","url":"https:\/\/oxoxclub.com\/lt\/","name":"OXOX CLUB","description":"On a mission of never growing up","publisher":{"@id":"https:\/\/oxoxclub.com\/lt\/#organization"},"potentialAction":[{"@type":"SearchAction","target":{"@type":"EntryPoint","urlTemplate":"https:\/\/oxoxclub.com\/lt\/?s={search_term_string}"},"query-input":{"@type":"PropertyValueSpecification","valueRequired":true,"valueName":"search_term_string"}}],"inLanguage":"lt-LT"},{"@type":"Organization","@id":"https:\/\/oxoxclub.com\/lt\/#organization","name":"OXOX CLUB","url":"https:\/\/oxoxclub.com\/lt\/","logo":{"@type":"ImageObject","inLanguage":"lt-LT","@id":"https:\/\/oxoxclub.com\/lt\/#\/schema\/logo\/image\/","url":"https:\/\/oxoxclub.com\/wp-content\/uploads\/oxox-logo-in-blue-4.png","contentUrl":"https:\/\/oxoxclub.com\/wp-content\/uploads\/oxox-logo-in-blue-4.png","width":414,"height":300,"caption":"OXOX CLUB"},"image":{"@id":"https:\/\/oxoxclub.com\/lt\/#\/schema\/logo\/image\/"},"sameAs":["https:\/\/facebook.com\/oxoxclub\/","https:\/\/www.instagram.com\/oxoxclub\/"]}]},"og_availability":"instock","product_availability":"instock","product_retailer_item_id":"30.102.28","product_condition":"new"},"_links":{"self":[{"href":"https:\/\/oxoxclub.com\/lt\/wp-json\/wp\/v2\/product\/67115","targetHints":{"allow":["GET"]}}],"collection":[{"href":"https:\/\/oxoxclub.com\/lt\/wp-json\/wp\/v2\/product"}],"about":[{"href":"https:\/\/oxoxclub.com\/lt\/wp-json\/wp\/v2\/types\/product"}],"replies":[{"embeddable":true,"href":"https:\/\/oxoxclub.com\/lt\/wp-json\/wp\/v2\/comments?post=67115"}],"wp:featuredmedia":[{"embeddable":true,"href":"https:\/\/oxoxclub.com\/lt\/wp-json\/wp\/v2\/media\/63695"}],"wp:attachment":[{"href":"https:\/\/oxoxclub.com\/lt\/wp-json\/wp\/v2\/media?parent=67115"}],"wp:term":[{"taxonomy":"product_brand","embeddable":true,"href":"https:\/\/oxoxclub.com\/lt\/wp-json\/wp\/v2\/product_brand?post=67115"},{"taxonomy":"product_cat","embeddable":true,"href":"https:\/\/oxoxclub.com\/lt\/wp-json\/wp\/v2\/product_cat?post=67115"},{"taxonomy":"product_tag","embeddable":true,"href":"https:\/\/oxoxclub.com\/lt\/wp-json\/wp\/v2\/product_tag?post=67115"}],"curies":[{"name":"wp","href":"https:\/\/api.w.org\/{rel}","templated":true}]}}