{"id":67122,"date":"2025-03-25T14:28:57","date_gmt":"2025-03-25T12:28:57","guid":{"rendered":"https:\/\/oxoxclub-com-486310.hostingersite.com\/products\/be-kategorijos\/muslin-maxi-dress\/"},"modified":"2025-10-23T22:52:30","modified_gmt":"2025-10-23T20:52:30","slug":"muslin-maxi-dress","status":"publish","type":"product","link":"https:\/\/oxoxclub.com\/lt\/products\/playful-lt\/muslin-maxi-dress\/","title":{"rendered":"Muslino medviln\u0117s maxi suknel\u0117"},"content":{"rendered":"<p class=\"\" data-start=\"0\" data-end=\"260\">\u0160i svajinga maksi suknel\u0117, pasi\u016bta i\u0161 \u0161velnaus muslino medviln\u0117s, turi trumpas p\u016bstas rankoves, sagas priekyje ir laisvo kritimo siluet\u0105 su raukinukais apa\u010dioje. Lengva ir nevar\u017eanti \u2013 tai tobulas drabu\u017eis nepamir\u0161tamoms vasaros akimirkoms.<\/p>\n<p class=\"\" data-start=\"262\" data-end=\"306\">100 % medviln\u0117 \/ Galima skalbti skalbykl\u0117je.<\/p>\n<p class=\"\" data-start=\"308\" data-end=\"332\"><strong data-start=\"308\" data-end=\"332\">Pagaminta Lietuvoje.<\/strong><\/p>\n<p class=\"\" data-start=\"334\" data-end=\"381\">Daniel\u0117 yra 140 cm \u016bgio ir d\u0117vi 9\u201310 met\u0173 dyd\u012f.<\/p>\n","protected":false},"excerpt":{"rendered":"<p>\u0160i svajinga maksi suknel\u0117, pasi\u016bta i\u0161 \u0161velnaus muslino medviln\u0117s, turi trumpas p\u016bstas rankoves, sagas priekyje ir laisvo kritimo siluet\u0105 su raukinukais apa\u010dioje. Lengva ir nevar\u017eanti \u2013 tai tobulas drabu\u017eis nepamir\u0161tamoms vasaros akimirkoms. 100 % medviln\u0117 \/ Galima skalbti skalbykl\u0117je. Pagaminta Lietuvoje. Daniel\u0117 yra 140 cm \u016bgio ir d\u0117vi 9\u201310 met\u0173 dyd\u012f.<\/p>\n","protected":false},"featured_media":63874,"comment_status":"open","ping_status":"closed","template":"","meta":[],"product_brand":[],"product_cat":[699,662,661],"product_tag":[],"class_list":{"0":"post-67122","1":"product","2":"type-product","3":"status-publish","4":"has-post-thumbnail","6":"product_cat-playful-lt","7":"product_cat-sukneles","8":"product_cat-sukneles-ir-sijonai","9":"pa_dresses-sukneles","10":"pa_size-chart-86-92-en","11":"pa_size-chart-98-104-en","12":"pa_size-chart-110-116-en","13":"pa_size-chart-122-128-en","14":"pa_size-chart-134-140-en","15":"pa_size-chart-146-152-en","17":"first","18":"instock","19":"taxable","20":"shipping-taxable","21":"purchasable","22":"product-type-variable"},"acf":[],"yoast_head":"<!-- This site is optimized with the Yoast SEO Premium plugin v20.11 (Yoast SEO v24.3) - https:\/\/yoast.com\/wordpress\/plugins\/seo\/ -->\n<title>Muslino medviln\u0117s maxi suknel\u0117 - OXOX<\/title>\n<meta name=\"robots\" content=\"index, follow, max-snippet:-1, max-image-preview:large, max-video-preview:-1\" \/>\n<link rel=\"canonical\" href=\"https:\/\/oxoxclub.com\/lt\/products\/playful-lt\/muslin-maxi-dress\/\" \/>\n<meta property=\"og:locale\" content=\"lt_LT\" \/>\n<meta property=\"og:type\" content=\"article\" \/>\n<meta property=\"og:title\" content=\"Muslino medviln\u0117s maxi suknel\u0117\" \/>\n<meta property=\"og:description\" content=\"\u0160i svajinga maksi suknel\u0117, pasi\u016bta i\u0161 \u0161velnaus muslino medviln\u0117s, turi trumpas p\u016bstas rankoves, sagas priekyje ir laisvo kritimo siluet\u0105 su raukinukais apa\u010dioje. Lengva ir nevar\u017eanti \u2013 tai tobulas drabu\u017eis nepamir\u0161tamoms vasaros akimirkoms. 100 % medviln\u0117 \/ Galima skalbti skalbykl\u0117je. Pagaminta Lietuvoje. Daniel\u0117 yra 140 cm \u016bgio ir d\u0117vi 9\u201310 met\u0173 dyd\u012f.\" \/>\n<meta property=\"og:url\" content=\"https:\/\/oxoxclub.com\/lt\/products\/playful-lt\/muslin-maxi-dress\/\" \/>\n<meta property=\"og:site_name\" content=\"OXOX\" \/>\n<meta property=\"article:publisher\" content=\"https:\/\/facebook.com\/oxoxclub\/\" \/>\n<meta property=\"article:modified_time\" content=\"2025-10-23T20:52:30+00:00\" \/>\n<meta property=\"og:image\" content=\"https:\/\/oxoxclub.com\/wp-content\/uploads\/oxox-lookbook-SS25-05324-scaled.jpg\" \/>\n\t<meta property=\"og:image:width\" content=\"1703\" \/>\n\t<meta property=\"og:image:height\" content=\"2560\" \/>\n\t<meta property=\"og:image:type\" content=\"image\/jpeg\" \/>\n<meta name=\"twitter:card\" content=\"summary_large_image\" \/>\n<meta name=\"twitter:label1\" content=\"Availability\" \/>\n\t<meta name=\"twitter:data1\" content=\"In stock\" \/>\n<script type=\"application\/ld+json\" class=\"yoast-schema-graph\">{\"@context\":\"https:\/\/schema.org\",\"@graph\":[{\"@type\":\"WebPage\",\"@id\":\"https:\/\/oxoxclub.com\/lt\/products\/playful-lt\/muslin-maxi-dress\/\",\"url\":\"https:\/\/oxoxclub.com\/lt\/products\/playful-lt\/muslin-maxi-dress\/\",\"name\":\"Muslino medviln\u0117s maxi suknel\u0117 - OXOX\",\"isPartOf\":{\"@id\":\"https:\/\/oxoxclub.com\/lt\/#website\"},\"primaryImageOfPage\":{\"@id\":\"https:\/\/oxoxclub.com\/lt\/products\/playful-lt\/muslin-maxi-dress\/#primaryimage\"},\"image\":{\"@id\":\"https:\/\/oxoxclub.com\/lt\/products\/playful-lt\/muslin-maxi-dress\/#primaryimage\"},\"thumbnailUrl\":\"https:\/\/oxoxclub.com\/wp-content\/uploads\/oxox-lookbook-SS25-05324-scaled.jpg\",\"datePublished\":\"2025-03-25T12:28:57+00:00\",\"dateModified\":\"2025-10-23T20:52:30+00:00\",\"breadcrumb\":{\"@id\":\"https:\/\/oxoxclub.com\/lt\/products\/playful-lt\/muslin-maxi-dress\/#breadcrumb\"},\"inLanguage\":\"lt-LT\",\"potentialAction\":[{\"@type\":\"ReadAction\",\"target\":[\"https:\/\/oxoxclub.com\/lt\/products\/playful-lt\/muslin-maxi-dress\/\"]}]},{\"@type\":\"ImageObject\",\"inLanguage\":\"lt-LT\",\"@id\":\"https:\/\/oxoxclub.com\/lt\/products\/playful-lt\/muslin-maxi-dress\/#primaryimage\",\"url\":\"https:\/\/oxoxclub.com\/wp-content\/uploads\/oxox-lookbook-SS25-05324-scaled.jpg\",\"contentUrl\":\"https:\/\/oxoxclub.com\/wp-content\/uploads\/oxox-lookbook-SS25-05324-scaled.jpg\",\"width\":1703,\"height\":2560},{\"@type\":\"BreadcrumbList\",\"@id\":\"https:\/\/oxoxclub.com\/lt\/products\/playful-lt\/muslin-maxi-dress\/#breadcrumb\",\"itemListElement\":[{\"@type\":\"ListItem\",\"position\":1,\"name\":\"Home\",\"item\":\"https:\/\/oxoxclub.com\/lt\/\"},{\"@type\":\"ListItem\",\"position\":2,\"name\":\"Shop\",\"item\":\"https:\/\/oxoxclub.com\/products\/\"},{\"@type\":\"ListItem\",\"position\":3,\"name\":\"Muslino medviln\u0117s maxi suknel\u0117\"}]},{\"@type\":\"WebSite\",\"@id\":\"https:\/\/oxoxclub.com\/lt\/#website\",\"url\":\"https:\/\/oxoxclub.com\/lt\/\",\"name\":\"OXOX CLUB\",\"description\":\"On a mission of never growing up\",\"publisher\":{\"@id\":\"https:\/\/oxoxclub.com\/lt\/#organization\"},\"potentialAction\":[{\"@type\":\"SearchAction\",\"target\":{\"@type\":\"EntryPoint\",\"urlTemplate\":\"https:\/\/oxoxclub.com\/lt\/?s={search_term_string}\"},\"query-input\":{\"@type\":\"PropertyValueSpecification\",\"valueRequired\":true,\"valueName\":\"search_term_string\"}}],\"inLanguage\":\"lt-LT\"},{\"@type\":\"Organization\",\"@id\":\"https:\/\/oxoxclub.com\/lt\/#organization\",\"name\":\"OXOX CLUB\",\"url\":\"https:\/\/oxoxclub.com\/lt\/\",\"logo\":{\"@type\":\"ImageObject\",\"inLanguage\":\"lt-LT\",\"@id\":\"https:\/\/oxoxclub.com\/lt\/#\/schema\/logo\/image\/\",\"url\":\"https:\/\/oxoxclub.com\/wp-content\/uploads\/oxox-logo-in-blue-4.png\",\"contentUrl\":\"https:\/\/oxoxclub.com\/wp-content\/uploads\/oxox-logo-in-blue-4.png\",\"width\":414,\"height\":300,\"caption\":\"OXOX CLUB\"},\"image\":{\"@id\":\"https:\/\/oxoxclub.com\/lt\/#\/schema\/logo\/image\/\"},\"sameAs\":[\"https:\/\/facebook.com\/oxoxclub\/\",\"https:\/\/www.instagram.com\/oxoxclub\/\"]}]}<\/script>\n<meta property=\"og:availability\" content=\"instock\" \/>\n<meta property=\"product:availability\" content=\"instock\" \/>\n<meta property=\"product:retailer_item_id\" content=\"30.404.09\" \/>\n<meta property=\"product:condition\" content=\"new\" \/>\n<!-- \/ Yoast SEO Premium plugin. -->","yoast_head_json":{"title":"Muslino medviln\u0117s maxi suknel\u0117 - OXOX","robots":{"index":"index","follow":"follow","max-snippet":"max-snippet:-1","max-image-preview":"max-image-preview:large","max-video-preview":"max-video-preview:-1"},"canonical":"https:\/\/oxoxclub.com\/lt\/products\/playful-lt\/muslin-maxi-dress\/","og_locale":"lt_LT","og_type":"article","og_title":"Muslino medviln\u0117s maxi suknel\u0117","og_description":"\u0160i svajinga maksi suknel\u0117, pasi\u016bta i\u0161 \u0161velnaus muslino medviln\u0117s, turi trumpas p\u016bstas rankoves, sagas priekyje ir laisvo kritimo siluet\u0105 su raukinukais apa\u010dioje. Lengva ir nevar\u017eanti \u2013 tai tobulas drabu\u017eis nepamir\u0161tamoms vasaros akimirkoms. 100 % medviln\u0117 \/ Galima skalbti skalbykl\u0117je. Pagaminta Lietuvoje. Daniel\u0117 yra 140 cm \u016bgio ir d\u0117vi 9\u201310 met\u0173 dyd\u012f.","og_url":"https:\/\/oxoxclub.com\/lt\/products\/playful-lt\/muslin-maxi-dress\/","og_site_name":"OXOX","article_publisher":"https:\/\/facebook.com\/oxoxclub\/","article_modified_time":"2025-10-23T20:52:30+00:00","og_image":[{"width":1703,"height":2560,"url":"https:\/\/oxoxclub.com\/wp-content\/uploads\/oxox-lookbook-SS25-05324-scaled.jpg","type":"image\/jpeg"}],"twitter_card":"summary_large_image","twitter_misc":{"Availability":"In stock"},"schema":{"@context":"https:\/\/schema.org","@graph":[{"@type":"WebPage","@id":"https:\/\/oxoxclub.com\/lt\/products\/playful-lt\/muslin-maxi-dress\/","url":"https:\/\/oxoxclub.com\/lt\/products\/playful-lt\/muslin-maxi-dress\/","name":"Muslino medviln\u0117s maxi suknel\u0117 - OXOX","isPartOf":{"@id":"https:\/\/oxoxclub.com\/lt\/#website"},"primaryImageOfPage":{"@id":"https:\/\/oxoxclub.com\/lt\/products\/playful-lt\/muslin-maxi-dress\/#primaryimage"},"image":{"@id":"https:\/\/oxoxclub.com\/lt\/products\/playful-lt\/muslin-maxi-dress\/#primaryimage"},"thumbnailUrl":"https:\/\/oxoxclub.com\/wp-content\/uploads\/oxox-lookbook-SS25-05324-scaled.jpg","datePublished":"2025-03-25T12:28:57+00:00","dateModified":"2025-10-23T20:52:30+00:00","breadcrumb":{"@id":"https:\/\/oxoxclub.com\/lt\/products\/playful-lt\/muslin-maxi-dress\/#breadcrumb"},"inLanguage":"lt-LT","potentialAction":[{"@type":"ReadAction","target":["https:\/\/oxoxclub.com\/lt\/products\/playful-lt\/muslin-maxi-dress\/"]}]},{"@type":"ImageObject","inLanguage":"lt-LT","@id":"https:\/\/oxoxclub.com\/lt\/products\/playful-lt\/muslin-maxi-dress\/#primaryimage","url":"https:\/\/oxoxclub.com\/wp-content\/uploads\/oxox-lookbook-SS25-05324-scaled.jpg","contentUrl":"https:\/\/oxoxclub.com\/wp-content\/uploads\/oxox-lookbook-SS25-05324-scaled.jpg","width":1703,"height":2560},{"@type":"BreadcrumbList","@id":"https:\/\/oxoxclub.com\/lt\/products\/playful-lt\/muslin-maxi-dress\/#breadcrumb","itemListElement":[{"@type":"ListItem","position":1,"name":"Home","item":"https:\/\/oxoxclub.com\/lt\/"},{"@type":"ListItem","position":2,"name":"Shop","item":"https:\/\/oxoxclub.com\/products\/"},{"@type":"ListItem","position":3,"name":"Muslino medviln\u0117s maxi suknel\u0117"}]},{"@type":"WebSite","@id":"https:\/\/oxoxclub.com\/lt\/#website","url":"https:\/\/oxoxclub.com\/lt\/","name":"OXOX CLUB","description":"On a mission of never growing up","publisher":{"@id":"https:\/\/oxoxclub.com\/lt\/#organization"},"potentialAction":[{"@type":"SearchAction","target":{"@type":"EntryPoint","urlTemplate":"https:\/\/oxoxclub.com\/lt\/?s={search_term_string}"},"query-input":{"@type":"PropertyValueSpecification","valueRequired":true,"valueName":"search_term_string"}}],"inLanguage":"lt-LT"},{"@type":"Organization","@id":"https:\/\/oxoxclub.com\/lt\/#organization","name":"OXOX CLUB","url":"https:\/\/oxoxclub.com\/lt\/","logo":{"@type":"ImageObject","inLanguage":"lt-LT","@id":"https:\/\/oxoxclub.com\/lt\/#\/schema\/logo\/image\/","url":"https:\/\/oxoxclub.com\/wp-content\/uploads\/oxox-logo-in-blue-4.png","contentUrl":"https:\/\/oxoxclub.com\/wp-content\/uploads\/oxox-logo-in-blue-4.png","width":414,"height":300,"caption":"OXOX CLUB"},"image":{"@id":"https:\/\/oxoxclub.com\/lt\/#\/schema\/logo\/image\/"},"sameAs":["https:\/\/facebook.com\/oxoxclub\/","https:\/\/www.instagram.com\/oxoxclub\/"]}]},"og_availability":"instock","product_availability":"instock","product_retailer_item_id":"30.404.09","product_condition":"new"},"_links":{"self":[{"href":"https:\/\/oxoxclub.com\/lt\/wp-json\/wp\/v2\/product\/67122","targetHints":{"allow":["GET"]}}],"collection":[{"href":"https:\/\/oxoxclub.com\/lt\/wp-json\/wp\/v2\/product"}],"about":[{"href":"https:\/\/oxoxclub.com\/lt\/wp-json\/wp\/v2\/types\/product"}],"replies":[{"embeddable":true,"href":"https:\/\/oxoxclub.com\/lt\/wp-json\/wp\/v2\/comments?post=67122"}],"wp:featuredmedia":[{"embeddable":true,"href":"https:\/\/oxoxclub.com\/lt\/wp-json\/wp\/v2\/media\/63874"}],"wp:attachment":[{"href":"https:\/\/oxoxclub.com\/lt\/wp-json\/wp\/v2\/media?parent=67122"}],"wp:term":[{"taxonomy":"product_brand","embeddable":true,"href":"https:\/\/oxoxclub.com\/lt\/wp-json\/wp\/v2\/product_brand?post=67122"},{"taxonomy":"product_cat","embeddable":true,"href":"https:\/\/oxoxclub.com\/lt\/wp-json\/wp\/v2\/product_cat?post=67122"},{"taxonomy":"product_tag","embeddable":true,"href":"https:\/\/oxoxclub.com\/lt\/wp-json\/wp\/v2\/product_tag?post=67122"}],"curies":[{"name":"wp","href":"https:\/\/api.w.org\/{rel}","templated":true}]}}