{"id":67234,"date":"2025-02-27T13:17:52","date_gmt":"2025-02-27T11:17:52","guid":{"rendered":"https:\/\/oxoxclub-com-486310.hostingersite.com\/products\/be-kategorijos\/sleeveless-potato-tee\/"},"modified":"2025-11-25T12:09:20","modified_gmt":"2025-11-25T10:09:20","slug":"berankoviai-potato-marskineliai-melyni","status":"publish","type":"product","link":"https:\/\/oxoxclub.com\/lt\/products\/playful-lt\/berankoviai-potato-marskineliai-melyni\/","title":{"rendered":"Berankoviai \u201ePotato\u201c mar\u0161kin\u0117liai"},"content":{"rendered":"<p>\u0160ie berankoviai unisex stilistikos mar\u0161kin\u0117liai, pagaminti i\u0161 ekologi\u0161kos medviln\u0117s, puo\u0161ti OXOX Club i\u0161skirtiniu Potato printu. Puikiai tinka kar\u0161toms vasaros dienoms \u2013 lengvai derinami su pla\u010diais \u0161ortais ar keln\u0117mis ir gali b\u016bti d\u0117vimi ant paprast\u0173 mar\u0161kin\u0117li\u0173, sukuriant laisv\u0105, stiling\u0105 \u012fvaizd\u012f.<\/p>\n<p>100% ekologi\u0161ka medviln\u0117 \/ Galima skalbti skalbykl\u0117je.<\/p>\n<p>Pagaminta Lietuvoje.<\/p>\n<p>Juozapas yra 140 cm \u016bgio ir d\u0117vi 9-10 met\u0173 dyd\u012f.<\/p>\n","protected":false},"excerpt":{"rendered":"<p>\u0160ie berankoviai unisex stilistikos mar\u0161kin\u0117liai, pagaminti i\u0161 ekologi\u0161kos medviln\u0117s, puo\u0161ti OXOX Club i\u0161skirtiniu Potato printu. Puikiai tinka kar\u0161toms vasaros dienoms \u2013 lengvai derinami su pla\u010diais \u0161ortais ar keln\u0117mis ir gali b\u016bti d\u0117vimi ant paprast\u0173 mar\u0161kin\u0117li\u0173, sukuriant laisv\u0105, stiling\u0105 \u012fvaizd\u012f. 100% ekologi\u0161ka medviln\u0117 \/ Galima skalbti skalbykl\u0117je. Pagaminta Lietuvoje. Juozapas yra 140 cm \u016bgio ir d\u0117vi [&hellip;]<\/p>\n","protected":false},"featured_media":63689,"comment_status":"open","ping_status":"closed","template":"","meta":[],"product_brand":[],"product_cat":[691,699,680,685],"product_tag":[],"class_list":{"0":"post-67234","1":"product","2":"type-product","3":"status-publish","4":"has-post-thumbnail","6":"product_cat-marskineliai-lt","7":"product_cat-playful-lt","8":"product_cat-potato-lt","9":"product_cat-topai-ir-marskineliai-lt-2","10":"pa_size-chart-86-92-en","11":"pa_size-chart-98-104-en","12":"pa_size-chart-110-116-en","13":"pa_size-chart-122-128-en","14":"pa_size-chart-134-140-en","15":"pa_size-chart-146-152-en","16":"pa_t-shirts-marskineliai","18":"first","19":"instock","20":"taxable","21":"shipping-taxable","22":"purchasable","23":"product-type-variable"},"acf":[],"yoast_head":"<!-- This site is optimized with the Yoast SEO Premium plugin v20.11 (Yoast SEO v24.3) - https:\/\/yoast.com\/wordpress\/plugins\/seo\/ -->\n<title>Berankoviai \u201ePotato\u201c mar\u0161kin\u0117liai - OXOX<\/title>\n<meta name=\"robots\" content=\"index, follow, max-snippet:-1, max-image-preview:large, max-video-preview:-1\" \/>\n<link rel=\"canonical\" href=\"https:\/\/oxoxclub.com\/lt\/products\/playful-lt\/berankoviai-potato-marskineliai-melyni\/\" \/>\n<meta property=\"og:locale\" content=\"lt_LT\" \/>\n<meta property=\"og:type\" content=\"article\" \/>\n<meta property=\"og:title\" content=\"Berankoviai \u201ePotato\u201c mar\u0161kin\u0117liai\" \/>\n<meta property=\"og:description\" content=\"\u0160ie berankoviai unisex stilistikos mar\u0161kin\u0117liai, pagaminti i\u0161 ekologi\u0161kos medviln\u0117s, puo\u0161ti OXOX Club i\u0161skirtiniu Potato printu. Puikiai tinka kar\u0161toms vasaros dienoms \u2013 lengvai derinami su pla\u010diais \u0161ortais ar keln\u0117mis ir gali b\u016bti d\u0117vimi ant paprast\u0173 mar\u0161kin\u0117li\u0173, sukuriant laisv\u0105, stiling\u0105 \u012fvaizd\u012f. 100% ekologi\u0161ka medviln\u0117 \/ Galima skalbti skalbykl\u0117je. Pagaminta Lietuvoje. Juozapas yra 140 cm \u016bgio ir d\u0117vi [&hellip;]\" \/>\n<meta property=\"og:url\" content=\"https:\/\/oxoxclub.com\/lt\/products\/playful-lt\/berankoviai-potato-marskineliai-melyni\/\" \/>\n<meta property=\"og:site_name\" content=\"OXOX\" \/>\n<meta property=\"article:publisher\" content=\"https:\/\/facebook.com\/oxoxclub\/\" \/>\n<meta property=\"article:modified_time\" content=\"2025-11-25T10:09:20+00:00\" \/>\n<meta property=\"og:image\" content=\"https:\/\/oxoxclub.com\/wp-content\/uploads\/oxox-lookbook-SS25-05184-scaled.jpg\" \/>\n\t<meta property=\"og:image:width\" content=\"1703\" \/>\n\t<meta property=\"og:image:height\" content=\"2560\" \/>\n\t<meta property=\"og:image:type\" content=\"image\/jpeg\" \/>\n<meta name=\"twitter:card\" content=\"summary_large_image\" \/>\n<meta name=\"twitter:label1\" content=\"Availability\" \/>\n\t<meta name=\"twitter:data1\" content=\"In stock\" \/>\n<script type=\"application\/ld+json\" class=\"yoast-schema-graph\">{\"@context\":\"https:\/\/schema.org\",\"@graph\":[{\"@type\":\"WebPage\",\"@id\":\"https:\/\/oxoxclub.com\/lt\/products\/playful-lt\/berankoviai-potato-marskineliai-melyni\/\",\"url\":\"https:\/\/oxoxclub.com\/lt\/products\/playful-lt\/berankoviai-potato-marskineliai-melyni\/\",\"name\":\"Berankoviai \u201ePotato\u201c mar\u0161kin\u0117liai - OXOX\",\"isPartOf\":{\"@id\":\"https:\/\/oxoxclub.com\/lt\/#website\"},\"primaryImageOfPage\":{\"@id\":\"https:\/\/oxoxclub.com\/lt\/products\/playful-lt\/berankoviai-potato-marskineliai-melyni\/#primaryimage\"},\"image\":{\"@id\":\"https:\/\/oxoxclub.com\/lt\/products\/playful-lt\/berankoviai-potato-marskineliai-melyni\/#primaryimage\"},\"thumbnailUrl\":\"https:\/\/oxoxclub.com\/wp-content\/uploads\/oxox-lookbook-SS25-05184-scaled.jpg\",\"datePublished\":\"2025-02-27T11:17:52+00:00\",\"dateModified\":\"2025-11-25T10:09:20+00:00\",\"breadcrumb\":{\"@id\":\"https:\/\/oxoxclub.com\/lt\/products\/playful-lt\/berankoviai-potato-marskineliai-melyni\/#breadcrumb\"},\"inLanguage\":\"lt-LT\",\"potentialAction\":[{\"@type\":\"ReadAction\",\"target\":[\"https:\/\/oxoxclub.com\/lt\/products\/playful-lt\/berankoviai-potato-marskineliai-melyni\/\"]}]},{\"@type\":\"ImageObject\",\"inLanguage\":\"lt-LT\",\"@id\":\"https:\/\/oxoxclub.com\/lt\/products\/playful-lt\/berankoviai-potato-marskineliai-melyni\/#primaryimage\",\"url\":\"https:\/\/oxoxclub.com\/wp-content\/uploads\/oxox-lookbook-SS25-05184-scaled.jpg\",\"contentUrl\":\"https:\/\/oxoxclub.com\/wp-content\/uploads\/oxox-lookbook-SS25-05184-scaled.jpg\",\"width\":1703,\"height\":2560},{\"@type\":\"BreadcrumbList\",\"@id\":\"https:\/\/oxoxclub.com\/lt\/products\/playful-lt\/berankoviai-potato-marskineliai-melyni\/#breadcrumb\",\"itemListElement\":[{\"@type\":\"ListItem\",\"position\":1,\"name\":\"Home\",\"item\":\"https:\/\/oxoxclub.com\/lt\/\"},{\"@type\":\"ListItem\",\"position\":2,\"name\":\"Shop\",\"item\":\"https:\/\/oxoxclub.com\/products\/\"},{\"@type\":\"ListItem\",\"position\":3,\"name\":\"Berankoviai \u201ePotato\u201c mar\u0161kin\u0117liai\"}]},{\"@type\":\"WebSite\",\"@id\":\"https:\/\/oxoxclub.com\/lt\/#website\",\"url\":\"https:\/\/oxoxclub.com\/lt\/\",\"name\":\"OXOX CLUB\",\"description\":\"On a mission of never growing up\",\"publisher\":{\"@id\":\"https:\/\/oxoxclub.com\/lt\/#organization\"},\"potentialAction\":[{\"@type\":\"SearchAction\",\"target\":{\"@type\":\"EntryPoint\",\"urlTemplate\":\"https:\/\/oxoxclub.com\/lt\/?s={search_term_string}\"},\"query-input\":{\"@type\":\"PropertyValueSpecification\",\"valueRequired\":true,\"valueName\":\"search_term_string\"}}],\"inLanguage\":\"lt-LT\"},{\"@type\":\"Organization\",\"@id\":\"https:\/\/oxoxclub.com\/lt\/#organization\",\"name\":\"OXOX CLUB\",\"url\":\"https:\/\/oxoxclub.com\/lt\/\",\"logo\":{\"@type\":\"ImageObject\",\"inLanguage\":\"lt-LT\",\"@id\":\"https:\/\/oxoxclub.com\/lt\/#\/schema\/logo\/image\/\",\"url\":\"https:\/\/oxoxclub.com\/wp-content\/uploads\/oxox-logo-in-blue-4.png\",\"contentUrl\":\"https:\/\/oxoxclub.com\/wp-content\/uploads\/oxox-logo-in-blue-4.png\",\"width\":414,\"height\":300,\"caption\":\"OXOX CLUB\"},\"image\":{\"@id\":\"https:\/\/oxoxclub.com\/lt\/#\/schema\/logo\/image\/\"},\"sameAs\":[\"https:\/\/facebook.com\/oxoxclub\/\",\"https:\/\/www.instagram.com\/oxoxclub\/\"]}]}<\/script>\n<meta property=\"og:availability\" content=\"instock\" \/>\n<meta property=\"product:availability\" content=\"instock\" \/>\n<meta property=\"product:retailer_item_id\" content=\"30.102.17\" \/>\n<meta property=\"product:condition\" content=\"new\" \/>\n<!-- \/ Yoast SEO Premium plugin. -->","yoast_head_json":{"title":"Berankoviai \u201ePotato\u201c mar\u0161kin\u0117liai - OXOX","robots":{"index":"index","follow":"follow","max-snippet":"max-snippet:-1","max-image-preview":"max-image-preview:large","max-video-preview":"max-video-preview:-1"},"canonical":"https:\/\/oxoxclub.com\/lt\/products\/playful-lt\/berankoviai-potato-marskineliai-melyni\/","og_locale":"lt_LT","og_type":"article","og_title":"Berankoviai \u201ePotato\u201c mar\u0161kin\u0117liai","og_description":"\u0160ie berankoviai unisex stilistikos mar\u0161kin\u0117liai, pagaminti i\u0161 ekologi\u0161kos medviln\u0117s, puo\u0161ti OXOX Club i\u0161skirtiniu Potato printu. Puikiai tinka kar\u0161toms vasaros dienoms \u2013 lengvai derinami su pla\u010diais \u0161ortais ar keln\u0117mis ir gali b\u016bti d\u0117vimi ant paprast\u0173 mar\u0161kin\u0117li\u0173, sukuriant laisv\u0105, stiling\u0105 \u012fvaizd\u012f. 100% ekologi\u0161ka medviln\u0117 \/ Galima skalbti skalbykl\u0117je. Pagaminta Lietuvoje. Juozapas yra 140 cm \u016bgio ir d\u0117vi [&hellip;]","og_url":"https:\/\/oxoxclub.com\/lt\/products\/playful-lt\/berankoviai-potato-marskineliai-melyni\/","og_site_name":"OXOX","article_publisher":"https:\/\/facebook.com\/oxoxclub\/","article_modified_time":"2025-11-25T10:09:20+00:00","og_image":[{"width":1703,"height":2560,"url":"https:\/\/oxoxclub.com\/wp-content\/uploads\/oxox-lookbook-SS25-05184-scaled.jpg","type":"image\/jpeg"}],"twitter_card":"summary_large_image","twitter_misc":{"Availability":"In stock"},"schema":{"@context":"https:\/\/schema.org","@graph":[{"@type":"WebPage","@id":"https:\/\/oxoxclub.com\/lt\/products\/playful-lt\/berankoviai-potato-marskineliai-melyni\/","url":"https:\/\/oxoxclub.com\/lt\/products\/playful-lt\/berankoviai-potato-marskineliai-melyni\/","name":"Berankoviai \u201ePotato\u201c mar\u0161kin\u0117liai - OXOX","isPartOf":{"@id":"https:\/\/oxoxclub.com\/lt\/#website"},"primaryImageOfPage":{"@id":"https:\/\/oxoxclub.com\/lt\/products\/playful-lt\/berankoviai-potato-marskineliai-melyni\/#primaryimage"},"image":{"@id":"https:\/\/oxoxclub.com\/lt\/products\/playful-lt\/berankoviai-potato-marskineliai-melyni\/#primaryimage"},"thumbnailUrl":"https:\/\/oxoxclub.com\/wp-content\/uploads\/oxox-lookbook-SS25-05184-scaled.jpg","datePublished":"2025-02-27T11:17:52+00:00","dateModified":"2025-11-25T10:09:20+00:00","breadcrumb":{"@id":"https:\/\/oxoxclub.com\/lt\/products\/playful-lt\/berankoviai-potato-marskineliai-melyni\/#breadcrumb"},"inLanguage":"lt-LT","potentialAction":[{"@type":"ReadAction","target":["https:\/\/oxoxclub.com\/lt\/products\/playful-lt\/berankoviai-potato-marskineliai-melyni\/"]}]},{"@type":"ImageObject","inLanguage":"lt-LT","@id":"https:\/\/oxoxclub.com\/lt\/products\/playful-lt\/berankoviai-potato-marskineliai-melyni\/#primaryimage","url":"https:\/\/oxoxclub.com\/wp-content\/uploads\/oxox-lookbook-SS25-05184-scaled.jpg","contentUrl":"https:\/\/oxoxclub.com\/wp-content\/uploads\/oxox-lookbook-SS25-05184-scaled.jpg","width":1703,"height":2560},{"@type":"BreadcrumbList","@id":"https:\/\/oxoxclub.com\/lt\/products\/playful-lt\/berankoviai-potato-marskineliai-melyni\/#breadcrumb","itemListElement":[{"@type":"ListItem","position":1,"name":"Home","item":"https:\/\/oxoxclub.com\/lt\/"},{"@type":"ListItem","position":2,"name":"Shop","item":"https:\/\/oxoxclub.com\/products\/"},{"@type":"ListItem","position":3,"name":"Berankoviai \u201ePotato\u201c mar\u0161kin\u0117liai"}]},{"@type":"WebSite","@id":"https:\/\/oxoxclub.com\/lt\/#website","url":"https:\/\/oxoxclub.com\/lt\/","name":"OXOX CLUB","description":"On a mission of never growing up","publisher":{"@id":"https:\/\/oxoxclub.com\/lt\/#organization"},"potentialAction":[{"@type":"SearchAction","target":{"@type":"EntryPoint","urlTemplate":"https:\/\/oxoxclub.com\/lt\/?s={search_term_string}"},"query-input":{"@type":"PropertyValueSpecification","valueRequired":true,"valueName":"search_term_string"}}],"inLanguage":"lt-LT"},{"@type":"Organization","@id":"https:\/\/oxoxclub.com\/lt\/#organization","name":"OXOX CLUB","url":"https:\/\/oxoxclub.com\/lt\/","logo":{"@type":"ImageObject","inLanguage":"lt-LT","@id":"https:\/\/oxoxclub.com\/lt\/#\/schema\/logo\/image\/","url":"https:\/\/oxoxclub.com\/wp-content\/uploads\/oxox-logo-in-blue-4.png","contentUrl":"https:\/\/oxoxclub.com\/wp-content\/uploads\/oxox-logo-in-blue-4.png","width":414,"height":300,"caption":"OXOX CLUB"},"image":{"@id":"https:\/\/oxoxclub.com\/lt\/#\/schema\/logo\/image\/"},"sameAs":["https:\/\/facebook.com\/oxoxclub\/","https:\/\/www.instagram.com\/oxoxclub\/"]}]},"og_availability":"instock","product_availability":"instock","product_retailer_item_id":"30.102.17","product_condition":"new"},"_links":{"self":[{"href":"https:\/\/oxoxclub.com\/lt\/wp-json\/wp\/v2\/product\/67234","targetHints":{"allow":["GET"]}}],"collection":[{"href":"https:\/\/oxoxclub.com\/lt\/wp-json\/wp\/v2\/product"}],"about":[{"href":"https:\/\/oxoxclub.com\/lt\/wp-json\/wp\/v2\/types\/product"}],"replies":[{"embeddable":true,"href":"https:\/\/oxoxclub.com\/lt\/wp-json\/wp\/v2\/comments?post=67234"}],"wp:featuredmedia":[{"embeddable":true,"href":"https:\/\/oxoxclub.com\/lt\/wp-json\/wp\/v2\/media\/63689"}],"wp:attachment":[{"href":"https:\/\/oxoxclub.com\/lt\/wp-json\/wp\/v2\/media?parent=67234"}],"wp:term":[{"taxonomy":"product_brand","embeddable":true,"href":"https:\/\/oxoxclub.com\/lt\/wp-json\/wp\/v2\/product_brand?post=67234"},{"taxonomy":"product_cat","embeddable":true,"href":"https:\/\/oxoxclub.com\/lt\/wp-json\/wp\/v2\/product_cat?post=67234"},{"taxonomy":"product_tag","embeddable":true,"href":"https:\/\/oxoxclub.com\/lt\/wp-json\/wp\/v2\/product_tag?post=67234"}],"curies":[{"name":"wp","href":"https:\/\/api.w.org\/{rel}","templated":true}]}}