{"id":67241,"date":"2025-02-27T13:13:01","date_gmt":"2025-02-27T11:13:01","guid":{"rendered":"https:\/\/oxoxclub-com-486310.hostingersite.com\/products\/be-kategorijos\/playful-sweatdress\/"},"modified":"2026-02-09T17:31:14","modified_gmt":"2026-02-09T15:31:14","slug":"playful-tunika","status":"publish","type":"product","link":"https:\/\/oxoxclub.com\/lt\/products\/playful-lt\/playful-tunika\/","title":{"rendered":"\u201eStacked Potato\u201c tunika"},"content":{"rendered":"<p>\u0160i kiek padidinto silueto tunika yra pagaminta i\u0161 ekologi\u0161kos medviln\u0117s, marginta \u017eaismingu \u201eStacked Potato\u201c ra\u0161tu. Puikiai tinka bet kokiai laisvalaikio progai \u2013 derink su tampr\u0117mis jaukiam \u012fvaizd\u017eiui arba d\u0117v\u0117k vien\u0105 \u0161ilt\u0105 vasaros vakar\u0105. Patogi ir eleganti\u0161ka -nepakei\u010diamas drabu\u017eis ner\u016bpestingoms dienoms.<\/p>\n<p>Gaminys yra prie\u0161 tai i\u0161skalbtas, kad b\u016bt\u0173 mink\u0161tesnis, nesitraukt\u0173 ir i\u0161laikyt\u0173 ry\u0161kias spalvas net po daugelio skalbim\u0173.<\/p>\n<p>100% ekologi\u0161ka medviln\u0117 \/ Galima skalbti skalbykl\u0117je.<\/p>\n<p>Pagaminta Lietuvoje.<\/p>\n","protected":false},"excerpt":{"rendered":"<p>\u0160i kiek padidinto silueto tunika yra pagaminta i\u0161 ekologi\u0161kos medviln\u0117s, marginta \u017eaismingu \u201eStacked Potato\u201c ra\u0161tu. Puikiai tinka bet kokiai laisvalaikio progai \u2013 derink su tampr\u0117mis jaukiam \u012fvaizd\u017eiui arba d\u0117v\u0117k vien\u0105 \u0161ilt\u0105 vasaros vakar\u0105. Patogi ir eleganti\u0161ka -nepakei\u010diamas drabu\u017eis ner\u016bpestingoms dienoms. Gaminys yra prie\u0161 tai i\u0161skalbtas, kad b\u016bt\u0173 mink\u0161tesnis, nesitraukt\u0173 ir i\u0161laikyt\u0173 ry\u0161kias spalvas net po [&hellip;]<\/p>\n","protected":false},"featured_media":63801,"comment_status":"open","ping_status":"closed","template":"","meta":[],"product_brand":[],"product_cat":[699,680,661,665],"product_tag":[],"class_list":{"0":"post-67241","1":"product","2":"type-product","3":"status-publish","4":"has-post-thumbnail","6":"product_cat-playful-lt","7":"product_cat-potato-lt","8":"product_cat-sukneles-ir-sijonai","9":"product_cat-tunikos","10":"pa_dresses-tunikos","11":"pa_size-chart-86-92-en","12":"pa_size-chart-98-104-en","13":"pa_size-chart-110-116-en","14":"pa_size-chart-122-128-en","15":"pa_size-chart-134-140-en","16":"pa_size-chart-146-152-en","18":"first","19":"instock","20":"taxable","21":"shipping-taxable","22":"purchasable","23":"product-type-variable"},"acf":[],"yoast_head":"<!-- This site is optimized with the Yoast SEO Premium plugin v20.11 (Yoast SEO v24.3) - https:\/\/yoast.com\/wordpress\/plugins\/seo\/ -->\n<title>\u201eStacked Potato\u201c tunika - OXOX<\/title>\n<meta name=\"robots\" content=\"index, follow, max-snippet:-1, max-image-preview:large, max-video-preview:-1\" \/>\n<link rel=\"canonical\" href=\"https:\/\/oxoxclub.com\/lt\/products\/playful-lt\/playful-tunika\/\" \/>\n<meta property=\"og:locale\" content=\"lt_LT\" \/>\n<meta property=\"og:type\" content=\"article\" \/>\n<meta property=\"og:title\" content=\"\u201eStacked Potato\u201c tunika\" \/>\n<meta property=\"og:description\" content=\"\u0160i kiek padidinto silueto tunika yra pagaminta i\u0161 ekologi\u0161kos medviln\u0117s, marginta \u017eaismingu \u201eStacked Potato\u201c ra\u0161tu. Puikiai tinka bet kokiai laisvalaikio progai \u2013 derink su tampr\u0117mis jaukiam \u012fvaizd\u017eiui arba d\u0117v\u0117k vien\u0105 \u0161ilt\u0105 vasaros vakar\u0105. Patogi ir eleganti\u0161ka -nepakei\u010diamas drabu\u017eis ner\u016bpestingoms dienoms. Gaminys yra prie\u0161 tai i\u0161skalbtas, kad b\u016bt\u0173 mink\u0161tesnis, nesitraukt\u0173 ir i\u0161laikyt\u0173 ry\u0161kias spalvas net po [&hellip;]\" \/>\n<meta property=\"og:url\" content=\"https:\/\/oxoxclub.com\/lt\/products\/playful-lt\/playful-tunika\/\" \/>\n<meta property=\"og:site_name\" content=\"OXOX\" \/>\n<meta property=\"article:publisher\" content=\"https:\/\/facebook.com\/oxoxclub\/\" \/>\n<meta property=\"article:modified_time\" content=\"2026-02-09T15:31:14+00:00\" \/>\n<meta property=\"og:image\" content=\"https:\/\/oxoxclub.com\/wp-content\/uploads\/oxox-lookbook-SS25-05269-scaled.jpg\" \/>\n\t<meta property=\"og:image:width\" content=\"1703\" \/>\n\t<meta property=\"og:image:height\" content=\"2560\" \/>\n\t<meta property=\"og:image:type\" content=\"image\/jpeg\" \/>\n<meta name=\"twitter:card\" content=\"summary_large_image\" \/>\n<meta name=\"twitter:label1\" content=\"Availability\" \/>\n\t<meta name=\"twitter:data1\" content=\"In stock\" \/>\n<script type=\"application\/ld+json\" class=\"yoast-schema-graph\">{\"@context\":\"https:\/\/schema.org\",\"@graph\":[{\"@type\":\"WebPage\",\"@id\":\"https:\/\/oxoxclub.com\/lt\/products\/playful-lt\/playful-tunika\/\",\"url\":\"https:\/\/oxoxclub.com\/lt\/products\/playful-lt\/playful-tunika\/\",\"name\":\"\u201eStacked Potato\u201c tunika - OXOX\",\"isPartOf\":{\"@id\":\"https:\/\/oxoxclub.com\/lt\/#website\"},\"primaryImageOfPage\":{\"@id\":\"https:\/\/oxoxclub.com\/lt\/products\/playful-lt\/playful-tunika\/#primaryimage\"},\"image\":{\"@id\":\"https:\/\/oxoxclub.com\/lt\/products\/playful-lt\/playful-tunika\/#primaryimage\"},\"thumbnailUrl\":\"https:\/\/oxoxclub.com\/wp-content\/uploads\/oxox-lookbook-SS25-05269-scaled.jpg\",\"datePublished\":\"2025-02-27T11:13:01+00:00\",\"dateModified\":\"2026-02-09T15:31:14+00:00\",\"breadcrumb\":{\"@id\":\"https:\/\/oxoxclub.com\/lt\/products\/playful-lt\/playful-tunika\/#breadcrumb\"},\"inLanguage\":\"lt-LT\",\"potentialAction\":[{\"@type\":\"ReadAction\",\"target\":[\"https:\/\/oxoxclub.com\/lt\/products\/playful-lt\/playful-tunika\/\"]}]},{\"@type\":\"ImageObject\",\"inLanguage\":\"lt-LT\",\"@id\":\"https:\/\/oxoxclub.com\/lt\/products\/playful-lt\/playful-tunika\/#primaryimage\",\"url\":\"https:\/\/oxoxclub.com\/wp-content\/uploads\/oxox-lookbook-SS25-05269-scaled.jpg\",\"contentUrl\":\"https:\/\/oxoxclub.com\/wp-content\/uploads\/oxox-lookbook-SS25-05269-scaled.jpg\",\"width\":1703,\"height\":2560},{\"@type\":\"BreadcrumbList\",\"@id\":\"https:\/\/oxoxclub.com\/lt\/products\/playful-lt\/playful-tunika\/#breadcrumb\",\"itemListElement\":[{\"@type\":\"ListItem\",\"position\":1,\"name\":\"Home\",\"item\":\"https:\/\/oxoxclub.com\/lt\/\"},{\"@type\":\"ListItem\",\"position\":2,\"name\":\"Shop\",\"item\":\"https:\/\/oxoxclub.com\/products\/\"},{\"@type\":\"ListItem\",\"position\":3,\"name\":\"\u201eStacked Potato\u201c tunika\"}]},{\"@type\":\"WebSite\",\"@id\":\"https:\/\/oxoxclub.com\/lt\/#website\",\"url\":\"https:\/\/oxoxclub.com\/lt\/\",\"name\":\"OXOX CLUB\",\"description\":\"On a mission of never growing up\",\"publisher\":{\"@id\":\"https:\/\/oxoxclub.com\/lt\/#organization\"},\"potentialAction\":[{\"@type\":\"SearchAction\",\"target\":{\"@type\":\"EntryPoint\",\"urlTemplate\":\"https:\/\/oxoxclub.com\/lt\/?s={search_term_string}\"},\"query-input\":{\"@type\":\"PropertyValueSpecification\",\"valueRequired\":true,\"valueName\":\"search_term_string\"}}],\"inLanguage\":\"lt-LT\"},{\"@type\":\"Organization\",\"@id\":\"https:\/\/oxoxclub.com\/lt\/#organization\",\"name\":\"OXOX CLUB\",\"url\":\"https:\/\/oxoxclub.com\/lt\/\",\"logo\":{\"@type\":\"ImageObject\",\"inLanguage\":\"lt-LT\",\"@id\":\"https:\/\/oxoxclub.com\/lt\/#\/schema\/logo\/image\/\",\"url\":\"https:\/\/oxoxclub.com\/wp-content\/uploads\/oxox-logo-in-blue-4.png\",\"contentUrl\":\"https:\/\/oxoxclub.com\/wp-content\/uploads\/oxox-logo-in-blue-4.png\",\"width\":414,\"height\":300,\"caption\":\"OXOX CLUB\"},\"image\":{\"@id\":\"https:\/\/oxoxclub.com\/lt\/#\/schema\/logo\/image\/\"},\"sameAs\":[\"https:\/\/facebook.com\/oxoxclub\/\",\"https:\/\/www.instagram.com\/oxoxclub\/\"]}]}<\/script>\n<meta property=\"og:availability\" content=\"instock\" \/>\n<meta property=\"product:availability\" content=\"instock\" \/>\n<meta property=\"product:retailer_item_id\" content=\"30.483.27\" \/>\n<meta property=\"product:condition\" content=\"new\" \/>\n<!-- \/ Yoast SEO Premium plugin. -->","yoast_head_json":{"title":"\u201eStacked Potato\u201c tunika - OXOX","robots":{"index":"index","follow":"follow","max-snippet":"max-snippet:-1","max-image-preview":"max-image-preview:large","max-video-preview":"max-video-preview:-1"},"canonical":"https:\/\/oxoxclub.com\/lt\/products\/playful-lt\/playful-tunika\/","og_locale":"lt_LT","og_type":"article","og_title":"\u201eStacked Potato\u201c tunika","og_description":"\u0160i kiek padidinto silueto tunika yra pagaminta i\u0161 ekologi\u0161kos medviln\u0117s, marginta \u017eaismingu \u201eStacked Potato\u201c ra\u0161tu. Puikiai tinka bet kokiai laisvalaikio progai \u2013 derink su tampr\u0117mis jaukiam \u012fvaizd\u017eiui arba d\u0117v\u0117k vien\u0105 \u0161ilt\u0105 vasaros vakar\u0105. Patogi ir eleganti\u0161ka -nepakei\u010diamas drabu\u017eis ner\u016bpestingoms dienoms. Gaminys yra prie\u0161 tai i\u0161skalbtas, kad b\u016bt\u0173 mink\u0161tesnis, nesitraukt\u0173 ir i\u0161laikyt\u0173 ry\u0161kias spalvas net po [&hellip;]","og_url":"https:\/\/oxoxclub.com\/lt\/products\/playful-lt\/playful-tunika\/","og_site_name":"OXOX","article_publisher":"https:\/\/facebook.com\/oxoxclub\/","article_modified_time":"2026-02-09T15:31:14+00:00","og_image":[{"width":1703,"height":2560,"url":"https:\/\/oxoxclub.com\/wp-content\/uploads\/oxox-lookbook-SS25-05269-scaled.jpg","type":"image\/jpeg"}],"twitter_card":"summary_large_image","twitter_misc":{"Availability":"In stock"},"schema":{"@context":"https:\/\/schema.org","@graph":[{"@type":"WebPage","@id":"https:\/\/oxoxclub.com\/lt\/products\/playful-lt\/playful-tunika\/","url":"https:\/\/oxoxclub.com\/lt\/products\/playful-lt\/playful-tunika\/","name":"\u201eStacked Potato\u201c tunika - OXOX","isPartOf":{"@id":"https:\/\/oxoxclub.com\/lt\/#website"},"primaryImageOfPage":{"@id":"https:\/\/oxoxclub.com\/lt\/products\/playful-lt\/playful-tunika\/#primaryimage"},"image":{"@id":"https:\/\/oxoxclub.com\/lt\/products\/playful-lt\/playful-tunika\/#primaryimage"},"thumbnailUrl":"https:\/\/oxoxclub.com\/wp-content\/uploads\/oxox-lookbook-SS25-05269-scaled.jpg","datePublished":"2025-02-27T11:13:01+00:00","dateModified":"2026-02-09T15:31:14+00:00","breadcrumb":{"@id":"https:\/\/oxoxclub.com\/lt\/products\/playful-lt\/playful-tunika\/#breadcrumb"},"inLanguage":"lt-LT","potentialAction":[{"@type":"ReadAction","target":["https:\/\/oxoxclub.com\/lt\/products\/playful-lt\/playful-tunika\/"]}]},{"@type":"ImageObject","inLanguage":"lt-LT","@id":"https:\/\/oxoxclub.com\/lt\/products\/playful-lt\/playful-tunika\/#primaryimage","url":"https:\/\/oxoxclub.com\/wp-content\/uploads\/oxox-lookbook-SS25-05269-scaled.jpg","contentUrl":"https:\/\/oxoxclub.com\/wp-content\/uploads\/oxox-lookbook-SS25-05269-scaled.jpg","width":1703,"height":2560},{"@type":"BreadcrumbList","@id":"https:\/\/oxoxclub.com\/lt\/products\/playful-lt\/playful-tunika\/#breadcrumb","itemListElement":[{"@type":"ListItem","position":1,"name":"Home","item":"https:\/\/oxoxclub.com\/lt\/"},{"@type":"ListItem","position":2,"name":"Shop","item":"https:\/\/oxoxclub.com\/products\/"},{"@type":"ListItem","position":3,"name":"\u201eStacked Potato\u201c tunika"}]},{"@type":"WebSite","@id":"https:\/\/oxoxclub.com\/lt\/#website","url":"https:\/\/oxoxclub.com\/lt\/","name":"OXOX CLUB","description":"On a mission of never growing up","publisher":{"@id":"https:\/\/oxoxclub.com\/lt\/#organization"},"potentialAction":[{"@type":"SearchAction","target":{"@type":"EntryPoint","urlTemplate":"https:\/\/oxoxclub.com\/lt\/?s={search_term_string}"},"query-input":{"@type":"PropertyValueSpecification","valueRequired":true,"valueName":"search_term_string"}}],"inLanguage":"lt-LT"},{"@type":"Organization","@id":"https:\/\/oxoxclub.com\/lt\/#organization","name":"OXOX CLUB","url":"https:\/\/oxoxclub.com\/lt\/","logo":{"@type":"ImageObject","inLanguage":"lt-LT","@id":"https:\/\/oxoxclub.com\/lt\/#\/schema\/logo\/image\/","url":"https:\/\/oxoxclub.com\/wp-content\/uploads\/oxox-logo-in-blue-4.png","contentUrl":"https:\/\/oxoxclub.com\/wp-content\/uploads\/oxox-logo-in-blue-4.png","width":414,"height":300,"caption":"OXOX CLUB"},"image":{"@id":"https:\/\/oxoxclub.com\/lt\/#\/schema\/logo\/image\/"},"sameAs":["https:\/\/facebook.com\/oxoxclub\/","https:\/\/www.instagram.com\/oxoxclub\/"]}]},"og_availability":"instock","product_availability":"instock","product_retailer_item_id":"30.483.27","product_condition":"new"},"_links":{"self":[{"href":"https:\/\/oxoxclub.com\/lt\/wp-json\/wp\/v2\/product\/67241","targetHints":{"allow":["GET"]}}],"collection":[{"href":"https:\/\/oxoxclub.com\/lt\/wp-json\/wp\/v2\/product"}],"about":[{"href":"https:\/\/oxoxclub.com\/lt\/wp-json\/wp\/v2\/types\/product"}],"replies":[{"embeddable":true,"href":"https:\/\/oxoxclub.com\/lt\/wp-json\/wp\/v2\/comments?post=67241"}],"wp:featuredmedia":[{"embeddable":true,"href":"https:\/\/oxoxclub.com\/lt\/wp-json\/wp\/v2\/media\/63801"}],"wp:attachment":[{"href":"https:\/\/oxoxclub.com\/lt\/wp-json\/wp\/v2\/media?parent=67241"}],"wp:term":[{"taxonomy":"product_brand","embeddable":true,"href":"https:\/\/oxoxclub.com\/lt\/wp-json\/wp\/v2\/product_brand?post=67241"},{"taxonomy":"product_cat","embeddable":true,"href":"https:\/\/oxoxclub.com\/lt\/wp-json\/wp\/v2\/product_cat?post=67241"},{"taxonomy":"product_tag","embeddable":true,"href":"https:\/\/oxoxclub.com\/lt\/wp-json\/wp\/v2\/product_tag?post=67241"}],"curies":[{"name":"wp","href":"https:\/\/api.w.org\/{rel}","templated":true}]}}