{"id":67297,"date":"2025-02-26T15:27:40","date_gmt":"2025-02-26T13:27:40","guid":{"rendered":"https:\/\/oxoxclub-com-486310.hostingersite.com\/products\/be-kategorijos\/playful-sweatpants\/"},"modified":"2026-04-23T14:17:03","modified_gmt":"2026-04-23T12:17:03","slug":"playful-laisvalaikio-kelnes","status":"publish","type":"product","link":"https:\/\/oxoxclub.com\/lt\/products\/playful-lt\/playful-laisvalaikio-kelnes\/","title":{"rendered":"\u201eStacked Potato\u201c laisvalaikio keln\u0117s"},"content":{"rendered":"<p>\u0160ios padidinto silueto laisvalaikio keln\u0117s su elastingu juosmeniu ir reguliuojama juosmens juostele bei dviem \u0161onin\u0117mis ki\u0161en\u0117mis yra pagamintos i\u0161 ekologi\u0161kos medviln\u0117s. Papuo\u0161tos \u017eaismingu \u201eStacked Potato\u201c ra\u0161tu, jos puikiai tinka kasdieniems nuotykiams.<\/p>\n<p>Gaminys yra prie\u0161 tai i\u0161skalbtas, kad b\u016bt\u0173 mink\u0161tesnis, nesitraukt\u0173 ir i\u0161laikyt\u0173 ry\u0161kias spalvas net po daugelio skalbim\u0173.<\/p>\n<p>100% ekologi\u0161ka medviln\u0117 \/ Galima skalbti skalbykl\u0117je.<\/p>\n<p>Ppagaminta Lietuvoje.<\/p>\n<p>Sebastijanas yra 110 cm \u016bgio ir d\u0117vi 5-6 met\u0173 dyd\u012f.<\/p>\n","protected":false},"excerpt":{"rendered":"<p>\u0160ios padidinto silueto laisvalaikio keln\u0117s su elastingu juosmeniu ir reguliuojama juosmens juostele bei dviem \u0161onin\u0117mis ki\u0161en\u0117mis yra pagamintos i\u0161 ekologi\u0161kos medviln\u0117s. Papuo\u0161tos \u017eaismingu \u201eStacked Potato\u201c ra\u0161tu, jos puikiai tinka kasdieniems nuotykiams. Gaminys yra prie\u0161 tai i\u0161skalbtas, kad b\u016bt\u0173 mink\u0161tesnis, nesitraukt\u0173 ir i\u0161laikyt\u0173 ry\u0161kias spalvas net po daugelio skalbim\u0173. 100% ekologi\u0161ka medviln\u0117 \/ Galima skalbti skalbykl\u0117je. [&hellip;]<\/p>\n","protected":false},"featured_media":63734,"comment_status":"open","ping_status":"closed","template":"","meta":[],"product_brand":[],"product_cat":[632,659,657,804,829,699,680],"product_tag":[],"class_list":{"0":"post-67297","1":"product","2":"type-product","3":"status-publish","4":"has-post-thumbnail","6":"product_cat-30-lt-nuolaidos","7":"product_cat-kelnes","8":"product_cat-kelnes-ir-sortai","9":"product_cat-mylimiausi","10":"product_cat-pavasario-ispardavimas","11":"product_cat-playful-lt","12":"product_cat-potato-lt","13":"pa_size-chart-86-92-en","14":"pa_size-chart-98-104-en","15":"pa_size-chart-110-116-en","16":"pa_size-chart-122-128-en","17":"pa_size-chart-134-140-en","18":"pa_size-chart-146-152-en","19":"pa_sweatpants-laisvalaikio-kelnes","21":"first","22":"instock","23":"sale","24":"taxable","25":"shipping-taxable","26":"purchasable","27":"product-type-variable"},"acf":[],"yoast_head":"<!-- This site is optimized with the Yoast SEO Premium plugin v20.11 (Yoast SEO v24.3) - https:\/\/yoast.com\/wordpress\/plugins\/seo\/ -->\n<title>\u201eStacked Potato\u201c laisvalaikio keln\u0117s - OXOX<\/title>\n<meta name=\"robots\" content=\"index, follow, max-snippet:-1, max-image-preview:large, max-video-preview:-1\" \/>\n<link rel=\"canonical\" href=\"https:\/\/oxoxclub.com\/lt\/products\/playful-lt\/playful-laisvalaikio-kelnes\/\" \/>\n<meta property=\"og:locale\" content=\"lt_LT\" \/>\n<meta property=\"og:type\" content=\"article\" \/>\n<meta property=\"og:title\" content=\"\u201eStacked Potato\u201c laisvalaikio keln\u0117s\" \/>\n<meta property=\"og:description\" content=\"\u0160ios padidinto silueto laisvalaikio keln\u0117s su elastingu juosmeniu ir reguliuojama juosmens juostele bei dviem \u0161onin\u0117mis ki\u0161en\u0117mis yra pagamintos i\u0161 ekologi\u0161kos medviln\u0117s. Papuo\u0161tos \u017eaismingu \u201eStacked Potato\u201c ra\u0161tu, jos puikiai tinka kasdieniems nuotykiams. Gaminys yra prie\u0161 tai i\u0161skalbtas, kad b\u016bt\u0173 mink\u0161tesnis, nesitraukt\u0173 ir i\u0161laikyt\u0173 ry\u0161kias spalvas net po daugelio skalbim\u0173. 100% ekologi\u0161ka medviln\u0117 \/ Galima skalbti skalbykl\u0117je. [&hellip;]\" \/>\n<meta property=\"og:url\" content=\"https:\/\/oxoxclub.com\/lt\/products\/playful-lt\/playful-laisvalaikio-kelnes\/\" \/>\n<meta property=\"og:site_name\" content=\"OXOX\" \/>\n<meta property=\"article:publisher\" content=\"https:\/\/facebook.com\/oxoxclub\/\" \/>\n<meta property=\"article:modified_time\" content=\"2026-04-23T12:17:03+00:00\" \/>\n<meta property=\"og:image\" content=\"https:\/\/oxoxclub.com\/wp-content\/uploads\/oxox-lookbook-SS25-05215-scaled.jpg\" \/>\n\t<meta property=\"og:image:width\" content=\"1703\" \/>\n\t<meta property=\"og:image:height\" content=\"2560\" \/>\n\t<meta property=\"og:image:type\" content=\"image\/jpeg\" \/>\n<meta name=\"twitter:card\" content=\"summary_large_image\" \/>\n<meta name=\"twitter:label1\" content=\"Availability\" \/>\n\t<meta name=\"twitter:data1\" content=\"In stock\" \/>\n<script type=\"application\/ld+json\" class=\"yoast-schema-graph\">{\"@context\":\"https:\/\/schema.org\",\"@graph\":[{\"@type\":\"WebPage\",\"@id\":\"https:\/\/oxoxclub.com\/lt\/products\/playful-lt\/playful-laisvalaikio-kelnes\/\",\"url\":\"https:\/\/oxoxclub.com\/lt\/products\/playful-lt\/playful-laisvalaikio-kelnes\/\",\"name\":\"\u201eStacked Potato\u201c laisvalaikio keln\u0117s - OXOX\",\"isPartOf\":{\"@id\":\"https:\/\/oxoxclub.com\/lt\/#website\"},\"primaryImageOfPage\":{\"@id\":\"https:\/\/oxoxclub.com\/lt\/products\/playful-lt\/playful-laisvalaikio-kelnes\/#primaryimage\"},\"image\":{\"@id\":\"https:\/\/oxoxclub.com\/lt\/products\/playful-lt\/playful-laisvalaikio-kelnes\/#primaryimage\"},\"thumbnailUrl\":\"https:\/\/oxoxclub.com\/wp-content\/uploads\/oxox-lookbook-SS25-05215-scaled.jpg\",\"datePublished\":\"2025-02-26T13:27:40+00:00\",\"dateModified\":\"2026-04-23T12:17:03+00:00\",\"breadcrumb\":{\"@id\":\"https:\/\/oxoxclub.com\/lt\/products\/playful-lt\/playful-laisvalaikio-kelnes\/#breadcrumb\"},\"inLanguage\":\"lt-LT\",\"potentialAction\":[{\"@type\":\"ReadAction\",\"target\":[\"https:\/\/oxoxclub.com\/lt\/products\/playful-lt\/playful-laisvalaikio-kelnes\/\"]}]},{\"@type\":\"ImageObject\",\"inLanguage\":\"lt-LT\",\"@id\":\"https:\/\/oxoxclub.com\/lt\/products\/playful-lt\/playful-laisvalaikio-kelnes\/#primaryimage\",\"url\":\"https:\/\/oxoxclub.com\/wp-content\/uploads\/oxox-lookbook-SS25-05215-scaled.jpg\",\"contentUrl\":\"https:\/\/oxoxclub.com\/wp-content\/uploads\/oxox-lookbook-SS25-05215-scaled.jpg\",\"width\":1703,\"height\":2560},{\"@type\":\"BreadcrumbList\",\"@id\":\"https:\/\/oxoxclub.com\/lt\/products\/playful-lt\/playful-laisvalaikio-kelnes\/#breadcrumb\",\"itemListElement\":[{\"@type\":\"ListItem\",\"position\":1,\"name\":\"Home\",\"item\":\"https:\/\/oxoxclub.com\/lt\/\"},{\"@type\":\"ListItem\",\"position\":2,\"name\":\"Shop\",\"item\":\"https:\/\/oxoxclub.com\/products\/\"},{\"@type\":\"ListItem\",\"position\":3,\"name\":\"\u201eStacked Potato\u201c laisvalaikio keln\u0117s\"}]},{\"@type\":\"WebSite\",\"@id\":\"https:\/\/oxoxclub.com\/lt\/#website\",\"url\":\"https:\/\/oxoxclub.com\/lt\/\",\"name\":\"OXOX CLUB\",\"description\":\"On a mission of never growing up\",\"publisher\":{\"@id\":\"https:\/\/oxoxclub.com\/lt\/#organization\"},\"potentialAction\":[{\"@type\":\"SearchAction\",\"target\":{\"@type\":\"EntryPoint\",\"urlTemplate\":\"https:\/\/oxoxclub.com\/lt\/?s={search_term_string}\"},\"query-input\":{\"@type\":\"PropertyValueSpecification\",\"valueRequired\":true,\"valueName\":\"search_term_string\"}}],\"inLanguage\":\"lt-LT\"},{\"@type\":\"Organization\",\"@id\":\"https:\/\/oxoxclub.com\/lt\/#organization\",\"name\":\"OXOX CLUB\",\"url\":\"https:\/\/oxoxclub.com\/lt\/\",\"logo\":{\"@type\":\"ImageObject\",\"inLanguage\":\"lt-LT\",\"@id\":\"https:\/\/oxoxclub.com\/lt\/#\/schema\/logo\/image\/\",\"url\":\"https:\/\/oxoxclub.com\/wp-content\/uploads\/oxox-logo-in-blue-4.png\",\"contentUrl\":\"https:\/\/oxoxclub.com\/wp-content\/uploads\/oxox-logo-in-blue-4.png\",\"width\":414,\"height\":300,\"caption\":\"OXOX CLUB\"},\"image\":{\"@id\":\"https:\/\/oxoxclub.com\/lt\/#\/schema\/logo\/image\/\"},\"sameAs\":[\"https:\/\/facebook.com\/oxoxclub\/\",\"https:\/\/www.instagram.com\/oxoxclub\/\"]}]}<\/script>\n<meta property=\"og:availability\" content=\"instock\" \/>\n<meta property=\"product:availability\" content=\"instock\" \/>\n<meta property=\"product:retailer_item_id\" content=\"30.273.27\" \/>\n<meta property=\"product:condition\" content=\"new\" \/>\n<!-- \/ Yoast SEO Premium plugin. -->","yoast_head_json":{"title":"\u201eStacked Potato\u201c laisvalaikio keln\u0117s - OXOX","robots":{"index":"index","follow":"follow","max-snippet":"max-snippet:-1","max-image-preview":"max-image-preview:large","max-video-preview":"max-video-preview:-1"},"canonical":"https:\/\/oxoxclub.com\/lt\/products\/playful-lt\/playful-laisvalaikio-kelnes\/","og_locale":"lt_LT","og_type":"article","og_title":"\u201eStacked Potato\u201c laisvalaikio keln\u0117s","og_description":"\u0160ios padidinto silueto laisvalaikio keln\u0117s su elastingu juosmeniu ir reguliuojama juosmens juostele bei dviem \u0161onin\u0117mis ki\u0161en\u0117mis yra pagamintos i\u0161 ekologi\u0161kos medviln\u0117s. Papuo\u0161tos \u017eaismingu \u201eStacked Potato\u201c ra\u0161tu, jos puikiai tinka kasdieniems nuotykiams. Gaminys yra prie\u0161 tai i\u0161skalbtas, kad b\u016bt\u0173 mink\u0161tesnis, nesitraukt\u0173 ir i\u0161laikyt\u0173 ry\u0161kias spalvas net po daugelio skalbim\u0173. 100% ekologi\u0161ka medviln\u0117 \/ Galima skalbti skalbykl\u0117je. [&hellip;]","og_url":"https:\/\/oxoxclub.com\/lt\/products\/playful-lt\/playful-laisvalaikio-kelnes\/","og_site_name":"OXOX","article_publisher":"https:\/\/facebook.com\/oxoxclub\/","article_modified_time":"2026-04-23T12:17:03+00:00","og_image":[{"width":1703,"height":2560,"url":"https:\/\/oxoxclub.com\/wp-content\/uploads\/oxox-lookbook-SS25-05215-scaled.jpg","type":"image\/jpeg"}],"twitter_card":"summary_large_image","twitter_misc":{"Availability":"In stock"},"schema":{"@context":"https:\/\/schema.org","@graph":[{"@type":"WebPage","@id":"https:\/\/oxoxclub.com\/lt\/products\/playful-lt\/playful-laisvalaikio-kelnes\/","url":"https:\/\/oxoxclub.com\/lt\/products\/playful-lt\/playful-laisvalaikio-kelnes\/","name":"\u201eStacked Potato\u201c laisvalaikio keln\u0117s - OXOX","isPartOf":{"@id":"https:\/\/oxoxclub.com\/lt\/#website"},"primaryImageOfPage":{"@id":"https:\/\/oxoxclub.com\/lt\/products\/playful-lt\/playful-laisvalaikio-kelnes\/#primaryimage"},"image":{"@id":"https:\/\/oxoxclub.com\/lt\/products\/playful-lt\/playful-laisvalaikio-kelnes\/#primaryimage"},"thumbnailUrl":"https:\/\/oxoxclub.com\/wp-content\/uploads\/oxox-lookbook-SS25-05215-scaled.jpg","datePublished":"2025-02-26T13:27:40+00:00","dateModified":"2026-04-23T12:17:03+00:00","breadcrumb":{"@id":"https:\/\/oxoxclub.com\/lt\/products\/playful-lt\/playful-laisvalaikio-kelnes\/#breadcrumb"},"inLanguage":"lt-LT","potentialAction":[{"@type":"ReadAction","target":["https:\/\/oxoxclub.com\/lt\/products\/playful-lt\/playful-laisvalaikio-kelnes\/"]}]},{"@type":"ImageObject","inLanguage":"lt-LT","@id":"https:\/\/oxoxclub.com\/lt\/products\/playful-lt\/playful-laisvalaikio-kelnes\/#primaryimage","url":"https:\/\/oxoxclub.com\/wp-content\/uploads\/oxox-lookbook-SS25-05215-scaled.jpg","contentUrl":"https:\/\/oxoxclub.com\/wp-content\/uploads\/oxox-lookbook-SS25-05215-scaled.jpg","width":1703,"height":2560},{"@type":"BreadcrumbList","@id":"https:\/\/oxoxclub.com\/lt\/products\/playful-lt\/playful-laisvalaikio-kelnes\/#breadcrumb","itemListElement":[{"@type":"ListItem","position":1,"name":"Home","item":"https:\/\/oxoxclub.com\/lt\/"},{"@type":"ListItem","position":2,"name":"Shop","item":"https:\/\/oxoxclub.com\/products\/"},{"@type":"ListItem","position":3,"name":"\u201eStacked Potato\u201c laisvalaikio keln\u0117s"}]},{"@type":"WebSite","@id":"https:\/\/oxoxclub.com\/lt\/#website","url":"https:\/\/oxoxclub.com\/lt\/","name":"OXOX CLUB","description":"On a mission of never growing up","publisher":{"@id":"https:\/\/oxoxclub.com\/lt\/#organization"},"potentialAction":[{"@type":"SearchAction","target":{"@type":"EntryPoint","urlTemplate":"https:\/\/oxoxclub.com\/lt\/?s={search_term_string}"},"query-input":{"@type":"PropertyValueSpecification","valueRequired":true,"valueName":"search_term_string"}}],"inLanguage":"lt-LT"},{"@type":"Organization","@id":"https:\/\/oxoxclub.com\/lt\/#organization","name":"OXOX CLUB","url":"https:\/\/oxoxclub.com\/lt\/","logo":{"@type":"ImageObject","inLanguage":"lt-LT","@id":"https:\/\/oxoxclub.com\/lt\/#\/schema\/logo\/image\/","url":"https:\/\/oxoxclub.com\/wp-content\/uploads\/oxox-logo-in-blue-4.png","contentUrl":"https:\/\/oxoxclub.com\/wp-content\/uploads\/oxox-logo-in-blue-4.png","width":414,"height":300,"caption":"OXOX CLUB"},"image":{"@id":"https:\/\/oxoxclub.com\/lt\/#\/schema\/logo\/image\/"},"sameAs":["https:\/\/facebook.com\/oxoxclub\/","https:\/\/www.instagram.com\/oxoxclub\/"]}]},"og_availability":"instock","product_availability":"instock","product_retailer_item_id":"30.273.27","product_condition":"new"},"_links":{"self":[{"href":"https:\/\/oxoxclub.com\/lt\/wp-json\/wp\/v2\/product\/67297","targetHints":{"allow":["GET"]}}],"collection":[{"href":"https:\/\/oxoxclub.com\/lt\/wp-json\/wp\/v2\/product"}],"about":[{"href":"https:\/\/oxoxclub.com\/lt\/wp-json\/wp\/v2\/types\/product"}],"replies":[{"embeddable":true,"href":"https:\/\/oxoxclub.com\/lt\/wp-json\/wp\/v2\/comments?post=67297"}],"wp:featuredmedia":[{"embeddable":true,"href":"https:\/\/oxoxclub.com\/lt\/wp-json\/wp\/v2\/media\/63734"}],"wp:attachment":[{"href":"https:\/\/oxoxclub.com\/lt\/wp-json\/wp\/v2\/media?parent=67297"}],"wp:term":[{"taxonomy":"product_brand","embeddable":true,"href":"https:\/\/oxoxclub.com\/lt\/wp-json\/wp\/v2\/product_brand?post=67297"},{"taxonomy":"product_cat","embeddable":true,"href":"https:\/\/oxoxclub.com\/lt\/wp-json\/wp\/v2\/product_cat?post=67297"},{"taxonomy":"product_tag","embeddable":true,"href":"https:\/\/oxoxclub.com\/lt\/wp-json\/wp\/v2\/product_tag?post=67297"}],"curies":[{"name":"wp","href":"https:\/\/api.w.org\/{rel}","templated":true}]}}