{"id":67318,"date":"2025-02-26T14:54:21","date_gmt":"2025-02-26T12:54:21","guid":{"rendered":"https:\/\/oxoxclub-com-486310.hostingersite.com\/products\/be-kategorijos\/sleeveless-fluff-tee\/"},"modified":"2026-04-23T14:17:33","modified_gmt":"2026-04-23T12:17:33","slug":"fluff-berankoviai-marskineliai","status":"publish","type":"product","link":"https:\/\/oxoxclub.com\/lt\/products\/playful-lt\/fluff-berankoviai-marskineliai\/","title":{"rendered":"\u201eFluff\u201c berankoviai mar\u0161kin\u0117liai"},"content":{"rendered":"<p>\u0160ie berankoviai unisex mar\u0161kin\u0117liai, pagaminti i\u0161 ekologi\u0161kos medviln\u0117s, pasi\u017eymi spalvingu \u201eFluff\u201c printu. Puikiai tinka kar\u0161toms vasaros dienoms \u2013 lengvai derinami su pla\u010diais \u0161ortais ar keln\u0117mis, taip pat gali b\u016bti sluokniuojami ant paprast\u0173 mar\u0161kin\u0117li\u0173.<\/p>\n<p>100% ekologi\u0161ka medviln\u0117 \/ Galima skalbti skalbykl\u0117je.<\/p>\n<p>Pagaminta Lietuvoje.<\/p>\n<p>Mia yra 120 cm \u016bgio ir d\u0117vi 7-8 met\u0173 dyd\u012f.<\/p>\n","protected":false},"excerpt":{"rendered":"<p>\u0160ie berankoviai unisex mar\u0161kin\u0117liai, pagaminti i\u0161 ekologi\u0161kos medviln\u0117s, pasi\u017eymi spalvingu \u201eFluff\u201c printu. Puikiai tinka kar\u0161toms vasaros dienoms \u2013 lengvai derinami su pla\u010diais \u0161ortais ar keln\u0117mis, taip pat gali b\u016bti sluokniuojami ant paprast\u0173 mar\u0161kin\u0117li\u0173. 100% ekologi\u0161ka medviln\u0117 \/ Galima skalbti skalbykl\u0117je. Pagaminta Lietuvoje. Mia yra 120 cm \u016bgio ir d\u0117vi 7-8 met\u0173 dyd\u012f.<\/p>\n","protected":false},"featured_media":63857,"comment_status":"open","ping_status":"closed","template":"","meta":[],"product_brand":[],"product_cat":[632,691,829,699],"product_tag":[],"class_list":{"0":"post-67318","1":"product","2":"type-product","3":"status-publish","4":"has-post-thumbnail","6":"product_cat-30-lt-nuolaidos","7":"product_cat-marskineliai-lt","8":"product_cat-pavasario-ispardavimas","9":"product_cat-playful-lt","10":"pa_size-chart-86-92-en","11":"pa_size-chart-98-104-en","12":"pa_size-chart-110-116-en","13":"pa_size-chart-122-128-en","14":"pa_size-chart-134-140-en","15":"pa_size-chart-146-152-en","16":"pa_t-shirts-marskineliai","18":"first","19":"instock","20":"sale","21":"taxable","22":"shipping-taxable","23":"purchasable","24":"product-type-variable"},"acf":[],"yoast_head":"<!-- This site is optimized with the Yoast SEO Premium plugin v20.11 (Yoast SEO v24.3) - https:\/\/yoast.com\/wordpress\/plugins\/seo\/ -->\n<title>\u201eFluff\u201c berankoviai mar\u0161kin\u0117liai - OXOX<\/title>\n<meta name=\"robots\" content=\"index, follow, max-snippet:-1, max-image-preview:large, max-video-preview:-1\" \/>\n<link rel=\"canonical\" href=\"https:\/\/oxoxclub.com\/lt\/products\/playful-lt\/fluff-berankoviai-marskineliai\/\" \/>\n<meta property=\"og:locale\" content=\"lt_LT\" \/>\n<meta property=\"og:type\" content=\"article\" \/>\n<meta property=\"og:title\" content=\"\u201eFluff\u201c berankoviai mar\u0161kin\u0117liai\" \/>\n<meta property=\"og:description\" content=\"\u0160ie berankoviai unisex mar\u0161kin\u0117liai, pagaminti i\u0161 ekologi\u0161kos medviln\u0117s, pasi\u017eymi spalvingu \u201eFluff\u201c printu. Puikiai tinka kar\u0161toms vasaros dienoms \u2013 lengvai derinami su pla\u010diais \u0161ortais ar keln\u0117mis, taip pat gali b\u016bti sluokniuojami ant paprast\u0173 mar\u0161kin\u0117li\u0173. 100% ekologi\u0161ka medviln\u0117 \/ Galima skalbti skalbykl\u0117je. Pagaminta Lietuvoje. Mia yra 120 cm \u016bgio ir d\u0117vi 7-8 met\u0173 dyd\u012f.\" \/>\n<meta property=\"og:url\" content=\"https:\/\/oxoxclub.com\/lt\/products\/playful-lt\/fluff-berankoviai-marskineliai\/\" \/>\n<meta property=\"og:site_name\" content=\"OXOX\" \/>\n<meta property=\"article:publisher\" content=\"https:\/\/facebook.com\/oxoxclub\/\" \/>\n<meta property=\"article:modified_time\" content=\"2026-04-23T12:17:33+00:00\" \/>\n<meta property=\"og:image\" content=\"https:\/\/oxoxclub.com\/wp-content\/uploads\/oxox-lookbook-SS25-05308-scaled.jpg\" \/>\n\t<meta property=\"og:image:width\" content=\"1703\" \/>\n\t<meta property=\"og:image:height\" content=\"2560\" \/>\n\t<meta property=\"og:image:type\" content=\"image\/jpeg\" \/>\n<meta name=\"twitter:card\" content=\"summary_large_image\" \/>\n<meta name=\"twitter:label1\" content=\"Availability\" \/>\n\t<meta name=\"twitter:data1\" content=\"In stock\" \/>\n<script type=\"application\/ld+json\" class=\"yoast-schema-graph\">{\"@context\":\"https:\/\/schema.org\",\"@graph\":[{\"@type\":\"WebPage\",\"@id\":\"https:\/\/oxoxclub.com\/lt\/products\/playful-lt\/fluff-berankoviai-marskineliai\/\",\"url\":\"https:\/\/oxoxclub.com\/lt\/products\/playful-lt\/fluff-berankoviai-marskineliai\/\",\"name\":\"\u201eFluff\u201c berankoviai mar\u0161kin\u0117liai - OXOX\",\"isPartOf\":{\"@id\":\"https:\/\/oxoxclub.com\/lt\/#website\"},\"primaryImageOfPage\":{\"@id\":\"https:\/\/oxoxclub.com\/lt\/products\/playful-lt\/fluff-berankoviai-marskineliai\/#primaryimage\"},\"image\":{\"@id\":\"https:\/\/oxoxclub.com\/lt\/products\/playful-lt\/fluff-berankoviai-marskineliai\/#primaryimage\"},\"thumbnailUrl\":\"https:\/\/oxoxclub.com\/wp-content\/uploads\/oxox-lookbook-SS25-05308-scaled.jpg\",\"datePublished\":\"2025-02-26T12:54:21+00:00\",\"dateModified\":\"2026-04-23T12:17:33+00:00\",\"breadcrumb\":{\"@id\":\"https:\/\/oxoxclub.com\/lt\/products\/playful-lt\/fluff-berankoviai-marskineliai\/#breadcrumb\"},\"inLanguage\":\"lt-LT\",\"potentialAction\":[{\"@type\":\"ReadAction\",\"target\":[\"https:\/\/oxoxclub.com\/lt\/products\/playful-lt\/fluff-berankoviai-marskineliai\/\"]}]},{\"@type\":\"ImageObject\",\"inLanguage\":\"lt-LT\",\"@id\":\"https:\/\/oxoxclub.com\/lt\/products\/playful-lt\/fluff-berankoviai-marskineliai\/#primaryimage\",\"url\":\"https:\/\/oxoxclub.com\/wp-content\/uploads\/oxox-lookbook-SS25-05308-scaled.jpg\",\"contentUrl\":\"https:\/\/oxoxclub.com\/wp-content\/uploads\/oxox-lookbook-SS25-05308-scaled.jpg\",\"width\":1703,\"height\":2560},{\"@type\":\"BreadcrumbList\",\"@id\":\"https:\/\/oxoxclub.com\/lt\/products\/playful-lt\/fluff-berankoviai-marskineliai\/#breadcrumb\",\"itemListElement\":[{\"@type\":\"ListItem\",\"position\":1,\"name\":\"Home\",\"item\":\"https:\/\/oxoxclub.com\/lt\/\"},{\"@type\":\"ListItem\",\"position\":2,\"name\":\"Shop\",\"item\":\"https:\/\/oxoxclub.com\/products\/\"},{\"@type\":\"ListItem\",\"position\":3,\"name\":\"\u201eFluff\u201c berankoviai mar\u0161kin\u0117liai\"}]},{\"@type\":\"WebSite\",\"@id\":\"https:\/\/oxoxclub.com\/lt\/#website\",\"url\":\"https:\/\/oxoxclub.com\/lt\/\",\"name\":\"OXOX CLUB\",\"description\":\"On a mission of never growing up\",\"publisher\":{\"@id\":\"https:\/\/oxoxclub.com\/lt\/#organization\"},\"potentialAction\":[{\"@type\":\"SearchAction\",\"target\":{\"@type\":\"EntryPoint\",\"urlTemplate\":\"https:\/\/oxoxclub.com\/lt\/?s={search_term_string}\"},\"query-input\":{\"@type\":\"PropertyValueSpecification\",\"valueRequired\":true,\"valueName\":\"search_term_string\"}}],\"inLanguage\":\"lt-LT\"},{\"@type\":\"Organization\",\"@id\":\"https:\/\/oxoxclub.com\/lt\/#organization\",\"name\":\"OXOX CLUB\",\"url\":\"https:\/\/oxoxclub.com\/lt\/\",\"logo\":{\"@type\":\"ImageObject\",\"inLanguage\":\"lt-LT\",\"@id\":\"https:\/\/oxoxclub.com\/lt\/#\/schema\/logo\/image\/\",\"url\":\"https:\/\/oxoxclub.com\/wp-content\/uploads\/oxox-logo-in-blue-4.png\",\"contentUrl\":\"https:\/\/oxoxclub.com\/wp-content\/uploads\/oxox-logo-in-blue-4.png\",\"width\":414,\"height\":300,\"caption\":\"OXOX CLUB\"},\"image\":{\"@id\":\"https:\/\/oxoxclub.com\/lt\/#\/schema\/logo\/image\/\"},\"sameAs\":[\"https:\/\/facebook.com\/oxoxclub\/\",\"https:\/\/www.instagram.com\/oxoxclub\/\"]}]}<\/script>\n<meta property=\"og:availability\" content=\"instock\" \/>\n<meta property=\"product:availability\" content=\"instock\" \/>\n<meta property=\"product:retailer_item_id\" content=\"30.103.03\" \/>\n<meta property=\"product:condition\" content=\"new\" \/>\n<!-- \/ Yoast SEO Premium plugin. -->","yoast_head_json":{"title":"\u201eFluff\u201c berankoviai mar\u0161kin\u0117liai - OXOX","robots":{"index":"index","follow":"follow","max-snippet":"max-snippet:-1","max-image-preview":"max-image-preview:large","max-video-preview":"max-video-preview:-1"},"canonical":"https:\/\/oxoxclub.com\/lt\/products\/playful-lt\/fluff-berankoviai-marskineliai\/","og_locale":"lt_LT","og_type":"article","og_title":"\u201eFluff\u201c berankoviai mar\u0161kin\u0117liai","og_description":"\u0160ie berankoviai unisex mar\u0161kin\u0117liai, pagaminti i\u0161 ekologi\u0161kos medviln\u0117s, pasi\u017eymi spalvingu \u201eFluff\u201c printu. Puikiai tinka kar\u0161toms vasaros dienoms \u2013 lengvai derinami su pla\u010diais \u0161ortais ar keln\u0117mis, taip pat gali b\u016bti sluokniuojami ant paprast\u0173 mar\u0161kin\u0117li\u0173. 100% ekologi\u0161ka medviln\u0117 \/ Galima skalbti skalbykl\u0117je. Pagaminta Lietuvoje. Mia yra 120 cm \u016bgio ir d\u0117vi 7-8 met\u0173 dyd\u012f.","og_url":"https:\/\/oxoxclub.com\/lt\/products\/playful-lt\/fluff-berankoviai-marskineliai\/","og_site_name":"OXOX","article_publisher":"https:\/\/facebook.com\/oxoxclub\/","article_modified_time":"2026-04-23T12:17:33+00:00","og_image":[{"width":1703,"height":2560,"url":"https:\/\/oxoxclub.com\/wp-content\/uploads\/oxox-lookbook-SS25-05308-scaled.jpg","type":"image\/jpeg"}],"twitter_card":"summary_large_image","twitter_misc":{"Availability":"In stock"},"schema":{"@context":"https:\/\/schema.org","@graph":[{"@type":"WebPage","@id":"https:\/\/oxoxclub.com\/lt\/products\/playful-lt\/fluff-berankoviai-marskineliai\/","url":"https:\/\/oxoxclub.com\/lt\/products\/playful-lt\/fluff-berankoviai-marskineliai\/","name":"\u201eFluff\u201c berankoviai mar\u0161kin\u0117liai - OXOX","isPartOf":{"@id":"https:\/\/oxoxclub.com\/lt\/#website"},"primaryImageOfPage":{"@id":"https:\/\/oxoxclub.com\/lt\/products\/playful-lt\/fluff-berankoviai-marskineliai\/#primaryimage"},"image":{"@id":"https:\/\/oxoxclub.com\/lt\/products\/playful-lt\/fluff-berankoviai-marskineliai\/#primaryimage"},"thumbnailUrl":"https:\/\/oxoxclub.com\/wp-content\/uploads\/oxox-lookbook-SS25-05308-scaled.jpg","datePublished":"2025-02-26T12:54:21+00:00","dateModified":"2026-04-23T12:17:33+00:00","breadcrumb":{"@id":"https:\/\/oxoxclub.com\/lt\/products\/playful-lt\/fluff-berankoviai-marskineliai\/#breadcrumb"},"inLanguage":"lt-LT","potentialAction":[{"@type":"ReadAction","target":["https:\/\/oxoxclub.com\/lt\/products\/playful-lt\/fluff-berankoviai-marskineliai\/"]}]},{"@type":"ImageObject","inLanguage":"lt-LT","@id":"https:\/\/oxoxclub.com\/lt\/products\/playful-lt\/fluff-berankoviai-marskineliai\/#primaryimage","url":"https:\/\/oxoxclub.com\/wp-content\/uploads\/oxox-lookbook-SS25-05308-scaled.jpg","contentUrl":"https:\/\/oxoxclub.com\/wp-content\/uploads\/oxox-lookbook-SS25-05308-scaled.jpg","width":1703,"height":2560},{"@type":"BreadcrumbList","@id":"https:\/\/oxoxclub.com\/lt\/products\/playful-lt\/fluff-berankoviai-marskineliai\/#breadcrumb","itemListElement":[{"@type":"ListItem","position":1,"name":"Home","item":"https:\/\/oxoxclub.com\/lt\/"},{"@type":"ListItem","position":2,"name":"Shop","item":"https:\/\/oxoxclub.com\/products\/"},{"@type":"ListItem","position":3,"name":"\u201eFluff\u201c berankoviai mar\u0161kin\u0117liai"}]},{"@type":"WebSite","@id":"https:\/\/oxoxclub.com\/lt\/#website","url":"https:\/\/oxoxclub.com\/lt\/","name":"OXOX CLUB","description":"On a mission of never growing up","publisher":{"@id":"https:\/\/oxoxclub.com\/lt\/#organization"},"potentialAction":[{"@type":"SearchAction","target":{"@type":"EntryPoint","urlTemplate":"https:\/\/oxoxclub.com\/lt\/?s={search_term_string}"},"query-input":{"@type":"PropertyValueSpecification","valueRequired":true,"valueName":"search_term_string"}}],"inLanguage":"lt-LT"},{"@type":"Organization","@id":"https:\/\/oxoxclub.com\/lt\/#organization","name":"OXOX CLUB","url":"https:\/\/oxoxclub.com\/lt\/","logo":{"@type":"ImageObject","inLanguage":"lt-LT","@id":"https:\/\/oxoxclub.com\/lt\/#\/schema\/logo\/image\/","url":"https:\/\/oxoxclub.com\/wp-content\/uploads\/oxox-logo-in-blue-4.png","contentUrl":"https:\/\/oxoxclub.com\/wp-content\/uploads\/oxox-logo-in-blue-4.png","width":414,"height":300,"caption":"OXOX CLUB"},"image":{"@id":"https:\/\/oxoxclub.com\/lt\/#\/schema\/logo\/image\/"},"sameAs":["https:\/\/facebook.com\/oxoxclub\/","https:\/\/www.instagram.com\/oxoxclub\/"]}]},"og_availability":"instock","product_availability":"instock","product_retailer_item_id":"30.103.03","product_condition":"new"},"_links":{"self":[{"href":"https:\/\/oxoxclub.com\/lt\/wp-json\/wp\/v2\/product\/67318","targetHints":{"allow":["GET"]}}],"collection":[{"href":"https:\/\/oxoxclub.com\/lt\/wp-json\/wp\/v2\/product"}],"about":[{"href":"https:\/\/oxoxclub.com\/lt\/wp-json\/wp\/v2\/types\/product"}],"replies":[{"embeddable":true,"href":"https:\/\/oxoxclub.com\/lt\/wp-json\/wp\/v2\/comments?post=67318"}],"wp:featuredmedia":[{"embeddable":true,"href":"https:\/\/oxoxclub.com\/lt\/wp-json\/wp\/v2\/media\/63857"}],"wp:attachment":[{"href":"https:\/\/oxoxclub.com\/lt\/wp-json\/wp\/v2\/media?parent=67318"}],"wp:term":[{"taxonomy":"product_brand","embeddable":true,"href":"https:\/\/oxoxclub.com\/lt\/wp-json\/wp\/v2\/product_brand?post=67318"},{"taxonomy":"product_cat","embeddable":true,"href":"https:\/\/oxoxclub.com\/lt\/wp-json\/wp\/v2\/product_cat?post=67318"},{"taxonomy":"product_tag","embeddable":true,"href":"https:\/\/oxoxclub.com\/lt\/wp-json\/wp\/v2\/product_tag?post=67318"}],"curies":[{"name":"wp","href":"https:\/\/api.w.org\/{rel}","templated":true}]}}