{"id":67508,"date":"2025-02-07T10:23:00","date_gmt":"2025-02-07T08:23:00","guid":{"rendered":"https:\/\/oxoxclub-com-486310.hostingersite.com\/products\/be-kategorijos\/striped-flower-tee\/"},"modified":"2026-01-18T13:48:04","modified_gmt":"2026-01-18T11:48:04","slug":"flower-palaidine-su-dryziais","status":"publish","type":"product","link":"https:\/\/oxoxclub.com\/lt\/products\/vaikams\/topai-ir-marskineliai-lt-2\/flower-palaidine-su-dryziais\/","title":{"rendered":"\u201eFlower\u201c palaidin\u0117 su dry\u017eiais"},"content":{"rendered":"<p>\u0160is dry\u017euotas ilgomis rankov\u0117mis topas pagamintas i\u0161 mink\u0161tos medviln\u0117s ir turi plon\u0105 fliso pamu\u0161al\u0105, suteikiant\u012f papildomos \u0161ilumos. Priekyje esantis ry\u0161kus \u201eFlower\u201c siuvin\u0117jimas suteikia \u017eaismingumo klasikiniam dry\u017euotam dizainui. Jis puikiai tinka laisvalaikio dienoms ir lengvai dera su tavo m\u0117gstamomis keln\u0117mis ar sijonukais.<\/p>\n<p>100% medviln\u0117 \/ Galima skalbti skalbykl\u0117je.<\/p>\n<p>Pagaminta Lietuvoje.<\/p>\n<p>Mia yra 120 cm \u016bgio ir d\u0117vi 5-6 met\u0173 dyd\u012f.<\/p>\n","protected":false},"excerpt":{"rendered":"<p>\u0160is dry\u017euotas ilgomis rankov\u0117mis topas pagamintas i\u0161 mink\u0161tos medviln\u0117s ir turi plon\u0105 fliso pamu\u0161al\u0105, suteikiant\u012f papildomos \u0161ilumos. Priekyje esantis ry\u0161kus \u201eFlower\u201c siuvin\u0117jimas suteikia \u017eaismingumo klasikiniam dry\u017euotam dizainui. Jis puikiai tinka laisvalaikio dienoms ir lengvai dera su tavo m\u0117gstamomis keln\u0117mis ar sijonukais. 100% medviln\u0117 \/ Galima skalbti skalbykl\u0117je. Pagaminta Lietuvoje. Mia yra 120 cm \u016bgio ir [&hellip;]<\/p>\n","protected":false},"featured_media":63828,"comment_status":"open","ping_status":"closed","template":"","meta":[],"product_brand":[],"product_cat":[691,806,685],"product_tag":[],"class_list":{"0":"post-67508","1":"product","2":"type-product","3":"status-publish","4":"has-post-thumbnail","6":"product_cat-marskineliai-lt","7":"product_cat-pavasario-favoritai","8":"product_cat-topai-ir-marskineliai-lt-2","9":"pa_size-chart-86-92-en","10":"pa_size-chart-98-104-en","11":"pa_size-chart-110-116-en","12":"pa_size-chart-122-128-en","13":"pa_size-chart-134-140-en","14":"pa_size-chart-146-152-en","15":"pa_t-shirts-marskiniai-ir-palaidines","17":"first","18":"instock","19":"taxable","20":"shipping-taxable","21":"purchasable","22":"product-type-variable"},"acf":[],"yoast_head":"<!-- This site is optimized with the Yoast SEO Premium plugin v20.11 (Yoast SEO v24.3) - https:\/\/yoast.com\/wordpress\/plugins\/seo\/ -->\n<title>\u201eFlower\u201c palaidin\u0117 su dry\u017eiais - OXOX<\/title>\n<meta name=\"description\" content=\"This striped cotton long-sleeved top is crafted from soft cotton with a thin fleece lining for extra warmth. It features a bold flower embroidery on the side of the front, adding a playful twist to the classic striped design.\" \/>\n<meta name=\"robots\" content=\"index, follow, max-snippet:-1, max-image-preview:large, max-video-preview:-1\" \/>\n<link rel=\"canonical\" href=\"https:\/\/oxoxclub.com\/lt\/products\/vaikams\/topai-ir-marskineliai-lt-2\/flower-palaidine-su-dryziais\/\" \/>\n<meta property=\"og:locale\" content=\"lt_LT\" \/>\n<meta property=\"og:type\" content=\"article\" \/>\n<meta property=\"og:title\" content=\"\u201eFlower\u201c palaidin\u0117 su dry\u017eiais\" \/>\n<meta property=\"og:description\" content=\"This striped cotton long-sleeved top is crafted from soft cotton with a thin fleece lining for extra warmth. It features a bold flower embroidery on the side of the front, adding a playful twist to the classic striped design.\" \/>\n<meta property=\"og:url\" content=\"https:\/\/oxoxclub.com\/lt\/products\/vaikams\/topai-ir-marskineliai-lt-2\/flower-palaidine-su-dryziais\/\" \/>\n<meta property=\"og:site_name\" content=\"OXOX\" \/>\n<meta property=\"article:publisher\" content=\"https:\/\/facebook.com\/oxoxclub\/\" \/>\n<meta property=\"article:modified_time\" content=\"2026-01-18T11:48:04+00:00\" \/>\n<meta property=\"og:image\" content=\"https:\/\/oxoxclub.com\/wp-content\/uploads\/oxox-lookbook-SS25-05285-scaled.jpg\" \/>\n\t<meta property=\"og:image:width\" content=\"1703\" \/>\n\t<meta property=\"og:image:height\" content=\"2560\" \/>\n\t<meta property=\"og:image:type\" content=\"image\/jpeg\" \/>\n<meta name=\"twitter:card\" content=\"summary_large_image\" \/>\n<meta name=\"twitter:label1\" content=\"Availability\" \/>\n\t<meta name=\"twitter:data1\" content=\"In stock\" \/>\n<script type=\"application\/ld+json\" class=\"yoast-schema-graph\">{\"@context\":\"https:\/\/schema.org\",\"@graph\":[{\"@type\":\"WebPage\",\"@id\":\"https:\/\/oxoxclub.com\/lt\/products\/vaikams\/topai-ir-marskineliai-lt-2\/flower-palaidine-su-dryziais\/\",\"url\":\"https:\/\/oxoxclub.com\/lt\/products\/vaikams\/topai-ir-marskineliai-lt-2\/flower-palaidine-su-dryziais\/\",\"name\":\"\u201eFlower\u201c palaidin\u0117 su dry\u017eiais - OXOX\",\"isPartOf\":{\"@id\":\"https:\/\/oxoxclub.com\/lt\/#website\"},\"primaryImageOfPage\":{\"@id\":\"https:\/\/oxoxclub.com\/lt\/products\/vaikams\/topai-ir-marskineliai-lt-2\/flower-palaidine-su-dryziais\/#primaryimage\"},\"image\":{\"@id\":\"https:\/\/oxoxclub.com\/lt\/products\/vaikams\/topai-ir-marskineliai-lt-2\/flower-palaidine-su-dryziais\/#primaryimage\"},\"thumbnailUrl\":\"https:\/\/oxoxclub.com\/wp-content\/uploads\/oxox-lookbook-SS25-05285-scaled.jpg\",\"datePublished\":\"2025-02-07T08:23:00+00:00\",\"dateModified\":\"2026-01-18T11:48:04+00:00\",\"description\":\"This striped cotton long-sleeved top is crafted from soft cotton with a thin fleece lining for extra warmth. It features a bold flower embroidery on the side of the front, adding a playful twist to the classic striped design.\",\"breadcrumb\":{\"@id\":\"https:\/\/oxoxclub.com\/lt\/products\/vaikams\/topai-ir-marskineliai-lt-2\/flower-palaidine-su-dryziais\/#breadcrumb\"},\"inLanguage\":\"lt-LT\",\"potentialAction\":[{\"@type\":\"ReadAction\",\"target\":[\"https:\/\/oxoxclub.com\/lt\/products\/vaikams\/topai-ir-marskineliai-lt-2\/flower-palaidine-su-dryziais\/\"]}]},{\"@type\":\"ImageObject\",\"inLanguage\":\"lt-LT\",\"@id\":\"https:\/\/oxoxclub.com\/lt\/products\/vaikams\/topai-ir-marskineliai-lt-2\/flower-palaidine-su-dryziais\/#primaryimage\",\"url\":\"https:\/\/oxoxclub.com\/wp-content\/uploads\/oxox-lookbook-SS25-05285-scaled.jpg\",\"contentUrl\":\"https:\/\/oxoxclub.com\/wp-content\/uploads\/oxox-lookbook-SS25-05285-scaled.jpg\",\"width\":1703,\"height\":2560},{\"@type\":\"BreadcrumbList\",\"@id\":\"https:\/\/oxoxclub.com\/lt\/products\/vaikams\/topai-ir-marskineliai-lt-2\/flower-palaidine-su-dryziais\/#breadcrumb\",\"itemListElement\":[{\"@type\":\"ListItem\",\"position\":1,\"name\":\"Home\",\"item\":\"https:\/\/oxoxclub.com\/lt\/\"},{\"@type\":\"ListItem\",\"position\":2,\"name\":\"Shop\",\"item\":\"https:\/\/oxoxclub.com\/products\/\"},{\"@type\":\"ListItem\",\"position\":3,\"name\":\"\u201eFlower\u201c palaidin\u0117 su dry\u017eiais\"}]},{\"@type\":\"WebSite\",\"@id\":\"https:\/\/oxoxclub.com\/lt\/#website\",\"url\":\"https:\/\/oxoxclub.com\/lt\/\",\"name\":\"OXOX CLUB\",\"description\":\"On a mission of never growing up\",\"publisher\":{\"@id\":\"https:\/\/oxoxclub.com\/lt\/#organization\"},\"potentialAction\":[{\"@type\":\"SearchAction\",\"target\":{\"@type\":\"EntryPoint\",\"urlTemplate\":\"https:\/\/oxoxclub.com\/lt\/?s={search_term_string}\"},\"query-input\":{\"@type\":\"PropertyValueSpecification\",\"valueRequired\":true,\"valueName\":\"search_term_string\"}}],\"inLanguage\":\"lt-LT\"},{\"@type\":\"Organization\",\"@id\":\"https:\/\/oxoxclub.com\/lt\/#organization\",\"name\":\"OXOX CLUB\",\"url\":\"https:\/\/oxoxclub.com\/lt\/\",\"logo\":{\"@type\":\"ImageObject\",\"inLanguage\":\"lt-LT\",\"@id\":\"https:\/\/oxoxclub.com\/lt\/#\/schema\/logo\/image\/\",\"url\":\"https:\/\/oxoxclub.com\/wp-content\/uploads\/oxox-logo-in-blue-4.png\",\"contentUrl\":\"https:\/\/oxoxclub.com\/wp-content\/uploads\/oxox-logo-in-blue-4.png\",\"width\":414,\"height\":300,\"caption\":\"OXOX CLUB\"},\"image\":{\"@id\":\"https:\/\/oxoxclub.com\/lt\/#\/schema\/logo\/image\/\"},\"sameAs\":[\"https:\/\/facebook.com\/oxoxclub\/\",\"https:\/\/www.instagram.com\/oxoxclub\/\"]}]}<\/script>\n<meta property=\"og:availability\" content=\"instock\" \/>\n<meta property=\"product:availability\" content=\"instock\" \/>\n<meta property=\"product:retailer_item_id\" content=\"30.382.38\" \/>\n<meta property=\"product:condition\" content=\"new\" \/>\n<!-- \/ Yoast SEO Premium plugin. -->","yoast_head_json":{"title":"\u201eFlower\u201c palaidin\u0117 su dry\u017eiais - OXOX","description":"This striped cotton long-sleeved top is crafted from soft cotton with a thin fleece lining for extra warmth. It features a bold flower embroidery on the side of the front, adding a playful twist to the classic striped design.","robots":{"index":"index","follow":"follow","max-snippet":"max-snippet:-1","max-image-preview":"max-image-preview:large","max-video-preview":"max-video-preview:-1"},"canonical":"https:\/\/oxoxclub.com\/lt\/products\/vaikams\/topai-ir-marskineliai-lt-2\/flower-palaidine-su-dryziais\/","og_locale":"lt_LT","og_type":"article","og_title":"\u201eFlower\u201c palaidin\u0117 su dry\u017eiais","og_description":"This striped cotton long-sleeved top is crafted from soft cotton with a thin fleece lining for extra warmth. It features a bold flower embroidery on the side of the front, adding a playful twist to the classic striped design.","og_url":"https:\/\/oxoxclub.com\/lt\/products\/vaikams\/topai-ir-marskineliai-lt-2\/flower-palaidine-su-dryziais\/","og_site_name":"OXOX","article_publisher":"https:\/\/facebook.com\/oxoxclub\/","article_modified_time":"2026-01-18T11:48:04+00:00","og_image":[{"width":1703,"height":2560,"url":"https:\/\/oxoxclub.com\/wp-content\/uploads\/oxox-lookbook-SS25-05285-scaled.jpg","type":"image\/jpeg"}],"twitter_card":"summary_large_image","twitter_misc":{"Availability":"In stock"},"schema":{"@context":"https:\/\/schema.org","@graph":[{"@type":"WebPage","@id":"https:\/\/oxoxclub.com\/lt\/products\/vaikams\/topai-ir-marskineliai-lt-2\/flower-palaidine-su-dryziais\/","url":"https:\/\/oxoxclub.com\/lt\/products\/vaikams\/topai-ir-marskineliai-lt-2\/flower-palaidine-su-dryziais\/","name":"\u201eFlower\u201c palaidin\u0117 su dry\u017eiais - OXOX","isPartOf":{"@id":"https:\/\/oxoxclub.com\/lt\/#website"},"primaryImageOfPage":{"@id":"https:\/\/oxoxclub.com\/lt\/products\/vaikams\/topai-ir-marskineliai-lt-2\/flower-palaidine-su-dryziais\/#primaryimage"},"image":{"@id":"https:\/\/oxoxclub.com\/lt\/products\/vaikams\/topai-ir-marskineliai-lt-2\/flower-palaidine-su-dryziais\/#primaryimage"},"thumbnailUrl":"https:\/\/oxoxclub.com\/wp-content\/uploads\/oxox-lookbook-SS25-05285-scaled.jpg","datePublished":"2025-02-07T08:23:00+00:00","dateModified":"2026-01-18T11:48:04+00:00","description":"This striped cotton long-sleeved top is crafted from soft cotton with a thin fleece lining for extra warmth. It features a bold flower embroidery on the side of the front, adding a playful twist to the classic striped design.","breadcrumb":{"@id":"https:\/\/oxoxclub.com\/lt\/products\/vaikams\/topai-ir-marskineliai-lt-2\/flower-palaidine-su-dryziais\/#breadcrumb"},"inLanguage":"lt-LT","potentialAction":[{"@type":"ReadAction","target":["https:\/\/oxoxclub.com\/lt\/products\/vaikams\/topai-ir-marskineliai-lt-2\/flower-palaidine-su-dryziais\/"]}]},{"@type":"ImageObject","inLanguage":"lt-LT","@id":"https:\/\/oxoxclub.com\/lt\/products\/vaikams\/topai-ir-marskineliai-lt-2\/flower-palaidine-su-dryziais\/#primaryimage","url":"https:\/\/oxoxclub.com\/wp-content\/uploads\/oxox-lookbook-SS25-05285-scaled.jpg","contentUrl":"https:\/\/oxoxclub.com\/wp-content\/uploads\/oxox-lookbook-SS25-05285-scaled.jpg","width":1703,"height":2560},{"@type":"BreadcrumbList","@id":"https:\/\/oxoxclub.com\/lt\/products\/vaikams\/topai-ir-marskineliai-lt-2\/flower-palaidine-su-dryziais\/#breadcrumb","itemListElement":[{"@type":"ListItem","position":1,"name":"Home","item":"https:\/\/oxoxclub.com\/lt\/"},{"@type":"ListItem","position":2,"name":"Shop","item":"https:\/\/oxoxclub.com\/products\/"},{"@type":"ListItem","position":3,"name":"\u201eFlower\u201c palaidin\u0117 su dry\u017eiais"}]},{"@type":"WebSite","@id":"https:\/\/oxoxclub.com\/lt\/#website","url":"https:\/\/oxoxclub.com\/lt\/","name":"OXOX CLUB","description":"On a mission of never growing up","publisher":{"@id":"https:\/\/oxoxclub.com\/lt\/#organization"},"potentialAction":[{"@type":"SearchAction","target":{"@type":"EntryPoint","urlTemplate":"https:\/\/oxoxclub.com\/lt\/?s={search_term_string}"},"query-input":{"@type":"PropertyValueSpecification","valueRequired":true,"valueName":"search_term_string"}}],"inLanguage":"lt-LT"},{"@type":"Organization","@id":"https:\/\/oxoxclub.com\/lt\/#organization","name":"OXOX CLUB","url":"https:\/\/oxoxclub.com\/lt\/","logo":{"@type":"ImageObject","inLanguage":"lt-LT","@id":"https:\/\/oxoxclub.com\/lt\/#\/schema\/logo\/image\/","url":"https:\/\/oxoxclub.com\/wp-content\/uploads\/oxox-logo-in-blue-4.png","contentUrl":"https:\/\/oxoxclub.com\/wp-content\/uploads\/oxox-logo-in-blue-4.png","width":414,"height":300,"caption":"OXOX CLUB"},"image":{"@id":"https:\/\/oxoxclub.com\/lt\/#\/schema\/logo\/image\/"},"sameAs":["https:\/\/facebook.com\/oxoxclub\/","https:\/\/www.instagram.com\/oxoxclub\/"]}]},"og_availability":"instock","product_availability":"instock","product_retailer_item_id":"30.382.38","product_condition":"new"},"_links":{"self":[{"href":"https:\/\/oxoxclub.com\/lt\/wp-json\/wp\/v2\/product\/67508","targetHints":{"allow":["GET"]}}],"collection":[{"href":"https:\/\/oxoxclub.com\/lt\/wp-json\/wp\/v2\/product"}],"about":[{"href":"https:\/\/oxoxclub.com\/lt\/wp-json\/wp\/v2\/types\/product"}],"replies":[{"embeddable":true,"href":"https:\/\/oxoxclub.com\/lt\/wp-json\/wp\/v2\/comments?post=67508"}],"wp:featuredmedia":[{"embeddable":true,"href":"https:\/\/oxoxclub.com\/lt\/wp-json\/wp\/v2\/media\/63828"}],"wp:attachment":[{"href":"https:\/\/oxoxclub.com\/lt\/wp-json\/wp\/v2\/media?parent=67508"}],"wp:term":[{"taxonomy":"product_brand","embeddable":true,"href":"https:\/\/oxoxclub.com\/lt\/wp-json\/wp\/v2\/product_brand?post=67508"},{"taxonomy":"product_cat","embeddable":true,"href":"https:\/\/oxoxclub.com\/lt\/wp-json\/wp\/v2\/product_cat?post=67508"},{"taxonomy":"product_tag","embeddable":true,"href":"https:\/\/oxoxclub.com\/lt\/wp-json\/wp\/v2\/product_tag?post=67508"}],"curies":[{"name":"wp","href":"https:\/\/api.w.org\/{rel}","templated":true}]}}