{"id":67635,"date":"2024-10-10T13:03:07","date_gmt":"2024-10-10T11:03:07","guid":{"rendered":"https:\/\/oxoxclub-com-486310.hostingersite.com\/products\/be-kategorijos\/oxox-club-striped-snood\/"},"modified":"2026-03-21T11:30:44","modified_gmt":"2026-03-21T09:30:44","slug":"mova-su-dryziais","status":"publish","type":"product","link":"https:\/\/oxoxclub.com\/lt\/products\/outletas-50\/mova-su-dryziais\/","title":{"rendered":"Mova su dry\u017eiais"},"content":{"rendered":"<p>\u0160i mova yra su spalvotais dry\u017eiais, i\u0161siuvin\u0117ta OXOX Club logotipu ir pagaminta i\u0161 mink\u0161to medviln\u0117s ir vilnos mi\u0161inio. Ji apgaubia \u0161iluma, yra jauki ir suteikia spalv\u0173 betkokiam deriniui.<\/p>\n<p>Atkreipiame d\u0117mes\u012f, kad \u0161iame gaminyje n\u0117ra elastano, tod\u0117l ne\u0161iojant jis gali prarasti form\u0105 ir i\u0161sitampyti.<\/p>\n<p>80% medviln\u0117, 20% vilna \/ Galima skalbti skalbykl\u0117je.<\/p>\n<p>Pagaminta Lietuvoje.<\/p>\n","protected":false},"excerpt":{"rendered":"<p>\u0160i mova yra su spalvotais dry\u017eiais, i\u0161siuvin\u0117ta OXOX Club logotipu ir pagaminta i\u0161 mink\u0161to medviln\u0117s ir vilnos mi\u0161inio. Ji apgaubia \u0161iluma, yra jauki ir suteikia spalv\u0173 betkokiam deriniui. Atkreipiame d\u0117mes\u012f, kad \u0161iame gaminyje n\u0117ra elastano, tod\u0117l ne\u0161iojant jis gali prarasti form\u0105 ir i\u0161sitampyti. 80% medviln\u0117, 20% vilna \/ Galima skalbti skalbykl\u0117je. Pagaminta Lietuvoje.<\/p>\n","protected":false},"featured_media":63213,"comment_status":"open","ping_status":"closed","template":"","meta":[],"product_brand":[],"product_cat":[634,645,669,698,650],"product_tag":[],"class_list":{"0":"post-67635","1":"product","2":"type-product","3":"status-publish","4":"has-post-thumbnail","6":"product_cat-50-lt","7":"product_cat-aksesuarai-vaikams-lt","8":"product_cat-ankstesniu-sezonu-kolekcijos-50-nuolaida","9":"product_cat-outletas-50","10":"product_cat-salikai","11":"pa_size-one-size","13":"first","14":"instock","15":"sale","16":"taxable","17":"shipping-taxable","18":"purchasable","19":"product-type-variable"},"acf":[],"yoast_head":"<!-- This site is optimized with the Yoast SEO Premium plugin v20.11 (Yoast SEO v24.3) - https:\/\/yoast.com\/wordpress\/plugins\/seo\/ -->\n<title>Mova su dry\u017eiais - OXOX<\/title>\n<meta name=\"robots\" content=\"index, follow, max-snippet:-1, max-image-preview:large, max-video-preview:-1\" \/>\n<link rel=\"canonical\" href=\"https:\/\/oxoxclub.com\/lt\/products\/outletas-50\/mova-su-dryziais\/\" \/>\n<meta property=\"og:locale\" content=\"lt_LT\" \/>\n<meta property=\"og:type\" content=\"article\" \/>\n<meta property=\"og:title\" content=\"Mova su dry\u017eiais\" \/>\n<meta property=\"og:description\" content=\"\u0160i mova yra su spalvotais dry\u017eiais, i\u0161siuvin\u0117ta OXOX Club logotipu ir pagaminta i\u0161 mink\u0161to medviln\u0117s ir vilnos mi\u0161inio. Ji apgaubia \u0161iluma, yra jauki ir suteikia spalv\u0173 betkokiam deriniui. Atkreipiame d\u0117mes\u012f, kad \u0161iame gaminyje n\u0117ra elastano, tod\u0117l ne\u0161iojant jis gali prarasti form\u0105 ir i\u0161sitampyti. 80% medviln\u0117, 20% vilna \/ Galima skalbti skalbykl\u0117je. Pagaminta Lietuvoje.\" \/>\n<meta property=\"og:url\" content=\"https:\/\/oxoxclub.com\/lt\/products\/outletas-50\/mova-su-dryziais\/\" \/>\n<meta property=\"og:site_name\" content=\"OXOX\" \/>\n<meta property=\"article:publisher\" content=\"https:\/\/facebook.com\/oxoxclub\/\" \/>\n<meta property=\"article:modified_time\" content=\"2026-03-21T09:30:44+00:00\" \/>\n<meta property=\"og:image\" content=\"https:\/\/oxoxclub.com\/wp-content\/uploads\/oxox20241029-1-copy.jpg\" \/>\n\t<meta property=\"og:image:width\" content=\"1180\" \/>\n\t<meta property=\"og:image:height\" content=\"1768\" \/>\n\t<meta property=\"og:image:type\" content=\"image\/jpeg\" \/>\n<meta name=\"twitter:card\" content=\"summary_large_image\" \/>\n<meta name=\"twitter:label1\" content=\"Availability\" \/>\n\t<meta name=\"twitter:data1\" content=\"In stock\" \/>\n<script type=\"application\/ld+json\" class=\"yoast-schema-graph\">{\"@context\":\"https:\/\/schema.org\",\"@graph\":[{\"@type\":\"WebPage\",\"@id\":\"https:\/\/oxoxclub.com\/lt\/products\/outletas-50\/mova-su-dryziais\/\",\"url\":\"https:\/\/oxoxclub.com\/lt\/products\/outletas-50\/mova-su-dryziais\/\",\"name\":\"Mova su dry\u017eiais - OXOX\",\"isPartOf\":{\"@id\":\"https:\/\/oxoxclub.com\/lt\/#website\"},\"primaryImageOfPage\":{\"@id\":\"https:\/\/oxoxclub.com\/lt\/products\/outletas-50\/mova-su-dryziais\/#primaryimage\"},\"image\":{\"@id\":\"https:\/\/oxoxclub.com\/lt\/products\/outletas-50\/mova-su-dryziais\/#primaryimage\"},\"thumbnailUrl\":\"https:\/\/oxoxclub.com\/wp-content\/uploads\/oxox20241029-1-copy.jpg\",\"datePublished\":\"2024-10-10T11:03:07+00:00\",\"dateModified\":\"2026-03-21T09:30:44+00:00\",\"breadcrumb\":{\"@id\":\"https:\/\/oxoxclub.com\/lt\/products\/outletas-50\/mova-su-dryziais\/#breadcrumb\"},\"inLanguage\":\"lt-LT\",\"potentialAction\":[{\"@type\":\"ReadAction\",\"target\":[\"https:\/\/oxoxclub.com\/lt\/products\/outletas-50\/mova-su-dryziais\/\"]}]},{\"@type\":\"ImageObject\",\"inLanguage\":\"lt-LT\",\"@id\":\"https:\/\/oxoxclub.com\/lt\/products\/outletas-50\/mova-su-dryziais\/#primaryimage\",\"url\":\"https:\/\/oxoxclub.com\/wp-content\/uploads\/oxox20241029-1-copy.jpg\",\"contentUrl\":\"https:\/\/oxoxclub.com\/wp-content\/uploads\/oxox20241029-1-copy.jpg\",\"width\":1180,\"height\":1768},{\"@type\":\"BreadcrumbList\",\"@id\":\"https:\/\/oxoxclub.com\/lt\/products\/outletas-50\/mova-su-dryziais\/#breadcrumb\",\"itemListElement\":[{\"@type\":\"ListItem\",\"position\":1,\"name\":\"Home\",\"item\":\"https:\/\/oxoxclub.com\/lt\/\"},{\"@type\":\"ListItem\",\"position\":2,\"name\":\"Shop\",\"item\":\"https:\/\/oxoxclub.com\/products\/\"},{\"@type\":\"ListItem\",\"position\":3,\"name\":\"Mova su dry\u017eiais\"}]},{\"@type\":\"WebSite\",\"@id\":\"https:\/\/oxoxclub.com\/lt\/#website\",\"url\":\"https:\/\/oxoxclub.com\/lt\/\",\"name\":\"OXOX CLUB\",\"description\":\"On a mission of never growing up\",\"publisher\":{\"@id\":\"https:\/\/oxoxclub.com\/lt\/#organization\"},\"potentialAction\":[{\"@type\":\"SearchAction\",\"target\":{\"@type\":\"EntryPoint\",\"urlTemplate\":\"https:\/\/oxoxclub.com\/lt\/?s={search_term_string}\"},\"query-input\":{\"@type\":\"PropertyValueSpecification\",\"valueRequired\":true,\"valueName\":\"search_term_string\"}}],\"inLanguage\":\"lt-LT\"},{\"@type\":\"Organization\",\"@id\":\"https:\/\/oxoxclub.com\/lt\/#organization\",\"name\":\"OXOX CLUB\",\"url\":\"https:\/\/oxoxclub.com\/lt\/\",\"logo\":{\"@type\":\"ImageObject\",\"inLanguage\":\"lt-LT\",\"@id\":\"https:\/\/oxoxclub.com\/lt\/#\/schema\/logo\/image\/\",\"url\":\"https:\/\/oxoxclub.com\/wp-content\/uploads\/oxox-logo-in-blue-4.png\",\"contentUrl\":\"https:\/\/oxoxclub.com\/wp-content\/uploads\/oxox-logo-in-blue-4.png\",\"width\":414,\"height\":300,\"caption\":\"OXOX CLUB\"},\"image\":{\"@id\":\"https:\/\/oxoxclub.com\/lt\/#\/schema\/logo\/image\/\"},\"sameAs\":[\"https:\/\/facebook.com\/oxoxclub\/\",\"https:\/\/www.instagram.com\/oxoxclub\/\"]}]}<\/script>\n<meta property=\"og:availability\" content=\"instock\" \/>\n<meta property=\"product:availability\" content=\"instock\" \/>\n<meta property=\"product:retailer_item_id\" content=\"29.786.55\" \/>\n<meta property=\"product:condition\" content=\"new\" \/>\n<!-- \/ Yoast SEO Premium plugin. -->","yoast_head_json":{"title":"Mova su dry\u017eiais - OXOX","robots":{"index":"index","follow":"follow","max-snippet":"max-snippet:-1","max-image-preview":"max-image-preview:large","max-video-preview":"max-video-preview:-1"},"canonical":"https:\/\/oxoxclub.com\/lt\/products\/outletas-50\/mova-su-dryziais\/","og_locale":"lt_LT","og_type":"article","og_title":"Mova su dry\u017eiais","og_description":"\u0160i mova yra su spalvotais dry\u017eiais, i\u0161siuvin\u0117ta OXOX Club logotipu ir pagaminta i\u0161 mink\u0161to medviln\u0117s ir vilnos mi\u0161inio. Ji apgaubia \u0161iluma, yra jauki ir suteikia spalv\u0173 betkokiam deriniui. Atkreipiame d\u0117mes\u012f, kad \u0161iame gaminyje n\u0117ra elastano, tod\u0117l ne\u0161iojant jis gali prarasti form\u0105 ir i\u0161sitampyti. 80% medviln\u0117, 20% vilna \/ Galima skalbti skalbykl\u0117je. Pagaminta Lietuvoje.","og_url":"https:\/\/oxoxclub.com\/lt\/products\/outletas-50\/mova-su-dryziais\/","og_site_name":"OXOX","article_publisher":"https:\/\/facebook.com\/oxoxclub\/","article_modified_time":"2026-03-21T09:30:44+00:00","og_image":[{"width":1180,"height":1768,"url":"https:\/\/oxoxclub.com\/wp-content\/uploads\/oxox20241029-1-copy.jpg","type":"image\/jpeg"}],"twitter_card":"summary_large_image","twitter_misc":{"Availability":"In stock"},"schema":{"@context":"https:\/\/schema.org","@graph":[{"@type":"WebPage","@id":"https:\/\/oxoxclub.com\/lt\/products\/outletas-50\/mova-su-dryziais\/","url":"https:\/\/oxoxclub.com\/lt\/products\/outletas-50\/mova-su-dryziais\/","name":"Mova su dry\u017eiais - OXOX","isPartOf":{"@id":"https:\/\/oxoxclub.com\/lt\/#website"},"primaryImageOfPage":{"@id":"https:\/\/oxoxclub.com\/lt\/products\/outletas-50\/mova-su-dryziais\/#primaryimage"},"image":{"@id":"https:\/\/oxoxclub.com\/lt\/products\/outletas-50\/mova-su-dryziais\/#primaryimage"},"thumbnailUrl":"https:\/\/oxoxclub.com\/wp-content\/uploads\/oxox20241029-1-copy.jpg","datePublished":"2024-10-10T11:03:07+00:00","dateModified":"2026-03-21T09:30:44+00:00","breadcrumb":{"@id":"https:\/\/oxoxclub.com\/lt\/products\/outletas-50\/mova-su-dryziais\/#breadcrumb"},"inLanguage":"lt-LT","potentialAction":[{"@type":"ReadAction","target":["https:\/\/oxoxclub.com\/lt\/products\/outletas-50\/mova-su-dryziais\/"]}]},{"@type":"ImageObject","inLanguage":"lt-LT","@id":"https:\/\/oxoxclub.com\/lt\/products\/outletas-50\/mova-su-dryziais\/#primaryimage","url":"https:\/\/oxoxclub.com\/wp-content\/uploads\/oxox20241029-1-copy.jpg","contentUrl":"https:\/\/oxoxclub.com\/wp-content\/uploads\/oxox20241029-1-copy.jpg","width":1180,"height":1768},{"@type":"BreadcrumbList","@id":"https:\/\/oxoxclub.com\/lt\/products\/outletas-50\/mova-su-dryziais\/#breadcrumb","itemListElement":[{"@type":"ListItem","position":1,"name":"Home","item":"https:\/\/oxoxclub.com\/lt\/"},{"@type":"ListItem","position":2,"name":"Shop","item":"https:\/\/oxoxclub.com\/products\/"},{"@type":"ListItem","position":3,"name":"Mova su dry\u017eiais"}]},{"@type":"WebSite","@id":"https:\/\/oxoxclub.com\/lt\/#website","url":"https:\/\/oxoxclub.com\/lt\/","name":"OXOX CLUB","description":"On a mission of never growing up","publisher":{"@id":"https:\/\/oxoxclub.com\/lt\/#organization"},"potentialAction":[{"@type":"SearchAction","target":{"@type":"EntryPoint","urlTemplate":"https:\/\/oxoxclub.com\/lt\/?s={search_term_string}"},"query-input":{"@type":"PropertyValueSpecification","valueRequired":true,"valueName":"search_term_string"}}],"inLanguage":"lt-LT"},{"@type":"Organization","@id":"https:\/\/oxoxclub.com\/lt\/#organization","name":"OXOX CLUB","url":"https:\/\/oxoxclub.com\/lt\/","logo":{"@type":"ImageObject","inLanguage":"lt-LT","@id":"https:\/\/oxoxclub.com\/lt\/#\/schema\/logo\/image\/","url":"https:\/\/oxoxclub.com\/wp-content\/uploads\/oxox-logo-in-blue-4.png","contentUrl":"https:\/\/oxoxclub.com\/wp-content\/uploads\/oxox-logo-in-blue-4.png","width":414,"height":300,"caption":"OXOX CLUB"},"image":{"@id":"https:\/\/oxoxclub.com\/lt\/#\/schema\/logo\/image\/"},"sameAs":["https:\/\/facebook.com\/oxoxclub\/","https:\/\/www.instagram.com\/oxoxclub\/"]}]},"og_availability":"instock","product_availability":"instock","product_retailer_item_id":"29.786.55","product_condition":"new"},"_links":{"self":[{"href":"https:\/\/oxoxclub.com\/lt\/wp-json\/wp\/v2\/product\/67635","targetHints":{"allow":["GET"]}}],"collection":[{"href":"https:\/\/oxoxclub.com\/lt\/wp-json\/wp\/v2\/product"}],"about":[{"href":"https:\/\/oxoxclub.com\/lt\/wp-json\/wp\/v2\/types\/product"}],"replies":[{"embeddable":true,"href":"https:\/\/oxoxclub.com\/lt\/wp-json\/wp\/v2\/comments?post=67635"}],"wp:featuredmedia":[{"embeddable":true,"href":"https:\/\/oxoxclub.com\/lt\/wp-json\/wp\/v2\/media\/63213"}],"wp:attachment":[{"href":"https:\/\/oxoxclub.com\/lt\/wp-json\/wp\/v2\/media?parent=67635"}],"wp:term":[{"taxonomy":"product_brand","embeddable":true,"href":"https:\/\/oxoxclub.com\/lt\/wp-json\/wp\/v2\/product_brand?post=67635"},{"taxonomy":"product_cat","embeddable":true,"href":"https:\/\/oxoxclub.com\/lt\/wp-json\/wp\/v2\/product_cat?post=67635"},{"taxonomy":"product_tag","embeddable":true,"href":"https:\/\/oxoxclub.com\/lt\/wp-json\/wp\/v2\/product_tag?post=67635"}],"curies":[{"name":"wp","href":"https:\/\/api.w.org\/{rel}","templated":true}]}}