{"id":67654,"date":"2024-08-12T13:34:57","date_gmt":"2024-08-12T11:34:57","guid":{"rendered":"https:\/\/oxoxclub-com-486310.hostingersite.com\/products\/be-kategorijos\/sticky-lemon-backpack-large-2\/"},"modified":"2025-05-06T16:28:20","modified_gmt":"2025-05-06T14:28:20","slug":"sticky-lemon-didele-kuprine-2","status":"publish","type":"product","link":"https:\/\/oxoxclub.com\/lt\/products\/aksesuarai-lt-2\/sticky-lemon-aksesuarai-lt\/sticky-lemon-didele-kuprine-2\/","title":{"rendered":"\u201eSticky Lemon\u201c didel\u0117 kuprin\u0117"},"content":{"rendered":"<div class=\"rah-static rah-static--height-auto\" aria-hidden=\"false\">\n<div>\n<div class=\"ulKuLk QfrfFD cell\">\n<div class=\"zp8uy2\" data-hook=\"info-section-description\">\n<p>Super linksma didel\u0117 kuprin\u0117 su aky\u010di\u0173 printu. Ji yra ry\u0161kiai m\u0117lynos \u201eBoxing Blue\u201c spalvos su auksin\u0117s \u201eGolden Cup\u201c spalvos reguliuojamomis petne\u0161omis. Kuprin\u0117 pagaminta i\u0161 perdirbt\u0173 PET buteli\u0173. Ji turi pasl\u0117pt\u0105 priekin\u0119 ki\u0161en\u0119, o viduje \u2013 dar vien\u0105, didesn\u0119 ki\u0161en\u0119 su velcro u\u017esegimu. Kuprin\u0117 turi vandeniui atspar\u0173 pamu\u0161al\u0105 ir auk\u0161tos kokyb\u0117s YKK u\u017etrauktukus. Ant specialios vardin\u0117s etiket\u0117s gali u\u017era\u0161yti savo vard\u0105 ir kontaktinius duomenis, kad praradus kuprin\u0119 ji lengvai sugr\u012f\u017et\u0173 pas tave. Ir dar viena patogi detal\u0117 \u2013 viduje yra elastin\u0117 juosta, kuri padeda i\u0161laikyti butelius ir puodelius savo vietoje.<\/p>\n<p>Dyd\u017eiai:<\/p>\n<p>\u2014 kuprin\u0117 \u2022 27 x 13 x 38 cm<br \/>\n\u2014 petne\u0161os \u2022 maksimalus ilgis 67 cm<\/p>\n<p>Med\u017eiagos:<\/p>\n<p>\u2014 i\u0161or\u0117 \u2022 perdirbti PET buteliai<br \/>\n\u2014 vidus \u2022 vandeniui atsparus nailonas<br \/>\n\u2014 u\u017etrauktukas \u2022 YKK u\u017etrauktukas<br \/>\n\u2014 apvadai \u2022 megztas dry\u017euotas audinys<\/p>\n<p>Kitos detal\u0117s:<\/p>\n<p>\u2014 priekin\u0117 ki\u0161en\u0117<br \/>\n\u2014 vardin\u0117 etiket\u0117<br \/>\n\u2014 elastin\u0117 buteli\u0173 laikiklio juosta<\/p>\n<\/div>\n<\/div>\n<\/div>\n<p class=\"s__12_B0z oEPIfiH---typography-11-runningText oEPIfiH---priority-7-primary _HOcyB x4nptw sxbtulv\" aria-hidden=\"false\" data-hook=\"info-section-title\">Prie\u017ei\u016bra:<\/p>\n<div class=\"rah-static rah-static--height-auto\" aria-hidden=\"false\">\n<div>\n<div class=\"ulKuLk QfrfFD cell\">\n<div class=\"zp8uy2\" data-hook=\"info-section-description\">\n<p>O ne, d\u0117m\u0117 ant tavo \u201eSticky\u201c daikto! Rekomenduojame j\u0105 nuvalyti \u0161iek tiek dr\u0117gna \u0161luoste \u2013 tai pad\u0117s! Nerekomenduojame plauti skalbykl\u0117je ar naudoti stipri\u0173 valymo priemoni\u0173.<\/p>\n<\/div>\n<\/div>\n<\/div>\n<\/div>\n<\/div>\n","protected":false},"excerpt":{"rendered":"<p>Super linksma didel\u0117 kuprin\u0117 su aky\u010di\u0173 printu. Ji yra ry\u0161kiai m\u0117lynos \u201eBoxing Blue\u201c spalvos su auksin\u0117s \u201eGolden Cup\u201c spalvos reguliuojamomis petne\u0161omis. Kuprin\u0117 pagaminta i\u0161 perdirbt\u0173 PET buteli\u0173. Ji turi pasl\u0117pt\u0105 priekin\u0119 ki\u0161en\u0119, o viduje \u2013 dar vien\u0105, didesn\u0119 ki\u0161en\u0119 su velcro u\u017esegimu. Kuprin\u0117 turi vandeniui atspar\u0173 pamu\u0161al\u0105 ir auk\u0161tos kokyb\u0117s YKK u\u017etrauktukus. Ant specialios vardin\u0117s [&hellip;]<\/p>\n","protected":false},"featured_media":62713,"comment_status":"open","ping_status":"closed","template":"","meta":[],"product_brand":[],"product_cat":[645,712,646,608,717],"product_tag":[],"class_list":{"0":"post-67654","1":"product","2":"type-product","3":"status-publish","4":"has-post-thumbnail","6":"product_cat-aksesuarai-vaikams-lt","7":"product_cat-atrinkti-prekes-zenklai","8":"product_cat-kuprines-ir-krepsiai","9":"product_cat-sticky-lemon-aksesuarai-lt","10":"product_cat-sticky-lemon-lt","11":"pa_accessories-krepsiai","12":"pa_size-one-size","14":"first","15":"instock","16":"taxable","17":"shipping-taxable","18":"purchasable","19":"product-type-variable"},"acf":[],"yoast_head":"<!-- This site is optimized with the Yoast SEO Premium plugin v20.11 (Yoast SEO v24.3) - https:\/\/yoast.com\/wordpress\/plugins\/seo\/ -->\n<title>\u201eSticky Lemon\u201c didel\u0117 kuprin\u0117 - OXOX<\/title>\n<meta name=\"robots\" content=\"index, follow, max-snippet:-1, max-image-preview:large, max-video-preview:-1\" \/>\n<link rel=\"canonical\" href=\"https:\/\/oxoxclub.com\/lt\/products\/aksesuarai-lt-2\/sticky-lemon-aksesuarai-lt\/sticky-lemon-didele-kuprine-2\/\" \/>\n<meta property=\"og:locale\" content=\"lt_LT\" \/>\n<meta property=\"og:type\" content=\"article\" \/>\n<meta property=\"og:title\" content=\"\u201eSticky Lemon\u201c didel\u0117 kuprin\u0117\" \/>\n<meta property=\"og:description\" content=\"Super linksma didel\u0117 kuprin\u0117 su aky\u010di\u0173 printu. Ji yra ry\u0161kiai m\u0117lynos \u201eBoxing Blue\u201c spalvos su auksin\u0117s \u201eGolden Cup\u201c spalvos reguliuojamomis petne\u0161omis. Kuprin\u0117 pagaminta i\u0161 perdirbt\u0173 PET buteli\u0173. Ji turi pasl\u0117pt\u0105 priekin\u0119 ki\u0161en\u0119, o viduje \u2013 dar vien\u0105, didesn\u0119 ki\u0161en\u0119 su velcro u\u017esegimu. Kuprin\u0117 turi vandeniui atspar\u0173 pamu\u0161al\u0105 ir auk\u0161tos kokyb\u0117s YKK u\u017etrauktukus. Ant specialios vardin\u0117s [&hellip;]\" \/>\n<meta property=\"og:url\" content=\"https:\/\/oxoxclub.com\/lt\/products\/aksesuarai-lt-2\/sticky-lemon-aksesuarai-lt\/sticky-lemon-didele-kuprine-2\/\" \/>\n<meta property=\"og:site_name\" content=\"OXOX\" \/>\n<meta property=\"article:publisher\" content=\"https:\/\/facebook.com\/oxoxclub\/\" \/>\n<meta property=\"article:modified_time\" content=\"2025-05-06T14:28:20+00:00\" \/>\n<meta property=\"og:image\" content=\"https:\/\/oxoxclub.com\/wp-content\/uploads\/f20312_3d33229ebabf4007943e32e8b2904ce3mv2.jpg\" \/>\n\t<meta property=\"og:image:width\" content=\"1062\" \/>\n\t<meta property=\"og:image:height\" content=\"1592\" \/>\n\t<meta property=\"og:image:type\" content=\"image\/jpeg\" \/>\n<meta name=\"twitter:card\" content=\"summary_large_image\" \/>\n<meta name=\"twitter:label1\" content=\"Availability\" \/>\n\t<meta name=\"twitter:data1\" content=\"In stock\" \/>\n<script type=\"application\/ld+json\" class=\"yoast-schema-graph\">{\"@context\":\"https:\/\/schema.org\",\"@graph\":[{\"@type\":\"WebPage\",\"@id\":\"https:\/\/oxoxclub.com\/lt\/products\/aksesuarai-lt-2\/sticky-lemon-aksesuarai-lt\/sticky-lemon-didele-kuprine-2\/\",\"url\":\"https:\/\/oxoxclub.com\/lt\/products\/aksesuarai-lt-2\/sticky-lemon-aksesuarai-lt\/sticky-lemon-didele-kuprine-2\/\",\"name\":\"\u201eSticky Lemon\u201c didel\u0117 kuprin\u0117 - OXOX\",\"isPartOf\":{\"@id\":\"https:\/\/oxoxclub.com\/lt\/#website\"},\"primaryImageOfPage\":{\"@id\":\"https:\/\/oxoxclub.com\/lt\/products\/aksesuarai-lt-2\/sticky-lemon-aksesuarai-lt\/sticky-lemon-didele-kuprine-2\/#primaryimage\"},\"image\":{\"@id\":\"https:\/\/oxoxclub.com\/lt\/products\/aksesuarai-lt-2\/sticky-lemon-aksesuarai-lt\/sticky-lemon-didele-kuprine-2\/#primaryimage\"},\"thumbnailUrl\":\"https:\/\/oxoxclub.com\/wp-content\/uploads\/f20312_3d33229ebabf4007943e32e8b2904ce3mv2.jpg\",\"datePublished\":\"2024-08-12T11:34:57+00:00\",\"dateModified\":\"2025-05-06T14:28:20+00:00\",\"breadcrumb\":{\"@id\":\"https:\/\/oxoxclub.com\/lt\/products\/aksesuarai-lt-2\/sticky-lemon-aksesuarai-lt\/sticky-lemon-didele-kuprine-2\/#breadcrumb\"},\"inLanguage\":\"lt-LT\",\"potentialAction\":[{\"@type\":\"ReadAction\",\"target\":[\"https:\/\/oxoxclub.com\/lt\/products\/aksesuarai-lt-2\/sticky-lemon-aksesuarai-lt\/sticky-lemon-didele-kuprine-2\/\"]}]},{\"@type\":\"ImageObject\",\"inLanguage\":\"lt-LT\",\"@id\":\"https:\/\/oxoxclub.com\/lt\/products\/aksesuarai-lt-2\/sticky-lemon-aksesuarai-lt\/sticky-lemon-didele-kuprine-2\/#primaryimage\",\"url\":\"https:\/\/oxoxclub.com\/wp-content\/uploads\/f20312_3d33229ebabf4007943e32e8b2904ce3mv2.jpg\",\"contentUrl\":\"https:\/\/oxoxclub.com\/wp-content\/uploads\/f20312_3d33229ebabf4007943e32e8b2904ce3mv2.jpg\",\"width\":1062,\"height\":1592},{\"@type\":\"BreadcrumbList\",\"@id\":\"https:\/\/oxoxclub.com\/lt\/products\/aksesuarai-lt-2\/sticky-lemon-aksesuarai-lt\/sticky-lemon-didele-kuprine-2\/#breadcrumb\",\"itemListElement\":[{\"@type\":\"ListItem\",\"position\":1,\"name\":\"Home\",\"item\":\"https:\/\/oxoxclub.com\/lt\/\"},{\"@type\":\"ListItem\",\"position\":2,\"name\":\"Shop\",\"item\":\"https:\/\/oxoxclub.com\/products\/\"},{\"@type\":\"ListItem\",\"position\":3,\"name\":\"\u201eSticky Lemon\u201c didel\u0117 kuprin\u0117\"}]},{\"@type\":\"WebSite\",\"@id\":\"https:\/\/oxoxclub.com\/lt\/#website\",\"url\":\"https:\/\/oxoxclub.com\/lt\/\",\"name\":\"OXOX CLUB\",\"description\":\"On a mission of never growing up\",\"publisher\":{\"@id\":\"https:\/\/oxoxclub.com\/lt\/#organization\"},\"potentialAction\":[{\"@type\":\"SearchAction\",\"target\":{\"@type\":\"EntryPoint\",\"urlTemplate\":\"https:\/\/oxoxclub.com\/lt\/?s={search_term_string}\"},\"query-input\":{\"@type\":\"PropertyValueSpecification\",\"valueRequired\":true,\"valueName\":\"search_term_string\"}}],\"inLanguage\":\"lt-LT\"},{\"@type\":\"Organization\",\"@id\":\"https:\/\/oxoxclub.com\/lt\/#organization\",\"name\":\"OXOX CLUB\",\"url\":\"https:\/\/oxoxclub.com\/lt\/\",\"logo\":{\"@type\":\"ImageObject\",\"inLanguage\":\"lt-LT\",\"@id\":\"https:\/\/oxoxclub.com\/lt\/#\/schema\/logo\/image\/\",\"url\":\"https:\/\/oxoxclub.com\/wp-content\/uploads\/oxox-logo-in-blue-4.png\",\"contentUrl\":\"https:\/\/oxoxclub.com\/wp-content\/uploads\/oxox-logo-in-blue-4.png\",\"width\":414,\"height\":300,\"caption\":\"OXOX CLUB\"},\"image\":{\"@id\":\"https:\/\/oxoxclub.com\/lt\/#\/schema\/logo\/image\/\"},\"sameAs\":[\"https:\/\/facebook.com\/oxoxclub\/\",\"https:\/\/www.instagram.com\/oxoxclub\/\"]}]}<\/script>\n<meta property=\"og:availability\" content=\"instock\" \/>\n<meta property=\"product:availability\" content=\"instock\" \/>\n<meta property=\"product:retailer_item_id\" content=\"1802204\" \/>\n<meta property=\"product:condition\" content=\"new\" \/>\n<!-- \/ Yoast SEO Premium plugin. -->","yoast_head_json":{"title":"\u201eSticky Lemon\u201c didel\u0117 kuprin\u0117 - OXOX","robots":{"index":"index","follow":"follow","max-snippet":"max-snippet:-1","max-image-preview":"max-image-preview:large","max-video-preview":"max-video-preview:-1"},"canonical":"https:\/\/oxoxclub.com\/lt\/products\/aksesuarai-lt-2\/sticky-lemon-aksesuarai-lt\/sticky-lemon-didele-kuprine-2\/","og_locale":"lt_LT","og_type":"article","og_title":"\u201eSticky Lemon\u201c didel\u0117 kuprin\u0117","og_description":"Super linksma didel\u0117 kuprin\u0117 su aky\u010di\u0173 printu. Ji yra ry\u0161kiai m\u0117lynos \u201eBoxing Blue\u201c spalvos su auksin\u0117s \u201eGolden Cup\u201c spalvos reguliuojamomis petne\u0161omis. Kuprin\u0117 pagaminta i\u0161 perdirbt\u0173 PET buteli\u0173. Ji turi pasl\u0117pt\u0105 priekin\u0119 ki\u0161en\u0119, o viduje \u2013 dar vien\u0105, didesn\u0119 ki\u0161en\u0119 su velcro u\u017esegimu. Kuprin\u0117 turi vandeniui atspar\u0173 pamu\u0161al\u0105 ir auk\u0161tos kokyb\u0117s YKK u\u017etrauktukus. Ant specialios vardin\u0117s [&hellip;]","og_url":"https:\/\/oxoxclub.com\/lt\/products\/aksesuarai-lt-2\/sticky-lemon-aksesuarai-lt\/sticky-lemon-didele-kuprine-2\/","og_site_name":"OXOX","article_publisher":"https:\/\/facebook.com\/oxoxclub\/","article_modified_time":"2025-05-06T14:28:20+00:00","og_image":[{"width":1062,"height":1592,"url":"https:\/\/oxoxclub.com\/wp-content\/uploads\/f20312_3d33229ebabf4007943e32e8b2904ce3mv2.jpg","type":"image\/jpeg"}],"twitter_card":"summary_large_image","twitter_misc":{"Availability":"In stock"},"schema":{"@context":"https:\/\/schema.org","@graph":[{"@type":"WebPage","@id":"https:\/\/oxoxclub.com\/lt\/products\/aksesuarai-lt-2\/sticky-lemon-aksesuarai-lt\/sticky-lemon-didele-kuprine-2\/","url":"https:\/\/oxoxclub.com\/lt\/products\/aksesuarai-lt-2\/sticky-lemon-aksesuarai-lt\/sticky-lemon-didele-kuprine-2\/","name":"\u201eSticky Lemon\u201c didel\u0117 kuprin\u0117 - OXOX","isPartOf":{"@id":"https:\/\/oxoxclub.com\/lt\/#website"},"primaryImageOfPage":{"@id":"https:\/\/oxoxclub.com\/lt\/products\/aksesuarai-lt-2\/sticky-lemon-aksesuarai-lt\/sticky-lemon-didele-kuprine-2\/#primaryimage"},"image":{"@id":"https:\/\/oxoxclub.com\/lt\/products\/aksesuarai-lt-2\/sticky-lemon-aksesuarai-lt\/sticky-lemon-didele-kuprine-2\/#primaryimage"},"thumbnailUrl":"https:\/\/oxoxclub.com\/wp-content\/uploads\/f20312_3d33229ebabf4007943e32e8b2904ce3mv2.jpg","datePublished":"2024-08-12T11:34:57+00:00","dateModified":"2025-05-06T14:28:20+00:00","breadcrumb":{"@id":"https:\/\/oxoxclub.com\/lt\/products\/aksesuarai-lt-2\/sticky-lemon-aksesuarai-lt\/sticky-lemon-didele-kuprine-2\/#breadcrumb"},"inLanguage":"lt-LT","potentialAction":[{"@type":"ReadAction","target":["https:\/\/oxoxclub.com\/lt\/products\/aksesuarai-lt-2\/sticky-lemon-aksesuarai-lt\/sticky-lemon-didele-kuprine-2\/"]}]},{"@type":"ImageObject","inLanguage":"lt-LT","@id":"https:\/\/oxoxclub.com\/lt\/products\/aksesuarai-lt-2\/sticky-lemon-aksesuarai-lt\/sticky-lemon-didele-kuprine-2\/#primaryimage","url":"https:\/\/oxoxclub.com\/wp-content\/uploads\/f20312_3d33229ebabf4007943e32e8b2904ce3mv2.jpg","contentUrl":"https:\/\/oxoxclub.com\/wp-content\/uploads\/f20312_3d33229ebabf4007943e32e8b2904ce3mv2.jpg","width":1062,"height":1592},{"@type":"BreadcrumbList","@id":"https:\/\/oxoxclub.com\/lt\/products\/aksesuarai-lt-2\/sticky-lemon-aksesuarai-lt\/sticky-lemon-didele-kuprine-2\/#breadcrumb","itemListElement":[{"@type":"ListItem","position":1,"name":"Home","item":"https:\/\/oxoxclub.com\/lt\/"},{"@type":"ListItem","position":2,"name":"Shop","item":"https:\/\/oxoxclub.com\/products\/"},{"@type":"ListItem","position":3,"name":"\u201eSticky Lemon\u201c didel\u0117 kuprin\u0117"}]},{"@type":"WebSite","@id":"https:\/\/oxoxclub.com\/lt\/#website","url":"https:\/\/oxoxclub.com\/lt\/","name":"OXOX CLUB","description":"On a mission of never growing up","publisher":{"@id":"https:\/\/oxoxclub.com\/lt\/#organization"},"potentialAction":[{"@type":"SearchAction","target":{"@type":"EntryPoint","urlTemplate":"https:\/\/oxoxclub.com\/lt\/?s={search_term_string}"},"query-input":{"@type":"PropertyValueSpecification","valueRequired":true,"valueName":"search_term_string"}}],"inLanguage":"lt-LT"},{"@type":"Organization","@id":"https:\/\/oxoxclub.com\/lt\/#organization","name":"OXOX CLUB","url":"https:\/\/oxoxclub.com\/lt\/","logo":{"@type":"ImageObject","inLanguage":"lt-LT","@id":"https:\/\/oxoxclub.com\/lt\/#\/schema\/logo\/image\/","url":"https:\/\/oxoxclub.com\/wp-content\/uploads\/oxox-logo-in-blue-4.png","contentUrl":"https:\/\/oxoxclub.com\/wp-content\/uploads\/oxox-logo-in-blue-4.png","width":414,"height":300,"caption":"OXOX CLUB"},"image":{"@id":"https:\/\/oxoxclub.com\/lt\/#\/schema\/logo\/image\/"},"sameAs":["https:\/\/facebook.com\/oxoxclub\/","https:\/\/www.instagram.com\/oxoxclub\/"]}]},"og_availability":"instock","product_availability":"instock","product_retailer_item_id":"1802204","product_condition":"new"},"_links":{"self":[{"href":"https:\/\/oxoxclub.com\/lt\/wp-json\/wp\/v2\/product\/67654","targetHints":{"allow":["GET"]}}],"collection":[{"href":"https:\/\/oxoxclub.com\/lt\/wp-json\/wp\/v2\/product"}],"about":[{"href":"https:\/\/oxoxclub.com\/lt\/wp-json\/wp\/v2\/types\/product"}],"replies":[{"embeddable":true,"href":"https:\/\/oxoxclub.com\/lt\/wp-json\/wp\/v2\/comments?post=67654"}],"wp:featuredmedia":[{"embeddable":true,"href":"https:\/\/oxoxclub.com\/lt\/wp-json\/wp\/v2\/media\/62713"}],"wp:attachment":[{"href":"https:\/\/oxoxclub.com\/lt\/wp-json\/wp\/v2\/media?parent=67654"}],"wp:term":[{"taxonomy":"product_brand","embeddable":true,"href":"https:\/\/oxoxclub.com\/lt\/wp-json\/wp\/v2\/product_brand?post=67654"},{"taxonomy":"product_cat","embeddable":true,"href":"https:\/\/oxoxclub.com\/lt\/wp-json\/wp\/v2\/product_cat?post=67654"},{"taxonomy":"product_tag","embeddable":true,"href":"https:\/\/oxoxclub.com\/lt\/wp-json\/wp\/v2\/product_tag?post=67654"}],"curies":[{"name":"wp","href":"https:\/\/api.w.org\/{rel}","templated":true}]}}