{"id":67657,"date":"2024-07-30T16:22:44","date_gmt":"2024-07-30T14:22:44","guid":{"rendered":"https:\/\/oxoxclub-com-486310.hostingersite.com\/products\/be-kategorijos\/oxox-club-cafe-sweatshirt\/"},"modified":"2026-01-11T13:14:33","modified_gmt":"2026-01-11T11:14:33","slug":"oxox-club-cafe-dzemperis","status":"publish","type":"product","link":"https:\/\/oxoxclub.com\/lt\/products\/city-tribe-lt\/oxox-club-cafe-dzemperis\/","title":{"rendered":"\u201eOXOX CLUB Cafe\u201c d\u017eemperis"},"content":{"rendered":"<p>\u0160is d\u017eemperis yra pagamintas i\u0161 ekologi\u0161kos medviln\u0117s, pasi\u017eymi padidintu siluetu ir madingu \u201eOXOX CLUB Caf\u00e9\u201c printu. Derink \u0161\u012f \u017eaisming\u0105 drabu\u017e\u012f su pla\u010diomis keln\u0117mis, kad sukurtum lengv\u0105 ir stiling\u0105 miesto \u012fvaizd\u012f.<\/p>\n<p>Gaminys yra prie\u0161 tai i\u0161skalbtas, kad b\u016bt\u0173 mink\u0161tesnis, nesitraukt\u0173 ir i\u0161laikyt\u0173 ry\u0161kias spalvas net po daugelio skalbim\u0173.<\/p>\n<p>100% ekologi\u0161ka medviln\u0117 \/ Galima skalbti skalbykl\u0117je.<\/p>\n<p>Pagaminta Lietuvoje.<\/p>\n","protected":false},"excerpt":{"rendered":"<p>\u0160is d\u017eemperis yra pagamintas i\u0161 ekologi\u0161kos medviln\u0117s, pasi\u017eymi padidintu siluetu ir madingu \u201eOXOX CLUB Caf\u00e9\u201c printu. Derink \u0161\u012f \u017eaisming\u0105 drabu\u017e\u012f su pla\u010diomis keln\u0117mis, kad sukurtum lengv\u0105 ir stiling\u0105 miesto \u012fvaizd\u012f. Gaminys yra prie\u0161 tai i\u0161skalbtas, kad b\u016bt\u0173 mink\u0161tesnis, nesitraukt\u0173 ir i\u0161laikyt\u0173 ry\u0161kias spalvas net po daugelio skalbim\u0173. 100% ekologi\u0161ka medviln\u0117 \/ Galima skalbti skalbykl\u0117je. Pagaminta [&hellip;]<\/p>\n","protected":false},"featured_media":75916,"comment_status":"open","ping_status":"closed","template":"","meta":[],"product_brand":[],"product_cat":[825,615,690],"product_tag":[748],"class_list":{"0":"post-67657","1":"product","2":"type-product","3":"status-publish","4":"has-post-thumbnail","6":"product_cat-20-lt","7":"product_cat-city-tribe-lt","8":"product_cat-dzemperiai-lt","9":"product_tag-organic-cotton-lt","10":"pa_size-chart-86-92-en","11":"pa_size-chart-98-104-en","12":"pa_size-chart-110-116-en","13":"pa_size-chart-122-128-en","14":"pa_size-chart-134-140-en","15":"pa_size-chart-146-152-en","16":"pa_sweatshirts-dzemperiai","18":"first","19":"instock","20":"sale","21":"taxable","22":"shipping-taxable","23":"purchasable","24":"product-type-variable"},"acf":[],"yoast_head":"<!-- This site is optimized with the Yoast SEO Premium plugin v20.11 (Yoast SEO v24.3) - https:\/\/yoast.com\/wordpress\/plugins\/seo\/ -->\n<title>\u201eOXOX CLUB Cafe\u201c d\u017eemperis - OXOX<\/title>\n<meta name=\"robots\" content=\"index, follow, max-snippet:-1, max-image-preview:large, max-video-preview:-1\" \/>\n<link rel=\"canonical\" href=\"https:\/\/oxoxclub.com\/lt\/products\/city-tribe-lt\/oxox-club-cafe-dzemperis\/\" \/>\n<meta property=\"og:locale\" content=\"lt_LT\" \/>\n<meta property=\"og:type\" content=\"article\" \/>\n<meta property=\"og:title\" content=\"\u201eOXOX CLUB Cafe\u201c d\u017eemperis\" \/>\n<meta property=\"og:description\" content=\"\u0160is d\u017eemperis yra pagamintas i\u0161 ekologi\u0161kos medviln\u0117s, pasi\u017eymi padidintu siluetu ir madingu \u201eOXOX CLUB Caf\u00e9\u201c printu. Derink \u0161\u012f \u017eaisming\u0105 drabu\u017e\u012f su pla\u010diomis keln\u0117mis, kad sukurtum lengv\u0105 ir stiling\u0105 miesto \u012fvaizd\u012f. Gaminys yra prie\u0161 tai i\u0161skalbtas, kad b\u016bt\u0173 mink\u0161tesnis, nesitraukt\u0173 ir i\u0161laikyt\u0173 ry\u0161kias spalvas net po daugelio skalbim\u0173. 100% ekologi\u0161ka medviln\u0117 \/ Galima skalbti skalbykl\u0117je. Pagaminta [&hellip;]\" \/>\n<meta property=\"og:url\" content=\"https:\/\/oxoxclub.com\/lt\/products\/city-tribe-lt\/oxox-club-cafe-dzemperis\/\" \/>\n<meta property=\"og:site_name\" content=\"OXOX\" \/>\n<meta property=\"article:publisher\" content=\"https:\/\/facebook.com\/oxoxclub\/\" \/>\n<meta property=\"article:modified_time\" content=\"2026-01-11T11:14:33+00:00\" \/>\n<meta property=\"og:image\" content=\"https:\/\/oxoxclub.com\/wp-content\/uploads\/168-1-scaled.jpg\" \/>\n\t<meta property=\"og:image:width\" content=\"1709\" \/>\n\t<meta property=\"og:image:height\" content=\"2560\" \/>\n\t<meta property=\"og:image:type\" content=\"image\/jpeg\" \/>\n<meta name=\"twitter:card\" content=\"summary_large_image\" \/>\n<meta name=\"twitter:label1\" content=\"Availability\" \/>\n\t<meta name=\"twitter:data1\" content=\"In stock\" \/>\n<script type=\"application\/ld+json\" class=\"yoast-schema-graph\">{\"@context\":\"https:\/\/schema.org\",\"@graph\":[{\"@type\":\"WebPage\",\"@id\":\"https:\/\/oxoxclub.com\/lt\/products\/city-tribe-lt\/oxox-club-cafe-dzemperis\/\",\"url\":\"https:\/\/oxoxclub.com\/lt\/products\/city-tribe-lt\/oxox-club-cafe-dzemperis\/\",\"name\":\"\u201eOXOX CLUB Cafe\u201c d\u017eemperis - OXOX\",\"isPartOf\":{\"@id\":\"https:\/\/oxoxclub.com\/lt\/#website\"},\"primaryImageOfPage\":{\"@id\":\"https:\/\/oxoxclub.com\/lt\/products\/city-tribe-lt\/oxox-club-cafe-dzemperis\/#primaryimage\"},\"image\":{\"@id\":\"https:\/\/oxoxclub.com\/lt\/products\/city-tribe-lt\/oxox-club-cafe-dzemperis\/#primaryimage\"},\"thumbnailUrl\":\"https:\/\/oxoxclub.com\/wp-content\/uploads\/168-1-scaled.jpg\",\"datePublished\":\"2024-07-30T14:22:44+00:00\",\"dateModified\":\"2026-01-11T11:14:33+00:00\",\"breadcrumb\":{\"@id\":\"https:\/\/oxoxclub.com\/lt\/products\/city-tribe-lt\/oxox-club-cafe-dzemperis\/#breadcrumb\"},\"inLanguage\":\"lt-LT\",\"potentialAction\":[{\"@type\":\"ReadAction\",\"target\":[\"https:\/\/oxoxclub.com\/lt\/products\/city-tribe-lt\/oxox-club-cafe-dzemperis\/\"]}]},{\"@type\":\"ImageObject\",\"inLanguage\":\"lt-LT\",\"@id\":\"https:\/\/oxoxclub.com\/lt\/products\/city-tribe-lt\/oxox-club-cafe-dzemperis\/#primaryimage\",\"url\":\"https:\/\/oxoxclub.com\/wp-content\/uploads\/168-1-scaled.jpg\",\"contentUrl\":\"https:\/\/oxoxclub.com\/wp-content\/uploads\/168-1-scaled.jpg\",\"width\":1709,\"height\":2560},{\"@type\":\"BreadcrumbList\",\"@id\":\"https:\/\/oxoxclub.com\/lt\/products\/city-tribe-lt\/oxox-club-cafe-dzemperis\/#breadcrumb\",\"itemListElement\":[{\"@type\":\"ListItem\",\"position\":1,\"name\":\"Home\",\"item\":\"https:\/\/oxoxclub.com\/lt\/\"},{\"@type\":\"ListItem\",\"position\":2,\"name\":\"Shop\",\"item\":\"https:\/\/oxoxclub.com\/products\/\"},{\"@type\":\"ListItem\",\"position\":3,\"name\":\"\u201eOXOX CLUB Cafe\u201c d\u017eemperis\"}]},{\"@type\":\"WebSite\",\"@id\":\"https:\/\/oxoxclub.com\/lt\/#website\",\"url\":\"https:\/\/oxoxclub.com\/lt\/\",\"name\":\"OXOX CLUB\",\"description\":\"On a mission of never growing up\",\"publisher\":{\"@id\":\"https:\/\/oxoxclub.com\/lt\/#organization\"},\"potentialAction\":[{\"@type\":\"SearchAction\",\"target\":{\"@type\":\"EntryPoint\",\"urlTemplate\":\"https:\/\/oxoxclub.com\/lt\/?s={search_term_string}\"},\"query-input\":{\"@type\":\"PropertyValueSpecification\",\"valueRequired\":true,\"valueName\":\"search_term_string\"}}],\"inLanguage\":\"lt-LT\"},{\"@type\":\"Organization\",\"@id\":\"https:\/\/oxoxclub.com\/lt\/#organization\",\"name\":\"OXOX CLUB\",\"url\":\"https:\/\/oxoxclub.com\/lt\/\",\"logo\":{\"@type\":\"ImageObject\",\"inLanguage\":\"lt-LT\",\"@id\":\"https:\/\/oxoxclub.com\/lt\/#\/schema\/logo\/image\/\",\"url\":\"https:\/\/oxoxclub.com\/wp-content\/uploads\/oxox-logo-in-blue-4.png\",\"contentUrl\":\"https:\/\/oxoxclub.com\/wp-content\/uploads\/oxox-logo-in-blue-4.png\",\"width\":414,\"height\":300,\"caption\":\"OXOX CLUB\"},\"image\":{\"@id\":\"https:\/\/oxoxclub.com\/lt\/#\/schema\/logo\/image\/\"},\"sameAs\":[\"https:\/\/facebook.com\/oxoxclub\/\",\"https:\/\/www.instagram.com\/oxoxclub\/\"]}]}<\/script>\n<meta property=\"og:availability\" content=\"instock\" \/>\n<meta property=\"product:availability\" content=\"instock\" \/>\n<meta property=\"product:retailer_item_id\" content=\"29.331.38\" \/>\n<meta property=\"product:condition\" content=\"new\" \/>\n<!-- \/ Yoast SEO Premium plugin. -->","yoast_head_json":{"title":"\u201eOXOX CLUB Cafe\u201c d\u017eemperis - OXOX","robots":{"index":"index","follow":"follow","max-snippet":"max-snippet:-1","max-image-preview":"max-image-preview:large","max-video-preview":"max-video-preview:-1"},"canonical":"https:\/\/oxoxclub.com\/lt\/products\/city-tribe-lt\/oxox-club-cafe-dzemperis\/","og_locale":"lt_LT","og_type":"article","og_title":"\u201eOXOX CLUB Cafe\u201c d\u017eemperis","og_description":"\u0160is d\u017eemperis yra pagamintas i\u0161 ekologi\u0161kos medviln\u0117s, pasi\u017eymi padidintu siluetu ir madingu \u201eOXOX CLUB Caf\u00e9\u201c printu. Derink \u0161\u012f \u017eaisming\u0105 drabu\u017e\u012f su pla\u010diomis keln\u0117mis, kad sukurtum lengv\u0105 ir stiling\u0105 miesto \u012fvaizd\u012f. Gaminys yra prie\u0161 tai i\u0161skalbtas, kad b\u016bt\u0173 mink\u0161tesnis, nesitraukt\u0173 ir i\u0161laikyt\u0173 ry\u0161kias spalvas net po daugelio skalbim\u0173. 100% ekologi\u0161ka medviln\u0117 \/ Galima skalbti skalbykl\u0117je. Pagaminta [&hellip;]","og_url":"https:\/\/oxoxclub.com\/lt\/products\/city-tribe-lt\/oxox-club-cafe-dzemperis\/","og_site_name":"OXOX","article_publisher":"https:\/\/facebook.com\/oxoxclub\/","article_modified_time":"2026-01-11T11:14:33+00:00","og_image":[{"width":1709,"height":2560,"url":"https:\/\/oxoxclub.com\/wp-content\/uploads\/168-1-scaled.jpg","type":"image\/jpeg"}],"twitter_card":"summary_large_image","twitter_misc":{"Availability":"In stock"},"schema":{"@context":"https:\/\/schema.org","@graph":[{"@type":"WebPage","@id":"https:\/\/oxoxclub.com\/lt\/products\/city-tribe-lt\/oxox-club-cafe-dzemperis\/","url":"https:\/\/oxoxclub.com\/lt\/products\/city-tribe-lt\/oxox-club-cafe-dzemperis\/","name":"\u201eOXOX CLUB Cafe\u201c d\u017eemperis - OXOX","isPartOf":{"@id":"https:\/\/oxoxclub.com\/lt\/#website"},"primaryImageOfPage":{"@id":"https:\/\/oxoxclub.com\/lt\/products\/city-tribe-lt\/oxox-club-cafe-dzemperis\/#primaryimage"},"image":{"@id":"https:\/\/oxoxclub.com\/lt\/products\/city-tribe-lt\/oxox-club-cafe-dzemperis\/#primaryimage"},"thumbnailUrl":"https:\/\/oxoxclub.com\/wp-content\/uploads\/168-1-scaled.jpg","datePublished":"2024-07-30T14:22:44+00:00","dateModified":"2026-01-11T11:14:33+00:00","breadcrumb":{"@id":"https:\/\/oxoxclub.com\/lt\/products\/city-tribe-lt\/oxox-club-cafe-dzemperis\/#breadcrumb"},"inLanguage":"lt-LT","potentialAction":[{"@type":"ReadAction","target":["https:\/\/oxoxclub.com\/lt\/products\/city-tribe-lt\/oxox-club-cafe-dzemperis\/"]}]},{"@type":"ImageObject","inLanguage":"lt-LT","@id":"https:\/\/oxoxclub.com\/lt\/products\/city-tribe-lt\/oxox-club-cafe-dzemperis\/#primaryimage","url":"https:\/\/oxoxclub.com\/wp-content\/uploads\/168-1-scaled.jpg","contentUrl":"https:\/\/oxoxclub.com\/wp-content\/uploads\/168-1-scaled.jpg","width":1709,"height":2560},{"@type":"BreadcrumbList","@id":"https:\/\/oxoxclub.com\/lt\/products\/city-tribe-lt\/oxox-club-cafe-dzemperis\/#breadcrumb","itemListElement":[{"@type":"ListItem","position":1,"name":"Home","item":"https:\/\/oxoxclub.com\/lt\/"},{"@type":"ListItem","position":2,"name":"Shop","item":"https:\/\/oxoxclub.com\/products\/"},{"@type":"ListItem","position":3,"name":"\u201eOXOX CLUB Cafe\u201c d\u017eemperis"}]},{"@type":"WebSite","@id":"https:\/\/oxoxclub.com\/lt\/#website","url":"https:\/\/oxoxclub.com\/lt\/","name":"OXOX CLUB","description":"On a mission of never growing up","publisher":{"@id":"https:\/\/oxoxclub.com\/lt\/#organization"},"potentialAction":[{"@type":"SearchAction","target":{"@type":"EntryPoint","urlTemplate":"https:\/\/oxoxclub.com\/lt\/?s={search_term_string}"},"query-input":{"@type":"PropertyValueSpecification","valueRequired":true,"valueName":"search_term_string"}}],"inLanguage":"lt-LT"},{"@type":"Organization","@id":"https:\/\/oxoxclub.com\/lt\/#organization","name":"OXOX CLUB","url":"https:\/\/oxoxclub.com\/lt\/","logo":{"@type":"ImageObject","inLanguage":"lt-LT","@id":"https:\/\/oxoxclub.com\/lt\/#\/schema\/logo\/image\/","url":"https:\/\/oxoxclub.com\/wp-content\/uploads\/oxox-logo-in-blue-4.png","contentUrl":"https:\/\/oxoxclub.com\/wp-content\/uploads\/oxox-logo-in-blue-4.png","width":414,"height":300,"caption":"OXOX CLUB"},"image":{"@id":"https:\/\/oxoxclub.com\/lt\/#\/schema\/logo\/image\/"},"sameAs":["https:\/\/facebook.com\/oxoxclub\/","https:\/\/www.instagram.com\/oxoxclub\/"]}]},"og_availability":"instock","product_availability":"instock","product_retailer_item_id":"29.331.38","product_condition":"new"},"_links":{"self":[{"href":"https:\/\/oxoxclub.com\/lt\/wp-json\/wp\/v2\/product\/67657","targetHints":{"allow":["GET"]}}],"collection":[{"href":"https:\/\/oxoxclub.com\/lt\/wp-json\/wp\/v2\/product"}],"about":[{"href":"https:\/\/oxoxclub.com\/lt\/wp-json\/wp\/v2\/types\/product"}],"replies":[{"embeddable":true,"href":"https:\/\/oxoxclub.com\/lt\/wp-json\/wp\/v2\/comments?post=67657"}],"wp:featuredmedia":[{"embeddable":true,"href":"https:\/\/oxoxclub.com\/lt\/wp-json\/wp\/v2\/media\/75916"}],"wp:attachment":[{"href":"https:\/\/oxoxclub.com\/lt\/wp-json\/wp\/v2\/media?parent=67657"}],"wp:term":[{"taxonomy":"product_brand","embeddable":true,"href":"https:\/\/oxoxclub.com\/lt\/wp-json\/wp\/v2\/product_brand?post=67657"},{"taxonomy":"product_cat","embeddable":true,"href":"https:\/\/oxoxclub.com\/lt\/wp-json\/wp\/v2\/product_cat?post=67657"},{"taxonomy":"product_tag","embeddable":true,"href":"https:\/\/oxoxclub.com\/lt\/wp-json\/wp\/v2\/product_tag?post=67657"}],"curies":[{"name":"wp","href":"https:\/\/api.w.org\/{rel}","templated":true}]}}