{"id":67975,"date":"2024-06-10T18:33:15","date_gmt":"2024-06-10T16:33:15","guid":{"rendered":"https:\/\/oxoxclub-com-486310.hostingersite.com\/products\/be-kategorijos\/potato-tee-4\/"},"modified":"2025-05-06T16:51:03","modified_gmt":"2025-05-06T14:51:03","slug":"potato-marskineliai-4","status":"publish","type":"product","link":"https:\/\/oxoxclub.com\/lt\/products\/potato-lt\/potato-marskineliai-4\/","title":{"rendered":"\u201ePotato\u201c mar\u0161kin\u0117liai"},"content":{"rendered":"<p>\u0160ie paprasti, ta\u010diau \u017eaismingi unisex mar\u0161kin\u0117liai trumpomis rankov\u0117mis yra pagaminti i\u0161 ekologi\u0161kos medviln\u0117s, su ikoniniu OXOX Club \u201ePotato\u201c printu. Tai tobulas vasaros drabu\u017eis lengvam ir stilingam \u012fvaizd\u017eiui.<\/p>\n<p>100% ekologi\u0161ka medviln\u0117 \/ Galima skalbti skalbykl\u0117je.<\/p>\n<p>Pagaminta Lietuvoje.<\/p>\n","protected":false},"excerpt":{"rendered":"<p>\u0160ie paprasti, ta\u010diau \u017eaismingi unisex mar\u0161kin\u0117liai trumpomis rankov\u0117mis yra pagaminti i\u0161 ekologi\u0161kos medviln\u0117s, su ikoniniu OXOX Club \u201ePotato\u201c printu. Tai tobulas vasaros drabu\u017eis lengvam ir stilingam \u012fvaizd\u017eiui. 100% ekologi\u0161ka medviln\u0117 \/ Galima skalbti skalbykl\u0117je. Pagaminta Lietuvoje.<\/p>\n","protected":false},"featured_media":62412,"comment_status":"open","ping_status":"closed","template":"","meta":[],"product_brand":[],"product_cat":[691,804,680,685],"product_tag":[748],"class_list":{"0":"post-67975","1":"product","2":"type-product","3":"status-publish","4":"has-post-thumbnail","6":"product_cat-marskineliai-lt","7":"product_cat-mylimiausi","8":"product_cat-potato-lt","9":"product_cat-topai-ir-marskineliai-lt-2","10":"product_tag-organic-cotton-lt","11":"pa_size-chart-86-92-en","12":"pa_size-chart-98-104-en","13":"pa_size-chart-110-116-en","14":"pa_size-chart-122-128-en","15":"pa_size-chart-134-140-en","16":"pa_size-chart-146-152-en","17":"pa_t-shirts-marskineliai","19":"first","20":"instock","21":"taxable","22":"shipping-taxable","23":"purchasable","24":"product-type-variable"},"acf":[],"yoast_head":"<!-- This site is optimized with the Yoast SEO Premium plugin v20.11 (Yoast SEO v24.3) - https:\/\/yoast.com\/wordpress\/plugins\/seo\/ -->\n<title>\u201ePotato\u201c mar\u0161kin\u0117liai - OXOX<\/title>\n<meta name=\"description\" content=\"Playful oversized t-shirt is made of organic cotton fabric and has OXOX CLUB signature potato print. Perfect summer piece for effortless dressing.\" \/>\n<meta name=\"robots\" content=\"index, follow, max-snippet:-1, max-image-preview:large, max-video-preview:-1\" \/>\n<link rel=\"canonical\" href=\"https:\/\/oxoxclub.com\/lt\/products\/potato-lt\/potato-marskineliai-4\/\" \/>\n<meta property=\"og:locale\" content=\"lt_LT\" \/>\n<meta property=\"og:type\" content=\"article\" \/>\n<meta property=\"og:title\" content=\"\u201ePotato\u201c mar\u0161kin\u0117liai\" \/>\n<meta property=\"og:description\" content=\"Playful oversized t-shirt is made of organic cotton fabric and has OXOX CLUB signature potato print. Perfect summer piece for effortless dressing.\" \/>\n<meta property=\"og:url\" content=\"https:\/\/oxoxclub.com\/lt\/products\/potato-lt\/potato-marskineliai-4\/\" \/>\n<meta property=\"og:site_name\" content=\"OXOX\" \/>\n<meta property=\"article:publisher\" content=\"https:\/\/facebook.com\/oxoxclub\/\" \/>\n<meta property=\"article:modified_time\" content=\"2025-05-06T14:51:03+00:00\" \/>\n<meta property=\"og:image\" content=\"https:\/\/oxoxclub.com\/wp-content\/uploads\/new-oxoxclub-blue-logo-tiny.png\" \/>\n\t<meta property=\"og:image:width\" content=\"1605\" \/>\n\t<meta property=\"og:image:height\" content=\"1161\" \/>\n\t<meta property=\"og:image:type\" content=\"image\/png\" \/>\n<meta name=\"twitter:card\" content=\"summary_large_image\" \/>\n<meta name=\"twitter:label1\" content=\"Availability\" \/>\n\t<meta name=\"twitter:data1\" content=\"In stock\" \/>\n<script type=\"application\/ld+json\" class=\"yoast-schema-graph\">{\"@context\":\"https:\/\/schema.org\",\"@graph\":[{\"@type\":\"WebPage\",\"@id\":\"https:\/\/oxoxclub.com\/lt\/products\/potato-lt\/potato-marskineliai-4\/\",\"url\":\"https:\/\/oxoxclub.com\/lt\/products\/potato-lt\/potato-marskineliai-4\/\",\"name\":\"\u201ePotato\u201c mar\u0161kin\u0117liai - OXOX\",\"isPartOf\":{\"@id\":\"https:\/\/oxoxclub.com\/lt\/#website\"},\"primaryImageOfPage\":{\"@id\":\"https:\/\/oxoxclub.com\/lt\/products\/potato-lt\/potato-marskineliai-4\/#primaryimage\"},\"image\":{\"@id\":\"https:\/\/oxoxclub.com\/lt\/products\/potato-lt\/potato-marskineliai-4\/#primaryimage\"},\"thumbnailUrl\":\"https:\/\/oxoxclub.com\/wp-content\/uploads\/foto.109-scaled.jpg\",\"datePublished\":\"2024-06-10T16:33:15+00:00\",\"dateModified\":\"2025-05-06T14:51:03+00:00\",\"description\":\"Playful oversized t-shirt is made of organic cotton fabric and has OXOX CLUB signature potato print. Perfect summer piece for effortless dressing.\",\"breadcrumb\":{\"@id\":\"https:\/\/oxoxclub.com\/lt\/products\/potato-lt\/potato-marskineliai-4\/#breadcrumb\"},\"inLanguage\":\"lt-LT\",\"potentialAction\":[{\"@type\":\"ReadAction\",\"target\":[\"https:\/\/oxoxclub.com\/lt\/products\/potato-lt\/potato-marskineliai-4\/\"]}]},{\"@type\":\"ImageObject\",\"inLanguage\":\"lt-LT\",\"@id\":\"https:\/\/oxoxclub.com\/lt\/products\/potato-lt\/potato-marskineliai-4\/#primaryimage\",\"url\":\"https:\/\/oxoxclub.com\/wp-content\/uploads\/foto.109-scaled.jpg\",\"contentUrl\":\"https:\/\/oxoxclub.com\/wp-content\/uploads\/foto.109-scaled.jpg\",\"width\":1707,\"height\":2560},{\"@type\":\"BreadcrumbList\",\"@id\":\"https:\/\/oxoxclub.com\/lt\/products\/potato-lt\/potato-marskineliai-4\/#breadcrumb\",\"itemListElement\":[{\"@type\":\"ListItem\",\"position\":1,\"name\":\"Home\",\"item\":\"https:\/\/oxoxclub.com\/lt\/\"},{\"@type\":\"ListItem\",\"position\":2,\"name\":\"Shop\",\"item\":\"https:\/\/oxoxclub.com\/products\/\"},{\"@type\":\"ListItem\",\"position\":3,\"name\":\"\u201ePotato\u201c mar\u0161kin\u0117liai\"}]},{\"@type\":\"WebSite\",\"@id\":\"https:\/\/oxoxclub.com\/lt\/#website\",\"url\":\"https:\/\/oxoxclub.com\/lt\/\",\"name\":\"OXOX CLUB\",\"description\":\"On a mission of never growing up\",\"publisher\":{\"@id\":\"https:\/\/oxoxclub.com\/lt\/#organization\"},\"potentialAction\":[{\"@type\":\"SearchAction\",\"target\":{\"@type\":\"EntryPoint\",\"urlTemplate\":\"https:\/\/oxoxclub.com\/lt\/?s={search_term_string}\"},\"query-input\":{\"@type\":\"PropertyValueSpecification\",\"valueRequired\":true,\"valueName\":\"search_term_string\"}}],\"inLanguage\":\"lt-LT\"},{\"@type\":\"Organization\",\"@id\":\"https:\/\/oxoxclub.com\/lt\/#organization\",\"name\":\"OXOX CLUB\",\"url\":\"https:\/\/oxoxclub.com\/lt\/\",\"logo\":{\"@type\":\"ImageObject\",\"inLanguage\":\"lt-LT\",\"@id\":\"https:\/\/oxoxclub.com\/lt\/#\/schema\/logo\/image\/\",\"url\":\"https:\/\/oxoxclub.com\/wp-content\/uploads\/oxox-logo-in-blue-4.png\",\"contentUrl\":\"https:\/\/oxoxclub.com\/wp-content\/uploads\/oxox-logo-in-blue-4.png\",\"width\":414,\"height\":300,\"caption\":\"OXOX CLUB\"},\"image\":{\"@id\":\"https:\/\/oxoxclub.com\/lt\/#\/schema\/logo\/image\/\"},\"sameAs\":[\"https:\/\/facebook.com\/oxoxclub\/\",\"https:\/\/www.instagram.com\/oxoxclub\/\"]}]}<\/script>\n<meta property=\"og:availability\" content=\"instock\" \/>\n<meta property=\"product:availability\" content=\"instock\" \/>\n<meta property=\"product:retailer_item_id\" content=\"29.189.04\" \/>\n<meta property=\"product:condition\" content=\"new\" \/>\n<!-- \/ Yoast SEO Premium plugin. -->","yoast_head_json":{"title":"\u201ePotato\u201c mar\u0161kin\u0117liai - OXOX","description":"Playful oversized t-shirt is made of organic cotton fabric and has OXOX CLUB signature potato print. Perfect summer piece for effortless dressing.","robots":{"index":"index","follow":"follow","max-snippet":"max-snippet:-1","max-image-preview":"max-image-preview:large","max-video-preview":"max-video-preview:-1"},"canonical":"https:\/\/oxoxclub.com\/lt\/products\/potato-lt\/potato-marskineliai-4\/","og_locale":"lt_LT","og_type":"article","og_title":"\u201ePotato\u201c mar\u0161kin\u0117liai","og_description":"Playful oversized t-shirt is made of organic cotton fabric and has OXOX CLUB signature potato print. Perfect summer piece for effortless dressing.","og_url":"https:\/\/oxoxclub.com\/lt\/products\/potato-lt\/potato-marskineliai-4\/","og_site_name":"OXOX","article_publisher":"https:\/\/facebook.com\/oxoxclub\/","article_modified_time":"2025-05-06T14:51:03+00:00","og_image":[{"width":1605,"height":1161,"url":"https:\/\/oxoxclub.com\/wp-content\/uploads\/new-oxoxclub-blue-logo-tiny.png","type":"image\/png"}],"twitter_card":"summary_large_image","twitter_misc":{"Availability":"In stock"},"schema":{"@context":"https:\/\/schema.org","@graph":[{"@type":"WebPage","@id":"https:\/\/oxoxclub.com\/lt\/products\/potato-lt\/potato-marskineliai-4\/","url":"https:\/\/oxoxclub.com\/lt\/products\/potato-lt\/potato-marskineliai-4\/","name":"\u201ePotato\u201c mar\u0161kin\u0117liai - OXOX","isPartOf":{"@id":"https:\/\/oxoxclub.com\/lt\/#website"},"primaryImageOfPage":{"@id":"https:\/\/oxoxclub.com\/lt\/products\/potato-lt\/potato-marskineliai-4\/#primaryimage"},"image":{"@id":"https:\/\/oxoxclub.com\/lt\/products\/potato-lt\/potato-marskineliai-4\/#primaryimage"},"thumbnailUrl":"https:\/\/oxoxclub.com\/wp-content\/uploads\/foto.109-scaled.jpg","datePublished":"2024-06-10T16:33:15+00:00","dateModified":"2025-05-06T14:51:03+00:00","description":"Playful oversized t-shirt is made of organic cotton fabric and has OXOX CLUB signature potato print. Perfect summer piece for effortless dressing.","breadcrumb":{"@id":"https:\/\/oxoxclub.com\/lt\/products\/potato-lt\/potato-marskineliai-4\/#breadcrumb"},"inLanguage":"lt-LT","potentialAction":[{"@type":"ReadAction","target":["https:\/\/oxoxclub.com\/lt\/products\/potato-lt\/potato-marskineliai-4\/"]}]},{"@type":"ImageObject","inLanguage":"lt-LT","@id":"https:\/\/oxoxclub.com\/lt\/products\/potato-lt\/potato-marskineliai-4\/#primaryimage","url":"https:\/\/oxoxclub.com\/wp-content\/uploads\/foto.109-scaled.jpg","contentUrl":"https:\/\/oxoxclub.com\/wp-content\/uploads\/foto.109-scaled.jpg","width":1707,"height":2560},{"@type":"BreadcrumbList","@id":"https:\/\/oxoxclub.com\/lt\/products\/potato-lt\/potato-marskineliai-4\/#breadcrumb","itemListElement":[{"@type":"ListItem","position":1,"name":"Home","item":"https:\/\/oxoxclub.com\/lt\/"},{"@type":"ListItem","position":2,"name":"Shop","item":"https:\/\/oxoxclub.com\/products\/"},{"@type":"ListItem","position":3,"name":"\u201ePotato\u201c mar\u0161kin\u0117liai"}]},{"@type":"WebSite","@id":"https:\/\/oxoxclub.com\/lt\/#website","url":"https:\/\/oxoxclub.com\/lt\/","name":"OXOX CLUB","description":"On a mission of never growing up","publisher":{"@id":"https:\/\/oxoxclub.com\/lt\/#organization"},"potentialAction":[{"@type":"SearchAction","target":{"@type":"EntryPoint","urlTemplate":"https:\/\/oxoxclub.com\/lt\/?s={search_term_string}"},"query-input":{"@type":"PropertyValueSpecification","valueRequired":true,"valueName":"search_term_string"}}],"inLanguage":"lt-LT"},{"@type":"Organization","@id":"https:\/\/oxoxclub.com\/lt\/#organization","name":"OXOX CLUB","url":"https:\/\/oxoxclub.com\/lt\/","logo":{"@type":"ImageObject","inLanguage":"lt-LT","@id":"https:\/\/oxoxclub.com\/lt\/#\/schema\/logo\/image\/","url":"https:\/\/oxoxclub.com\/wp-content\/uploads\/oxox-logo-in-blue-4.png","contentUrl":"https:\/\/oxoxclub.com\/wp-content\/uploads\/oxox-logo-in-blue-4.png","width":414,"height":300,"caption":"OXOX CLUB"},"image":{"@id":"https:\/\/oxoxclub.com\/lt\/#\/schema\/logo\/image\/"},"sameAs":["https:\/\/facebook.com\/oxoxclub\/","https:\/\/www.instagram.com\/oxoxclub\/"]}]},"og_availability":"instock","product_availability":"instock","product_retailer_item_id":"29.189.04","product_condition":"new"},"_links":{"self":[{"href":"https:\/\/oxoxclub.com\/lt\/wp-json\/wp\/v2\/product\/67975","targetHints":{"allow":["GET"]}}],"collection":[{"href":"https:\/\/oxoxclub.com\/lt\/wp-json\/wp\/v2\/product"}],"about":[{"href":"https:\/\/oxoxclub.com\/lt\/wp-json\/wp\/v2\/types\/product"}],"replies":[{"embeddable":true,"href":"https:\/\/oxoxclub.com\/lt\/wp-json\/wp\/v2\/comments?post=67975"}],"wp:featuredmedia":[{"embeddable":true,"href":"https:\/\/oxoxclub.com\/lt\/wp-json\/wp\/v2\/media\/62412"}],"wp:attachment":[{"href":"https:\/\/oxoxclub.com\/lt\/wp-json\/wp\/v2\/media?parent=67975"}],"wp:term":[{"taxonomy":"product_brand","embeddable":true,"href":"https:\/\/oxoxclub.com\/lt\/wp-json\/wp\/v2\/product_brand?post=67975"},{"taxonomy":"product_cat","embeddable":true,"href":"https:\/\/oxoxclub.com\/lt\/wp-json\/wp\/v2\/product_cat?post=67975"},{"taxonomy":"product_tag","embeddable":true,"href":"https:\/\/oxoxclub.com\/lt\/wp-json\/wp\/v2\/product_tag?post=67975"}],"curies":[{"name":"wp","href":"https:\/\/api.w.org\/{rel}","templated":true}]}}