{"id":68010,"date":"2024-06-10T13:08:10","date_gmt":"2024-06-10T11:08:10","guid":{"rendered":"https:\/\/oxoxclub-com-486310.hostingersite.com\/products\/be-kategorijos\/striped-long-sleeved-top-3\/"},"modified":"2026-04-10T16:28:03","modified_gmt":"2026-04-10T14:28:03","slug":"ilgarankoviai-marskineliai-su-dryziais-3","status":"publish","type":"product","link":"https:\/\/oxoxclub.com\/lt\/products\/vaikams\/topai-ir-marskineliai-lt-2\/marskineliai-lt\/ilgarankoviai-marskineliai-su-dryziais-3\/","title":{"rendered":"Ilgarankoviai mar\u0161kin\u0117liai su dry\u017eiais"},"content":{"rendered":"<p>Ilgomis rankov\u0117mis unisex mar\u0161kin\u0117liai su dry\u017eiais \u2013 visi\u0161ka prie\u0161ingyb\u0117 nuobodumui, tod\u0117l puikiai tinka \u017eaismingam kasdieniam \u012fvaizd\u017eiui. Derink juos su m\u0117gstamais d\u017einsiniais ar velvetiniais drabu\u017eiais ir susikurk stiling\u0105 miesto \u012fvaizd\u012f.<\/p>\n<p>96% ekologi\u0161ka medviln\u0117, 4% elastanas \/ Galima skalbti skalbykl\u0117je.<\/p>\n<p>Pagaminta Lietuvoje.<\/p>\n","protected":false},"excerpt":{"rendered":"<p>Ilgomis rankov\u0117mis unisex mar\u0161kin\u0117liai su dry\u017eiais \u2013 visi\u0161ka prie\u0161ingyb\u0117 nuobodumui, tod\u0117l puikiai tinka \u017eaismingam kasdieniam \u012fvaizd\u017eiui. Derink juos su m\u0117gstamais d\u017einsiniais ar velvetiniais drabu\u017eiais ir susikurk stiling\u0105 miesto \u012fvaizd\u012f. 96% ekologi\u0161ka medviln\u0117, 4% elastanas \/ Galima skalbti skalbykl\u0117je. Pagaminta Lietuvoje.<\/p>\n","protected":false},"featured_media":62490,"comment_status":"open","ping_status":"closed","template":"","meta":[],"product_brand":[],"product_cat":[691,806,685],"product_tag":[748],"class_list":{"0":"post-68010","1":"product","2":"type-product","3":"status-publish","4":"has-post-thumbnail","6":"product_cat-marskineliai-lt","7":"product_cat-pavasario-favoritai","8":"product_cat-topai-ir-marskineliai-lt-2","9":"product_tag-organic-cotton-lt","10":"pa_size-chart-86-92-en","11":"pa_size-chart-98-104-en","12":"pa_size-chart-110-116-en","13":"pa_size-chart-122-128-en","14":"pa_size-chart-134-140-en","15":"pa_size-chart-146-152-en","16":"pa_t-shirts-ilgarankoviai","18":"first","19":"instock","20":"taxable","21":"shipping-taxable","22":"purchasable","23":"product-type-variable"},"acf":[],"yoast_head":"<!-- This site is optimized with the Yoast SEO Premium plugin v20.11 (Yoast SEO v24.3) - https:\/\/yoast.com\/wordpress\/plugins\/seo\/ -->\n<title>Ilgarankoviai mar\u0161kin\u0117liai su dry\u017eiais - OXOX<\/title>\n<meta name=\"robots\" content=\"index, follow, max-snippet:-1, max-image-preview:large, max-video-preview:-1\" \/>\n<link rel=\"canonical\" href=\"https:\/\/oxoxclub.com\/lt\/products\/vaikams\/topai-ir-marskineliai-lt-2\/marskineliai-lt\/ilgarankoviai-marskineliai-su-dryziais-3\/\" \/>\n<meta property=\"og:locale\" content=\"lt_LT\" \/>\n<meta property=\"og:type\" content=\"article\" \/>\n<meta property=\"og:title\" content=\"Ilgarankoviai mar\u0161kin\u0117liai su dry\u017eiais\" \/>\n<meta property=\"og:description\" content=\"Ilgomis rankov\u0117mis unisex mar\u0161kin\u0117liai su dry\u017eiais \u2013 visi\u0161ka prie\u0161ingyb\u0117 nuobodumui, tod\u0117l puikiai tinka \u017eaismingam kasdieniam \u012fvaizd\u017eiui. Derink juos su m\u0117gstamais d\u017einsiniais ar velvetiniais drabu\u017eiais ir susikurk stiling\u0105 miesto \u012fvaizd\u012f. 96% ekologi\u0161ka medviln\u0117, 4% elastanas \/ Galima skalbti skalbykl\u0117je. Pagaminta Lietuvoje.\" \/>\n<meta property=\"og:url\" content=\"https:\/\/oxoxclub.com\/lt\/products\/vaikams\/topai-ir-marskineliai-lt-2\/marskineliai-lt\/ilgarankoviai-marskineliai-su-dryziais-3\/\" \/>\n<meta property=\"og:site_name\" content=\"OXOX\" \/>\n<meta property=\"article:publisher\" content=\"https:\/\/facebook.com\/oxoxclub\/\" \/>\n<meta property=\"article:modified_time\" content=\"2026-04-10T14:28:03+00:00\" \/>\n<meta property=\"og:image\" content=\"https:\/\/oxoxclub.com\/wp-content\/uploads\/foto.160-scaled.jpg\" \/>\n\t<meta property=\"og:image:width\" content=\"1707\" \/>\n\t<meta property=\"og:image:height\" content=\"2560\" \/>\n\t<meta property=\"og:image:type\" content=\"image\/jpeg\" \/>\n<meta name=\"twitter:card\" content=\"summary_large_image\" \/>\n<meta name=\"twitter:label1\" content=\"Availability\" \/>\n\t<meta name=\"twitter:data1\" content=\"In stock\" \/>\n<script type=\"application\/ld+json\" class=\"yoast-schema-graph\">{\"@context\":\"https:\/\/schema.org\",\"@graph\":[{\"@type\":\"WebPage\",\"@id\":\"https:\/\/oxoxclub.com\/lt\/products\/vaikams\/topai-ir-marskineliai-lt-2\/marskineliai-lt\/ilgarankoviai-marskineliai-su-dryziais-3\/\",\"url\":\"https:\/\/oxoxclub.com\/lt\/products\/vaikams\/topai-ir-marskineliai-lt-2\/marskineliai-lt\/ilgarankoviai-marskineliai-su-dryziais-3\/\",\"name\":\"Ilgarankoviai mar\u0161kin\u0117liai su dry\u017eiais - OXOX\",\"isPartOf\":{\"@id\":\"https:\/\/oxoxclub.com\/lt\/#website\"},\"primaryImageOfPage\":{\"@id\":\"https:\/\/oxoxclub.com\/lt\/products\/vaikams\/topai-ir-marskineliai-lt-2\/marskineliai-lt\/ilgarankoviai-marskineliai-su-dryziais-3\/#primaryimage\"},\"image\":{\"@id\":\"https:\/\/oxoxclub.com\/lt\/products\/vaikams\/topai-ir-marskineliai-lt-2\/marskineliai-lt\/ilgarankoviai-marskineliai-su-dryziais-3\/#primaryimage\"},\"thumbnailUrl\":\"https:\/\/oxoxclub.com\/wp-content\/uploads\/foto.160-scaled.jpg\",\"datePublished\":\"2024-06-10T11:08:10+00:00\",\"dateModified\":\"2026-04-10T14:28:03+00:00\",\"breadcrumb\":{\"@id\":\"https:\/\/oxoxclub.com\/lt\/products\/vaikams\/topai-ir-marskineliai-lt-2\/marskineliai-lt\/ilgarankoviai-marskineliai-su-dryziais-3\/#breadcrumb\"},\"inLanguage\":\"lt-LT\",\"potentialAction\":[{\"@type\":\"ReadAction\",\"target\":[\"https:\/\/oxoxclub.com\/lt\/products\/vaikams\/topai-ir-marskineliai-lt-2\/marskineliai-lt\/ilgarankoviai-marskineliai-su-dryziais-3\/\"]}]},{\"@type\":\"ImageObject\",\"inLanguage\":\"lt-LT\",\"@id\":\"https:\/\/oxoxclub.com\/lt\/products\/vaikams\/topai-ir-marskineliai-lt-2\/marskineliai-lt\/ilgarankoviai-marskineliai-su-dryziais-3\/#primaryimage\",\"url\":\"https:\/\/oxoxclub.com\/wp-content\/uploads\/foto.160-scaled.jpg\",\"contentUrl\":\"https:\/\/oxoxclub.com\/wp-content\/uploads\/foto.160-scaled.jpg\",\"width\":1707,\"height\":2560},{\"@type\":\"BreadcrumbList\",\"@id\":\"https:\/\/oxoxclub.com\/lt\/products\/vaikams\/topai-ir-marskineliai-lt-2\/marskineliai-lt\/ilgarankoviai-marskineliai-su-dryziais-3\/#breadcrumb\",\"itemListElement\":[{\"@type\":\"ListItem\",\"position\":1,\"name\":\"Home\",\"item\":\"https:\/\/oxoxclub.com\/lt\/\"},{\"@type\":\"ListItem\",\"position\":2,\"name\":\"Shop\",\"item\":\"https:\/\/oxoxclub.com\/products\/\"},{\"@type\":\"ListItem\",\"position\":3,\"name\":\"Ilgarankoviai mar\u0161kin\u0117liai su dry\u017eiais\"}]},{\"@type\":\"WebSite\",\"@id\":\"https:\/\/oxoxclub.com\/lt\/#website\",\"url\":\"https:\/\/oxoxclub.com\/lt\/\",\"name\":\"OXOX CLUB\",\"description\":\"On a mission of never growing up\",\"publisher\":{\"@id\":\"https:\/\/oxoxclub.com\/lt\/#organization\"},\"potentialAction\":[{\"@type\":\"SearchAction\",\"target\":{\"@type\":\"EntryPoint\",\"urlTemplate\":\"https:\/\/oxoxclub.com\/lt\/?s={search_term_string}\"},\"query-input\":{\"@type\":\"PropertyValueSpecification\",\"valueRequired\":true,\"valueName\":\"search_term_string\"}}],\"inLanguage\":\"lt-LT\"},{\"@type\":\"Organization\",\"@id\":\"https:\/\/oxoxclub.com\/lt\/#organization\",\"name\":\"OXOX CLUB\",\"url\":\"https:\/\/oxoxclub.com\/lt\/\",\"logo\":{\"@type\":\"ImageObject\",\"inLanguage\":\"lt-LT\",\"@id\":\"https:\/\/oxoxclub.com\/lt\/#\/schema\/logo\/image\/\",\"url\":\"https:\/\/oxoxclub.com\/wp-content\/uploads\/oxox-logo-in-blue-4.png\",\"contentUrl\":\"https:\/\/oxoxclub.com\/wp-content\/uploads\/oxox-logo-in-blue-4.png\",\"width\":414,\"height\":300,\"caption\":\"OXOX CLUB\"},\"image\":{\"@id\":\"https:\/\/oxoxclub.com\/lt\/#\/schema\/logo\/image\/\"},\"sameAs\":[\"https:\/\/facebook.com\/oxoxclub\/\",\"https:\/\/www.instagram.com\/oxoxclub\/\"]}]}<\/script>\n<meta property=\"og:availability\" content=\"instock\" \/>\n<meta property=\"product:availability\" content=\"instock\" \/>\n<meta property=\"product:retailer_item_id\" content=\"29.132.55\" \/>\n<meta property=\"product:condition\" content=\"new\" \/>\n<!-- \/ Yoast SEO Premium plugin. -->","yoast_head_json":{"title":"Ilgarankoviai mar\u0161kin\u0117liai su dry\u017eiais - OXOX","robots":{"index":"index","follow":"follow","max-snippet":"max-snippet:-1","max-image-preview":"max-image-preview:large","max-video-preview":"max-video-preview:-1"},"canonical":"https:\/\/oxoxclub.com\/lt\/products\/vaikams\/topai-ir-marskineliai-lt-2\/marskineliai-lt\/ilgarankoviai-marskineliai-su-dryziais-3\/","og_locale":"lt_LT","og_type":"article","og_title":"Ilgarankoviai mar\u0161kin\u0117liai su dry\u017eiais","og_description":"Ilgomis rankov\u0117mis unisex mar\u0161kin\u0117liai su dry\u017eiais \u2013 visi\u0161ka prie\u0161ingyb\u0117 nuobodumui, tod\u0117l puikiai tinka \u017eaismingam kasdieniam \u012fvaizd\u017eiui. Derink juos su m\u0117gstamais d\u017einsiniais ar velvetiniais drabu\u017eiais ir susikurk stiling\u0105 miesto \u012fvaizd\u012f. 96% ekologi\u0161ka medviln\u0117, 4% elastanas \/ Galima skalbti skalbykl\u0117je. Pagaminta Lietuvoje.","og_url":"https:\/\/oxoxclub.com\/lt\/products\/vaikams\/topai-ir-marskineliai-lt-2\/marskineliai-lt\/ilgarankoviai-marskineliai-su-dryziais-3\/","og_site_name":"OXOX","article_publisher":"https:\/\/facebook.com\/oxoxclub\/","article_modified_time":"2026-04-10T14:28:03+00:00","og_image":[{"width":1707,"height":2560,"url":"https:\/\/oxoxclub.com\/wp-content\/uploads\/foto.160-scaled.jpg","type":"image\/jpeg"}],"twitter_card":"summary_large_image","twitter_misc":{"Availability":"In stock"},"schema":{"@context":"https:\/\/schema.org","@graph":[{"@type":"WebPage","@id":"https:\/\/oxoxclub.com\/lt\/products\/vaikams\/topai-ir-marskineliai-lt-2\/marskineliai-lt\/ilgarankoviai-marskineliai-su-dryziais-3\/","url":"https:\/\/oxoxclub.com\/lt\/products\/vaikams\/topai-ir-marskineliai-lt-2\/marskineliai-lt\/ilgarankoviai-marskineliai-su-dryziais-3\/","name":"Ilgarankoviai mar\u0161kin\u0117liai su dry\u017eiais - OXOX","isPartOf":{"@id":"https:\/\/oxoxclub.com\/lt\/#website"},"primaryImageOfPage":{"@id":"https:\/\/oxoxclub.com\/lt\/products\/vaikams\/topai-ir-marskineliai-lt-2\/marskineliai-lt\/ilgarankoviai-marskineliai-su-dryziais-3\/#primaryimage"},"image":{"@id":"https:\/\/oxoxclub.com\/lt\/products\/vaikams\/topai-ir-marskineliai-lt-2\/marskineliai-lt\/ilgarankoviai-marskineliai-su-dryziais-3\/#primaryimage"},"thumbnailUrl":"https:\/\/oxoxclub.com\/wp-content\/uploads\/foto.160-scaled.jpg","datePublished":"2024-06-10T11:08:10+00:00","dateModified":"2026-04-10T14:28:03+00:00","breadcrumb":{"@id":"https:\/\/oxoxclub.com\/lt\/products\/vaikams\/topai-ir-marskineliai-lt-2\/marskineliai-lt\/ilgarankoviai-marskineliai-su-dryziais-3\/#breadcrumb"},"inLanguage":"lt-LT","potentialAction":[{"@type":"ReadAction","target":["https:\/\/oxoxclub.com\/lt\/products\/vaikams\/topai-ir-marskineliai-lt-2\/marskineliai-lt\/ilgarankoviai-marskineliai-su-dryziais-3\/"]}]},{"@type":"ImageObject","inLanguage":"lt-LT","@id":"https:\/\/oxoxclub.com\/lt\/products\/vaikams\/topai-ir-marskineliai-lt-2\/marskineliai-lt\/ilgarankoviai-marskineliai-su-dryziais-3\/#primaryimage","url":"https:\/\/oxoxclub.com\/wp-content\/uploads\/foto.160-scaled.jpg","contentUrl":"https:\/\/oxoxclub.com\/wp-content\/uploads\/foto.160-scaled.jpg","width":1707,"height":2560},{"@type":"BreadcrumbList","@id":"https:\/\/oxoxclub.com\/lt\/products\/vaikams\/topai-ir-marskineliai-lt-2\/marskineliai-lt\/ilgarankoviai-marskineliai-su-dryziais-3\/#breadcrumb","itemListElement":[{"@type":"ListItem","position":1,"name":"Home","item":"https:\/\/oxoxclub.com\/lt\/"},{"@type":"ListItem","position":2,"name":"Shop","item":"https:\/\/oxoxclub.com\/products\/"},{"@type":"ListItem","position":3,"name":"Ilgarankoviai mar\u0161kin\u0117liai su dry\u017eiais"}]},{"@type":"WebSite","@id":"https:\/\/oxoxclub.com\/lt\/#website","url":"https:\/\/oxoxclub.com\/lt\/","name":"OXOX CLUB","description":"On a mission of never growing up","publisher":{"@id":"https:\/\/oxoxclub.com\/lt\/#organization"},"potentialAction":[{"@type":"SearchAction","target":{"@type":"EntryPoint","urlTemplate":"https:\/\/oxoxclub.com\/lt\/?s={search_term_string}"},"query-input":{"@type":"PropertyValueSpecification","valueRequired":true,"valueName":"search_term_string"}}],"inLanguage":"lt-LT"},{"@type":"Organization","@id":"https:\/\/oxoxclub.com\/lt\/#organization","name":"OXOX CLUB","url":"https:\/\/oxoxclub.com\/lt\/","logo":{"@type":"ImageObject","inLanguage":"lt-LT","@id":"https:\/\/oxoxclub.com\/lt\/#\/schema\/logo\/image\/","url":"https:\/\/oxoxclub.com\/wp-content\/uploads\/oxox-logo-in-blue-4.png","contentUrl":"https:\/\/oxoxclub.com\/wp-content\/uploads\/oxox-logo-in-blue-4.png","width":414,"height":300,"caption":"OXOX CLUB"},"image":{"@id":"https:\/\/oxoxclub.com\/lt\/#\/schema\/logo\/image\/"},"sameAs":["https:\/\/facebook.com\/oxoxclub\/","https:\/\/www.instagram.com\/oxoxclub\/"]}]},"og_availability":"instock","product_availability":"instock","product_retailer_item_id":"29.132.55","product_condition":"new"},"_links":{"self":[{"href":"https:\/\/oxoxclub.com\/lt\/wp-json\/wp\/v2\/product\/68010","targetHints":{"allow":["GET"]}}],"collection":[{"href":"https:\/\/oxoxclub.com\/lt\/wp-json\/wp\/v2\/product"}],"about":[{"href":"https:\/\/oxoxclub.com\/lt\/wp-json\/wp\/v2\/types\/product"}],"replies":[{"embeddable":true,"href":"https:\/\/oxoxclub.com\/lt\/wp-json\/wp\/v2\/comments?post=68010"}],"wp:featuredmedia":[{"embeddable":true,"href":"https:\/\/oxoxclub.com\/lt\/wp-json\/wp\/v2\/media\/62490"}],"wp:attachment":[{"href":"https:\/\/oxoxclub.com\/lt\/wp-json\/wp\/v2\/media?parent=68010"}],"wp:term":[{"taxonomy":"product_brand","embeddable":true,"href":"https:\/\/oxoxclub.com\/lt\/wp-json\/wp\/v2\/product_brand?post=68010"},{"taxonomy":"product_cat","embeddable":true,"href":"https:\/\/oxoxclub.com\/lt\/wp-json\/wp\/v2\/product_cat?post=68010"},{"taxonomy":"product_tag","embeddable":true,"href":"https:\/\/oxoxclub.com\/lt\/wp-json\/wp\/v2\/product_tag?post=68010"}],"curies":[{"name":"wp","href":"https:\/\/api.w.org\/{rel}","templated":true}]}}