{"id":68052,"date":"2024-04-03T14:34:07","date_gmt":"2024-04-03T12:34:07","guid":{"rendered":"https:\/\/oxoxclub-com-486310.hostingersite.com\/products\/be-kategorijos\/big-porcelain-candle-holder\/"},"modified":"2025-05-06T16:55:43","modified_gmt":"2025-05-06T14:55:43","slug":"ovo-things-canel-zvakide","status":"publish","type":"product","link":"https:\/\/oxoxclub.com\/lt\/products\/atrinkti-prekes-zenklai\/ovo-things-canel-zvakide\/","title":{"rendered":"\u201eOVO Things\u201c canel\u00e9 (\u017evakid\u0117)"},"content":{"rendered":"<p>I\u0161skirtinio dizaino \u017evakid\u0117, \u012fkv\u0117pta tradicinio pranc\u016bzi\u0161ko deserto canel\u00e9 formos.<\/p>\n<p>Kiekviena \u017evakid\u0117 yra unikali ir d\u0117l rank\u0173 darbo gali \u0161iek tiek skirtis viena nuo kitos.<\/p>\n<p>Auk\u0161tis \u2013 6 cm, pagrindo skersmuo \u2013 5 cm, skyl\u0117s skersmuo \u2013 0,6 cm<\/p>\n<p>Tinka \u017evak\u0117ms i\u0161 OVO Things kolekcijos.<\/p>\n","protected":false},"excerpt":{"rendered":"<p>I\u0161skirtinio dizaino \u017evakid\u0117, \u012fkv\u0117pta tradicinio pranc\u016bzi\u0161ko deserto canel\u00e9 formos. Kiekviena \u017evakid\u0117 yra unikali ir d\u0117l rank\u0173 darbo gali \u0161iek tiek skirtis viena nuo kitos. Auk\u0161tis \u2013 6 cm, pagrindo skersmuo \u2013 5 cm, skyl\u0117s skersmuo \u2013 0,6 cm Tinka \u017evak\u0117ms i\u0161 OVO Things kolekcijos.<\/p>\n","protected":false},"featured_media":62068,"comment_status":"open","ping_status":"closed","template":"","meta":[],"product_brand":[],"product_cat":[712,716],"product_tag":[759],"class_list":{"0":"post-68052","1":"product","2":"type-product","3":"status-publish","4":"has-post-thumbnail","6":"product_cat-atrinkti-prekes-zenklai","7":"product_cat-ovo-things-lt-2","8":"product_tag-handmade-lt","9":"pa_size-one-size","11":"first","12":"instock","13":"taxable","14":"shipping-taxable","15":"purchasable","16":"product-type-variable"},"acf":[],"yoast_head":"<!-- This site is optimized with the Yoast SEO Premium plugin v20.11 (Yoast SEO v24.3) - https:\/\/yoast.com\/wordpress\/plugins\/seo\/ -->\n<title>\u201eOVO Things\u201c canel\u00e9 (\u017evakid\u0117) - OXOX<\/title>\n<meta name=\"robots\" content=\"index, follow, max-snippet:-1, max-image-preview:large, max-video-preview:-1\" \/>\n<link rel=\"canonical\" href=\"https:\/\/oxoxclub.com\/lt\/products\/atrinkti-prekes-zenklai\/ovo-things-canel-zvakide\/\" \/>\n<meta property=\"og:locale\" content=\"lt_LT\" \/>\n<meta property=\"og:type\" content=\"article\" \/>\n<meta property=\"og:title\" content=\"\u201eOVO Things\u201c canel\u00e9 (\u017evakid\u0117)\" \/>\n<meta property=\"og:description\" content=\"I\u0161skirtinio dizaino \u017evakid\u0117, \u012fkv\u0117pta tradicinio pranc\u016bzi\u0161ko deserto canel\u00e9 formos. Kiekviena \u017evakid\u0117 yra unikali ir d\u0117l rank\u0173 darbo gali \u0161iek tiek skirtis viena nuo kitos. Auk\u0161tis \u2013 6 cm, pagrindo skersmuo \u2013 5 cm, skyl\u0117s skersmuo \u2013 0,6 cm Tinka \u017evak\u0117ms i\u0161 OVO Things kolekcijos.\" \/>\n<meta property=\"og:url\" content=\"https:\/\/oxoxclub.com\/lt\/products\/atrinkti-prekes-zenklai\/ovo-things-canel-zvakide\/\" \/>\n<meta property=\"og:site_name\" content=\"OXOX\" \/>\n<meta property=\"article:publisher\" content=\"https:\/\/facebook.com\/oxoxclub\/\" \/>\n<meta property=\"article:modified_time\" content=\"2025-05-06T14:55:43+00:00\" \/>\n<meta property=\"og:image\" content=\"https:\/\/oxoxclub.com\/wp-content\/uploads\/new-oxoxclub-blue-logo-tiny.png\" \/>\n\t<meta property=\"og:image:width\" content=\"1605\" \/>\n\t<meta property=\"og:image:height\" content=\"1161\" \/>\n\t<meta property=\"og:image:type\" content=\"image\/png\" \/>\n<meta name=\"twitter:card\" content=\"summary_large_image\" \/>\n<meta name=\"twitter:label1\" content=\"Availability\" \/>\n\t<meta name=\"twitter:data1\" content=\"In stock\" \/>\n<script type=\"application\/ld+json\" class=\"yoast-schema-graph\">{\"@context\":\"https:\/\/schema.org\",\"@graph\":[{\"@type\":\"WebPage\",\"@id\":\"https:\/\/oxoxclub.com\/lt\/products\/atrinkti-prekes-zenklai\/ovo-things-canel-zvakide\/\",\"url\":\"https:\/\/oxoxclub.com\/lt\/products\/atrinkti-prekes-zenklai\/ovo-things-canel-zvakide\/\",\"name\":\"\u201eOVO Things\u201c canel\u00e9 (\u017evakid\u0117) - OXOX\",\"isPartOf\":{\"@id\":\"https:\/\/oxoxclub.com\/lt\/#website\"},\"primaryImageOfPage\":{\"@id\":\"https:\/\/oxoxclub.com\/lt\/products\/atrinkti-prekes-zenklai\/ovo-things-canel-zvakide\/#primaryimage\"},\"image\":{\"@id\":\"https:\/\/oxoxclub.com\/lt\/products\/atrinkti-prekes-zenklai\/ovo-things-canel-zvakide\/#primaryimage\"},\"thumbnailUrl\":\"https:\/\/oxoxclub.com\/wp-content\/uploads\/Porcelain-Candle-Holder-08.jpg\",\"datePublished\":\"2024-04-03T12:34:07+00:00\",\"dateModified\":\"2025-05-06T14:55:43+00:00\",\"breadcrumb\":{\"@id\":\"https:\/\/oxoxclub.com\/lt\/products\/atrinkti-prekes-zenklai\/ovo-things-canel-zvakide\/#breadcrumb\"},\"inLanguage\":\"lt-LT\",\"potentialAction\":[{\"@type\":\"ReadAction\",\"target\":[\"https:\/\/oxoxclub.com\/lt\/products\/atrinkti-prekes-zenklai\/ovo-things-canel-zvakide\/\"]}]},{\"@type\":\"ImageObject\",\"inLanguage\":\"lt-LT\",\"@id\":\"https:\/\/oxoxclub.com\/lt\/products\/atrinkti-prekes-zenklai\/ovo-things-canel-zvakide\/#primaryimage\",\"url\":\"https:\/\/oxoxclub.com\/wp-content\/uploads\/Porcelain-Candle-Holder-08.jpg\",\"contentUrl\":\"https:\/\/oxoxclub.com\/wp-content\/uploads\/Porcelain-Candle-Holder-08.jpg\",\"width\":1638,\"height\":2048},{\"@type\":\"BreadcrumbList\",\"@id\":\"https:\/\/oxoxclub.com\/lt\/products\/atrinkti-prekes-zenklai\/ovo-things-canel-zvakide\/#breadcrumb\",\"itemListElement\":[{\"@type\":\"ListItem\",\"position\":1,\"name\":\"Home\",\"item\":\"https:\/\/oxoxclub.com\/lt\/\"},{\"@type\":\"ListItem\",\"position\":2,\"name\":\"Shop\",\"item\":\"https:\/\/oxoxclub.com\/products\/\"},{\"@type\":\"ListItem\",\"position\":3,\"name\":\"\u201eOVO Things\u201c canel\u00e9 (\u017evakid\u0117)\"}]},{\"@type\":\"WebSite\",\"@id\":\"https:\/\/oxoxclub.com\/lt\/#website\",\"url\":\"https:\/\/oxoxclub.com\/lt\/\",\"name\":\"OXOX CLUB\",\"description\":\"On a mission of never growing up\",\"publisher\":{\"@id\":\"https:\/\/oxoxclub.com\/lt\/#organization\"},\"potentialAction\":[{\"@type\":\"SearchAction\",\"target\":{\"@type\":\"EntryPoint\",\"urlTemplate\":\"https:\/\/oxoxclub.com\/lt\/?s={search_term_string}\"},\"query-input\":{\"@type\":\"PropertyValueSpecification\",\"valueRequired\":true,\"valueName\":\"search_term_string\"}}],\"inLanguage\":\"lt-LT\"},{\"@type\":\"Organization\",\"@id\":\"https:\/\/oxoxclub.com\/lt\/#organization\",\"name\":\"OXOX CLUB\",\"url\":\"https:\/\/oxoxclub.com\/lt\/\",\"logo\":{\"@type\":\"ImageObject\",\"inLanguage\":\"lt-LT\",\"@id\":\"https:\/\/oxoxclub.com\/lt\/#\/schema\/logo\/image\/\",\"url\":\"https:\/\/oxoxclub.com\/wp-content\/uploads\/oxox-logo-in-blue-4.png\",\"contentUrl\":\"https:\/\/oxoxclub.com\/wp-content\/uploads\/oxox-logo-in-blue-4.png\",\"width\":414,\"height\":300,\"caption\":\"OXOX CLUB\"},\"image\":{\"@id\":\"https:\/\/oxoxclub.com\/lt\/#\/schema\/logo\/image\/\"},\"sameAs\":[\"https:\/\/facebook.com\/oxoxclub\/\",\"https:\/\/www.instagram.com\/oxoxclub\/\"]}]}<\/script>\n<meta property=\"og:availability\" content=\"instock\" \/>\n<meta property=\"product:availability\" content=\"instock\" \/>\n<meta property=\"product:retailer_item_id\" content=\"BC001\" \/>\n<meta property=\"product:condition\" content=\"new\" \/>\n<!-- \/ Yoast SEO Premium plugin. -->","yoast_head_json":{"title":"\u201eOVO Things\u201c canel\u00e9 (\u017evakid\u0117) - OXOX","robots":{"index":"index","follow":"follow","max-snippet":"max-snippet:-1","max-image-preview":"max-image-preview:large","max-video-preview":"max-video-preview:-1"},"canonical":"https:\/\/oxoxclub.com\/lt\/products\/atrinkti-prekes-zenklai\/ovo-things-canel-zvakide\/","og_locale":"lt_LT","og_type":"article","og_title":"\u201eOVO Things\u201c canel\u00e9 (\u017evakid\u0117)","og_description":"I\u0161skirtinio dizaino \u017evakid\u0117, \u012fkv\u0117pta tradicinio pranc\u016bzi\u0161ko deserto canel\u00e9 formos. Kiekviena \u017evakid\u0117 yra unikali ir d\u0117l rank\u0173 darbo gali \u0161iek tiek skirtis viena nuo kitos. Auk\u0161tis \u2013 6 cm, pagrindo skersmuo \u2013 5 cm, skyl\u0117s skersmuo \u2013 0,6 cm Tinka \u017evak\u0117ms i\u0161 OVO Things kolekcijos.","og_url":"https:\/\/oxoxclub.com\/lt\/products\/atrinkti-prekes-zenklai\/ovo-things-canel-zvakide\/","og_site_name":"OXOX","article_publisher":"https:\/\/facebook.com\/oxoxclub\/","article_modified_time":"2025-05-06T14:55:43+00:00","og_image":[{"width":1605,"height":1161,"url":"https:\/\/oxoxclub.com\/wp-content\/uploads\/new-oxoxclub-blue-logo-tiny.png","type":"image\/png"}],"twitter_card":"summary_large_image","twitter_misc":{"Availability":"In stock"},"schema":{"@context":"https:\/\/schema.org","@graph":[{"@type":"WebPage","@id":"https:\/\/oxoxclub.com\/lt\/products\/atrinkti-prekes-zenklai\/ovo-things-canel-zvakide\/","url":"https:\/\/oxoxclub.com\/lt\/products\/atrinkti-prekes-zenklai\/ovo-things-canel-zvakide\/","name":"\u201eOVO Things\u201c canel\u00e9 (\u017evakid\u0117) - OXOX","isPartOf":{"@id":"https:\/\/oxoxclub.com\/lt\/#website"},"primaryImageOfPage":{"@id":"https:\/\/oxoxclub.com\/lt\/products\/atrinkti-prekes-zenklai\/ovo-things-canel-zvakide\/#primaryimage"},"image":{"@id":"https:\/\/oxoxclub.com\/lt\/products\/atrinkti-prekes-zenklai\/ovo-things-canel-zvakide\/#primaryimage"},"thumbnailUrl":"https:\/\/oxoxclub.com\/wp-content\/uploads\/Porcelain-Candle-Holder-08.jpg","datePublished":"2024-04-03T12:34:07+00:00","dateModified":"2025-05-06T14:55:43+00:00","breadcrumb":{"@id":"https:\/\/oxoxclub.com\/lt\/products\/atrinkti-prekes-zenklai\/ovo-things-canel-zvakide\/#breadcrumb"},"inLanguage":"lt-LT","potentialAction":[{"@type":"ReadAction","target":["https:\/\/oxoxclub.com\/lt\/products\/atrinkti-prekes-zenklai\/ovo-things-canel-zvakide\/"]}]},{"@type":"ImageObject","inLanguage":"lt-LT","@id":"https:\/\/oxoxclub.com\/lt\/products\/atrinkti-prekes-zenklai\/ovo-things-canel-zvakide\/#primaryimage","url":"https:\/\/oxoxclub.com\/wp-content\/uploads\/Porcelain-Candle-Holder-08.jpg","contentUrl":"https:\/\/oxoxclub.com\/wp-content\/uploads\/Porcelain-Candle-Holder-08.jpg","width":1638,"height":2048},{"@type":"BreadcrumbList","@id":"https:\/\/oxoxclub.com\/lt\/products\/atrinkti-prekes-zenklai\/ovo-things-canel-zvakide\/#breadcrumb","itemListElement":[{"@type":"ListItem","position":1,"name":"Home","item":"https:\/\/oxoxclub.com\/lt\/"},{"@type":"ListItem","position":2,"name":"Shop","item":"https:\/\/oxoxclub.com\/products\/"},{"@type":"ListItem","position":3,"name":"\u201eOVO Things\u201c canel\u00e9 (\u017evakid\u0117)"}]},{"@type":"WebSite","@id":"https:\/\/oxoxclub.com\/lt\/#website","url":"https:\/\/oxoxclub.com\/lt\/","name":"OXOX CLUB","description":"On a mission of never growing up","publisher":{"@id":"https:\/\/oxoxclub.com\/lt\/#organization"},"potentialAction":[{"@type":"SearchAction","target":{"@type":"EntryPoint","urlTemplate":"https:\/\/oxoxclub.com\/lt\/?s={search_term_string}"},"query-input":{"@type":"PropertyValueSpecification","valueRequired":true,"valueName":"search_term_string"}}],"inLanguage":"lt-LT"},{"@type":"Organization","@id":"https:\/\/oxoxclub.com\/lt\/#organization","name":"OXOX CLUB","url":"https:\/\/oxoxclub.com\/lt\/","logo":{"@type":"ImageObject","inLanguage":"lt-LT","@id":"https:\/\/oxoxclub.com\/lt\/#\/schema\/logo\/image\/","url":"https:\/\/oxoxclub.com\/wp-content\/uploads\/oxox-logo-in-blue-4.png","contentUrl":"https:\/\/oxoxclub.com\/wp-content\/uploads\/oxox-logo-in-blue-4.png","width":414,"height":300,"caption":"OXOX CLUB"},"image":{"@id":"https:\/\/oxoxclub.com\/lt\/#\/schema\/logo\/image\/"},"sameAs":["https:\/\/facebook.com\/oxoxclub\/","https:\/\/www.instagram.com\/oxoxclub\/"]}]},"og_availability":"instock","product_availability":"instock","product_retailer_item_id":"BC001","product_condition":"new"},"_links":{"self":[{"href":"https:\/\/oxoxclub.com\/lt\/wp-json\/wp\/v2\/product\/68052","targetHints":{"allow":["GET"]}}],"collection":[{"href":"https:\/\/oxoxclub.com\/lt\/wp-json\/wp\/v2\/product"}],"about":[{"href":"https:\/\/oxoxclub.com\/lt\/wp-json\/wp\/v2\/types\/product"}],"replies":[{"embeddable":true,"href":"https:\/\/oxoxclub.com\/lt\/wp-json\/wp\/v2\/comments?post=68052"}],"wp:featuredmedia":[{"embeddable":true,"href":"https:\/\/oxoxclub.com\/lt\/wp-json\/wp\/v2\/media\/62068"}],"wp:attachment":[{"href":"https:\/\/oxoxclub.com\/lt\/wp-json\/wp\/v2\/media?parent=68052"}],"wp:term":[{"taxonomy":"product_brand","embeddable":true,"href":"https:\/\/oxoxclub.com\/lt\/wp-json\/wp\/v2\/product_brand?post=68052"},{"taxonomy":"product_cat","embeddable":true,"href":"https:\/\/oxoxclub.com\/lt\/wp-json\/wp\/v2\/product_cat?post=68052"},{"taxonomy":"product_tag","embeddable":true,"href":"https:\/\/oxoxclub.com\/lt\/wp-json\/wp\/v2\/product_tag?post=68052"}],"curies":[{"name":"wp","href":"https:\/\/api.w.org\/{rel}","templated":true}]}}