{"id":68060,"date":"2024-04-03T11:44:45","date_gmt":"2024-04-03T09:44:45","guid":{"rendered":"https:\/\/oxoxclub-com-486310.hostingersite.com\/products\/be-kategorijos\/ovo-things-happy-birthday-sarka-poster\/"},"modified":"2025-05-06T16:55:59","modified_gmt":"2025-05-06T14:55:59","slug":"ovo-things-gimtadienio-plakatas","status":"publish","type":"product","link":"https:\/\/oxoxclub.com\/lt\/products\/atrinkti-prekes-zenklai\/ovo-things-gimtadienio-plakatas\/","title":{"rendered":"\u201eOVO Things\u201c gimtadienio plakatas"},"content":{"rendered":"<p>\u201eHappy Birthday \u0160arka\u201c plakate pavaizduotas m\u016bs\u0173 biuro draugas \u2013 pudelis \u0160arka su \u0161ventine kepuraite ir konfeti. Iliustracij\u0105 suk\u016br\u0117 lietuvi\u0173 meninink\u0117 Goda Aleli\u016bnien\u0117. Plakatas atspausdintas ant auk\u0161tos kokyb\u0117s matinio popieriaus.<\/p>\n<p>\u201eHappy Birthday\u201c plakatas puikiai tiks kaip pagrindinis gimtadienio \u0161vent\u0117s akcentas \u2013 pastatykite \u0161alia stal\u0105, susiburkite aplink ar naudokite kaip fon\u0105 nepamir\u0161tamoms nuotraukoms. Tai gali b\u016bti dovana, vaiko kambario dekoracija ar mielas prisiminimas apie legendin\u012f gimtadien\u012f \u2013 dar vienas b\u016bdas sukurti istorij\u0105.<\/p>\n<p>Dydis: 59 cm x 42 cm<\/p>\n<p>Pristatomas kartonin\u0117je t\u016bbel\u0117je. Be r\u0117m\u0173.<\/p>\n","protected":false},"excerpt":{"rendered":"<p>\u201eHappy Birthday \u0160arka\u201c plakate pavaizduotas m\u016bs\u0173 biuro draugas \u2013 pudelis \u0160arka su \u0161ventine kepuraite ir konfeti. Iliustracij\u0105 suk\u016br\u0117 lietuvi\u0173 meninink\u0117 Goda Aleli\u016bnien\u0117. Plakatas atspausdintas ant auk\u0161tos kokyb\u0117s matinio popieriaus. \u201eHappy Birthday\u201c plakatas puikiai tiks kaip pagrindinis gimtadienio \u0161vent\u0117s akcentas \u2013 pastatykite \u0161alia stal\u0105, susiburkite aplink ar naudokite kaip fon\u0105 nepamir\u0161tamoms nuotraukoms. Tai gali b\u016bti dovana, [&hellip;]<\/p>\n","protected":false},"featured_media":61992,"comment_status":"open","ping_status":"closed","template":"","meta":[],"product_brand":[],"product_cat":[712,716],"product_tag":[],"class_list":{"0":"post-68060","1":"product","2":"type-product","3":"status-publish","4":"has-post-thumbnail","6":"product_cat-atrinkti-prekes-zenklai","7":"product_cat-ovo-things-lt-2","8":"pa_size-one-size","10":"first","11":"instock","12":"taxable","13":"shipping-taxable","14":"purchasable","15":"product-type-variable"},"acf":[],"yoast_head":"<!-- This site is optimized with the Yoast SEO Premium plugin v20.11 (Yoast SEO v24.3) - https:\/\/yoast.com\/wordpress\/plugins\/seo\/ -->\n<title>\u201eOVO Things\u201c gimtadienio plakatas - OXOX<\/title>\n<meta name=\"robots\" content=\"index, follow, max-snippet:-1, max-image-preview:large, max-video-preview:-1\" \/>\n<link rel=\"canonical\" href=\"https:\/\/oxoxclub.com\/lt\/products\/atrinkti-prekes-zenklai\/ovo-things-gimtadienio-plakatas\/\" \/>\n<meta property=\"og:locale\" content=\"lt_LT\" \/>\n<meta property=\"og:type\" content=\"article\" \/>\n<meta property=\"og:title\" content=\"\u201eOVO Things\u201c gimtadienio plakatas\" \/>\n<meta property=\"og:description\" content=\"\u201eHappy Birthday \u0160arka\u201c plakate pavaizduotas m\u016bs\u0173 biuro draugas \u2013 pudelis \u0160arka su \u0161ventine kepuraite ir konfeti. Iliustracij\u0105 suk\u016br\u0117 lietuvi\u0173 meninink\u0117 Goda Aleli\u016bnien\u0117. Plakatas atspausdintas ant auk\u0161tos kokyb\u0117s matinio popieriaus. \u201eHappy Birthday\u201c plakatas puikiai tiks kaip pagrindinis gimtadienio \u0161vent\u0117s akcentas \u2013 pastatykite \u0161alia stal\u0105, susiburkite aplink ar naudokite kaip fon\u0105 nepamir\u0161tamoms nuotraukoms. Tai gali b\u016bti dovana, [&hellip;]\" \/>\n<meta property=\"og:url\" content=\"https:\/\/oxoxclub.com\/lt\/products\/atrinkti-prekes-zenklai\/ovo-things-gimtadienio-plakatas\/\" \/>\n<meta property=\"og:site_name\" content=\"OXOX\" \/>\n<meta property=\"article:publisher\" content=\"https:\/\/facebook.com\/oxoxclub\/\" \/>\n<meta property=\"article:modified_time\" content=\"2025-05-06T14:55:59+00:00\" \/>\n<meta property=\"og:image\" content=\"https:\/\/oxoxclub.com\/wp-content\/uploads\/new-oxoxclub-blue-logo-tiny.png\" \/>\n\t<meta property=\"og:image:width\" content=\"1605\" \/>\n\t<meta property=\"og:image:height\" content=\"1161\" \/>\n\t<meta property=\"og:image:type\" content=\"image\/png\" \/>\n<meta name=\"twitter:card\" content=\"summary_large_image\" \/>\n<meta name=\"twitter:label1\" content=\"Availability\" \/>\n\t<meta name=\"twitter:data1\" content=\"In stock\" \/>\n<script type=\"application\/ld+json\" class=\"yoast-schema-graph\">{\"@context\":\"https:\/\/schema.org\",\"@graph\":[{\"@type\":\"WebPage\",\"@id\":\"https:\/\/oxoxclub.com\/lt\/products\/atrinkti-prekes-zenklai\/ovo-things-gimtadienio-plakatas\/\",\"url\":\"https:\/\/oxoxclub.com\/lt\/products\/atrinkti-prekes-zenklai\/ovo-things-gimtadienio-plakatas\/\",\"name\":\"\u201eOVO Things\u201c gimtadienio plakatas - OXOX\",\"isPartOf\":{\"@id\":\"https:\/\/oxoxclub.com\/lt\/#website\"},\"primaryImageOfPage\":{\"@id\":\"https:\/\/oxoxclub.com\/lt\/products\/atrinkti-prekes-zenklai\/ovo-things-gimtadienio-plakatas\/#primaryimage\"},\"image\":{\"@id\":\"https:\/\/oxoxclub.com\/lt\/products\/atrinkti-prekes-zenklai\/ovo-things-gimtadienio-plakatas\/#primaryimage\"},\"thumbnailUrl\":\"https:\/\/oxoxclub.com\/wp-content\/uploads\/2023-04-29-13.11.55-3.jpg\",\"datePublished\":\"2024-04-03T09:44:45+00:00\",\"dateModified\":\"2025-05-06T14:55:59+00:00\",\"breadcrumb\":{\"@id\":\"https:\/\/oxoxclub.com\/lt\/products\/atrinkti-prekes-zenklai\/ovo-things-gimtadienio-plakatas\/#breadcrumb\"},\"inLanguage\":\"lt-LT\",\"potentialAction\":[{\"@type\":\"ReadAction\",\"target\":[\"https:\/\/oxoxclub.com\/lt\/products\/atrinkti-prekes-zenklai\/ovo-things-gimtadienio-plakatas\/\"]}]},{\"@type\":\"ImageObject\",\"inLanguage\":\"lt-LT\",\"@id\":\"https:\/\/oxoxclub.com\/lt\/products\/atrinkti-prekes-zenklai\/ovo-things-gimtadienio-plakatas\/#primaryimage\",\"url\":\"https:\/\/oxoxclub.com\/wp-content\/uploads\/2023-04-29-13.11.55-3.jpg\",\"contentUrl\":\"https:\/\/oxoxclub.com\/wp-content\/uploads\/2023-04-29-13.11.55-3.jpg\",\"width\":1638,\"height\":2048},{\"@type\":\"BreadcrumbList\",\"@id\":\"https:\/\/oxoxclub.com\/lt\/products\/atrinkti-prekes-zenklai\/ovo-things-gimtadienio-plakatas\/#breadcrumb\",\"itemListElement\":[{\"@type\":\"ListItem\",\"position\":1,\"name\":\"Home\",\"item\":\"https:\/\/oxoxclub.com\/lt\/\"},{\"@type\":\"ListItem\",\"position\":2,\"name\":\"Shop\",\"item\":\"https:\/\/oxoxclub.com\/products\/\"},{\"@type\":\"ListItem\",\"position\":3,\"name\":\"\u201eOVO Things\u201c gimtadienio plakatas\"}]},{\"@type\":\"WebSite\",\"@id\":\"https:\/\/oxoxclub.com\/lt\/#website\",\"url\":\"https:\/\/oxoxclub.com\/lt\/\",\"name\":\"OXOX CLUB\",\"description\":\"On a mission of never growing up\",\"publisher\":{\"@id\":\"https:\/\/oxoxclub.com\/lt\/#organization\"},\"potentialAction\":[{\"@type\":\"SearchAction\",\"target\":{\"@type\":\"EntryPoint\",\"urlTemplate\":\"https:\/\/oxoxclub.com\/lt\/?s={search_term_string}\"},\"query-input\":{\"@type\":\"PropertyValueSpecification\",\"valueRequired\":true,\"valueName\":\"search_term_string\"}}],\"inLanguage\":\"lt-LT\"},{\"@type\":\"Organization\",\"@id\":\"https:\/\/oxoxclub.com\/lt\/#organization\",\"name\":\"OXOX CLUB\",\"url\":\"https:\/\/oxoxclub.com\/lt\/\",\"logo\":{\"@type\":\"ImageObject\",\"inLanguage\":\"lt-LT\",\"@id\":\"https:\/\/oxoxclub.com\/lt\/#\/schema\/logo\/image\/\",\"url\":\"https:\/\/oxoxclub.com\/wp-content\/uploads\/oxox-logo-in-blue-4.png\",\"contentUrl\":\"https:\/\/oxoxclub.com\/wp-content\/uploads\/oxox-logo-in-blue-4.png\",\"width\":414,\"height\":300,\"caption\":\"OXOX CLUB\"},\"image\":{\"@id\":\"https:\/\/oxoxclub.com\/lt\/#\/schema\/logo\/image\/\"},\"sameAs\":[\"https:\/\/facebook.com\/oxoxclub\/\",\"https:\/\/www.instagram.com\/oxoxclub\/\"]}]}<\/script>\n<meta property=\"og:availability\" content=\"instock\" \/>\n<meta property=\"product:availability\" content=\"instock\" \/>\n<meta property=\"product:retailer_item_id\" content=\"HBP004\" \/>\n<meta property=\"product:condition\" content=\"new\" \/>\n<!-- \/ Yoast SEO Premium plugin. -->","yoast_head_json":{"title":"\u201eOVO Things\u201c gimtadienio plakatas - OXOX","robots":{"index":"index","follow":"follow","max-snippet":"max-snippet:-1","max-image-preview":"max-image-preview:large","max-video-preview":"max-video-preview:-1"},"canonical":"https:\/\/oxoxclub.com\/lt\/products\/atrinkti-prekes-zenklai\/ovo-things-gimtadienio-plakatas\/","og_locale":"lt_LT","og_type":"article","og_title":"\u201eOVO Things\u201c gimtadienio plakatas","og_description":"\u201eHappy Birthday \u0160arka\u201c plakate pavaizduotas m\u016bs\u0173 biuro draugas \u2013 pudelis \u0160arka su \u0161ventine kepuraite ir konfeti. Iliustracij\u0105 suk\u016br\u0117 lietuvi\u0173 meninink\u0117 Goda Aleli\u016bnien\u0117. Plakatas atspausdintas ant auk\u0161tos kokyb\u0117s matinio popieriaus. \u201eHappy Birthday\u201c plakatas puikiai tiks kaip pagrindinis gimtadienio \u0161vent\u0117s akcentas \u2013 pastatykite \u0161alia stal\u0105, susiburkite aplink ar naudokite kaip fon\u0105 nepamir\u0161tamoms nuotraukoms. Tai gali b\u016bti dovana, [&hellip;]","og_url":"https:\/\/oxoxclub.com\/lt\/products\/atrinkti-prekes-zenklai\/ovo-things-gimtadienio-plakatas\/","og_site_name":"OXOX","article_publisher":"https:\/\/facebook.com\/oxoxclub\/","article_modified_time":"2025-05-06T14:55:59+00:00","og_image":[{"width":1605,"height":1161,"url":"https:\/\/oxoxclub.com\/wp-content\/uploads\/new-oxoxclub-blue-logo-tiny.png","type":"image\/png"}],"twitter_card":"summary_large_image","twitter_misc":{"Availability":"In stock"},"schema":{"@context":"https:\/\/schema.org","@graph":[{"@type":"WebPage","@id":"https:\/\/oxoxclub.com\/lt\/products\/atrinkti-prekes-zenklai\/ovo-things-gimtadienio-plakatas\/","url":"https:\/\/oxoxclub.com\/lt\/products\/atrinkti-prekes-zenklai\/ovo-things-gimtadienio-plakatas\/","name":"\u201eOVO Things\u201c gimtadienio plakatas - OXOX","isPartOf":{"@id":"https:\/\/oxoxclub.com\/lt\/#website"},"primaryImageOfPage":{"@id":"https:\/\/oxoxclub.com\/lt\/products\/atrinkti-prekes-zenklai\/ovo-things-gimtadienio-plakatas\/#primaryimage"},"image":{"@id":"https:\/\/oxoxclub.com\/lt\/products\/atrinkti-prekes-zenklai\/ovo-things-gimtadienio-plakatas\/#primaryimage"},"thumbnailUrl":"https:\/\/oxoxclub.com\/wp-content\/uploads\/2023-04-29-13.11.55-3.jpg","datePublished":"2024-04-03T09:44:45+00:00","dateModified":"2025-05-06T14:55:59+00:00","breadcrumb":{"@id":"https:\/\/oxoxclub.com\/lt\/products\/atrinkti-prekes-zenklai\/ovo-things-gimtadienio-plakatas\/#breadcrumb"},"inLanguage":"lt-LT","potentialAction":[{"@type":"ReadAction","target":["https:\/\/oxoxclub.com\/lt\/products\/atrinkti-prekes-zenklai\/ovo-things-gimtadienio-plakatas\/"]}]},{"@type":"ImageObject","inLanguage":"lt-LT","@id":"https:\/\/oxoxclub.com\/lt\/products\/atrinkti-prekes-zenklai\/ovo-things-gimtadienio-plakatas\/#primaryimage","url":"https:\/\/oxoxclub.com\/wp-content\/uploads\/2023-04-29-13.11.55-3.jpg","contentUrl":"https:\/\/oxoxclub.com\/wp-content\/uploads\/2023-04-29-13.11.55-3.jpg","width":1638,"height":2048},{"@type":"BreadcrumbList","@id":"https:\/\/oxoxclub.com\/lt\/products\/atrinkti-prekes-zenklai\/ovo-things-gimtadienio-plakatas\/#breadcrumb","itemListElement":[{"@type":"ListItem","position":1,"name":"Home","item":"https:\/\/oxoxclub.com\/lt\/"},{"@type":"ListItem","position":2,"name":"Shop","item":"https:\/\/oxoxclub.com\/products\/"},{"@type":"ListItem","position":3,"name":"\u201eOVO Things\u201c gimtadienio plakatas"}]},{"@type":"WebSite","@id":"https:\/\/oxoxclub.com\/lt\/#website","url":"https:\/\/oxoxclub.com\/lt\/","name":"OXOX CLUB","description":"On a mission of never growing up","publisher":{"@id":"https:\/\/oxoxclub.com\/lt\/#organization"},"potentialAction":[{"@type":"SearchAction","target":{"@type":"EntryPoint","urlTemplate":"https:\/\/oxoxclub.com\/lt\/?s={search_term_string}"},"query-input":{"@type":"PropertyValueSpecification","valueRequired":true,"valueName":"search_term_string"}}],"inLanguage":"lt-LT"},{"@type":"Organization","@id":"https:\/\/oxoxclub.com\/lt\/#organization","name":"OXOX CLUB","url":"https:\/\/oxoxclub.com\/lt\/","logo":{"@type":"ImageObject","inLanguage":"lt-LT","@id":"https:\/\/oxoxclub.com\/lt\/#\/schema\/logo\/image\/","url":"https:\/\/oxoxclub.com\/wp-content\/uploads\/oxox-logo-in-blue-4.png","contentUrl":"https:\/\/oxoxclub.com\/wp-content\/uploads\/oxox-logo-in-blue-4.png","width":414,"height":300,"caption":"OXOX CLUB"},"image":{"@id":"https:\/\/oxoxclub.com\/lt\/#\/schema\/logo\/image\/"},"sameAs":["https:\/\/facebook.com\/oxoxclub\/","https:\/\/www.instagram.com\/oxoxclub\/"]}]},"og_availability":"instock","product_availability":"instock","product_retailer_item_id":"HBP004","product_condition":"new"},"_links":{"self":[{"href":"https:\/\/oxoxclub.com\/lt\/wp-json\/wp\/v2\/product\/68060","targetHints":{"allow":["GET"]}}],"collection":[{"href":"https:\/\/oxoxclub.com\/lt\/wp-json\/wp\/v2\/product"}],"about":[{"href":"https:\/\/oxoxclub.com\/lt\/wp-json\/wp\/v2\/types\/product"}],"replies":[{"embeddable":true,"href":"https:\/\/oxoxclub.com\/lt\/wp-json\/wp\/v2\/comments?post=68060"}],"wp:featuredmedia":[{"embeddable":true,"href":"https:\/\/oxoxclub.com\/lt\/wp-json\/wp\/v2\/media\/61992"}],"wp:attachment":[{"href":"https:\/\/oxoxclub.com\/lt\/wp-json\/wp\/v2\/media?parent=68060"}],"wp:term":[{"taxonomy":"product_brand","embeddable":true,"href":"https:\/\/oxoxclub.com\/lt\/wp-json\/wp\/v2\/product_brand?post=68060"},{"taxonomy":"product_cat","embeddable":true,"href":"https:\/\/oxoxclub.com\/lt\/wp-json\/wp\/v2\/product_cat?post=68060"},{"taxonomy":"product_tag","embeddable":true,"href":"https:\/\/oxoxclub.com\/lt\/wp-json\/wp\/v2\/product_tag?post=68060"}],"curies":[{"name":"wp","href":"https:\/\/api.w.org\/{rel}","templated":true}]}}