{"id":68147,"date":"2024-03-12T14:07:02","date_gmt":"2024-03-12T12:07:02","guid":{"rendered":"https:\/\/oxoxclub-com-486310.hostingersite.com\/products\/be-kategorijos\/washed-cotton-maxi-dress\/"},"modified":"2025-05-30T15:24:46","modified_gmt":"2025-05-30T13:24:46","slug":"skalbto-medvilninio-audinio-maksi-suknele","status":"publish","type":"product","link":"https:\/\/oxoxclub.com\/lt\/products\/vaikams\/sukneles-ir-sijonai\/skalbto-medvilninio-audinio-maksi-suknele\/","title":{"rendered":"Skalbto medvilninio audinio maksi suknel\u0117"},"content":{"rendered":"<p>\u0160i minimalistin\u0117, ta\u010diau romanti\u0161ka suknel\u0117 pagaminta i\u0161 mink\u0161to skalbto medvilninio audinio, pasi\u017eymi laisvu maksi ilgio siluetu su raukiniais ir itin p\u016bstomis rankov\u0117mis. D\u0117v\u0117k j\u0105 kuriant eleganti\u0161k\u0105 \u201e\u00e0 la country\u201c \u012fvaizd\u012f.<\/p>\n<p>100% medviln\u0117 \/ Galima skalbti skalbykl\u0117je.<\/p>\n<p>Pagaminta Lietuvoje.<\/p>\n","protected":false},"excerpt":{"rendered":"<p>\u0160i minimalistin\u0117, ta\u010diau romanti\u0161ka suknel\u0117 pagaminta i\u0161 mink\u0161to skalbto medvilninio audinio, pasi\u017eymi laisvu maksi ilgio siluetu su raukiniais ir itin p\u016bstomis rankov\u0117mis. D\u0117v\u0117k j\u0105 kuriant eleganti\u0161k\u0105 \u201e\u00e0 la country\u201c \u012fvaizd\u012f. 100% medviln\u0117 \/ Galima skalbti skalbykl\u0117je. Pagaminta Lietuvoje.<\/p>\n","protected":false},"featured_media":61949,"comment_status":"open","ping_status":"closed","template":"","meta":[],"product_brand":[],"product_cat":[662,661],"product_tag":[],"class_list":{"0":"post-68147","1":"product","2":"type-product","3":"status-publish","4":"has-post-thumbnail","6":"product_cat-sukneles","7":"product_cat-sukneles-ir-sijonai","8":"pa_dresses-sukneles","9":"pa_size-chart-86-92-en","10":"pa_size-chart-98-104-en","11":"pa_size-chart-110-116-en","12":"pa_size-chart-122-128-en","13":"pa_size-chart-134-140-en","14":"pa_size-chart-146-152-en","16":"first","17":"instock","18":"taxable","19":"shipping-taxable","20":"purchasable","21":"product-type-variable"},"acf":[],"yoast_head":"<!-- This site is optimized with the Yoast SEO Premium plugin v20.11 (Yoast SEO v24.3) - https:\/\/yoast.com\/wordpress\/plugins\/seo\/ -->\n<title>Skalbto medvilninio audinio maksi suknel\u0117 - OXOX<\/title>\n<meta name=\"robots\" content=\"index, follow, max-snippet:-1, max-image-preview:large, max-video-preview:-1\" \/>\n<link rel=\"canonical\" href=\"https:\/\/oxoxclub.com\/lt\/products\/vaikams\/sukneles-ir-sijonai\/skalbto-medvilninio-audinio-maksi-suknele\/\" \/>\n<meta property=\"og:locale\" content=\"lt_LT\" \/>\n<meta property=\"og:type\" content=\"article\" \/>\n<meta property=\"og:title\" content=\"Skalbto medvilninio audinio maksi suknel\u0117\" \/>\n<meta property=\"og:description\" content=\"\u0160i minimalistin\u0117, ta\u010diau romanti\u0161ka suknel\u0117 pagaminta i\u0161 mink\u0161to skalbto medvilninio audinio, pasi\u017eymi laisvu maksi ilgio siluetu su raukiniais ir itin p\u016bstomis rankov\u0117mis. D\u0117v\u0117k j\u0105 kuriant eleganti\u0161k\u0105 \u201e\u00e0 la country\u201c \u012fvaizd\u012f. 100% medviln\u0117 \/ Galima skalbti skalbykl\u0117je. Pagaminta Lietuvoje.\" \/>\n<meta property=\"og:url\" content=\"https:\/\/oxoxclub.com\/lt\/products\/vaikams\/sukneles-ir-sijonai\/skalbto-medvilninio-audinio-maksi-suknele\/\" \/>\n<meta property=\"og:site_name\" content=\"OXOX\" \/>\n<meta property=\"article:publisher\" content=\"https:\/\/facebook.com\/oxoxclub\/\" \/>\n<meta property=\"article:modified_time\" content=\"2025-05-30T13:24:46+00:00\" \/>\n<meta property=\"og:image\" content=\"https:\/\/oxoxclub.com\/wp-content\/uploads\/Foto-157-scaled.jpg\" \/>\n\t<meta property=\"og:image:width\" content=\"1707\" \/>\n\t<meta property=\"og:image:height\" content=\"2560\" \/>\n\t<meta property=\"og:image:type\" content=\"image\/jpeg\" \/>\n<meta name=\"twitter:card\" content=\"summary_large_image\" \/>\n<meta name=\"twitter:label1\" content=\"Availability\" \/>\n\t<meta name=\"twitter:data1\" content=\"In stock\" \/>\n<script type=\"application\/ld+json\" class=\"yoast-schema-graph\">{\"@context\":\"https:\/\/schema.org\",\"@graph\":[{\"@type\":\"WebPage\",\"@id\":\"https:\/\/oxoxclub.com\/lt\/products\/vaikams\/sukneles-ir-sijonai\/skalbto-medvilninio-audinio-maksi-suknele\/\",\"url\":\"https:\/\/oxoxclub.com\/lt\/products\/vaikams\/sukneles-ir-sijonai\/skalbto-medvilninio-audinio-maksi-suknele\/\",\"name\":\"Skalbto medvilninio audinio maksi suknel\u0117 - OXOX\",\"isPartOf\":{\"@id\":\"https:\/\/oxoxclub.com\/lt\/#website\"},\"primaryImageOfPage\":{\"@id\":\"https:\/\/oxoxclub.com\/lt\/products\/vaikams\/sukneles-ir-sijonai\/skalbto-medvilninio-audinio-maksi-suknele\/#primaryimage\"},\"image\":{\"@id\":\"https:\/\/oxoxclub.com\/lt\/products\/vaikams\/sukneles-ir-sijonai\/skalbto-medvilninio-audinio-maksi-suknele\/#primaryimage\"},\"thumbnailUrl\":\"https:\/\/oxoxclub.com\/wp-content\/uploads\/Foto-157-scaled.jpg\",\"datePublished\":\"2024-03-12T12:07:02+00:00\",\"dateModified\":\"2025-05-30T13:24:46+00:00\",\"breadcrumb\":{\"@id\":\"https:\/\/oxoxclub.com\/lt\/products\/vaikams\/sukneles-ir-sijonai\/skalbto-medvilninio-audinio-maksi-suknele\/#breadcrumb\"},\"inLanguage\":\"lt-LT\",\"potentialAction\":[{\"@type\":\"ReadAction\",\"target\":[\"https:\/\/oxoxclub.com\/lt\/products\/vaikams\/sukneles-ir-sijonai\/skalbto-medvilninio-audinio-maksi-suknele\/\"]}]},{\"@type\":\"ImageObject\",\"inLanguage\":\"lt-LT\",\"@id\":\"https:\/\/oxoxclub.com\/lt\/products\/vaikams\/sukneles-ir-sijonai\/skalbto-medvilninio-audinio-maksi-suknele\/#primaryimage\",\"url\":\"https:\/\/oxoxclub.com\/wp-content\/uploads\/Foto-157-scaled.jpg\",\"contentUrl\":\"https:\/\/oxoxclub.com\/wp-content\/uploads\/Foto-157-scaled.jpg\",\"width\":1707,\"height\":2560},{\"@type\":\"BreadcrumbList\",\"@id\":\"https:\/\/oxoxclub.com\/lt\/products\/vaikams\/sukneles-ir-sijonai\/skalbto-medvilninio-audinio-maksi-suknele\/#breadcrumb\",\"itemListElement\":[{\"@type\":\"ListItem\",\"position\":1,\"name\":\"Home\",\"item\":\"https:\/\/oxoxclub.com\/lt\/\"},{\"@type\":\"ListItem\",\"position\":2,\"name\":\"Shop\",\"item\":\"https:\/\/oxoxclub.com\/products\/\"},{\"@type\":\"ListItem\",\"position\":3,\"name\":\"Skalbto medvilninio audinio maksi suknel\u0117\"}]},{\"@type\":\"WebSite\",\"@id\":\"https:\/\/oxoxclub.com\/lt\/#website\",\"url\":\"https:\/\/oxoxclub.com\/lt\/\",\"name\":\"OXOX CLUB\",\"description\":\"On a mission of never growing up\",\"publisher\":{\"@id\":\"https:\/\/oxoxclub.com\/lt\/#organization\"},\"potentialAction\":[{\"@type\":\"SearchAction\",\"target\":{\"@type\":\"EntryPoint\",\"urlTemplate\":\"https:\/\/oxoxclub.com\/lt\/?s={search_term_string}\"},\"query-input\":{\"@type\":\"PropertyValueSpecification\",\"valueRequired\":true,\"valueName\":\"search_term_string\"}}],\"inLanguage\":\"lt-LT\"},{\"@type\":\"Organization\",\"@id\":\"https:\/\/oxoxclub.com\/lt\/#organization\",\"name\":\"OXOX CLUB\",\"url\":\"https:\/\/oxoxclub.com\/lt\/\",\"logo\":{\"@type\":\"ImageObject\",\"inLanguage\":\"lt-LT\",\"@id\":\"https:\/\/oxoxclub.com\/lt\/#\/schema\/logo\/image\/\",\"url\":\"https:\/\/oxoxclub.com\/wp-content\/uploads\/oxox-logo-in-blue-4.png\",\"contentUrl\":\"https:\/\/oxoxclub.com\/wp-content\/uploads\/oxox-logo-in-blue-4.png\",\"width\":414,\"height\":300,\"caption\":\"OXOX CLUB\"},\"image\":{\"@id\":\"https:\/\/oxoxclub.com\/lt\/#\/schema\/logo\/image\/\"},\"sameAs\":[\"https:\/\/facebook.com\/oxoxclub\/\",\"https:\/\/www.instagram.com\/oxoxclub\/\"]}]}<\/script>\n<meta property=\"og:availability\" content=\"instock\" \/>\n<meta property=\"product:availability\" content=\"instock\" \/>\n<meta property=\"product:retailer_item_id\" content=\"28.454.03\" \/>\n<meta property=\"product:condition\" content=\"new\" \/>\n<!-- \/ Yoast SEO Premium plugin. -->","yoast_head_json":{"title":"Skalbto medvilninio audinio maksi suknel\u0117 - OXOX","robots":{"index":"index","follow":"follow","max-snippet":"max-snippet:-1","max-image-preview":"max-image-preview:large","max-video-preview":"max-video-preview:-1"},"canonical":"https:\/\/oxoxclub.com\/lt\/products\/vaikams\/sukneles-ir-sijonai\/skalbto-medvilninio-audinio-maksi-suknele\/","og_locale":"lt_LT","og_type":"article","og_title":"Skalbto medvilninio audinio maksi suknel\u0117","og_description":"\u0160i minimalistin\u0117, ta\u010diau romanti\u0161ka suknel\u0117 pagaminta i\u0161 mink\u0161to skalbto medvilninio audinio, pasi\u017eymi laisvu maksi ilgio siluetu su raukiniais ir itin p\u016bstomis rankov\u0117mis. D\u0117v\u0117k j\u0105 kuriant eleganti\u0161k\u0105 \u201e\u00e0 la country\u201c \u012fvaizd\u012f. 100% medviln\u0117 \/ Galima skalbti skalbykl\u0117je. Pagaminta Lietuvoje.","og_url":"https:\/\/oxoxclub.com\/lt\/products\/vaikams\/sukneles-ir-sijonai\/skalbto-medvilninio-audinio-maksi-suknele\/","og_site_name":"OXOX","article_publisher":"https:\/\/facebook.com\/oxoxclub\/","article_modified_time":"2025-05-30T13:24:46+00:00","og_image":[{"width":1707,"height":2560,"url":"https:\/\/oxoxclub.com\/wp-content\/uploads\/Foto-157-scaled.jpg","type":"image\/jpeg"}],"twitter_card":"summary_large_image","twitter_misc":{"Availability":"In stock"},"schema":{"@context":"https:\/\/schema.org","@graph":[{"@type":"WebPage","@id":"https:\/\/oxoxclub.com\/lt\/products\/vaikams\/sukneles-ir-sijonai\/skalbto-medvilninio-audinio-maksi-suknele\/","url":"https:\/\/oxoxclub.com\/lt\/products\/vaikams\/sukneles-ir-sijonai\/skalbto-medvilninio-audinio-maksi-suknele\/","name":"Skalbto medvilninio audinio maksi suknel\u0117 - OXOX","isPartOf":{"@id":"https:\/\/oxoxclub.com\/lt\/#website"},"primaryImageOfPage":{"@id":"https:\/\/oxoxclub.com\/lt\/products\/vaikams\/sukneles-ir-sijonai\/skalbto-medvilninio-audinio-maksi-suknele\/#primaryimage"},"image":{"@id":"https:\/\/oxoxclub.com\/lt\/products\/vaikams\/sukneles-ir-sijonai\/skalbto-medvilninio-audinio-maksi-suknele\/#primaryimage"},"thumbnailUrl":"https:\/\/oxoxclub.com\/wp-content\/uploads\/Foto-157-scaled.jpg","datePublished":"2024-03-12T12:07:02+00:00","dateModified":"2025-05-30T13:24:46+00:00","breadcrumb":{"@id":"https:\/\/oxoxclub.com\/lt\/products\/vaikams\/sukneles-ir-sijonai\/skalbto-medvilninio-audinio-maksi-suknele\/#breadcrumb"},"inLanguage":"lt-LT","potentialAction":[{"@type":"ReadAction","target":["https:\/\/oxoxclub.com\/lt\/products\/vaikams\/sukneles-ir-sijonai\/skalbto-medvilninio-audinio-maksi-suknele\/"]}]},{"@type":"ImageObject","inLanguage":"lt-LT","@id":"https:\/\/oxoxclub.com\/lt\/products\/vaikams\/sukneles-ir-sijonai\/skalbto-medvilninio-audinio-maksi-suknele\/#primaryimage","url":"https:\/\/oxoxclub.com\/wp-content\/uploads\/Foto-157-scaled.jpg","contentUrl":"https:\/\/oxoxclub.com\/wp-content\/uploads\/Foto-157-scaled.jpg","width":1707,"height":2560},{"@type":"BreadcrumbList","@id":"https:\/\/oxoxclub.com\/lt\/products\/vaikams\/sukneles-ir-sijonai\/skalbto-medvilninio-audinio-maksi-suknele\/#breadcrumb","itemListElement":[{"@type":"ListItem","position":1,"name":"Home","item":"https:\/\/oxoxclub.com\/lt\/"},{"@type":"ListItem","position":2,"name":"Shop","item":"https:\/\/oxoxclub.com\/products\/"},{"@type":"ListItem","position":3,"name":"Skalbto medvilninio audinio maksi suknel\u0117"}]},{"@type":"WebSite","@id":"https:\/\/oxoxclub.com\/lt\/#website","url":"https:\/\/oxoxclub.com\/lt\/","name":"OXOX CLUB","description":"On a mission of never growing up","publisher":{"@id":"https:\/\/oxoxclub.com\/lt\/#organization"},"potentialAction":[{"@type":"SearchAction","target":{"@type":"EntryPoint","urlTemplate":"https:\/\/oxoxclub.com\/lt\/?s={search_term_string}"},"query-input":{"@type":"PropertyValueSpecification","valueRequired":true,"valueName":"search_term_string"}}],"inLanguage":"lt-LT"},{"@type":"Organization","@id":"https:\/\/oxoxclub.com\/lt\/#organization","name":"OXOX CLUB","url":"https:\/\/oxoxclub.com\/lt\/","logo":{"@type":"ImageObject","inLanguage":"lt-LT","@id":"https:\/\/oxoxclub.com\/lt\/#\/schema\/logo\/image\/","url":"https:\/\/oxoxclub.com\/wp-content\/uploads\/oxox-logo-in-blue-4.png","contentUrl":"https:\/\/oxoxclub.com\/wp-content\/uploads\/oxox-logo-in-blue-4.png","width":414,"height":300,"caption":"OXOX CLUB"},"image":{"@id":"https:\/\/oxoxclub.com\/lt\/#\/schema\/logo\/image\/"},"sameAs":["https:\/\/facebook.com\/oxoxclub\/","https:\/\/www.instagram.com\/oxoxclub\/"]}]},"og_availability":"instock","product_availability":"instock","product_retailer_item_id":"28.454.03","product_condition":"new"},"_links":{"self":[{"href":"https:\/\/oxoxclub.com\/lt\/wp-json\/wp\/v2\/product\/68147","targetHints":{"allow":["GET"]}}],"collection":[{"href":"https:\/\/oxoxclub.com\/lt\/wp-json\/wp\/v2\/product"}],"about":[{"href":"https:\/\/oxoxclub.com\/lt\/wp-json\/wp\/v2\/types\/product"}],"replies":[{"embeddable":true,"href":"https:\/\/oxoxclub.com\/lt\/wp-json\/wp\/v2\/comments?post=68147"}],"wp:featuredmedia":[{"embeddable":true,"href":"https:\/\/oxoxclub.com\/lt\/wp-json\/wp\/v2\/media\/61949"}],"wp:attachment":[{"href":"https:\/\/oxoxclub.com\/lt\/wp-json\/wp\/v2\/media?parent=68147"}],"wp:term":[{"taxonomy":"product_brand","embeddable":true,"href":"https:\/\/oxoxclub.com\/lt\/wp-json\/wp\/v2\/product_brand?post=68147"},{"taxonomy":"product_cat","embeddable":true,"href":"https:\/\/oxoxclub.com\/lt\/wp-json\/wp\/v2\/product_cat?post=68147"},{"taxonomy":"product_tag","embeddable":true,"href":"https:\/\/oxoxclub.com\/lt\/wp-json\/wp\/v2\/product_tag?post=68147"}],"curies":[{"name":"wp","href":"https:\/\/api.w.org\/{rel}","templated":true}]}}