{"id":68298,"date":"2024-02-14T10:03:25","date_gmt":"2024-02-14T08:03:25","guid":{"rendered":"https:\/\/oxoxclub-com-486310.hostingersite.com\/products\/be-kategorijos\/embroidered-oversized-utility-jacket\/"},"modified":"2026-03-23T17:45:13","modified_gmt":"2026-03-23T15:45:13","slug":"svarkelis-su-siuvinejimais","status":"publish","type":"product","link":"https:\/\/oxoxclub.com\/lt\/products\/pavasario-favoritai\/svarkelis-su-siuvinejimais\/","title":{"rendered":"\u0160varkelis su siuvin\u0117jimais"},"content":{"rendered":"<p>\u0160is \u201eutility\u201c tipo unisex \u0161varkelis pasi\u017eymi padidintu siluetu ir \u017eaismingais siuvin\u0117jimais. Neabejotinai traukiantis d\u0117mes\u012f, tai yra prakti\u0161kas drabu\u017eis, tinkantis prie \u012fvairiausi\u0173 derini\u0173 ir visais sezonais.<\/p>\n<p>100% medviln\u0117 \/ Galima skalbti skalbykl\u0117je.<\/p>\n<p>Pagaminta Lietuvoje.<\/p>\n","protected":false},"excerpt":{"rendered":"<p>\u0160is \u201eutility\u201c tipo unisex \u0161varkelis pasi\u017eymi padidintu siluetu ir \u017eaismingais siuvin\u0117jimais. Neabejotinai traukiantis d\u0117mes\u012f, tai yra prakti\u0161kas drabu\u017eis, tinkantis prie \u012fvairiausi\u0173 derini\u0173 ir visais sezonais. 100% medviln\u0117 \/ Galima skalbti skalbykl\u0117je. Pagaminta Lietuvoje.<\/p>\n","protected":false},"featured_media":61813,"comment_status":"open","ping_status":"closed","template":"","meta":[],"product_brand":[],"product_cat":[806,688],"product_tag":[],"class_list":{"0":"post-68298","1":"product","2":"type-product","3":"status-publish","4":"has-post-thumbnail","6":"product_cat-pavasario-favoritai","7":"product_cat-svarkeliai","8":"pa_size-chart-86-92-en","9":"pa_size-chart-98-104-en","10":"pa_size-chart-110-116-en","11":"pa_size-chart-122-128-en","12":"pa_size-chart-134-140-en","13":"pa_size-chart-146-152-en","14":"pa_sweatshirts-svarkeliai","16":"first","17":"instock","18":"taxable","19":"shipping-taxable","20":"purchasable","21":"product-type-variable"},"acf":[],"yoast_head":"<!-- This site is optimized with the Yoast SEO Premium plugin v20.11 (Yoast SEO v24.3) - https:\/\/yoast.com\/wordpress\/plugins\/seo\/ -->\n<title>\u0160varkelis su siuvin\u0117jimais - OXOX<\/title>\n<meta name=\"description\" content=\"The utility jacket has an oversized fit and is the boldest statement piece. The adorable potato patch, which is OXOX CLUB&#039;s signature logo, adds a touch of playfulness, making it a fun wardrobe addition.\" \/>\n<meta name=\"robots\" content=\"index, follow, max-snippet:-1, max-image-preview:large, max-video-preview:-1\" \/>\n<link rel=\"canonical\" href=\"https:\/\/oxoxclub.com\/lt\/products\/pavasario-favoritai\/svarkelis-su-siuvinejimais\/\" \/>\n<meta property=\"og:locale\" content=\"lt_LT\" \/>\n<meta property=\"og:type\" content=\"article\" \/>\n<meta property=\"og:title\" content=\"\u0160varkelis su siuvin\u0117jimais\" \/>\n<meta property=\"og:description\" content=\"The utility jacket has an oversized fit and is the boldest statement piece. The adorable potato patch, which is OXOX CLUB&#039;s signature logo, adds a touch of playfulness, making it a fun wardrobe addition.\" \/>\n<meta property=\"og:url\" content=\"https:\/\/oxoxclub.com\/lt\/products\/pavasario-favoritai\/svarkelis-su-siuvinejimais\/\" \/>\n<meta property=\"og:site_name\" content=\"OXOX\" \/>\n<meta property=\"article:publisher\" content=\"https:\/\/facebook.com\/oxoxclub\/\" \/>\n<meta property=\"article:modified_time\" content=\"2026-03-23T15:45:13+00:00\" \/>\n<meta property=\"og:image\" content=\"https:\/\/oxoxclub.com\/wp-content\/uploads\/Foto-68-2-683x1024.jpg\" \/>\n\t<meta property=\"og:image:width\" content=\"683\" \/>\n\t<meta property=\"og:image:height\" content=\"1024\" \/>\n\t<meta property=\"og:image:type\" content=\"image\/jpeg\" \/>\n<meta name=\"twitter:card\" content=\"summary_large_image\" \/>\n<meta name=\"twitter:label1\" content=\"Availability\" \/>\n\t<meta name=\"twitter:data1\" content=\"In stock\" \/>\n<script type=\"application\/ld+json\" class=\"yoast-schema-graph\">{\"@context\":\"https:\/\/schema.org\",\"@graph\":[{\"@type\":\"WebPage\",\"@id\":\"https:\/\/oxoxclub.com\/lt\/products\/pavasario-favoritai\/svarkelis-su-siuvinejimais\/\",\"url\":\"https:\/\/oxoxclub.com\/lt\/products\/pavasario-favoritai\/svarkelis-su-siuvinejimais\/\",\"name\":\"\u0160varkelis su siuvin\u0117jimais - OXOX\",\"isPartOf\":{\"@id\":\"https:\/\/oxoxclub.com\/lt\/#website\"},\"primaryImageOfPage\":{\"@id\":\"https:\/\/oxoxclub.com\/lt\/products\/pavasario-favoritai\/svarkelis-su-siuvinejimais\/#primaryimage\"},\"image\":{\"@id\":\"https:\/\/oxoxclub.com\/lt\/products\/pavasario-favoritai\/svarkelis-su-siuvinejimais\/#primaryimage\"},\"thumbnailUrl\":\"https:\/\/oxoxclub.com\/wp-content\/uploads\/Foto-68-2-scaled.jpg\",\"datePublished\":\"2024-02-14T08:03:25+00:00\",\"dateModified\":\"2026-03-23T15:45:13+00:00\",\"description\":\"The utility jacket has an oversized fit and is the boldest statement piece. The adorable potato patch, which is OXOX CLUB's signature logo, adds a touch of playfulness, making it a fun wardrobe addition.\",\"breadcrumb\":{\"@id\":\"https:\/\/oxoxclub.com\/lt\/products\/pavasario-favoritai\/svarkelis-su-siuvinejimais\/#breadcrumb\"},\"inLanguage\":\"lt-LT\",\"potentialAction\":[{\"@type\":\"ReadAction\",\"target\":[\"https:\/\/oxoxclub.com\/lt\/products\/pavasario-favoritai\/svarkelis-su-siuvinejimais\/\"]}]},{\"@type\":\"ImageObject\",\"inLanguage\":\"lt-LT\",\"@id\":\"https:\/\/oxoxclub.com\/lt\/products\/pavasario-favoritai\/svarkelis-su-siuvinejimais\/#primaryimage\",\"url\":\"https:\/\/oxoxclub.com\/wp-content\/uploads\/Foto-68-2-scaled.jpg\",\"contentUrl\":\"https:\/\/oxoxclub.com\/wp-content\/uploads\/Foto-68-2-scaled.jpg\",\"width\":1707,\"height\":2560},{\"@type\":\"BreadcrumbList\",\"@id\":\"https:\/\/oxoxclub.com\/lt\/products\/pavasario-favoritai\/svarkelis-su-siuvinejimais\/#breadcrumb\",\"itemListElement\":[{\"@type\":\"ListItem\",\"position\":1,\"name\":\"Home\",\"item\":\"https:\/\/oxoxclub.com\/lt\/\"},{\"@type\":\"ListItem\",\"position\":2,\"name\":\"Shop\",\"item\":\"https:\/\/oxoxclub.com\/products\/\"},{\"@type\":\"ListItem\",\"position\":3,\"name\":\"\u0160varkelis su siuvin\u0117jimais\"}]},{\"@type\":\"WebSite\",\"@id\":\"https:\/\/oxoxclub.com\/lt\/#website\",\"url\":\"https:\/\/oxoxclub.com\/lt\/\",\"name\":\"OXOX CLUB\",\"description\":\"On a mission of never growing up\",\"publisher\":{\"@id\":\"https:\/\/oxoxclub.com\/lt\/#organization\"},\"potentialAction\":[{\"@type\":\"SearchAction\",\"target\":{\"@type\":\"EntryPoint\",\"urlTemplate\":\"https:\/\/oxoxclub.com\/lt\/?s={search_term_string}\"},\"query-input\":{\"@type\":\"PropertyValueSpecification\",\"valueRequired\":true,\"valueName\":\"search_term_string\"}}],\"inLanguage\":\"lt-LT\"},{\"@type\":\"Organization\",\"@id\":\"https:\/\/oxoxclub.com\/lt\/#organization\",\"name\":\"OXOX CLUB\",\"url\":\"https:\/\/oxoxclub.com\/lt\/\",\"logo\":{\"@type\":\"ImageObject\",\"inLanguage\":\"lt-LT\",\"@id\":\"https:\/\/oxoxclub.com\/lt\/#\/schema\/logo\/image\/\",\"url\":\"https:\/\/oxoxclub.com\/wp-content\/uploads\/oxox-logo-in-blue-4.png\",\"contentUrl\":\"https:\/\/oxoxclub.com\/wp-content\/uploads\/oxox-logo-in-blue-4.png\",\"width\":414,\"height\":300,\"caption\":\"OXOX CLUB\"},\"image\":{\"@id\":\"https:\/\/oxoxclub.com\/lt\/#\/schema\/logo\/image\/\"},\"sameAs\":[\"https:\/\/facebook.com\/oxoxclub\/\",\"https:\/\/www.instagram.com\/oxoxclub\/\"]}]}<\/script>\n<meta property=\"og:availability\" content=\"instock\" \/>\n<meta property=\"product:availability\" content=\"instock\" \/>\n<meta property=\"product:retailer_item_id\" content=\"28.355.14\" \/>\n<meta property=\"product:condition\" content=\"new\" \/>\n<!-- \/ Yoast SEO Premium plugin. -->","yoast_head_json":{"title":"\u0160varkelis su siuvin\u0117jimais - OXOX","description":"The utility jacket has an oversized fit and is the boldest statement piece. The adorable potato patch, which is OXOX CLUB's signature logo, adds a touch of playfulness, making it a fun wardrobe addition.","robots":{"index":"index","follow":"follow","max-snippet":"max-snippet:-1","max-image-preview":"max-image-preview:large","max-video-preview":"max-video-preview:-1"},"canonical":"https:\/\/oxoxclub.com\/lt\/products\/pavasario-favoritai\/svarkelis-su-siuvinejimais\/","og_locale":"lt_LT","og_type":"article","og_title":"\u0160varkelis su siuvin\u0117jimais","og_description":"The utility jacket has an oversized fit and is the boldest statement piece. The adorable potato patch, which is OXOX CLUB's signature logo, adds a touch of playfulness, making it a fun wardrobe addition.","og_url":"https:\/\/oxoxclub.com\/lt\/products\/pavasario-favoritai\/svarkelis-su-siuvinejimais\/","og_site_name":"OXOX","article_publisher":"https:\/\/facebook.com\/oxoxclub\/","article_modified_time":"2026-03-23T15:45:13+00:00","og_image":[{"width":683,"height":1024,"url":"https:\/\/oxoxclub.com\/wp-content\/uploads\/Foto-68-2-683x1024.jpg","type":"image\/jpeg"}],"twitter_card":"summary_large_image","twitter_misc":{"Availability":"In stock"},"schema":{"@context":"https:\/\/schema.org","@graph":[{"@type":"WebPage","@id":"https:\/\/oxoxclub.com\/lt\/products\/pavasario-favoritai\/svarkelis-su-siuvinejimais\/","url":"https:\/\/oxoxclub.com\/lt\/products\/pavasario-favoritai\/svarkelis-su-siuvinejimais\/","name":"\u0160varkelis su siuvin\u0117jimais - OXOX","isPartOf":{"@id":"https:\/\/oxoxclub.com\/lt\/#website"},"primaryImageOfPage":{"@id":"https:\/\/oxoxclub.com\/lt\/products\/pavasario-favoritai\/svarkelis-su-siuvinejimais\/#primaryimage"},"image":{"@id":"https:\/\/oxoxclub.com\/lt\/products\/pavasario-favoritai\/svarkelis-su-siuvinejimais\/#primaryimage"},"thumbnailUrl":"https:\/\/oxoxclub.com\/wp-content\/uploads\/Foto-68-2-scaled.jpg","datePublished":"2024-02-14T08:03:25+00:00","dateModified":"2026-03-23T15:45:13+00:00","description":"The utility jacket has an oversized fit and is the boldest statement piece. The adorable potato patch, which is OXOX CLUB's signature logo, adds a touch of playfulness, making it a fun wardrobe addition.","breadcrumb":{"@id":"https:\/\/oxoxclub.com\/lt\/products\/pavasario-favoritai\/svarkelis-su-siuvinejimais\/#breadcrumb"},"inLanguage":"lt-LT","potentialAction":[{"@type":"ReadAction","target":["https:\/\/oxoxclub.com\/lt\/products\/pavasario-favoritai\/svarkelis-su-siuvinejimais\/"]}]},{"@type":"ImageObject","inLanguage":"lt-LT","@id":"https:\/\/oxoxclub.com\/lt\/products\/pavasario-favoritai\/svarkelis-su-siuvinejimais\/#primaryimage","url":"https:\/\/oxoxclub.com\/wp-content\/uploads\/Foto-68-2-scaled.jpg","contentUrl":"https:\/\/oxoxclub.com\/wp-content\/uploads\/Foto-68-2-scaled.jpg","width":1707,"height":2560},{"@type":"BreadcrumbList","@id":"https:\/\/oxoxclub.com\/lt\/products\/pavasario-favoritai\/svarkelis-su-siuvinejimais\/#breadcrumb","itemListElement":[{"@type":"ListItem","position":1,"name":"Home","item":"https:\/\/oxoxclub.com\/lt\/"},{"@type":"ListItem","position":2,"name":"Shop","item":"https:\/\/oxoxclub.com\/products\/"},{"@type":"ListItem","position":3,"name":"\u0160varkelis su siuvin\u0117jimais"}]},{"@type":"WebSite","@id":"https:\/\/oxoxclub.com\/lt\/#website","url":"https:\/\/oxoxclub.com\/lt\/","name":"OXOX CLUB","description":"On a mission of never growing up","publisher":{"@id":"https:\/\/oxoxclub.com\/lt\/#organization"},"potentialAction":[{"@type":"SearchAction","target":{"@type":"EntryPoint","urlTemplate":"https:\/\/oxoxclub.com\/lt\/?s={search_term_string}"},"query-input":{"@type":"PropertyValueSpecification","valueRequired":true,"valueName":"search_term_string"}}],"inLanguage":"lt-LT"},{"@type":"Organization","@id":"https:\/\/oxoxclub.com\/lt\/#organization","name":"OXOX CLUB","url":"https:\/\/oxoxclub.com\/lt\/","logo":{"@type":"ImageObject","inLanguage":"lt-LT","@id":"https:\/\/oxoxclub.com\/lt\/#\/schema\/logo\/image\/","url":"https:\/\/oxoxclub.com\/wp-content\/uploads\/oxox-logo-in-blue-4.png","contentUrl":"https:\/\/oxoxclub.com\/wp-content\/uploads\/oxox-logo-in-blue-4.png","width":414,"height":300,"caption":"OXOX CLUB"},"image":{"@id":"https:\/\/oxoxclub.com\/lt\/#\/schema\/logo\/image\/"},"sameAs":["https:\/\/facebook.com\/oxoxclub\/","https:\/\/www.instagram.com\/oxoxclub\/"]}]},"og_availability":"instock","product_availability":"instock","product_retailer_item_id":"28.355.14","product_condition":"new"},"_links":{"self":[{"href":"https:\/\/oxoxclub.com\/lt\/wp-json\/wp\/v2\/product\/68298","targetHints":{"allow":["GET"]}}],"collection":[{"href":"https:\/\/oxoxclub.com\/lt\/wp-json\/wp\/v2\/product"}],"about":[{"href":"https:\/\/oxoxclub.com\/lt\/wp-json\/wp\/v2\/types\/product"}],"replies":[{"embeddable":true,"href":"https:\/\/oxoxclub.com\/lt\/wp-json\/wp\/v2\/comments?post=68298"}],"wp:featuredmedia":[{"embeddable":true,"href":"https:\/\/oxoxclub.com\/lt\/wp-json\/wp\/v2\/media\/61813"}],"wp:attachment":[{"href":"https:\/\/oxoxclub.com\/lt\/wp-json\/wp\/v2\/media?parent=68298"}],"wp:term":[{"taxonomy":"product_brand","embeddable":true,"href":"https:\/\/oxoxclub.com\/lt\/wp-json\/wp\/v2\/product_brand?post=68298"},{"taxonomy":"product_cat","embeddable":true,"href":"https:\/\/oxoxclub.com\/lt\/wp-json\/wp\/v2\/product_cat?post=68298"},{"taxonomy":"product_tag","embeddable":true,"href":"https:\/\/oxoxclub.com\/lt\/wp-json\/wp\/v2\/product_tag?post=68298"}],"curies":[{"name":"wp","href":"https:\/\/api.w.org\/{rel}","templated":true}]}}