{"id":68317,"date":"2024-01-03T12:06:10","date_gmt":"2024-01-03T10:06:10","guid":{"rendered":"https:\/\/oxoxclub-com-486310.hostingersite.com\/products\/be-kategorijos\/striped-wide-leg-pants\/"},"modified":"2026-04-23T14:25:23","modified_gmt":"2026-04-23T12:25:23","slug":"placios-kelnes-su-dryziais","status":"publish","type":"product","link":"https:\/\/oxoxclub.com\/lt\/products\/a-la-country-lt\/placios-kelnes-su-dryziais\/","title":{"rendered":"Pla\u010dios keln\u0117s su dry\u017eiais"},"content":{"rendered":"<p>\u0160ios pla\u010dios unisex keln\u0117s yra pagamintos i\u0161 ekologi\u0161kos medviln\u0117s su dry\u017eiais, turi reguliuojam\u0105 juosmens juostel\u0119. Derink \u0161ias linksmas ir \u017eaismingas kelnes su padidinto silueto d\u017eemperiais ar mar\u0161kin\u0117liais.<\/p>\n<p>Gaminys yra prie\u0161 tai i\u0161skalbtas, kad b\u016bt\u0173 mink\u0161tesnis, nesitraukt\u0173 ir i\u0161laikyt\u0173 ry\u0161kias spalvas net po daugelio skalbim\u0173.<\/p>\n<p>100% ekologi\u0161ka medviln\u0117 \/ Galima skalbti skalbykl\u0117je.<\/p>\n<p>Pagaminta Lietuvoje.<\/p>\n","protected":false},"excerpt":{"rendered":"<p>\u0160ios pla\u010dios unisex keln\u0117s yra pagamintos i\u0161 ekologi\u0161kos medviln\u0117s su dry\u017eiais, turi reguliuojam\u0105 juosmens juostel\u0119. Derink \u0161ias linksmas ir \u017eaismingas kelnes su padidinto silueto d\u017eemperiais ar mar\u0161kin\u0117liais. Gaminys yra prie\u0161 tai i\u0161skalbtas, kad b\u016bt\u0173 mink\u0161tesnis, nesitraukt\u0173 ir i\u0161laikyt\u0173 ry\u0161kias spalvas net po daugelio skalbim\u0173. 100% ekologi\u0161ka medviln\u0117 \/ Galima skalbti skalbykl\u0117je. Pagaminta Lietuvoje.<\/p>\n","protected":false},"featured_media":61662,"comment_status":"open","ping_status":"closed","template":"","meta":[],"product_brand":[],"product_cat":[632,719,659,657,806,829],"product_tag":[748],"class_list":{"0":"post-68317","1":"product","2":"type-product","3":"status-publish","4":"has-post-thumbnail","6":"product_cat-30-lt-nuolaidos","7":"product_cat-a-la-country-lt","8":"product_cat-kelnes","9":"product_cat-kelnes-ir-sortai","10":"product_cat-pavasario-favoritai","11":"product_cat-pavasario-ispardavimas","12":"product_tag-organic-cotton-lt","13":"pa_size-chart-86-92-en","14":"pa_size-chart-98-104-en","15":"pa_size-chart-110-116-en","16":"pa_size-chart-122-128-en","17":"pa_size-chart-134-140-en","18":"pa_size-chart-146-152-en","19":"pa_sweatpants-laisvalaikio-kelnes","21":"first","22":"instock","23":"sale","24":"taxable","25":"shipping-taxable","26":"purchasable","27":"product-type-variable"},"acf":[],"yoast_head":"<!-- This site is optimized with the Yoast SEO Premium plugin v20.11 (Yoast SEO v24.3) - https:\/\/yoast.com\/wordpress\/plugins\/seo\/ -->\n<title>Pla\u010dios keln\u0117s su dry\u017eiais - OXOX<\/title>\n<meta name=\"description\" content=\"Trendy wide-leg pants are made of organic cotton and have an elastic waistband and large stripes. It is OXOX CLUB&#039;s interpretation of classic sweatpants, just a hippier edition. Wear these casual yet bold wide-leg pants as a statement piece, pairing them with an oversized sweatshirt or a tee. The bigger the stripes, the better.\" \/>\n<meta name=\"robots\" content=\"index, follow, max-snippet:-1, max-image-preview:large, max-video-preview:-1\" \/>\n<link rel=\"canonical\" href=\"https:\/\/oxoxclub.com\/lt\/products\/a-la-country-lt\/placios-kelnes-su-dryziais\/\" \/>\n<meta property=\"og:locale\" content=\"lt_LT\" \/>\n<meta property=\"og:type\" content=\"article\" \/>\n<meta property=\"og:title\" content=\"Pla\u010dios keln\u0117s su dry\u017eiais\" \/>\n<meta property=\"og:description\" content=\"Trendy wide-leg pants are made of organic cotton and have an elastic waistband and large stripes. It is OXOX CLUB&#039;s interpretation of classic sweatpants, just a hippier edition. Wear these casual yet bold wide-leg pants as a statement piece, pairing them with an oversized sweatshirt or a tee. The bigger the stripes, the better.\" \/>\n<meta property=\"og:url\" content=\"https:\/\/oxoxclub.com\/lt\/products\/a-la-country-lt\/placios-kelnes-su-dryziais\/\" \/>\n<meta property=\"og:site_name\" content=\"OXOX\" \/>\n<meta property=\"article:publisher\" content=\"https:\/\/facebook.com\/oxoxclub\/\" \/>\n<meta property=\"article:modified_time\" content=\"2026-04-23T12:25:23+00:00\" \/>\n<meta property=\"og:image\" content=\"https:\/\/oxoxclub.com\/wp-content\/uploads\/Foto-5-6-scaled-1-scaled.jpg\" \/>\n\t<meta property=\"og:image:width\" content=\"1706\" \/>\n\t<meta property=\"og:image:height\" content=\"2560\" \/>\n\t<meta property=\"og:image:type\" content=\"image\/jpeg\" \/>\n<meta name=\"twitter:card\" content=\"summary_large_image\" \/>\n<meta name=\"twitter:label1\" content=\"Availability\" \/>\n\t<meta name=\"twitter:data1\" content=\"In stock\" \/>\n<script type=\"application\/ld+json\" class=\"yoast-schema-graph\">{\"@context\":\"https:\/\/schema.org\",\"@graph\":[{\"@type\":\"WebPage\",\"@id\":\"https:\/\/oxoxclub.com\/lt\/products\/a-la-country-lt\/placios-kelnes-su-dryziais\/\",\"url\":\"https:\/\/oxoxclub.com\/lt\/products\/a-la-country-lt\/placios-kelnes-su-dryziais\/\",\"name\":\"Pla\u010dios keln\u0117s su dry\u017eiais - OXOX\",\"isPartOf\":{\"@id\":\"https:\/\/oxoxclub.com\/lt\/#website\"},\"primaryImageOfPage\":{\"@id\":\"https:\/\/oxoxclub.com\/lt\/products\/a-la-country-lt\/placios-kelnes-su-dryziais\/#primaryimage\"},\"image\":{\"@id\":\"https:\/\/oxoxclub.com\/lt\/products\/a-la-country-lt\/placios-kelnes-su-dryziais\/#primaryimage\"},\"thumbnailUrl\":\"https:\/\/oxoxclub.com\/wp-content\/uploads\/Foto-5-6-scaled-1-scaled.jpg\",\"datePublished\":\"2024-01-03T10:06:10+00:00\",\"dateModified\":\"2026-04-23T12:25:23+00:00\",\"description\":\"Trendy wide-leg pants are made of organic cotton and have an elastic waistband and large stripes. It is OXOX CLUB's interpretation of classic sweatpants, just a hippier edition. Wear these casual yet bold wide-leg pants as a statement piece, pairing them with an oversized sweatshirt or a tee. The bigger the stripes, the better.\",\"breadcrumb\":{\"@id\":\"https:\/\/oxoxclub.com\/lt\/products\/a-la-country-lt\/placios-kelnes-su-dryziais\/#breadcrumb\"},\"inLanguage\":\"lt-LT\",\"potentialAction\":[{\"@type\":\"ReadAction\",\"target\":[\"https:\/\/oxoxclub.com\/lt\/products\/a-la-country-lt\/placios-kelnes-su-dryziais\/\"]}]},{\"@type\":\"ImageObject\",\"inLanguage\":\"lt-LT\",\"@id\":\"https:\/\/oxoxclub.com\/lt\/products\/a-la-country-lt\/placios-kelnes-su-dryziais\/#primaryimage\",\"url\":\"https:\/\/oxoxclub.com\/wp-content\/uploads\/Foto-5-6-scaled-1-scaled.jpg\",\"contentUrl\":\"https:\/\/oxoxclub.com\/wp-content\/uploads\/Foto-5-6-scaled-1-scaled.jpg\",\"width\":1706,\"height\":2560},{\"@type\":\"BreadcrumbList\",\"@id\":\"https:\/\/oxoxclub.com\/lt\/products\/a-la-country-lt\/placios-kelnes-su-dryziais\/#breadcrumb\",\"itemListElement\":[{\"@type\":\"ListItem\",\"position\":1,\"name\":\"Home\",\"item\":\"https:\/\/oxoxclub.com\/lt\/\"},{\"@type\":\"ListItem\",\"position\":2,\"name\":\"Shop\",\"item\":\"https:\/\/oxoxclub.com\/products\/\"},{\"@type\":\"ListItem\",\"position\":3,\"name\":\"Pla\u010dios keln\u0117s su dry\u017eiais\"}]},{\"@type\":\"WebSite\",\"@id\":\"https:\/\/oxoxclub.com\/lt\/#website\",\"url\":\"https:\/\/oxoxclub.com\/lt\/\",\"name\":\"OXOX CLUB\",\"description\":\"On a mission of never growing up\",\"publisher\":{\"@id\":\"https:\/\/oxoxclub.com\/lt\/#organization\"},\"potentialAction\":[{\"@type\":\"SearchAction\",\"target\":{\"@type\":\"EntryPoint\",\"urlTemplate\":\"https:\/\/oxoxclub.com\/lt\/?s={search_term_string}\"},\"query-input\":{\"@type\":\"PropertyValueSpecification\",\"valueRequired\":true,\"valueName\":\"search_term_string\"}}],\"inLanguage\":\"lt-LT\"},{\"@type\":\"Organization\",\"@id\":\"https:\/\/oxoxclub.com\/lt\/#organization\",\"name\":\"OXOX CLUB\",\"url\":\"https:\/\/oxoxclub.com\/lt\/\",\"logo\":{\"@type\":\"ImageObject\",\"inLanguage\":\"lt-LT\",\"@id\":\"https:\/\/oxoxclub.com\/lt\/#\/schema\/logo\/image\/\",\"url\":\"https:\/\/oxoxclub.com\/wp-content\/uploads\/oxox-logo-in-blue-4.png\",\"contentUrl\":\"https:\/\/oxoxclub.com\/wp-content\/uploads\/oxox-logo-in-blue-4.png\",\"width\":414,\"height\":300,\"caption\":\"OXOX CLUB\"},\"image\":{\"@id\":\"https:\/\/oxoxclub.com\/lt\/#\/schema\/logo\/image\/\"},\"sameAs\":[\"https:\/\/facebook.com\/oxoxclub\/\",\"https:\/\/www.instagram.com\/oxoxclub\/\"]}]}<\/script>\n<meta property=\"og:availability\" content=\"instock\" \/>\n<meta property=\"product:availability\" content=\"instock\" \/>\n<meta property=\"product:retailer_item_id\" content=\"28.255.02\" \/>\n<meta property=\"product:condition\" content=\"new\" \/>\n<!-- \/ Yoast SEO Premium plugin. -->","yoast_head_json":{"title":"Pla\u010dios keln\u0117s su dry\u017eiais - OXOX","description":"Trendy wide-leg pants are made of organic cotton and have an elastic waistband and large stripes. It is OXOX CLUB's interpretation of classic sweatpants, just a hippier edition. Wear these casual yet bold wide-leg pants as a statement piece, pairing them with an oversized sweatshirt or a tee. The bigger the stripes, the better.","robots":{"index":"index","follow":"follow","max-snippet":"max-snippet:-1","max-image-preview":"max-image-preview:large","max-video-preview":"max-video-preview:-1"},"canonical":"https:\/\/oxoxclub.com\/lt\/products\/a-la-country-lt\/placios-kelnes-su-dryziais\/","og_locale":"lt_LT","og_type":"article","og_title":"Pla\u010dios keln\u0117s su dry\u017eiais","og_description":"Trendy wide-leg pants are made of organic cotton and have an elastic waistband and large stripes. It is OXOX CLUB's interpretation of classic sweatpants, just a hippier edition. Wear these casual yet bold wide-leg pants as a statement piece, pairing them with an oversized sweatshirt or a tee. The bigger the stripes, the better.","og_url":"https:\/\/oxoxclub.com\/lt\/products\/a-la-country-lt\/placios-kelnes-su-dryziais\/","og_site_name":"OXOX","article_publisher":"https:\/\/facebook.com\/oxoxclub\/","article_modified_time":"2026-04-23T12:25:23+00:00","og_image":[{"width":1706,"height":2560,"url":"https:\/\/oxoxclub.com\/wp-content\/uploads\/Foto-5-6-scaled-1-scaled.jpg","type":"image\/jpeg"}],"twitter_card":"summary_large_image","twitter_misc":{"Availability":"In stock"},"schema":{"@context":"https:\/\/schema.org","@graph":[{"@type":"WebPage","@id":"https:\/\/oxoxclub.com\/lt\/products\/a-la-country-lt\/placios-kelnes-su-dryziais\/","url":"https:\/\/oxoxclub.com\/lt\/products\/a-la-country-lt\/placios-kelnes-su-dryziais\/","name":"Pla\u010dios keln\u0117s su dry\u017eiais - OXOX","isPartOf":{"@id":"https:\/\/oxoxclub.com\/lt\/#website"},"primaryImageOfPage":{"@id":"https:\/\/oxoxclub.com\/lt\/products\/a-la-country-lt\/placios-kelnes-su-dryziais\/#primaryimage"},"image":{"@id":"https:\/\/oxoxclub.com\/lt\/products\/a-la-country-lt\/placios-kelnes-su-dryziais\/#primaryimage"},"thumbnailUrl":"https:\/\/oxoxclub.com\/wp-content\/uploads\/Foto-5-6-scaled-1-scaled.jpg","datePublished":"2024-01-03T10:06:10+00:00","dateModified":"2026-04-23T12:25:23+00:00","description":"Trendy wide-leg pants are made of organic cotton and have an elastic waistband and large stripes. It is OXOX CLUB's interpretation of classic sweatpants, just a hippier edition. Wear these casual yet bold wide-leg pants as a statement piece, pairing them with an oversized sweatshirt or a tee. The bigger the stripes, the better.","breadcrumb":{"@id":"https:\/\/oxoxclub.com\/lt\/products\/a-la-country-lt\/placios-kelnes-su-dryziais\/#breadcrumb"},"inLanguage":"lt-LT","potentialAction":[{"@type":"ReadAction","target":["https:\/\/oxoxclub.com\/lt\/products\/a-la-country-lt\/placios-kelnes-su-dryziais\/"]}]},{"@type":"ImageObject","inLanguage":"lt-LT","@id":"https:\/\/oxoxclub.com\/lt\/products\/a-la-country-lt\/placios-kelnes-su-dryziais\/#primaryimage","url":"https:\/\/oxoxclub.com\/wp-content\/uploads\/Foto-5-6-scaled-1-scaled.jpg","contentUrl":"https:\/\/oxoxclub.com\/wp-content\/uploads\/Foto-5-6-scaled-1-scaled.jpg","width":1706,"height":2560},{"@type":"BreadcrumbList","@id":"https:\/\/oxoxclub.com\/lt\/products\/a-la-country-lt\/placios-kelnes-su-dryziais\/#breadcrumb","itemListElement":[{"@type":"ListItem","position":1,"name":"Home","item":"https:\/\/oxoxclub.com\/lt\/"},{"@type":"ListItem","position":2,"name":"Shop","item":"https:\/\/oxoxclub.com\/products\/"},{"@type":"ListItem","position":3,"name":"Pla\u010dios keln\u0117s su dry\u017eiais"}]},{"@type":"WebSite","@id":"https:\/\/oxoxclub.com\/lt\/#website","url":"https:\/\/oxoxclub.com\/lt\/","name":"OXOX CLUB","description":"On a mission of never growing up","publisher":{"@id":"https:\/\/oxoxclub.com\/lt\/#organization"},"potentialAction":[{"@type":"SearchAction","target":{"@type":"EntryPoint","urlTemplate":"https:\/\/oxoxclub.com\/lt\/?s={search_term_string}"},"query-input":{"@type":"PropertyValueSpecification","valueRequired":true,"valueName":"search_term_string"}}],"inLanguage":"lt-LT"},{"@type":"Organization","@id":"https:\/\/oxoxclub.com\/lt\/#organization","name":"OXOX CLUB","url":"https:\/\/oxoxclub.com\/lt\/","logo":{"@type":"ImageObject","inLanguage":"lt-LT","@id":"https:\/\/oxoxclub.com\/lt\/#\/schema\/logo\/image\/","url":"https:\/\/oxoxclub.com\/wp-content\/uploads\/oxox-logo-in-blue-4.png","contentUrl":"https:\/\/oxoxclub.com\/wp-content\/uploads\/oxox-logo-in-blue-4.png","width":414,"height":300,"caption":"OXOX CLUB"},"image":{"@id":"https:\/\/oxoxclub.com\/lt\/#\/schema\/logo\/image\/"},"sameAs":["https:\/\/facebook.com\/oxoxclub\/","https:\/\/www.instagram.com\/oxoxclub\/"]}]},"og_availability":"instock","product_availability":"instock","product_retailer_item_id":"28.255.02","product_condition":"new"},"_links":{"self":[{"href":"https:\/\/oxoxclub.com\/lt\/wp-json\/wp\/v2\/product\/68317","targetHints":{"allow":["GET"]}}],"collection":[{"href":"https:\/\/oxoxclub.com\/lt\/wp-json\/wp\/v2\/product"}],"about":[{"href":"https:\/\/oxoxclub.com\/lt\/wp-json\/wp\/v2\/types\/product"}],"replies":[{"embeddable":true,"href":"https:\/\/oxoxclub.com\/lt\/wp-json\/wp\/v2\/comments?post=68317"}],"wp:featuredmedia":[{"embeddable":true,"href":"https:\/\/oxoxclub.com\/lt\/wp-json\/wp\/v2\/media\/61662"}],"wp:attachment":[{"href":"https:\/\/oxoxclub.com\/lt\/wp-json\/wp\/v2\/media?parent=68317"}],"wp:term":[{"taxonomy":"product_brand","embeddable":true,"href":"https:\/\/oxoxclub.com\/lt\/wp-json\/wp\/v2\/product_brand?post=68317"},{"taxonomy":"product_cat","embeddable":true,"href":"https:\/\/oxoxclub.com\/lt\/wp-json\/wp\/v2\/product_cat?post=68317"},{"taxonomy":"product_tag","embeddable":true,"href":"https:\/\/oxoxclub.com\/lt\/wp-json\/wp\/v2\/product_tag?post=68317"}],"curies":[{"name":"wp","href":"https:\/\/api.w.org\/{rel}","templated":true}]}}