{"id":68394,"date":"2024-01-02T18:53:01","date_gmt":"2024-01-02T16:53:01","guid":{"rendered":"https:\/\/oxoxclub-com-486310.hostingersite.com\/products\/be-kategorijos\/sun-embroidery-sweatshirt\/"},"modified":"2026-01-05T14:21:17","modified_gmt":"2026-01-05T12:21:17","slug":"dzemperis-su-suns-siuvinejimu","status":"publish","type":"product","link":"https:\/\/oxoxclub.com\/lt\/products\/a-la-country-lt\/dzemperis-su-suns-siuvinejimu\/","title":{"rendered":"D\u017eemperis su \u201eSuns\u201c siuvin\u0117jimu"},"content":{"rendered":"<p>\u0160is \u017eaismingas, ta\u010diau minimalistinis d\u017eemperis pagamintas i\u0161 ekologi\u0161kos medviln\u0117s, pasi\u017eymi padidinto silueto kirpimu ir saulu\u010di\u0173 siuvin\u0117jimu. Derink \u0161\u012f unikal\u0173 drabu\u017e\u012f su pla\u010diomis keln\u0117mis ar maksi sijonais.<\/p>\n<p>Gaminys yra prie\u0161 tai i\u0161skalbtas, kad b\u016bt\u0173 mink\u0161tesnis, nesitraukt\u0173 ir i\u0161laikyt\u0173 ry\u0161kias spalvas net po daugelio skalbim\u0173.<\/p>\n<p>100% ekologi\u0161ka medviln\u0117 \/ Galima skalbti skalbykl\u0117je.<\/p>\n<p>Pagaminta Lietuvoje.<\/p>\n","protected":false},"excerpt":{"rendered":"<p>\u0160is \u017eaismingas, ta\u010diau minimalistinis d\u017eemperis pagamintas i\u0161 ekologi\u0161kos medviln\u0117s, pasi\u017eymi padidinto silueto kirpimu ir saulu\u010di\u0173 siuvin\u0117jimu. Derink \u0161\u012f unikal\u0173 drabu\u017e\u012f su pla\u010diomis keln\u0117mis ar maksi sijonais. Gaminys yra prie\u0161 tai i\u0161skalbtas, kad b\u016bt\u0173 mink\u0161tesnis, nesitraukt\u0173 ir i\u0161laikyt\u0173 ry\u0161kias spalvas net po daugelio skalbim\u0173. 100% ekologi\u0161ka medviln\u0117 \/ Galima skalbti skalbykl\u0117je. Pagaminta Lietuvoje.<\/p>\n","protected":false},"featured_media":61718,"comment_status":"open","ping_status":"closed","template":"","meta":[],"product_brand":[],"product_cat":[719,690],"product_tag":[748],"class_list":{"0":"post-68394","1":"product","2":"type-product","3":"status-publish","4":"has-post-thumbnail","6":"product_cat-a-la-country-lt","7":"product_cat-dzemperiai-lt","8":"product_tag-organic-cotton-lt","9":"pa_size-chart-86-92-en","10":"pa_size-chart-98-104-en","11":"pa_size-chart-110-116-en","12":"pa_size-chart-122-128-en","13":"pa_size-chart-134-140-en","14":"pa_size-chart-146-152-en","15":"pa_sweatshirts-dzemperiai","17":"first","18":"instock","19":"taxable","20":"shipping-taxable","21":"purchasable","22":"product-type-variable"},"acf":[],"yoast_head":"<!-- This site is optimized with the Yoast SEO Premium plugin v20.11 (Yoast SEO v24.3) - https:\/\/yoast.com\/wordpress\/plugins\/seo\/ -->\n<title>D\u017eemperis su \u201eSuns\u201c siuvin\u0117jimu - OXOX<\/title>\n<meta name=\"description\" content=\"This playful yet minimalist sweatshirt is made of organic cotton, has an oversized fit, and a dreamy suns embroidery. Style this unique statement piece with wide pants and maxi skirts, and wear it for your daily routines.\" \/>\n<meta name=\"robots\" content=\"index, follow, max-snippet:-1, max-image-preview:large, max-video-preview:-1\" \/>\n<link rel=\"canonical\" href=\"https:\/\/oxoxclub.com\/lt\/products\/a-la-country-lt\/dzemperis-su-suns-siuvinejimu\/\" \/>\n<meta property=\"og:locale\" content=\"lt_LT\" \/>\n<meta property=\"og:type\" content=\"article\" \/>\n<meta property=\"og:title\" content=\"D\u017eemperis su \u201eSuns\u201c siuvin\u0117jimu\" \/>\n<meta property=\"og:description\" content=\"This playful yet minimalist sweatshirt is made of organic cotton, has an oversized fit, and a dreamy suns embroidery. Style this unique statement piece with wide pants and maxi skirts, and wear it for your daily routines.\" \/>\n<meta property=\"og:url\" content=\"https:\/\/oxoxclub.com\/lt\/products\/a-la-country-lt\/dzemperis-su-suns-siuvinejimu\/\" \/>\n<meta property=\"og:site_name\" content=\"OXOX\" \/>\n<meta property=\"article:publisher\" content=\"https:\/\/facebook.com\/oxoxclub\/\" \/>\n<meta property=\"article:modified_time\" content=\"2026-01-05T12:21:17+00:00\" \/>\n<meta property=\"og:image\" content=\"https:\/\/oxoxclub.com\/wp-content\/uploads\/Foto-17-3-scaled-1-scaled-scaled.webp\" \/>\n\t<meta property=\"og:image:width\" content=\"1706\" \/>\n\t<meta property=\"og:image:height\" content=\"2560\" \/>\n\t<meta property=\"og:image:type\" content=\"image\/webp\" \/>\n<meta name=\"twitter:card\" content=\"summary_large_image\" \/>\n<meta name=\"twitter:label1\" content=\"Availability\" \/>\n\t<meta name=\"twitter:data1\" content=\"In stock\" \/>\n<script type=\"application\/ld+json\" class=\"yoast-schema-graph\">{\"@context\":\"https:\/\/schema.org\",\"@graph\":[{\"@type\":\"WebPage\",\"@id\":\"https:\/\/oxoxclub.com\/lt\/products\/a-la-country-lt\/dzemperis-su-suns-siuvinejimu\/\",\"url\":\"https:\/\/oxoxclub.com\/lt\/products\/a-la-country-lt\/dzemperis-su-suns-siuvinejimu\/\",\"name\":\"D\u017eemperis su \u201eSuns\u201c siuvin\u0117jimu - OXOX\",\"isPartOf\":{\"@id\":\"https:\/\/oxoxclub.com\/lt\/#website\"},\"primaryImageOfPage\":{\"@id\":\"https:\/\/oxoxclub.com\/lt\/products\/a-la-country-lt\/dzemperis-su-suns-siuvinejimu\/#primaryimage\"},\"image\":{\"@id\":\"https:\/\/oxoxclub.com\/lt\/products\/a-la-country-lt\/dzemperis-su-suns-siuvinejimu\/#primaryimage\"},\"thumbnailUrl\":\"https:\/\/oxoxclub.com\/wp-content\/uploads\/Foto-17-3-scaled-1-scaled-scaled.webp\",\"datePublished\":\"2024-01-02T16:53:01+00:00\",\"dateModified\":\"2026-01-05T12:21:17+00:00\",\"description\":\"This playful yet minimalist sweatshirt is made of organic cotton, has an oversized fit, and a dreamy suns embroidery. Style this unique statement piece with wide pants and maxi skirts, and wear it for your daily routines.\",\"breadcrumb\":{\"@id\":\"https:\/\/oxoxclub.com\/lt\/products\/a-la-country-lt\/dzemperis-su-suns-siuvinejimu\/#breadcrumb\"},\"inLanguage\":\"lt-LT\",\"potentialAction\":[{\"@type\":\"ReadAction\",\"target\":[\"https:\/\/oxoxclub.com\/lt\/products\/a-la-country-lt\/dzemperis-su-suns-siuvinejimu\/\"]}]},{\"@type\":\"ImageObject\",\"inLanguage\":\"lt-LT\",\"@id\":\"https:\/\/oxoxclub.com\/lt\/products\/a-la-country-lt\/dzemperis-su-suns-siuvinejimu\/#primaryimage\",\"url\":\"https:\/\/oxoxclub.com\/wp-content\/uploads\/Foto-17-3-scaled-1-scaled-scaled.webp\",\"contentUrl\":\"https:\/\/oxoxclub.com\/wp-content\/uploads\/Foto-17-3-scaled-1-scaled-scaled.webp\",\"width\":1706,\"height\":2560},{\"@type\":\"BreadcrumbList\",\"@id\":\"https:\/\/oxoxclub.com\/lt\/products\/a-la-country-lt\/dzemperis-su-suns-siuvinejimu\/#breadcrumb\",\"itemListElement\":[{\"@type\":\"ListItem\",\"position\":1,\"name\":\"Home\",\"item\":\"https:\/\/oxoxclub.com\/lt\/\"},{\"@type\":\"ListItem\",\"position\":2,\"name\":\"Shop\",\"item\":\"https:\/\/oxoxclub.com\/products\/\"},{\"@type\":\"ListItem\",\"position\":3,\"name\":\"D\u017eemperis su \u201eSuns\u201c siuvin\u0117jimu\"}]},{\"@type\":\"WebSite\",\"@id\":\"https:\/\/oxoxclub.com\/lt\/#website\",\"url\":\"https:\/\/oxoxclub.com\/lt\/\",\"name\":\"OXOX CLUB\",\"description\":\"On a mission of never growing up\",\"publisher\":{\"@id\":\"https:\/\/oxoxclub.com\/lt\/#organization\"},\"potentialAction\":[{\"@type\":\"SearchAction\",\"target\":{\"@type\":\"EntryPoint\",\"urlTemplate\":\"https:\/\/oxoxclub.com\/lt\/?s={search_term_string}\"},\"query-input\":{\"@type\":\"PropertyValueSpecification\",\"valueRequired\":true,\"valueName\":\"search_term_string\"}}],\"inLanguage\":\"lt-LT\"},{\"@type\":\"Organization\",\"@id\":\"https:\/\/oxoxclub.com\/lt\/#organization\",\"name\":\"OXOX CLUB\",\"url\":\"https:\/\/oxoxclub.com\/lt\/\",\"logo\":{\"@type\":\"ImageObject\",\"inLanguage\":\"lt-LT\",\"@id\":\"https:\/\/oxoxclub.com\/lt\/#\/schema\/logo\/image\/\",\"url\":\"https:\/\/oxoxclub.com\/wp-content\/uploads\/oxox-logo-in-blue-4.png\",\"contentUrl\":\"https:\/\/oxoxclub.com\/wp-content\/uploads\/oxox-logo-in-blue-4.png\",\"width\":414,\"height\":300,\"caption\":\"OXOX CLUB\"},\"image\":{\"@id\":\"https:\/\/oxoxclub.com\/lt\/#\/schema\/logo\/image\/\"},\"sameAs\":[\"https:\/\/facebook.com\/oxoxclub\/\",\"https:\/\/www.instagram.com\/oxoxclub\/\"]}]}<\/script>\n<meta property=\"og:availability\" content=\"instock\" \/>\n<meta property=\"product:availability\" content=\"instock\" \/>\n<meta property=\"product:retailer_item_id\" content=\"28.377.14\" \/>\n<meta property=\"product:condition\" content=\"new\" \/>\n<!-- \/ Yoast SEO Premium plugin. -->","yoast_head_json":{"title":"D\u017eemperis su \u201eSuns\u201c siuvin\u0117jimu - OXOX","description":"This playful yet minimalist sweatshirt is made of organic cotton, has an oversized fit, and a dreamy suns embroidery. Style this unique statement piece with wide pants and maxi skirts, and wear it for your daily routines.","robots":{"index":"index","follow":"follow","max-snippet":"max-snippet:-1","max-image-preview":"max-image-preview:large","max-video-preview":"max-video-preview:-1"},"canonical":"https:\/\/oxoxclub.com\/lt\/products\/a-la-country-lt\/dzemperis-su-suns-siuvinejimu\/","og_locale":"lt_LT","og_type":"article","og_title":"D\u017eemperis su \u201eSuns\u201c siuvin\u0117jimu","og_description":"This playful yet minimalist sweatshirt is made of organic cotton, has an oversized fit, and a dreamy suns embroidery. Style this unique statement piece with wide pants and maxi skirts, and wear it for your daily routines.","og_url":"https:\/\/oxoxclub.com\/lt\/products\/a-la-country-lt\/dzemperis-su-suns-siuvinejimu\/","og_site_name":"OXOX","article_publisher":"https:\/\/facebook.com\/oxoxclub\/","article_modified_time":"2026-01-05T12:21:17+00:00","og_image":[{"width":1706,"height":2560,"url":"https:\/\/oxoxclub.com\/wp-content\/uploads\/Foto-17-3-scaled-1-scaled-scaled.webp","type":"image\/webp"}],"twitter_card":"summary_large_image","twitter_misc":{"Availability":"In stock"},"schema":{"@context":"https:\/\/schema.org","@graph":[{"@type":"WebPage","@id":"https:\/\/oxoxclub.com\/lt\/products\/a-la-country-lt\/dzemperis-su-suns-siuvinejimu\/","url":"https:\/\/oxoxclub.com\/lt\/products\/a-la-country-lt\/dzemperis-su-suns-siuvinejimu\/","name":"D\u017eemperis su \u201eSuns\u201c siuvin\u0117jimu - OXOX","isPartOf":{"@id":"https:\/\/oxoxclub.com\/lt\/#website"},"primaryImageOfPage":{"@id":"https:\/\/oxoxclub.com\/lt\/products\/a-la-country-lt\/dzemperis-su-suns-siuvinejimu\/#primaryimage"},"image":{"@id":"https:\/\/oxoxclub.com\/lt\/products\/a-la-country-lt\/dzemperis-su-suns-siuvinejimu\/#primaryimage"},"thumbnailUrl":"https:\/\/oxoxclub.com\/wp-content\/uploads\/Foto-17-3-scaled-1-scaled-scaled.webp","datePublished":"2024-01-02T16:53:01+00:00","dateModified":"2026-01-05T12:21:17+00:00","description":"This playful yet minimalist sweatshirt is made of organic cotton, has an oversized fit, and a dreamy suns embroidery. Style this unique statement piece with wide pants and maxi skirts, and wear it for your daily routines.","breadcrumb":{"@id":"https:\/\/oxoxclub.com\/lt\/products\/a-la-country-lt\/dzemperis-su-suns-siuvinejimu\/#breadcrumb"},"inLanguage":"lt-LT","potentialAction":[{"@type":"ReadAction","target":["https:\/\/oxoxclub.com\/lt\/products\/a-la-country-lt\/dzemperis-su-suns-siuvinejimu\/"]}]},{"@type":"ImageObject","inLanguage":"lt-LT","@id":"https:\/\/oxoxclub.com\/lt\/products\/a-la-country-lt\/dzemperis-su-suns-siuvinejimu\/#primaryimage","url":"https:\/\/oxoxclub.com\/wp-content\/uploads\/Foto-17-3-scaled-1-scaled-scaled.webp","contentUrl":"https:\/\/oxoxclub.com\/wp-content\/uploads\/Foto-17-3-scaled-1-scaled-scaled.webp","width":1706,"height":2560},{"@type":"BreadcrumbList","@id":"https:\/\/oxoxclub.com\/lt\/products\/a-la-country-lt\/dzemperis-su-suns-siuvinejimu\/#breadcrumb","itemListElement":[{"@type":"ListItem","position":1,"name":"Home","item":"https:\/\/oxoxclub.com\/lt\/"},{"@type":"ListItem","position":2,"name":"Shop","item":"https:\/\/oxoxclub.com\/products\/"},{"@type":"ListItem","position":3,"name":"D\u017eemperis su \u201eSuns\u201c siuvin\u0117jimu"}]},{"@type":"WebSite","@id":"https:\/\/oxoxclub.com\/lt\/#website","url":"https:\/\/oxoxclub.com\/lt\/","name":"OXOX CLUB","description":"On a mission of never growing up","publisher":{"@id":"https:\/\/oxoxclub.com\/lt\/#organization"},"potentialAction":[{"@type":"SearchAction","target":{"@type":"EntryPoint","urlTemplate":"https:\/\/oxoxclub.com\/lt\/?s={search_term_string}"},"query-input":{"@type":"PropertyValueSpecification","valueRequired":true,"valueName":"search_term_string"}}],"inLanguage":"lt-LT"},{"@type":"Organization","@id":"https:\/\/oxoxclub.com\/lt\/#organization","name":"OXOX CLUB","url":"https:\/\/oxoxclub.com\/lt\/","logo":{"@type":"ImageObject","inLanguage":"lt-LT","@id":"https:\/\/oxoxclub.com\/lt\/#\/schema\/logo\/image\/","url":"https:\/\/oxoxclub.com\/wp-content\/uploads\/oxox-logo-in-blue-4.png","contentUrl":"https:\/\/oxoxclub.com\/wp-content\/uploads\/oxox-logo-in-blue-4.png","width":414,"height":300,"caption":"OXOX CLUB"},"image":{"@id":"https:\/\/oxoxclub.com\/lt\/#\/schema\/logo\/image\/"},"sameAs":["https:\/\/facebook.com\/oxoxclub\/","https:\/\/www.instagram.com\/oxoxclub\/"]}]},"og_availability":"instock","product_availability":"instock","product_retailer_item_id":"28.377.14","product_condition":"new"},"_links":{"self":[{"href":"https:\/\/oxoxclub.com\/lt\/wp-json\/wp\/v2\/product\/68394","targetHints":{"allow":["GET"]}}],"collection":[{"href":"https:\/\/oxoxclub.com\/lt\/wp-json\/wp\/v2\/product"}],"about":[{"href":"https:\/\/oxoxclub.com\/lt\/wp-json\/wp\/v2\/types\/product"}],"replies":[{"embeddable":true,"href":"https:\/\/oxoxclub.com\/lt\/wp-json\/wp\/v2\/comments?post=68394"}],"wp:featuredmedia":[{"embeddable":true,"href":"https:\/\/oxoxclub.com\/lt\/wp-json\/wp\/v2\/media\/61718"}],"wp:attachment":[{"href":"https:\/\/oxoxclub.com\/lt\/wp-json\/wp\/v2\/media?parent=68394"}],"wp:term":[{"taxonomy":"product_brand","embeddable":true,"href":"https:\/\/oxoxclub.com\/lt\/wp-json\/wp\/v2\/product_brand?post=68394"},{"taxonomy":"product_cat","embeddable":true,"href":"https:\/\/oxoxclub.com\/lt\/wp-json\/wp\/v2\/product_cat?post=68394"},{"taxonomy":"product_tag","embeddable":true,"href":"https:\/\/oxoxclub.com\/lt\/wp-json\/wp\/v2\/product_tag?post=68394"}],"curies":[{"name":"wp","href":"https:\/\/api.w.org\/{rel}","templated":true}]}}