{"id":68520,"date":"2024-01-02T14:49:16","date_gmt":"2024-01-02T12:49:16","guid":{"rendered":"https:\/\/oxoxclub-com-486310.hostingersite.com\/products\/be-kategorijos\/oversized-sweatpants-2\/"},"modified":"2026-01-06T16:21:23","modified_gmt":"2026-01-06T14:21:23","slug":"laisvalaikio-kelnes-5","status":"publish","type":"product","link":"https:\/\/oxoxclub.com\/lt\/products\/a-la-country-lt\/laisvalaikio-kelnes-5\/","title":{"rendered":"Laisvalaikio keln\u0117s"},"content":{"rendered":"<p>\u0160ios kiek padidintos unisex laisvalaikio keln\u0117s su elastingu juosmeniu yra pagamintos i\u0161 ekologi\u0161kos medviln\u0117s. Jos turi dvi patogias \u0161onines ki\u0161enes ir reguliuojam\u0105 juosmens juostel\u0119, u\u017etikrinan\u010dius kasdien\u012f komfort\u0105. Puikiai tinka kasdienos nuotykiams.<\/p>\n<p>Gaminys yra prie\u0161 tai i\u0161skalbtas, kad b\u016bt\u0173 mink\u0161tesnis, nesitraukt\u0173 ir i\u0161laikyt\u0173 ry\u0161kias spalvas net po daugelio skalbim\u0173.<\/p>\n<p>100% ekologi\u0161ka medviln\u0117 \/ Galima skalbti skalbykl\u0117je.<\/p>\n<p>Pagaminta Lietuvoje.<\/p>\n","protected":false},"excerpt":{"rendered":"<p>\u0160ios kiek padidintos unisex laisvalaikio keln\u0117s su elastingu juosmeniu yra pagamintos i\u0161 ekologi\u0161kos medviln\u0117s. Jos turi dvi patogias \u0161onines ki\u0161enes ir reguliuojam\u0105 juosmens juostel\u0119, u\u017etikrinan\u010dius kasdien\u012f komfort\u0105. Puikiai tinka kasdienos nuotykiams. Gaminys yra prie\u0161 tai i\u0161skalbtas, kad b\u016bt\u0173 mink\u0161tesnis, nesitraukt\u0173 ir i\u0161laikyt\u0173 ry\u0161kias spalvas net po daugelio skalbim\u0173. 100% ekologi\u0161ka medviln\u0117 \/ Galima skalbti skalbykl\u0117je. [&hellip;]<\/p>\n","protected":false},"featured_media":61760,"comment_status":"open","ping_status":"closed","template":"","meta":[],"product_brand":[],"product_cat":[719,659,657],"product_tag":[748],"class_list":{"0":"post-68520","1":"product","2":"type-product","3":"status-publish","4":"has-post-thumbnail","6":"product_cat-a-la-country-lt","7":"product_cat-kelnes","8":"product_cat-kelnes-ir-sortai","9":"product_tag-organic-cotton-lt","10":"pa_size-chart-86-92-en","11":"pa_size-chart-98-104-en","12":"pa_size-chart-110-116-en","13":"pa_size-chart-122-128-en","14":"pa_size-chart-134-140-en","15":"pa_size-chart-146-152-en","16":"pa_sweatpants-laisvalaikio-kelnes","18":"first","19":"instock","20":"taxable","21":"shipping-taxable","22":"purchasable","23":"product-type-variable"},"acf":[],"yoast_head":"<!-- This site is optimized with the Yoast SEO Premium plugin v20.11 (Yoast SEO v24.3) - https:\/\/yoast.com\/wordpress\/plugins\/seo\/ -->\n<title>Laisvalaikio keln\u0117s - OXOX<\/title>\n<meta name=\"description\" content=\"Oversized sweatpants are made of organic cotton and have an elastic waistband. Wear these comfortable and practical pants for your active daily adventures.\" \/>\n<meta name=\"robots\" content=\"index, follow, max-snippet:-1, max-image-preview:large, max-video-preview:-1\" \/>\n<link rel=\"canonical\" href=\"https:\/\/oxoxclub.com\/lt\/products\/a-la-country-lt\/laisvalaikio-kelnes-5\/\" \/>\n<meta property=\"og:locale\" content=\"lt_LT\" \/>\n<meta property=\"og:type\" content=\"article\" \/>\n<meta property=\"og:title\" content=\"Laisvalaikio keln\u0117s\" \/>\n<meta property=\"og:description\" content=\"Oversized sweatpants are made of organic cotton and have an elastic waistband. Wear these comfortable and practical pants for your active daily adventures.\" \/>\n<meta property=\"og:url\" content=\"https:\/\/oxoxclub.com\/lt\/products\/a-la-country-lt\/laisvalaikio-kelnes-5\/\" \/>\n<meta property=\"og:site_name\" content=\"OXOX\" \/>\n<meta property=\"article:publisher\" content=\"https:\/\/facebook.com\/oxoxclub\/\" \/>\n<meta property=\"article:modified_time\" content=\"2026-01-06T14:21:23+00:00\" \/>\n<meta property=\"og:image\" content=\"https:\/\/oxoxclub.com\/wp-content\/uploads\/Foto-33-3-scaled-1-scaled-scaled.webp\" \/>\n\t<meta property=\"og:image:width\" content=\"1706\" \/>\n\t<meta property=\"og:image:height\" content=\"2560\" \/>\n\t<meta property=\"og:image:type\" content=\"image\/webp\" \/>\n<meta name=\"twitter:card\" content=\"summary_large_image\" \/>\n<meta name=\"twitter:label1\" content=\"Availability\" \/>\n\t<meta name=\"twitter:data1\" content=\"In stock\" \/>\n<script type=\"application\/ld+json\" class=\"yoast-schema-graph\">{\"@context\":\"https:\/\/schema.org\",\"@graph\":[{\"@type\":\"WebPage\",\"@id\":\"https:\/\/oxoxclub.com\/lt\/products\/a-la-country-lt\/laisvalaikio-kelnes-5\/\",\"url\":\"https:\/\/oxoxclub.com\/lt\/products\/a-la-country-lt\/laisvalaikio-kelnes-5\/\",\"name\":\"Laisvalaikio keln\u0117s - OXOX\",\"isPartOf\":{\"@id\":\"https:\/\/oxoxclub.com\/lt\/#website\"},\"primaryImageOfPage\":{\"@id\":\"https:\/\/oxoxclub.com\/lt\/products\/a-la-country-lt\/laisvalaikio-kelnes-5\/#primaryimage\"},\"image\":{\"@id\":\"https:\/\/oxoxclub.com\/lt\/products\/a-la-country-lt\/laisvalaikio-kelnes-5\/#primaryimage\"},\"thumbnailUrl\":\"https:\/\/oxoxclub.com\/wp-content\/uploads\/Foto-33-3-scaled-1-scaled-scaled.webp\",\"datePublished\":\"2024-01-02T12:49:16+00:00\",\"dateModified\":\"2026-01-06T14:21:23+00:00\",\"description\":\"Oversized sweatpants are made of organic cotton and have an elastic waistband. Wear these comfortable and practical pants for your active daily adventures.\",\"breadcrumb\":{\"@id\":\"https:\/\/oxoxclub.com\/lt\/products\/a-la-country-lt\/laisvalaikio-kelnes-5\/#breadcrumb\"},\"inLanguage\":\"lt-LT\",\"potentialAction\":[{\"@type\":\"ReadAction\",\"target\":[\"https:\/\/oxoxclub.com\/lt\/products\/a-la-country-lt\/laisvalaikio-kelnes-5\/\"]}]},{\"@type\":\"ImageObject\",\"inLanguage\":\"lt-LT\",\"@id\":\"https:\/\/oxoxclub.com\/lt\/products\/a-la-country-lt\/laisvalaikio-kelnes-5\/#primaryimage\",\"url\":\"https:\/\/oxoxclub.com\/wp-content\/uploads\/Foto-33-3-scaled-1-scaled-scaled.webp\",\"contentUrl\":\"https:\/\/oxoxclub.com\/wp-content\/uploads\/Foto-33-3-scaled-1-scaled-scaled.webp\",\"width\":1706,\"height\":2560},{\"@type\":\"BreadcrumbList\",\"@id\":\"https:\/\/oxoxclub.com\/lt\/products\/a-la-country-lt\/laisvalaikio-kelnes-5\/#breadcrumb\",\"itemListElement\":[{\"@type\":\"ListItem\",\"position\":1,\"name\":\"Home\",\"item\":\"https:\/\/oxoxclub.com\/lt\/\"},{\"@type\":\"ListItem\",\"position\":2,\"name\":\"Shop\",\"item\":\"https:\/\/oxoxclub.com\/products\/\"},{\"@type\":\"ListItem\",\"position\":3,\"name\":\"Laisvalaikio keln\u0117s\"}]},{\"@type\":\"WebSite\",\"@id\":\"https:\/\/oxoxclub.com\/lt\/#website\",\"url\":\"https:\/\/oxoxclub.com\/lt\/\",\"name\":\"OXOX CLUB\",\"description\":\"On a mission of never growing up\",\"publisher\":{\"@id\":\"https:\/\/oxoxclub.com\/lt\/#organization\"},\"potentialAction\":[{\"@type\":\"SearchAction\",\"target\":{\"@type\":\"EntryPoint\",\"urlTemplate\":\"https:\/\/oxoxclub.com\/lt\/?s={search_term_string}\"},\"query-input\":{\"@type\":\"PropertyValueSpecification\",\"valueRequired\":true,\"valueName\":\"search_term_string\"}}],\"inLanguage\":\"lt-LT\"},{\"@type\":\"Organization\",\"@id\":\"https:\/\/oxoxclub.com\/lt\/#organization\",\"name\":\"OXOX CLUB\",\"url\":\"https:\/\/oxoxclub.com\/lt\/\",\"logo\":{\"@type\":\"ImageObject\",\"inLanguage\":\"lt-LT\",\"@id\":\"https:\/\/oxoxclub.com\/lt\/#\/schema\/logo\/image\/\",\"url\":\"https:\/\/oxoxclub.com\/wp-content\/uploads\/oxox-logo-in-blue-4.png\",\"contentUrl\":\"https:\/\/oxoxclub.com\/wp-content\/uploads\/oxox-logo-in-blue-4.png\",\"width\":414,\"height\":300,\"caption\":\"OXOX CLUB\"},\"image\":{\"@id\":\"https:\/\/oxoxclub.com\/lt\/#\/schema\/logo\/image\/\"},\"sameAs\":[\"https:\/\/facebook.com\/oxoxclub\/\",\"https:\/\/www.instagram.com\/oxoxclub\/\"]}]}<\/script>\n<meta property=\"og:availability\" content=\"instock\" \/>\n<meta property=\"product:availability\" content=\"instock\" \/>\n<meta property=\"product:retailer_item_id\" content=\"28.273.01\" \/>\n<meta property=\"product:condition\" content=\"new\" \/>\n<!-- \/ Yoast SEO Premium plugin. -->","yoast_head_json":{"title":"Laisvalaikio keln\u0117s - OXOX","description":"Oversized sweatpants are made of organic cotton and have an elastic waistband. Wear these comfortable and practical pants for your active daily adventures.","robots":{"index":"index","follow":"follow","max-snippet":"max-snippet:-1","max-image-preview":"max-image-preview:large","max-video-preview":"max-video-preview:-1"},"canonical":"https:\/\/oxoxclub.com\/lt\/products\/a-la-country-lt\/laisvalaikio-kelnes-5\/","og_locale":"lt_LT","og_type":"article","og_title":"Laisvalaikio keln\u0117s","og_description":"Oversized sweatpants are made of organic cotton and have an elastic waistband. Wear these comfortable and practical pants for your active daily adventures.","og_url":"https:\/\/oxoxclub.com\/lt\/products\/a-la-country-lt\/laisvalaikio-kelnes-5\/","og_site_name":"OXOX","article_publisher":"https:\/\/facebook.com\/oxoxclub\/","article_modified_time":"2026-01-06T14:21:23+00:00","og_image":[{"width":1706,"height":2560,"url":"https:\/\/oxoxclub.com\/wp-content\/uploads\/Foto-33-3-scaled-1-scaled-scaled.webp","type":"image\/webp"}],"twitter_card":"summary_large_image","twitter_misc":{"Availability":"In stock"},"schema":{"@context":"https:\/\/schema.org","@graph":[{"@type":"WebPage","@id":"https:\/\/oxoxclub.com\/lt\/products\/a-la-country-lt\/laisvalaikio-kelnes-5\/","url":"https:\/\/oxoxclub.com\/lt\/products\/a-la-country-lt\/laisvalaikio-kelnes-5\/","name":"Laisvalaikio keln\u0117s - OXOX","isPartOf":{"@id":"https:\/\/oxoxclub.com\/lt\/#website"},"primaryImageOfPage":{"@id":"https:\/\/oxoxclub.com\/lt\/products\/a-la-country-lt\/laisvalaikio-kelnes-5\/#primaryimage"},"image":{"@id":"https:\/\/oxoxclub.com\/lt\/products\/a-la-country-lt\/laisvalaikio-kelnes-5\/#primaryimage"},"thumbnailUrl":"https:\/\/oxoxclub.com\/wp-content\/uploads\/Foto-33-3-scaled-1-scaled-scaled.webp","datePublished":"2024-01-02T12:49:16+00:00","dateModified":"2026-01-06T14:21:23+00:00","description":"Oversized sweatpants are made of organic cotton and have an elastic waistband. Wear these comfortable and practical pants for your active daily adventures.","breadcrumb":{"@id":"https:\/\/oxoxclub.com\/lt\/products\/a-la-country-lt\/laisvalaikio-kelnes-5\/#breadcrumb"},"inLanguage":"lt-LT","potentialAction":[{"@type":"ReadAction","target":["https:\/\/oxoxclub.com\/lt\/products\/a-la-country-lt\/laisvalaikio-kelnes-5\/"]}]},{"@type":"ImageObject","inLanguage":"lt-LT","@id":"https:\/\/oxoxclub.com\/lt\/products\/a-la-country-lt\/laisvalaikio-kelnes-5\/#primaryimage","url":"https:\/\/oxoxclub.com\/wp-content\/uploads\/Foto-33-3-scaled-1-scaled-scaled.webp","contentUrl":"https:\/\/oxoxclub.com\/wp-content\/uploads\/Foto-33-3-scaled-1-scaled-scaled.webp","width":1706,"height":2560},{"@type":"BreadcrumbList","@id":"https:\/\/oxoxclub.com\/lt\/products\/a-la-country-lt\/laisvalaikio-kelnes-5\/#breadcrumb","itemListElement":[{"@type":"ListItem","position":1,"name":"Home","item":"https:\/\/oxoxclub.com\/lt\/"},{"@type":"ListItem","position":2,"name":"Shop","item":"https:\/\/oxoxclub.com\/products\/"},{"@type":"ListItem","position":3,"name":"Laisvalaikio keln\u0117s"}]},{"@type":"WebSite","@id":"https:\/\/oxoxclub.com\/lt\/#website","url":"https:\/\/oxoxclub.com\/lt\/","name":"OXOX CLUB","description":"On a mission of never growing up","publisher":{"@id":"https:\/\/oxoxclub.com\/lt\/#organization"},"potentialAction":[{"@type":"SearchAction","target":{"@type":"EntryPoint","urlTemplate":"https:\/\/oxoxclub.com\/lt\/?s={search_term_string}"},"query-input":{"@type":"PropertyValueSpecification","valueRequired":true,"valueName":"search_term_string"}}],"inLanguage":"lt-LT"},{"@type":"Organization","@id":"https:\/\/oxoxclub.com\/lt\/#organization","name":"OXOX CLUB","url":"https:\/\/oxoxclub.com\/lt\/","logo":{"@type":"ImageObject","inLanguage":"lt-LT","@id":"https:\/\/oxoxclub.com\/lt\/#\/schema\/logo\/image\/","url":"https:\/\/oxoxclub.com\/wp-content\/uploads\/oxox-logo-in-blue-4.png","contentUrl":"https:\/\/oxoxclub.com\/wp-content\/uploads\/oxox-logo-in-blue-4.png","width":414,"height":300,"caption":"OXOX CLUB"},"image":{"@id":"https:\/\/oxoxclub.com\/lt\/#\/schema\/logo\/image\/"},"sameAs":["https:\/\/facebook.com\/oxoxclub\/","https:\/\/www.instagram.com\/oxoxclub\/"]}]},"og_availability":"instock","product_availability":"instock","product_retailer_item_id":"28.273.01","product_condition":"new"},"_links":{"self":[{"href":"https:\/\/oxoxclub.com\/lt\/wp-json\/wp\/v2\/product\/68520","targetHints":{"allow":["GET"]}}],"collection":[{"href":"https:\/\/oxoxclub.com\/lt\/wp-json\/wp\/v2\/product"}],"about":[{"href":"https:\/\/oxoxclub.com\/lt\/wp-json\/wp\/v2\/types\/product"}],"replies":[{"embeddable":true,"href":"https:\/\/oxoxclub.com\/lt\/wp-json\/wp\/v2\/comments?post=68520"}],"wp:featuredmedia":[{"embeddable":true,"href":"https:\/\/oxoxclub.com\/lt\/wp-json\/wp\/v2\/media\/61760"}],"wp:attachment":[{"href":"https:\/\/oxoxclub.com\/lt\/wp-json\/wp\/v2\/media?parent=68520"}],"wp:term":[{"taxonomy":"product_brand","embeddable":true,"href":"https:\/\/oxoxclub.com\/lt\/wp-json\/wp\/v2\/product_brand?post=68520"},{"taxonomy":"product_cat","embeddable":true,"href":"https:\/\/oxoxclub.com\/lt\/wp-json\/wp\/v2\/product_cat?post=68520"},{"taxonomy":"product_tag","embeddable":true,"href":"https:\/\/oxoxclub.com\/lt\/wp-json\/wp\/v2\/product_tag?post=68520"}],"curies":[{"name":"wp","href":"https:\/\/api.w.org\/{rel}","templated":true}]}}