{"id":68536,"date":"2023-10-16T15:42:31","date_gmt":"2023-10-16T13:42:31","guid":{"rendered":"https:\/\/oxoxclub-com-486310.hostingersite.com\/products\/be-kategorijos\/striped-short-sleeve-t-shirt\/"},"modified":"2025-10-27T14:45:54","modified_gmt":"2025-10-27T12:45:54","slug":"marskineliai-su-dryziais-3","status":"publish","type":"product","link":"https:\/\/oxoxclub.com\/lt\/products\/vaikams\/topai-ir-marskineliai-lt-2\/marskineliai-lt\/marskineliai-su-dryziais-3\/","title":{"rendered":"Mar\u0161kin\u0117liai su dry\u017eiais"},"content":{"rendered":"<p>\u0160ie unisex mar\u0161kin\u0117liai trumpomis rankov\u0117mis yra pagaminti i\u0161 dry\u017euotos medviln\u0117s. Derink juos su m\u0117gstamais d\u017einsiniais ar velvetiniais drabu\u017eiais ir susikurk nenuobod\u0173 kasdien\u012f \u012fvaizd\u012f.<\/p>\n<p>100% medviln\u0117 \/ Galima skalbti skalbykl\u0117je.<\/p>\n<p>Pagaminta Lietuvoje.<\/p>\n","protected":false},"excerpt":{"rendered":"<p>\u0160ie unisex mar\u0161kin\u0117liai trumpomis rankov\u0117mis yra pagaminti i\u0161 dry\u017euotos medviln\u0117s. Derink juos su m\u0117gstamais d\u017einsiniais ar velvetiniais drabu\u017eiais ir susikurk nenuobod\u0173 kasdien\u012f \u012fvaizd\u012f. 100% medviln\u0117 \/ Galima skalbti skalbykl\u0117je. Pagaminta Lietuvoje.<\/p>\n","protected":false},"featured_media":60537,"comment_status":"open","ping_status":"closed","template":"","meta":[],"product_brand":[],"product_cat":[691,685],"product_tag":[],"class_list":{"0":"post-68536","1":"product","2":"type-product","3":"status-publish","4":"has-post-thumbnail","6":"product_cat-marskineliai-lt","7":"product_cat-topai-ir-marskineliai-lt-2","8":"pa_size-chart-86-92-en","9":"pa_size-chart-98-104-en","10":"pa_size-chart-110-116-en","11":"pa_size-chart-122-128-en","12":"pa_size-chart-134-140-en","13":"pa_size-chart-146-152-en","14":"pa_t-shirts-marskineliai","16":"first","17":"instock","18":"taxable","19":"shipping-taxable","20":"purchasable","21":"product-type-variable"},"acf":[],"yoast_head":"<!-- This site is optimized with the Yoast SEO Premium plugin v20.11 (Yoast SEO v24.3) - https:\/\/yoast.com\/wordpress\/plugins\/seo\/ -->\n<title>Mar\u0161kin\u0117liai su dry\u017eiais - OXOX<\/title>\n<meta name=\"robots\" content=\"index, follow, max-snippet:-1, max-image-preview:large, max-video-preview:-1\" \/>\n<link rel=\"canonical\" href=\"https:\/\/oxoxclub.com\/lt\/products\/vaikams\/topai-ir-marskineliai-lt-2\/marskineliai-lt\/marskineliai-su-dryziais-3\/\" \/>\n<meta property=\"og:locale\" content=\"lt_LT\" \/>\n<meta property=\"og:type\" content=\"article\" \/>\n<meta property=\"og:title\" content=\"Mar\u0161kin\u0117liai su dry\u017eiais\" \/>\n<meta property=\"og:description\" content=\"\u0160ie unisex mar\u0161kin\u0117liai trumpomis rankov\u0117mis yra pagaminti i\u0161 dry\u017euotos medviln\u0117s. Derink juos su m\u0117gstamais d\u017einsiniais ar velvetiniais drabu\u017eiais ir susikurk nenuobod\u0173 kasdien\u012f \u012fvaizd\u012f. 100% medviln\u0117 \/ Galima skalbti skalbykl\u0117je. Pagaminta Lietuvoje.\" \/>\n<meta property=\"og:url\" content=\"https:\/\/oxoxclub.com\/lt\/products\/vaikams\/topai-ir-marskineliai-lt-2\/marskineliai-lt\/marskineliai-su-dryziais-3\/\" \/>\n<meta property=\"og:site_name\" content=\"OXOX\" \/>\n<meta property=\"article:publisher\" content=\"https:\/\/facebook.com\/oxoxclub\/\" \/>\n<meta property=\"article:modified_time\" content=\"2025-10-27T12:45:54+00:00\" \/>\n<meta property=\"og:image\" content=\"https:\/\/oxoxclub.com\/wp-content\/uploads\/Web-Foto-43-jpg.webp\" \/>\n\t<meta property=\"og:image:width\" content=\"1333\" \/>\n\t<meta property=\"og:image:height\" content=\"2000\" \/>\n\t<meta property=\"og:image:type\" content=\"image\/jpeg\" \/>\n<meta name=\"twitter:card\" content=\"summary_large_image\" \/>\n<meta name=\"twitter:label1\" content=\"Availability\" \/>\n\t<meta name=\"twitter:data1\" content=\"In stock\" \/>\n<script type=\"application\/ld+json\" class=\"yoast-schema-graph\">{\"@context\":\"https:\/\/schema.org\",\"@graph\":[{\"@type\":\"WebPage\",\"@id\":\"https:\/\/oxoxclub.com\/lt\/products\/vaikams\/topai-ir-marskineliai-lt-2\/marskineliai-lt\/marskineliai-su-dryziais-3\/\",\"url\":\"https:\/\/oxoxclub.com\/lt\/products\/vaikams\/topai-ir-marskineliai-lt-2\/marskineliai-lt\/marskineliai-su-dryziais-3\/\",\"name\":\"Mar\u0161kin\u0117liai su dry\u017eiais - OXOX\",\"isPartOf\":{\"@id\":\"https:\/\/oxoxclub.com\/lt\/#website\"},\"primaryImageOfPage\":{\"@id\":\"https:\/\/oxoxclub.com\/lt\/products\/vaikams\/topai-ir-marskineliai-lt-2\/marskineliai-lt\/marskineliai-su-dryziais-3\/#primaryimage\"},\"image\":{\"@id\":\"https:\/\/oxoxclub.com\/lt\/products\/vaikams\/topai-ir-marskineliai-lt-2\/marskineliai-lt\/marskineliai-su-dryziais-3\/#primaryimage\"},\"thumbnailUrl\":\"https:\/\/oxoxclub.com\/wp-content\/uploads\/Web-Foto-43-jpg.webp\",\"datePublished\":\"2023-10-16T13:42:31+00:00\",\"dateModified\":\"2025-10-27T12:45:54+00:00\",\"breadcrumb\":{\"@id\":\"https:\/\/oxoxclub.com\/lt\/products\/vaikams\/topai-ir-marskineliai-lt-2\/marskineliai-lt\/marskineliai-su-dryziais-3\/#breadcrumb\"},\"inLanguage\":\"lt-LT\",\"potentialAction\":[{\"@type\":\"ReadAction\",\"target\":[\"https:\/\/oxoxclub.com\/lt\/products\/vaikams\/topai-ir-marskineliai-lt-2\/marskineliai-lt\/marskineliai-su-dryziais-3\/\"]}]},{\"@type\":\"ImageObject\",\"inLanguage\":\"lt-LT\",\"@id\":\"https:\/\/oxoxclub.com\/lt\/products\/vaikams\/topai-ir-marskineliai-lt-2\/marskineliai-lt\/marskineliai-su-dryziais-3\/#primaryimage\",\"url\":\"https:\/\/oxoxclub.com\/wp-content\/uploads\/Web-Foto-43-jpg.webp\",\"contentUrl\":\"https:\/\/oxoxclub.com\/wp-content\/uploads\/Web-Foto-43-jpg.webp\",\"width\":1333,\"height\":2000},{\"@type\":\"BreadcrumbList\",\"@id\":\"https:\/\/oxoxclub.com\/lt\/products\/vaikams\/topai-ir-marskineliai-lt-2\/marskineliai-lt\/marskineliai-su-dryziais-3\/#breadcrumb\",\"itemListElement\":[{\"@type\":\"ListItem\",\"position\":1,\"name\":\"Home\",\"item\":\"https:\/\/oxoxclub.com\/lt\/\"},{\"@type\":\"ListItem\",\"position\":2,\"name\":\"Shop\",\"item\":\"https:\/\/oxoxclub.com\/products\/\"},{\"@type\":\"ListItem\",\"position\":3,\"name\":\"Mar\u0161kin\u0117liai su dry\u017eiais\"}]},{\"@type\":\"WebSite\",\"@id\":\"https:\/\/oxoxclub.com\/lt\/#website\",\"url\":\"https:\/\/oxoxclub.com\/lt\/\",\"name\":\"OXOX CLUB\",\"description\":\"On a mission of never growing up\",\"publisher\":{\"@id\":\"https:\/\/oxoxclub.com\/lt\/#organization\"},\"potentialAction\":[{\"@type\":\"SearchAction\",\"target\":{\"@type\":\"EntryPoint\",\"urlTemplate\":\"https:\/\/oxoxclub.com\/lt\/?s={search_term_string}\"},\"query-input\":{\"@type\":\"PropertyValueSpecification\",\"valueRequired\":true,\"valueName\":\"search_term_string\"}}],\"inLanguage\":\"lt-LT\"},{\"@type\":\"Organization\",\"@id\":\"https:\/\/oxoxclub.com\/lt\/#organization\",\"name\":\"OXOX CLUB\",\"url\":\"https:\/\/oxoxclub.com\/lt\/\",\"logo\":{\"@type\":\"ImageObject\",\"inLanguage\":\"lt-LT\",\"@id\":\"https:\/\/oxoxclub.com\/lt\/#\/schema\/logo\/image\/\",\"url\":\"https:\/\/oxoxclub.com\/wp-content\/uploads\/oxox-logo-in-blue-4.png\",\"contentUrl\":\"https:\/\/oxoxclub.com\/wp-content\/uploads\/oxox-logo-in-blue-4.png\",\"width\":414,\"height\":300,\"caption\":\"OXOX CLUB\"},\"image\":{\"@id\":\"https:\/\/oxoxclub.com\/lt\/#\/schema\/logo\/image\/\"},\"sameAs\":[\"https:\/\/facebook.com\/oxoxclub\/\",\"https:\/\/www.instagram.com\/oxoxclub\/\"]}]}<\/script>\n<meta property=\"og:availability\" content=\"instock\" \/>\n<meta property=\"product:availability\" content=\"instock\" \/>\n<meta property=\"product:retailer_item_id\" content=\"27.123.09\" \/>\n<meta property=\"product:condition\" content=\"new\" \/>\n<!-- \/ Yoast SEO Premium plugin. -->","yoast_head_json":{"title":"Mar\u0161kin\u0117liai su dry\u017eiais - OXOX","robots":{"index":"index","follow":"follow","max-snippet":"max-snippet:-1","max-image-preview":"max-image-preview:large","max-video-preview":"max-video-preview:-1"},"canonical":"https:\/\/oxoxclub.com\/lt\/products\/vaikams\/topai-ir-marskineliai-lt-2\/marskineliai-lt\/marskineliai-su-dryziais-3\/","og_locale":"lt_LT","og_type":"article","og_title":"Mar\u0161kin\u0117liai su dry\u017eiais","og_description":"\u0160ie unisex mar\u0161kin\u0117liai trumpomis rankov\u0117mis yra pagaminti i\u0161 dry\u017euotos medviln\u0117s. Derink juos su m\u0117gstamais d\u017einsiniais ar velvetiniais drabu\u017eiais ir susikurk nenuobod\u0173 kasdien\u012f \u012fvaizd\u012f. 100% medviln\u0117 \/ Galima skalbti skalbykl\u0117je. Pagaminta Lietuvoje.","og_url":"https:\/\/oxoxclub.com\/lt\/products\/vaikams\/topai-ir-marskineliai-lt-2\/marskineliai-lt\/marskineliai-su-dryziais-3\/","og_site_name":"OXOX","article_publisher":"https:\/\/facebook.com\/oxoxclub\/","article_modified_time":"2025-10-27T12:45:54+00:00","og_image":[{"width":1333,"height":2000,"url":"https:\/\/oxoxclub.com\/wp-content\/uploads\/Web-Foto-43-jpg.webp","type":"image\/jpeg"}],"twitter_card":"summary_large_image","twitter_misc":{"Availability":"In stock"},"schema":{"@context":"https:\/\/schema.org","@graph":[{"@type":"WebPage","@id":"https:\/\/oxoxclub.com\/lt\/products\/vaikams\/topai-ir-marskineliai-lt-2\/marskineliai-lt\/marskineliai-su-dryziais-3\/","url":"https:\/\/oxoxclub.com\/lt\/products\/vaikams\/topai-ir-marskineliai-lt-2\/marskineliai-lt\/marskineliai-su-dryziais-3\/","name":"Mar\u0161kin\u0117liai su dry\u017eiais - OXOX","isPartOf":{"@id":"https:\/\/oxoxclub.com\/lt\/#website"},"primaryImageOfPage":{"@id":"https:\/\/oxoxclub.com\/lt\/products\/vaikams\/topai-ir-marskineliai-lt-2\/marskineliai-lt\/marskineliai-su-dryziais-3\/#primaryimage"},"image":{"@id":"https:\/\/oxoxclub.com\/lt\/products\/vaikams\/topai-ir-marskineliai-lt-2\/marskineliai-lt\/marskineliai-su-dryziais-3\/#primaryimage"},"thumbnailUrl":"https:\/\/oxoxclub.com\/wp-content\/uploads\/Web-Foto-43-jpg.webp","datePublished":"2023-10-16T13:42:31+00:00","dateModified":"2025-10-27T12:45:54+00:00","breadcrumb":{"@id":"https:\/\/oxoxclub.com\/lt\/products\/vaikams\/topai-ir-marskineliai-lt-2\/marskineliai-lt\/marskineliai-su-dryziais-3\/#breadcrumb"},"inLanguage":"lt-LT","potentialAction":[{"@type":"ReadAction","target":["https:\/\/oxoxclub.com\/lt\/products\/vaikams\/topai-ir-marskineliai-lt-2\/marskineliai-lt\/marskineliai-su-dryziais-3\/"]}]},{"@type":"ImageObject","inLanguage":"lt-LT","@id":"https:\/\/oxoxclub.com\/lt\/products\/vaikams\/topai-ir-marskineliai-lt-2\/marskineliai-lt\/marskineliai-su-dryziais-3\/#primaryimage","url":"https:\/\/oxoxclub.com\/wp-content\/uploads\/Web-Foto-43-jpg.webp","contentUrl":"https:\/\/oxoxclub.com\/wp-content\/uploads\/Web-Foto-43-jpg.webp","width":1333,"height":2000},{"@type":"BreadcrumbList","@id":"https:\/\/oxoxclub.com\/lt\/products\/vaikams\/topai-ir-marskineliai-lt-2\/marskineliai-lt\/marskineliai-su-dryziais-3\/#breadcrumb","itemListElement":[{"@type":"ListItem","position":1,"name":"Home","item":"https:\/\/oxoxclub.com\/lt\/"},{"@type":"ListItem","position":2,"name":"Shop","item":"https:\/\/oxoxclub.com\/products\/"},{"@type":"ListItem","position":3,"name":"Mar\u0161kin\u0117liai su dry\u017eiais"}]},{"@type":"WebSite","@id":"https:\/\/oxoxclub.com\/lt\/#website","url":"https:\/\/oxoxclub.com\/lt\/","name":"OXOX CLUB","description":"On a mission of never growing up","publisher":{"@id":"https:\/\/oxoxclub.com\/lt\/#organization"},"potentialAction":[{"@type":"SearchAction","target":{"@type":"EntryPoint","urlTemplate":"https:\/\/oxoxclub.com\/lt\/?s={search_term_string}"},"query-input":{"@type":"PropertyValueSpecification","valueRequired":true,"valueName":"search_term_string"}}],"inLanguage":"lt-LT"},{"@type":"Organization","@id":"https:\/\/oxoxclub.com\/lt\/#organization","name":"OXOX CLUB","url":"https:\/\/oxoxclub.com\/lt\/","logo":{"@type":"ImageObject","inLanguage":"lt-LT","@id":"https:\/\/oxoxclub.com\/lt\/#\/schema\/logo\/image\/","url":"https:\/\/oxoxclub.com\/wp-content\/uploads\/oxox-logo-in-blue-4.png","contentUrl":"https:\/\/oxoxclub.com\/wp-content\/uploads\/oxox-logo-in-blue-4.png","width":414,"height":300,"caption":"OXOX CLUB"},"image":{"@id":"https:\/\/oxoxclub.com\/lt\/#\/schema\/logo\/image\/"},"sameAs":["https:\/\/facebook.com\/oxoxclub\/","https:\/\/www.instagram.com\/oxoxclub\/"]}]},"og_availability":"instock","product_availability":"instock","product_retailer_item_id":"27.123.09","product_condition":"new"},"_links":{"self":[{"href":"https:\/\/oxoxclub.com\/lt\/wp-json\/wp\/v2\/product\/68536","targetHints":{"allow":["GET"]}}],"collection":[{"href":"https:\/\/oxoxclub.com\/lt\/wp-json\/wp\/v2\/product"}],"about":[{"href":"https:\/\/oxoxclub.com\/lt\/wp-json\/wp\/v2\/types\/product"}],"replies":[{"embeddable":true,"href":"https:\/\/oxoxclub.com\/lt\/wp-json\/wp\/v2\/comments?post=68536"}],"wp:featuredmedia":[{"embeddable":true,"href":"https:\/\/oxoxclub.com\/lt\/wp-json\/wp\/v2\/media\/60537"}],"wp:attachment":[{"href":"https:\/\/oxoxclub.com\/lt\/wp-json\/wp\/v2\/media?parent=68536"}],"wp:term":[{"taxonomy":"product_brand","embeddable":true,"href":"https:\/\/oxoxclub.com\/lt\/wp-json\/wp\/v2\/product_brand?post=68536"},{"taxonomy":"product_cat","embeddable":true,"href":"https:\/\/oxoxclub.com\/lt\/wp-json\/wp\/v2\/product_cat?post=68536"},{"taxonomy":"product_tag","embeddable":true,"href":"https:\/\/oxoxclub.com\/lt\/wp-json\/wp\/v2\/product_tag?post=68536"}],"curies":[{"name":"wp","href":"https:\/\/api.w.org\/{rel}","templated":true}]}}