{"id":68543,"date":"2023-10-16T15:36:24","date_gmt":"2023-10-16T13:36:24","guid":{"rendered":"https:\/\/oxoxclub-com-486310.hostingersite.com\/products\/be-kategorijos\/faux-fur-jacket-with-zipper-rose\/"},"modified":"2026-01-06T16:21:18","modified_gmt":"2026-01-06T14:21:18","slug":"veganisko-kailio-svarkelis-2","status":"publish","type":"product","link":"https:\/\/oxoxclub.com\/lt\/products\/vaikams\/vidurio-sezono-ispardavimas\/veganisko-kailio-svarkelis-2\/","title":{"rendered":"Vegani\u0161ko kailio \u0161varkelis"},"content":{"rendered":"<p>\u0160is \u0161varkelis yra pagamintas i\u0161 dirbtinio kailio, turi dvi dideles ki\u0161enes ir u\u017etrauktuk\u0105. Jis suteikia \u0161ilumos ir jaukumo poj\u016bt\u012f, bet kartu yra ir i\u0161skirtinis stiliaus akcentas. D\u0117v\u0117k j\u012f smagiems kino vakarams. Tik nepamir\u0161k sprag\u0117si\u0173!<\/p>\n<p>65% PE, 35% PES \/ Galima skalbti skalbykl\u0117je.<\/p>\n<p>Pagaminta Lietuvoje.<\/p>\n","protected":false},"excerpt":{"rendered":"<p>\u0160is \u0161varkelis yra pagamintas i\u0161 dirbtinio kailio, turi dvi dideles ki\u0161enes ir u\u017etrauktuk\u0105. Jis suteikia \u0161ilumos ir jaukumo poj\u016bt\u012f, bet kartu yra ir i\u0161skirtinis stiliaus akcentas. D\u0117v\u0117k j\u012f smagiems kino vakarams. Tik nepamir\u0161k sprag\u0117si\u0173! 65% PE, 35% PES \/ Galima skalbti skalbykl\u0117je. Pagaminta Lietuvoje.<\/p>\n","protected":false},"featured_media":60637,"comment_status":"open","ping_status":"closed","template":"","meta":[],"product_brand":[],"product_cat":[688,798],"product_tag":[764],"class_list":{"0":"post-68543","1":"product","2":"type-product","3":"status-publish","4":"has-post-thumbnail","6":"product_cat-svarkeliai","7":"product_cat-vidurio-sezono-ispardavimas","8":"product_tag-flash-sale-20-lt","9":"pa_size-chart-86-92-en","10":"pa_size-chart-98-104-en","11":"pa_size-chart-110-116-en","12":"pa_size-chart-122-128-en","13":"pa_size-chart-134-140-en","14":"pa_size-chart-146-152-en","15":"pa_sweatshirts-svarkeliai","17":"first","18":"instock","19":"taxable","20":"shipping-taxable","21":"purchasable","22":"product-type-variable"},"acf":[],"yoast_head":"<!-- This site is optimized with the Yoast SEO Premium plugin v20.11 (Yoast SEO v24.3) - https:\/\/yoast.com\/wordpress\/plugins\/seo\/ -->\n<title>Vegani\u0161ko kailio \u0161varkelis - OXOX<\/title>\n<meta name=\"robots\" content=\"index, follow, max-snippet:-1, max-image-preview:large, max-video-preview:-1\" \/>\n<link rel=\"canonical\" href=\"https:\/\/oxoxclub.com\/lt\/products\/vaikams\/vidurio-sezono-ispardavimas\/veganisko-kailio-svarkelis-2\/\" \/>\n<meta property=\"og:locale\" content=\"lt_LT\" \/>\n<meta property=\"og:type\" content=\"article\" \/>\n<meta property=\"og:title\" content=\"Vegani\u0161ko kailio \u0161varkelis\" \/>\n<meta property=\"og:description\" content=\"\u0160is \u0161varkelis yra pagamintas i\u0161 dirbtinio kailio, turi dvi dideles ki\u0161enes ir u\u017etrauktuk\u0105. Jis suteikia \u0161ilumos ir jaukumo poj\u016bt\u012f, bet kartu yra ir i\u0161skirtinis stiliaus akcentas. D\u0117v\u0117k j\u012f smagiems kino vakarams. Tik nepamir\u0161k sprag\u0117si\u0173! 65% PE, 35% PES \/ Galima skalbti skalbykl\u0117je. Pagaminta Lietuvoje.\" \/>\n<meta property=\"og:url\" content=\"https:\/\/oxoxclub.com\/lt\/products\/vaikams\/vidurio-sezono-ispardavimas\/veganisko-kailio-svarkelis-2\/\" \/>\n<meta property=\"og:site_name\" content=\"OXOX\" \/>\n<meta property=\"article:publisher\" content=\"https:\/\/facebook.com\/oxoxclub\/\" \/>\n<meta property=\"article:modified_time\" content=\"2026-01-06T14:21:18+00:00\" \/>\n<meta property=\"og:image\" content=\"https:\/\/oxoxclub.com\/wp-content\/uploads\/Web-Foto-95-jpg.webp\" \/>\n\t<meta property=\"og:image:width\" content=\"1333\" \/>\n\t<meta property=\"og:image:height\" content=\"2000\" \/>\n\t<meta property=\"og:image:type\" content=\"image\/jpeg\" \/>\n<meta name=\"twitter:card\" content=\"summary_large_image\" \/>\n<meta name=\"twitter:label1\" content=\"Availability\" \/>\n\t<meta name=\"twitter:data1\" content=\"In stock\" \/>\n<script type=\"application\/ld+json\" class=\"yoast-schema-graph\">{\"@context\":\"https:\/\/schema.org\",\"@graph\":[{\"@type\":\"WebPage\",\"@id\":\"https:\/\/oxoxclub.com\/lt\/products\/vaikams\/vidurio-sezono-ispardavimas\/veganisko-kailio-svarkelis-2\/\",\"url\":\"https:\/\/oxoxclub.com\/lt\/products\/vaikams\/vidurio-sezono-ispardavimas\/veganisko-kailio-svarkelis-2\/\",\"name\":\"Vegani\u0161ko kailio \u0161varkelis - OXOX\",\"isPartOf\":{\"@id\":\"https:\/\/oxoxclub.com\/lt\/#website\"},\"primaryImageOfPage\":{\"@id\":\"https:\/\/oxoxclub.com\/lt\/products\/vaikams\/vidurio-sezono-ispardavimas\/veganisko-kailio-svarkelis-2\/#primaryimage\"},\"image\":{\"@id\":\"https:\/\/oxoxclub.com\/lt\/products\/vaikams\/vidurio-sezono-ispardavimas\/veganisko-kailio-svarkelis-2\/#primaryimage\"},\"thumbnailUrl\":\"https:\/\/oxoxclub.com\/wp-content\/uploads\/Web-Foto-95-jpg.webp\",\"datePublished\":\"2023-10-16T13:36:24+00:00\",\"dateModified\":\"2026-01-06T14:21:18+00:00\",\"breadcrumb\":{\"@id\":\"https:\/\/oxoxclub.com\/lt\/products\/vaikams\/vidurio-sezono-ispardavimas\/veganisko-kailio-svarkelis-2\/#breadcrumb\"},\"inLanguage\":\"lt-LT\",\"potentialAction\":[{\"@type\":\"ReadAction\",\"target\":[\"https:\/\/oxoxclub.com\/lt\/products\/vaikams\/vidurio-sezono-ispardavimas\/veganisko-kailio-svarkelis-2\/\"]}]},{\"@type\":\"ImageObject\",\"inLanguage\":\"lt-LT\",\"@id\":\"https:\/\/oxoxclub.com\/lt\/products\/vaikams\/vidurio-sezono-ispardavimas\/veganisko-kailio-svarkelis-2\/#primaryimage\",\"url\":\"https:\/\/oxoxclub.com\/wp-content\/uploads\/Web-Foto-95-jpg.webp\",\"contentUrl\":\"https:\/\/oxoxclub.com\/wp-content\/uploads\/Web-Foto-95-jpg.webp\",\"width\":1333,\"height\":2000},{\"@type\":\"BreadcrumbList\",\"@id\":\"https:\/\/oxoxclub.com\/lt\/products\/vaikams\/vidurio-sezono-ispardavimas\/veganisko-kailio-svarkelis-2\/#breadcrumb\",\"itemListElement\":[{\"@type\":\"ListItem\",\"position\":1,\"name\":\"Home\",\"item\":\"https:\/\/oxoxclub.com\/lt\/\"},{\"@type\":\"ListItem\",\"position\":2,\"name\":\"Shop\",\"item\":\"https:\/\/oxoxclub.com\/products\/\"},{\"@type\":\"ListItem\",\"position\":3,\"name\":\"Vegani\u0161ko kailio \u0161varkelis\"}]},{\"@type\":\"WebSite\",\"@id\":\"https:\/\/oxoxclub.com\/lt\/#website\",\"url\":\"https:\/\/oxoxclub.com\/lt\/\",\"name\":\"OXOX CLUB\",\"description\":\"On a mission of never growing up\",\"publisher\":{\"@id\":\"https:\/\/oxoxclub.com\/lt\/#organization\"},\"potentialAction\":[{\"@type\":\"SearchAction\",\"target\":{\"@type\":\"EntryPoint\",\"urlTemplate\":\"https:\/\/oxoxclub.com\/lt\/?s={search_term_string}\"},\"query-input\":{\"@type\":\"PropertyValueSpecification\",\"valueRequired\":true,\"valueName\":\"search_term_string\"}}],\"inLanguage\":\"lt-LT\"},{\"@type\":\"Organization\",\"@id\":\"https:\/\/oxoxclub.com\/lt\/#organization\",\"name\":\"OXOX CLUB\",\"url\":\"https:\/\/oxoxclub.com\/lt\/\",\"logo\":{\"@type\":\"ImageObject\",\"inLanguage\":\"lt-LT\",\"@id\":\"https:\/\/oxoxclub.com\/lt\/#\/schema\/logo\/image\/\",\"url\":\"https:\/\/oxoxclub.com\/wp-content\/uploads\/oxox-logo-in-blue-4.png\",\"contentUrl\":\"https:\/\/oxoxclub.com\/wp-content\/uploads\/oxox-logo-in-blue-4.png\",\"width\":414,\"height\":300,\"caption\":\"OXOX CLUB\"},\"image\":{\"@id\":\"https:\/\/oxoxclub.com\/lt\/#\/schema\/logo\/image\/\"},\"sameAs\":[\"https:\/\/facebook.com\/oxoxclub\/\",\"https:\/\/www.instagram.com\/oxoxclub\/\"]}]}<\/script>\n<meta property=\"og:availability\" content=\"instock\" \/>\n<meta property=\"product:availability\" content=\"instock\" \/>\n<meta property=\"product:retailer_item_id\" content=\"27.386.03\" \/>\n<meta property=\"product:condition\" content=\"new\" \/>\n<!-- \/ Yoast SEO Premium plugin. -->","yoast_head_json":{"title":"Vegani\u0161ko kailio \u0161varkelis - OXOX","robots":{"index":"index","follow":"follow","max-snippet":"max-snippet:-1","max-image-preview":"max-image-preview:large","max-video-preview":"max-video-preview:-1"},"canonical":"https:\/\/oxoxclub.com\/lt\/products\/vaikams\/vidurio-sezono-ispardavimas\/veganisko-kailio-svarkelis-2\/","og_locale":"lt_LT","og_type":"article","og_title":"Vegani\u0161ko kailio \u0161varkelis","og_description":"\u0160is \u0161varkelis yra pagamintas i\u0161 dirbtinio kailio, turi dvi dideles ki\u0161enes ir u\u017etrauktuk\u0105. Jis suteikia \u0161ilumos ir jaukumo poj\u016bt\u012f, bet kartu yra ir i\u0161skirtinis stiliaus akcentas. D\u0117v\u0117k j\u012f smagiems kino vakarams. Tik nepamir\u0161k sprag\u0117si\u0173! 65% PE, 35% PES \/ Galima skalbti skalbykl\u0117je. Pagaminta Lietuvoje.","og_url":"https:\/\/oxoxclub.com\/lt\/products\/vaikams\/vidurio-sezono-ispardavimas\/veganisko-kailio-svarkelis-2\/","og_site_name":"OXOX","article_publisher":"https:\/\/facebook.com\/oxoxclub\/","article_modified_time":"2026-01-06T14:21:18+00:00","og_image":[{"width":1333,"height":2000,"url":"https:\/\/oxoxclub.com\/wp-content\/uploads\/Web-Foto-95-jpg.webp","type":"image\/jpeg"}],"twitter_card":"summary_large_image","twitter_misc":{"Availability":"In stock"},"schema":{"@context":"https:\/\/schema.org","@graph":[{"@type":"WebPage","@id":"https:\/\/oxoxclub.com\/lt\/products\/vaikams\/vidurio-sezono-ispardavimas\/veganisko-kailio-svarkelis-2\/","url":"https:\/\/oxoxclub.com\/lt\/products\/vaikams\/vidurio-sezono-ispardavimas\/veganisko-kailio-svarkelis-2\/","name":"Vegani\u0161ko kailio \u0161varkelis - OXOX","isPartOf":{"@id":"https:\/\/oxoxclub.com\/lt\/#website"},"primaryImageOfPage":{"@id":"https:\/\/oxoxclub.com\/lt\/products\/vaikams\/vidurio-sezono-ispardavimas\/veganisko-kailio-svarkelis-2\/#primaryimage"},"image":{"@id":"https:\/\/oxoxclub.com\/lt\/products\/vaikams\/vidurio-sezono-ispardavimas\/veganisko-kailio-svarkelis-2\/#primaryimage"},"thumbnailUrl":"https:\/\/oxoxclub.com\/wp-content\/uploads\/Web-Foto-95-jpg.webp","datePublished":"2023-10-16T13:36:24+00:00","dateModified":"2026-01-06T14:21:18+00:00","breadcrumb":{"@id":"https:\/\/oxoxclub.com\/lt\/products\/vaikams\/vidurio-sezono-ispardavimas\/veganisko-kailio-svarkelis-2\/#breadcrumb"},"inLanguage":"lt-LT","potentialAction":[{"@type":"ReadAction","target":["https:\/\/oxoxclub.com\/lt\/products\/vaikams\/vidurio-sezono-ispardavimas\/veganisko-kailio-svarkelis-2\/"]}]},{"@type":"ImageObject","inLanguage":"lt-LT","@id":"https:\/\/oxoxclub.com\/lt\/products\/vaikams\/vidurio-sezono-ispardavimas\/veganisko-kailio-svarkelis-2\/#primaryimage","url":"https:\/\/oxoxclub.com\/wp-content\/uploads\/Web-Foto-95-jpg.webp","contentUrl":"https:\/\/oxoxclub.com\/wp-content\/uploads\/Web-Foto-95-jpg.webp","width":1333,"height":2000},{"@type":"BreadcrumbList","@id":"https:\/\/oxoxclub.com\/lt\/products\/vaikams\/vidurio-sezono-ispardavimas\/veganisko-kailio-svarkelis-2\/#breadcrumb","itemListElement":[{"@type":"ListItem","position":1,"name":"Home","item":"https:\/\/oxoxclub.com\/lt\/"},{"@type":"ListItem","position":2,"name":"Shop","item":"https:\/\/oxoxclub.com\/products\/"},{"@type":"ListItem","position":3,"name":"Vegani\u0161ko kailio \u0161varkelis"}]},{"@type":"WebSite","@id":"https:\/\/oxoxclub.com\/lt\/#website","url":"https:\/\/oxoxclub.com\/lt\/","name":"OXOX CLUB","description":"On a mission of never growing up","publisher":{"@id":"https:\/\/oxoxclub.com\/lt\/#organization"},"potentialAction":[{"@type":"SearchAction","target":{"@type":"EntryPoint","urlTemplate":"https:\/\/oxoxclub.com\/lt\/?s={search_term_string}"},"query-input":{"@type":"PropertyValueSpecification","valueRequired":true,"valueName":"search_term_string"}}],"inLanguage":"lt-LT"},{"@type":"Organization","@id":"https:\/\/oxoxclub.com\/lt\/#organization","name":"OXOX CLUB","url":"https:\/\/oxoxclub.com\/lt\/","logo":{"@type":"ImageObject","inLanguage":"lt-LT","@id":"https:\/\/oxoxclub.com\/lt\/#\/schema\/logo\/image\/","url":"https:\/\/oxoxclub.com\/wp-content\/uploads\/oxox-logo-in-blue-4.png","contentUrl":"https:\/\/oxoxclub.com\/wp-content\/uploads\/oxox-logo-in-blue-4.png","width":414,"height":300,"caption":"OXOX CLUB"},"image":{"@id":"https:\/\/oxoxclub.com\/lt\/#\/schema\/logo\/image\/"},"sameAs":["https:\/\/facebook.com\/oxoxclub\/","https:\/\/www.instagram.com\/oxoxclub\/"]}]},"og_availability":"instock","product_availability":"instock","product_retailer_item_id":"27.386.03","product_condition":"new"},"_links":{"self":[{"href":"https:\/\/oxoxclub.com\/lt\/wp-json\/wp\/v2\/product\/68543","targetHints":{"allow":["GET"]}}],"collection":[{"href":"https:\/\/oxoxclub.com\/lt\/wp-json\/wp\/v2\/product"}],"about":[{"href":"https:\/\/oxoxclub.com\/lt\/wp-json\/wp\/v2\/types\/product"}],"replies":[{"embeddable":true,"href":"https:\/\/oxoxclub.com\/lt\/wp-json\/wp\/v2\/comments?post=68543"}],"wp:featuredmedia":[{"embeddable":true,"href":"https:\/\/oxoxclub.com\/lt\/wp-json\/wp\/v2\/media\/60637"}],"wp:attachment":[{"href":"https:\/\/oxoxclub.com\/lt\/wp-json\/wp\/v2\/media?parent=68543"}],"wp:term":[{"taxonomy":"product_brand","embeddable":true,"href":"https:\/\/oxoxclub.com\/lt\/wp-json\/wp\/v2\/product_brand?post=68543"},{"taxonomy":"product_cat","embeddable":true,"href":"https:\/\/oxoxclub.com\/lt\/wp-json\/wp\/v2\/product_cat?post=68543"},{"taxonomy":"product_tag","embeddable":true,"href":"https:\/\/oxoxclub.com\/lt\/wp-json\/wp\/v2\/product_tag?post=68543"}],"curies":[{"name":"wp","href":"https:\/\/api.w.org\/{rel}","templated":true}]}}