{"id":68791,"date":"2023-07-25T12:27:23","date_gmt":"2023-07-25T10:27:23","guid":{"rendered":"https:\/\/oxoxclub-com-486310.hostingersite.com\/products\/be-kategorijos\/flea-market-wide-sleeve-top\/"},"modified":"2026-01-06T16:13:28","modified_gmt":"2026-01-06T14:13:28","slug":"flea-market-marskineliai-su-placiomis-rankovemis","status":"publish","type":"product","link":"https:\/\/oxoxclub.com\/lt\/products\/vaikams\/flea-market-lt\/flea-market-marskineliai-su-placiomis-rankovemis\/","title":{"rendered":"\u201eFlea Market\u201c mar\u0161kin\u0117liai su pla\u010diomis rankov\u0117mis"},"content":{"rendered":"<p>\u0160ie paprasti, bet stilingi mar\u0161kin\u0117liai \u2013 itin reikalingas drabu\u017eis kasdieniam \u012fvaizd\u017eiui su charakteriu sukurti. Minimalistiniai, padidinto silueto topas yra pagamintas i\u0161 ekologi\u0161kos medviln\u0117s su apvalia i\u0161kirpte, ry\u0161kiu \u201eFlea Market\u201c u\u017era\u0161u priekyje ir ilgomis pla\u010diomis rankov\u0117mis.<\/p>\n<p>100% ekologi\u0161ka medviln\u0117 \/ Galima skalbti skalbykl\u0117je.<\/p>\n<p>Pagaminta Lietuvoje.<\/p>\n","protected":false},"excerpt":{"rendered":"<p>\u0160ie paprasti, bet stilingi mar\u0161kin\u0117liai \u2013 itin reikalingas drabu\u017eis kasdieniam \u012fvaizd\u017eiui su charakteriu sukurti. Minimalistiniai, padidinto silueto topas yra pagamintas i\u0161 ekologi\u0161kos medviln\u0117s su apvalia i\u0161kirpte, ry\u0161kiu \u201eFlea Market\u201c u\u017era\u0161u priekyje ir ilgomis pla\u010diomis rankov\u0117mis. 100% ekologi\u0161ka medviln\u0117 \/ Galima skalbti skalbykl\u0117je. Pagaminta Lietuvoje.<\/p>\n","protected":false},"featured_media":60495,"comment_status":"open","ping_status":"closed","template":"","meta":[],"product_brand":[],"product_cat":[667,691,685,798],"product_tag":[748],"class_list":{"0":"post-68791","1":"product","2":"type-product","3":"status-publish","4":"has-post-thumbnail","6":"product_cat-flea-market-lt","7":"product_cat-marskineliai-lt","8":"product_cat-topai-ir-marskineliai-lt-2","9":"product_cat-vidurio-sezono-ispardavimas","10":"product_tag-organic-cotton-lt","11":"pa_size-chart-86-92-en","12":"pa_size-chart-98-104-en","13":"pa_size-chart-110-116-en","14":"pa_size-chart-122-128-en","15":"pa_size-chart-134-140-en","16":"pa_size-chart-146-152-en","17":"pa_t-shirts-ilgarankoviai","19":"first","20":"instock","21":"taxable","22":"shipping-taxable","23":"purchasable","24":"product-type-variable"},"acf":[],"yoast_head":"<!-- This site is optimized with the Yoast SEO Premium plugin v20.11 (Yoast SEO v24.3) - https:\/\/yoast.com\/wordpress\/plugins\/seo\/ -->\n<title>\u201eFlea Market\u201c mar\u0161kin\u0117liai su pla\u010diomis rankov\u0117mis - OXOX<\/title>\n<meta name=\"description\" content=\"This simple t-shirt is an essential piece for edgy high-street dressing! Minimalist, oversized, organic cotton t-shirt with a round neck and short sleeves.\" \/>\n<meta name=\"robots\" content=\"index, follow, max-snippet:-1, max-image-preview:large, max-video-preview:-1\" \/>\n<link rel=\"canonical\" href=\"https:\/\/oxoxclub.com\/lt\/products\/vaikams\/flea-market-lt\/flea-market-marskineliai-su-placiomis-rankovemis\/\" \/>\n<meta property=\"og:locale\" content=\"lt_LT\" \/>\n<meta property=\"og:type\" content=\"article\" \/>\n<meta property=\"og:title\" content=\"\u201eFlea Market\u201c mar\u0161kin\u0117liai su pla\u010diomis rankov\u0117mis\" \/>\n<meta property=\"og:description\" content=\"This simple t-shirt is an essential piece for edgy high-street dressing! Minimalist, oversized, organic cotton t-shirt with a round neck and short sleeves.\" \/>\n<meta property=\"og:url\" content=\"https:\/\/oxoxclub.com\/lt\/products\/vaikams\/flea-market-lt\/flea-market-marskineliai-su-placiomis-rankovemis\/\" \/>\n<meta property=\"og:site_name\" content=\"OXOX\" \/>\n<meta property=\"article:publisher\" content=\"https:\/\/facebook.com\/oxoxclub\/\" \/>\n<meta property=\"article:modified_time\" content=\"2026-01-06T14:13:28+00:00\" \/>\n<meta property=\"og:image\" content=\"https:\/\/oxoxclub.com\/wp-content\/uploads\/Web-Foto-22-jpg.webp\" \/>\n\t<meta property=\"og:image:width\" content=\"1333\" \/>\n\t<meta property=\"og:image:height\" content=\"2000\" \/>\n\t<meta property=\"og:image:type\" content=\"image\/jpeg\" \/>\n<meta name=\"twitter:card\" content=\"summary_large_image\" \/>\n<meta name=\"twitter:label1\" content=\"Availability\" \/>\n\t<meta name=\"twitter:data1\" content=\"In stock\" \/>\n<script type=\"application\/ld+json\" class=\"yoast-schema-graph\">{\"@context\":\"https:\/\/schema.org\",\"@graph\":[{\"@type\":\"WebPage\",\"@id\":\"https:\/\/oxoxclub.com\/lt\/products\/vaikams\/flea-market-lt\/flea-market-marskineliai-su-placiomis-rankovemis\/\",\"url\":\"https:\/\/oxoxclub.com\/lt\/products\/vaikams\/flea-market-lt\/flea-market-marskineliai-su-placiomis-rankovemis\/\",\"name\":\"\u201eFlea Market\u201c mar\u0161kin\u0117liai su pla\u010diomis rankov\u0117mis - OXOX\",\"isPartOf\":{\"@id\":\"https:\/\/oxoxclub.com\/lt\/#website\"},\"primaryImageOfPage\":{\"@id\":\"https:\/\/oxoxclub.com\/lt\/products\/vaikams\/flea-market-lt\/flea-market-marskineliai-su-placiomis-rankovemis\/#primaryimage\"},\"image\":{\"@id\":\"https:\/\/oxoxclub.com\/lt\/products\/vaikams\/flea-market-lt\/flea-market-marskineliai-su-placiomis-rankovemis\/#primaryimage\"},\"thumbnailUrl\":\"https:\/\/oxoxclub.com\/wp-content\/uploads\/Web-Foto-22-jpg.webp\",\"datePublished\":\"2023-07-25T10:27:23+00:00\",\"dateModified\":\"2026-01-06T14:13:28+00:00\",\"description\":\"This simple t-shirt is an essential piece for edgy high-street dressing! Minimalist, oversized, organic cotton t-shirt with a round neck and short sleeves.\",\"breadcrumb\":{\"@id\":\"https:\/\/oxoxclub.com\/lt\/products\/vaikams\/flea-market-lt\/flea-market-marskineliai-su-placiomis-rankovemis\/#breadcrumb\"},\"inLanguage\":\"lt-LT\",\"potentialAction\":[{\"@type\":\"ReadAction\",\"target\":[\"https:\/\/oxoxclub.com\/lt\/products\/vaikams\/flea-market-lt\/flea-market-marskineliai-su-placiomis-rankovemis\/\"]}]},{\"@type\":\"ImageObject\",\"inLanguage\":\"lt-LT\",\"@id\":\"https:\/\/oxoxclub.com\/lt\/products\/vaikams\/flea-market-lt\/flea-market-marskineliai-su-placiomis-rankovemis\/#primaryimage\",\"url\":\"https:\/\/oxoxclub.com\/wp-content\/uploads\/Web-Foto-22-jpg.webp\",\"contentUrl\":\"https:\/\/oxoxclub.com\/wp-content\/uploads\/Web-Foto-22-jpg.webp\",\"width\":1333,\"height\":2000},{\"@type\":\"BreadcrumbList\",\"@id\":\"https:\/\/oxoxclub.com\/lt\/products\/vaikams\/flea-market-lt\/flea-market-marskineliai-su-placiomis-rankovemis\/#breadcrumb\",\"itemListElement\":[{\"@type\":\"ListItem\",\"position\":1,\"name\":\"Home\",\"item\":\"https:\/\/oxoxclub.com\/lt\/\"},{\"@type\":\"ListItem\",\"position\":2,\"name\":\"Shop\",\"item\":\"https:\/\/oxoxclub.com\/products\/\"},{\"@type\":\"ListItem\",\"position\":3,\"name\":\"\u201eFlea Market\u201c mar\u0161kin\u0117liai su pla\u010diomis rankov\u0117mis\"}]},{\"@type\":\"WebSite\",\"@id\":\"https:\/\/oxoxclub.com\/lt\/#website\",\"url\":\"https:\/\/oxoxclub.com\/lt\/\",\"name\":\"OXOX CLUB\",\"description\":\"On a mission of never growing up\",\"publisher\":{\"@id\":\"https:\/\/oxoxclub.com\/lt\/#organization\"},\"potentialAction\":[{\"@type\":\"SearchAction\",\"target\":{\"@type\":\"EntryPoint\",\"urlTemplate\":\"https:\/\/oxoxclub.com\/lt\/?s={search_term_string}\"},\"query-input\":{\"@type\":\"PropertyValueSpecification\",\"valueRequired\":true,\"valueName\":\"search_term_string\"}}],\"inLanguage\":\"lt-LT\"},{\"@type\":\"Organization\",\"@id\":\"https:\/\/oxoxclub.com\/lt\/#organization\",\"name\":\"OXOX CLUB\",\"url\":\"https:\/\/oxoxclub.com\/lt\/\",\"logo\":{\"@type\":\"ImageObject\",\"inLanguage\":\"lt-LT\",\"@id\":\"https:\/\/oxoxclub.com\/lt\/#\/schema\/logo\/image\/\",\"url\":\"https:\/\/oxoxclub.com\/wp-content\/uploads\/oxox-logo-in-blue-4.png\",\"contentUrl\":\"https:\/\/oxoxclub.com\/wp-content\/uploads\/oxox-logo-in-blue-4.png\",\"width\":414,\"height\":300,\"caption\":\"OXOX CLUB\"},\"image\":{\"@id\":\"https:\/\/oxoxclub.com\/lt\/#\/schema\/logo\/image\/\"},\"sameAs\":[\"https:\/\/facebook.com\/oxoxclub\/\",\"https:\/\/www.instagram.com\/oxoxclub\/\"]}]}<\/script>\n<meta property=\"og:availability\" content=\"instock\" \/>\n<meta property=\"product:availability\" content=\"instock\" \/>\n<meta property=\"product:retailer_item_id\" content=\"27.181.03\" \/>\n<meta property=\"product:condition\" content=\"new\" \/>\n<!-- \/ Yoast SEO Premium plugin. -->","yoast_head_json":{"title":"\u201eFlea Market\u201c mar\u0161kin\u0117liai su pla\u010diomis rankov\u0117mis - OXOX","description":"This simple t-shirt is an essential piece for edgy high-street dressing! Minimalist, oversized, organic cotton t-shirt with a round neck and short sleeves.","robots":{"index":"index","follow":"follow","max-snippet":"max-snippet:-1","max-image-preview":"max-image-preview:large","max-video-preview":"max-video-preview:-1"},"canonical":"https:\/\/oxoxclub.com\/lt\/products\/vaikams\/flea-market-lt\/flea-market-marskineliai-su-placiomis-rankovemis\/","og_locale":"lt_LT","og_type":"article","og_title":"\u201eFlea Market\u201c mar\u0161kin\u0117liai su pla\u010diomis rankov\u0117mis","og_description":"This simple t-shirt is an essential piece for edgy high-street dressing! Minimalist, oversized, organic cotton t-shirt with a round neck and short sleeves.","og_url":"https:\/\/oxoxclub.com\/lt\/products\/vaikams\/flea-market-lt\/flea-market-marskineliai-su-placiomis-rankovemis\/","og_site_name":"OXOX","article_publisher":"https:\/\/facebook.com\/oxoxclub\/","article_modified_time":"2026-01-06T14:13:28+00:00","og_image":[{"width":1333,"height":2000,"url":"https:\/\/oxoxclub.com\/wp-content\/uploads\/Web-Foto-22-jpg.webp","type":"image\/jpeg"}],"twitter_card":"summary_large_image","twitter_misc":{"Availability":"In stock"},"schema":{"@context":"https:\/\/schema.org","@graph":[{"@type":"WebPage","@id":"https:\/\/oxoxclub.com\/lt\/products\/vaikams\/flea-market-lt\/flea-market-marskineliai-su-placiomis-rankovemis\/","url":"https:\/\/oxoxclub.com\/lt\/products\/vaikams\/flea-market-lt\/flea-market-marskineliai-su-placiomis-rankovemis\/","name":"\u201eFlea Market\u201c mar\u0161kin\u0117liai su pla\u010diomis rankov\u0117mis - OXOX","isPartOf":{"@id":"https:\/\/oxoxclub.com\/lt\/#website"},"primaryImageOfPage":{"@id":"https:\/\/oxoxclub.com\/lt\/products\/vaikams\/flea-market-lt\/flea-market-marskineliai-su-placiomis-rankovemis\/#primaryimage"},"image":{"@id":"https:\/\/oxoxclub.com\/lt\/products\/vaikams\/flea-market-lt\/flea-market-marskineliai-su-placiomis-rankovemis\/#primaryimage"},"thumbnailUrl":"https:\/\/oxoxclub.com\/wp-content\/uploads\/Web-Foto-22-jpg.webp","datePublished":"2023-07-25T10:27:23+00:00","dateModified":"2026-01-06T14:13:28+00:00","description":"This simple t-shirt is an essential piece for edgy high-street dressing! Minimalist, oversized, organic cotton t-shirt with a round neck and short sleeves.","breadcrumb":{"@id":"https:\/\/oxoxclub.com\/lt\/products\/vaikams\/flea-market-lt\/flea-market-marskineliai-su-placiomis-rankovemis\/#breadcrumb"},"inLanguage":"lt-LT","potentialAction":[{"@type":"ReadAction","target":["https:\/\/oxoxclub.com\/lt\/products\/vaikams\/flea-market-lt\/flea-market-marskineliai-su-placiomis-rankovemis\/"]}]},{"@type":"ImageObject","inLanguage":"lt-LT","@id":"https:\/\/oxoxclub.com\/lt\/products\/vaikams\/flea-market-lt\/flea-market-marskineliai-su-placiomis-rankovemis\/#primaryimage","url":"https:\/\/oxoxclub.com\/wp-content\/uploads\/Web-Foto-22-jpg.webp","contentUrl":"https:\/\/oxoxclub.com\/wp-content\/uploads\/Web-Foto-22-jpg.webp","width":1333,"height":2000},{"@type":"BreadcrumbList","@id":"https:\/\/oxoxclub.com\/lt\/products\/vaikams\/flea-market-lt\/flea-market-marskineliai-su-placiomis-rankovemis\/#breadcrumb","itemListElement":[{"@type":"ListItem","position":1,"name":"Home","item":"https:\/\/oxoxclub.com\/lt\/"},{"@type":"ListItem","position":2,"name":"Shop","item":"https:\/\/oxoxclub.com\/products\/"},{"@type":"ListItem","position":3,"name":"\u201eFlea Market\u201c mar\u0161kin\u0117liai su pla\u010diomis rankov\u0117mis"}]},{"@type":"WebSite","@id":"https:\/\/oxoxclub.com\/lt\/#website","url":"https:\/\/oxoxclub.com\/lt\/","name":"OXOX CLUB","description":"On a mission of never growing up","publisher":{"@id":"https:\/\/oxoxclub.com\/lt\/#organization"},"potentialAction":[{"@type":"SearchAction","target":{"@type":"EntryPoint","urlTemplate":"https:\/\/oxoxclub.com\/lt\/?s={search_term_string}"},"query-input":{"@type":"PropertyValueSpecification","valueRequired":true,"valueName":"search_term_string"}}],"inLanguage":"lt-LT"},{"@type":"Organization","@id":"https:\/\/oxoxclub.com\/lt\/#organization","name":"OXOX CLUB","url":"https:\/\/oxoxclub.com\/lt\/","logo":{"@type":"ImageObject","inLanguage":"lt-LT","@id":"https:\/\/oxoxclub.com\/lt\/#\/schema\/logo\/image\/","url":"https:\/\/oxoxclub.com\/wp-content\/uploads\/oxox-logo-in-blue-4.png","contentUrl":"https:\/\/oxoxclub.com\/wp-content\/uploads\/oxox-logo-in-blue-4.png","width":414,"height":300,"caption":"OXOX CLUB"},"image":{"@id":"https:\/\/oxoxclub.com\/lt\/#\/schema\/logo\/image\/"},"sameAs":["https:\/\/facebook.com\/oxoxclub\/","https:\/\/www.instagram.com\/oxoxclub\/"]}]},"og_availability":"instock","product_availability":"instock","product_retailer_item_id":"27.181.03","product_condition":"new"},"_links":{"self":[{"href":"https:\/\/oxoxclub.com\/lt\/wp-json\/wp\/v2\/product\/68791","targetHints":{"allow":["GET"]}}],"collection":[{"href":"https:\/\/oxoxclub.com\/lt\/wp-json\/wp\/v2\/product"}],"about":[{"href":"https:\/\/oxoxclub.com\/lt\/wp-json\/wp\/v2\/types\/product"}],"replies":[{"embeddable":true,"href":"https:\/\/oxoxclub.com\/lt\/wp-json\/wp\/v2\/comments?post=68791"}],"wp:featuredmedia":[{"embeddable":true,"href":"https:\/\/oxoxclub.com\/lt\/wp-json\/wp\/v2\/media\/60495"}],"wp:attachment":[{"href":"https:\/\/oxoxclub.com\/lt\/wp-json\/wp\/v2\/media?parent=68791"}],"wp:term":[{"taxonomy":"product_brand","embeddable":true,"href":"https:\/\/oxoxclub.com\/lt\/wp-json\/wp\/v2\/product_brand?post=68791"},{"taxonomy":"product_cat","embeddable":true,"href":"https:\/\/oxoxclub.com\/lt\/wp-json\/wp\/v2\/product_cat?post=68791"},{"taxonomy":"product_tag","embeddable":true,"href":"https:\/\/oxoxclub.com\/lt\/wp-json\/wp\/v2\/product_tag?post=68791"}],"curies":[{"name":"wp","href":"https:\/\/api.w.org\/{rel}","templated":true}]}}