{"id":68885,"date":"2023-03-22T16:38:38","date_gmt":"2023-03-22T14:38:38","guid":{"rendered":"https:\/\/oxoxclub-com-486310.hostingersite.com\/products\/be-kategorijos\/t-shirt-with-a-potato-patch\/"},"modified":"2025-06-01T11:39:23","modified_gmt":"2025-06-01T09:39:23","slug":"marskineliai-su-potato-aplikacija","status":"publish","type":"product","link":"https:\/\/oxoxclub.com\/lt\/products\/vaikams\/potato-lt\/marskineliai-su-potato-aplikacija\/","title":{"rendered":"Mar\u0161kin\u0117liai su \u201ePotato\u201c aplikacija"},"content":{"rendered":"<p>\u0160ie \u017eaismingi ir patog\u016bs mar\u0161kin\u0117liai su trumpomis rankov\u0117mis yra pagaminti i\u0161 ekologi\u0161kos medviln\u0117s su dry\u017eiais, ir yra puo\u0161ti \u017eaisminga \u201ePotato\u201c aplikacija priekyje.<\/p>\n<p>96% ekologi\u0161ka medviln\u0117, 4% elastanas \/ Galima skalbti skalbykl\u0117je.<\/p>\n<p>Pagaminta Lietuvoje.<\/p>\n","protected":false},"excerpt":{"rendered":"<p>\u0160ie \u017eaismingi ir patog\u016bs mar\u0161kin\u0117liai su trumpomis rankov\u0117mis yra pagaminti i\u0161 ekologi\u0161kos medviln\u0117s su dry\u017eiais, ir yra puo\u0161ti \u017eaisminga \u201ePotato\u201c aplikacija priekyje. 96% ekologi\u0161ka medviln\u0117, 4% elastanas \/ Galima skalbti skalbykl\u0117je. Pagaminta Lietuvoje.<\/p>\n","protected":false},"featured_media":59775,"comment_status":"open","ping_status":"closed","template":"","meta":[],"product_brand":[],"product_cat":[691,804,680,685],"product_tag":[748],"class_list":{"0":"post-68885","1":"product","2":"type-product","3":"status-publish","4":"has-post-thumbnail","6":"product_cat-marskineliai-lt","7":"product_cat-mylimiausi","8":"product_cat-potato-lt","9":"product_cat-topai-ir-marskineliai-lt-2","10":"product_tag-organic-cotton-lt","11":"pa_size-chart-86-92-en","12":"pa_size-chart-98-104-en","13":"pa_size-chart-110-116-en","14":"pa_size-chart-122-128-en","15":"pa_size-chart-134-140-en","16":"pa_size-chart-146-152-en","17":"pa_t-shirts-marskineliai","19":"first","20":"instock","21":"taxable","22":"shipping-taxable","23":"purchasable","24":"product-type-variable"},"acf":[],"yoast_head":"<!-- This site is optimized with the Yoast SEO Premium plugin v20.11 (Yoast SEO v24.3) - https:\/\/yoast.com\/wordpress\/plugins\/seo\/ -->\n<title>Mar\u0161kin\u0117liai su \u201ePotato\u201c aplikacija - OXOX<\/title>\n<meta name=\"description\" content=\"Playful yet very comfortable striped cotton top with short sleeves for easy everyday wearing. Perfect for weekends spent in cozy flea markets or book stores\" \/>\n<meta name=\"robots\" content=\"index, follow, max-snippet:-1, max-image-preview:large, max-video-preview:-1\" \/>\n<link rel=\"canonical\" href=\"https:\/\/oxoxclub.com\/lt\/products\/vaikams\/potato-lt\/marskineliai-su-potato-aplikacija\/\" \/>\n<meta property=\"og:locale\" content=\"lt_LT\" \/>\n<meta property=\"og:type\" content=\"article\" \/>\n<meta property=\"og:title\" content=\"Mar\u0161kin\u0117liai su \u201ePotato\u201c aplikacija\" \/>\n<meta property=\"og:description\" content=\"Playful yet very comfortable striped cotton top with short sleeves for easy everyday wearing. Perfect for weekends spent in cozy flea markets or book stores\" \/>\n<meta property=\"og:url\" content=\"https:\/\/oxoxclub.com\/lt\/products\/vaikams\/potato-lt\/marskineliai-su-potato-aplikacija\/\" \/>\n<meta property=\"og:site_name\" content=\"OXOX\" \/>\n<meta property=\"article:publisher\" content=\"https:\/\/facebook.com\/oxoxclub\/\" \/>\n<meta property=\"article:modified_time\" content=\"2025-06-01T09:39:23+00:00\" \/>\n<meta property=\"og:image\" content=\"https:\/\/oxoxclub.com\/wp-content\/uploads\/Web-30-6-scaled.jpg\" \/>\n\t<meta property=\"og:image:width\" content=\"1707\" \/>\n\t<meta property=\"og:image:height\" content=\"2560\" \/>\n\t<meta property=\"og:image:type\" content=\"image\/jpeg\" \/>\n<meta name=\"twitter:card\" content=\"summary_large_image\" \/>\n<meta name=\"twitter:label1\" content=\"Availability\" \/>\n\t<meta name=\"twitter:data1\" content=\"In stock\" \/>\n<script type=\"application\/ld+json\" class=\"yoast-schema-graph\">{\"@context\":\"https:\/\/schema.org\",\"@graph\":[{\"@type\":\"WebPage\",\"@id\":\"https:\/\/oxoxclub.com\/lt\/products\/vaikams\/potato-lt\/marskineliai-su-potato-aplikacija\/\",\"url\":\"https:\/\/oxoxclub.com\/lt\/products\/vaikams\/potato-lt\/marskineliai-su-potato-aplikacija\/\",\"name\":\"Mar\u0161kin\u0117liai su \u201ePotato\u201c aplikacija - OXOX\",\"isPartOf\":{\"@id\":\"https:\/\/oxoxclub.com\/lt\/#website\"},\"primaryImageOfPage\":{\"@id\":\"https:\/\/oxoxclub.com\/lt\/products\/vaikams\/potato-lt\/marskineliai-su-potato-aplikacija\/#primaryimage\"},\"image\":{\"@id\":\"https:\/\/oxoxclub.com\/lt\/products\/vaikams\/potato-lt\/marskineliai-su-potato-aplikacija\/#primaryimage\"},\"thumbnailUrl\":\"https:\/\/oxoxclub.com\/wp-content\/uploads\/Web-30-6-scaled.jpg\",\"datePublished\":\"2023-03-22T14:38:38+00:00\",\"dateModified\":\"2025-06-01T09:39:23+00:00\",\"description\":\"Playful yet very comfortable striped cotton top with short sleeves for easy everyday wearing. Perfect for weekends spent in cozy flea markets or book stores\",\"breadcrumb\":{\"@id\":\"https:\/\/oxoxclub.com\/lt\/products\/vaikams\/potato-lt\/marskineliai-su-potato-aplikacija\/#breadcrumb\"},\"inLanguage\":\"lt-LT\",\"potentialAction\":[{\"@type\":\"ReadAction\",\"target\":[\"https:\/\/oxoxclub.com\/lt\/products\/vaikams\/potato-lt\/marskineliai-su-potato-aplikacija\/\"]}]},{\"@type\":\"ImageObject\",\"inLanguage\":\"lt-LT\",\"@id\":\"https:\/\/oxoxclub.com\/lt\/products\/vaikams\/potato-lt\/marskineliai-su-potato-aplikacija\/#primaryimage\",\"url\":\"https:\/\/oxoxclub.com\/wp-content\/uploads\/Web-30-6-scaled.jpg\",\"contentUrl\":\"https:\/\/oxoxclub.com\/wp-content\/uploads\/Web-30-6-scaled.jpg\",\"width\":1707,\"height\":2560,\"caption\":\"Striped Oversized T-Shirt\"},{\"@type\":\"BreadcrumbList\",\"@id\":\"https:\/\/oxoxclub.com\/lt\/products\/vaikams\/potato-lt\/marskineliai-su-potato-aplikacija\/#breadcrumb\",\"itemListElement\":[{\"@type\":\"ListItem\",\"position\":1,\"name\":\"Home\",\"item\":\"https:\/\/oxoxclub.com\/lt\/\"},{\"@type\":\"ListItem\",\"position\":2,\"name\":\"Shop\",\"item\":\"https:\/\/oxoxclub.com\/products\/\"},{\"@type\":\"ListItem\",\"position\":3,\"name\":\"Mar\u0161kin\u0117liai su \u201ePotato\u201c aplikacija\"}]},{\"@type\":\"WebSite\",\"@id\":\"https:\/\/oxoxclub.com\/lt\/#website\",\"url\":\"https:\/\/oxoxclub.com\/lt\/\",\"name\":\"OXOX CLUB\",\"description\":\"On a mission of never growing up\",\"publisher\":{\"@id\":\"https:\/\/oxoxclub.com\/lt\/#organization\"},\"potentialAction\":[{\"@type\":\"SearchAction\",\"target\":{\"@type\":\"EntryPoint\",\"urlTemplate\":\"https:\/\/oxoxclub.com\/lt\/?s={search_term_string}\"},\"query-input\":{\"@type\":\"PropertyValueSpecification\",\"valueRequired\":true,\"valueName\":\"search_term_string\"}}],\"inLanguage\":\"lt-LT\"},{\"@type\":\"Organization\",\"@id\":\"https:\/\/oxoxclub.com\/lt\/#organization\",\"name\":\"OXOX CLUB\",\"url\":\"https:\/\/oxoxclub.com\/lt\/\",\"logo\":{\"@type\":\"ImageObject\",\"inLanguage\":\"lt-LT\",\"@id\":\"https:\/\/oxoxclub.com\/lt\/#\/schema\/logo\/image\/\",\"url\":\"https:\/\/oxoxclub.com\/wp-content\/uploads\/oxox-logo-in-blue-4.png\",\"contentUrl\":\"https:\/\/oxoxclub.com\/wp-content\/uploads\/oxox-logo-in-blue-4.png\",\"width\":414,\"height\":300,\"caption\":\"OXOX CLUB\"},\"image\":{\"@id\":\"https:\/\/oxoxclub.com\/lt\/#\/schema\/logo\/image\/\"},\"sameAs\":[\"https:\/\/facebook.com\/oxoxclub\/\",\"https:\/\/www.instagram.com\/oxoxclub\/\"]}]}<\/script>\n<meta property=\"og:availability\" content=\"instock\" \/>\n<meta property=\"product:availability\" content=\"instock\" \/>\n<meta property=\"product:retailer_item_id\" content=\"26.161.21\" \/>\n<meta property=\"product:condition\" content=\"new\" \/>\n<!-- \/ Yoast SEO Premium plugin. -->","yoast_head_json":{"title":"Mar\u0161kin\u0117liai su \u201ePotato\u201c aplikacija - OXOX","description":"Playful yet very comfortable striped cotton top with short sleeves for easy everyday wearing. Perfect for weekends spent in cozy flea markets or book stores","robots":{"index":"index","follow":"follow","max-snippet":"max-snippet:-1","max-image-preview":"max-image-preview:large","max-video-preview":"max-video-preview:-1"},"canonical":"https:\/\/oxoxclub.com\/lt\/products\/vaikams\/potato-lt\/marskineliai-su-potato-aplikacija\/","og_locale":"lt_LT","og_type":"article","og_title":"Mar\u0161kin\u0117liai su \u201ePotato\u201c aplikacija","og_description":"Playful yet very comfortable striped cotton top with short sleeves for easy everyday wearing. Perfect for weekends spent in cozy flea markets or book stores","og_url":"https:\/\/oxoxclub.com\/lt\/products\/vaikams\/potato-lt\/marskineliai-su-potato-aplikacija\/","og_site_name":"OXOX","article_publisher":"https:\/\/facebook.com\/oxoxclub\/","article_modified_time":"2025-06-01T09:39:23+00:00","og_image":[{"width":1707,"height":2560,"url":"https:\/\/oxoxclub.com\/wp-content\/uploads\/Web-30-6-scaled.jpg","type":"image\/jpeg"}],"twitter_card":"summary_large_image","twitter_misc":{"Availability":"In stock"},"schema":{"@context":"https:\/\/schema.org","@graph":[{"@type":"WebPage","@id":"https:\/\/oxoxclub.com\/lt\/products\/vaikams\/potato-lt\/marskineliai-su-potato-aplikacija\/","url":"https:\/\/oxoxclub.com\/lt\/products\/vaikams\/potato-lt\/marskineliai-su-potato-aplikacija\/","name":"Mar\u0161kin\u0117liai su \u201ePotato\u201c aplikacija - OXOX","isPartOf":{"@id":"https:\/\/oxoxclub.com\/lt\/#website"},"primaryImageOfPage":{"@id":"https:\/\/oxoxclub.com\/lt\/products\/vaikams\/potato-lt\/marskineliai-su-potato-aplikacija\/#primaryimage"},"image":{"@id":"https:\/\/oxoxclub.com\/lt\/products\/vaikams\/potato-lt\/marskineliai-su-potato-aplikacija\/#primaryimage"},"thumbnailUrl":"https:\/\/oxoxclub.com\/wp-content\/uploads\/Web-30-6-scaled.jpg","datePublished":"2023-03-22T14:38:38+00:00","dateModified":"2025-06-01T09:39:23+00:00","description":"Playful yet very comfortable striped cotton top with short sleeves for easy everyday wearing. Perfect for weekends spent in cozy flea markets or book stores","breadcrumb":{"@id":"https:\/\/oxoxclub.com\/lt\/products\/vaikams\/potato-lt\/marskineliai-su-potato-aplikacija\/#breadcrumb"},"inLanguage":"lt-LT","potentialAction":[{"@type":"ReadAction","target":["https:\/\/oxoxclub.com\/lt\/products\/vaikams\/potato-lt\/marskineliai-su-potato-aplikacija\/"]}]},{"@type":"ImageObject","inLanguage":"lt-LT","@id":"https:\/\/oxoxclub.com\/lt\/products\/vaikams\/potato-lt\/marskineliai-su-potato-aplikacija\/#primaryimage","url":"https:\/\/oxoxclub.com\/wp-content\/uploads\/Web-30-6-scaled.jpg","contentUrl":"https:\/\/oxoxclub.com\/wp-content\/uploads\/Web-30-6-scaled.jpg","width":1707,"height":2560,"caption":"Striped Oversized T-Shirt"},{"@type":"BreadcrumbList","@id":"https:\/\/oxoxclub.com\/lt\/products\/vaikams\/potato-lt\/marskineliai-su-potato-aplikacija\/#breadcrumb","itemListElement":[{"@type":"ListItem","position":1,"name":"Home","item":"https:\/\/oxoxclub.com\/lt\/"},{"@type":"ListItem","position":2,"name":"Shop","item":"https:\/\/oxoxclub.com\/products\/"},{"@type":"ListItem","position":3,"name":"Mar\u0161kin\u0117liai su \u201ePotato\u201c aplikacija"}]},{"@type":"WebSite","@id":"https:\/\/oxoxclub.com\/lt\/#website","url":"https:\/\/oxoxclub.com\/lt\/","name":"OXOX CLUB","description":"On a mission of never growing up","publisher":{"@id":"https:\/\/oxoxclub.com\/lt\/#organization"},"potentialAction":[{"@type":"SearchAction","target":{"@type":"EntryPoint","urlTemplate":"https:\/\/oxoxclub.com\/lt\/?s={search_term_string}"},"query-input":{"@type":"PropertyValueSpecification","valueRequired":true,"valueName":"search_term_string"}}],"inLanguage":"lt-LT"},{"@type":"Organization","@id":"https:\/\/oxoxclub.com\/lt\/#organization","name":"OXOX CLUB","url":"https:\/\/oxoxclub.com\/lt\/","logo":{"@type":"ImageObject","inLanguage":"lt-LT","@id":"https:\/\/oxoxclub.com\/lt\/#\/schema\/logo\/image\/","url":"https:\/\/oxoxclub.com\/wp-content\/uploads\/oxox-logo-in-blue-4.png","contentUrl":"https:\/\/oxoxclub.com\/wp-content\/uploads\/oxox-logo-in-blue-4.png","width":414,"height":300,"caption":"OXOX CLUB"},"image":{"@id":"https:\/\/oxoxclub.com\/lt\/#\/schema\/logo\/image\/"},"sameAs":["https:\/\/facebook.com\/oxoxclub\/","https:\/\/www.instagram.com\/oxoxclub\/"]}]},"og_availability":"instock","product_availability":"instock","product_retailer_item_id":"26.161.21","product_condition":"new"},"_links":{"self":[{"href":"https:\/\/oxoxclub.com\/lt\/wp-json\/wp\/v2\/product\/68885","targetHints":{"allow":["GET"]}}],"collection":[{"href":"https:\/\/oxoxclub.com\/lt\/wp-json\/wp\/v2\/product"}],"about":[{"href":"https:\/\/oxoxclub.com\/lt\/wp-json\/wp\/v2\/types\/product"}],"replies":[{"embeddable":true,"href":"https:\/\/oxoxclub.com\/lt\/wp-json\/wp\/v2\/comments?post=68885"}],"wp:featuredmedia":[{"embeddable":true,"href":"https:\/\/oxoxclub.com\/lt\/wp-json\/wp\/v2\/media\/59775"}],"wp:attachment":[{"href":"https:\/\/oxoxclub.com\/lt\/wp-json\/wp\/v2\/media?parent=68885"}],"wp:term":[{"taxonomy":"product_brand","embeddable":true,"href":"https:\/\/oxoxclub.com\/lt\/wp-json\/wp\/v2\/product_brand?post=68885"},{"taxonomy":"product_cat","embeddable":true,"href":"https:\/\/oxoxclub.com\/lt\/wp-json\/wp\/v2\/product_cat?post=68885"},{"taxonomy":"product_tag","embeddable":true,"href":"https:\/\/oxoxclub.com\/lt\/wp-json\/wp\/v2\/product_tag?post=68885"}],"curies":[{"name":"wp","href":"https:\/\/api.w.org\/{rel}","templated":true}]}}