{"id":68994,"date":"2022-12-30T12:26:42","date_gmt":"2022-12-30T10:26:42","guid":{"rendered":"https:\/\/oxoxclub-com-486310.hostingersite.com\/products\/be-kategorijos\/colour-block-sweatshirt-dress\/"},"modified":"2026-02-27T18:39:20","modified_gmt":"2026-02-27T16:39:20","slug":"spalvu-bloku-tunika","status":"publish","type":"product","link":"https:\/\/oxoxclub.com\/lt\/products\/vaikams\/a-tribute-to-nida\/spalvu-bloku-tunika\/","title":{"rendered":"Spalv\u0173 blok\u0173 tunika"},"content":{"rendered":"<p>\u0160i tunikos tipo suknel\u0117 yra pagaminta i\u0161 ekologi\u0161kos medviln\u0117s ir priekyje turi ki\u0161en\u0119 bei kontrasting\u0173 spalv\u0173 detales. Rinkis j\u0105 savo kasdien\u0117ms veikloms \u2013 nuo pirmadienio iki sekmadienio.<\/p>\n<p>75% medviln\u0117, 25% ekologi\u0161ka medviln\u0117 \/ Galima skalbti skalbykl\u0117je.<\/p>\n<p>Pagaminta Lietuvoje.<\/p>\n","protected":false},"excerpt":{"rendered":"<p>\u0160i tunikos tipo suknel\u0117 yra pagaminta i\u0161 ekologi\u0161kos medviln\u0117s ir priekyje turi ki\u0161en\u0119 bei kontrasting\u0173 spalv\u0173 detales. Rinkis j\u0105 savo kasdien\u0117ms veikloms \u2013 nuo pirmadienio iki sekmadienio. 75% medviln\u0117, 25% ekologi\u0161ka medviln\u0117 \/ Galima skalbti skalbykl\u0117je. Pagaminta Lietuvoje.<\/p>\n","protected":false},"featured_media":63179,"comment_status":"open","ping_status":"closed","template":"","meta":[],"product_brand":[],"product_cat":[655,661,665],"product_tag":[748],"class_list":{"0":"post-68994","1":"product","2":"type-product","3":"status-publish","4":"has-post-thumbnail","6":"product_cat-a-tribute-to-nida","7":"product_cat-sukneles-ir-sijonai","8":"product_cat-tunikos","9":"product_tag-organic-cotton-lt","10":"pa_dresses-tunikos","11":"pa_size-chart-86-92-en","12":"pa_size-chart-98-104-en","13":"pa_size-chart-110-116-en","14":"pa_size-chart-122-128-en","15":"pa_size-chart-134-140-en","16":"pa_size-chart-146-152-en","18":"first","19":"instock","20":"taxable","21":"shipping-taxable","22":"purchasable","23":"product-type-variable"},"acf":[],"yoast_head":"<!-- This site is optimized with the Yoast SEO Premium plugin v20.11 (Yoast SEO v24.3) - https:\/\/yoast.com\/wordpress\/plugins\/seo\/ -->\n<title>Spalv\u0173 blok\u0173 tunika - OXOX<\/title>\n<meta name=\"description\" content=\"This tunic dress is made of organic cotton and has a sea pocket in the front as well as contrasting color details. Wear it for day-to-day routines\" \/>\n<meta name=\"robots\" content=\"index, follow, max-snippet:-1, max-image-preview:large, max-video-preview:-1\" \/>\n<link rel=\"canonical\" href=\"https:\/\/oxoxclub.com\/lt\/products\/vaikams\/a-tribute-to-nida\/spalvu-bloku-tunika\/\" \/>\n<meta property=\"og:locale\" content=\"lt_LT\" \/>\n<meta property=\"og:type\" content=\"article\" \/>\n<meta property=\"og:title\" content=\"Spalv\u0173 blok\u0173 tunika\" \/>\n<meta property=\"og:description\" content=\"This tunic dress is made of organic cotton and has a sea pocket in the front as well as contrasting color details. Wear it for day-to-day routines\" \/>\n<meta property=\"og:url\" content=\"https:\/\/oxoxclub.com\/lt\/products\/vaikams\/a-tribute-to-nida\/spalvu-bloku-tunika\/\" \/>\n<meta property=\"og:site_name\" content=\"OXOX\" \/>\n<meta property=\"article:publisher\" content=\"https:\/\/facebook.com\/oxoxclub\/\" \/>\n<meta property=\"article:modified_time\" content=\"2026-02-27T16:39:20+00:00\" \/>\n<meta property=\"og:image\" content=\"https:\/\/oxoxclub.com\/wp-content\/uploads\/Web-44-Photoroom.jpg\" \/>\n\t<meta property=\"og:image:width\" content=\"1333\" \/>\n\t<meta property=\"og:image:height\" content=\"2000\" \/>\n\t<meta property=\"og:image:type\" content=\"image\/jpeg\" \/>\n<meta name=\"twitter:card\" content=\"summary_large_image\" \/>\n<meta name=\"twitter:label1\" content=\"Availability\" \/>\n\t<meta name=\"twitter:data1\" content=\"In stock\" \/>\n<script type=\"application\/ld+json\" class=\"yoast-schema-graph\">{\"@context\":\"https:\/\/schema.org\",\"@graph\":[{\"@type\":\"WebPage\",\"@id\":\"https:\/\/oxoxclub.com\/lt\/products\/vaikams\/a-tribute-to-nida\/spalvu-bloku-tunika\/\",\"url\":\"https:\/\/oxoxclub.com\/lt\/products\/vaikams\/a-tribute-to-nida\/spalvu-bloku-tunika\/\",\"name\":\"Spalv\u0173 blok\u0173 tunika - OXOX\",\"isPartOf\":{\"@id\":\"https:\/\/oxoxclub.com\/lt\/#website\"},\"primaryImageOfPage\":{\"@id\":\"https:\/\/oxoxclub.com\/lt\/products\/vaikams\/a-tribute-to-nida\/spalvu-bloku-tunika\/#primaryimage\"},\"image\":{\"@id\":\"https:\/\/oxoxclub.com\/lt\/products\/vaikams\/a-tribute-to-nida\/spalvu-bloku-tunika\/#primaryimage\"},\"thumbnailUrl\":\"https:\/\/oxoxclub.com\/wp-content\/uploads\/Web-44-Photoroom.jpg\",\"datePublished\":\"2022-12-30T10:26:42+00:00\",\"dateModified\":\"2026-02-27T16:39:20+00:00\",\"description\":\"This tunic dress is made of organic cotton and has a sea pocket in the front as well as contrasting color details. Wear it for day-to-day routines\",\"breadcrumb\":{\"@id\":\"https:\/\/oxoxclub.com\/lt\/products\/vaikams\/a-tribute-to-nida\/spalvu-bloku-tunika\/#breadcrumb\"},\"inLanguage\":\"lt-LT\",\"potentialAction\":[{\"@type\":\"ReadAction\",\"target\":[\"https:\/\/oxoxclub.com\/lt\/products\/vaikams\/a-tribute-to-nida\/spalvu-bloku-tunika\/\"]}]},{\"@type\":\"ImageObject\",\"inLanguage\":\"lt-LT\",\"@id\":\"https:\/\/oxoxclub.com\/lt\/products\/vaikams\/a-tribute-to-nida\/spalvu-bloku-tunika\/#primaryimage\",\"url\":\"https:\/\/oxoxclub.com\/wp-content\/uploads\/Web-44-Photoroom.jpg\",\"contentUrl\":\"https:\/\/oxoxclub.com\/wp-content\/uploads\/Web-44-Photoroom.jpg\",\"width\":1333,\"height\":2000},{\"@type\":\"BreadcrumbList\",\"@id\":\"https:\/\/oxoxclub.com\/lt\/products\/vaikams\/a-tribute-to-nida\/spalvu-bloku-tunika\/#breadcrumb\",\"itemListElement\":[{\"@type\":\"ListItem\",\"position\":1,\"name\":\"Home\",\"item\":\"https:\/\/oxoxclub.com\/lt\/\"},{\"@type\":\"ListItem\",\"position\":2,\"name\":\"Shop\",\"item\":\"https:\/\/oxoxclub.com\/products\/\"},{\"@type\":\"ListItem\",\"position\":3,\"name\":\"Spalv\u0173 blok\u0173 tunika\"}]},{\"@type\":\"WebSite\",\"@id\":\"https:\/\/oxoxclub.com\/lt\/#website\",\"url\":\"https:\/\/oxoxclub.com\/lt\/\",\"name\":\"OXOX CLUB\",\"description\":\"On a mission of never growing up\",\"publisher\":{\"@id\":\"https:\/\/oxoxclub.com\/lt\/#organization\"},\"potentialAction\":[{\"@type\":\"SearchAction\",\"target\":{\"@type\":\"EntryPoint\",\"urlTemplate\":\"https:\/\/oxoxclub.com\/lt\/?s={search_term_string}\"},\"query-input\":{\"@type\":\"PropertyValueSpecification\",\"valueRequired\":true,\"valueName\":\"search_term_string\"}}],\"inLanguage\":\"lt-LT\"},{\"@type\":\"Organization\",\"@id\":\"https:\/\/oxoxclub.com\/lt\/#organization\",\"name\":\"OXOX CLUB\",\"url\":\"https:\/\/oxoxclub.com\/lt\/\",\"logo\":{\"@type\":\"ImageObject\",\"inLanguage\":\"lt-LT\",\"@id\":\"https:\/\/oxoxclub.com\/lt\/#\/schema\/logo\/image\/\",\"url\":\"https:\/\/oxoxclub.com\/wp-content\/uploads\/oxox-logo-in-blue-4.png\",\"contentUrl\":\"https:\/\/oxoxclub.com\/wp-content\/uploads\/oxox-logo-in-blue-4.png\",\"width\":414,\"height\":300,\"caption\":\"OXOX CLUB\"},\"image\":{\"@id\":\"https:\/\/oxoxclub.com\/lt\/#\/schema\/logo\/image\/\"},\"sameAs\":[\"https:\/\/facebook.com\/oxoxclub\/\",\"https:\/\/www.instagram.com\/oxoxclub\/\"]}]}<\/script>\n<meta property=\"og:availability\" content=\"instock\" \/>\n<meta property=\"product:availability\" content=\"instock\" \/>\n<meta property=\"product:retailer_item_id\" content=\"26.434.12\" \/>\n<meta property=\"product:condition\" content=\"new\" \/>\n<!-- \/ Yoast SEO Premium plugin. -->","yoast_head_json":{"title":"Spalv\u0173 blok\u0173 tunika - OXOX","description":"This tunic dress is made of organic cotton and has a sea pocket in the front as well as contrasting color details. Wear it for day-to-day routines","robots":{"index":"index","follow":"follow","max-snippet":"max-snippet:-1","max-image-preview":"max-image-preview:large","max-video-preview":"max-video-preview:-1"},"canonical":"https:\/\/oxoxclub.com\/lt\/products\/vaikams\/a-tribute-to-nida\/spalvu-bloku-tunika\/","og_locale":"lt_LT","og_type":"article","og_title":"Spalv\u0173 blok\u0173 tunika","og_description":"This tunic dress is made of organic cotton and has a sea pocket in the front as well as contrasting color details. Wear it for day-to-day routines","og_url":"https:\/\/oxoxclub.com\/lt\/products\/vaikams\/a-tribute-to-nida\/spalvu-bloku-tunika\/","og_site_name":"OXOX","article_publisher":"https:\/\/facebook.com\/oxoxclub\/","article_modified_time":"2026-02-27T16:39:20+00:00","og_image":[{"width":1333,"height":2000,"url":"https:\/\/oxoxclub.com\/wp-content\/uploads\/Web-44-Photoroom.jpg","type":"image\/jpeg"}],"twitter_card":"summary_large_image","twitter_misc":{"Availability":"In stock"},"schema":{"@context":"https:\/\/schema.org","@graph":[{"@type":"WebPage","@id":"https:\/\/oxoxclub.com\/lt\/products\/vaikams\/a-tribute-to-nida\/spalvu-bloku-tunika\/","url":"https:\/\/oxoxclub.com\/lt\/products\/vaikams\/a-tribute-to-nida\/spalvu-bloku-tunika\/","name":"Spalv\u0173 blok\u0173 tunika - OXOX","isPartOf":{"@id":"https:\/\/oxoxclub.com\/lt\/#website"},"primaryImageOfPage":{"@id":"https:\/\/oxoxclub.com\/lt\/products\/vaikams\/a-tribute-to-nida\/spalvu-bloku-tunika\/#primaryimage"},"image":{"@id":"https:\/\/oxoxclub.com\/lt\/products\/vaikams\/a-tribute-to-nida\/spalvu-bloku-tunika\/#primaryimage"},"thumbnailUrl":"https:\/\/oxoxclub.com\/wp-content\/uploads\/Web-44-Photoroom.jpg","datePublished":"2022-12-30T10:26:42+00:00","dateModified":"2026-02-27T16:39:20+00:00","description":"This tunic dress is made of organic cotton and has a sea pocket in the front as well as contrasting color details. Wear it for day-to-day routines","breadcrumb":{"@id":"https:\/\/oxoxclub.com\/lt\/products\/vaikams\/a-tribute-to-nida\/spalvu-bloku-tunika\/#breadcrumb"},"inLanguage":"lt-LT","potentialAction":[{"@type":"ReadAction","target":["https:\/\/oxoxclub.com\/lt\/products\/vaikams\/a-tribute-to-nida\/spalvu-bloku-tunika\/"]}]},{"@type":"ImageObject","inLanguage":"lt-LT","@id":"https:\/\/oxoxclub.com\/lt\/products\/vaikams\/a-tribute-to-nida\/spalvu-bloku-tunika\/#primaryimage","url":"https:\/\/oxoxclub.com\/wp-content\/uploads\/Web-44-Photoroom.jpg","contentUrl":"https:\/\/oxoxclub.com\/wp-content\/uploads\/Web-44-Photoroom.jpg","width":1333,"height":2000},{"@type":"BreadcrumbList","@id":"https:\/\/oxoxclub.com\/lt\/products\/vaikams\/a-tribute-to-nida\/spalvu-bloku-tunika\/#breadcrumb","itemListElement":[{"@type":"ListItem","position":1,"name":"Home","item":"https:\/\/oxoxclub.com\/lt\/"},{"@type":"ListItem","position":2,"name":"Shop","item":"https:\/\/oxoxclub.com\/products\/"},{"@type":"ListItem","position":3,"name":"Spalv\u0173 blok\u0173 tunika"}]},{"@type":"WebSite","@id":"https:\/\/oxoxclub.com\/lt\/#website","url":"https:\/\/oxoxclub.com\/lt\/","name":"OXOX CLUB","description":"On a mission of never growing up","publisher":{"@id":"https:\/\/oxoxclub.com\/lt\/#organization"},"potentialAction":[{"@type":"SearchAction","target":{"@type":"EntryPoint","urlTemplate":"https:\/\/oxoxclub.com\/lt\/?s={search_term_string}"},"query-input":{"@type":"PropertyValueSpecification","valueRequired":true,"valueName":"search_term_string"}}],"inLanguage":"lt-LT"},{"@type":"Organization","@id":"https:\/\/oxoxclub.com\/lt\/#organization","name":"OXOX CLUB","url":"https:\/\/oxoxclub.com\/lt\/","logo":{"@type":"ImageObject","inLanguage":"lt-LT","@id":"https:\/\/oxoxclub.com\/lt\/#\/schema\/logo\/image\/","url":"https:\/\/oxoxclub.com\/wp-content\/uploads\/oxox-logo-in-blue-4.png","contentUrl":"https:\/\/oxoxclub.com\/wp-content\/uploads\/oxox-logo-in-blue-4.png","width":414,"height":300,"caption":"OXOX CLUB"},"image":{"@id":"https:\/\/oxoxclub.com\/lt\/#\/schema\/logo\/image\/"},"sameAs":["https:\/\/facebook.com\/oxoxclub\/","https:\/\/www.instagram.com\/oxoxclub\/"]}]},"og_availability":"instock","product_availability":"instock","product_retailer_item_id":"26.434.12","product_condition":"new"},"_links":{"self":[{"href":"https:\/\/oxoxclub.com\/lt\/wp-json\/wp\/v2\/product\/68994","targetHints":{"allow":["GET"]}}],"collection":[{"href":"https:\/\/oxoxclub.com\/lt\/wp-json\/wp\/v2\/product"}],"about":[{"href":"https:\/\/oxoxclub.com\/lt\/wp-json\/wp\/v2\/types\/product"}],"replies":[{"embeddable":true,"href":"https:\/\/oxoxclub.com\/lt\/wp-json\/wp\/v2\/comments?post=68994"}],"wp:featuredmedia":[{"embeddable":true,"href":"https:\/\/oxoxclub.com\/lt\/wp-json\/wp\/v2\/media\/63179"}],"wp:attachment":[{"href":"https:\/\/oxoxclub.com\/lt\/wp-json\/wp\/v2\/media?parent=68994"}],"wp:term":[{"taxonomy":"product_brand","embeddable":true,"href":"https:\/\/oxoxclub.com\/lt\/wp-json\/wp\/v2\/product_brand?post=68994"},{"taxonomy":"product_cat","embeddable":true,"href":"https:\/\/oxoxclub.com\/lt\/wp-json\/wp\/v2\/product_cat?post=68994"},{"taxonomy":"product_tag","embeddable":true,"href":"https:\/\/oxoxclub.com\/lt\/wp-json\/wp\/v2\/product_tag?post=68994"}],"curies":[{"name":"wp","href":"https:\/\/api.w.org\/{rel}","templated":true}]}}