{"id":69000,"date":"2022-12-30T12:18:31","date_gmt":"2022-12-30T10:18:31","guid":{"rendered":"https:\/\/oxoxclub-com-486310.hostingersite.com\/products\/be-kategorijos\/two-stripes-long-sleeve-dress\/"},"modified":"2025-11-09T12:19:00","modified_gmt":"2025-11-09T10:19:00","slug":"suknele-su-ilgomis-rankovemis-ir-dryziais","status":"publish","type":"product","link":"https:\/\/oxoxclub.com\/lt\/products\/sukneles-ir-sijonai\/suknele-su-ilgomis-rankovemis-ir-dryziais\/","title":{"rendered":"Suknel\u0117 su ilgomis rankov\u0117mis ir dry\u017eiais"},"content":{"rendered":"<p>Pasileisk \u012f vasaros nuotykius! Patogi, laisvo silueto medvilnin\u0117 suknel\u0117 su apvalia kontrastingos spalvos i\u0161kirpte, ilgomis rankov\u0117mis ir laivo pie\u0161iniu priekyje. \u012ekvepian\u010dioms vasaros akimirkoms \u2013 gimtadieniams ar pasimatymams prie led\u0173 kioskeli\u0173.<\/p>\n<p>96% medviln\u0117, 4% elastanas \/ Galima skalbti skalbykl\u0117je.<\/p>\n<p>Pagaminta Lietuvoje.<\/p>\n","protected":false},"excerpt":{"rendered":"<p>Pasileisk \u012f vasaros nuotykius! Patogi, laisvo silueto medvilnin\u0117 suknel\u0117 su apvalia kontrastingos spalvos i\u0161kirpte, ilgomis rankov\u0117mis ir laivo pie\u0161iniu priekyje. \u012ekvepian\u010dioms vasaros akimirkoms \u2013 gimtadieniams ar pasimatymams prie led\u0173 kioskeli\u0173. 96% medviln\u0117, 4% elastanas \/ Galima skalbti skalbykl\u0117je. Pagaminta Lietuvoje.<\/p>\n","protected":false},"featured_media":63181,"comment_status":"open","ping_status":"closed","template":"","meta":[],"product_brand":[],"product_cat":[662,661],"product_tag":[],"class_list":{"0":"post-69000","1":"product","2":"type-product","3":"status-publish","4":"has-post-thumbnail","6":"product_cat-sukneles","7":"product_cat-sukneles-ir-sijonai","8":"pa_dresses-sukneles","9":"pa_size-chart-86-92-en","10":"pa_size-chart-98-104-en","11":"pa_size-chart-110-116-en","12":"pa_size-chart-122-128-en","14":"first","15":"instock","16":"taxable","17":"shipping-taxable","18":"purchasable","19":"product-type-variable"},"acf":[],"yoast_head":"<!-- This site is optimized with the Yoast SEO Premium plugin v20.11 (Yoast SEO v24.3) - https:\/\/yoast.com\/wordpress\/plugins\/seo\/ -->\n<title>Suknel\u0117 su ilgomis rankov\u0117mis ir dry\u017eiais - OXOX<\/title>\n<meta name=\"description\" content=\"Let the Summer story begin! Comfortable, relaxed cotton dress with a round, contrasting color neck, long sleeves, and the boat drawing in the front.\" \/>\n<meta name=\"robots\" content=\"index, follow, max-snippet:-1, max-image-preview:large, max-video-preview:-1\" \/>\n<link rel=\"canonical\" href=\"https:\/\/oxoxclub.com\/lt\/products\/sukneles-ir-sijonai\/suknele-su-ilgomis-rankovemis-ir-dryziais\/\" \/>\n<meta property=\"og:locale\" content=\"lt_LT\" \/>\n<meta property=\"og:type\" content=\"article\" \/>\n<meta property=\"og:title\" content=\"Suknel\u0117 su ilgomis rankov\u0117mis ir dry\u017eiais\" \/>\n<meta property=\"og:description\" content=\"Let the Summer story begin! Comfortable, relaxed cotton dress with a round, contrasting color neck, long sleeves, and the boat drawing in the front.\" \/>\n<meta property=\"og:url\" content=\"https:\/\/oxoxclub.com\/lt\/products\/sukneles-ir-sijonai\/suknele-su-ilgomis-rankovemis-ir-dryziais\/\" \/>\n<meta property=\"og:site_name\" content=\"OXOX\" \/>\n<meta property=\"article:publisher\" content=\"https:\/\/facebook.com\/oxoxclub\/\" \/>\n<meta property=\"article:modified_time\" content=\"2025-11-09T10:19:00+00:00\" \/>\n<meta property=\"og:image\" content=\"https:\/\/oxoxclub.com\/wp-content\/uploads\/Foto-53-Photoroom.jpg\" \/>\n\t<meta property=\"og:image:width\" content=\"1333\" \/>\n\t<meta property=\"og:image:height\" content=\"2000\" \/>\n\t<meta property=\"og:image:type\" content=\"image\/jpeg\" \/>\n<meta name=\"twitter:card\" content=\"summary_large_image\" \/>\n<meta name=\"twitter:label1\" content=\"Availability\" \/>\n\t<meta name=\"twitter:data1\" content=\"In stock\" \/>\n<script type=\"application\/ld+json\" class=\"yoast-schema-graph\">{\"@context\":\"https:\/\/schema.org\",\"@graph\":[{\"@type\":\"WebPage\",\"@id\":\"https:\/\/oxoxclub.com\/lt\/products\/sukneles-ir-sijonai\/suknele-su-ilgomis-rankovemis-ir-dryziais\/\",\"url\":\"https:\/\/oxoxclub.com\/lt\/products\/sukneles-ir-sijonai\/suknele-su-ilgomis-rankovemis-ir-dryziais\/\",\"name\":\"Suknel\u0117 su ilgomis rankov\u0117mis ir dry\u017eiais - OXOX\",\"isPartOf\":{\"@id\":\"https:\/\/oxoxclub.com\/lt\/#website\"},\"primaryImageOfPage\":{\"@id\":\"https:\/\/oxoxclub.com\/lt\/products\/sukneles-ir-sijonai\/suknele-su-ilgomis-rankovemis-ir-dryziais\/#primaryimage\"},\"image\":{\"@id\":\"https:\/\/oxoxclub.com\/lt\/products\/sukneles-ir-sijonai\/suknele-su-ilgomis-rankovemis-ir-dryziais\/#primaryimage\"},\"thumbnailUrl\":\"https:\/\/oxoxclub.com\/wp-content\/uploads\/Foto-53-Photoroom.jpg\",\"datePublished\":\"2022-12-30T10:18:31+00:00\",\"dateModified\":\"2025-11-09T10:19:00+00:00\",\"description\":\"Let the Summer story begin! Comfortable, relaxed cotton dress with a round, contrasting color neck, long sleeves, and the boat drawing in the front.\",\"breadcrumb\":{\"@id\":\"https:\/\/oxoxclub.com\/lt\/products\/sukneles-ir-sijonai\/suknele-su-ilgomis-rankovemis-ir-dryziais\/#breadcrumb\"},\"inLanguage\":\"lt-LT\",\"potentialAction\":[{\"@type\":\"ReadAction\",\"target\":[\"https:\/\/oxoxclub.com\/lt\/products\/sukneles-ir-sijonai\/suknele-su-ilgomis-rankovemis-ir-dryziais\/\"]}]},{\"@type\":\"ImageObject\",\"inLanguage\":\"lt-LT\",\"@id\":\"https:\/\/oxoxclub.com\/lt\/products\/sukneles-ir-sijonai\/suknele-su-ilgomis-rankovemis-ir-dryziais\/#primaryimage\",\"url\":\"https:\/\/oxoxclub.com\/wp-content\/uploads\/Foto-53-Photoroom.jpg\",\"contentUrl\":\"https:\/\/oxoxclub.com\/wp-content\/uploads\/Foto-53-Photoroom.jpg\",\"width\":1333,\"height\":2000},{\"@type\":\"BreadcrumbList\",\"@id\":\"https:\/\/oxoxclub.com\/lt\/products\/sukneles-ir-sijonai\/suknele-su-ilgomis-rankovemis-ir-dryziais\/#breadcrumb\",\"itemListElement\":[{\"@type\":\"ListItem\",\"position\":1,\"name\":\"Home\",\"item\":\"https:\/\/oxoxclub.com\/lt\/\"},{\"@type\":\"ListItem\",\"position\":2,\"name\":\"Shop\",\"item\":\"https:\/\/oxoxclub.com\/products\/\"},{\"@type\":\"ListItem\",\"position\":3,\"name\":\"Suknel\u0117 su ilgomis rankov\u0117mis ir dry\u017eiais\"}]},{\"@type\":\"WebSite\",\"@id\":\"https:\/\/oxoxclub.com\/lt\/#website\",\"url\":\"https:\/\/oxoxclub.com\/lt\/\",\"name\":\"OXOX CLUB\",\"description\":\"On a mission of never growing up\",\"publisher\":{\"@id\":\"https:\/\/oxoxclub.com\/lt\/#organization\"},\"potentialAction\":[{\"@type\":\"SearchAction\",\"target\":{\"@type\":\"EntryPoint\",\"urlTemplate\":\"https:\/\/oxoxclub.com\/lt\/?s={search_term_string}\"},\"query-input\":{\"@type\":\"PropertyValueSpecification\",\"valueRequired\":true,\"valueName\":\"search_term_string\"}}],\"inLanguage\":\"lt-LT\"},{\"@type\":\"Organization\",\"@id\":\"https:\/\/oxoxclub.com\/lt\/#organization\",\"name\":\"OXOX CLUB\",\"url\":\"https:\/\/oxoxclub.com\/lt\/\",\"logo\":{\"@type\":\"ImageObject\",\"inLanguage\":\"lt-LT\",\"@id\":\"https:\/\/oxoxclub.com\/lt\/#\/schema\/logo\/image\/\",\"url\":\"https:\/\/oxoxclub.com\/wp-content\/uploads\/oxox-logo-in-blue-4.png\",\"contentUrl\":\"https:\/\/oxoxclub.com\/wp-content\/uploads\/oxox-logo-in-blue-4.png\",\"width\":414,\"height\":300,\"caption\":\"OXOX CLUB\"},\"image\":{\"@id\":\"https:\/\/oxoxclub.com\/lt\/#\/schema\/logo\/image\/\"},\"sameAs\":[\"https:\/\/facebook.com\/oxoxclub\/\",\"https:\/\/www.instagram.com\/oxoxclub\/\"]}]}<\/script>\n<meta property=\"og:availability\" content=\"instock\" \/>\n<meta property=\"product:availability\" content=\"instock\" \/>\n<meta property=\"product:retailer_item_id\" content=\"26.470.16\" \/>\n<meta property=\"product:condition\" content=\"new\" \/>\n<!-- \/ Yoast SEO Premium plugin. -->","yoast_head_json":{"title":"Suknel\u0117 su ilgomis rankov\u0117mis ir dry\u017eiais - OXOX","description":"Let the Summer story begin! Comfortable, relaxed cotton dress with a round, contrasting color neck, long sleeves, and the boat drawing in the front.","robots":{"index":"index","follow":"follow","max-snippet":"max-snippet:-1","max-image-preview":"max-image-preview:large","max-video-preview":"max-video-preview:-1"},"canonical":"https:\/\/oxoxclub.com\/lt\/products\/sukneles-ir-sijonai\/suknele-su-ilgomis-rankovemis-ir-dryziais\/","og_locale":"lt_LT","og_type":"article","og_title":"Suknel\u0117 su ilgomis rankov\u0117mis ir dry\u017eiais","og_description":"Let the Summer story begin! Comfortable, relaxed cotton dress with a round, contrasting color neck, long sleeves, and the boat drawing in the front.","og_url":"https:\/\/oxoxclub.com\/lt\/products\/sukneles-ir-sijonai\/suknele-su-ilgomis-rankovemis-ir-dryziais\/","og_site_name":"OXOX","article_publisher":"https:\/\/facebook.com\/oxoxclub\/","article_modified_time":"2025-11-09T10:19:00+00:00","og_image":[{"width":1333,"height":2000,"url":"https:\/\/oxoxclub.com\/wp-content\/uploads\/Foto-53-Photoroom.jpg","type":"image\/jpeg"}],"twitter_card":"summary_large_image","twitter_misc":{"Availability":"In stock"},"schema":{"@context":"https:\/\/schema.org","@graph":[{"@type":"WebPage","@id":"https:\/\/oxoxclub.com\/lt\/products\/sukneles-ir-sijonai\/suknele-su-ilgomis-rankovemis-ir-dryziais\/","url":"https:\/\/oxoxclub.com\/lt\/products\/sukneles-ir-sijonai\/suknele-su-ilgomis-rankovemis-ir-dryziais\/","name":"Suknel\u0117 su ilgomis rankov\u0117mis ir dry\u017eiais - OXOX","isPartOf":{"@id":"https:\/\/oxoxclub.com\/lt\/#website"},"primaryImageOfPage":{"@id":"https:\/\/oxoxclub.com\/lt\/products\/sukneles-ir-sijonai\/suknele-su-ilgomis-rankovemis-ir-dryziais\/#primaryimage"},"image":{"@id":"https:\/\/oxoxclub.com\/lt\/products\/sukneles-ir-sijonai\/suknele-su-ilgomis-rankovemis-ir-dryziais\/#primaryimage"},"thumbnailUrl":"https:\/\/oxoxclub.com\/wp-content\/uploads\/Foto-53-Photoroom.jpg","datePublished":"2022-12-30T10:18:31+00:00","dateModified":"2025-11-09T10:19:00+00:00","description":"Let the Summer story begin! Comfortable, relaxed cotton dress with a round, contrasting color neck, long sleeves, and the boat drawing in the front.","breadcrumb":{"@id":"https:\/\/oxoxclub.com\/lt\/products\/sukneles-ir-sijonai\/suknele-su-ilgomis-rankovemis-ir-dryziais\/#breadcrumb"},"inLanguage":"lt-LT","potentialAction":[{"@type":"ReadAction","target":["https:\/\/oxoxclub.com\/lt\/products\/sukneles-ir-sijonai\/suknele-su-ilgomis-rankovemis-ir-dryziais\/"]}]},{"@type":"ImageObject","inLanguage":"lt-LT","@id":"https:\/\/oxoxclub.com\/lt\/products\/sukneles-ir-sijonai\/suknele-su-ilgomis-rankovemis-ir-dryziais\/#primaryimage","url":"https:\/\/oxoxclub.com\/wp-content\/uploads\/Foto-53-Photoroom.jpg","contentUrl":"https:\/\/oxoxclub.com\/wp-content\/uploads\/Foto-53-Photoroom.jpg","width":1333,"height":2000},{"@type":"BreadcrumbList","@id":"https:\/\/oxoxclub.com\/lt\/products\/sukneles-ir-sijonai\/suknele-su-ilgomis-rankovemis-ir-dryziais\/#breadcrumb","itemListElement":[{"@type":"ListItem","position":1,"name":"Home","item":"https:\/\/oxoxclub.com\/lt\/"},{"@type":"ListItem","position":2,"name":"Shop","item":"https:\/\/oxoxclub.com\/products\/"},{"@type":"ListItem","position":3,"name":"Suknel\u0117 su ilgomis rankov\u0117mis ir dry\u017eiais"}]},{"@type":"WebSite","@id":"https:\/\/oxoxclub.com\/lt\/#website","url":"https:\/\/oxoxclub.com\/lt\/","name":"OXOX CLUB","description":"On a mission of never growing up","publisher":{"@id":"https:\/\/oxoxclub.com\/lt\/#organization"},"potentialAction":[{"@type":"SearchAction","target":{"@type":"EntryPoint","urlTemplate":"https:\/\/oxoxclub.com\/lt\/?s={search_term_string}"},"query-input":{"@type":"PropertyValueSpecification","valueRequired":true,"valueName":"search_term_string"}}],"inLanguage":"lt-LT"},{"@type":"Organization","@id":"https:\/\/oxoxclub.com\/lt\/#organization","name":"OXOX CLUB","url":"https:\/\/oxoxclub.com\/lt\/","logo":{"@type":"ImageObject","inLanguage":"lt-LT","@id":"https:\/\/oxoxclub.com\/lt\/#\/schema\/logo\/image\/","url":"https:\/\/oxoxclub.com\/wp-content\/uploads\/oxox-logo-in-blue-4.png","contentUrl":"https:\/\/oxoxclub.com\/wp-content\/uploads\/oxox-logo-in-blue-4.png","width":414,"height":300,"caption":"OXOX CLUB"},"image":{"@id":"https:\/\/oxoxclub.com\/lt\/#\/schema\/logo\/image\/"},"sameAs":["https:\/\/facebook.com\/oxoxclub\/","https:\/\/www.instagram.com\/oxoxclub\/"]}]},"og_availability":"instock","product_availability":"instock","product_retailer_item_id":"26.470.16","product_condition":"new"},"_links":{"self":[{"href":"https:\/\/oxoxclub.com\/lt\/wp-json\/wp\/v2\/product\/69000","targetHints":{"allow":["GET"]}}],"collection":[{"href":"https:\/\/oxoxclub.com\/lt\/wp-json\/wp\/v2\/product"}],"about":[{"href":"https:\/\/oxoxclub.com\/lt\/wp-json\/wp\/v2\/types\/product"}],"replies":[{"embeddable":true,"href":"https:\/\/oxoxclub.com\/lt\/wp-json\/wp\/v2\/comments?post=69000"}],"wp:featuredmedia":[{"embeddable":true,"href":"https:\/\/oxoxclub.com\/lt\/wp-json\/wp\/v2\/media\/63181"}],"wp:attachment":[{"href":"https:\/\/oxoxclub.com\/lt\/wp-json\/wp\/v2\/media?parent=69000"}],"wp:term":[{"taxonomy":"product_brand","embeddable":true,"href":"https:\/\/oxoxclub.com\/lt\/wp-json\/wp\/v2\/product_brand?post=69000"},{"taxonomy":"product_cat","embeddable":true,"href":"https:\/\/oxoxclub.com\/lt\/wp-json\/wp\/v2\/product_cat?post=69000"},{"taxonomy":"product_tag","embeddable":true,"href":"https:\/\/oxoxclub.com\/lt\/wp-json\/wp\/v2\/product_tag?post=69000"}],"curies":[{"name":"wp","href":"https:\/\/api.w.org\/{rel}","templated":true}]}}