{"id":69010,"date":"2022-12-30T11:39:26","date_gmt":"2022-12-30T09:39:26","guid":{"rendered":"https:\/\/oxoxclub-com-486310.hostingersite.com\/products\/be-kategorijos\/muslin-cotton-dress\/"},"modified":"2025-06-13T12:48:31","modified_gmt":"2025-06-13T10:48:31","slug":"muslino-audinio-midi-suknele","status":"publish","type":"product","link":"https:\/\/oxoxclub.com\/lt\/products\/vaikams\/a-tribute-to-nida\/muslino-audinio-midi-suknele\/","title":{"rendered":"Muslino audinio midi suknel\u0117"},"content":{"rendered":"<p>\u0160i svajinga suknel\u0117 pagaminta i\u0161 mink\u0161to muslino medvilninio audinio, turi trumpas p\u016bstas rankoves, sagutes priekyje ir lengv\u0105, laisv\u0105 siluet\u0105. Tobulas pasirinkimas nepamir\u0161tamoms vasaros akimirkoms.<\/p>\n<p>100% medviln\u0117 \/ Galima skalbti skalbykl\u0117je.<\/p>\n<p>Pagaminta Lietuvoje.<\/p>\n","protected":false},"excerpt":{"rendered":"<p>\u0160i svajinga suknel\u0117 pagaminta i\u0161 mink\u0161to muslino medvilninio audinio, turi trumpas p\u016bstas rankoves, sagutes priekyje ir lengv\u0105, laisv\u0105 siluet\u0105. Tobulas pasirinkimas nepamir\u0161tamoms vasaros akimirkoms. 100% medviln\u0117 \/ Galima skalbti skalbykl\u0117je. Pagaminta Lietuvoje.<\/p>\n","protected":false},"featured_media":63200,"comment_status":"closed","ping_status":"closed","template":"","meta":[],"product_brand":[],"product_cat":[655,662,661],"product_tag":[],"class_list":{"0":"post-69010","1":"product","2":"type-product","3":"status-publish","4":"has-post-thumbnail","6":"product_cat-a-tribute-to-nida","7":"product_cat-sukneles","8":"product_cat-sukneles-ir-sijonai","9":"pa_dresses-sukneles","10":"pa_size-chart-86-92-en","11":"pa_size-chart-98-104-en","12":"pa_size-chart-110-116-en","13":"pa_size-chart-122-128-en","14":"pa_size-chart-134-140-en","15":"pa_size-chart-146-152-en","17":"first","18":"instock","19":"taxable","20":"shipping-taxable","21":"purchasable","22":"product-type-variable"},"acf":[],"yoast_head":"<!-- This site is optimized with the Yoast SEO Premium plugin v20.11 (Yoast SEO v24.3) - https:\/\/yoast.com\/wordpress\/plugins\/seo\/ -->\n<title>Muslino audinio midi suknel\u0117 - OXOX<\/title>\n<meta name=\"description\" content=\"The lovely and romantic muslin cotton dress has short puffy sleeves, buttons on the front, and a nice loose silhouette. Proudly made in Lithuania.\" \/>\n<meta name=\"robots\" content=\"index, follow, max-snippet:-1, max-image-preview:large, max-video-preview:-1\" \/>\n<link rel=\"canonical\" href=\"https:\/\/oxoxclub.com\/lt\/products\/vaikams\/a-tribute-to-nida\/muslino-audinio-midi-suknele\/\" \/>\n<meta property=\"og:locale\" content=\"lt_LT\" \/>\n<meta property=\"og:type\" content=\"article\" \/>\n<meta property=\"og:title\" content=\"Muslino audinio midi suknel\u0117\" \/>\n<meta property=\"og:description\" content=\"The lovely and romantic muslin cotton dress has short puffy sleeves, buttons on the front, and a nice loose silhouette. Proudly made in Lithuania.\" \/>\n<meta property=\"og:url\" content=\"https:\/\/oxoxclub.com\/lt\/products\/vaikams\/a-tribute-to-nida\/muslino-audinio-midi-suknele\/\" \/>\n<meta property=\"og:site_name\" content=\"OXOX\" \/>\n<meta property=\"article:publisher\" content=\"https:\/\/facebook.com\/oxoxclub\/\" \/>\n<meta property=\"article:modified_time\" content=\"2025-06-13T10:48:31+00:00\" \/>\n<meta property=\"og:image\" content=\"https:\/\/oxoxclub.com\/wp-content\/uploads\/Web-13-Photoroom.jpg\" \/>\n\t<meta property=\"og:image:width\" content=\"1333\" \/>\n\t<meta property=\"og:image:height\" content=\"2000\" \/>\n\t<meta property=\"og:image:type\" content=\"image\/jpeg\" \/>\n<meta name=\"twitter:card\" content=\"summary_large_image\" \/>\n<meta name=\"twitter:label1\" content=\"Availability\" \/>\n\t<meta name=\"twitter:data1\" content=\"In stock\" \/>\n<script type=\"application\/ld+json\" class=\"yoast-schema-graph\">{\"@context\":\"https:\/\/schema.org\",\"@graph\":[{\"@type\":\"WebPage\",\"@id\":\"https:\/\/oxoxclub.com\/lt\/products\/vaikams\/a-tribute-to-nida\/muslino-audinio-midi-suknele\/\",\"url\":\"https:\/\/oxoxclub.com\/lt\/products\/vaikams\/a-tribute-to-nida\/muslino-audinio-midi-suknele\/\",\"name\":\"Muslino audinio midi suknel\u0117 - OXOX\",\"isPartOf\":{\"@id\":\"https:\/\/oxoxclub.com\/lt\/#website\"},\"primaryImageOfPage\":{\"@id\":\"https:\/\/oxoxclub.com\/lt\/products\/vaikams\/a-tribute-to-nida\/muslino-audinio-midi-suknele\/#primaryimage\"},\"image\":{\"@id\":\"https:\/\/oxoxclub.com\/lt\/products\/vaikams\/a-tribute-to-nida\/muslino-audinio-midi-suknele\/#primaryimage\"},\"thumbnailUrl\":\"https:\/\/oxoxclub.com\/wp-content\/uploads\/Web-13-Photoroom.jpg\",\"datePublished\":\"2022-12-30T09:39:26+00:00\",\"dateModified\":\"2025-06-13T10:48:31+00:00\",\"description\":\"The lovely and romantic muslin cotton dress has short puffy sleeves, buttons on the front, and a nice loose silhouette. Proudly made in Lithuania.\",\"breadcrumb\":{\"@id\":\"https:\/\/oxoxclub.com\/lt\/products\/vaikams\/a-tribute-to-nida\/muslino-audinio-midi-suknele\/#breadcrumb\"},\"inLanguage\":\"lt-LT\",\"potentialAction\":[{\"@type\":\"ReadAction\",\"target\":[\"https:\/\/oxoxclub.com\/lt\/products\/vaikams\/a-tribute-to-nida\/muslino-audinio-midi-suknele\/\"]}]},{\"@type\":\"ImageObject\",\"inLanguage\":\"lt-LT\",\"@id\":\"https:\/\/oxoxclub.com\/lt\/products\/vaikams\/a-tribute-to-nida\/muslino-audinio-midi-suknele\/#primaryimage\",\"url\":\"https:\/\/oxoxclub.com\/wp-content\/uploads\/Web-13-Photoroom.jpg\",\"contentUrl\":\"https:\/\/oxoxclub.com\/wp-content\/uploads\/Web-13-Photoroom.jpg\",\"width\":1333,\"height\":2000},{\"@type\":\"BreadcrumbList\",\"@id\":\"https:\/\/oxoxclub.com\/lt\/products\/vaikams\/a-tribute-to-nida\/muslino-audinio-midi-suknele\/#breadcrumb\",\"itemListElement\":[{\"@type\":\"ListItem\",\"position\":1,\"name\":\"Home\",\"item\":\"https:\/\/oxoxclub.com\/lt\/\"},{\"@type\":\"ListItem\",\"position\":2,\"name\":\"Shop\",\"item\":\"https:\/\/oxoxclub.com\/products\/\"},{\"@type\":\"ListItem\",\"position\":3,\"name\":\"Muslino audinio midi suknel\u0117\"}]},{\"@type\":\"WebSite\",\"@id\":\"https:\/\/oxoxclub.com\/lt\/#website\",\"url\":\"https:\/\/oxoxclub.com\/lt\/\",\"name\":\"OXOX CLUB\",\"description\":\"On a mission of never growing up\",\"publisher\":{\"@id\":\"https:\/\/oxoxclub.com\/lt\/#organization\"},\"potentialAction\":[{\"@type\":\"SearchAction\",\"target\":{\"@type\":\"EntryPoint\",\"urlTemplate\":\"https:\/\/oxoxclub.com\/lt\/?s={search_term_string}\"},\"query-input\":{\"@type\":\"PropertyValueSpecification\",\"valueRequired\":true,\"valueName\":\"search_term_string\"}}],\"inLanguage\":\"lt-LT\"},{\"@type\":\"Organization\",\"@id\":\"https:\/\/oxoxclub.com\/lt\/#organization\",\"name\":\"OXOX CLUB\",\"url\":\"https:\/\/oxoxclub.com\/lt\/\",\"logo\":{\"@type\":\"ImageObject\",\"inLanguage\":\"lt-LT\",\"@id\":\"https:\/\/oxoxclub.com\/lt\/#\/schema\/logo\/image\/\",\"url\":\"https:\/\/oxoxclub.com\/wp-content\/uploads\/oxox-logo-in-blue-4.png\",\"contentUrl\":\"https:\/\/oxoxclub.com\/wp-content\/uploads\/oxox-logo-in-blue-4.png\",\"width\":414,\"height\":300,\"caption\":\"OXOX CLUB\"},\"image\":{\"@id\":\"https:\/\/oxoxclub.com\/lt\/#\/schema\/logo\/image\/\"},\"sameAs\":[\"https:\/\/facebook.com\/oxoxclub\/\",\"https:\/\/www.instagram.com\/oxoxclub\/\"]}]}<\/script>\n<meta property=\"og:availability\" content=\"instock\" \/>\n<meta property=\"product:availability\" content=\"instock\" \/>\n<meta property=\"product:retailer_item_id\" content=\"26.403.08\" \/>\n<meta property=\"product:condition\" content=\"new\" \/>\n<!-- \/ Yoast SEO Premium plugin. -->","yoast_head_json":{"title":"Muslino audinio midi suknel\u0117 - OXOX","description":"The lovely and romantic muslin cotton dress has short puffy sleeves, buttons on the front, and a nice loose silhouette. Proudly made in Lithuania.","robots":{"index":"index","follow":"follow","max-snippet":"max-snippet:-1","max-image-preview":"max-image-preview:large","max-video-preview":"max-video-preview:-1"},"canonical":"https:\/\/oxoxclub.com\/lt\/products\/vaikams\/a-tribute-to-nida\/muslino-audinio-midi-suknele\/","og_locale":"lt_LT","og_type":"article","og_title":"Muslino audinio midi suknel\u0117","og_description":"The lovely and romantic muslin cotton dress has short puffy sleeves, buttons on the front, and a nice loose silhouette. Proudly made in Lithuania.","og_url":"https:\/\/oxoxclub.com\/lt\/products\/vaikams\/a-tribute-to-nida\/muslino-audinio-midi-suknele\/","og_site_name":"OXOX","article_publisher":"https:\/\/facebook.com\/oxoxclub\/","article_modified_time":"2025-06-13T10:48:31+00:00","og_image":[{"width":1333,"height":2000,"url":"https:\/\/oxoxclub.com\/wp-content\/uploads\/Web-13-Photoroom.jpg","type":"image\/jpeg"}],"twitter_card":"summary_large_image","twitter_misc":{"Availability":"In stock"},"schema":{"@context":"https:\/\/schema.org","@graph":[{"@type":"WebPage","@id":"https:\/\/oxoxclub.com\/lt\/products\/vaikams\/a-tribute-to-nida\/muslino-audinio-midi-suknele\/","url":"https:\/\/oxoxclub.com\/lt\/products\/vaikams\/a-tribute-to-nida\/muslino-audinio-midi-suknele\/","name":"Muslino audinio midi suknel\u0117 - OXOX","isPartOf":{"@id":"https:\/\/oxoxclub.com\/lt\/#website"},"primaryImageOfPage":{"@id":"https:\/\/oxoxclub.com\/lt\/products\/vaikams\/a-tribute-to-nida\/muslino-audinio-midi-suknele\/#primaryimage"},"image":{"@id":"https:\/\/oxoxclub.com\/lt\/products\/vaikams\/a-tribute-to-nida\/muslino-audinio-midi-suknele\/#primaryimage"},"thumbnailUrl":"https:\/\/oxoxclub.com\/wp-content\/uploads\/Web-13-Photoroom.jpg","datePublished":"2022-12-30T09:39:26+00:00","dateModified":"2025-06-13T10:48:31+00:00","description":"The lovely and romantic muslin cotton dress has short puffy sleeves, buttons on the front, and a nice loose silhouette. Proudly made in Lithuania.","breadcrumb":{"@id":"https:\/\/oxoxclub.com\/lt\/products\/vaikams\/a-tribute-to-nida\/muslino-audinio-midi-suknele\/#breadcrumb"},"inLanguage":"lt-LT","potentialAction":[{"@type":"ReadAction","target":["https:\/\/oxoxclub.com\/lt\/products\/vaikams\/a-tribute-to-nida\/muslino-audinio-midi-suknele\/"]}]},{"@type":"ImageObject","inLanguage":"lt-LT","@id":"https:\/\/oxoxclub.com\/lt\/products\/vaikams\/a-tribute-to-nida\/muslino-audinio-midi-suknele\/#primaryimage","url":"https:\/\/oxoxclub.com\/wp-content\/uploads\/Web-13-Photoroom.jpg","contentUrl":"https:\/\/oxoxclub.com\/wp-content\/uploads\/Web-13-Photoroom.jpg","width":1333,"height":2000},{"@type":"BreadcrumbList","@id":"https:\/\/oxoxclub.com\/lt\/products\/vaikams\/a-tribute-to-nida\/muslino-audinio-midi-suknele\/#breadcrumb","itemListElement":[{"@type":"ListItem","position":1,"name":"Home","item":"https:\/\/oxoxclub.com\/lt\/"},{"@type":"ListItem","position":2,"name":"Shop","item":"https:\/\/oxoxclub.com\/products\/"},{"@type":"ListItem","position":3,"name":"Muslino audinio midi suknel\u0117"}]},{"@type":"WebSite","@id":"https:\/\/oxoxclub.com\/lt\/#website","url":"https:\/\/oxoxclub.com\/lt\/","name":"OXOX CLUB","description":"On a mission of never growing up","publisher":{"@id":"https:\/\/oxoxclub.com\/lt\/#organization"},"potentialAction":[{"@type":"SearchAction","target":{"@type":"EntryPoint","urlTemplate":"https:\/\/oxoxclub.com\/lt\/?s={search_term_string}"},"query-input":{"@type":"PropertyValueSpecification","valueRequired":true,"valueName":"search_term_string"}}],"inLanguage":"lt-LT"},{"@type":"Organization","@id":"https:\/\/oxoxclub.com\/lt\/#organization","name":"OXOX CLUB","url":"https:\/\/oxoxclub.com\/lt\/","logo":{"@type":"ImageObject","inLanguage":"lt-LT","@id":"https:\/\/oxoxclub.com\/lt\/#\/schema\/logo\/image\/","url":"https:\/\/oxoxclub.com\/wp-content\/uploads\/oxox-logo-in-blue-4.png","contentUrl":"https:\/\/oxoxclub.com\/wp-content\/uploads\/oxox-logo-in-blue-4.png","width":414,"height":300,"caption":"OXOX CLUB"},"image":{"@id":"https:\/\/oxoxclub.com\/lt\/#\/schema\/logo\/image\/"},"sameAs":["https:\/\/facebook.com\/oxoxclub\/","https:\/\/www.instagram.com\/oxoxclub\/"]}]},"og_availability":"instock","product_availability":"instock","product_retailer_item_id":"26.403.08","product_condition":"new"},"_links":{"self":[{"href":"https:\/\/oxoxclub.com\/lt\/wp-json\/wp\/v2\/product\/69010","targetHints":{"allow":["GET"]}}],"collection":[{"href":"https:\/\/oxoxclub.com\/lt\/wp-json\/wp\/v2\/product"}],"about":[{"href":"https:\/\/oxoxclub.com\/lt\/wp-json\/wp\/v2\/types\/product"}],"replies":[{"embeddable":true,"href":"https:\/\/oxoxclub.com\/lt\/wp-json\/wp\/v2\/comments?post=69010"}],"wp:featuredmedia":[{"embeddable":true,"href":"https:\/\/oxoxclub.com\/lt\/wp-json\/wp\/v2\/media\/63200"}],"wp:attachment":[{"href":"https:\/\/oxoxclub.com\/lt\/wp-json\/wp\/v2\/media?parent=69010"}],"wp:term":[{"taxonomy":"product_brand","embeddable":true,"href":"https:\/\/oxoxclub.com\/lt\/wp-json\/wp\/v2\/product_brand?post=69010"},{"taxonomy":"product_cat","embeddable":true,"href":"https:\/\/oxoxclub.com\/lt\/wp-json\/wp\/v2\/product_cat?post=69010"},{"taxonomy":"product_tag","embeddable":true,"href":"https:\/\/oxoxclub.com\/lt\/wp-json\/wp\/v2\/product_tag?post=69010"}],"curies":[{"name":"wp","href":"https:\/\/api.w.org\/{rel}","templated":true}]}}