{"id":69065,"date":"2022-12-29T17:45:48","date_gmt":"2022-12-29T15:45:48","guid":{"rendered":"https:\/\/oxoxclub-com-486310.hostingersite.com\/products\/be-kategorijos\/summer-sea-oversized-sweatpants\/"},"modified":"2025-05-06T18:30:49","modified_gmt":"2025-05-06T16:30:49","slug":"summer-sea-laisvalaikio-kelnes","status":"publish","type":"product","link":"https:\/\/oxoxclub.com\/lt\/products\/vaikams\/a-tribute-to-nida\/summer-sea-laisvalaikio-kelnes\/","title":{"rendered":"\u201eSummer Sea\u201c laisvalaikio keln\u0117s"},"content":{"rendered":"<p>Tegul prasideda vasaros nuotykiai! \u0160ios padidinto silueto laisvalaikio keln\u0117s yra pagamintos i\u0161 ekologi\u0161kos medviln\u0117s, su reguliuojama juosmens juostele, dviem \u0161onin\u0117mis ki\u0161en\u0117mis ir \u017eaismingu \u201eSummer Sea\u201c printu. Derink jas su to paties audinio d\u017eemperiu arba oversized mar\u0161kin\u0117liais.<\/p>\n<p>96% ekologi\u0161ka medviln\u0117, 4% elastanas \/ Galima skalbti skalbykl\u0117je.<\/p>\n<p>Pagaminta Lietuvoje.<\/p>\n","protected":false},"excerpt":{"rendered":"<p>Tegul prasideda vasaros nuotykiai! \u0160ios padidinto silueto laisvalaikio keln\u0117s yra pagamintos i\u0161 ekologi\u0161kos medviln\u0117s, su reguliuojama juosmens juostele, dviem \u0161onin\u0117mis ki\u0161en\u0117mis ir \u017eaismingu \u201eSummer Sea\u201c printu. Derink jas su to paties audinio d\u017eemperiu arba oversized mar\u0161kin\u0117liais. 96% ekologi\u0161ka medviln\u0117, 4% elastanas \/ Galima skalbti skalbykl\u0117je. Pagaminta Lietuvoje.<\/p>\n","protected":false},"featured_media":59533,"comment_status":"open","ping_status":"closed","template":"","meta":[],"product_brand":[],"product_cat":[655,659,657],"product_tag":[748],"class_list":{"0":"post-69065","1":"product","2":"type-product","3":"status-publish","4":"has-post-thumbnail","6":"product_cat-a-tribute-to-nida","7":"product_cat-kelnes","8":"product_cat-kelnes-ir-sortai","9":"product_tag-organic-cotton-lt","10":"pa_size-chart-86-92-en","11":"pa_size-chart-98-104-en","12":"pa_size-chart-110-116-en","13":"pa_size-chart-122-128-en","14":"pa_size-chart-134-140-en","15":"pa_size-chart-146-152-en","16":"pa_sweatpants-laisvalaikio-kelnes","18":"first","19":"instock","20":"taxable","21":"shipping-taxable","22":"purchasable","23":"product-type-variable"},"acf":[],"yoast_head":"<!-- This site is optimized with the Yoast SEO Premium plugin v20.11 (Yoast SEO v24.3) - https:\/\/yoast.com\/wordpress\/plugins\/seo\/ -->\n<title>\u201eSummer Sea\u201c laisvalaikio keln\u0117s - OXOX<\/title>\n<meta name=\"description\" content=\"The oversized organic cotton sweatpants are comfortable yet very cool and baggy, with an elastic waist, two side pockets, and a playful Summer Sea print.\u00a0\" \/>\n<meta name=\"robots\" content=\"index, follow, max-snippet:-1, max-image-preview:large, max-video-preview:-1\" \/>\n<link rel=\"canonical\" href=\"https:\/\/oxoxclub.com\/lt\/products\/vaikams\/a-tribute-to-nida\/summer-sea-laisvalaikio-kelnes\/\" \/>\n<meta property=\"og:locale\" content=\"lt_LT\" \/>\n<meta property=\"og:type\" content=\"article\" \/>\n<meta property=\"og:title\" content=\"\u201eSummer Sea\u201c laisvalaikio keln\u0117s\" \/>\n<meta property=\"og:description\" content=\"The oversized organic cotton sweatpants are comfortable yet very cool and baggy, with an elastic waist, two side pockets, and a playful Summer Sea print.\u00a0\" \/>\n<meta property=\"og:url\" content=\"https:\/\/oxoxclub.com\/lt\/products\/vaikams\/a-tribute-to-nida\/summer-sea-laisvalaikio-kelnes\/\" \/>\n<meta property=\"og:site_name\" content=\"OXOX\" \/>\n<meta property=\"article:publisher\" content=\"https:\/\/facebook.com\/oxoxclub\/\" \/>\n<meta property=\"article:modified_time\" content=\"2025-05-06T16:30:49+00:00\" \/>\n<meta property=\"og:image\" content=\"https:\/\/oxoxclub.com\/wp-content\/uploads\/Web-17-10.jpg\" \/>\n\t<meta property=\"og:image:width\" content=\"1000\" \/>\n\t<meta property=\"og:image:height\" content=\"1500\" \/>\n\t<meta property=\"og:image:type\" content=\"image\/jpeg\" \/>\n<meta name=\"twitter:card\" content=\"summary_large_image\" \/>\n<meta name=\"twitter:label1\" content=\"Availability\" \/>\n\t<meta name=\"twitter:data1\" content=\"In stock\" \/>\n<script type=\"application\/ld+json\" class=\"yoast-schema-graph\">{\"@context\":\"https:\/\/schema.org\",\"@graph\":[{\"@type\":\"WebPage\",\"@id\":\"https:\/\/oxoxclub.com\/lt\/products\/vaikams\/a-tribute-to-nida\/summer-sea-laisvalaikio-kelnes\/\",\"url\":\"https:\/\/oxoxclub.com\/lt\/products\/vaikams\/a-tribute-to-nida\/summer-sea-laisvalaikio-kelnes\/\",\"name\":\"\u201eSummer Sea\u201c laisvalaikio keln\u0117s - OXOX\",\"isPartOf\":{\"@id\":\"https:\/\/oxoxclub.com\/lt\/#website\"},\"primaryImageOfPage\":{\"@id\":\"https:\/\/oxoxclub.com\/lt\/products\/vaikams\/a-tribute-to-nida\/summer-sea-laisvalaikio-kelnes\/#primaryimage\"},\"image\":{\"@id\":\"https:\/\/oxoxclub.com\/lt\/products\/vaikams\/a-tribute-to-nida\/summer-sea-laisvalaikio-kelnes\/#primaryimage\"},\"thumbnailUrl\":\"https:\/\/oxoxclub.com\/wp-content\/uploads\/Web-17-10.jpg\",\"datePublished\":\"2022-12-29T15:45:48+00:00\",\"dateModified\":\"2025-05-06T16:30:49+00:00\",\"description\":\"The oversized organic cotton sweatpants are comfortable yet very cool and baggy, with an elastic waist, two side pockets, and a playful Summer Sea print.\u00a0\",\"breadcrumb\":{\"@id\":\"https:\/\/oxoxclub.com\/lt\/products\/vaikams\/a-tribute-to-nida\/summer-sea-laisvalaikio-kelnes\/#breadcrumb\"},\"inLanguage\":\"lt-LT\",\"potentialAction\":[{\"@type\":\"ReadAction\",\"target\":[\"https:\/\/oxoxclub.com\/lt\/products\/vaikams\/a-tribute-to-nida\/summer-sea-laisvalaikio-kelnes\/\"]}]},{\"@type\":\"ImageObject\",\"inLanguage\":\"lt-LT\",\"@id\":\"https:\/\/oxoxclub.com\/lt\/products\/vaikams\/a-tribute-to-nida\/summer-sea-laisvalaikio-kelnes\/#primaryimage\",\"url\":\"https:\/\/oxoxclub.com\/wp-content\/uploads\/Web-17-10.jpg\",\"contentUrl\":\"https:\/\/oxoxclub.com\/wp-content\/uploads\/Web-17-10.jpg\",\"width\":1000,\"height\":1500,\"caption\":\"Summer Sea Oversized Sweatpants\"},{\"@type\":\"BreadcrumbList\",\"@id\":\"https:\/\/oxoxclub.com\/lt\/products\/vaikams\/a-tribute-to-nida\/summer-sea-laisvalaikio-kelnes\/#breadcrumb\",\"itemListElement\":[{\"@type\":\"ListItem\",\"position\":1,\"name\":\"Home\",\"item\":\"https:\/\/oxoxclub.com\/lt\/\"},{\"@type\":\"ListItem\",\"position\":2,\"name\":\"Shop\",\"item\":\"https:\/\/oxoxclub.com\/products\/\"},{\"@type\":\"ListItem\",\"position\":3,\"name\":\"\u201eSummer Sea\u201c laisvalaikio keln\u0117s\"}]},{\"@type\":\"WebSite\",\"@id\":\"https:\/\/oxoxclub.com\/lt\/#website\",\"url\":\"https:\/\/oxoxclub.com\/lt\/\",\"name\":\"OXOX CLUB\",\"description\":\"On a mission of never growing up\",\"publisher\":{\"@id\":\"https:\/\/oxoxclub.com\/lt\/#organization\"},\"potentialAction\":[{\"@type\":\"SearchAction\",\"target\":{\"@type\":\"EntryPoint\",\"urlTemplate\":\"https:\/\/oxoxclub.com\/lt\/?s={search_term_string}\"},\"query-input\":{\"@type\":\"PropertyValueSpecification\",\"valueRequired\":true,\"valueName\":\"search_term_string\"}}],\"inLanguage\":\"lt-LT\"},{\"@type\":\"Organization\",\"@id\":\"https:\/\/oxoxclub.com\/lt\/#organization\",\"name\":\"OXOX CLUB\",\"url\":\"https:\/\/oxoxclub.com\/lt\/\",\"logo\":{\"@type\":\"ImageObject\",\"inLanguage\":\"lt-LT\",\"@id\":\"https:\/\/oxoxclub.com\/lt\/#\/schema\/logo\/image\/\",\"url\":\"https:\/\/oxoxclub.com\/wp-content\/uploads\/oxox-logo-in-blue-4.png\",\"contentUrl\":\"https:\/\/oxoxclub.com\/wp-content\/uploads\/oxox-logo-in-blue-4.png\",\"width\":414,\"height\":300,\"caption\":\"OXOX CLUB\"},\"image\":{\"@id\":\"https:\/\/oxoxclub.com\/lt\/#\/schema\/logo\/image\/\"},\"sameAs\":[\"https:\/\/facebook.com\/oxoxclub\/\",\"https:\/\/www.instagram.com\/oxoxclub\/\"]}]}<\/script>\n<meta property=\"og:availability\" content=\"instock\" \/>\n<meta property=\"product:availability\" content=\"instock\" \/>\n<meta property=\"product:retailer_item_id\" content=\"26.273.85\" \/>\n<meta property=\"product:condition\" content=\"new\" \/>\n<!-- \/ Yoast SEO Premium plugin. -->","yoast_head_json":{"title":"\u201eSummer Sea\u201c laisvalaikio keln\u0117s - OXOX","description":"The oversized organic cotton sweatpants are comfortable yet very cool and baggy, with an elastic waist, two side pockets, and a playful Summer Sea print.\u00a0","robots":{"index":"index","follow":"follow","max-snippet":"max-snippet:-1","max-image-preview":"max-image-preview:large","max-video-preview":"max-video-preview:-1"},"canonical":"https:\/\/oxoxclub.com\/lt\/products\/vaikams\/a-tribute-to-nida\/summer-sea-laisvalaikio-kelnes\/","og_locale":"lt_LT","og_type":"article","og_title":"\u201eSummer Sea\u201c laisvalaikio keln\u0117s","og_description":"The oversized organic cotton sweatpants are comfortable yet very cool and baggy, with an elastic waist, two side pockets, and a playful Summer Sea print.\u00a0","og_url":"https:\/\/oxoxclub.com\/lt\/products\/vaikams\/a-tribute-to-nida\/summer-sea-laisvalaikio-kelnes\/","og_site_name":"OXOX","article_publisher":"https:\/\/facebook.com\/oxoxclub\/","article_modified_time":"2025-05-06T16:30:49+00:00","og_image":[{"width":1000,"height":1500,"url":"https:\/\/oxoxclub.com\/wp-content\/uploads\/Web-17-10.jpg","type":"image\/jpeg"}],"twitter_card":"summary_large_image","twitter_misc":{"Availability":"In stock"},"schema":{"@context":"https:\/\/schema.org","@graph":[{"@type":"WebPage","@id":"https:\/\/oxoxclub.com\/lt\/products\/vaikams\/a-tribute-to-nida\/summer-sea-laisvalaikio-kelnes\/","url":"https:\/\/oxoxclub.com\/lt\/products\/vaikams\/a-tribute-to-nida\/summer-sea-laisvalaikio-kelnes\/","name":"\u201eSummer Sea\u201c laisvalaikio keln\u0117s - OXOX","isPartOf":{"@id":"https:\/\/oxoxclub.com\/lt\/#website"},"primaryImageOfPage":{"@id":"https:\/\/oxoxclub.com\/lt\/products\/vaikams\/a-tribute-to-nida\/summer-sea-laisvalaikio-kelnes\/#primaryimage"},"image":{"@id":"https:\/\/oxoxclub.com\/lt\/products\/vaikams\/a-tribute-to-nida\/summer-sea-laisvalaikio-kelnes\/#primaryimage"},"thumbnailUrl":"https:\/\/oxoxclub.com\/wp-content\/uploads\/Web-17-10.jpg","datePublished":"2022-12-29T15:45:48+00:00","dateModified":"2025-05-06T16:30:49+00:00","description":"The oversized organic cotton sweatpants are comfortable yet very cool and baggy, with an elastic waist, two side pockets, and a playful Summer Sea print.\u00a0","breadcrumb":{"@id":"https:\/\/oxoxclub.com\/lt\/products\/vaikams\/a-tribute-to-nida\/summer-sea-laisvalaikio-kelnes\/#breadcrumb"},"inLanguage":"lt-LT","potentialAction":[{"@type":"ReadAction","target":["https:\/\/oxoxclub.com\/lt\/products\/vaikams\/a-tribute-to-nida\/summer-sea-laisvalaikio-kelnes\/"]}]},{"@type":"ImageObject","inLanguage":"lt-LT","@id":"https:\/\/oxoxclub.com\/lt\/products\/vaikams\/a-tribute-to-nida\/summer-sea-laisvalaikio-kelnes\/#primaryimage","url":"https:\/\/oxoxclub.com\/wp-content\/uploads\/Web-17-10.jpg","contentUrl":"https:\/\/oxoxclub.com\/wp-content\/uploads\/Web-17-10.jpg","width":1000,"height":1500,"caption":"Summer Sea Oversized Sweatpants"},{"@type":"BreadcrumbList","@id":"https:\/\/oxoxclub.com\/lt\/products\/vaikams\/a-tribute-to-nida\/summer-sea-laisvalaikio-kelnes\/#breadcrumb","itemListElement":[{"@type":"ListItem","position":1,"name":"Home","item":"https:\/\/oxoxclub.com\/lt\/"},{"@type":"ListItem","position":2,"name":"Shop","item":"https:\/\/oxoxclub.com\/products\/"},{"@type":"ListItem","position":3,"name":"\u201eSummer Sea\u201c laisvalaikio keln\u0117s"}]},{"@type":"WebSite","@id":"https:\/\/oxoxclub.com\/lt\/#website","url":"https:\/\/oxoxclub.com\/lt\/","name":"OXOX CLUB","description":"On a mission of never growing up","publisher":{"@id":"https:\/\/oxoxclub.com\/lt\/#organization"},"potentialAction":[{"@type":"SearchAction","target":{"@type":"EntryPoint","urlTemplate":"https:\/\/oxoxclub.com\/lt\/?s={search_term_string}"},"query-input":{"@type":"PropertyValueSpecification","valueRequired":true,"valueName":"search_term_string"}}],"inLanguage":"lt-LT"},{"@type":"Organization","@id":"https:\/\/oxoxclub.com\/lt\/#organization","name":"OXOX CLUB","url":"https:\/\/oxoxclub.com\/lt\/","logo":{"@type":"ImageObject","inLanguage":"lt-LT","@id":"https:\/\/oxoxclub.com\/lt\/#\/schema\/logo\/image\/","url":"https:\/\/oxoxclub.com\/wp-content\/uploads\/oxox-logo-in-blue-4.png","contentUrl":"https:\/\/oxoxclub.com\/wp-content\/uploads\/oxox-logo-in-blue-4.png","width":414,"height":300,"caption":"OXOX CLUB"},"image":{"@id":"https:\/\/oxoxclub.com\/lt\/#\/schema\/logo\/image\/"},"sameAs":["https:\/\/facebook.com\/oxoxclub\/","https:\/\/www.instagram.com\/oxoxclub\/"]}]},"og_availability":"instock","product_availability":"instock","product_retailer_item_id":"26.273.85","product_condition":"new"},"_links":{"self":[{"href":"https:\/\/oxoxclub.com\/lt\/wp-json\/wp\/v2\/product\/69065","targetHints":{"allow":["GET"]}}],"collection":[{"href":"https:\/\/oxoxclub.com\/lt\/wp-json\/wp\/v2\/product"}],"about":[{"href":"https:\/\/oxoxclub.com\/lt\/wp-json\/wp\/v2\/types\/product"}],"replies":[{"embeddable":true,"href":"https:\/\/oxoxclub.com\/lt\/wp-json\/wp\/v2\/comments?post=69065"}],"wp:featuredmedia":[{"embeddable":true,"href":"https:\/\/oxoxclub.com\/lt\/wp-json\/wp\/v2\/media\/59533"}],"wp:attachment":[{"href":"https:\/\/oxoxclub.com\/lt\/wp-json\/wp\/v2\/media?parent=69065"}],"wp:term":[{"taxonomy":"product_brand","embeddable":true,"href":"https:\/\/oxoxclub.com\/lt\/wp-json\/wp\/v2\/product_brand?post=69065"},{"taxonomy":"product_cat","embeddable":true,"href":"https:\/\/oxoxclub.com\/lt\/wp-json\/wp\/v2\/product_cat?post=69065"},{"taxonomy":"product_tag","embeddable":true,"href":"https:\/\/oxoxclub.com\/lt\/wp-json\/wp\/v2\/product_tag?post=69065"}],"curies":[{"name":"wp","href":"https:\/\/api.w.org\/{rel}","templated":true}]}}