{"id":69077,"date":"2022-12-29T17:16:43","date_gmt":"2022-12-29T15:16:43","guid":{"rendered":"https:\/\/oxoxclub-com-486310.hostingersite.com\/products\/be-kategorijos\/striped-mini-shorts-2\/"},"modified":"2025-07-21T15:03:35","modified_gmt":"2025-07-21T13:03:35","slug":"sortai-su-dryziais-5","status":"publish","type":"product","link":"https:\/\/oxoxclub.com\/lt\/products\/vaikams\/a-tribute-to-nida\/sortai-su-dryziais-5\/","title":{"rendered":"\u0160ortai su dry\u017eiais"},"content":{"rendered":"<p>\u0160ie \u0161ortai pagaminti i\u0161 ekologi\u0161kos medviln\u0117s audinio su dry\u017eiais ir turi elasting\u0105 juosmen\u012f. Derink juos su \u017eaismingais mar\u0161kin\u0117liais ir m\u0117gaukis pa\u0161\u0117lusiomis vasaros dienomis. Ir dar \u2013 su dry\u017eiais visada smagiau!<\/p>\n<p>96% ekologi\u0161ka medviln\u0117, 4% elastanas \/ Galima skalbti skalbykl\u0117je.<\/p>\n<p>Pagaminta Lietuvoje.<\/p>\n","protected":false},"excerpt":{"rendered":"<p>\u0160ie \u0161ortai pagaminti i\u0161 ekologi\u0161kos medviln\u0117s audinio su dry\u017eiais ir turi elasting\u0105 juosmen\u012f. Derink juos su \u017eaismingais mar\u0161kin\u0117liais ir m\u0117gaukis pa\u0161\u0117lusiomis vasaros dienomis. Ir dar \u2013 su dry\u017eiais visada smagiau! 96% ekologi\u0161ka medviln\u0117, 4% elastanas \/ Galima skalbti skalbykl\u0117je. Pagaminta Lietuvoje.<\/p>\n","protected":false},"featured_media":59870,"comment_status":"open","ping_status":"closed","template":"","meta":[],"product_brand":[],"product_cat":[655,657,660],"product_tag":[748],"class_list":{"0":"post-69077","1":"product","2":"type-product","3":"status-publish","4":"has-post-thumbnail","6":"product_cat-a-tribute-to-nida","7":"product_cat-kelnes-ir-sortai","8":"product_cat-sortai","9":"product_tag-organic-cotton-lt","10":"pa_size-chart-86-92-en","11":"pa_size-chart-98-104-en","12":"pa_size-chart-110-116-en","13":"pa_size-chart-122-128-en","14":"pa_size-chart-134-140-en","15":"pa_size-chart-146-152-en","16":"pa_sweatpants-sortai","18":"first","19":"instock","20":"taxable","21":"shipping-taxable","22":"purchasable","23":"product-type-variable"},"acf":[],"yoast_head":"<!-- This site is optimized with the Yoast SEO Premium plugin v20.11 (Yoast SEO v24.3) - https:\/\/yoast.com\/wordpress\/plugins\/seo\/ -->\n<title>\u0160ortai su dry\u017eiais - OXOX<\/title>\n<meta name=\"description\" content=\"Effortless and casual, these mini shorts made of striped organic cotton are perfect for those warm Summer days on the beach.\" \/>\n<meta name=\"robots\" content=\"index, follow, max-snippet:-1, max-image-preview:large, max-video-preview:-1\" \/>\n<link rel=\"canonical\" href=\"https:\/\/oxoxclub.com\/lt\/products\/vaikams\/a-tribute-to-nida\/sortai-su-dryziais-5\/\" \/>\n<meta property=\"og:locale\" content=\"lt_LT\" \/>\n<meta property=\"og:type\" content=\"article\" \/>\n<meta property=\"og:title\" content=\"\u0160ortai su dry\u017eiais\" \/>\n<meta property=\"og:description\" content=\"Effortless and casual, these mini shorts made of striped organic cotton are perfect for those warm Summer days on the beach.\" \/>\n<meta property=\"og:url\" content=\"https:\/\/oxoxclub.com\/lt\/products\/vaikams\/a-tribute-to-nida\/sortai-su-dryziais-5\/\" \/>\n<meta property=\"og:site_name\" content=\"OXOX\" \/>\n<meta property=\"article:publisher\" content=\"https:\/\/facebook.com\/oxoxclub\/\" \/>\n<meta property=\"article:modified_time\" content=\"2025-07-21T13:03:35+00:00\" \/>\n<meta property=\"og:image\" content=\"https:\/\/oxoxclub.com\/wp-content\/uploads\/Web-78-1-scaled.jpg\" \/>\n\t<meta property=\"og:image:width\" content=\"1707\" \/>\n\t<meta property=\"og:image:height\" content=\"2560\" \/>\n\t<meta property=\"og:image:type\" content=\"image\/jpeg\" \/>\n<meta name=\"twitter:card\" content=\"summary_large_image\" \/>\n<meta name=\"twitter:label1\" content=\"Availability\" \/>\n\t<meta name=\"twitter:data1\" content=\"In stock\" \/>\n<script type=\"application\/ld+json\" class=\"yoast-schema-graph\">{\"@context\":\"https:\/\/schema.org\",\"@graph\":[{\"@type\":\"WebPage\",\"@id\":\"https:\/\/oxoxclub.com\/lt\/products\/vaikams\/a-tribute-to-nida\/sortai-su-dryziais-5\/\",\"url\":\"https:\/\/oxoxclub.com\/lt\/products\/vaikams\/a-tribute-to-nida\/sortai-su-dryziais-5\/\",\"name\":\"\u0160ortai su dry\u017eiais - OXOX\",\"isPartOf\":{\"@id\":\"https:\/\/oxoxclub.com\/lt\/#website\"},\"primaryImageOfPage\":{\"@id\":\"https:\/\/oxoxclub.com\/lt\/products\/vaikams\/a-tribute-to-nida\/sortai-su-dryziais-5\/#primaryimage\"},\"image\":{\"@id\":\"https:\/\/oxoxclub.com\/lt\/products\/vaikams\/a-tribute-to-nida\/sortai-su-dryziais-5\/#primaryimage\"},\"thumbnailUrl\":\"https:\/\/oxoxclub.com\/wp-content\/uploads\/Web-78-1-scaled.jpg\",\"datePublished\":\"2022-12-29T15:16:43+00:00\",\"dateModified\":\"2025-07-21T13:03:35+00:00\",\"description\":\"Effortless and casual, these mini shorts made of striped organic cotton are perfect for those warm Summer days on the beach.\",\"breadcrumb\":{\"@id\":\"https:\/\/oxoxclub.com\/lt\/products\/vaikams\/a-tribute-to-nida\/sortai-su-dryziais-5\/#breadcrumb\"},\"inLanguage\":\"lt-LT\",\"potentialAction\":[{\"@type\":\"ReadAction\",\"target\":[\"https:\/\/oxoxclub.com\/lt\/products\/vaikams\/a-tribute-to-nida\/sortai-su-dryziais-5\/\"]}]},{\"@type\":\"ImageObject\",\"inLanguage\":\"lt-LT\",\"@id\":\"https:\/\/oxoxclub.com\/lt\/products\/vaikams\/a-tribute-to-nida\/sortai-su-dryziais-5\/#primaryimage\",\"url\":\"https:\/\/oxoxclub.com\/wp-content\/uploads\/Web-78-1-scaled.jpg\",\"contentUrl\":\"https:\/\/oxoxclub.com\/wp-content\/uploads\/Web-78-1-scaled.jpg\",\"width\":1707,\"height\":2560,\"caption\":\"Striped Mini Shorts\"},{\"@type\":\"BreadcrumbList\",\"@id\":\"https:\/\/oxoxclub.com\/lt\/products\/vaikams\/a-tribute-to-nida\/sortai-su-dryziais-5\/#breadcrumb\",\"itemListElement\":[{\"@type\":\"ListItem\",\"position\":1,\"name\":\"Home\",\"item\":\"https:\/\/oxoxclub.com\/lt\/\"},{\"@type\":\"ListItem\",\"position\":2,\"name\":\"Shop\",\"item\":\"https:\/\/oxoxclub.com\/products\/\"},{\"@type\":\"ListItem\",\"position\":3,\"name\":\"\u0160ortai su dry\u017eiais\"}]},{\"@type\":\"WebSite\",\"@id\":\"https:\/\/oxoxclub.com\/lt\/#website\",\"url\":\"https:\/\/oxoxclub.com\/lt\/\",\"name\":\"OXOX CLUB\",\"description\":\"On a mission of never growing up\",\"publisher\":{\"@id\":\"https:\/\/oxoxclub.com\/lt\/#organization\"},\"potentialAction\":[{\"@type\":\"SearchAction\",\"target\":{\"@type\":\"EntryPoint\",\"urlTemplate\":\"https:\/\/oxoxclub.com\/lt\/?s={search_term_string}\"},\"query-input\":{\"@type\":\"PropertyValueSpecification\",\"valueRequired\":true,\"valueName\":\"search_term_string\"}}],\"inLanguage\":\"lt-LT\"},{\"@type\":\"Organization\",\"@id\":\"https:\/\/oxoxclub.com\/lt\/#organization\",\"name\":\"OXOX CLUB\",\"url\":\"https:\/\/oxoxclub.com\/lt\/\",\"logo\":{\"@type\":\"ImageObject\",\"inLanguage\":\"lt-LT\",\"@id\":\"https:\/\/oxoxclub.com\/lt\/#\/schema\/logo\/image\/\",\"url\":\"https:\/\/oxoxclub.com\/wp-content\/uploads\/oxox-logo-in-blue-4.png\",\"contentUrl\":\"https:\/\/oxoxclub.com\/wp-content\/uploads\/oxox-logo-in-blue-4.png\",\"width\":414,\"height\":300,\"caption\":\"OXOX CLUB\"},\"image\":{\"@id\":\"https:\/\/oxoxclub.com\/lt\/#\/schema\/logo\/image\/\"},\"sameAs\":[\"https:\/\/facebook.com\/oxoxclub\/\",\"https:\/\/www.instagram.com\/oxoxclub\/\"]}]}<\/script>\n<meta property=\"og:availability\" content=\"instock\" \/>\n<meta property=\"product:availability\" content=\"instock\" \/>\n<meta property=\"product:retailer_item_id\" content=\"26.267.16\" \/>\n<meta property=\"product:condition\" content=\"new\" \/>\n<!-- \/ Yoast SEO Premium plugin. -->","yoast_head_json":{"title":"\u0160ortai su dry\u017eiais - OXOX","description":"Effortless and casual, these mini shorts made of striped organic cotton are perfect for those warm Summer days on the beach.","robots":{"index":"index","follow":"follow","max-snippet":"max-snippet:-1","max-image-preview":"max-image-preview:large","max-video-preview":"max-video-preview:-1"},"canonical":"https:\/\/oxoxclub.com\/lt\/products\/vaikams\/a-tribute-to-nida\/sortai-su-dryziais-5\/","og_locale":"lt_LT","og_type":"article","og_title":"\u0160ortai su dry\u017eiais","og_description":"Effortless and casual, these mini shorts made of striped organic cotton are perfect for those warm Summer days on the beach.","og_url":"https:\/\/oxoxclub.com\/lt\/products\/vaikams\/a-tribute-to-nida\/sortai-su-dryziais-5\/","og_site_name":"OXOX","article_publisher":"https:\/\/facebook.com\/oxoxclub\/","article_modified_time":"2025-07-21T13:03:35+00:00","og_image":[{"width":1707,"height":2560,"url":"https:\/\/oxoxclub.com\/wp-content\/uploads\/Web-78-1-scaled.jpg","type":"image\/jpeg"}],"twitter_card":"summary_large_image","twitter_misc":{"Availability":"In stock"},"schema":{"@context":"https:\/\/schema.org","@graph":[{"@type":"WebPage","@id":"https:\/\/oxoxclub.com\/lt\/products\/vaikams\/a-tribute-to-nida\/sortai-su-dryziais-5\/","url":"https:\/\/oxoxclub.com\/lt\/products\/vaikams\/a-tribute-to-nida\/sortai-su-dryziais-5\/","name":"\u0160ortai su dry\u017eiais - OXOX","isPartOf":{"@id":"https:\/\/oxoxclub.com\/lt\/#website"},"primaryImageOfPage":{"@id":"https:\/\/oxoxclub.com\/lt\/products\/vaikams\/a-tribute-to-nida\/sortai-su-dryziais-5\/#primaryimage"},"image":{"@id":"https:\/\/oxoxclub.com\/lt\/products\/vaikams\/a-tribute-to-nida\/sortai-su-dryziais-5\/#primaryimage"},"thumbnailUrl":"https:\/\/oxoxclub.com\/wp-content\/uploads\/Web-78-1-scaled.jpg","datePublished":"2022-12-29T15:16:43+00:00","dateModified":"2025-07-21T13:03:35+00:00","description":"Effortless and casual, these mini shorts made of striped organic cotton are perfect for those warm Summer days on the beach.","breadcrumb":{"@id":"https:\/\/oxoxclub.com\/lt\/products\/vaikams\/a-tribute-to-nida\/sortai-su-dryziais-5\/#breadcrumb"},"inLanguage":"lt-LT","potentialAction":[{"@type":"ReadAction","target":["https:\/\/oxoxclub.com\/lt\/products\/vaikams\/a-tribute-to-nida\/sortai-su-dryziais-5\/"]}]},{"@type":"ImageObject","inLanguage":"lt-LT","@id":"https:\/\/oxoxclub.com\/lt\/products\/vaikams\/a-tribute-to-nida\/sortai-su-dryziais-5\/#primaryimage","url":"https:\/\/oxoxclub.com\/wp-content\/uploads\/Web-78-1-scaled.jpg","contentUrl":"https:\/\/oxoxclub.com\/wp-content\/uploads\/Web-78-1-scaled.jpg","width":1707,"height":2560,"caption":"Striped Mini Shorts"},{"@type":"BreadcrumbList","@id":"https:\/\/oxoxclub.com\/lt\/products\/vaikams\/a-tribute-to-nida\/sortai-su-dryziais-5\/#breadcrumb","itemListElement":[{"@type":"ListItem","position":1,"name":"Home","item":"https:\/\/oxoxclub.com\/lt\/"},{"@type":"ListItem","position":2,"name":"Shop","item":"https:\/\/oxoxclub.com\/products\/"},{"@type":"ListItem","position":3,"name":"\u0160ortai su dry\u017eiais"}]},{"@type":"WebSite","@id":"https:\/\/oxoxclub.com\/lt\/#website","url":"https:\/\/oxoxclub.com\/lt\/","name":"OXOX CLUB","description":"On a mission of never growing up","publisher":{"@id":"https:\/\/oxoxclub.com\/lt\/#organization"},"potentialAction":[{"@type":"SearchAction","target":{"@type":"EntryPoint","urlTemplate":"https:\/\/oxoxclub.com\/lt\/?s={search_term_string}"},"query-input":{"@type":"PropertyValueSpecification","valueRequired":true,"valueName":"search_term_string"}}],"inLanguage":"lt-LT"},{"@type":"Organization","@id":"https:\/\/oxoxclub.com\/lt\/#organization","name":"OXOX CLUB","url":"https:\/\/oxoxclub.com\/lt\/","logo":{"@type":"ImageObject","inLanguage":"lt-LT","@id":"https:\/\/oxoxclub.com\/lt\/#\/schema\/logo\/image\/","url":"https:\/\/oxoxclub.com\/wp-content\/uploads\/oxox-logo-in-blue-4.png","contentUrl":"https:\/\/oxoxclub.com\/wp-content\/uploads\/oxox-logo-in-blue-4.png","width":414,"height":300,"caption":"OXOX CLUB"},"image":{"@id":"https:\/\/oxoxclub.com\/lt\/#\/schema\/logo\/image\/"},"sameAs":["https:\/\/facebook.com\/oxoxclub\/","https:\/\/www.instagram.com\/oxoxclub\/"]}]},"og_availability":"instock","product_availability":"instock","product_retailer_item_id":"26.267.16","product_condition":"new"},"_links":{"self":[{"href":"https:\/\/oxoxclub.com\/lt\/wp-json\/wp\/v2\/product\/69077","targetHints":{"allow":["GET"]}}],"collection":[{"href":"https:\/\/oxoxclub.com\/lt\/wp-json\/wp\/v2\/product"}],"about":[{"href":"https:\/\/oxoxclub.com\/lt\/wp-json\/wp\/v2\/types\/product"}],"replies":[{"embeddable":true,"href":"https:\/\/oxoxclub.com\/lt\/wp-json\/wp\/v2\/comments?post=69077"}],"wp:featuredmedia":[{"embeddable":true,"href":"https:\/\/oxoxclub.com\/lt\/wp-json\/wp\/v2\/media\/59870"}],"wp:attachment":[{"href":"https:\/\/oxoxclub.com\/lt\/wp-json\/wp\/v2\/media?parent=69077"}],"wp:term":[{"taxonomy":"product_brand","embeddable":true,"href":"https:\/\/oxoxclub.com\/lt\/wp-json\/wp\/v2\/product_brand?post=69077"},{"taxonomy":"product_cat","embeddable":true,"href":"https:\/\/oxoxclub.com\/lt\/wp-json\/wp\/v2\/product_cat?post=69077"},{"taxonomy":"product_tag","embeddable":true,"href":"https:\/\/oxoxclub.com\/lt\/wp-json\/wp\/v2\/product_tag?post=69077"}],"curies":[{"name":"wp","href":"https:\/\/api.w.org\/{rel}","templated":true}]}}