{"id":69171,"date":"2022-12-22T12:10:17","date_gmt":"2022-12-22T10:10:17","guid":{"rendered":"https:\/\/oxoxclub-com-486310.hostingersite.com\/products\/be-kategorijos\/striped-wide-sleeve-t-shirt-2\/"},"modified":"2025-07-06T11:49:07","modified_gmt":"2025-07-06T09:49:07","slug":"dryzuotas-topas-su-placiomis-rankovemis","status":"publish","type":"product","link":"https:\/\/oxoxclub.com\/lt\/products\/vaikams\/a-tribute-to-nida\/dryzuotas-topas-su-placiomis-rankovemis\/","title":{"rendered":"Dry\u017euotas topas su pla\u010diomis rankov\u0117mis"},"content":{"rendered":"<p>\u0160i \u017eaisminga palaidin\u0117 yra pagaminta i\u0161 dviej\u0173 skirting\u0173 spalv\u0173 dry\u017euot\u0173 audini\u0173, turi pla\u010dias ir kiek trumpesnes rankoves bei laivo pie\u0161in\u012f priekyje. Puikiai dera su pla\u010diomis keln\u0117mis ar \u0161ortais \u2013 idealus pasirinkimas kasdienai.<\/p>\n<p>96% ekologi\u0161ka medviln\u0117, 4% elastanas \/ Galima skalbti skalbykl\u0117je.<\/p>\n<p>Pagaminta Lietuvoje.<\/p>\n","protected":false},"excerpt":{"rendered":"<p>\u0160i \u017eaisminga palaidin\u0117 yra pagaminta i\u0161 dviej\u0173 skirting\u0173 spalv\u0173 dry\u017euot\u0173 audini\u0173, turi pla\u010dias ir kiek trumpesnes rankoves bei laivo pie\u0161in\u012f priekyje. Puikiai dera su pla\u010diomis keln\u0117mis ar \u0161ortais \u2013 idealus pasirinkimas kasdienai. 96% ekologi\u0161ka medviln\u0117, 4% elastanas \/ Galima skalbti skalbykl\u0117je. Pagaminta Lietuvoje.<\/p>\n","protected":false},"featured_media":59840,"comment_status":"open","ping_status":"closed","template":"","meta":[],"product_brand":[],"product_cat":[655,691,685],"product_tag":[748],"class_list":{"0":"post-69171","1":"product","2":"type-product","3":"status-publish","4":"has-post-thumbnail","6":"product_cat-a-tribute-to-nida","7":"product_cat-marskineliai-lt","8":"product_cat-topai-ir-marskineliai-lt-2","9":"product_tag-organic-cotton-lt","10":"pa_size-chart-86-92-en","11":"pa_size-chart-98-104-en","12":"pa_size-chart-110-116-en","13":"pa_size-chart-122-128-en","14":"pa_size-chart-134-140-en","15":"pa_size-chart-146-152-en","16":"pa_t-shirts-marskineliai","18":"first","19":"instock","20":"taxable","21":"shipping-taxable","22":"purchasable","23":"product-type-variable"},"acf":[],"yoast_head":"<!-- This site is optimized with the Yoast SEO Premium plugin v20.11 (Yoast SEO v24.3) - https:\/\/yoast.com\/wordpress\/plugins\/seo\/ -->\n<title>Dry\u017euotas topas su pla\u010diomis rankov\u0117mis - OXOX<\/title>\n<meta name=\"description\" content=\"Simple cotton shirt with a round neck and long sleeves. Wear it alone or under the oversized sweatshirts or vests. Made in Lithuania.\" \/>\n<meta name=\"robots\" content=\"index, follow, max-snippet:-1, max-image-preview:large, max-video-preview:-1\" \/>\n<link rel=\"canonical\" href=\"https:\/\/oxoxclub.com\/lt\/products\/vaikams\/a-tribute-to-nida\/dryzuotas-topas-su-placiomis-rankovemis\/\" \/>\n<meta property=\"og:locale\" content=\"lt_LT\" \/>\n<meta property=\"og:type\" content=\"article\" \/>\n<meta property=\"og:title\" content=\"Dry\u017euotas topas su pla\u010diomis rankov\u0117mis\" \/>\n<meta property=\"og:description\" content=\"Simple cotton shirt with a round neck and long sleeves. Wear it alone or under the oversized sweatshirts or vests. Made in Lithuania.\" \/>\n<meta property=\"og:url\" content=\"https:\/\/oxoxclub.com\/lt\/products\/vaikams\/a-tribute-to-nida\/dryzuotas-topas-su-placiomis-rankovemis\/\" \/>\n<meta property=\"og:site_name\" content=\"OXOX\" \/>\n<meta property=\"article:publisher\" content=\"https:\/\/facebook.com\/oxoxclub\/\" \/>\n<meta property=\"article:modified_time\" content=\"2025-07-06T09:49:07+00:00\" \/>\n<meta property=\"og:image\" content=\"https:\/\/oxoxclub.com\/wp-content\/uploads\/Web-63-2-scaled.jpg\" \/>\n\t<meta property=\"og:image:width\" content=\"1707\" \/>\n\t<meta property=\"og:image:height\" content=\"2560\" \/>\n\t<meta property=\"og:image:type\" content=\"image\/jpeg\" \/>\n<meta name=\"twitter:card\" content=\"summary_large_image\" \/>\n<meta name=\"twitter:label1\" content=\"Availability\" \/>\n\t<meta name=\"twitter:data1\" content=\"In stock\" \/>\n<script type=\"application\/ld+json\" class=\"yoast-schema-graph\">{\"@context\":\"https:\/\/schema.org\",\"@graph\":[{\"@type\":\"WebPage\",\"@id\":\"https:\/\/oxoxclub.com\/lt\/products\/vaikams\/a-tribute-to-nida\/dryzuotas-topas-su-placiomis-rankovemis\/\",\"url\":\"https:\/\/oxoxclub.com\/lt\/products\/vaikams\/a-tribute-to-nida\/dryzuotas-topas-su-placiomis-rankovemis\/\",\"name\":\"Dry\u017euotas topas su pla\u010diomis rankov\u0117mis - OXOX\",\"isPartOf\":{\"@id\":\"https:\/\/oxoxclub.com\/lt\/#website\"},\"primaryImageOfPage\":{\"@id\":\"https:\/\/oxoxclub.com\/lt\/products\/vaikams\/a-tribute-to-nida\/dryzuotas-topas-su-placiomis-rankovemis\/#primaryimage\"},\"image\":{\"@id\":\"https:\/\/oxoxclub.com\/lt\/products\/vaikams\/a-tribute-to-nida\/dryzuotas-topas-su-placiomis-rankovemis\/#primaryimage\"},\"thumbnailUrl\":\"https:\/\/oxoxclub.com\/wp-content\/uploads\/Web-63-2-scaled.jpg\",\"datePublished\":\"2022-12-22T10:10:17+00:00\",\"dateModified\":\"2025-07-06T09:49:07+00:00\",\"description\":\"Simple cotton shirt with a round neck and long sleeves. Wear it alone or under the oversized sweatshirts or vests. Made in Lithuania.\",\"breadcrumb\":{\"@id\":\"https:\/\/oxoxclub.com\/lt\/products\/vaikams\/a-tribute-to-nida\/dryzuotas-topas-su-placiomis-rankovemis\/#breadcrumb\"},\"inLanguage\":\"lt-LT\",\"potentialAction\":[{\"@type\":\"ReadAction\",\"target\":[\"https:\/\/oxoxclub.com\/lt\/products\/vaikams\/a-tribute-to-nida\/dryzuotas-topas-su-placiomis-rankovemis\/\"]}]},{\"@type\":\"ImageObject\",\"inLanguage\":\"lt-LT\",\"@id\":\"https:\/\/oxoxclub.com\/lt\/products\/vaikams\/a-tribute-to-nida\/dryzuotas-topas-su-placiomis-rankovemis\/#primaryimage\",\"url\":\"https:\/\/oxoxclub.com\/wp-content\/uploads\/Web-63-2-scaled.jpg\",\"contentUrl\":\"https:\/\/oxoxclub.com\/wp-content\/uploads\/Web-63-2-scaled.jpg\",\"width\":1707,\"height\":2560,\"caption\":\"Striped Wide-Sleeve T-Shirt\"},{\"@type\":\"BreadcrumbList\",\"@id\":\"https:\/\/oxoxclub.com\/lt\/products\/vaikams\/a-tribute-to-nida\/dryzuotas-topas-su-placiomis-rankovemis\/#breadcrumb\",\"itemListElement\":[{\"@type\":\"ListItem\",\"position\":1,\"name\":\"Home\",\"item\":\"https:\/\/oxoxclub.com\/lt\/\"},{\"@type\":\"ListItem\",\"position\":2,\"name\":\"Shop\",\"item\":\"https:\/\/oxoxclub.com\/products\/\"},{\"@type\":\"ListItem\",\"position\":3,\"name\":\"Dry\u017euotas topas su pla\u010diomis rankov\u0117mis\"}]},{\"@type\":\"WebSite\",\"@id\":\"https:\/\/oxoxclub.com\/lt\/#website\",\"url\":\"https:\/\/oxoxclub.com\/lt\/\",\"name\":\"OXOX CLUB\",\"description\":\"On a mission of never growing up\",\"publisher\":{\"@id\":\"https:\/\/oxoxclub.com\/lt\/#organization\"},\"potentialAction\":[{\"@type\":\"SearchAction\",\"target\":{\"@type\":\"EntryPoint\",\"urlTemplate\":\"https:\/\/oxoxclub.com\/lt\/?s={search_term_string}\"},\"query-input\":{\"@type\":\"PropertyValueSpecification\",\"valueRequired\":true,\"valueName\":\"search_term_string\"}}],\"inLanguage\":\"lt-LT\"},{\"@type\":\"Organization\",\"@id\":\"https:\/\/oxoxclub.com\/lt\/#organization\",\"name\":\"OXOX CLUB\",\"url\":\"https:\/\/oxoxclub.com\/lt\/\",\"logo\":{\"@type\":\"ImageObject\",\"inLanguage\":\"lt-LT\",\"@id\":\"https:\/\/oxoxclub.com\/lt\/#\/schema\/logo\/image\/\",\"url\":\"https:\/\/oxoxclub.com\/wp-content\/uploads\/oxox-logo-in-blue-4.png\",\"contentUrl\":\"https:\/\/oxoxclub.com\/wp-content\/uploads\/oxox-logo-in-blue-4.png\",\"width\":414,\"height\":300,\"caption\":\"OXOX CLUB\"},\"image\":{\"@id\":\"https:\/\/oxoxclub.com\/lt\/#\/schema\/logo\/image\/\"},\"sameAs\":[\"https:\/\/facebook.com\/oxoxclub\/\",\"https:\/\/www.instagram.com\/oxoxclub\/\"]}]}<\/script>\n<meta property=\"og:availability\" content=\"instock\" \/>\n<meta property=\"product:availability\" content=\"instock\" \/>\n<meta property=\"product:retailer_item_id\" content=\"26.171.16\" \/>\n<meta property=\"product:condition\" content=\"new\" \/>\n<!-- \/ Yoast SEO Premium plugin. -->","yoast_head_json":{"title":"Dry\u017euotas topas su pla\u010diomis rankov\u0117mis - OXOX","description":"Simple cotton shirt with a round neck and long sleeves. Wear it alone or under the oversized sweatshirts or vests. Made in Lithuania.","robots":{"index":"index","follow":"follow","max-snippet":"max-snippet:-1","max-image-preview":"max-image-preview:large","max-video-preview":"max-video-preview:-1"},"canonical":"https:\/\/oxoxclub.com\/lt\/products\/vaikams\/a-tribute-to-nida\/dryzuotas-topas-su-placiomis-rankovemis\/","og_locale":"lt_LT","og_type":"article","og_title":"Dry\u017euotas topas su pla\u010diomis rankov\u0117mis","og_description":"Simple cotton shirt with a round neck and long sleeves. Wear it alone or under the oversized sweatshirts or vests. Made in Lithuania.","og_url":"https:\/\/oxoxclub.com\/lt\/products\/vaikams\/a-tribute-to-nida\/dryzuotas-topas-su-placiomis-rankovemis\/","og_site_name":"OXOX","article_publisher":"https:\/\/facebook.com\/oxoxclub\/","article_modified_time":"2025-07-06T09:49:07+00:00","og_image":[{"width":1707,"height":2560,"url":"https:\/\/oxoxclub.com\/wp-content\/uploads\/Web-63-2-scaled.jpg","type":"image\/jpeg"}],"twitter_card":"summary_large_image","twitter_misc":{"Availability":"In stock"},"schema":{"@context":"https:\/\/schema.org","@graph":[{"@type":"WebPage","@id":"https:\/\/oxoxclub.com\/lt\/products\/vaikams\/a-tribute-to-nida\/dryzuotas-topas-su-placiomis-rankovemis\/","url":"https:\/\/oxoxclub.com\/lt\/products\/vaikams\/a-tribute-to-nida\/dryzuotas-topas-su-placiomis-rankovemis\/","name":"Dry\u017euotas topas su pla\u010diomis rankov\u0117mis - OXOX","isPartOf":{"@id":"https:\/\/oxoxclub.com\/lt\/#website"},"primaryImageOfPage":{"@id":"https:\/\/oxoxclub.com\/lt\/products\/vaikams\/a-tribute-to-nida\/dryzuotas-topas-su-placiomis-rankovemis\/#primaryimage"},"image":{"@id":"https:\/\/oxoxclub.com\/lt\/products\/vaikams\/a-tribute-to-nida\/dryzuotas-topas-su-placiomis-rankovemis\/#primaryimage"},"thumbnailUrl":"https:\/\/oxoxclub.com\/wp-content\/uploads\/Web-63-2-scaled.jpg","datePublished":"2022-12-22T10:10:17+00:00","dateModified":"2025-07-06T09:49:07+00:00","description":"Simple cotton shirt with a round neck and long sleeves. Wear it alone or under the oversized sweatshirts or vests. Made in Lithuania.","breadcrumb":{"@id":"https:\/\/oxoxclub.com\/lt\/products\/vaikams\/a-tribute-to-nida\/dryzuotas-topas-su-placiomis-rankovemis\/#breadcrumb"},"inLanguage":"lt-LT","potentialAction":[{"@type":"ReadAction","target":["https:\/\/oxoxclub.com\/lt\/products\/vaikams\/a-tribute-to-nida\/dryzuotas-topas-su-placiomis-rankovemis\/"]}]},{"@type":"ImageObject","inLanguage":"lt-LT","@id":"https:\/\/oxoxclub.com\/lt\/products\/vaikams\/a-tribute-to-nida\/dryzuotas-topas-su-placiomis-rankovemis\/#primaryimage","url":"https:\/\/oxoxclub.com\/wp-content\/uploads\/Web-63-2-scaled.jpg","contentUrl":"https:\/\/oxoxclub.com\/wp-content\/uploads\/Web-63-2-scaled.jpg","width":1707,"height":2560,"caption":"Striped Wide-Sleeve T-Shirt"},{"@type":"BreadcrumbList","@id":"https:\/\/oxoxclub.com\/lt\/products\/vaikams\/a-tribute-to-nida\/dryzuotas-topas-su-placiomis-rankovemis\/#breadcrumb","itemListElement":[{"@type":"ListItem","position":1,"name":"Home","item":"https:\/\/oxoxclub.com\/lt\/"},{"@type":"ListItem","position":2,"name":"Shop","item":"https:\/\/oxoxclub.com\/products\/"},{"@type":"ListItem","position":3,"name":"Dry\u017euotas topas su pla\u010diomis rankov\u0117mis"}]},{"@type":"WebSite","@id":"https:\/\/oxoxclub.com\/lt\/#website","url":"https:\/\/oxoxclub.com\/lt\/","name":"OXOX CLUB","description":"On a mission of never growing up","publisher":{"@id":"https:\/\/oxoxclub.com\/lt\/#organization"},"potentialAction":[{"@type":"SearchAction","target":{"@type":"EntryPoint","urlTemplate":"https:\/\/oxoxclub.com\/lt\/?s={search_term_string}"},"query-input":{"@type":"PropertyValueSpecification","valueRequired":true,"valueName":"search_term_string"}}],"inLanguage":"lt-LT"},{"@type":"Organization","@id":"https:\/\/oxoxclub.com\/lt\/#organization","name":"OXOX CLUB","url":"https:\/\/oxoxclub.com\/lt\/","logo":{"@type":"ImageObject","inLanguage":"lt-LT","@id":"https:\/\/oxoxclub.com\/lt\/#\/schema\/logo\/image\/","url":"https:\/\/oxoxclub.com\/wp-content\/uploads\/oxox-logo-in-blue-4.png","contentUrl":"https:\/\/oxoxclub.com\/wp-content\/uploads\/oxox-logo-in-blue-4.png","width":414,"height":300,"caption":"OXOX CLUB"},"image":{"@id":"https:\/\/oxoxclub.com\/lt\/#\/schema\/logo\/image\/"},"sameAs":["https:\/\/facebook.com\/oxoxclub\/","https:\/\/www.instagram.com\/oxoxclub\/"]}]},"og_availability":"instock","product_availability":"instock","product_retailer_item_id":"26.171.16","product_condition":"new"},"_links":{"self":[{"href":"https:\/\/oxoxclub.com\/lt\/wp-json\/wp\/v2\/product\/69171","targetHints":{"allow":["GET"]}}],"collection":[{"href":"https:\/\/oxoxclub.com\/lt\/wp-json\/wp\/v2\/product"}],"about":[{"href":"https:\/\/oxoxclub.com\/lt\/wp-json\/wp\/v2\/types\/product"}],"replies":[{"embeddable":true,"href":"https:\/\/oxoxclub.com\/lt\/wp-json\/wp\/v2\/comments?post=69171"}],"wp:featuredmedia":[{"embeddable":true,"href":"https:\/\/oxoxclub.com\/lt\/wp-json\/wp\/v2\/media\/59840"}],"wp:attachment":[{"href":"https:\/\/oxoxclub.com\/lt\/wp-json\/wp\/v2\/media?parent=69171"}],"wp:term":[{"taxonomy":"product_brand","embeddable":true,"href":"https:\/\/oxoxclub.com\/lt\/wp-json\/wp\/v2\/product_brand?post=69171"},{"taxonomy":"product_cat","embeddable":true,"href":"https:\/\/oxoxclub.com\/lt\/wp-json\/wp\/v2\/product_cat?post=69171"},{"taxonomy":"product_tag","embeddable":true,"href":"https:\/\/oxoxclub.com\/lt\/wp-json\/wp\/v2\/product_tag?post=69171"}],"curies":[{"name":"wp","href":"https:\/\/api.w.org\/{rel}","templated":true}]}}