{"id":69254,"date":"2022-12-05T12:45:49","date_gmt":"2022-12-05T10:45:49","guid":{"rendered":"https:\/\/oxoxclub-com-486310.hostingersite.com\/products\/be-kategorijos\/midnatt-fitted-sheet-in-grey\/"},"modified":"2025-05-06T18:43:09","modified_gmt":"2025-05-06T16:43:09","slug":"midnatt-paklode-su-guma-3","status":"publish","type":"product","link":"https:\/\/oxoxclub.com\/lt\/products\/atrinkti-prekes-zenklai\/midnatt-paklode-su-guma-3\/","title":{"rendered":"\u201eMidnatt\u201c paklod\u0117 su guma"},"content":{"rendered":"<p>Atraskite \u0161ved\u0173 prek\u0117s \u017eenklo \u201eMidnatt\u201c minimalistines paklodes, pagamintas i\u0161 ekologi\u0161kos medviln\u0117s, apdorotos specialiu skalbimu, kuris suteikia audiniui nat\u016bralesn\u0119 tekst\u016br\u0105 ir bohemi\u0161k\u0105 lino \u012fvaizd\u012f..<\/p>\n<p>Rekomenduojame skalbti \u017eemoje temperat\u016broje \u2013 40 laipsni\u0173 \u2013 ir d\u017eiovinti nat\u016braliai, nes taip geriau tiek spalvai, tiek audinio pluo\u0161tams, tiek aplinkai.<\/p>\n<p>I\u0161matavimai: 50 cm x 60 cm<\/p>\n<p>Pagalv\u0117s u\u017evalkalai pagaminti i\u0161 100% ekologi\u0161kos medviln\u0117s.<\/p>\n","protected":false},"excerpt":{"rendered":"<p>Atraskite \u0161ved\u0173 prek\u0117s \u017eenklo \u201eMidnatt\u201c minimalistines paklodes, pagamintas i\u0161 ekologi\u0161kos medviln\u0117s, apdorotos specialiu skalbimu, kuris suteikia audiniui nat\u016bralesn\u0119 tekst\u016br\u0105 ir bohemi\u0161k\u0105 lino \u012fvaizd\u012f.. Rekomenduojame skalbti \u017eemoje temperat\u016broje \u2013 40 laipsni\u0173 \u2013 ir d\u017eiovinti nat\u016braliai, nes taip geriau tiek spalvai, tiek audinio pluo\u0161tams, tiek aplinkai. I\u0161matavimai: 50 cm x 60 cm Pagalv\u0117s u\u017evalkalai pagaminti i\u0161 100% [&hellip;]<\/p>\n","protected":false},"featured_media":62839,"comment_status":"open","ping_status":"closed","template":"","meta":[],"product_brand":[],"product_cat":[712,715],"product_tag":[],"class_list":{"0":"post-69254","1":"product","2":"type-product","3":"status-publish","4":"has-post-thumbnail","6":"product_cat-atrinkti-prekes-zenklai","7":"product_cat-midnatt","8":"pa_bedding-paklodes","9":"pa_bedding-sizes-180x200-lt","10":"pa_bedding-sizes-90x200-lt","12":"first","13":"instock","14":"taxable","15":"shipping-taxable","16":"purchasable","17":"product-type-variable"},"acf":[],"yoast_head":"<!-- This site is optimized with the Yoast SEO Premium plugin v20.11 (Yoast SEO v24.3) - https:\/\/yoast.com\/wordpress\/plugins\/seo\/ -->\n<title>\u201eMidnatt\u201c paklod\u0117 su guma - OXOX<\/title>\n<meta name=\"description\" content=\"Midnatt\u2019s fitted sheets have elastic edging and approximately 35 cm extra fabric all around as a margin to fold in underneath to make the sheet fit your mattress perfectly\" \/>\n<meta name=\"robots\" content=\"index, follow, max-snippet:-1, max-image-preview:large, max-video-preview:-1\" \/>\n<link rel=\"canonical\" href=\"https:\/\/oxoxclub.com\/lt\/products\/atrinkti-prekes-zenklai\/midnatt-paklode-su-guma-3\/\" \/>\n<meta property=\"og:locale\" content=\"lt_LT\" \/>\n<meta property=\"og:type\" content=\"article\" \/>\n<meta property=\"og:title\" content=\"\u201eMidnatt\u201c paklod\u0117 su guma\" \/>\n<meta property=\"og:description\" content=\"Midnatt\u2019s fitted sheets have elastic edging and approximately 35 cm extra fabric all around as a margin to fold in underneath to make the sheet fit your mattress perfectly\" \/>\n<meta property=\"og:url\" content=\"https:\/\/oxoxclub.com\/lt\/products\/atrinkti-prekes-zenklai\/midnatt-paklode-su-guma-3\/\" \/>\n<meta property=\"og:site_name\" content=\"OXOX\" \/>\n<meta property=\"article:publisher\" content=\"https:\/\/facebook.com\/oxoxclub\/\" \/>\n<meta property=\"article:modified_time\" content=\"2025-05-06T16:43:09+00:00\" \/>\n<meta property=\"og:image\" content=\"https:\/\/oxoxclub.com\/wp-content\/uploads\/lakan-pebble-midnatt_1_1000px.jpg\" \/>\n\t<meta property=\"og:image:width\" content=\"1000\" \/>\n\t<meta property=\"og:image:height\" content=\"1167\" \/>\n\t<meta property=\"og:image:type\" content=\"image\/jpeg\" \/>\n<meta name=\"twitter:card\" content=\"summary_large_image\" \/>\n<meta name=\"twitter:label1\" content=\"Availability\" \/>\n\t<meta name=\"twitter:data1\" content=\"In stock\" \/>\n<script type=\"application\/ld+json\" class=\"yoast-schema-graph\">{\"@context\":\"https:\/\/schema.org\",\"@graph\":[{\"@type\":\"WebPage\",\"@id\":\"https:\/\/oxoxclub.com\/lt\/products\/atrinkti-prekes-zenklai\/midnatt-paklode-su-guma-3\/\",\"url\":\"https:\/\/oxoxclub.com\/lt\/products\/atrinkti-prekes-zenklai\/midnatt-paklode-su-guma-3\/\",\"name\":\"\u201eMidnatt\u201c paklod\u0117 su guma - OXOX\",\"isPartOf\":{\"@id\":\"https:\/\/oxoxclub.com\/lt\/#website\"},\"primaryImageOfPage\":{\"@id\":\"https:\/\/oxoxclub.com\/lt\/products\/atrinkti-prekes-zenklai\/midnatt-paklode-su-guma-3\/#primaryimage\"},\"image\":{\"@id\":\"https:\/\/oxoxclub.com\/lt\/products\/atrinkti-prekes-zenklai\/midnatt-paklode-su-guma-3\/#primaryimage\"},\"thumbnailUrl\":\"https:\/\/oxoxclub.com\/wp-content\/uploads\/lakan-pebble-midnatt_1_1000px.jpg\",\"datePublished\":\"2022-12-05T10:45:49+00:00\",\"dateModified\":\"2025-05-06T16:43:09+00:00\",\"description\":\"Midnatt\u2019s fitted sheets have elastic edging and approximately 35 cm extra fabric all around as a margin to fold in underneath to make the sheet fit your mattress perfectly\",\"breadcrumb\":{\"@id\":\"https:\/\/oxoxclub.com\/lt\/products\/atrinkti-prekes-zenklai\/midnatt-paklode-su-guma-3\/#breadcrumb\"},\"inLanguage\":\"lt-LT\",\"potentialAction\":[{\"@type\":\"ReadAction\",\"target\":[\"https:\/\/oxoxclub.com\/lt\/products\/atrinkti-prekes-zenklai\/midnatt-paklode-su-guma-3\/\"]}]},{\"@type\":\"ImageObject\",\"inLanguage\":\"lt-LT\",\"@id\":\"https:\/\/oxoxclub.com\/lt\/products\/atrinkti-prekes-zenklai\/midnatt-paklode-su-guma-3\/#primaryimage\",\"url\":\"https:\/\/oxoxclub.com\/wp-content\/uploads\/lakan-pebble-midnatt_1_1000px.jpg\",\"contentUrl\":\"https:\/\/oxoxclub.com\/wp-content\/uploads\/lakan-pebble-midnatt_1_1000px.jpg\",\"width\":1000,\"height\":1167},{\"@type\":\"BreadcrumbList\",\"@id\":\"https:\/\/oxoxclub.com\/lt\/products\/atrinkti-prekes-zenklai\/midnatt-paklode-su-guma-3\/#breadcrumb\",\"itemListElement\":[{\"@type\":\"ListItem\",\"position\":1,\"name\":\"Home\",\"item\":\"https:\/\/oxoxclub.com\/lt\/\"},{\"@type\":\"ListItem\",\"position\":2,\"name\":\"Shop\",\"item\":\"https:\/\/oxoxclub.com\/products\/\"},{\"@type\":\"ListItem\",\"position\":3,\"name\":\"\u201eMidnatt\u201c paklod\u0117 su guma\"}]},{\"@type\":\"WebSite\",\"@id\":\"https:\/\/oxoxclub.com\/lt\/#website\",\"url\":\"https:\/\/oxoxclub.com\/lt\/\",\"name\":\"OXOX CLUB\",\"description\":\"On a mission of never growing up\",\"publisher\":{\"@id\":\"https:\/\/oxoxclub.com\/lt\/#organization\"},\"potentialAction\":[{\"@type\":\"SearchAction\",\"target\":{\"@type\":\"EntryPoint\",\"urlTemplate\":\"https:\/\/oxoxclub.com\/lt\/?s={search_term_string}\"},\"query-input\":{\"@type\":\"PropertyValueSpecification\",\"valueRequired\":true,\"valueName\":\"search_term_string\"}}],\"inLanguage\":\"lt-LT\"},{\"@type\":\"Organization\",\"@id\":\"https:\/\/oxoxclub.com\/lt\/#organization\",\"name\":\"OXOX CLUB\",\"url\":\"https:\/\/oxoxclub.com\/lt\/\",\"logo\":{\"@type\":\"ImageObject\",\"inLanguage\":\"lt-LT\",\"@id\":\"https:\/\/oxoxclub.com\/lt\/#\/schema\/logo\/image\/\",\"url\":\"https:\/\/oxoxclub.com\/wp-content\/uploads\/oxox-logo-in-blue-4.png\",\"contentUrl\":\"https:\/\/oxoxclub.com\/wp-content\/uploads\/oxox-logo-in-blue-4.png\",\"width\":414,\"height\":300,\"caption\":\"OXOX CLUB\"},\"image\":{\"@id\":\"https:\/\/oxoxclub.com\/lt\/#\/schema\/logo\/image\/\"},\"sameAs\":[\"https:\/\/facebook.com\/oxoxclub\/\",\"https:\/\/www.instagram.com\/oxoxclub\/\"]}]}<\/script>\n<meta property=\"og:availability\" content=\"instock\" \/>\n<meta property=\"product:availability\" content=\"instock\" \/>\n<meta property=\"product:retailer_item_id\" content=\"00.802.12\" \/>\n<meta property=\"product:condition\" content=\"new\" \/>\n<!-- \/ Yoast SEO Premium plugin. -->","yoast_head_json":{"title":"\u201eMidnatt\u201c paklod\u0117 su guma - OXOX","description":"Midnatt\u2019s fitted sheets have elastic edging and approximately 35 cm extra fabric all around as a margin to fold in underneath to make the sheet fit your mattress perfectly","robots":{"index":"index","follow":"follow","max-snippet":"max-snippet:-1","max-image-preview":"max-image-preview:large","max-video-preview":"max-video-preview:-1"},"canonical":"https:\/\/oxoxclub.com\/lt\/products\/atrinkti-prekes-zenklai\/midnatt-paklode-su-guma-3\/","og_locale":"lt_LT","og_type":"article","og_title":"\u201eMidnatt\u201c paklod\u0117 su guma","og_description":"Midnatt\u2019s fitted sheets have elastic edging and approximately 35 cm extra fabric all around as a margin to fold in underneath to make the sheet fit your mattress perfectly","og_url":"https:\/\/oxoxclub.com\/lt\/products\/atrinkti-prekes-zenklai\/midnatt-paklode-su-guma-3\/","og_site_name":"OXOX","article_publisher":"https:\/\/facebook.com\/oxoxclub\/","article_modified_time":"2025-05-06T16:43:09+00:00","og_image":[{"width":1000,"height":1167,"url":"https:\/\/oxoxclub.com\/wp-content\/uploads\/lakan-pebble-midnatt_1_1000px.jpg","type":"image\/jpeg"}],"twitter_card":"summary_large_image","twitter_misc":{"Availability":"In stock"},"schema":{"@context":"https:\/\/schema.org","@graph":[{"@type":"WebPage","@id":"https:\/\/oxoxclub.com\/lt\/products\/atrinkti-prekes-zenklai\/midnatt-paklode-su-guma-3\/","url":"https:\/\/oxoxclub.com\/lt\/products\/atrinkti-prekes-zenklai\/midnatt-paklode-su-guma-3\/","name":"\u201eMidnatt\u201c paklod\u0117 su guma - OXOX","isPartOf":{"@id":"https:\/\/oxoxclub.com\/lt\/#website"},"primaryImageOfPage":{"@id":"https:\/\/oxoxclub.com\/lt\/products\/atrinkti-prekes-zenklai\/midnatt-paklode-su-guma-3\/#primaryimage"},"image":{"@id":"https:\/\/oxoxclub.com\/lt\/products\/atrinkti-prekes-zenklai\/midnatt-paklode-su-guma-3\/#primaryimage"},"thumbnailUrl":"https:\/\/oxoxclub.com\/wp-content\/uploads\/lakan-pebble-midnatt_1_1000px.jpg","datePublished":"2022-12-05T10:45:49+00:00","dateModified":"2025-05-06T16:43:09+00:00","description":"Midnatt\u2019s fitted sheets have elastic edging and approximately 35 cm extra fabric all around as a margin to fold in underneath to make the sheet fit your mattress perfectly","breadcrumb":{"@id":"https:\/\/oxoxclub.com\/lt\/products\/atrinkti-prekes-zenklai\/midnatt-paklode-su-guma-3\/#breadcrumb"},"inLanguage":"lt-LT","potentialAction":[{"@type":"ReadAction","target":["https:\/\/oxoxclub.com\/lt\/products\/atrinkti-prekes-zenklai\/midnatt-paklode-su-guma-3\/"]}]},{"@type":"ImageObject","inLanguage":"lt-LT","@id":"https:\/\/oxoxclub.com\/lt\/products\/atrinkti-prekes-zenklai\/midnatt-paklode-su-guma-3\/#primaryimage","url":"https:\/\/oxoxclub.com\/wp-content\/uploads\/lakan-pebble-midnatt_1_1000px.jpg","contentUrl":"https:\/\/oxoxclub.com\/wp-content\/uploads\/lakan-pebble-midnatt_1_1000px.jpg","width":1000,"height":1167},{"@type":"BreadcrumbList","@id":"https:\/\/oxoxclub.com\/lt\/products\/atrinkti-prekes-zenklai\/midnatt-paklode-su-guma-3\/#breadcrumb","itemListElement":[{"@type":"ListItem","position":1,"name":"Home","item":"https:\/\/oxoxclub.com\/lt\/"},{"@type":"ListItem","position":2,"name":"Shop","item":"https:\/\/oxoxclub.com\/products\/"},{"@type":"ListItem","position":3,"name":"\u201eMidnatt\u201c paklod\u0117 su guma"}]},{"@type":"WebSite","@id":"https:\/\/oxoxclub.com\/lt\/#website","url":"https:\/\/oxoxclub.com\/lt\/","name":"OXOX CLUB","description":"On a mission of never growing up","publisher":{"@id":"https:\/\/oxoxclub.com\/lt\/#organization"},"potentialAction":[{"@type":"SearchAction","target":{"@type":"EntryPoint","urlTemplate":"https:\/\/oxoxclub.com\/lt\/?s={search_term_string}"},"query-input":{"@type":"PropertyValueSpecification","valueRequired":true,"valueName":"search_term_string"}}],"inLanguage":"lt-LT"},{"@type":"Organization","@id":"https:\/\/oxoxclub.com\/lt\/#organization","name":"OXOX CLUB","url":"https:\/\/oxoxclub.com\/lt\/","logo":{"@type":"ImageObject","inLanguage":"lt-LT","@id":"https:\/\/oxoxclub.com\/lt\/#\/schema\/logo\/image\/","url":"https:\/\/oxoxclub.com\/wp-content\/uploads\/oxox-logo-in-blue-4.png","contentUrl":"https:\/\/oxoxclub.com\/wp-content\/uploads\/oxox-logo-in-blue-4.png","width":414,"height":300,"caption":"OXOX CLUB"},"image":{"@id":"https:\/\/oxoxclub.com\/lt\/#\/schema\/logo\/image\/"},"sameAs":["https:\/\/facebook.com\/oxoxclub\/","https:\/\/www.instagram.com\/oxoxclub\/"]}]},"og_availability":"instock","product_availability":"instock","product_retailer_item_id":"00.802.12","product_condition":"new"},"_links":{"self":[{"href":"https:\/\/oxoxclub.com\/lt\/wp-json\/wp\/v2\/product\/69254","targetHints":{"allow":["GET"]}}],"collection":[{"href":"https:\/\/oxoxclub.com\/lt\/wp-json\/wp\/v2\/product"}],"about":[{"href":"https:\/\/oxoxclub.com\/lt\/wp-json\/wp\/v2\/types\/product"}],"replies":[{"embeddable":true,"href":"https:\/\/oxoxclub.com\/lt\/wp-json\/wp\/v2\/comments?post=69254"}],"wp:featuredmedia":[{"embeddable":true,"href":"https:\/\/oxoxclub.com\/lt\/wp-json\/wp\/v2\/media\/62839"}],"wp:attachment":[{"href":"https:\/\/oxoxclub.com\/lt\/wp-json\/wp\/v2\/media?parent=69254"}],"wp:term":[{"taxonomy":"product_brand","embeddable":true,"href":"https:\/\/oxoxclub.com\/lt\/wp-json\/wp\/v2\/product_brand?post=69254"},{"taxonomy":"product_cat","embeddable":true,"href":"https:\/\/oxoxclub.com\/lt\/wp-json\/wp\/v2\/product_cat?post=69254"},{"taxonomy":"product_tag","embeddable":true,"href":"https:\/\/oxoxclub.com\/lt\/wp-json\/wp\/v2\/product_tag?post=69254"}],"curies":[{"name":"wp","href":"https:\/\/api.w.org\/{rel}","templated":true}]}}