{"id":69307,"date":"2022-11-15T14:22:39","date_gmt":"2022-11-15T12:22:39","guid":{"rendered":"https:\/\/oxoxclub-com-486310.hostingersite.com\/products\/be-kategorijos\/midnatt-pillow-case-in-dusty-rose-2-units\/"},"modified":"2025-05-06T18:46:44","modified_gmt":"2025-05-06T16:46:44","slug":"midnatt-pagalves-uzvalkalai-2-vienetai-5","status":"publish","type":"product","link":"https:\/\/oxoxclub.com\/lt\/products\/atrinkti-prekes-zenklai\/midnatt-pagalves-uzvalkalai-2-vienetai-5\/","title":{"rendered":"\u201eMidnatt\u201c pagalv\u0117s u\u017evalkalai, 2 vienetai"},"content":{"rendered":"<p>Atraskite \u0161ved\u0173 prek\u0117s \u017eenklo \u201eMidnatt\u201c minimalistinius pagalvi\u0173 u\u017evalkalus, pagamintus i\u0161 ekologi\u0161kos medviln\u0117s, apdorotos specialiu skalbimu, kuris suteikia audiniui nat\u016bralesn\u0119 tekst\u016br\u0105 ir bohemi\u0161k\u0105 lino \u012fvaizd\u012f. Komplekte yra du vienetai. U\u017evalkalai turi ang\u0105 \u0161one.<\/p>\n<p>Rekomenduojame skalbti \u017eemoje temperat\u016broje \u2013 40 laipsni\u0173 \u2013 ir d\u017eiovinti nat\u016braliai, nes taip geriau tiek spalvai, tiek audinio pluo\u0161tams, tiek aplinkai.<\/p>\n<p>I\u0161matavimai: 50 cm x 60 cm<\/p>\n<p>Pagalv\u0117s u\u017evalkalai pagaminti i\u0161 100% ekologi\u0161kos medviln\u0117s.<\/p>\n","protected":false},"excerpt":{"rendered":"<p>Atraskite \u0161ved\u0173 prek\u0117s \u017eenklo \u201eMidnatt\u201c minimalistinius pagalvi\u0173 u\u017evalkalus, pagamintus i\u0161 ekologi\u0161kos medviln\u0117s, apdorotos specialiu skalbimu, kuris suteikia audiniui nat\u016bralesn\u0119 tekst\u016br\u0105 ir bohemi\u0161k\u0105 lino \u012fvaizd\u012f. Komplekte yra du vienetai. U\u017evalkalai turi ang\u0105 \u0161one. Rekomenduojame skalbti \u017eemoje temperat\u016broje \u2013 40 laipsni\u0173 \u2013 ir d\u017eiovinti nat\u016braliai, nes taip geriau tiek spalvai, tiek audinio pluo\u0161tams, tiek aplinkai. I\u0161matavimai: 50 [&hellip;]<\/p>\n","protected":false},"featured_media":62819,"comment_status":"open","ping_status":"closed","template":"","meta":[],"product_brand":[],"product_cat":[712,715],"product_tag":[],"class_list":{"0":"post-69307","1":"product","2":"type-product","3":"status-publish","4":"has-post-thumbnail","6":"product_cat-atrinkti-prekes-zenklai","7":"product_cat-midnatt","8":"pa_size-one-size","10":"first","11":"instock","12":"taxable","13":"shipping-taxable","14":"purchasable","15":"product-type-variable"},"acf":[],"yoast_head":"<!-- This site is optimized with the Yoast SEO Premium plugin v20.11 (Yoast SEO v24.3) - https:\/\/yoast.com\/wordpress\/plugins\/seo\/ -->\n<title>\u201eMidnatt\u201c pagalv\u0117s u\u017evalkalai, 2 vienetai - OXOX<\/title>\n<meta name=\"robots\" content=\"index, follow, max-snippet:-1, max-image-preview:large, max-video-preview:-1\" \/>\n<link rel=\"canonical\" href=\"https:\/\/oxoxclub.com\/lt\/products\/atrinkti-prekes-zenklai\/midnatt-pagalves-uzvalkalai-2-vienetai-5\/\" \/>\n<meta property=\"og:locale\" content=\"lt_LT\" \/>\n<meta property=\"og:type\" content=\"article\" \/>\n<meta property=\"og:title\" content=\"\u201eMidnatt\u201c pagalv\u0117s u\u017evalkalai, 2 vienetai\" \/>\n<meta property=\"og:description\" content=\"Atraskite \u0161ved\u0173 prek\u0117s \u017eenklo \u201eMidnatt\u201c minimalistinius pagalvi\u0173 u\u017evalkalus, pagamintus i\u0161 ekologi\u0161kos medviln\u0117s, apdorotos specialiu skalbimu, kuris suteikia audiniui nat\u016bralesn\u0119 tekst\u016br\u0105 ir bohemi\u0161k\u0105 lino \u012fvaizd\u012f. Komplekte yra du vienetai. U\u017evalkalai turi ang\u0105 \u0161one. Rekomenduojame skalbti \u017eemoje temperat\u016broje \u2013 40 laipsni\u0173 \u2013 ir d\u017eiovinti nat\u016braliai, nes taip geriau tiek spalvai, tiek audinio pluo\u0161tams, tiek aplinkai. I\u0161matavimai: 50 [&hellip;]\" \/>\n<meta property=\"og:url\" content=\"https:\/\/oxoxclub.com\/lt\/products\/atrinkti-prekes-zenklai\/midnatt-pagalves-uzvalkalai-2-vienetai-5\/\" \/>\n<meta property=\"og:site_name\" content=\"OXOX\" \/>\n<meta property=\"article:publisher\" content=\"https:\/\/facebook.com\/oxoxclub\/\" \/>\n<meta property=\"article:modified_time\" content=\"2025-05-06T16:46:44+00:00\" \/>\n<meta property=\"og:image\" content=\"https:\/\/oxoxclub.com\/wp-content\/uploads\/orngott-grupp-50x60-rosa-wilted-midnatt_1000px.jpg\" \/>\n\t<meta property=\"og:image:width\" content=\"1000\" \/>\n\t<meta property=\"og:image:height\" content=\"1170\" \/>\n\t<meta property=\"og:image:type\" content=\"image\/jpeg\" \/>\n<meta name=\"twitter:card\" content=\"summary_large_image\" \/>\n<meta name=\"twitter:label1\" content=\"Availability\" \/>\n\t<meta name=\"twitter:data1\" content=\"In stock\" \/>\n<script type=\"application\/ld+json\" class=\"yoast-schema-graph\">{\"@context\":\"https:\/\/schema.org\",\"@graph\":[{\"@type\":\"WebPage\",\"@id\":\"https:\/\/oxoxclub.com\/lt\/products\/atrinkti-prekes-zenklai\/midnatt-pagalves-uzvalkalai-2-vienetai-5\/\",\"url\":\"https:\/\/oxoxclub.com\/lt\/products\/atrinkti-prekes-zenklai\/midnatt-pagalves-uzvalkalai-2-vienetai-5\/\",\"name\":\"\u201eMidnatt\u201c pagalv\u0117s u\u017evalkalai, 2 vienetai - OXOX\",\"isPartOf\":{\"@id\":\"https:\/\/oxoxclub.com\/lt\/#website\"},\"primaryImageOfPage\":{\"@id\":\"https:\/\/oxoxclub.com\/lt\/products\/atrinkti-prekes-zenklai\/midnatt-pagalves-uzvalkalai-2-vienetai-5\/#primaryimage\"},\"image\":{\"@id\":\"https:\/\/oxoxclub.com\/lt\/products\/atrinkti-prekes-zenklai\/midnatt-pagalves-uzvalkalai-2-vienetai-5\/#primaryimage\"},\"thumbnailUrl\":\"https:\/\/oxoxclub.com\/wp-content\/uploads\/orngott-grupp-50x60-rosa-wilted-midnatt_1000px.jpg\",\"datePublished\":\"2022-11-15T12:22:39+00:00\",\"dateModified\":\"2025-05-06T16:46:44+00:00\",\"breadcrumb\":{\"@id\":\"https:\/\/oxoxclub.com\/lt\/products\/atrinkti-prekes-zenklai\/midnatt-pagalves-uzvalkalai-2-vienetai-5\/#breadcrumb\"},\"inLanguage\":\"lt-LT\",\"potentialAction\":[{\"@type\":\"ReadAction\",\"target\":[\"https:\/\/oxoxclub.com\/lt\/products\/atrinkti-prekes-zenklai\/midnatt-pagalves-uzvalkalai-2-vienetai-5\/\"]}]},{\"@type\":\"ImageObject\",\"inLanguage\":\"lt-LT\",\"@id\":\"https:\/\/oxoxclub.com\/lt\/products\/atrinkti-prekes-zenklai\/midnatt-pagalves-uzvalkalai-2-vienetai-5\/#primaryimage\",\"url\":\"https:\/\/oxoxclub.com\/wp-content\/uploads\/orngott-grupp-50x60-rosa-wilted-midnatt_1000px.jpg\",\"contentUrl\":\"https:\/\/oxoxclub.com\/wp-content\/uploads\/orngott-grupp-50x60-rosa-wilted-midnatt_1000px.jpg\",\"width\":1000,\"height\":1170},{\"@type\":\"BreadcrumbList\",\"@id\":\"https:\/\/oxoxclub.com\/lt\/products\/atrinkti-prekes-zenklai\/midnatt-pagalves-uzvalkalai-2-vienetai-5\/#breadcrumb\",\"itemListElement\":[{\"@type\":\"ListItem\",\"position\":1,\"name\":\"Home\",\"item\":\"https:\/\/oxoxclub.com\/lt\/\"},{\"@type\":\"ListItem\",\"position\":2,\"name\":\"Shop\",\"item\":\"https:\/\/oxoxclub.com\/products\/\"},{\"@type\":\"ListItem\",\"position\":3,\"name\":\"\u201eMidnatt\u201c pagalv\u0117s u\u017evalkalai, 2 vienetai\"}]},{\"@type\":\"WebSite\",\"@id\":\"https:\/\/oxoxclub.com\/lt\/#website\",\"url\":\"https:\/\/oxoxclub.com\/lt\/\",\"name\":\"OXOX CLUB\",\"description\":\"On a mission of never growing up\",\"publisher\":{\"@id\":\"https:\/\/oxoxclub.com\/lt\/#organization\"},\"potentialAction\":[{\"@type\":\"SearchAction\",\"target\":{\"@type\":\"EntryPoint\",\"urlTemplate\":\"https:\/\/oxoxclub.com\/lt\/?s={search_term_string}\"},\"query-input\":{\"@type\":\"PropertyValueSpecification\",\"valueRequired\":true,\"valueName\":\"search_term_string\"}}],\"inLanguage\":\"lt-LT\"},{\"@type\":\"Organization\",\"@id\":\"https:\/\/oxoxclub.com\/lt\/#organization\",\"name\":\"OXOX CLUB\",\"url\":\"https:\/\/oxoxclub.com\/lt\/\",\"logo\":{\"@type\":\"ImageObject\",\"inLanguage\":\"lt-LT\",\"@id\":\"https:\/\/oxoxclub.com\/lt\/#\/schema\/logo\/image\/\",\"url\":\"https:\/\/oxoxclub.com\/wp-content\/uploads\/oxox-logo-in-blue-4.png\",\"contentUrl\":\"https:\/\/oxoxclub.com\/wp-content\/uploads\/oxox-logo-in-blue-4.png\",\"width\":414,\"height\":300,\"caption\":\"OXOX CLUB\"},\"image\":{\"@id\":\"https:\/\/oxoxclub.com\/lt\/#\/schema\/logo\/image\/\"},\"sameAs\":[\"https:\/\/facebook.com\/oxoxclub\/\",\"https:\/\/www.instagram.com\/oxoxclub\/\"]}]}<\/script>\n<meta property=\"og:availability\" content=\"instock\" \/>\n<meta property=\"product:availability\" content=\"instock\" \/>\n<meta property=\"product:retailer_item_id\" content=\"00.801.03.1\" \/>\n<meta property=\"product:condition\" content=\"new\" \/>\n<!-- \/ Yoast SEO Premium plugin. -->","yoast_head_json":{"title":"\u201eMidnatt\u201c pagalv\u0117s u\u017evalkalai, 2 vienetai - OXOX","robots":{"index":"index","follow":"follow","max-snippet":"max-snippet:-1","max-image-preview":"max-image-preview:large","max-video-preview":"max-video-preview:-1"},"canonical":"https:\/\/oxoxclub.com\/lt\/products\/atrinkti-prekes-zenklai\/midnatt-pagalves-uzvalkalai-2-vienetai-5\/","og_locale":"lt_LT","og_type":"article","og_title":"\u201eMidnatt\u201c pagalv\u0117s u\u017evalkalai, 2 vienetai","og_description":"Atraskite \u0161ved\u0173 prek\u0117s \u017eenklo \u201eMidnatt\u201c minimalistinius pagalvi\u0173 u\u017evalkalus, pagamintus i\u0161 ekologi\u0161kos medviln\u0117s, apdorotos specialiu skalbimu, kuris suteikia audiniui nat\u016bralesn\u0119 tekst\u016br\u0105 ir bohemi\u0161k\u0105 lino \u012fvaizd\u012f. Komplekte yra du vienetai. U\u017evalkalai turi ang\u0105 \u0161one. Rekomenduojame skalbti \u017eemoje temperat\u016broje \u2013 40 laipsni\u0173 \u2013 ir d\u017eiovinti nat\u016braliai, nes taip geriau tiek spalvai, tiek audinio pluo\u0161tams, tiek aplinkai. I\u0161matavimai: 50 [&hellip;]","og_url":"https:\/\/oxoxclub.com\/lt\/products\/atrinkti-prekes-zenklai\/midnatt-pagalves-uzvalkalai-2-vienetai-5\/","og_site_name":"OXOX","article_publisher":"https:\/\/facebook.com\/oxoxclub\/","article_modified_time":"2025-05-06T16:46:44+00:00","og_image":[{"width":1000,"height":1170,"url":"https:\/\/oxoxclub.com\/wp-content\/uploads\/orngott-grupp-50x60-rosa-wilted-midnatt_1000px.jpg","type":"image\/jpeg"}],"twitter_card":"summary_large_image","twitter_misc":{"Availability":"In stock"},"schema":{"@context":"https:\/\/schema.org","@graph":[{"@type":"WebPage","@id":"https:\/\/oxoxclub.com\/lt\/products\/atrinkti-prekes-zenklai\/midnatt-pagalves-uzvalkalai-2-vienetai-5\/","url":"https:\/\/oxoxclub.com\/lt\/products\/atrinkti-prekes-zenklai\/midnatt-pagalves-uzvalkalai-2-vienetai-5\/","name":"\u201eMidnatt\u201c pagalv\u0117s u\u017evalkalai, 2 vienetai - OXOX","isPartOf":{"@id":"https:\/\/oxoxclub.com\/lt\/#website"},"primaryImageOfPage":{"@id":"https:\/\/oxoxclub.com\/lt\/products\/atrinkti-prekes-zenklai\/midnatt-pagalves-uzvalkalai-2-vienetai-5\/#primaryimage"},"image":{"@id":"https:\/\/oxoxclub.com\/lt\/products\/atrinkti-prekes-zenklai\/midnatt-pagalves-uzvalkalai-2-vienetai-5\/#primaryimage"},"thumbnailUrl":"https:\/\/oxoxclub.com\/wp-content\/uploads\/orngott-grupp-50x60-rosa-wilted-midnatt_1000px.jpg","datePublished":"2022-11-15T12:22:39+00:00","dateModified":"2025-05-06T16:46:44+00:00","breadcrumb":{"@id":"https:\/\/oxoxclub.com\/lt\/products\/atrinkti-prekes-zenklai\/midnatt-pagalves-uzvalkalai-2-vienetai-5\/#breadcrumb"},"inLanguage":"lt-LT","potentialAction":[{"@type":"ReadAction","target":["https:\/\/oxoxclub.com\/lt\/products\/atrinkti-prekes-zenklai\/midnatt-pagalves-uzvalkalai-2-vienetai-5\/"]}]},{"@type":"ImageObject","inLanguage":"lt-LT","@id":"https:\/\/oxoxclub.com\/lt\/products\/atrinkti-prekes-zenklai\/midnatt-pagalves-uzvalkalai-2-vienetai-5\/#primaryimage","url":"https:\/\/oxoxclub.com\/wp-content\/uploads\/orngott-grupp-50x60-rosa-wilted-midnatt_1000px.jpg","contentUrl":"https:\/\/oxoxclub.com\/wp-content\/uploads\/orngott-grupp-50x60-rosa-wilted-midnatt_1000px.jpg","width":1000,"height":1170},{"@type":"BreadcrumbList","@id":"https:\/\/oxoxclub.com\/lt\/products\/atrinkti-prekes-zenklai\/midnatt-pagalves-uzvalkalai-2-vienetai-5\/#breadcrumb","itemListElement":[{"@type":"ListItem","position":1,"name":"Home","item":"https:\/\/oxoxclub.com\/lt\/"},{"@type":"ListItem","position":2,"name":"Shop","item":"https:\/\/oxoxclub.com\/products\/"},{"@type":"ListItem","position":3,"name":"\u201eMidnatt\u201c pagalv\u0117s u\u017evalkalai, 2 vienetai"}]},{"@type":"WebSite","@id":"https:\/\/oxoxclub.com\/lt\/#website","url":"https:\/\/oxoxclub.com\/lt\/","name":"OXOX CLUB","description":"On a mission of never growing up","publisher":{"@id":"https:\/\/oxoxclub.com\/lt\/#organization"},"potentialAction":[{"@type":"SearchAction","target":{"@type":"EntryPoint","urlTemplate":"https:\/\/oxoxclub.com\/lt\/?s={search_term_string}"},"query-input":{"@type":"PropertyValueSpecification","valueRequired":true,"valueName":"search_term_string"}}],"inLanguage":"lt-LT"},{"@type":"Organization","@id":"https:\/\/oxoxclub.com\/lt\/#organization","name":"OXOX CLUB","url":"https:\/\/oxoxclub.com\/lt\/","logo":{"@type":"ImageObject","inLanguage":"lt-LT","@id":"https:\/\/oxoxclub.com\/lt\/#\/schema\/logo\/image\/","url":"https:\/\/oxoxclub.com\/wp-content\/uploads\/oxox-logo-in-blue-4.png","contentUrl":"https:\/\/oxoxclub.com\/wp-content\/uploads\/oxox-logo-in-blue-4.png","width":414,"height":300,"caption":"OXOX CLUB"},"image":{"@id":"https:\/\/oxoxclub.com\/lt\/#\/schema\/logo\/image\/"},"sameAs":["https:\/\/facebook.com\/oxoxclub\/","https:\/\/www.instagram.com\/oxoxclub\/"]}]},"og_availability":"instock","product_availability":"instock","product_retailer_item_id":"00.801.03.1","product_condition":"new"},"_links":{"self":[{"href":"https:\/\/oxoxclub.com\/lt\/wp-json\/wp\/v2\/product\/69307","targetHints":{"allow":["GET"]}}],"collection":[{"href":"https:\/\/oxoxclub.com\/lt\/wp-json\/wp\/v2\/product"}],"about":[{"href":"https:\/\/oxoxclub.com\/lt\/wp-json\/wp\/v2\/types\/product"}],"replies":[{"embeddable":true,"href":"https:\/\/oxoxclub.com\/lt\/wp-json\/wp\/v2\/comments?post=69307"}],"wp:featuredmedia":[{"embeddable":true,"href":"https:\/\/oxoxclub.com\/lt\/wp-json\/wp\/v2\/media\/62819"}],"wp:attachment":[{"href":"https:\/\/oxoxclub.com\/lt\/wp-json\/wp\/v2\/media?parent=69307"}],"wp:term":[{"taxonomy":"product_brand","embeddable":true,"href":"https:\/\/oxoxclub.com\/lt\/wp-json\/wp\/v2\/product_brand?post=69307"},{"taxonomy":"product_cat","embeddable":true,"href":"https:\/\/oxoxclub.com\/lt\/wp-json\/wp\/v2\/product_cat?post=69307"},{"taxonomy":"product_tag","embeddable":true,"href":"https:\/\/oxoxclub.com\/lt\/wp-json\/wp\/v2\/product_tag?post=69307"}],"curies":[{"name":"wp","href":"https:\/\/api.w.org\/{rel}","templated":true}]}}