{"id":69765,"date":"2022-08-10T14:42:34","date_gmt":"2022-08-10T12:42:34","guid":{"rendered":"https:\/\/oxoxclub-com-486310.hostingersite.com\/products\/be-kategorijos\/chest-strap-uni\/"},"modified":"2025-03-30T18:59:13","modified_gmt":"2025-03-30T16:59:13","slug":"sticky-lemon-reguliuojamas-dirzelis-2","status":"publish","type":"product","link":"https:\/\/oxoxclub.com\/lt\/products\/draugai-lt\/sticky-lemon-reguliuojamas-dirzelis-2\/","title":{"rendered":"\u201eSticky Lemon\u201c reguliuojamas dir\u017eelis"},"content":{"rendered":"<p>Ypa\u010d patogus, reguliuojamas kr\u016btin\u0117s dir\u017eelis, pad\u0117siantis i\u0161laikyti kuprin\u0117s petne\u0161as ant pe\u010di\u0173. Tiesiog prisegk j\u012f aplink petne\u0161as \u2013 ir voil\u00e0, esi pasiruo\u0161\u0119s keliauti!<\/p>\n<p>I\u0161matavimai: 9,4 x 14 cm<\/p>\n<p>Med\u017eiaga \u2013 medviln\u0117.<\/p>\n","protected":false},"excerpt":{"rendered":"<p>Ypa\u010d patogus, reguliuojamas kr\u016btin\u0117s dir\u017eelis, pad\u0117siantis i\u0161laikyti kuprin\u0117s petne\u0161as ant pe\u010di\u0173. Tiesiog prisegk j\u012f aplink petne\u0161as \u2013 ir voil\u00e0, esi pasiruo\u0161\u0119s keliauti! I\u0161matavimai: 9,4 x 14 cm Med\u017eiaga \u2013 medviln\u0117.<\/p>\n","protected":false},"featured_media":58049,"comment_status":"open","ping_status":"closed","template":"","meta":[],"product_brand":[],"product_cat":[625,636,640],"product_tag":[],"class_list":{"0":"post-69765","1":"product","2":"type-product","3":"status-publish","4":"has-post-thumbnail","6":"product_cat-aksesuarai-lt-2","7":"product_cat-draugai-lt","8":"product_cat-sticky-lemon","9":"pa_accessories-krepsiai","11":"first","12":"instock","13":"taxable","14":"shipping-taxable","15":"purchasable","16":"product-type-simple"},"acf":[],"yoast_head":"<!-- This site is optimized with the Yoast SEO Premium plugin v20.11 (Yoast SEO v24.3) - https:\/\/yoast.com\/wordpress\/plugins\/seo\/ -->\n<title>\u201eSticky Lemon\u201c reguliuojamas dir\u017eelis - OXOX<\/title>\n<meta name=\"robots\" content=\"index, follow, max-snippet:-1, max-image-preview:large, max-video-preview:-1\" \/>\n<link rel=\"canonical\" href=\"https:\/\/oxoxclub.com\/lt\/products\/draugai-lt\/sticky-lemon-reguliuojamas-dirzelis-2\/\" \/>\n<meta property=\"og:locale\" content=\"lt_LT\" \/>\n<meta property=\"og:type\" content=\"article\" \/>\n<meta property=\"og:title\" content=\"\u201eSticky Lemon\u201c reguliuojamas dir\u017eelis\" \/>\n<meta property=\"og:description\" content=\"Ypa\u010d patogus, reguliuojamas kr\u016btin\u0117s dir\u017eelis, pad\u0117siantis i\u0161laikyti kuprin\u0117s petne\u0161as ant pe\u010di\u0173. Tiesiog prisegk j\u012f aplink petne\u0161as \u2013 ir voil\u00e0, esi pasiruo\u0161\u0119s keliauti! I\u0161matavimai: 9,4 x 14 cm Med\u017eiaga \u2013 medviln\u0117.\" \/>\n<meta property=\"og:url\" content=\"https:\/\/oxoxclub.com\/lt\/products\/draugai-lt\/sticky-lemon-reguliuojamas-dirzelis-2\/\" \/>\n<meta property=\"og:site_name\" content=\"OXOX\" \/>\n<meta property=\"article:publisher\" content=\"https:\/\/facebook.com\/oxoxclub\/\" \/>\n<meta property=\"article:modified_time\" content=\"2025-03-30T16:59:13+00:00\" \/>\n<meta property=\"og:image\" content=\"https:\/\/oxoxclub.com\/wp-content\/uploads\/f20312_14614cfd858c4217a92052838188f33d_mv2.png\" \/>\n\t<meta property=\"og:image:width\" content=\"809\" \/>\n\t<meta property=\"og:image:height\" content=\"809\" \/>\n\t<meta property=\"og:image:type\" content=\"image\/png\" \/>\n<meta name=\"twitter:card\" content=\"summary_large_image\" \/>\n<meta name=\"twitter:label1\" content=\"Kaina\" \/>\n\t<meta name=\"twitter:data1\" content=\"&euro;10.00\" \/>\n\t<meta name=\"twitter:label2\" content=\"Availability\" \/>\n\t<meta name=\"twitter:data2\" content=\"In stock\" \/>\n<script type=\"application\/ld+json\" class=\"yoast-schema-graph\">{\"@context\":\"https:\/\/schema.org\",\"@graph\":[{\"@type\":\"WebPage\",\"@id\":\"https:\/\/oxoxclub.com\/lt\/products\/draugai-lt\/sticky-lemon-reguliuojamas-dirzelis-2\/\",\"url\":\"https:\/\/oxoxclub.com\/lt\/products\/draugai-lt\/sticky-lemon-reguliuojamas-dirzelis-2\/\",\"name\":\"\u201eSticky Lemon\u201c reguliuojamas dir\u017eelis - OXOX\",\"isPartOf\":{\"@id\":\"https:\/\/oxoxclub.com\/lt\/#website\"},\"primaryImageOfPage\":{\"@id\":\"https:\/\/oxoxclub.com\/lt\/products\/draugai-lt\/sticky-lemon-reguliuojamas-dirzelis-2\/#primaryimage\"},\"image\":{\"@id\":\"https:\/\/oxoxclub.com\/lt\/products\/draugai-lt\/sticky-lemon-reguliuojamas-dirzelis-2\/#primaryimage\"},\"thumbnailUrl\":\"https:\/\/oxoxclub.com\/wp-content\/uploads\/f20312_14614cfd858c4217a92052838188f33d_mv2.png\",\"datePublished\":\"2022-08-10T12:42:34+00:00\",\"dateModified\":\"2025-03-30T16:59:13+00:00\",\"breadcrumb\":{\"@id\":\"https:\/\/oxoxclub.com\/lt\/products\/draugai-lt\/sticky-lemon-reguliuojamas-dirzelis-2\/#breadcrumb\"},\"inLanguage\":\"lt-LT\",\"potentialAction\":[{\"@type\":\"ReadAction\",\"target\":[\"https:\/\/oxoxclub.com\/lt\/products\/draugai-lt\/sticky-lemon-reguliuojamas-dirzelis-2\/\"]}]},{\"@type\":\"ImageObject\",\"inLanguage\":\"lt-LT\",\"@id\":\"https:\/\/oxoxclub.com\/lt\/products\/draugai-lt\/sticky-lemon-reguliuojamas-dirzelis-2\/#primaryimage\",\"url\":\"https:\/\/oxoxclub.com\/wp-content\/uploads\/f20312_14614cfd858c4217a92052838188f33d_mv2.png\",\"contentUrl\":\"https:\/\/oxoxclub.com\/wp-content\/uploads\/f20312_14614cfd858c4217a92052838188f33d_mv2.png\",\"width\":809,\"height\":809},{\"@type\":\"BreadcrumbList\",\"@id\":\"https:\/\/oxoxclub.com\/lt\/products\/draugai-lt\/sticky-lemon-reguliuojamas-dirzelis-2\/#breadcrumb\",\"itemListElement\":[{\"@type\":\"ListItem\",\"position\":1,\"name\":\"Home\",\"item\":\"https:\/\/oxoxclub.com\/lt\/\"},{\"@type\":\"ListItem\",\"position\":2,\"name\":\"Shop\",\"item\":\"https:\/\/oxoxclub.com\/products\/\"},{\"@type\":\"ListItem\",\"position\":3,\"name\":\"\u201eSticky Lemon\u201c reguliuojamas dir\u017eelis\"}]},{\"@type\":\"WebSite\",\"@id\":\"https:\/\/oxoxclub.com\/lt\/#website\",\"url\":\"https:\/\/oxoxclub.com\/lt\/\",\"name\":\"OXOX CLUB\",\"description\":\"On a mission of never growing up\",\"publisher\":{\"@id\":\"https:\/\/oxoxclub.com\/lt\/#organization\"},\"potentialAction\":[{\"@type\":\"SearchAction\",\"target\":{\"@type\":\"EntryPoint\",\"urlTemplate\":\"https:\/\/oxoxclub.com\/lt\/?s={search_term_string}\"},\"query-input\":{\"@type\":\"PropertyValueSpecification\",\"valueRequired\":true,\"valueName\":\"search_term_string\"}}],\"inLanguage\":\"lt-LT\"},{\"@type\":\"Organization\",\"@id\":\"https:\/\/oxoxclub.com\/lt\/#organization\",\"name\":\"OXOX CLUB\",\"url\":\"https:\/\/oxoxclub.com\/lt\/\",\"logo\":{\"@type\":\"ImageObject\",\"inLanguage\":\"lt-LT\",\"@id\":\"https:\/\/oxoxclub.com\/lt\/#\/schema\/logo\/image\/\",\"url\":\"https:\/\/oxoxclub.com\/wp-content\/uploads\/oxox-logo-in-blue-4.png\",\"contentUrl\":\"https:\/\/oxoxclub.com\/wp-content\/uploads\/oxox-logo-in-blue-4.png\",\"width\":414,\"height\":300,\"caption\":\"OXOX CLUB\"},\"image\":{\"@id\":\"https:\/\/oxoxclub.com\/lt\/#\/schema\/logo\/image\/\"},\"sameAs\":[\"https:\/\/facebook.com\/oxoxclub\/\",\"https:\/\/www.instagram.com\/oxoxclub\/\"]}]}<\/script>\n<meta property=\"product:price:amount\" content=\"10.00\" \/>\n<meta property=\"product:price:currency\" content=\"EUR\" \/>\n<meta property=\"og:availability\" content=\"instock\" \/>\n<meta property=\"product:availability\" content=\"instock\" \/>\n<meta property=\"product:retailer_item_id\" content=\"1801986\" \/>\n<meta property=\"product:condition\" content=\"new\" \/>\n<!-- \/ Yoast SEO Premium plugin. -->","yoast_head_json":{"title":"\u201eSticky Lemon\u201c reguliuojamas dir\u017eelis - OXOX","robots":{"index":"index","follow":"follow","max-snippet":"max-snippet:-1","max-image-preview":"max-image-preview:large","max-video-preview":"max-video-preview:-1"},"canonical":"https:\/\/oxoxclub.com\/lt\/products\/draugai-lt\/sticky-lemon-reguliuojamas-dirzelis-2\/","og_locale":"lt_LT","og_type":"article","og_title":"\u201eSticky Lemon\u201c reguliuojamas dir\u017eelis","og_description":"Ypa\u010d patogus, reguliuojamas kr\u016btin\u0117s dir\u017eelis, pad\u0117siantis i\u0161laikyti kuprin\u0117s petne\u0161as ant pe\u010di\u0173. Tiesiog prisegk j\u012f aplink petne\u0161as \u2013 ir voil\u00e0, esi pasiruo\u0161\u0119s keliauti! I\u0161matavimai: 9,4 x 14 cm Med\u017eiaga \u2013 medviln\u0117.","og_url":"https:\/\/oxoxclub.com\/lt\/products\/draugai-lt\/sticky-lemon-reguliuojamas-dirzelis-2\/","og_site_name":"OXOX","article_publisher":"https:\/\/facebook.com\/oxoxclub\/","article_modified_time":"2025-03-30T16:59:13+00:00","og_image":[{"width":809,"height":809,"url":"https:\/\/oxoxclub.com\/wp-content\/uploads\/f20312_14614cfd858c4217a92052838188f33d_mv2.png","type":"image\/png"}],"twitter_card":"summary_large_image","twitter_misc":{"Kaina":"&euro;10.00","Availability":"In stock"},"schema":{"@context":"https:\/\/schema.org","@graph":[{"@type":"WebPage","@id":"https:\/\/oxoxclub.com\/lt\/products\/draugai-lt\/sticky-lemon-reguliuojamas-dirzelis-2\/","url":"https:\/\/oxoxclub.com\/lt\/products\/draugai-lt\/sticky-lemon-reguliuojamas-dirzelis-2\/","name":"\u201eSticky Lemon\u201c reguliuojamas dir\u017eelis - OXOX","isPartOf":{"@id":"https:\/\/oxoxclub.com\/lt\/#website"},"primaryImageOfPage":{"@id":"https:\/\/oxoxclub.com\/lt\/products\/draugai-lt\/sticky-lemon-reguliuojamas-dirzelis-2\/#primaryimage"},"image":{"@id":"https:\/\/oxoxclub.com\/lt\/products\/draugai-lt\/sticky-lemon-reguliuojamas-dirzelis-2\/#primaryimage"},"thumbnailUrl":"https:\/\/oxoxclub.com\/wp-content\/uploads\/f20312_14614cfd858c4217a92052838188f33d_mv2.png","datePublished":"2022-08-10T12:42:34+00:00","dateModified":"2025-03-30T16:59:13+00:00","breadcrumb":{"@id":"https:\/\/oxoxclub.com\/lt\/products\/draugai-lt\/sticky-lemon-reguliuojamas-dirzelis-2\/#breadcrumb"},"inLanguage":"lt-LT","potentialAction":[{"@type":"ReadAction","target":["https:\/\/oxoxclub.com\/lt\/products\/draugai-lt\/sticky-lemon-reguliuojamas-dirzelis-2\/"]}]},{"@type":"ImageObject","inLanguage":"lt-LT","@id":"https:\/\/oxoxclub.com\/lt\/products\/draugai-lt\/sticky-lemon-reguliuojamas-dirzelis-2\/#primaryimage","url":"https:\/\/oxoxclub.com\/wp-content\/uploads\/f20312_14614cfd858c4217a92052838188f33d_mv2.png","contentUrl":"https:\/\/oxoxclub.com\/wp-content\/uploads\/f20312_14614cfd858c4217a92052838188f33d_mv2.png","width":809,"height":809},{"@type":"BreadcrumbList","@id":"https:\/\/oxoxclub.com\/lt\/products\/draugai-lt\/sticky-lemon-reguliuojamas-dirzelis-2\/#breadcrumb","itemListElement":[{"@type":"ListItem","position":1,"name":"Home","item":"https:\/\/oxoxclub.com\/lt\/"},{"@type":"ListItem","position":2,"name":"Shop","item":"https:\/\/oxoxclub.com\/products\/"},{"@type":"ListItem","position":3,"name":"\u201eSticky Lemon\u201c reguliuojamas dir\u017eelis"}]},{"@type":"WebSite","@id":"https:\/\/oxoxclub.com\/lt\/#website","url":"https:\/\/oxoxclub.com\/lt\/","name":"OXOX CLUB","description":"On a mission of never growing up","publisher":{"@id":"https:\/\/oxoxclub.com\/lt\/#organization"},"potentialAction":[{"@type":"SearchAction","target":{"@type":"EntryPoint","urlTemplate":"https:\/\/oxoxclub.com\/lt\/?s={search_term_string}"},"query-input":{"@type":"PropertyValueSpecification","valueRequired":true,"valueName":"search_term_string"}}],"inLanguage":"lt-LT"},{"@type":"Organization","@id":"https:\/\/oxoxclub.com\/lt\/#organization","name":"OXOX CLUB","url":"https:\/\/oxoxclub.com\/lt\/","logo":{"@type":"ImageObject","inLanguage":"lt-LT","@id":"https:\/\/oxoxclub.com\/lt\/#\/schema\/logo\/image\/","url":"https:\/\/oxoxclub.com\/wp-content\/uploads\/oxox-logo-in-blue-4.png","contentUrl":"https:\/\/oxoxclub.com\/wp-content\/uploads\/oxox-logo-in-blue-4.png","width":414,"height":300,"caption":"OXOX CLUB"},"image":{"@id":"https:\/\/oxoxclub.com\/lt\/#\/schema\/logo\/image\/"},"sameAs":["https:\/\/facebook.com\/oxoxclub\/","https:\/\/www.instagram.com\/oxoxclub\/"]}]},"product_price_amount":"10.00","product_price_currency":"EUR","og_availability":"instock","product_availability":"instock","product_retailer_item_id":"1801986","product_condition":"new"},"_links":{"self":[{"href":"https:\/\/oxoxclub.com\/lt\/wp-json\/wp\/v2\/product\/69765","targetHints":{"allow":["GET"]}}],"collection":[{"href":"https:\/\/oxoxclub.com\/lt\/wp-json\/wp\/v2\/product"}],"about":[{"href":"https:\/\/oxoxclub.com\/lt\/wp-json\/wp\/v2\/types\/product"}],"replies":[{"embeddable":true,"href":"https:\/\/oxoxclub.com\/lt\/wp-json\/wp\/v2\/comments?post=69765"}],"wp:featuredmedia":[{"embeddable":true,"href":"https:\/\/oxoxclub.com\/lt\/wp-json\/wp\/v2\/media\/58049"}],"wp:attachment":[{"href":"https:\/\/oxoxclub.com\/lt\/wp-json\/wp\/v2\/media?parent=69765"}],"wp:term":[{"taxonomy":"product_brand","embeddable":true,"href":"https:\/\/oxoxclub.com\/lt\/wp-json\/wp\/v2\/product_brand?post=69765"},{"taxonomy":"product_cat","embeddable":true,"href":"https:\/\/oxoxclub.com\/lt\/wp-json\/wp\/v2\/product_cat?post=69765"},{"taxonomy":"product_tag","embeddable":true,"href":"https:\/\/oxoxclub.com\/lt\/wp-json\/wp\/v2\/product_tag?post=69765"}],"curies":[{"name":"wp","href":"https:\/\/api.w.org\/{rel}","templated":true}]}}