{"id":70041,"date":"2022-03-30T20:06:45","date_gmt":"2022-03-30T18:06:45","guid":{"rendered":"https:\/\/oxoxclub-com-486310.hostingersite.com\/products\/be-kategorijos\/meduse-jelly-shoes-blue\/"},"modified":"2025-05-06T19:33:10","modified_gmt":"2025-05-06T17:33:10","slug":"mduse-sandalai-6","status":"publish","type":"product","link":"https:\/\/oxoxclub.com\/lt\/products\/aksesuarai-lt-2\/mduse-sandalai-6\/","title":{"rendered":"\u201eM\u00c9DUSE\u201c sandalai"},"content":{"rendered":"<p>\u0160ie vaiki\u0161ki sandalai yra puikus pasirinkimas papl\u016bdimiui. Sandalai turi u\u017eapvalint\u0105 priek\u012f, pintas juosteles ir dygliuot\u0105 pad\u0105. Puikiai tinka poilsiui prie j\u016bros ar \u017eaidimams kieme. Lengva prie\u017ei\u016bra \u2013 tiesiog perplauk po tekan\u010diu vandeniu ir jie v\u0117l kaip nauji!<\/p>\n<p>Visi \u201eM\u00e9duse\u201c gaminiai pagaminti i\u0161 100% perdirbamo, be ftalat\u0173 plastiko.<\/p>\n","protected":false},"excerpt":{"rendered":"<p>\u0160ie vaiki\u0161ki sandalai yra puikus pasirinkimas papl\u016bdimiui. Sandalai turi u\u017eapvalint\u0105 priek\u012f, pintas juosteles ir dygliuot\u0105 pad\u0105. Puikiai tinka poilsiui prie j\u016bros ar \u017eaidimams kieme. Lengva prie\u017ei\u016bra \u2013 tiesiog perplauk po tekan\u010diu vandeniu ir jie v\u0117l kaip nauji! Visi \u201eM\u00e9duse\u201c gaminiai pagaminti i\u0161 100% perdirbamo, be ftalat\u0173 plastiko.<\/p>\n","protected":false},"featured_media":58287,"comment_status":"open","ping_status":"closed","template":"","meta":[],"product_brand":[],"product_cat":[625,645,712,714],"product_tag":[774],"class_list":{"0":"post-70041","1":"product","2":"type-product","3":"status-publish","4":"has-post-thumbnail","6":"product_cat-aksesuarai-lt-2","7":"product_cat-aksesuarai-vaikams-lt","8":"product_cat-atrinkti-prekes-zenklai","9":"product_cat-meduse-lt-2","10":"product_tag-recyclable-plastic-lt","11":"pa_accessories-batai","12":"pa_shoes-sizes-769","13":"pa_shoes-sizes-770","14":"pa_shoes-sizes-771","15":"pa_shoes-sizes-772","16":"pa_shoes-sizes-32-lt","17":"pa_shoes-sizes-33-lt","18":"pa_shoes-sizes-34-lt","20":"first","21":"instock","22":"taxable","23":"shipping-taxable","24":"purchasable","25":"product-type-variable"},"acf":[],"yoast_head":"<!-- This site is optimized with the Yoast SEO Premium plugin v20.11 (Yoast SEO v24.3) - https:\/\/yoast.com\/wordpress\/plugins\/seo\/ -->\n<title>\u201eM\u00c9DUSE\u201c sandalai - OXOX<\/title>\n<meta name=\"description\" content=\"These kids Sun lawn sandals are the perfect pair for the beach All the products of the M\u00e9duse range are made in 100% recyclable phthalate-free plastics.\" \/>\n<meta name=\"robots\" content=\"index, follow, max-snippet:-1, max-image-preview:large, max-video-preview:-1\" \/>\n<link rel=\"canonical\" href=\"https:\/\/oxoxclub.com\/lt\/products\/aksesuarai-lt-2\/mduse-sandalai-6\/\" \/>\n<meta property=\"og:locale\" content=\"lt_LT\" \/>\n<meta property=\"og:type\" content=\"article\" \/>\n<meta property=\"og:title\" content=\"\u201eM\u00c9DUSE\u201c sandalai\" \/>\n<meta property=\"og:description\" content=\"These kids Sun lawn sandals are the perfect pair for the beach All the products of the M\u00e9duse range are made in 100% recyclable phthalate-free plastics.\" \/>\n<meta property=\"og:url\" content=\"https:\/\/oxoxclub.com\/lt\/products\/aksesuarai-lt-2\/mduse-sandalai-6\/\" \/>\n<meta property=\"og:site_name\" content=\"OXOX\" \/>\n<meta property=\"article:publisher\" content=\"https:\/\/facebook.com\/oxoxclub\/\" \/>\n<meta property=\"article:modified_time\" content=\"2025-05-06T17:33:10+00:00\" \/>\n<meta property=\"og:image\" content=\"https:\/\/oxoxclub.com\/wp-content\/uploads\/Aksesuarai-2-scaled.jpg\" \/>\n\t<meta property=\"og:image:width\" content=\"1707\" \/>\n\t<meta property=\"og:image:height\" content=\"2560\" \/>\n\t<meta property=\"og:image:type\" content=\"image\/jpeg\" \/>\n<meta name=\"twitter:card\" content=\"summary_large_image\" \/>\n<meta name=\"twitter:label1\" content=\"Availability\" \/>\n\t<meta name=\"twitter:data1\" content=\"In stock\" \/>\n<script type=\"application\/ld+json\" class=\"yoast-schema-graph\">{\"@context\":\"https:\/\/schema.org\",\"@graph\":[{\"@type\":\"WebPage\",\"@id\":\"https:\/\/oxoxclub.com\/lt\/products\/aksesuarai-lt-2\/mduse-sandalai-6\/\",\"url\":\"https:\/\/oxoxclub.com\/lt\/products\/aksesuarai-lt-2\/mduse-sandalai-6\/\",\"name\":\"\u201eM\u00c9DUSE\u201c sandalai - OXOX\",\"isPartOf\":{\"@id\":\"https:\/\/oxoxclub.com\/lt\/#website\"},\"primaryImageOfPage\":{\"@id\":\"https:\/\/oxoxclub.com\/lt\/products\/aksesuarai-lt-2\/mduse-sandalai-6\/#primaryimage\"},\"image\":{\"@id\":\"https:\/\/oxoxclub.com\/lt\/products\/aksesuarai-lt-2\/mduse-sandalai-6\/#primaryimage\"},\"thumbnailUrl\":\"https:\/\/oxoxclub.com\/wp-content\/uploads\/Aksesuarai-2-scaled.jpg\",\"datePublished\":\"2022-03-30T18:06:45+00:00\",\"dateModified\":\"2025-05-06T17:33:10+00:00\",\"description\":\"These kids Sun lawn sandals are the perfect pair for the beach All the products of the M\u00e9duse range are made in 100% recyclable phthalate-free plastics.\",\"breadcrumb\":{\"@id\":\"https:\/\/oxoxclub.com\/lt\/products\/aksesuarai-lt-2\/mduse-sandalai-6\/#breadcrumb\"},\"inLanguage\":\"lt-LT\",\"potentialAction\":[{\"@type\":\"ReadAction\",\"target\":[\"https:\/\/oxoxclub.com\/lt\/products\/aksesuarai-lt-2\/mduse-sandalai-6\/\"]}]},{\"@type\":\"ImageObject\",\"inLanguage\":\"lt-LT\",\"@id\":\"https:\/\/oxoxclub.com\/lt\/products\/aksesuarai-lt-2\/mduse-sandalai-6\/#primaryimage\",\"url\":\"https:\/\/oxoxclub.com\/wp-content\/uploads\/Aksesuarai-2-scaled.jpg\",\"contentUrl\":\"https:\/\/oxoxclub.com\/wp-content\/uploads\/Aksesuarai-2-scaled.jpg\",\"width\":1707,\"height\":2560},{\"@type\":\"BreadcrumbList\",\"@id\":\"https:\/\/oxoxclub.com\/lt\/products\/aksesuarai-lt-2\/mduse-sandalai-6\/#breadcrumb\",\"itemListElement\":[{\"@type\":\"ListItem\",\"position\":1,\"name\":\"Home\",\"item\":\"https:\/\/oxoxclub.com\/lt\/\"},{\"@type\":\"ListItem\",\"position\":2,\"name\":\"Shop\",\"item\":\"https:\/\/oxoxclub.com\/products\/\"},{\"@type\":\"ListItem\",\"position\":3,\"name\":\"\u201eM\u00c9DUSE\u201c sandalai\"}]},{\"@type\":\"WebSite\",\"@id\":\"https:\/\/oxoxclub.com\/lt\/#website\",\"url\":\"https:\/\/oxoxclub.com\/lt\/\",\"name\":\"OXOX CLUB\",\"description\":\"On a mission of never growing up\",\"publisher\":{\"@id\":\"https:\/\/oxoxclub.com\/lt\/#organization\"},\"potentialAction\":[{\"@type\":\"SearchAction\",\"target\":{\"@type\":\"EntryPoint\",\"urlTemplate\":\"https:\/\/oxoxclub.com\/lt\/?s={search_term_string}\"},\"query-input\":{\"@type\":\"PropertyValueSpecification\",\"valueRequired\":true,\"valueName\":\"search_term_string\"}}],\"inLanguage\":\"lt-LT\"},{\"@type\":\"Organization\",\"@id\":\"https:\/\/oxoxclub.com\/lt\/#organization\",\"name\":\"OXOX CLUB\",\"url\":\"https:\/\/oxoxclub.com\/lt\/\",\"logo\":{\"@type\":\"ImageObject\",\"inLanguage\":\"lt-LT\",\"@id\":\"https:\/\/oxoxclub.com\/lt\/#\/schema\/logo\/image\/\",\"url\":\"https:\/\/oxoxclub.com\/wp-content\/uploads\/oxox-logo-in-blue-4.png\",\"contentUrl\":\"https:\/\/oxoxclub.com\/wp-content\/uploads\/oxox-logo-in-blue-4.png\",\"width\":414,\"height\":300,\"caption\":\"OXOX CLUB\"},\"image\":{\"@id\":\"https:\/\/oxoxclub.com\/lt\/#\/schema\/logo\/image\/\"},\"sameAs\":[\"https:\/\/facebook.com\/oxoxclub\/\",\"https:\/\/www.instagram.com\/oxoxclub\/\"]}]}<\/script>\n<meta property=\"og:availability\" content=\"instock\" \/>\n<meta property=\"product:availability\" content=\"instock\" \/>\n<meta property=\"product:retailer_item_id\" content=\"2203021853\" \/>\n<meta property=\"product:condition\" content=\"new\" \/>\n<!-- \/ Yoast SEO Premium plugin. -->","yoast_head_json":{"title":"\u201eM\u00c9DUSE\u201c sandalai - OXOX","description":"These kids Sun lawn sandals are the perfect pair for the beach All the products of the M\u00e9duse range are made in 100% recyclable phthalate-free plastics.","robots":{"index":"index","follow":"follow","max-snippet":"max-snippet:-1","max-image-preview":"max-image-preview:large","max-video-preview":"max-video-preview:-1"},"canonical":"https:\/\/oxoxclub.com\/lt\/products\/aksesuarai-lt-2\/mduse-sandalai-6\/","og_locale":"lt_LT","og_type":"article","og_title":"\u201eM\u00c9DUSE\u201c sandalai","og_description":"These kids Sun lawn sandals are the perfect pair for the beach All the products of the M\u00e9duse range are made in 100% recyclable phthalate-free plastics.","og_url":"https:\/\/oxoxclub.com\/lt\/products\/aksesuarai-lt-2\/mduse-sandalai-6\/","og_site_name":"OXOX","article_publisher":"https:\/\/facebook.com\/oxoxclub\/","article_modified_time":"2025-05-06T17:33:10+00:00","og_image":[{"width":1707,"height":2560,"url":"https:\/\/oxoxclub.com\/wp-content\/uploads\/Aksesuarai-2-scaled.jpg","type":"image\/jpeg"}],"twitter_card":"summary_large_image","twitter_misc":{"Availability":"In stock"},"schema":{"@context":"https:\/\/schema.org","@graph":[{"@type":"WebPage","@id":"https:\/\/oxoxclub.com\/lt\/products\/aksesuarai-lt-2\/mduse-sandalai-6\/","url":"https:\/\/oxoxclub.com\/lt\/products\/aksesuarai-lt-2\/mduse-sandalai-6\/","name":"\u201eM\u00c9DUSE\u201c sandalai - OXOX","isPartOf":{"@id":"https:\/\/oxoxclub.com\/lt\/#website"},"primaryImageOfPage":{"@id":"https:\/\/oxoxclub.com\/lt\/products\/aksesuarai-lt-2\/mduse-sandalai-6\/#primaryimage"},"image":{"@id":"https:\/\/oxoxclub.com\/lt\/products\/aksesuarai-lt-2\/mduse-sandalai-6\/#primaryimage"},"thumbnailUrl":"https:\/\/oxoxclub.com\/wp-content\/uploads\/Aksesuarai-2-scaled.jpg","datePublished":"2022-03-30T18:06:45+00:00","dateModified":"2025-05-06T17:33:10+00:00","description":"These kids Sun lawn sandals are the perfect pair for the beach All the products of the M\u00e9duse range are made in 100% recyclable phthalate-free plastics.","breadcrumb":{"@id":"https:\/\/oxoxclub.com\/lt\/products\/aksesuarai-lt-2\/mduse-sandalai-6\/#breadcrumb"},"inLanguage":"lt-LT","potentialAction":[{"@type":"ReadAction","target":["https:\/\/oxoxclub.com\/lt\/products\/aksesuarai-lt-2\/mduse-sandalai-6\/"]}]},{"@type":"ImageObject","inLanguage":"lt-LT","@id":"https:\/\/oxoxclub.com\/lt\/products\/aksesuarai-lt-2\/mduse-sandalai-6\/#primaryimage","url":"https:\/\/oxoxclub.com\/wp-content\/uploads\/Aksesuarai-2-scaled.jpg","contentUrl":"https:\/\/oxoxclub.com\/wp-content\/uploads\/Aksesuarai-2-scaled.jpg","width":1707,"height":2560},{"@type":"BreadcrumbList","@id":"https:\/\/oxoxclub.com\/lt\/products\/aksesuarai-lt-2\/mduse-sandalai-6\/#breadcrumb","itemListElement":[{"@type":"ListItem","position":1,"name":"Home","item":"https:\/\/oxoxclub.com\/lt\/"},{"@type":"ListItem","position":2,"name":"Shop","item":"https:\/\/oxoxclub.com\/products\/"},{"@type":"ListItem","position":3,"name":"\u201eM\u00c9DUSE\u201c sandalai"}]},{"@type":"WebSite","@id":"https:\/\/oxoxclub.com\/lt\/#website","url":"https:\/\/oxoxclub.com\/lt\/","name":"OXOX CLUB","description":"On a mission of never growing up","publisher":{"@id":"https:\/\/oxoxclub.com\/lt\/#organization"},"potentialAction":[{"@type":"SearchAction","target":{"@type":"EntryPoint","urlTemplate":"https:\/\/oxoxclub.com\/lt\/?s={search_term_string}"},"query-input":{"@type":"PropertyValueSpecification","valueRequired":true,"valueName":"search_term_string"}}],"inLanguage":"lt-LT"},{"@type":"Organization","@id":"https:\/\/oxoxclub.com\/lt\/#organization","name":"OXOX CLUB","url":"https:\/\/oxoxclub.com\/lt\/","logo":{"@type":"ImageObject","inLanguage":"lt-LT","@id":"https:\/\/oxoxclub.com\/lt\/#\/schema\/logo\/image\/","url":"https:\/\/oxoxclub.com\/wp-content\/uploads\/oxox-logo-in-blue-4.png","contentUrl":"https:\/\/oxoxclub.com\/wp-content\/uploads\/oxox-logo-in-blue-4.png","width":414,"height":300,"caption":"OXOX CLUB"},"image":{"@id":"https:\/\/oxoxclub.com\/lt\/#\/schema\/logo\/image\/"},"sameAs":["https:\/\/facebook.com\/oxoxclub\/","https:\/\/www.instagram.com\/oxoxclub\/"]}]},"og_availability":"instock","product_availability":"instock","product_retailer_item_id":"2203021853","product_condition":"new"},"_links":{"self":[{"href":"https:\/\/oxoxclub.com\/lt\/wp-json\/wp\/v2\/product\/70041","targetHints":{"allow":["GET"]}}],"collection":[{"href":"https:\/\/oxoxclub.com\/lt\/wp-json\/wp\/v2\/product"}],"about":[{"href":"https:\/\/oxoxclub.com\/lt\/wp-json\/wp\/v2\/types\/product"}],"replies":[{"embeddable":true,"href":"https:\/\/oxoxclub.com\/lt\/wp-json\/wp\/v2\/comments?post=70041"}],"wp:featuredmedia":[{"embeddable":true,"href":"https:\/\/oxoxclub.com\/lt\/wp-json\/wp\/v2\/media\/58287"}],"wp:attachment":[{"href":"https:\/\/oxoxclub.com\/lt\/wp-json\/wp\/v2\/media?parent=70041"}],"wp:term":[{"taxonomy":"product_brand","embeddable":true,"href":"https:\/\/oxoxclub.com\/lt\/wp-json\/wp\/v2\/product_brand?post=70041"},{"taxonomy":"product_cat","embeddable":true,"href":"https:\/\/oxoxclub.com\/lt\/wp-json\/wp\/v2\/product_cat?post=70041"},{"taxonomy":"product_tag","embeddable":true,"href":"https:\/\/oxoxclub.com\/lt\/wp-json\/wp\/v2\/product_tag?post=70041"}],"curies":[{"name":"wp","href":"https:\/\/api.w.org\/{rel}","templated":true}]}}