{"id":70109,"date":"2022-03-24T13:44:12","date_gmt":"2022-03-24T11:44:12","guid":{"rendered":"https:\/\/oxoxclub-com-486310.hostingersite.com\/products\/be-kategorijos\/ovo-things-azuolinis-zvakiu-laikiklis\/"},"modified":"2025-05-06T19:37:47","modified_gmt":"2025-05-06T17:37:47","slug":"ovo-things-azuolinis-zvakiu-laikiklis-1","status":"publish","type":"product","link":"https:\/\/oxoxclub.com\/lt\/products\/draugai-lt\/ovo-things-azuolinis-zvakiu-laikiklis-1\/","title":{"rendered":"\u201eOVO Things\u201c \u0105\u017euolinis \u017evaki\u0173 laikiklis"},"content":{"rendered":"<p>Alyvuoto \u0105\u017euolo \u017evakid\u0117s laikiklis su \u017ealvario detal\u0117mis.<\/p>\n<p>Dviej\u0173 skersmen\u0173 anga tinka tiek vakarienei, tiek bet kurioms plonoms OVO Things \u017evak\u0117ms.<\/p>\n<p>\u0160ios \u017evakid\u0117s, pagamintos i\u0161 nat\u016bralios med\u017eiagos, gali \u0161iek tiek skirtis savo spalva ir med\u017eio ra\u0161tu.<\/p>\n<p>\u017dalvaris neapdorotas, laikui b\u0117gant gali oksiduotis ir \u012fgauti patin\u0105. Galite nublizginti, kad detal\u0117 v\u0117l blizg\u0117t\u0173, arba palikti j\u0105 toki\u0105, kokia yra d\u0117l nat\u016bralaus proceso.<\/p>\n<p>Auk\u0161tis 7,6 cm, skersmuo 8,6 cm, skyli\u0173 skersmenys 0,6 cm ir 1 cm.<\/p>\n","protected":false},"excerpt":{"rendered":"<p>Alyvuoto \u0105\u017euolo \u017evakid\u0117s laikiklis su \u017ealvario detal\u0117mis. Dviej\u0173 skersmen\u0173 anga tinka tiek vakarienei, tiek bet kurioms plonoms OVO Things \u017evak\u0117ms. \u0160ios \u017evakid\u0117s, pagamintos i\u0161 nat\u016bralios med\u017eiagos, gali \u0161iek tiek skirtis savo spalva ir med\u017eio ra\u0161tu. \u017dalvaris neapdorotas, laikui b\u0117gant gali oksiduotis ir \u012fgauti patin\u0105. Galite nublizginti, kad detal\u0117 v\u0117l blizg\u0117t\u0173, arba palikti j\u0105 toki\u0105, kokia [&hellip;]<\/p>\n","protected":false},"featured_media":57437,"comment_status":"open","ping_status":"closed","template":"","meta":[],"product_brand":[],"product_cat":[636,639],"product_tag":[],"class_list":{"0":"post-70109","1":"product","2":"type-product","3":"status-publish","4":"has-post-thumbnail","6":"product_cat-draugai-lt","7":"product_cat-ovo-things-lt","8":"pa_accessories-kita","9":"pa_size-universalus","11":"first","12":"instock","13":"taxable","14":"shipping-taxable","15":"purchasable","16":"product-type-variable"},"acf":[],"yoast_head":"<!-- This site is optimized with the Yoast SEO Premium plugin v20.11 (Yoast SEO v24.3) - https:\/\/yoast.com\/wordpress\/plugins\/seo\/ -->\n<title>\u201eOVO Things\u201c \u0105\u017euolinis \u017evaki\u0173 laikiklis - OXOX<\/title>\n<meta name=\"description\" content=\"Alyvuoto \u0105\u017euolo \u017evakid\u0117s laikiklis su \u017ealvario detal\u0117mis. \u0160ios \u017evakid\u0117s, pagamintos i\u0161 nat\u016bralios med\u017eiagos. Pagaminta Lietuvoje.\" \/>\n<meta name=\"robots\" content=\"index, follow, max-snippet:-1, max-image-preview:large, max-video-preview:-1\" \/>\n<link rel=\"canonical\" href=\"https:\/\/oxoxclub.com\/lt\/products\/draugai-lt\/ovo-things-azuolinis-zvakiu-laikiklis-1\/\" \/>\n<meta property=\"og:locale\" content=\"lt_LT\" \/>\n<meta property=\"og:type\" content=\"article\" \/>\n<meta property=\"og:title\" content=\"\u201eOVO Things\u201c \u0105\u017euolinis \u017evaki\u0173 laikiklis\" \/>\n<meta property=\"og:description\" content=\"Alyvuoto \u0105\u017euolo \u017evakid\u0117s laikiklis su \u017ealvario detal\u0117mis. \u0160ios \u017evakid\u0117s, pagamintos i\u0161 nat\u016bralios med\u017eiagos. Pagaminta Lietuvoje.\" \/>\n<meta property=\"og:url\" content=\"https:\/\/oxoxclub.com\/lt\/products\/draugai-lt\/ovo-things-azuolinis-zvakiu-laikiklis-1\/\" \/>\n<meta property=\"og:site_name\" content=\"OXOX\" \/>\n<meta property=\"article:publisher\" content=\"https:\/\/facebook.com\/oxoxclub\/\" \/>\n<meta property=\"article:modified_time\" content=\"2025-05-06T17:37:47+00:00\" \/>\n<meta property=\"og:image\" content=\"https:\/\/oxoxclub.com\/wp-content\/uploads\/OVO-Things-Oak-candle-holder-with-a-birthday-candle-1.jpg\" \/>\n\t<meta property=\"og:image:width\" content=\"853\" \/>\n\t<meta property=\"og:image:height\" content=\"1280\" \/>\n\t<meta property=\"og:image:type\" content=\"image\/jpeg\" \/>\n<meta name=\"twitter:card\" content=\"summary_large_image\" \/>\n<meta name=\"twitter:label1\" content=\"Availability\" \/>\n\t<meta name=\"twitter:data1\" content=\"In stock\" \/>\n<script type=\"application\/ld+json\" class=\"yoast-schema-graph\">{\"@context\":\"https:\/\/schema.org\",\"@graph\":[{\"@type\":\"WebPage\",\"@id\":\"https:\/\/oxoxclub.com\/lt\/products\/draugai-lt\/ovo-things-azuolinis-zvakiu-laikiklis-1\/\",\"url\":\"https:\/\/oxoxclub.com\/lt\/products\/draugai-lt\/ovo-things-azuolinis-zvakiu-laikiklis-1\/\",\"name\":\"\u201eOVO Things\u201c \u0105\u017euolinis \u017evaki\u0173 laikiklis - OXOX\",\"isPartOf\":{\"@id\":\"https:\/\/oxoxclub.com\/lt\/#website\"},\"primaryImageOfPage\":{\"@id\":\"https:\/\/oxoxclub.com\/lt\/products\/draugai-lt\/ovo-things-azuolinis-zvakiu-laikiklis-1\/#primaryimage\"},\"image\":{\"@id\":\"https:\/\/oxoxclub.com\/lt\/products\/draugai-lt\/ovo-things-azuolinis-zvakiu-laikiklis-1\/#primaryimage\"},\"thumbnailUrl\":\"https:\/\/oxoxclub.com\/wp-content\/uploads\/OVO-Things-Oak-candle-holder-with-a-birthday-candle-1.jpg\",\"datePublished\":\"2022-03-24T11:44:12+00:00\",\"dateModified\":\"2025-05-06T17:37:47+00:00\",\"description\":\"Alyvuoto \u0105\u017euolo \u017evakid\u0117s laikiklis su \u017ealvario detal\u0117mis. \u0160ios \u017evakid\u0117s, pagamintos i\u0161 nat\u016bralios med\u017eiagos. Pagaminta Lietuvoje.\",\"breadcrumb\":{\"@id\":\"https:\/\/oxoxclub.com\/lt\/products\/draugai-lt\/ovo-things-azuolinis-zvakiu-laikiklis-1\/#breadcrumb\"},\"inLanguage\":\"lt-LT\",\"potentialAction\":[{\"@type\":\"ReadAction\",\"target\":[\"https:\/\/oxoxclub.com\/lt\/products\/draugai-lt\/ovo-things-azuolinis-zvakiu-laikiklis-1\/\"]}]},{\"@type\":\"ImageObject\",\"inLanguage\":\"lt-LT\",\"@id\":\"https:\/\/oxoxclub.com\/lt\/products\/draugai-lt\/ovo-things-azuolinis-zvakiu-laikiklis-1\/#primaryimage\",\"url\":\"https:\/\/oxoxclub.com\/wp-content\/uploads\/OVO-Things-Oak-candle-holder-with-a-birthday-candle-1.jpg\",\"contentUrl\":\"https:\/\/oxoxclub.com\/wp-content\/uploads\/OVO-Things-Oak-candle-holder-with-a-birthday-candle-1.jpg\",\"width\":853,\"height\":1280},{\"@type\":\"BreadcrumbList\",\"@id\":\"https:\/\/oxoxclub.com\/lt\/products\/draugai-lt\/ovo-things-azuolinis-zvakiu-laikiklis-1\/#breadcrumb\",\"itemListElement\":[{\"@type\":\"ListItem\",\"position\":1,\"name\":\"Home\",\"item\":\"https:\/\/oxoxclub.com\/lt\/\"},{\"@type\":\"ListItem\",\"position\":2,\"name\":\"Shop\",\"item\":\"https:\/\/oxoxclub.com\/products\/\"},{\"@type\":\"ListItem\",\"position\":3,\"name\":\"\u201eOVO Things\u201c \u0105\u017euolinis \u017evaki\u0173 laikiklis\"}]},{\"@type\":\"WebSite\",\"@id\":\"https:\/\/oxoxclub.com\/lt\/#website\",\"url\":\"https:\/\/oxoxclub.com\/lt\/\",\"name\":\"OXOX CLUB\",\"description\":\"On a mission of never growing up\",\"publisher\":{\"@id\":\"https:\/\/oxoxclub.com\/lt\/#organization\"},\"potentialAction\":[{\"@type\":\"SearchAction\",\"target\":{\"@type\":\"EntryPoint\",\"urlTemplate\":\"https:\/\/oxoxclub.com\/lt\/?s={search_term_string}\"},\"query-input\":{\"@type\":\"PropertyValueSpecification\",\"valueRequired\":true,\"valueName\":\"search_term_string\"}}],\"inLanguage\":\"lt-LT\"},{\"@type\":\"Organization\",\"@id\":\"https:\/\/oxoxclub.com\/lt\/#organization\",\"name\":\"OXOX CLUB\",\"url\":\"https:\/\/oxoxclub.com\/lt\/\",\"logo\":{\"@type\":\"ImageObject\",\"inLanguage\":\"lt-LT\",\"@id\":\"https:\/\/oxoxclub.com\/lt\/#\/schema\/logo\/image\/\",\"url\":\"https:\/\/oxoxclub.com\/wp-content\/uploads\/oxox-logo-in-blue-4.png\",\"contentUrl\":\"https:\/\/oxoxclub.com\/wp-content\/uploads\/oxox-logo-in-blue-4.png\",\"width\":414,\"height\":300,\"caption\":\"OXOX CLUB\"},\"image\":{\"@id\":\"https:\/\/oxoxclub.com\/lt\/#\/schema\/logo\/image\/\"},\"sameAs\":[\"https:\/\/facebook.com\/oxoxclub\/\",\"https:\/\/www.instagram.com\/oxoxclub\/\"]}]}<\/script>\n<meta property=\"og:availability\" content=\"instock\" \/>\n<meta property=\"product:availability\" content=\"instock\" \/>\n<meta property=\"product:retailer_item_id\" content=\"CHW\" \/>\n<meta property=\"product:condition\" content=\"new\" \/>\n<!-- \/ Yoast SEO Premium plugin. -->","yoast_head_json":{"title":"\u201eOVO Things\u201c \u0105\u017euolinis \u017evaki\u0173 laikiklis - OXOX","description":"Alyvuoto \u0105\u017euolo \u017evakid\u0117s laikiklis su \u017ealvario detal\u0117mis. \u0160ios \u017evakid\u0117s, pagamintos i\u0161 nat\u016bralios med\u017eiagos. Pagaminta Lietuvoje.","robots":{"index":"index","follow":"follow","max-snippet":"max-snippet:-1","max-image-preview":"max-image-preview:large","max-video-preview":"max-video-preview:-1"},"canonical":"https:\/\/oxoxclub.com\/lt\/products\/draugai-lt\/ovo-things-azuolinis-zvakiu-laikiklis-1\/","og_locale":"lt_LT","og_type":"article","og_title":"\u201eOVO Things\u201c \u0105\u017euolinis \u017evaki\u0173 laikiklis","og_description":"Alyvuoto \u0105\u017euolo \u017evakid\u0117s laikiklis su \u017ealvario detal\u0117mis. \u0160ios \u017evakid\u0117s, pagamintos i\u0161 nat\u016bralios med\u017eiagos. Pagaminta Lietuvoje.","og_url":"https:\/\/oxoxclub.com\/lt\/products\/draugai-lt\/ovo-things-azuolinis-zvakiu-laikiklis-1\/","og_site_name":"OXOX","article_publisher":"https:\/\/facebook.com\/oxoxclub\/","article_modified_time":"2025-05-06T17:37:47+00:00","og_image":[{"width":853,"height":1280,"url":"https:\/\/oxoxclub.com\/wp-content\/uploads\/OVO-Things-Oak-candle-holder-with-a-birthday-candle-1.jpg","type":"image\/jpeg"}],"twitter_card":"summary_large_image","twitter_misc":{"Availability":"In stock"},"schema":{"@context":"https:\/\/schema.org","@graph":[{"@type":"WebPage","@id":"https:\/\/oxoxclub.com\/lt\/products\/draugai-lt\/ovo-things-azuolinis-zvakiu-laikiklis-1\/","url":"https:\/\/oxoxclub.com\/lt\/products\/draugai-lt\/ovo-things-azuolinis-zvakiu-laikiklis-1\/","name":"\u201eOVO Things\u201c \u0105\u017euolinis \u017evaki\u0173 laikiklis - OXOX","isPartOf":{"@id":"https:\/\/oxoxclub.com\/lt\/#website"},"primaryImageOfPage":{"@id":"https:\/\/oxoxclub.com\/lt\/products\/draugai-lt\/ovo-things-azuolinis-zvakiu-laikiklis-1\/#primaryimage"},"image":{"@id":"https:\/\/oxoxclub.com\/lt\/products\/draugai-lt\/ovo-things-azuolinis-zvakiu-laikiklis-1\/#primaryimage"},"thumbnailUrl":"https:\/\/oxoxclub.com\/wp-content\/uploads\/OVO-Things-Oak-candle-holder-with-a-birthday-candle-1.jpg","datePublished":"2022-03-24T11:44:12+00:00","dateModified":"2025-05-06T17:37:47+00:00","description":"Alyvuoto \u0105\u017euolo \u017evakid\u0117s laikiklis su \u017ealvario detal\u0117mis. \u0160ios \u017evakid\u0117s, pagamintos i\u0161 nat\u016bralios med\u017eiagos. Pagaminta Lietuvoje.","breadcrumb":{"@id":"https:\/\/oxoxclub.com\/lt\/products\/draugai-lt\/ovo-things-azuolinis-zvakiu-laikiklis-1\/#breadcrumb"},"inLanguage":"lt-LT","potentialAction":[{"@type":"ReadAction","target":["https:\/\/oxoxclub.com\/lt\/products\/draugai-lt\/ovo-things-azuolinis-zvakiu-laikiklis-1\/"]}]},{"@type":"ImageObject","inLanguage":"lt-LT","@id":"https:\/\/oxoxclub.com\/lt\/products\/draugai-lt\/ovo-things-azuolinis-zvakiu-laikiklis-1\/#primaryimage","url":"https:\/\/oxoxclub.com\/wp-content\/uploads\/OVO-Things-Oak-candle-holder-with-a-birthday-candle-1.jpg","contentUrl":"https:\/\/oxoxclub.com\/wp-content\/uploads\/OVO-Things-Oak-candle-holder-with-a-birthday-candle-1.jpg","width":853,"height":1280},{"@type":"BreadcrumbList","@id":"https:\/\/oxoxclub.com\/lt\/products\/draugai-lt\/ovo-things-azuolinis-zvakiu-laikiklis-1\/#breadcrumb","itemListElement":[{"@type":"ListItem","position":1,"name":"Home","item":"https:\/\/oxoxclub.com\/lt\/"},{"@type":"ListItem","position":2,"name":"Shop","item":"https:\/\/oxoxclub.com\/products\/"},{"@type":"ListItem","position":3,"name":"\u201eOVO Things\u201c \u0105\u017euolinis \u017evaki\u0173 laikiklis"}]},{"@type":"WebSite","@id":"https:\/\/oxoxclub.com\/lt\/#website","url":"https:\/\/oxoxclub.com\/lt\/","name":"OXOX CLUB","description":"On a mission of never growing up","publisher":{"@id":"https:\/\/oxoxclub.com\/lt\/#organization"},"potentialAction":[{"@type":"SearchAction","target":{"@type":"EntryPoint","urlTemplate":"https:\/\/oxoxclub.com\/lt\/?s={search_term_string}"},"query-input":{"@type":"PropertyValueSpecification","valueRequired":true,"valueName":"search_term_string"}}],"inLanguage":"lt-LT"},{"@type":"Organization","@id":"https:\/\/oxoxclub.com\/lt\/#organization","name":"OXOX CLUB","url":"https:\/\/oxoxclub.com\/lt\/","logo":{"@type":"ImageObject","inLanguage":"lt-LT","@id":"https:\/\/oxoxclub.com\/lt\/#\/schema\/logo\/image\/","url":"https:\/\/oxoxclub.com\/wp-content\/uploads\/oxox-logo-in-blue-4.png","contentUrl":"https:\/\/oxoxclub.com\/wp-content\/uploads\/oxox-logo-in-blue-4.png","width":414,"height":300,"caption":"OXOX CLUB"},"image":{"@id":"https:\/\/oxoxclub.com\/lt\/#\/schema\/logo\/image\/"},"sameAs":["https:\/\/facebook.com\/oxoxclub\/","https:\/\/www.instagram.com\/oxoxclub\/"]}]},"og_availability":"instock","product_availability":"instock","product_retailer_item_id":"CHW","product_condition":"new"},"_links":{"self":[{"href":"https:\/\/oxoxclub.com\/lt\/wp-json\/wp\/v2\/product\/70109","targetHints":{"allow":["GET"]}}],"collection":[{"href":"https:\/\/oxoxclub.com\/lt\/wp-json\/wp\/v2\/product"}],"about":[{"href":"https:\/\/oxoxclub.com\/lt\/wp-json\/wp\/v2\/types\/product"}],"replies":[{"embeddable":true,"href":"https:\/\/oxoxclub.com\/lt\/wp-json\/wp\/v2\/comments?post=70109"}],"wp:featuredmedia":[{"embeddable":true,"href":"https:\/\/oxoxclub.com\/lt\/wp-json\/wp\/v2\/media\/57437"}],"wp:attachment":[{"href":"https:\/\/oxoxclub.com\/lt\/wp-json\/wp\/v2\/media?parent=70109"}],"wp:term":[{"taxonomy":"product_brand","embeddable":true,"href":"https:\/\/oxoxclub.com\/lt\/wp-json\/wp\/v2\/product_brand?post=70109"},{"taxonomy":"product_cat","embeddable":true,"href":"https:\/\/oxoxclub.com\/lt\/wp-json\/wp\/v2\/product_cat?post=70109"},{"taxonomy":"product_tag","embeddable":true,"href":"https:\/\/oxoxclub.com\/lt\/wp-json\/wp\/v2\/product_tag?post=70109"}],"curies":[{"name":"wp","href":"https:\/\/api.w.org\/{rel}","templated":true}]}}