{"id":70117,"date":"2022-03-24T13:04:59","date_gmt":"2022-03-24T11:04:59","guid":{"rendered":"https:\/\/oxoxclub-com-486310.hostingersite.com\/products\/be-kategorijos\/ovo-things-vakarienes-zvakes\/"},"modified":"2025-05-06T19:37:59","modified_gmt":"2025-05-06T17:37:59","slug":"ovo-things-vakarienes-zvakes-1-2","status":"publish","type":"product","link":"https:\/\/oxoxclub.com\/lt\/products\/draugai-lt\/ovo-things-vakarienes-zvakes-1-2\/","title":{"rendered":"\u201eOVO Things\u201c vakarien\u0117s \u017evak\u0117s"},"content":{"rendered":"<p>\u017dvak\u0117s gaminamos Lietuvoje rank\u0173 darbo i\u0161 vietini\u0173 \u016bkinink\u0173 bi\u010di\u0173 va\u0161ko, yra nat\u016bralios ir netoksi\u0161kos, nededama dirbtin\u0117s spalvos ar kvapo.<br \/>\nBi\u010di\u0173 va\u0161ko, kaip nat\u016bralios med\u017eiagos, atspalviai gali skirtis nuo ry\u0161kiai geltonos iki tamsesni\u0173 rud\u0173 atspalvi\u0173.<br \/>\n\u017dvak\u0117s gali \u0161iek tiek pakeisti savo atspalv\u012f laikui b\u0117gant arba laikant tiesioginiuose saul\u0117s spinduliuose arba \u0161altoje ir dr\u0117gnoje aplinkoje.<\/p>\n<p>\u017dvak\u0117s dega tolygiai ir nelava, kai statomos tiesiai ir ramioje aplinkoje, kurioje n\u0117ra skersv\u0117j\u0173.<br \/>\nVisada b\u016bkite atsarg\u016bs degindami \u017evakes, nepalikite j\u0173 be prie\u017ei\u016bros.<\/p>\n<p>Sukurta deginti vis\u0105 vakarien\u0117s laik\u0105 (kiekviena apie 3 valandas)<\/p>\n<p>100% grynas bi\u010di\u0173 va\u0161kas, 100% medviln\u0117<br \/>\n10 mm skersmens, 250 mm ilgio<br \/>\nD\u0117\u017eut\u0117je 2 vienetai<\/p>\n","protected":false},"excerpt":{"rendered":"<p>\u017dvak\u0117s gaminamos Lietuvoje rank\u0173 darbo i\u0161 vietini\u0173 \u016bkinink\u0173 bi\u010di\u0173 va\u0161ko, yra nat\u016bralios ir netoksi\u0161kos, nededama dirbtin\u0117s spalvos ar kvapo. Bi\u010di\u0173 va\u0161ko, kaip nat\u016bralios med\u017eiagos, atspalviai gali skirtis nuo ry\u0161kiai geltonos iki tamsesni\u0173 rud\u0173 atspalvi\u0173. \u017dvak\u0117s gali \u0161iek tiek pakeisti savo atspalv\u012f laikui b\u0117gant arba laikant tiesioginiuose saul\u0117s spinduliuose arba \u0161altoje ir dr\u0117gnoje aplinkoje. \u017dvak\u0117s dega [&hellip;]<\/p>\n","protected":false},"featured_media":59025,"comment_status":"open","ping_status":"closed","template":"","meta":[],"product_brand":[],"product_cat":[636,639],"product_tag":[],"class_list":{"0":"post-70117","1":"product","2":"type-product","3":"status-publish","4":"has-post-thumbnail","6":"product_cat-draugai-lt","7":"product_cat-ovo-things-lt","8":"pa_accessories-kita","9":"pa_size-universalus","11":"first","12":"instock","13":"taxable","14":"shipping-taxable","15":"purchasable","16":"product-type-variable"},"acf":[],"yoast_head":"<!-- This site is optimized with the Yoast SEO Premium plugin v20.11 (Yoast SEO v24.3) - https:\/\/yoast.com\/wordpress\/plugins\/seo\/ -->\n<title>\u201eOVO Things\u201c vakarien\u0117s \u017evak\u0117s - OXOX<\/title>\n<meta name=\"description\" content=\"\u017dvak\u0117s gaminamos Lietuvoje rank\u0173 darbo i\u0161 vietini\u0173 \u016bkinink\u0173 bi\u010di\u0173 va\u0161ko, yra nat\u016bralios ir netoksi\u0161kos, nededama dirbtin\u0117s spalvos ar kvapo.\" \/>\n<meta name=\"robots\" content=\"index, follow, max-snippet:-1, max-image-preview:large, max-video-preview:-1\" \/>\n<link rel=\"canonical\" href=\"https:\/\/oxoxclub.com\/lt\/products\/draugai-lt\/ovo-things-vakarienes-zvakes-1-2\/\" \/>\n<meta property=\"og:locale\" content=\"lt_LT\" \/>\n<meta property=\"og:type\" content=\"article\" \/>\n<meta property=\"og:title\" content=\"\u201eOVO Things\u201c vakarien\u0117s \u017evak\u0117s\" \/>\n<meta property=\"og:description\" content=\"\u017dvak\u0117s gaminamos Lietuvoje rank\u0173 darbo i\u0161 vietini\u0173 \u016bkinink\u0173 bi\u010di\u0173 va\u0161ko, yra nat\u016bralios ir netoksi\u0161kos, nededama dirbtin\u0117s spalvos ar kvapo.\" \/>\n<meta property=\"og:url\" content=\"https:\/\/oxoxclub.com\/lt\/products\/draugai-lt\/ovo-things-vakarienes-zvakes-1-2\/\" \/>\n<meta property=\"og:site_name\" content=\"OXOX\" \/>\n<meta property=\"article:publisher\" content=\"https:\/\/facebook.com\/oxoxclub\/\" \/>\n<meta property=\"article:modified_time\" content=\"2025-05-06T17:37:59+00:00\" \/>\n<meta property=\"og:image\" content=\"https:\/\/oxoxclub.com\/wp-content\/uploads\/ovo-dinner.jpg\" \/>\n\t<meta property=\"og:image:width\" content=\"1180\" \/>\n\t<meta property=\"og:image:height\" content=\"1768\" \/>\n\t<meta property=\"og:image:type\" content=\"image\/jpeg\" \/>\n<meta name=\"twitter:card\" content=\"summary_large_image\" \/>\n<meta name=\"twitter:label1\" content=\"Availability\" \/>\n\t<meta name=\"twitter:data1\" content=\"In stock\" \/>\n<script type=\"application\/ld+json\" class=\"yoast-schema-graph\">{\"@context\":\"https:\/\/schema.org\",\"@graph\":[{\"@type\":\"WebPage\",\"@id\":\"https:\/\/oxoxclub.com\/lt\/products\/draugai-lt\/ovo-things-vakarienes-zvakes-1-2\/\",\"url\":\"https:\/\/oxoxclub.com\/lt\/products\/draugai-lt\/ovo-things-vakarienes-zvakes-1-2\/\",\"name\":\"\u201eOVO Things\u201c vakarien\u0117s \u017evak\u0117s - OXOX\",\"isPartOf\":{\"@id\":\"https:\/\/oxoxclub.com\/lt\/#website\"},\"primaryImageOfPage\":{\"@id\":\"https:\/\/oxoxclub.com\/lt\/products\/draugai-lt\/ovo-things-vakarienes-zvakes-1-2\/#primaryimage\"},\"image\":{\"@id\":\"https:\/\/oxoxclub.com\/lt\/products\/draugai-lt\/ovo-things-vakarienes-zvakes-1-2\/#primaryimage\"},\"thumbnailUrl\":\"https:\/\/oxoxclub.com\/wp-content\/uploads\/ovo-dinner.jpg\",\"datePublished\":\"2022-03-24T11:04:59+00:00\",\"dateModified\":\"2025-05-06T17:37:59+00:00\",\"description\":\"\u017dvak\u0117s gaminamos Lietuvoje rank\u0173 darbo i\u0161 vietini\u0173 \u016bkinink\u0173 bi\u010di\u0173 va\u0161ko, yra nat\u016bralios ir netoksi\u0161kos, nededama dirbtin\u0117s spalvos ar kvapo.\",\"breadcrumb\":{\"@id\":\"https:\/\/oxoxclub.com\/lt\/products\/draugai-lt\/ovo-things-vakarienes-zvakes-1-2\/#breadcrumb\"},\"inLanguage\":\"lt-LT\",\"potentialAction\":[{\"@type\":\"ReadAction\",\"target\":[\"https:\/\/oxoxclub.com\/lt\/products\/draugai-lt\/ovo-things-vakarienes-zvakes-1-2\/\"]}]},{\"@type\":\"ImageObject\",\"inLanguage\":\"lt-LT\",\"@id\":\"https:\/\/oxoxclub.com\/lt\/products\/draugai-lt\/ovo-things-vakarienes-zvakes-1-2\/#primaryimage\",\"url\":\"https:\/\/oxoxclub.com\/wp-content\/uploads\/ovo-dinner.jpg\",\"contentUrl\":\"https:\/\/oxoxclub.com\/wp-content\/uploads\/ovo-dinner.jpg\",\"width\":1180,\"height\":1768},{\"@type\":\"BreadcrumbList\",\"@id\":\"https:\/\/oxoxclub.com\/lt\/products\/draugai-lt\/ovo-things-vakarienes-zvakes-1-2\/#breadcrumb\",\"itemListElement\":[{\"@type\":\"ListItem\",\"position\":1,\"name\":\"Home\",\"item\":\"https:\/\/oxoxclub.com\/lt\/\"},{\"@type\":\"ListItem\",\"position\":2,\"name\":\"Shop\",\"item\":\"https:\/\/oxoxclub.com\/products\/\"},{\"@type\":\"ListItem\",\"position\":3,\"name\":\"\u201eOVO Things\u201c vakarien\u0117s \u017evak\u0117s\"}]},{\"@type\":\"WebSite\",\"@id\":\"https:\/\/oxoxclub.com\/lt\/#website\",\"url\":\"https:\/\/oxoxclub.com\/lt\/\",\"name\":\"OXOX CLUB\",\"description\":\"On a mission of never growing up\",\"publisher\":{\"@id\":\"https:\/\/oxoxclub.com\/lt\/#organization\"},\"potentialAction\":[{\"@type\":\"SearchAction\",\"target\":{\"@type\":\"EntryPoint\",\"urlTemplate\":\"https:\/\/oxoxclub.com\/lt\/?s={search_term_string}\"},\"query-input\":{\"@type\":\"PropertyValueSpecification\",\"valueRequired\":true,\"valueName\":\"search_term_string\"}}],\"inLanguage\":\"lt-LT\"},{\"@type\":\"Organization\",\"@id\":\"https:\/\/oxoxclub.com\/lt\/#organization\",\"name\":\"OXOX CLUB\",\"url\":\"https:\/\/oxoxclub.com\/lt\/\",\"logo\":{\"@type\":\"ImageObject\",\"inLanguage\":\"lt-LT\",\"@id\":\"https:\/\/oxoxclub.com\/lt\/#\/schema\/logo\/image\/\",\"url\":\"https:\/\/oxoxclub.com\/wp-content\/uploads\/oxox-logo-in-blue-4.png\",\"contentUrl\":\"https:\/\/oxoxclub.com\/wp-content\/uploads\/oxox-logo-in-blue-4.png\",\"width\":414,\"height\":300,\"caption\":\"OXOX CLUB\"},\"image\":{\"@id\":\"https:\/\/oxoxclub.com\/lt\/#\/schema\/logo\/image\/\"},\"sameAs\":[\"https:\/\/facebook.com\/oxoxclub\/\",\"https:\/\/www.instagram.com\/oxoxclub\/\"]}]}<\/script>\n<meta property=\"og:availability\" content=\"instock\" \/>\n<meta property=\"product:availability\" content=\"instock\" \/>\n<meta property=\"product:retailer_item_id\" content=\"BCD\" \/>\n<meta property=\"product:condition\" content=\"new\" \/>\n<!-- \/ Yoast SEO Premium plugin. -->","yoast_head_json":{"title":"\u201eOVO Things\u201c vakarien\u0117s \u017evak\u0117s - OXOX","description":"\u017dvak\u0117s gaminamos Lietuvoje rank\u0173 darbo i\u0161 vietini\u0173 \u016bkinink\u0173 bi\u010di\u0173 va\u0161ko, yra nat\u016bralios ir netoksi\u0161kos, nededama dirbtin\u0117s spalvos ar kvapo.","robots":{"index":"index","follow":"follow","max-snippet":"max-snippet:-1","max-image-preview":"max-image-preview:large","max-video-preview":"max-video-preview:-1"},"canonical":"https:\/\/oxoxclub.com\/lt\/products\/draugai-lt\/ovo-things-vakarienes-zvakes-1-2\/","og_locale":"lt_LT","og_type":"article","og_title":"\u201eOVO Things\u201c vakarien\u0117s \u017evak\u0117s","og_description":"\u017dvak\u0117s gaminamos Lietuvoje rank\u0173 darbo i\u0161 vietini\u0173 \u016bkinink\u0173 bi\u010di\u0173 va\u0161ko, yra nat\u016bralios ir netoksi\u0161kos, nededama dirbtin\u0117s spalvos ar kvapo.","og_url":"https:\/\/oxoxclub.com\/lt\/products\/draugai-lt\/ovo-things-vakarienes-zvakes-1-2\/","og_site_name":"OXOX","article_publisher":"https:\/\/facebook.com\/oxoxclub\/","article_modified_time":"2025-05-06T17:37:59+00:00","og_image":[{"width":1180,"height":1768,"url":"https:\/\/oxoxclub.com\/wp-content\/uploads\/ovo-dinner.jpg","type":"image\/jpeg"}],"twitter_card":"summary_large_image","twitter_misc":{"Availability":"In stock"},"schema":{"@context":"https:\/\/schema.org","@graph":[{"@type":"WebPage","@id":"https:\/\/oxoxclub.com\/lt\/products\/draugai-lt\/ovo-things-vakarienes-zvakes-1-2\/","url":"https:\/\/oxoxclub.com\/lt\/products\/draugai-lt\/ovo-things-vakarienes-zvakes-1-2\/","name":"\u201eOVO Things\u201c vakarien\u0117s \u017evak\u0117s - OXOX","isPartOf":{"@id":"https:\/\/oxoxclub.com\/lt\/#website"},"primaryImageOfPage":{"@id":"https:\/\/oxoxclub.com\/lt\/products\/draugai-lt\/ovo-things-vakarienes-zvakes-1-2\/#primaryimage"},"image":{"@id":"https:\/\/oxoxclub.com\/lt\/products\/draugai-lt\/ovo-things-vakarienes-zvakes-1-2\/#primaryimage"},"thumbnailUrl":"https:\/\/oxoxclub.com\/wp-content\/uploads\/ovo-dinner.jpg","datePublished":"2022-03-24T11:04:59+00:00","dateModified":"2025-05-06T17:37:59+00:00","description":"\u017dvak\u0117s gaminamos Lietuvoje rank\u0173 darbo i\u0161 vietini\u0173 \u016bkinink\u0173 bi\u010di\u0173 va\u0161ko, yra nat\u016bralios ir netoksi\u0161kos, nededama dirbtin\u0117s spalvos ar kvapo.","breadcrumb":{"@id":"https:\/\/oxoxclub.com\/lt\/products\/draugai-lt\/ovo-things-vakarienes-zvakes-1-2\/#breadcrumb"},"inLanguage":"lt-LT","potentialAction":[{"@type":"ReadAction","target":["https:\/\/oxoxclub.com\/lt\/products\/draugai-lt\/ovo-things-vakarienes-zvakes-1-2\/"]}]},{"@type":"ImageObject","inLanguage":"lt-LT","@id":"https:\/\/oxoxclub.com\/lt\/products\/draugai-lt\/ovo-things-vakarienes-zvakes-1-2\/#primaryimage","url":"https:\/\/oxoxclub.com\/wp-content\/uploads\/ovo-dinner.jpg","contentUrl":"https:\/\/oxoxclub.com\/wp-content\/uploads\/ovo-dinner.jpg","width":1180,"height":1768},{"@type":"BreadcrumbList","@id":"https:\/\/oxoxclub.com\/lt\/products\/draugai-lt\/ovo-things-vakarienes-zvakes-1-2\/#breadcrumb","itemListElement":[{"@type":"ListItem","position":1,"name":"Home","item":"https:\/\/oxoxclub.com\/lt\/"},{"@type":"ListItem","position":2,"name":"Shop","item":"https:\/\/oxoxclub.com\/products\/"},{"@type":"ListItem","position":3,"name":"\u201eOVO Things\u201c vakarien\u0117s \u017evak\u0117s"}]},{"@type":"WebSite","@id":"https:\/\/oxoxclub.com\/lt\/#website","url":"https:\/\/oxoxclub.com\/lt\/","name":"OXOX CLUB","description":"On a mission of never growing up","publisher":{"@id":"https:\/\/oxoxclub.com\/lt\/#organization"},"potentialAction":[{"@type":"SearchAction","target":{"@type":"EntryPoint","urlTemplate":"https:\/\/oxoxclub.com\/lt\/?s={search_term_string}"},"query-input":{"@type":"PropertyValueSpecification","valueRequired":true,"valueName":"search_term_string"}}],"inLanguage":"lt-LT"},{"@type":"Organization","@id":"https:\/\/oxoxclub.com\/lt\/#organization","name":"OXOX CLUB","url":"https:\/\/oxoxclub.com\/lt\/","logo":{"@type":"ImageObject","inLanguage":"lt-LT","@id":"https:\/\/oxoxclub.com\/lt\/#\/schema\/logo\/image\/","url":"https:\/\/oxoxclub.com\/wp-content\/uploads\/oxox-logo-in-blue-4.png","contentUrl":"https:\/\/oxoxclub.com\/wp-content\/uploads\/oxox-logo-in-blue-4.png","width":414,"height":300,"caption":"OXOX CLUB"},"image":{"@id":"https:\/\/oxoxclub.com\/lt\/#\/schema\/logo\/image\/"},"sameAs":["https:\/\/facebook.com\/oxoxclub\/","https:\/\/www.instagram.com\/oxoxclub\/"]}]},"og_availability":"instock","product_availability":"instock","product_retailer_item_id":"BCD","product_condition":"new"},"_links":{"self":[{"href":"https:\/\/oxoxclub.com\/lt\/wp-json\/wp\/v2\/product\/70117","targetHints":{"allow":["GET"]}}],"collection":[{"href":"https:\/\/oxoxclub.com\/lt\/wp-json\/wp\/v2\/product"}],"about":[{"href":"https:\/\/oxoxclub.com\/lt\/wp-json\/wp\/v2\/types\/product"}],"replies":[{"embeddable":true,"href":"https:\/\/oxoxclub.com\/lt\/wp-json\/wp\/v2\/comments?post=70117"}],"wp:featuredmedia":[{"embeddable":true,"href":"https:\/\/oxoxclub.com\/lt\/wp-json\/wp\/v2\/media\/59025"}],"wp:attachment":[{"href":"https:\/\/oxoxclub.com\/lt\/wp-json\/wp\/v2\/media?parent=70117"}],"wp:term":[{"taxonomy":"product_brand","embeddable":true,"href":"https:\/\/oxoxclub.com\/lt\/wp-json\/wp\/v2\/product_brand?post=70117"},{"taxonomy":"product_cat","embeddable":true,"href":"https:\/\/oxoxclub.com\/lt\/wp-json\/wp\/v2\/product_cat?post=70117"},{"taxonomy":"product_tag","embeddable":true,"href":"https:\/\/oxoxclub.com\/lt\/wp-json\/wp\/v2\/product_tag?post=70117"}],"curies":[{"name":"wp","href":"https:\/\/api.w.org\/{rel}","templated":true}]}}