{"id":70123,"date":"2022-03-24T12:35:16","date_gmt":"2022-03-24T10:35:16","guid":{"rendered":"https:\/\/oxoxclub-com-486310.hostingersite.com\/products\/be-kategorijos\/ovo-things-birthday-candles-10-units\/"},"modified":"2025-05-06T19:38:18","modified_gmt":"2025-05-06T17:38:18","slug":"ovo-things-gimtadienio-zvakutes-10-vienetu","status":"publish","type":"product","link":"https:\/\/oxoxclub.com\/lt\/products\/atrinkti-prekes-zenklai\/ovo-things-lt-2\/ovo-things-gimtadienio-zvakutes-10-vienetu\/","title":{"rendered":"\u201eOVO Things\u201c gimtadienio \u017evakut\u0117s, 10 vienet\u0173"},"content":{"rendered":"<p>Gimtadienio \u017evakut\u0117s su spalvotais medvilniniais dag\u010diais, pagamintos Lietuvoje i\u0161 vietini\u0173 \u016bkinink\u0173 bi\u010di\u0173 va\u0161ko. Nat\u016bralios ir netoksi\u0161kos \u2013 be dirbtini\u0173 da\u017eikli\u0173 ar kvap\u0173. Rank\u0173 darbo.<\/p>\n<p>10 vienet\u0173 d\u0117\u017eut\u0117je.<\/p>\n<p>Bi\u010di\u0173 va\u0161kas yra nat\u016brali med\u017eiaga, tod\u0117l jo atspalvis gali skirtis \u2013 nuo ry\u0161kiai geltonos iki tamsesn\u0117s rudos. Laikui b\u0117gant arba laikant tiesioginiuose saul\u0117s spinduliuose ar dr\u0117gnoje aplinkoje \u017evaki\u0173 spalva gali \u0161iek tiek pakisti.<br \/>\nVisada laikyk saugumo taisykles deginant \u017evakes, nepalik j\u0173 be prie\u017ei\u016bros. Viena \u017evakut\u0117 dega apie pusvaland\u012f \u2013 kaip tik tiek, kiek reikia norui sugalvoti.<\/p>\n<p>100% bi\u010di\u0173 va\u0161kas<\/p>\n<p>100% medvilniniai dag\u010diai<\/p>\n<p>Skersmuo \u2013 5 mm, ilgis \u2013 125 mm<\/p>\n","protected":false},"excerpt":{"rendered":"<p>Gimtadienio \u017evakut\u0117s su spalvotais medvilniniais dag\u010diais, pagamintos Lietuvoje i\u0161 vietini\u0173 \u016bkinink\u0173 bi\u010di\u0173 va\u0161ko. Nat\u016bralios ir netoksi\u0161kos \u2013 be dirbtini\u0173 da\u017eikli\u0173 ar kvap\u0173. Rank\u0173 darbo. 10 vienet\u0173 d\u0117\u017eut\u0117je. Bi\u010di\u0173 va\u0161kas yra nat\u016brali med\u017eiaga, tod\u0117l jo atspalvis gali skirtis \u2013 nuo ry\u0161kiai geltonos iki tamsesn\u0117s rudos. Laikui b\u0117gant arba laikant tiesioginiuose saul\u0117s spinduliuose ar dr\u0117gnoje aplinkoje \u017evaki\u0173 [&hellip;]<\/p>\n","protected":false},"featured_media":57456,"comment_status":"open","ping_status":"closed","template":"","meta":[],"product_brand":[],"product_cat":[712,716],"product_tag":[759],"class_list":{"0":"post-70123","1":"product","2":"type-product","3":"status-publish","4":"has-post-thumbnail","6":"product_cat-atrinkti-prekes-zenklai","7":"product_cat-ovo-things-lt-2","8":"product_tag-handmade-lt","9":"pa_accessories-kita","10":"pa_size-one-size","12":"first","13":"instock","14":"taxable","15":"shipping-taxable","16":"purchasable","17":"product-type-variable"},"acf":[],"yoast_head":"<!-- This site is optimized with the Yoast SEO Premium plugin v20.11 (Yoast SEO v24.3) - https:\/\/yoast.com\/wordpress\/plugins\/seo\/ -->\n<title>\u201eOVO Things\u201c gimtadienio \u017evakut\u0117s, 10 vienet\u0173 - OXOX<\/title>\n<meta name=\"description\" content=\"Birthday candles from pure beeswax with multicolored cotton wicks. Candles are handmade in Lithuania from local farmers&#039; beeswax, they are natural and non-toxic, no artificial color or scent is added\" \/>\n<meta name=\"robots\" content=\"index, follow, max-snippet:-1, max-image-preview:large, max-video-preview:-1\" \/>\n<link rel=\"canonical\" href=\"https:\/\/oxoxclub.com\/lt\/products\/atrinkti-prekes-zenklai\/ovo-things-lt-2\/ovo-things-gimtadienio-zvakutes-10-vienetu\/\" \/>\n<meta property=\"og:locale\" content=\"lt_LT\" \/>\n<meta property=\"og:type\" content=\"article\" \/>\n<meta property=\"og:title\" content=\"\u201eOVO Things\u201c gimtadienio \u017evakut\u0117s, 10 vienet\u0173\" \/>\n<meta property=\"og:description\" content=\"Birthday candles from pure beeswax with multicolored cotton wicks. Candles are handmade in Lithuania from local farmers&#039; beeswax, they are natural and non-toxic, no artificial color or scent is added\" \/>\n<meta property=\"og:url\" content=\"https:\/\/oxoxclub.com\/lt\/products\/atrinkti-prekes-zenklai\/ovo-things-lt-2\/ovo-things-gimtadienio-zvakutes-10-vienetu\/\" \/>\n<meta property=\"og:site_name\" content=\"OXOX\" \/>\n<meta property=\"article:publisher\" content=\"https:\/\/facebook.com\/oxoxclub\/\" \/>\n<meta property=\"article:modified_time\" content=\"2025-05-06T17:38:18+00:00\" \/>\n<meta property=\"og:image\" content=\"https:\/\/oxoxclub.com\/wp-content\/uploads\/\/OVO-Things-candles_Birthday-Mini0-1-1.jpg\" \/>\n\t<meta property=\"og:image:width\" content=\"853\" \/>\n\t<meta property=\"og:image:height\" content=\"1280\" \/>\n\t<meta property=\"og:image:type\" content=\"image\/jpeg\" \/>\n<meta name=\"twitter:card\" content=\"summary_large_image\" \/>\n<meta name=\"twitter:label1\" content=\"Availability\" \/>\n\t<meta name=\"twitter:data1\" content=\"In stock\" \/>\n<script type=\"application\/ld+json\" class=\"yoast-schema-graph\">{\"@context\":\"https:\/\/schema.org\",\"@graph\":[{\"@type\":\"WebPage\",\"@id\":\"https:\/\/oxoxclub.com\/lt\/products\/atrinkti-prekes-zenklai\/ovo-things-lt-2\/ovo-things-gimtadienio-zvakutes-10-vienetu\/\",\"url\":\"https:\/\/oxoxclub.com\/lt\/products\/atrinkti-prekes-zenklai\/ovo-things-lt-2\/ovo-things-gimtadienio-zvakutes-10-vienetu\/\",\"name\":\"\u201eOVO Things\u201c gimtadienio \u017evakut\u0117s, 10 vienet\u0173 - OXOX\",\"isPartOf\":{\"@id\":\"https:\/\/oxoxclub.com\/lt\/#website\"},\"primaryImageOfPage\":{\"@id\":\"https:\/\/oxoxclub.com\/lt\/products\/atrinkti-prekes-zenklai\/ovo-things-lt-2\/ovo-things-gimtadienio-zvakutes-10-vienetu\/#primaryimage\"},\"image\":{\"@id\":\"https:\/\/oxoxclub.com\/lt\/products\/atrinkti-prekes-zenklai\/ovo-things-lt-2\/ovo-things-gimtadienio-zvakutes-10-vienetu\/#primaryimage\"},\"thumbnailUrl\":\"https:\/\/oxoxclub.com\/wp-content\/uploads\/\/OVO-Things-candles_Birthday-Mini0-1-1.jpg\",\"datePublished\":\"2022-03-24T10:35:16+00:00\",\"dateModified\":\"2025-05-06T17:38:18+00:00\",\"description\":\"Birthday candles from pure beeswax with multicolored cotton wicks. Candles are handmade in Lithuania from local farmers' beeswax, they are natural and non-toxic, no artificial color or scent is added\",\"breadcrumb\":{\"@id\":\"https:\/\/oxoxclub.com\/lt\/products\/atrinkti-prekes-zenklai\/ovo-things-lt-2\/ovo-things-gimtadienio-zvakutes-10-vienetu\/#breadcrumb\"},\"inLanguage\":\"lt-LT\",\"potentialAction\":[{\"@type\":\"ReadAction\",\"target\":[\"https:\/\/oxoxclub.com\/lt\/products\/atrinkti-prekes-zenklai\/ovo-things-lt-2\/ovo-things-gimtadienio-zvakutes-10-vienetu\/\"]}]},{\"@type\":\"ImageObject\",\"inLanguage\":\"lt-LT\",\"@id\":\"https:\/\/oxoxclub.com\/lt\/products\/atrinkti-prekes-zenklai\/ovo-things-lt-2\/ovo-things-gimtadienio-zvakutes-10-vienetu\/#primaryimage\",\"url\":\"https:\/\/oxoxclub.com\/wp-content\/uploads\/\/OVO-Things-candles_Birthday-Mini0-1-1.jpg\",\"contentUrl\":\"https:\/\/oxoxclub.com\/wp-content\/uploads\/\/OVO-Things-candles_Birthday-Mini0-1-1.jpg\",\"width\":853,\"height\":1280},{\"@type\":\"BreadcrumbList\",\"@id\":\"https:\/\/oxoxclub.com\/lt\/products\/atrinkti-prekes-zenklai\/ovo-things-lt-2\/ovo-things-gimtadienio-zvakutes-10-vienetu\/#breadcrumb\",\"itemListElement\":[{\"@type\":\"ListItem\",\"position\":1,\"name\":\"Home\",\"item\":\"https:\/\/oxoxclub.com\/lt\/\"},{\"@type\":\"ListItem\",\"position\":2,\"name\":\"Shop\",\"item\":\"https:\/\/oxoxclub.com\/products\/\"},{\"@type\":\"ListItem\",\"position\":3,\"name\":\"\u201eOVO Things\u201c gimtadienio \u017evakut\u0117s, 10 vienet\u0173\"}]},{\"@type\":\"WebSite\",\"@id\":\"https:\/\/oxoxclub.com\/lt\/#website\",\"url\":\"https:\/\/oxoxclub.com\/lt\/\",\"name\":\"OXOX CLUB\",\"description\":\"On a mission of never growing up\",\"publisher\":{\"@id\":\"https:\/\/oxoxclub.com\/lt\/#organization\"},\"potentialAction\":[{\"@type\":\"SearchAction\",\"target\":{\"@type\":\"EntryPoint\",\"urlTemplate\":\"https:\/\/oxoxclub.com\/lt\/?s={search_term_string}\"},\"query-input\":{\"@type\":\"PropertyValueSpecification\",\"valueRequired\":true,\"valueName\":\"search_term_string\"}}],\"inLanguage\":\"lt-LT\"},{\"@type\":\"Organization\",\"@id\":\"https:\/\/oxoxclub.com\/lt\/#organization\",\"name\":\"OXOX CLUB\",\"url\":\"https:\/\/oxoxclub.com\/lt\/\",\"logo\":{\"@type\":\"ImageObject\",\"inLanguage\":\"lt-LT\",\"@id\":\"https:\/\/oxoxclub.com\/lt\/#\/schema\/logo\/image\/\",\"url\":\"https:\/\/oxoxclub.com\/wp-content\/uploads\/oxox-logo-in-blue-4.png\",\"contentUrl\":\"https:\/\/oxoxclub.com\/wp-content\/uploads\/oxox-logo-in-blue-4.png\",\"width\":414,\"height\":300,\"caption\":\"OXOX CLUB\"},\"image\":{\"@id\":\"https:\/\/oxoxclub.com\/lt\/#\/schema\/logo\/image\/\"},\"sameAs\":[\"https:\/\/facebook.com\/oxoxclub\/\",\"https:\/\/www.instagram.com\/oxoxclub\/\"]}]}<\/script>\n<meta property=\"og:availability\" content=\"instock\" \/>\n<meta property=\"product:availability\" content=\"instock\" \/>\n<meta property=\"product:retailer_item_id\" content=\"BCB02\" \/>\n<meta property=\"product:condition\" content=\"new\" \/>\n<!-- \/ Yoast SEO Premium plugin. -->","yoast_head_json":{"title":"\u201eOVO Things\u201c gimtadienio \u017evakut\u0117s, 10 vienet\u0173 - OXOX","description":"Birthday candles from pure beeswax with multicolored cotton wicks. Candles are handmade in Lithuania from local farmers' beeswax, they are natural and non-toxic, no artificial color or scent is added","robots":{"index":"index","follow":"follow","max-snippet":"max-snippet:-1","max-image-preview":"max-image-preview:large","max-video-preview":"max-video-preview:-1"},"canonical":"https:\/\/oxoxclub.com\/lt\/products\/atrinkti-prekes-zenklai\/ovo-things-lt-2\/ovo-things-gimtadienio-zvakutes-10-vienetu\/","og_locale":"lt_LT","og_type":"article","og_title":"\u201eOVO Things\u201c gimtadienio \u017evakut\u0117s, 10 vienet\u0173","og_description":"Birthday candles from pure beeswax with multicolored cotton wicks. Candles are handmade in Lithuania from local farmers' beeswax, they are natural and non-toxic, no artificial color or scent is added","og_url":"https:\/\/oxoxclub.com\/lt\/products\/atrinkti-prekes-zenklai\/ovo-things-lt-2\/ovo-things-gimtadienio-zvakutes-10-vienetu\/","og_site_name":"OXOX","article_publisher":"https:\/\/facebook.com\/oxoxclub\/","article_modified_time":"2025-05-06T17:38:18+00:00","og_image":[{"width":853,"height":1280,"url":"https:\/\/oxoxclub.com\/wp-content\/uploads\/\/OVO-Things-candles_Birthday-Mini0-1-1.jpg","type":"image\/jpeg"}],"twitter_card":"summary_large_image","twitter_misc":{"Availability":"In stock"},"schema":{"@context":"https:\/\/schema.org","@graph":[{"@type":"WebPage","@id":"https:\/\/oxoxclub.com\/lt\/products\/atrinkti-prekes-zenklai\/ovo-things-lt-2\/ovo-things-gimtadienio-zvakutes-10-vienetu\/","url":"https:\/\/oxoxclub.com\/lt\/products\/atrinkti-prekes-zenklai\/ovo-things-lt-2\/ovo-things-gimtadienio-zvakutes-10-vienetu\/","name":"\u201eOVO Things\u201c gimtadienio \u017evakut\u0117s, 10 vienet\u0173 - OXOX","isPartOf":{"@id":"https:\/\/oxoxclub.com\/lt\/#website"},"primaryImageOfPage":{"@id":"https:\/\/oxoxclub.com\/lt\/products\/atrinkti-prekes-zenklai\/ovo-things-lt-2\/ovo-things-gimtadienio-zvakutes-10-vienetu\/#primaryimage"},"image":{"@id":"https:\/\/oxoxclub.com\/lt\/products\/atrinkti-prekes-zenklai\/ovo-things-lt-2\/ovo-things-gimtadienio-zvakutes-10-vienetu\/#primaryimage"},"thumbnailUrl":"https:\/\/oxoxclub.com\/wp-content\/uploads\/\/OVO-Things-candles_Birthday-Mini0-1-1.jpg","datePublished":"2022-03-24T10:35:16+00:00","dateModified":"2025-05-06T17:38:18+00:00","description":"Birthday candles from pure beeswax with multicolored cotton wicks. Candles are handmade in Lithuania from local farmers' beeswax, they are natural and non-toxic, no artificial color or scent is added","breadcrumb":{"@id":"https:\/\/oxoxclub.com\/lt\/products\/atrinkti-prekes-zenklai\/ovo-things-lt-2\/ovo-things-gimtadienio-zvakutes-10-vienetu\/#breadcrumb"},"inLanguage":"lt-LT","potentialAction":[{"@type":"ReadAction","target":["https:\/\/oxoxclub.com\/lt\/products\/atrinkti-prekes-zenklai\/ovo-things-lt-2\/ovo-things-gimtadienio-zvakutes-10-vienetu\/"]}]},{"@type":"ImageObject","inLanguage":"lt-LT","@id":"https:\/\/oxoxclub.com\/lt\/products\/atrinkti-prekes-zenklai\/ovo-things-lt-2\/ovo-things-gimtadienio-zvakutes-10-vienetu\/#primaryimage","url":"https:\/\/oxoxclub.com\/wp-content\/uploads\/\/OVO-Things-candles_Birthday-Mini0-1-1.jpg","contentUrl":"https:\/\/oxoxclub.com\/wp-content\/uploads\/\/OVO-Things-candles_Birthday-Mini0-1-1.jpg","width":853,"height":1280},{"@type":"BreadcrumbList","@id":"https:\/\/oxoxclub.com\/lt\/products\/atrinkti-prekes-zenklai\/ovo-things-lt-2\/ovo-things-gimtadienio-zvakutes-10-vienetu\/#breadcrumb","itemListElement":[{"@type":"ListItem","position":1,"name":"Home","item":"https:\/\/oxoxclub.com\/lt\/"},{"@type":"ListItem","position":2,"name":"Shop","item":"https:\/\/oxoxclub.com\/products\/"},{"@type":"ListItem","position":3,"name":"\u201eOVO Things\u201c gimtadienio \u017evakut\u0117s, 10 vienet\u0173"}]},{"@type":"WebSite","@id":"https:\/\/oxoxclub.com\/lt\/#website","url":"https:\/\/oxoxclub.com\/lt\/","name":"OXOX CLUB","description":"On a mission of never growing up","publisher":{"@id":"https:\/\/oxoxclub.com\/lt\/#organization"},"potentialAction":[{"@type":"SearchAction","target":{"@type":"EntryPoint","urlTemplate":"https:\/\/oxoxclub.com\/lt\/?s={search_term_string}"},"query-input":{"@type":"PropertyValueSpecification","valueRequired":true,"valueName":"search_term_string"}}],"inLanguage":"lt-LT"},{"@type":"Organization","@id":"https:\/\/oxoxclub.com\/lt\/#organization","name":"OXOX CLUB","url":"https:\/\/oxoxclub.com\/lt\/","logo":{"@type":"ImageObject","inLanguage":"lt-LT","@id":"https:\/\/oxoxclub.com\/lt\/#\/schema\/logo\/image\/","url":"https:\/\/oxoxclub.com\/wp-content\/uploads\/oxox-logo-in-blue-4.png","contentUrl":"https:\/\/oxoxclub.com\/wp-content\/uploads\/oxox-logo-in-blue-4.png","width":414,"height":300,"caption":"OXOX CLUB"},"image":{"@id":"https:\/\/oxoxclub.com\/lt\/#\/schema\/logo\/image\/"},"sameAs":["https:\/\/facebook.com\/oxoxclub\/","https:\/\/www.instagram.com\/oxoxclub\/"]}]},"og_availability":"instock","product_availability":"instock","product_retailer_item_id":"BCB02","product_condition":"new"},"_links":{"self":[{"href":"https:\/\/oxoxclub.com\/lt\/wp-json\/wp\/v2\/product\/70123","targetHints":{"allow":["GET"]}}],"collection":[{"href":"https:\/\/oxoxclub.com\/lt\/wp-json\/wp\/v2\/product"}],"about":[{"href":"https:\/\/oxoxclub.com\/lt\/wp-json\/wp\/v2\/types\/product"}],"replies":[{"embeddable":true,"href":"https:\/\/oxoxclub.com\/lt\/wp-json\/wp\/v2\/comments?post=70123"}],"wp:featuredmedia":[{"embeddable":true,"href":"https:\/\/oxoxclub.com\/lt\/wp-json\/wp\/v2\/media\/57456"}],"wp:attachment":[{"href":"https:\/\/oxoxclub.com\/lt\/wp-json\/wp\/v2\/media?parent=70123"}],"wp:term":[{"taxonomy":"product_brand","embeddable":true,"href":"https:\/\/oxoxclub.com\/lt\/wp-json\/wp\/v2\/product_brand?post=70123"},{"taxonomy":"product_cat","embeddable":true,"href":"https:\/\/oxoxclub.com\/lt\/wp-json\/wp\/v2\/product_cat?post=70123"},{"taxonomy":"product_tag","embeddable":true,"href":"https:\/\/oxoxclub.com\/lt\/wp-json\/wp\/v2\/product_tag?post=70123"}],"curies":[{"name":"wp","href":"https:\/\/api.w.org\/{rel}","templated":true}]}}