{"id":70155,"date":"2022-03-16T14:59:29","date_gmt":"2022-03-16T12:59:29","guid":{"rendered":"https:\/\/oxoxclub-com-486310.hostingersite.com\/products\/be-kategorijos\/cream-sunglasses-lemon\/"},"modified":"2025-05-06T19:40:35","modified_gmt":"2025-05-06T17:40:35","slug":"cream-saules-akiniai-lemon","status":"publish","type":"product","link":"https:\/\/oxoxclub.com\/lt\/products\/akiniai-nuo-saules\/cream-saules-akiniai-lemon\/","title":{"rendered":"\u201eCREAM\u201c saul\u0117s akiniai (Lemon)"},"content":{"rendered":"<p>Tobulai apval\u016bs ir klasikiniai vaiki\u0161ki r\u0117meliai, kurie tinka beveik visiems. Pagaminti i\u0161 \u201eTrueglass\u201c med\u017eiagos, kuri sudaryta i\u0161 60% perdirbt\u0173 plastikini\u0173 buteli\u0173 ir 30% \u017eol\u0117s pluo\u0161to. Med\u017eiaga yra be BPA ir DEP bei visi\u0161kai netoksi\u0161ka.<\/p>\n<p>100% UVA &amp; UVB apsauga. Poliarizuoti ekologi\u0161ko nailono l\u0119\u0161iai. Lankst\u016bs spyruokliniai lankstai.&lt;\/p<\/p>\n<p>Geriausiai tinka 4\u20138 met\u0173 vaikams.<\/p>\n","protected":false},"excerpt":{"rendered":"<p>Tobulai apval\u016bs ir klasikiniai vaiki\u0161ki r\u0117meliai, kurie tinka beveik visiems. Pagaminti i\u0161 \u201eTrueglass\u201c med\u017eiagos, kuri sudaryta i\u0161 60% perdirbt\u0173 plastikini\u0173 buteli\u0173 ir 30% \u017eol\u0117s pluo\u0161to. Med\u017eiaga yra be BPA ir DEP bei visi\u0161kai netoksi\u0161ka. 100% UVA &amp; UVB apsauga. Poliarizuoti ekologi\u0161ko nailono l\u0119\u0161iai. Lankst\u016bs spyruokliniai lankstai.&lt;\/p Geriausiai tinka 4\u20138 met\u0173 vaikams.<\/p>\n","protected":false},"featured_media":58190,"comment_status":"open","ping_status":"closed","template":"","meta":[],"product_brand":[],"product_cat":[653,645,712,713],"product_tag":[758],"class_list":{"0":"post-70155","1":"product","2":"type-product","3":"status-publish","4":"has-post-thumbnail","6":"product_cat-akiniai-nuo-saules","7":"product_cat-aksesuarai-vaikams-lt","8":"product_cat-atrinkti-prekes-zenklai","9":"product_cat-cream-lt-2","10":"product_tag-i-am-sustainable-lt","11":"pa_accessories-kita","12":"pa_size-one-size","14":"first","15":"instock","16":"taxable","17":"shipping-taxable","18":"purchasable","19":"product-type-variable"},"acf":[],"yoast_head":"<!-- This site is optimized with the Yoast SEO Premium plugin v20.11 (Yoast SEO v24.3) - https:\/\/yoast.com\/wordpress\/plugins\/seo\/ -->\n<title>\u201eCREAM\u201c saul\u0117s akiniai (Lemon) - OXOX<\/title>\n<meta name=\"robots\" content=\"index, follow, max-snippet:-1, max-image-preview:large, max-video-preview:-1\" \/>\n<link rel=\"canonical\" href=\"https:\/\/oxoxclub.com\/lt\/products\/akiniai-nuo-saules\/cream-saules-akiniai-lemon\/\" \/>\n<meta property=\"og:locale\" content=\"lt_LT\" \/>\n<meta property=\"og:type\" content=\"article\" \/>\n<meta property=\"og:title\" content=\"\u201eCREAM\u201c saul\u0117s akiniai (Lemon)\" \/>\n<meta property=\"og:description\" content=\"Tobulai apval\u016bs ir klasikiniai vaiki\u0161ki r\u0117meliai, kurie tinka beveik visiems. Pagaminti i\u0161 \u201eTrueglass\u201c med\u017eiagos, kuri sudaryta i\u0161 60% perdirbt\u0173 plastikini\u0173 buteli\u0173 ir 30% \u017eol\u0117s pluo\u0161to. Med\u017eiaga yra be BPA ir DEP bei visi\u0161kai netoksi\u0161ka. 100% UVA &amp; UVB apsauga. Poliarizuoti ekologi\u0161ko nailono l\u0119\u0161iai. Lankst\u016bs spyruokliniai lankstai.&lt;\/p Geriausiai tinka 4\u20138 met\u0173 vaikams.\" \/>\n<meta property=\"og:url\" content=\"https:\/\/oxoxclub.com\/lt\/products\/akiniai-nuo-saules\/cream-saules-akiniai-lemon\/\" \/>\n<meta property=\"og:site_name\" content=\"OXOX\" \/>\n<meta property=\"article:publisher\" content=\"https:\/\/facebook.com\/oxoxclub\/\" \/>\n<meta property=\"article:modified_time\" content=\"2025-05-06T17:40:35+00:00\" \/>\n<meta property=\"og:image\" content=\"https:\/\/oxoxclub.com\/wp-content\/uploads\/lemon3-683x1024.png\" \/>\n\t<meta property=\"og:image:width\" content=\"683\" \/>\n\t<meta property=\"og:image:height\" content=\"1024\" \/>\n\t<meta property=\"og:image:type\" content=\"image\/png\" \/>\n<meta name=\"twitter:card\" content=\"summary_large_image\" \/>\n<meta name=\"twitter:label1\" content=\"Availability\" \/>\n\t<meta name=\"twitter:data1\" content=\"In stock\" \/>\n<script type=\"application\/ld+json\" class=\"yoast-schema-graph\">{\"@context\":\"https:\/\/schema.org\",\"@graph\":[{\"@type\":\"WebPage\",\"@id\":\"https:\/\/oxoxclub.com\/lt\/products\/akiniai-nuo-saules\/cream-saules-akiniai-lemon\/\",\"url\":\"https:\/\/oxoxclub.com\/lt\/products\/akiniai-nuo-saules\/cream-saules-akiniai-lemon\/\",\"name\":\"\u201eCREAM\u201c saul\u0117s akiniai (Lemon) - OXOX\",\"isPartOf\":{\"@id\":\"https:\/\/oxoxclub.com\/lt\/#website\"},\"primaryImageOfPage\":{\"@id\":\"https:\/\/oxoxclub.com\/lt\/products\/akiniai-nuo-saules\/cream-saules-akiniai-lemon\/#primaryimage\"},\"image\":{\"@id\":\"https:\/\/oxoxclub.com\/lt\/products\/akiniai-nuo-saules\/cream-saules-akiniai-lemon\/#primaryimage\"},\"thumbnailUrl\":\"https:\/\/oxoxclub.com\/wp-content\/uploads\/lemon3.png\",\"datePublished\":\"2022-03-16T12:59:29+00:00\",\"dateModified\":\"2025-05-06T17:40:35+00:00\",\"breadcrumb\":{\"@id\":\"https:\/\/oxoxclub.com\/lt\/products\/akiniai-nuo-saules\/cream-saules-akiniai-lemon\/#breadcrumb\"},\"inLanguage\":\"lt-LT\",\"potentialAction\":[{\"@type\":\"ReadAction\",\"target\":[\"https:\/\/oxoxclub.com\/lt\/products\/akiniai-nuo-saules\/cream-saules-akiniai-lemon\/\"]}]},{\"@type\":\"ImageObject\",\"inLanguage\":\"lt-LT\",\"@id\":\"https:\/\/oxoxclub.com\/lt\/products\/akiniai-nuo-saules\/cream-saules-akiniai-lemon\/#primaryimage\",\"url\":\"https:\/\/oxoxclub.com\/wp-content\/uploads\/lemon3.png\",\"contentUrl\":\"https:\/\/oxoxclub.com\/wp-content\/uploads\/lemon3.png\",\"width\":1975,\"height\":2962},{\"@type\":\"BreadcrumbList\",\"@id\":\"https:\/\/oxoxclub.com\/lt\/products\/akiniai-nuo-saules\/cream-saules-akiniai-lemon\/#breadcrumb\",\"itemListElement\":[{\"@type\":\"ListItem\",\"position\":1,\"name\":\"Home\",\"item\":\"https:\/\/oxoxclub.com\/lt\/\"},{\"@type\":\"ListItem\",\"position\":2,\"name\":\"Shop\",\"item\":\"https:\/\/oxoxclub.com\/products\/\"},{\"@type\":\"ListItem\",\"position\":3,\"name\":\"\u201eCREAM\u201c saul\u0117s akiniai (Lemon)\"}]},{\"@type\":\"WebSite\",\"@id\":\"https:\/\/oxoxclub.com\/lt\/#website\",\"url\":\"https:\/\/oxoxclub.com\/lt\/\",\"name\":\"OXOX CLUB\",\"description\":\"On a mission of never growing up\",\"publisher\":{\"@id\":\"https:\/\/oxoxclub.com\/lt\/#organization\"},\"potentialAction\":[{\"@type\":\"SearchAction\",\"target\":{\"@type\":\"EntryPoint\",\"urlTemplate\":\"https:\/\/oxoxclub.com\/lt\/?s={search_term_string}\"},\"query-input\":{\"@type\":\"PropertyValueSpecification\",\"valueRequired\":true,\"valueName\":\"search_term_string\"}}],\"inLanguage\":\"lt-LT\"},{\"@type\":\"Organization\",\"@id\":\"https:\/\/oxoxclub.com\/lt\/#organization\",\"name\":\"OXOX CLUB\",\"url\":\"https:\/\/oxoxclub.com\/lt\/\",\"logo\":{\"@type\":\"ImageObject\",\"inLanguage\":\"lt-LT\",\"@id\":\"https:\/\/oxoxclub.com\/lt\/#\/schema\/logo\/image\/\",\"url\":\"https:\/\/oxoxclub.com\/wp-content\/uploads\/oxox-logo-in-blue-4.png\",\"contentUrl\":\"https:\/\/oxoxclub.com\/wp-content\/uploads\/oxox-logo-in-blue-4.png\",\"width\":414,\"height\":300,\"caption\":\"OXOX CLUB\"},\"image\":{\"@id\":\"https:\/\/oxoxclub.com\/lt\/#\/schema\/logo\/image\/\"},\"sameAs\":[\"https:\/\/facebook.com\/oxoxclub\/\",\"https:\/\/www.instagram.com\/oxoxclub\/\"]}]}<\/script>\n<meta property=\"og:availability\" content=\"instock\" \/>\n<meta property=\"product:availability\" content=\"instock\" \/>\n<meta property=\"product:retailer_item_id\" content=\"105\" \/>\n<meta property=\"product:condition\" content=\"new\" \/>\n<!-- \/ Yoast SEO Premium plugin. -->","yoast_head_json":{"title":"\u201eCREAM\u201c saul\u0117s akiniai (Lemon) - OXOX","robots":{"index":"index","follow":"follow","max-snippet":"max-snippet:-1","max-image-preview":"max-image-preview:large","max-video-preview":"max-video-preview:-1"},"canonical":"https:\/\/oxoxclub.com\/lt\/products\/akiniai-nuo-saules\/cream-saules-akiniai-lemon\/","og_locale":"lt_LT","og_type":"article","og_title":"\u201eCREAM\u201c saul\u0117s akiniai (Lemon)","og_description":"Tobulai apval\u016bs ir klasikiniai vaiki\u0161ki r\u0117meliai, kurie tinka beveik visiems. Pagaminti i\u0161 \u201eTrueglass\u201c med\u017eiagos, kuri sudaryta i\u0161 60% perdirbt\u0173 plastikini\u0173 buteli\u0173 ir 30% \u017eol\u0117s pluo\u0161to. Med\u017eiaga yra be BPA ir DEP bei visi\u0161kai netoksi\u0161ka. 100% UVA &amp; UVB apsauga. Poliarizuoti ekologi\u0161ko nailono l\u0119\u0161iai. Lankst\u016bs spyruokliniai lankstai.&lt;\/p Geriausiai tinka 4\u20138 met\u0173 vaikams.","og_url":"https:\/\/oxoxclub.com\/lt\/products\/akiniai-nuo-saules\/cream-saules-akiniai-lemon\/","og_site_name":"OXOX","article_publisher":"https:\/\/facebook.com\/oxoxclub\/","article_modified_time":"2025-05-06T17:40:35+00:00","og_image":[{"width":683,"height":1024,"url":"https:\/\/oxoxclub.com\/wp-content\/uploads\/lemon3-683x1024.png","type":"image\/png"}],"twitter_card":"summary_large_image","twitter_misc":{"Availability":"In stock"},"schema":{"@context":"https:\/\/schema.org","@graph":[{"@type":"WebPage","@id":"https:\/\/oxoxclub.com\/lt\/products\/akiniai-nuo-saules\/cream-saules-akiniai-lemon\/","url":"https:\/\/oxoxclub.com\/lt\/products\/akiniai-nuo-saules\/cream-saules-akiniai-lemon\/","name":"\u201eCREAM\u201c saul\u0117s akiniai (Lemon) - OXOX","isPartOf":{"@id":"https:\/\/oxoxclub.com\/lt\/#website"},"primaryImageOfPage":{"@id":"https:\/\/oxoxclub.com\/lt\/products\/akiniai-nuo-saules\/cream-saules-akiniai-lemon\/#primaryimage"},"image":{"@id":"https:\/\/oxoxclub.com\/lt\/products\/akiniai-nuo-saules\/cream-saules-akiniai-lemon\/#primaryimage"},"thumbnailUrl":"https:\/\/oxoxclub.com\/wp-content\/uploads\/lemon3.png","datePublished":"2022-03-16T12:59:29+00:00","dateModified":"2025-05-06T17:40:35+00:00","breadcrumb":{"@id":"https:\/\/oxoxclub.com\/lt\/products\/akiniai-nuo-saules\/cream-saules-akiniai-lemon\/#breadcrumb"},"inLanguage":"lt-LT","potentialAction":[{"@type":"ReadAction","target":["https:\/\/oxoxclub.com\/lt\/products\/akiniai-nuo-saules\/cream-saules-akiniai-lemon\/"]}]},{"@type":"ImageObject","inLanguage":"lt-LT","@id":"https:\/\/oxoxclub.com\/lt\/products\/akiniai-nuo-saules\/cream-saules-akiniai-lemon\/#primaryimage","url":"https:\/\/oxoxclub.com\/wp-content\/uploads\/lemon3.png","contentUrl":"https:\/\/oxoxclub.com\/wp-content\/uploads\/lemon3.png","width":1975,"height":2962},{"@type":"BreadcrumbList","@id":"https:\/\/oxoxclub.com\/lt\/products\/akiniai-nuo-saules\/cream-saules-akiniai-lemon\/#breadcrumb","itemListElement":[{"@type":"ListItem","position":1,"name":"Home","item":"https:\/\/oxoxclub.com\/lt\/"},{"@type":"ListItem","position":2,"name":"Shop","item":"https:\/\/oxoxclub.com\/products\/"},{"@type":"ListItem","position":3,"name":"\u201eCREAM\u201c saul\u0117s akiniai (Lemon)"}]},{"@type":"WebSite","@id":"https:\/\/oxoxclub.com\/lt\/#website","url":"https:\/\/oxoxclub.com\/lt\/","name":"OXOX CLUB","description":"On a mission of never growing up","publisher":{"@id":"https:\/\/oxoxclub.com\/lt\/#organization"},"potentialAction":[{"@type":"SearchAction","target":{"@type":"EntryPoint","urlTemplate":"https:\/\/oxoxclub.com\/lt\/?s={search_term_string}"},"query-input":{"@type":"PropertyValueSpecification","valueRequired":true,"valueName":"search_term_string"}}],"inLanguage":"lt-LT"},{"@type":"Organization","@id":"https:\/\/oxoxclub.com\/lt\/#organization","name":"OXOX CLUB","url":"https:\/\/oxoxclub.com\/lt\/","logo":{"@type":"ImageObject","inLanguage":"lt-LT","@id":"https:\/\/oxoxclub.com\/lt\/#\/schema\/logo\/image\/","url":"https:\/\/oxoxclub.com\/wp-content\/uploads\/oxox-logo-in-blue-4.png","contentUrl":"https:\/\/oxoxclub.com\/wp-content\/uploads\/oxox-logo-in-blue-4.png","width":414,"height":300,"caption":"OXOX CLUB"},"image":{"@id":"https:\/\/oxoxclub.com\/lt\/#\/schema\/logo\/image\/"},"sameAs":["https:\/\/facebook.com\/oxoxclub\/","https:\/\/www.instagram.com\/oxoxclub\/"]}]},"og_availability":"instock","product_availability":"instock","product_retailer_item_id":"105","product_condition":"new"},"_links":{"self":[{"href":"https:\/\/oxoxclub.com\/lt\/wp-json\/wp\/v2\/product\/70155","targetHints":{"allow":["GET"]}}],"collection":[{"href":"https:\/\/oxoxclub.com\/lt\/wp-json\/wp\/v2\/product"}],"about":[{"href":"https:\/\/oxoxclub.com\/lt\/wp-json\/wp\/v2\/types\/product"}],"replies":[{"embeddable":true,"href":"https:\/\/oxoxclub.com\/lt\/wp-json\/wp\/v2\/comments?post=70155"}],"wp:featuredmedia":[{"embeddable":true,"href":"https:\/\/oxoxclub.com\/lt\/wp-json\/wp\/v2\/media\/58190"}],"wp:attachment":[{"href":"https:\/\/oxoxclub.com\/lt\/wp-json\/wp\/v2\/media?parent=70155"}],"wp:term":[{"taxonomy":"product_brand","embeddable":true,"href":"https:\/\/oxoxclub.com\/lt\/wp-json\/wp\/v2\/product_brand?post=70155"},{"taxonomy":"product_cat","embeddable":true,"href":"https:\/\/oxoxclub.com\/lt\/wp-json\/wp\/v2\/product_cat?post=70155"},{"taxonomy":"product_tag","embeddable":true,"href":"https:\/\/oxoxclub.com\/lt\/wp-json\/wp\/v2\/product_tag?post=70155"}],"curies":[{"name":"wp","href":"https:\/\/api.w.org\/{rel}","templated":true}]}}