{"id":70540,"date":"2021-12-22T09:05:58","date_gmt":"2021-12-22T07:05:58","guid":{"rendered":"https:\/\/oxoxclub-com-486310.hostingersite.com\/products\/be-kategorijos\/pink-teddy-bucket-hat-ieva-daugirdaite\/"},"modified":"2025-05-06T20:01:30","modified_gmt":"2025-05-06T18:01:30","slug":"bukle-kepure-2","status":"publish","type":"product","link":"https:\/\/oxoxclub.com\/lt\/products\/nuolaidos\/50-lt\/bukle-kepure-2\/","title":{"rendered":"Bukle kepur\u0117"},"content":{"rendered":"<p>\u0160is drabu\u017eis sukurtas bendradarbiaujant su dizainere Ieva Daugirdaite. Tai \u017eaismingas, patogus ir universalus gaminys, skirtas kasdieniams nuotykiams.<\/p>\n<p>100% poliesteris \/ Galima skalbti skalbykl\u0117je.<\/p>\n<p>Pagaminta Lietuvoje.<\/p>\n","protected":false},"excerpt":{"rendered":"<p>\u0160is drabu\u017eis sukurtas bendradarbiaujant su dizainere Ieva Daugirdaite. Tai \u017eaismingas, patogus ir universalus gaminys, skirtas kasdieniams nuotykiams. 100% poliesteris \/ Galima skalbti skalbykl\u0117je. Pagaminta Lietuvoje.<\/p>\n","protected":false},"featured_media":56560,"comment_status":"open","ping_status":"closed","template":"","meta":[],"product_brand":[],"product_cat":[634,669,718],"product_tag":[],"class_list":{"0":"post-70540","1":"product","2":"type-product","3":"status-publish","4":"has-post-thumbnail","6":"product_cat-50-lt","7":"product_cat-ankstesniu-sezonu-kolekcijos-50-nuolaida","8":"product_cat-world-tour-ieva-daugirdaite","9":"pa_accessories-galvos-apdangalai","10":"pa_size-m-en","11":"pa_size-l-en","13":"first","14":"instock","15":"sale","16":"taxable","17":"shipping-taxable","18":"purchasable","19":"product-type-variable"},"acf":[],"yoast_head":"<!-- This site is optimized with the Yoast SEO Premium plugin v20.11 (Yoast SEO v24.3) - https:\/\/yoast.com\/wordpress\/plugins\/seo\/ -->\n<title>Bukle kepur\u0117 - OXOX<\/title>\n<meta name=\"description\" content=\"This stylish bucket hat is made of rose vegan Teddy fur, and it is perfect for the early Spring days. The hat covers the ears from the wind.\" \/>\n<meta name=\"robots\" content=\"index, follow, max-snippet:-1, max-image-preview:large, max-video-preview:-1\" \/>\n<link rel=\"canonical\" href=\"https:\/\/oxoxclub.com\/lt\/products\/nuolaidos\/50-lt\/bukle-kepure-2\/\" \/>\n<meta property=\"og:locale\" content=\"lt_LT\" \/>\n<meta property=\"og:type\" content=\"article\" \/>\n<meta property=\"og:title\" content=\"Bukle kepur\u0117\" \/>\n<meta property=\"og:description\" content=\"This stylish bucket hat is made of rose vegan Teddy fur, and it is perfect for the early Spring days. The hat covers the ears from the wind.\" \/>\n<meta property=\"og:url\" content=\"https:\/\/oxoxclub.com\/lt\/products\/nuolaidos\/50-lt\/bukle-kepure-2\/\" \/>\n<meta property=\"og:site_name\" content=\"OXOX\" \/>\n<meta property=\"article:publisher\" content=\"https:\/\/facebook.com\/oxoxclub\/\" \/>\n<meta property=\"article:modified_time\" content=\"2025-05-06T18:01:30+00:00\" \/>\n<meta property=\"og:image\" content=\"https:\/\/oxoxclub.com\/wp-content\/uploads\/MR_03031-copy.jpg\" \/>\n\t<meta property=\"og:image:width\" content=\"750\" \/>\n\t<meta property=\"og:image:height\" content=\"682\" \/>\n\t<meta property=\"og:image:type\" content=\"image\/jpeg\" \/>\n<meta name=\"twitter:card\" content=\"summary_large_image\" \/>\n<meta name=\"twitter:label1\" content=\"Availability\" \/>\n\t<meta name=\"twitter:data1\" content=\"In stock\" \/>\n<script type=\"application\/ld+json\" class=\"yoast-schema-graph\">{\"@context\":\"https:\/\/schema.org\",\"@graph\":[{\"@type\":\"WebPage\",\"@id\":\"https:\/\/oxoxclub.com\/lt\/products\/nuolaidos\/50-lt\/bukle-kepure-2\/\",\"url\":\"https:\/\/oxoxclub.com\/lt\/products\/nuolaidos\/50-lt\/bukle-kepure-2\/\",\"name\":\"Bukle kepur\u0117 - OXOX\",\"isPartOf\":{\"@id\":\"https:\/\/oxoxclub.com\/lt\/#website\"},\"primaryImageOfPage\":{\"@id\":\"https:\/\/oxoxclub.com\/lt\/products\/nuolaidos\/50-lt\/bukle-kepure-2\/#primaryimage\"},\"image\":{\"@id\":\"https:\/\/oxoxclub.com\/lt\/products\/nuolaidos\/50-lt\/bukle-kepure-2\/#primaryimage\"},\"thumbnailUrl\":\"https:\/\/oxoxclub.com\/wp-content\/uploads\/MR_03031-copy.jpg\",\"datePublished\":\"2021-12-22T07:05:58+00:00\",\"dateModified\":\"2025-05-06T18:01:30+00:00\",\"description\":\"This stylish bucket hat is made of rose vegan Teddy fur, and it is perfect for the early Spring days. The hat covers the ears from the wind.\",\"breadcrumb\":{\"@id\":\"https:\/\/oxoxclub.com\/lt\/products\/nuolaidos\/50-lt\/bukle-kepure-2\/#breadcrumb\"},\"inLanguage\":\"lt-LT\",\"potentialAction\":[{\"@type\":\"ReadAction\",\"target\":[\"https:\/\/oxoxclub.com\/lt\/products\/nuolaidos\/50-lt\/bukle-kepure-2\/\"]}]},{\"@type\":\"ImageObject\",\"inLanguage\":\"lt-LT\",\"@id\":\"https:\/\/oxoxclub.com\/lt\/products\/nuolaidos\/50-lt\/bukle-kepure-2\/#primaryimage\",\"url\":\"https:\/\/oxoxclub.com\/wp-content\/uploads\/MR_03031-copy.jpg\",\"contentUrl\":\"https:\/\/oxoxclub.com\/wp-content\/uploads\/MR_03031-copy.jpg\",\"width\":750,\"height\":682,\"caption\":\"\u0160ilta tvirtai ausis dengianti kepur\u0117\"},{\"@type\":\"BreadcrumbList\",\"@id\":\"https:\/\/oxoxclub.com\/lt\/products\/nuolaidos\/50-lt\/bukle-kepure-2\/#breadcrumb\",\"itemListElement\":[{\"@type\":\"ListItem\",\"position\":1,\"name\":\"Home\",\"item\":\"https:\/\/oxoxclub.com\/lt\/\"},{\"@type\":\"ListItem\",\"position\":2,\"name\":\"Shop\",\"item\":\"https:\/\/oxoxclub.com\/products\/\"},{\"@type\":\"ListItem\",\"position\":3,\"name\":\"Bukle kepur\u0117\"}]},{\"@type\":\"WebSite\",\"@id\":\"https:\/\/oxoxclub.com\/lt\/#website\",\"url\":\"https:\/\/oxoxclub.com\/lt\/\",\"name\":\"OXOX CLUB\",\"description\":\"On a mission of never growing up\",\"publisher\":{\"@id\":\"https:\/\/oxoxclub.com\/lt\/#organization\"},\"potentialAction\":[{\"@type\":\"SearchAction\",\"target\":{\"@type\":\"EntryPoint\",\"urlTemplate\":\"https:\/\/oxoxclub.com\/lt\/?s={search_term_string}\"},\"query-input\":{\"@type\":\"PropertyValueSpecification\",\"valueRequired\":true,\"valueName\":\"search_term_string\"}}],\"inLanguage\":\"lt-LT\"},{\"@type\":\"Organization\",\"@id\":\"https:\/\/oxoxclub.com\/lt\/#organization\",\"name\":\"OXOX CLUB\",\"url\":\"https:\/\/oxoxclub.com\/lt\/\",\"logo\":{\"@type\":\"ImageObject\",\"inLanguage\":\"lt-LT\",\"@id\":\"https:\/\/oxoxclub.com\/lt\/#\/schema\/logo\/image\/\",\"url\":\"https:\/\/oxoxclub.com\/wp-content\/uploads\/oxox-logo-in-blue-4.png\",\"contentUrl\":\"https:\/\/oxoxclub.com\/wp-content\/uploads\/oxox-logo-in-blue-4.png\",\"width\":414,\"height\":300,\"caption\":\"OXOX CLUB\"},\"image\":{\"@id\":\"https:\/\/oxoxclub.com\/lt\/#\/schema\/logo\/image\/\"},\"sameAs\":[\"https:\/\/facebook.com\/oxoxclub\/\",\"https:\/\/www.instagram.com\/oxoxclub\/\"]}]}<\/script>\n<meta property=\"og:availability\" content=\"instock\" \/>\n<meta property=\"product:availability\" content=\"instock\" \/>\n<meta property=\"product:retailer_item_id\" content=\"99.702.03\" \/>\n<meta property=\"product:condition\" content=\"new\" \/>\n<!-- \/ Yoast SEO Premium plugin. -->","yoast_head_json":{"title":"Bukle kepur\u0117 - OXOX","description":"This stylish bucket hat is made of rose vegan Teddy fur, and it is perfect for the early Spring days. The hat covers the ears from the wind.","robots":{"index":"index","follow":"follow","max-snippet":"max-snippet:-1","max-image-preview":"max-image-preview:large","max-video-preview":"max-video-preview:-1"},"canonical":"https:\/\/oxoxclub.com\/lt\/products\/nuolaidos\/50-lt\/bukle-kepure-2\/","og_locale":"lt_LT","og_type":"article","og_title":"Bukle kepur\u0117","og_description":"This stylish bucket hat is made of rose vegan Teddy fur, and it is perfect for the early Spring days. The hat covers the ears from the wind.","og_url":"https:\/\/oxoxclub.com\/lt\/products\/nuolaidos\/50-lt\/bukle-kepure-2\/","og_site_name":"OXOX","article_publisher":"https:\/\/facebook.com\/oxoxclub\/","article_modified_time":"2025-05-06T18:01:30+00:00","og_image":[{"width":750,"height":682,"url":"https:\/\/oxoxclub.com\/wp-content\/uploads\/MR_03031-copy.jpg","type":"image\/jpeg"}],"twitter_card":"summary_large_image","twitter_misc":{"Availability":"In stock"},"schema":{"@context":"https:\/\/schema.org","@graph":[{"@type":"WebPage","@id":"https:\/\/oxoxclub.com\/lt\/products\/nuolaidos\/50-lt\/bukle-kepure-2\/","url":"https:\/\/oxoxclub.com\/lt\/products\/nuolaidos\/50-lt\/bukle-kepure-2\/","name":"Bukle kepur\u0117 - OXOX","isPartOf":{"@id":"https:\/\/oxoxclub.com\/lt\/#website"},"primaryImageOfPage":{"@id":"https:\/\/oxoxclub.com\/lt\/products\/nuolaidos\/50-lt\/bukle-kepure-2\/#primaryimage"},"image":{"@id":"https:\/\/oxoxclub.com\/lt\/products\/nuolaidos\/50-lt\/bukle-kepure-2\/#primaryimage"},"thumbnailUrl":"https:\/\/oxoxclub.com\/wp-content\/uploads\/MR_03031-copy.jpg","datePublished":"2021-12-22T07:05:58+00:00","dateModified":"2025-05-06T18:01:30+00:00","description":"This stylish bucket hat is made of rose vegan Teddy fur, and it is perfect for the early Spring days. The hat covers the ears from the wind.","breadcrumb":{"@id":"https:\/\/oxoxclub.com\/lt\/products\/nuolaidos\/50-lt\/bukle-kepure-2\/#breadcrumb"},"inLanguage":"lt-LT","potentialAction":[{"@type":"ReadAction","target":["https:\/\/oxoxclub.com\/lt\/products\/nuolaidos\/50-lt\/bukle-kepure-2\/"]}]},{"@type":"ImageObject","inLanguage":"lt-LT","@id":"https:\/\/oxoxclub.com\/lt\/products\/nuolaidos\/50-lt\/bukle-kepure-2\/#primaryimage","url":"https:\/\/oxoxclub.com\/wp-content\/uploads\/MR_03031-copy.jpg","contentUrl":"https:\/\/oxoxclub.com\/wp-content\/uploads\/MR_03031-copy.jpg","width":750,"height":682,"caption":"\u0160ilta tvirtai ausis dengianti kepur\u0117"},{"@type":"BreadcrumbList","@id":"https:\/\/oxoxclub.com\/lt\/products\/nuolaidos\/50-lt\/bukle-kepure-2\/#breadcrumb","itemListElement":[{"@type":"ListItem","position":1,"name":"Home","item":"https:\/\/oxoxclub.com\/lt\/"},{"@type":"ListItem","position":2,"name":"Shop","item":"https:\/\/oxoxclub.com\/products\/"},{"@type":"ListItem","position":3,"name":"Bukle kepur\u0117"}]},{"@type":"WebSite","@id":"https:\/\/oxoxclub.com\/lt\/#website","url":"https:\/\/oxoxclub.com\/lt\/","name":"OXOX CLUB","description":"On a mission of never growing up","publisher":{"@id":"https:\/\/oxoxclub.com\/lt\/#organization"},"potentialAction":[{"@type":"SearchAction","target":{"@type":"EntryPoint","urlTemplate":"https:\/\/oxoxclub.com\/lt\/?s={search_term_string}"},"query-input":{"@type":"PropertyValueSpecification","valueRequired":true,"valueName":"search_term_string"}}],"inLanguage":"lt-LT"},{"@type":"Organization","@id":"https:\/\/oxoxclub.com\/lt\/#organization","name":"OXOX CLUB","url":"https:\/\/oxoxclub.com\/lt\/","logo":{"@type":"ImageObject","inLanguage":"lt-LT","@id":"https:\/\/oxoxclub.com\/lt\/#\/schema\/logo\/image\/","url":"https:\/\/oxoxclub.com\/wp-content\/uploads\/oxox-logo-in-blue-4.png","contentUrl":"https:\/\/oxoxclub.com\/wp-content\/uploads\/oxox-logo-in-blue-4.png","width":414,"height":300,"caption":"OXOX CLUB"},"image":{"@id":"https:\/\/oxoxclub.com\/lt\/#\/schema\/logo\/image\/"},"sameAs":["https:\/\/facebook.com\/oxoxclub\/","https:\/\/www.instagram.com\/oxoxclub\/"]}]},"og_availability":"instock","product_availability":"instock","product_retailer_item_id":"99.702.03","product_condition":"new"},"_links":{"self":[{"href":"https:\/\/oxoxclub.com\/lt\/wp-json\/wp\/v2\/product\/70540","targetHints":{"allow":["GET"]}}],"collection":[{"href":"https:\/\/oxoxclub.com\/lt\/wp-json\/wp\/v2\/product"}],"about":[{"href":"https:\/\/oxoxclub.com\/lt\/wp-json\/wp\/v2\/types\/product"}],"replies":[{"embeddable":true,"href":"https:\/\/oxoxclub.com\/lt\/wp-json\/wp\/v2\/comments?post=70540"}],"wp:featuredmedia":[{"embeddable":true,"href":"https:\/\/oxoxclub.com\/lt\/wp-json\/wp\/v2\/media\/56560"}],"wp:attachment":[{"href":"https:\/\/oxoxclub.com\/lt\/wp-json\/wp\/v2\/media?parent=70540"}],"wp:term":[{"taxonomy":"product_brand","embeddable":true,"href":"https:\/\/oxoxclub.com\/lt\/wp-json\/wp\/v2\/product_brand?post=70540"},{"taxonomy":"product_cat","embeddable":true,"href":"https:\/\/oxoxclub.com\/lt\/wp-json\/wp\/v2\/product_cat?post=70540"},{"taxonomy":"product_tag","embeddable":true,"href":"https:\/\/oxoxclub.com\/lt\/wp-json\/wp\/v2\/product_tag?post=70540"}],"curies":[{"name":"wp","href":"https:\/\/api.w.org\/{rel}","templated":true}]}}