{"id":71531,"date":"2025-04-01T08:57:58","date_gmt":"2025-04-01T06:57:58","guid":{"rendered":"https:\/\/oxoxclub-com-486310.hostingersite.com\/?post_type=product&#038;p=71531"},"modified":"2026-01-05T15:57:03","modified_gmt":"2026-01-05T13:57:03","slug":"zalsvos-siuvinetos-face-kelnes","status":"publish","type":"product","link":"https:\/\/oxoxclub.com\/lt\/products\/kelnes-ir-sortai\/zalsvos-siuvinetos-face-kelnes\/","title":{"rendered":"Siuvin\u0117tos \u201eFace\u201c keln\u0117s"},"content":{"rendered":"<p>Jei nori i\u0161siskirti i\u0161 minios, \u0161ios keln\u0117s yra tai! Pasi\u016btos i\u0161 tvirtos medviln\u0117s, su reguliuojama juosmens juostele ir ak\u012f traukian\u010diu \u201eFace\u201c siuvin\u0117jimu. Derink jas su padidinto silueto \u0161varkeliu ir dry\u017euotais mar\u0161kin\u0117liais k\u016brybingam miesto \u012fvaizd\u017eiui.<\/p>\n<p>100% medviln\u0117 \/ Galima skalbti skalbykl\u0117je.<\/p>\n<p>Pagaminta Lietuvoje.<\/p>\n<p>Mia yra 120 cm \u016bgio ir d\u0117vi 5\u20136 met\u0173 dyd\u012f.<\/p>\n","protected":false},"excerpt":{"rendered":"<p>Jei nori i\u0161siskirti i\u0161 minios, \u0161ios keln\u0117s yra tai! Pasi\u016btos i\u0161 tvirtos medviln\u0117s, su reguliuojama juosmens juostele ir ak\u012f traukian\u010diu \u201eFace\u201c siuvin\u0117jimu. Derink jas su padidinto silueto \u0161varkeliu ir dry\u017euotais mar\u0161kin\u0117liais k\u016brybingam miesto \u012fvaizd\u017eiui. 100% medviln\u0117 \/ Galima skalbti skalbykl\u0117je. Pagaminta Lietuvoje. Mia yra 120 cm \u016bgio ir d\u0117vi 5\u20136 met\u0173 dyd\u012f.<\/p>\n","protected":false},"featured_media":63974,"comment_status":"open","ping_status":"closed","template":"","meta":[],"product_brand":[],"product_cat":[659,657,804,806],"product_tag":[],"class_list":{"0":"post-71531","1":"product","2":"type-product","3":"status-publish","4":"has-post-thumbnail","6":"product_cat-kelnes","7":"product_cat-kelnes-ir-sortai","8":"product_cat-mylimiausi","9":"product_cat-pavasario-favoritai","10":"pa_size-chart-86-92-en","11":"pa_size-chart-98-104-en","12":"pa_size-chart-110-116-en","13":"pa_size-chart-122-128-en","14":"pa_size-chart-134-140-en","15":"pa_size-chart-146-152-en","16":"pa_sweatpants-kelnes","18":"first","19":"instock","20":"taxable","21":"shipping-taxable","22":"purchasable","23":"product-type-variable"},"acf":[],"yoast_head":"<!-- This site is optimized with the Yoast SEO Premium plugin v20.11 (Yoast SEO v24.3) - https:\/\/yoast.com\/wordpress\/plugins\/seo\/ -->\n<title>Siuvin\u0117tos \u201eFace\u201c keln\u0117s - OXOX<\/title>\n<meta name=\"robots\" content=\"index, follow, max-snippet:-1, max-image-preview:large, max-video-preview:-1\" \/>\n<link rel=\"canonical\" href=\"https:\/\/oxoxclub.com\/lt\/products\/kelnes-ir-sortai\/zalsvos-siuvinetos-face-kelnes\/\" \/>\n<meta property=\"og:locale\" content=\"lt_LT\" \/>\n<meta property=\"og:type\" content=\"article\" \/>\n<meta property=\"og:title\" content=\"Siuvin\u0117tos \u201eFace\u201c keln\u0117s\" \/>\n<meta property=\"og:description\" content=\"Jei nori i\u0161siskirti i\u0161 minios, \u0161ios keln\u0117s yra tai! Pasi\u016btos i\u0161 tvirtos medviln\u0117s, su reguliuojama juosmens juostele ir ak\u012f traukian\u010diu \u201eFace\u201c siuvin\u0117jimu. Derink jas su padidinto silueto \u0161varkeliu ir dry\u017euotais mar\u0161kin\u0117liais k\u016brybingam miesto \u012fvaizd\u017eiui. 100% medviln\u0117 \/ Galima skalbti skalbykl\u0117je. Pagaminta Lietuvoje. Mia yra 120 cm \u016bgio ir d\u0117vi 5\u20136 met\u0173 dyd\u012f.\" \/>\n<meta property=\"og:url\" content=\"https:\/\/oxoxclub.com\/lt\/products\/kelnes-ir-sortai\/zalsvos-siuvinetos-face-kelnes\/\" \/>\n<meta property=\"og:site_name\" content=\"OXOX\" \/>\n<meta property=\"article:publisher\" content=\"https:\/\/facebook.com\/oxoxclub\/\" \/>\n<meta property=\"article:modified_time\" content=\"2026-01-05T13:57:03+00:00\" \/>\n<meta property=\"og:image\" content=\"https:\/\/oxoxclub.com\/wp-content\/uploads\/oxox-lookbook-SS25-05392-scaled.jpg\" \/>\n\t<meta property=\"og:image:width\" content=\"1703\" \/>\n\t<meta property=\"og:image:height\" content=\"2560\" \/>\n\t<meta property=\"og:image:type\" content=\"image\/jpeg\" \/>\n<meta name=\"twitter:card\" content=\"summary_large_image\" \/>\n<meta name=\"twitter:label1\" content=\"Availability\" \/>\n\t<meta name=\"twitter:data1\" content=\"In stock\" \/>\n<script type=\"application\/ld+json\" class=\"yoast-schema-graph\">{\"@context\":\"https:\/\/schema.org\",\"@graph\":[{\"@type\":\"WebPage\",\"@id\":\"https:\/\/oxoxclub.com\/lt\/products\/kelnes-ir-sortai\/zalsvos-siuvinetos-face-kelnes\/\",\"url\":\"https:\/\/oxoxclub.com\/lt\/products\/kelnes-ir-sortai\/zalsvos-siuvinetos-face-kelnes\/\",\"name\":\"Siuvin\u0117tos \u201eFace\u201c keln\u0117s - OXOX\",\"isPartOf\":{\"@id\":\"https:\/\/oxoxclub.com\/lt\/#website\"},\"primaryImageOfPage\":{\"@id\":\"https:\/\/oxoxclub.com\/lt\/products\/kelnes-ir-sortai\/zalsvos-siuvinetos-face-kelnes\/#primaryimage\"},\"image\":{\"@id\":\"https:\/\/oxoxclub.com\/lt\/products\/kelnes-ir-sortai\/zalsvos-siuvinetos-face-kelnes\/#primaryimage\"},\"thumbnailUrl\":\"https:\/\/oxoxclub.com\/wp-content\/uploads\/oxox-lookbook-SS25-05392-scaled.jpg\",\"datePublished\":\"2025-04-01T06:57:58+00:00\",\"dateModified\":\"2026-01-05T13:57:03+00:00\",\"breadcrumb\":{\"@id\":\"https:\/\/oxoxclub.com\/lt\/products\/kelnes-ir-sortai\/zalsvos-siuvinetos-face-kelnes\/#breadcrumb\"},\"inLanguage\":\"lt-LT\",\"potentialAction\":[{\"@type\":\"ReadAction\",\"target\":[\"https:\/\/oxoxclub.com\/lt\/products\/kelnes-ir-sortai\/zalsvos-siuvinetos-face-kelnes\/\"]}]},{\"@type\":\"ImageObject\",\"inLanguage\":\"lt-LT\",\"@id\":\"https:\/\/oxoxclub.com\/lt\/products\/kelnes-ir-sortai\/zalsvos-siuvinetos-face-kelnes\/#primaryimage\",\"url\":\"https:\/\/oxoxclub.com\/wp-content\/uploads\/oxox-lookbook-SS25-05392-scaled.jpg\",\"contentUrl\":\"https:\/\/oxoxclub.com\/wp-content\/uploads\/oxox-lookbook-SS25-05392-scaled.jpg\",\"width\":1703,\"height\":2560},{\"@type\":\"BreadcrumbList\",\"@id\":\"https:\/\/oxoxclub.com\/lt\/products\/kelnes-ir-sortai\/zalsvos-siuvinetos-face-kelnes\/#breadcrumb\",\"itemListElement\":[{\"@type\":\"ListItem\",\"position\":1,\"name\":\"Home\",\"item\":\"https:\/\/oxoxclub.com\/lt\/\"},{\"@type\":\"ListItem\",\"position\":2,\"name\":\"Shop\",\"item\":\"https:\/\/oxoxclub.com\/products\/\"},{\"@type\":\"ListItem\",\"position\":3,\"name\":\"Siuvin\u0117tos \u201eFace\u201c keln\u0117s\"}]},{\"@type\":\"WebSite\",\"@id\":\"https:\/\/oxoxclub.com\/lt\/#website\",\"url\":\"https:\/\/oxoxclub.com\/lt\/\",\"name\":\"OXOX CLUB\",\"description\":\"On a mission of never growing up\",\"publisher\":{\"@id\":\"https:\/\/oxoxclub.com\/lt\/#organization\"},\"potentialAction\":[{\"@type\":\"SearchAction\",\"target\":{\"@type\":\"EntryPoint\",\"urlTemplate\":\"https:\/\/oxoxclub.com\/lt\/?s={search_term_string}\"},\"query-input\":{\"@type\":\"PropertyValueSpecification\",\"valueRequired\":true,\"valueName\":\"search_term_string\"}}],\"inLanguage\":\"lt-LT\"},{\"@type\":\"Organization\",\"@id\":\"https:\/\/oxoxclub.com\/lt\/#organization\",\"name\":\"OXOX CLUB\",\"url\":\"https:\/\/oxoxclub.com\/lt\/\",\"logo\":{\"@type\":\"ImageObject\",\"inLanguage\":\"lt-LT\",\"@id\":\"https:\/\/oxoxclub.com\/lt\/#\/schema\/logo\/image\/\",\"url\":\"https:\/\/oxoxclub.com\/wp-content\/uploads\/oxox-logo-in-blue-4.png\",\"contentUrl\":\"https:\/\/oxoxclub.com\/wp-content\/uploads\/oxox-logo-in-blue-4.png\",\"width\":414,\"height\":300,\"caption\":\"OXOX CLUB\"},\"image\":{\"@id\":\"https:\/\/oxoxclub.com\/lt\/#\/schema\/logo\/image\/\"},\"sameAs\":[\"https:\/\/facebook.com\/oxoxclub\/\",\"https:\/\/www.instagram.com\/oxoxclub\/\"]}]}<\/script>\n<meta property=\"og:availability\" content=\"instock\" \/>\n<meta property=\"product:availability\" content=\"instock\" \/>\n<meta property=\"product:retailer_item_id\" content=\"30.211.38\" \/>\n<meta property=\"product:condition\" content=\"new\" \/>\n<!-- \/ Yoast SEO Premium plugin. -->","yoast_head_json":{"title":"Siuvin\u0117tos \u201eFace\u201c keln\u0117s - OXOX","robots":{"index":"index","follow":"follow","max-snippet":"max-snippet:-1","max-image-preview":"max-image-preview:large","max-video-preview":"max-video-preview:-1"},"canonical":"https:\/\/oxoxclub.com\/lt\/products\/kelnes-ir-sortai\/zalsvos-siuvinetos-face-kelnes\/","og_locale":"lt_LT","og_type":"article","og_title":"Siuvin\u0117tos \u201eFace\u201c keln\u0117s","og_description":"Jei nori i\u0161siskirti i\u0161 minios, \u0161ios keln\u0117s yra tai! Pasi\u016btos i\u0161 tvirtos medviln\u0117s, su reguliuojama juosmens juostele ir ak\u012f traukian\u010diu \u201eFace\u201c siuvin\u0117jimu. Derink jas su padidinto silueto \u0161varkeliu ir dry\u017euotais mar\u0161kin\u0117liais k\u016brybingam miesto \u012fvaizd\u017eiui. 100% medviln\u0117 \/ Galima skalbti skalbykl\u0117je. Pagaminta Lietuvoje. Mia yra 120 cm \u016bgio ir d\u0117vi 5\u20136 met\u0173 dyd\u012f.","og_url":"https:\/\/oxoxclub.com\/lt\/products\/kelnes-ir-sortai\/zalsvos-siuvinetos-face-kelnes\/","og_site_name":"OXOX","article_publisher":"https:\/\/facebook.com\/oxoxclub\/","article_modified_time":"2026-01-05T13:57:03+00:00","og_image":[{"width":1703,"height":2560,"url":"https:\/\/oxoxclub.com\/wp-content\/uploads\/oxox-lookbook-SS25-05392-scaled.jpg","type":"image\/jpeg"}],"twitter_card":"summary_large_image","twitter_misc":{"Availability":"In stock"},"schema":{"@context":"https:\/\/schema.org","@graph":[{"@type":"WebPage","@id":"https:\/\/oxoxclub.com\/lt\/products\/kelnes-ir-sortai\/zalsvos-siuvinetos-face-kelnes\/","url":"https:\/\/oxoxclub.com\/lt\/products\/kelnes-ir-sortai\/zalsvos-siuvinetos-face-kelnes\/","name":"Siuvin\u0117tos \u201eFace\u201c keln\u0117s - OXOX","isPartOf":{"@id":"https:\/\/oxoxclub.com\/lt\/#website"},"primaryImageOfPage":{"@id":"https:\/\/oxoxclub.com\/lt\/products\/kelnes-ir-sortai\/zalsvos-siuvinetos-face-kelnes\/#primaryimage"},"image":{"@id":"https:\/\/oxoxclub.com\/lt\/products\/kelnes-ir-sortai\/zalsvos-siuvinetos-face-kelnes\/#primaryimage"},"thumbnailUrl":"https:\/\/oxoxclub.com\/wp-content\/uploads\/oxox-lookbook-SS25-05392-scaled.jpg","datePublished":"2025-04-01T06:57:58+00:00","dateModified":"2026-01-05T13:57:03+00:00","breadcrumb":{"@id":"https:\/\/oxoxclub.com\/lt\/products\/kelnes-ir-sortai\/zalsvos-siuvinetos-face-kelnes\/#breadcrumb"},"inLanguage":"lt-LT","potentialAction":[{"@type":"ReadAction","target":["https:\/\/oxoxclub.com\/lt\/products\/kelnes-ir-sortai\/zalsvos-siuvinetos-face-kelnes\/"]}]},{"@type":"ImageObject","inLanguage":"lt-LT","@id":"https:\/\/oxoxclub.com\/lt\/products\/kelnes-ir-sortai\/zalsvos-siuvinetos-face-kelnes\/#primaryimage","url":"https:\/\/oxoxclub.com\/wp-content\/uploads\/oxox-lookbook-SS25-05392-scaled.jpg","contentUrl":"https:\/\/oxoxclub.com\/wp-content\/uploads\/oxox-lookbook-SS25-05392-scaled.jpg","width":1703,"height":2560},{"@type":"BreadcrumbList","@id":"https:\/\/oxoxclub.com\/lt\/products\/kelnes-ir-sortai\/zalsvos-siuvinetos-face-kelnes\/#breadcrumb","itemListElement":[{"@type":"ListItem","position":1,"name":"Home","item":"https:\/\/oxoxclub.com\/lt\/"},{"@type":"ListItem","position":2,"name":"Shop","item":"https:\/\/oxoxclub.com\/products\/"},{"@type":"ListItem","position":3,"name":"Siuvin\u0117tos \u201eFace\u201c keln\u0117s"}]},{"@type":"WebSite","@id":"https:\/\/oxoxclub.com\/lt\/#website","url":"https:\/\/oxoxclub.com\/lt\/","name":"OXOX CLUB","description":"On a mission of never growing up","publisher":{"@id":"https:\/\/oxoxclub.com\/lt\/#organization"},"potentialAction":[{"@type":"SearchAction","target":{"@type":"EntryPoint","urlTemplate":"https:\/\/oxoxclub.com\/lt\/?s={search_term_string}"},"query-input":{"@type":"PropertyValueSpecification","valueRequired":true,"valueName":"search_term_string"}}],"inLanguage":"lt-LT"},{"@type":"Organization","@id":"https:\/\/oxoxclub.com\/lt\/#organization","name":"OXOX CLUB","url":"https:\/\/oxoxclub.com\/lt\/","logo":{"@type":"ImageObject","inLanguage":"lt-LT","@id":"https:\/\/oxoxclub.com\/lt\/#\/schema\/logo\/image\/","url":"https:\/\/oxoxclub.com\/wp-content\/uploads\/oxox-logo-in-blue-4.png","contentUrl":"https:\/\/oxoxclub.com\/wp-content\/uploads\/oxox-logo-in-blue-4.png","width":414,"height":300,"caption":"OXOX CLUB"},"image":{"@id":"https:\/\/oxoxclub.com\/lt\/#\/schema\/logo\/image\/"},"sameAs":["https:\/\/facebook.com\/oxoxclub\/","https:\/\/www.instagram.com\/oxoxclub\/"]}]},"og_availability":"instock","product_availability":"instock","product_retailer_item_id":"30.211.38","product_condition":"new"},"_links":{"self":[{"href":"https:\/\/oxoxclub.com\/lt\/wp-json\/wp\/v2\/product\/71531","targetHints":{"allow":["GET"]}}],"collection":[{"href":"https:\/\/oxoxclub.com\/lt\/wp-json\/wp\/v2\/product"}],"about":[{"href":"https:\/\/oxoxclub.com\/lt\/wp-json\/wp\/v2\/types\/product"}],"replies":[{"embeddable":true,"href":"https:\/\/oxoxclub.com\/lt\/wp-json\/wp\/v2\/comments?post=71531"}],"wp:featuredmedia":[{"embeddable":true,"href":"https:\/\/oxoxclub.com\/lt\/wp-json\/wp\/v2\/media\/63974"}],"wp:attachment":[{"href":"https:\/\/oxoxclub.com\/lt\/wp-json\/wp\/v2\/media?parent=71531"}],"wp:term":[{"taxonomy":"product_brand","embeddable":true,"href":"https:\/\/oxoxclub.com\/lt\/wp-json\/wp\/v2\/product_brand?post=71531"},{"taxonomy":"product_cat","embeddable":true,"href":"https:\/\/oxoxclub.com\/lt\/wp-json\/wp\/v2\/product_cat?post=71531"},{"taxonomy":"product_tag","embeddable":true,"href":"https:\/\/oxoxclub.com\/lt\/wp-json\/wp\/v2\/product_tag?post=71531"}],"curies":[{"name":"wp","href":"https:\/\/api.w.org\/{rel}","templated":true}]}}