{"id":73293,"date":"2025-07-23T10:43:16","date_gmt":"2025-07-23T08:43:16","guid":{"rendered":"https:\/\/oxoxclub-com-486310.hostingersite.com\/?post_type=product&#038;p=73293"},"modified":"2025-10-28T13:27:05","modified_gmt":"2025-10-28T11:27:05","slug":"plonas-pripuciamas-plaukimo-ratas","status":"publish","type":"product","link":"https:\/\/oxoxclub.com\/lt\/products\/draugai-lt\/plonas-pripuciamas-plaukimo-ratas\/","title":{"rendered":"Sunny Life Pripu\u010diamas Plaukimo Ratas"},"content":{"rendered":"<p data-start=\"120\" data-end=\"260\">Tobulas aksesuaras saul\u0117toms pramogoms \u2013 atsipalaiduokite ir m\u0117gaukit\u0117s pl\u016bduriavimu!<\/p>\n<p data-start=\"262\" data-end=\"363\">Plonas dizainas suteikia daugiau vietos poilsiui, o dvi rankenos leid\u017eia patogiai suimti ir ne\u0161iotis.<\/p>\n<p data-start=\"365\" data-end=\"408\">Pridedamas taisymo lopas prad\u016brim\u0173 atvejui.<\/p>\n<p data-start=\"410\" data-end=\"461\">Pagamintas i\u0161 patvaraus, netoksi\u0161ko PVC be ftalat\u0173.<\/p>\n<p data-start=\"463\" data-end=\"563\">M\u016bs\u0173 pripu\u010diami \u017eaislai turi svarbius saugos \u012fsp\u0117jimus, kurie gali b\u016bti nematomi visose nuotraukose.<\/p>\n<p data-start=\"565\" data-end=\"675\">Tai n\u0117ra gelb\u0117jimosi priemon\u0117 \u2013 naudoti tik nuolatin\u0117je atsakingo asmens prie\u017ei\u016broje. Negalima nerti ar \u0161okti.<\/p>\n<p data-start=\"677\" data-end=\"788\">Gaminio i\u0161matavimai:<br data-start=\"701\" data-end=\"704\" \/>Ilgis 90 \u00d7 Plotis 90 \u00d7 Auk\u0161tis 90 cm | Ilgis 35,43 \u00d7 Plotis 35,43 \u00d7 Auk\u0161tis 35,43 in<\/p>\n<p data-start=\"790\" data-end=\"823\">Maks. svoris: 60 kg \/ 132 lbs<\/p>\n","protected":false},"excerpt":{"rendered":"<p>Tobulas aksesuaras saul\u0117toms pramogoms \u2013 atsipalaiduokite ir m\u0117gaukit\u0117s pl\u016bduriavimu! Plonas dizainas suteikia daugiau vietos poilsiui, o dvi rankenos leid\u017eia patogiai suimti ir ne\u0161iotis. Pridedamas taisymo lopas prad\u016brim\u0173 atvejui. Pagamintas i\u0161 patvaraus, netoksi\u0161ko PVC be ftalat\u0173. M\u016bs\u0173 pripu\u010diami \u017eaislai turi svarbius saugos \u012fsp\u0117jimus, kurie gali b\u016bti nematomi visose nuotraukose. Tai n\u0117ra gelb\u0117jimosi priemon\u0117 \u2013 naudoti tik [&hellip;]<\/p>\n","protected":false},"featured_media":73288,"comment_status":"open","ping_status":"closed","template":"","meta":[],"product_brand":[],"product_cat":[712,636,790],"product_tag":[],"class_list":{"0":"post-73293","1":"product","2":"type-product","3":"status-publish","4":"has-post-thumbnail","6":"product_cat-atrinkti-prekes-zenklai","7":"product_cat-draugai-lt","8":"product_cat-sunny-life-kids-lt","9":"pa_accessories-kita","10":"pa_size-one-size","12":"first","13":"instock","14":"taxable","15":"shipping-taxable","16":"purchasable","17":"product-type-variable"},"acf":[],"yoast_head":"<!-- This site is optimized with the Yoast SEO Premium plugin v20.11 (Yoast SEO v24.3) - https:\/\/yoast.com\/wordpress\/plugins\/seo\/ -->\n<title>Sunny Life Pripu\u010diamas Plaukimo Ratas - OXOX<\/title>\n<meta name=\"robots\" content=\"index, follow, max-snippet:-1, max-image-preview:large, max-video-preview:-1\" \/>\n<link rel=\"canonical\" href=\"https:\/\/oxoxclub.com\/lt\/products\/draugai-lt\/plonas-pripuciamas-plaukimo-ratas\/\" \/>\n<meta property=\"og:locale\" content=\"lt_LT\" \/>\n<meta property=\"og:type\" content=\"article\" \/>\n<meta property=\"og:title\" content=\"Sunny Life Pripu\u010diamas Plaukimo Ratas\" \/>\n<meta property=\"og:description\" content=\"Tobulas aksesuaras saul\u0117toms pramogoms \u2013 atsipalaiduokite ir m\u0117gaukit\u0117s pl\u016bduriavimu! Plonas dizainas suteikia daugiau vietos poilsiui, o dvi rankenos leid\u017eia patogiai suimti ir ne\u0161iotis. Pridedamas taisymo lopas prad\u016brim\u0173 atvejui. Pagamintas i\u0161 patvaraus, netoksi\u0161ko PVC be ftalat\u0173. M\u016bs\u0173 pripu\u010diami \u017eaislai turi svarbius saugos \u012fsp\u0117jimus, kurie gali b\u016bti nematomi visose nuotraukose. Tai n\u0117ra gelb\u0117jimosi priemon\u0117 \u2013 naudoti tik [&hellip;]\" \/>\n<meta property=\"og:url\" content=\"https:\/\/oxoxclub.com\/lt\/products\/draugai-lt\/plonas-pripuciamas-plaukimo-ratas\/\" \/>\n<meta property=\"og:site_name\" content=\"OXOX\" \/>\n<meta property=\"article:publisher\" content=\"https:\/\/facebook.com\/oxoxclub\/\" \/>\n<meta property=\"article:modified_time\" content=\"2025-10-28T11:27:05+00:00\" \/>\n<meta property=\"og:image\" content=\"https:\/\/oxoxclub.com\/wp-content\/uploads\/poolring.jpg\" \/>\n\t<meta property=\"og:image:width\" content=\"1022\" \/>\n\t<meta property=\"og:image:height\" content=\"1536\" \/>\n\t<meta property=\"og:image:type\" content=\"image\/jpeg\" \/>\n<meta name=\"twitter:card\" content=\"summary_large_image\" \/>\n<meta name=\"twitter:label1\" content=\"Availability\" \/>\n\t<meta name=\"twitter:data1\" content=\"In stock\" \/>\n<script type=\"application\/ld+json\" class=\"yoast-schema-graph\">{\"@context\":\"https:\/\/schema.org\",\"@graph\":[{\"@type\":\"WebPage\",\"@id\":\"https:\/\/oxoxclub.com\/lt\/products\/draugai-lt\/plonas-pripuciamas-plaukimo-ratas\/\",\"url\":\"https:\/\/oxoxclub.com\/lt\/products\/draugai-lt\/plonas-pripuciamas-plaukimo-ratas\/\",\"name\":\"Sunny Life Pripu\u010diamas Plaukimo Ratas - OXOX\",\"isPartOf\":{\"@id\":\"https:\/\/oxoxclub.com\/lt\/#website\"},\"primaryImageOfPage\":{\"@id\":\"https:\/\/oxoxclub.com\/lt\/products\/draugai-lt\/plonas-pripuciamas-plaukimo-ratas\/#primaryimage\"},\"image\":{\"@id\":\"https:\/\/oxoxclub.com\/lt\/products\/draugai-lt\/plonas-pripuciamas-plaukimo-ratas\/#primaryimage\"},\"thumbnailUrl\":\"https:\/\/oxoxclub.com\/wp-content\/uploads\/poolring.jpg\",\"datePublished\":\"2025-07-23T08:43:16+00:00\",\"dateModified\":\"2025-10-28T11:27:05+00:00\",\"breadcrumb\":{\"@id\":\"https:\/\/oxoxclub.com\/lt\/products\/draugai-lt\/plonas-pripuciamas-plaukimo-ratas\/#breadcrumb\"},\"inLanguage\":\"lt-LT\",\"potentialAction\":[{\"@type\":\"ReadAction\",\"target\":[\"https:\/\/oxoxclub.com\/lt\/products\/draugai-lt\/plonas-pripuciamas-plaukimo-ratas\/\"]}]},{\"@type\":\"ImageObject\",\"inLanguage\":\"lt-LT\",\"@id\":\"https:\/\/oxoxclub.com\/lt\/products\/draugai-lt\/plonas-pripuciamas-plaukimo-ratas\/#primaryimage\",\"url\":\"https:\/\/oxoxclub.com\/wp-content\/uploads\/poolring.jpg\",\"contentUrl\":\"https:\/\/oxoxclub.com\/wp-content\/uploads\/poolring.jpg\",\"width\":1022,\"height\":1536},{\"@type\":\"BreadcrumbList\",\"@id\":\"https:\/\/oxoxclub.com\/lt\/products\/draugai-lt\/plonas-pripuciamas-plaukimo-ratas\/#breadcrumb\",\"itemListElement\":[{\"@type\":\"ListItem\",\"position\":1,\"name\":\"Home\",\"item\":\"https:\/\/oxoxclub.com\/lt\/\"},{\"@type\":\"ListItem\",\"position\":2,\"name\":\"Shop\",\"item\":\"https:\/\/oxoxclub.com\/products\/\"},{\"@type\":\"ListItem\",\"position\":3,\"name\":\"Sunny Life Pripu\u010diamas Plaukimo Ratas\"}]},{\"@type\":\"WebSite\",\"@id\":\"https:\/\/oxoxclub.com\/lt\/#website\",\"url\":\"https:\/\/oxoxclub.com\/lt\/\",\"name\":\"OXOX CLUB\",\"description\":\"On a mission of never growing up\",\"publisher\":{\"@id\":\"https:\/\/oxoxclub.com\/lt\/#organization\"},\"potentialAction\":[{\"@type\":\"SearchAction\",\"target\":{\"@type\":\"EntryPoint\",\"urlTemplate\":\"https:\/\/oxoxclub.com\/lt\/?s={search_term_string}\"},\"query-input\":{\"@type\":\"PropertyValueSpecification\",\"valueRequired\":true,\"valueName\":\"search_term_string\"}}],\"inLanguage\":\"lt-LT\"},{\"@type\":\"Organization\",\"@id\":\"https:\/\/oxoxclub.com\/lt\/#organization\",\"name\":\"OXOX CLUB\",\"url\":\"https:\/\/oxoxclub.com\/lt\/\",\"logo\":{\"@type\":\"ImageObject\",\"inLanguage\":\"lt-LT\",\"@id\":\"https:\/\/oxoxclub.com\/lt\/#\/schema\/logo\/image\/\",\"url\":\"https:\/\/oxoxclub.com\/wp-content\/uploads\/oxox-logo-in-blue-4.png\",\"contentUrl\":\"https:\/\/oxoxclub.com\/wp-content\/uploads\/oxox-logo-in-blue-4.png\",\"width\":414,\"height\":300,\"caption\":\"OXOX CLUB\"},\"image\":{\"@id\":\"https:\/\/oxoxclub.com\/lt\/#\/schema\/logo\/image\/\"},\"sameAs\":[\"https:\/\/facebook.com\/oxoxclub\/\",\"https:\/\/www.instagram.com\/oxoxclub\/\"]}]}<\/script>\n<meta property=\"og:availability\" content=\"instock\" \/>\n<meta property=\"product:availability\" content=\"instock\" \/>\n<meta property=\"product:retailer_item_id\" content=\"S51GINML-1\" \/>\n<meta property=\"product:condition\" content=\"new\" \/>\n<!-- \/ Yoast SEO Premium plugin. -->","yoast_head_json":{"title":"Sunny Life Pripu\u010diamas Plaukimo Ratas - OXOX","robots":{"index":"index","follow":"follow","max-snippet":"max-snippet:-1","max-image-preview":"max-image-preview:large","max-video-preview":"max-video-preview:-1"},"canonical":"https:\/\/oxoxclub.com\/lt\/products\/draugai-lt\/plonas-pripuciamas-plaukimo-ratas\/","og_locale":"lt_LT","og_type":"article","og_title":"Sunny Life Pripu\u010diamas Plaukimo Ratas","og_description":"Tobulas aksesuaras saul\u0117toms pramogoms \u2013 atsipalaiduokite ir m\u0117gaukit\u0117s pl\u016bduriavimu! Plonas dizainas suteikia daugiau vietos poilsiui, o dvi rankenos leid\u017eia patogiai suimti ir ne\u0161iotis. Pridedamas taisymo lopas prad\u016brim\u0173 atvejui. Pagamintas i\u0161 patvaraus, netoksi\u0161ko PVC be ftalat\u0173. M\u016bs\u0173 pripu\u010diami \u017eaislai turi svarbius saugos \u012fsp\u0117jimus, kurie gali b\u016bti nematomi visose nuotraukose. Tai n\u0117ra gelb\u0117jimosi priemon\u0117 \u2013 naudoti tik [&hellip;]","og_url":"https:\/\/oxoxclub.com\/lt\/products\/draugai-lt\/plonas-pripuciamas-plaukimo-ratas\/","og_site_name":"OXOX","article_publisher":"https:\/\/facebook.com\/oxoxclub\/","article_modified_time":"2025-10-28T11:27:05+00:00","og_image":[{"width":1022,"height":1536,"url":"https:\/\/oxoxclub.com\/wp-content\/uploads\/poolring.jpg","type":"image\/jpeg"}],"twitter_card":"summary_large_image","twitter_misc":{"Availability":"In stock"},"schema":{"@context":"https:\/\/schema.org","@graph":[{"@type":"WebPage","@id":"https:\/\/oxoxclub.com\/lt\/products\/draugai-lt\/plonas-pripuciamas-plaukimo-ratas\/","url":"https:\/\/oxoxclub.com\/lt\/products\/draugai-lt\/plonas-pripuciamas-plaukimo-ratas\/","name":"Sunny Life Pripu\u010diamas Plaukimo Ratas - OXOX","isPartOf":{"@id":"https:\/\/oxoxclub.com\/lt\/#website"},"primaryImageOfPage":{"@id":"https:\/\/oxoxclub.com\/lt\/products\/draugai-lt\/plonas-pripuciamas-plaukimo-ratas\/#primaryimage"},"image":{"@id":"https:\/\/oxoxclub.com\/lt\/products\/draugai-lt\/plonas-pripuciamas-plaukimo-ratas\/#primaryimage"},"thumbnailUrl":"https:\/\/oxoxclub.com\/wp-content\/uploads\/poolring.jpg","datePublished":"2025-07-23T08:43:16+00:00","dateModified":"2025-10-28T11:27:05+00:00","breadcrumb":{"@id":"https:\/\/oxoxclub.com\/lt\/products\/draugai-lt\/plonas-pripuciamas-plaukimo-ratas\/#breadcrumb"},"inLanguage":"lt-LT","potentialAction":[{"@type":"ReadAction","target":["https:\/\/oxoxclub.com\/lt\/products\/draugai-lt\/plonas-pripuciamas-plaukimo-ratas\/"]}]},{"@type":"ImageObject","inLanguage":"lt-LT","@id":"https:\/\/oxoxclub.com\/lt\/products\/draugai-lt\/plonas-pripuciamas-plaukimo-ratas\/#primaryimage","url":"https:\/\/oxoxclub.com\/wp-content\/uploads\/poolring.jpg","contentUrl":"https:\/\/oxoxclub.com\/wp-content\/uploads\/poolring.jpg","width":1022,"height":1536},{"@type":"BreadcrumbList","@id":"https:\/\/oxoxclub.com\/lt\/products\/draugai-lt\/plonas-pripuciamas-plaukimo-ratas\/#breadcrumb","itemListElement":[{"@type":"ListItem","position":1,"name":"Home","item":"https:\/\/oxoxclub.com\/lt\/"},{"@type":"ListItem","position":2,"name":"Shop","item":"https:\/\/oxoxclub.com\/products\/"},{"@type":"ListItem","position":3,"name":"Sunny Life Pripu\u010diamas Plaukimo Ratas"}]},{"@type":"WebSite","@id":"https:\/\/oxoxclub.com\/lt\/#website","url":"https:\/\/oxoxclub.com\/lt\/","name":"OXOX CLUB","description":"On a mission of never growing up","publisher":{"@id":"https:\/\/oxoxclub.com\/lt\/#organization"},"potentialAction":[{"@type":"SearchAction","target":{"@type":"EntryPoint","urlTemplate":"https:\/\/oxoxclub.com\/lt\/?s={search_term_string}"},"query-input":{"@type":"PropertyValueSpecification","valueRequired":true,"valueName":"search_term_string"}}],"inLanguage":"lt-LT"},{"@type":"Organization","@id":"https:\/\/oxoxclub.com\/lt\/#organization","name":"OXOX CLUB","url":"https:\/\/oxoxclub.com\/lt\/","logo":{"@type":"ImageObject","inLanguage":"lt-LT","@id":"https:\/\/oxoxclub.com\/lt\/#\/schema\/logo\/image\/","url":"https:\/\/oxoxclub.com\/wp-content\/uploads\/oxox-logo-in-blue-4.png","contentUrl":"https:\/\/oxoxclub.com\/wp-content\/uploads\/oxox-logo-in-blue-4.png","width":414,"height":300,"caption":"OXOX CLUB"},"image":{"@id":"https:\/\/oxoxclub.com\/lt\/#\/schema\/logo\/image\/"},"sameAs":["https:\/\/facebook.com\/oxoxclub\/","https:\/\/www.instagram.com\/oxoxclub\/"]}]},"og_availability":"instock","product_availability":"instock","product_retailer_item_id":"S51GINML-1","product_condition":"new"},"_links":{"self":[{"href":"https:\/\/oxoxclub.com\/lt\/wp-json\/wp\/v2\/product\/73293","targetHints":{"allow":["GET"]}}],"collection":[{"href":"https:\/\/oxoxclub.com\/lt\/wp-json\/wp\/v2\/product"}],"about":[{"href":"https:\/\/oxoxclub.com\/lt\/wp-json\/wp\/v2\/types\/product"}],"replies":[{"embeddable":true,"href":"https:\/\/oxoxclub.com\/lt\/wp-json\/wp\/v2\/comments?post=73293"}],"wp:featuredmedia":[{"embeddable":true,"href":"https:\/\/oxoxclub.com\/lt\/wp-json\/wp\/v2\/media\/73288"}],"wp:attachment":[{"href":"https:\/\/oxoxclub.com\/lt\/wp-json\/wp\/v2\/media?parent=73293"}],"wp:term":[{"taxonomy":"product_brand","embeddable":true,"href":"https:\/\/oxoxclub.com\/lt\/wp-json\/wp\/v2\/product_brand?post=73293"},{"taxonomy":"product_cat","embeddable":true,"href":"https:\/\/oxoxclub.com\/lt\/wp-json\/wp\/v2\/product_cat?post=73293"},{"taxonomy":"product_tag","embeddable":true,"href":"https:\/\/oxoxclub.com\/lt\/wp-json\/wp\/v2\/product_tag?post=73293"}],"curies":[{"name":"wp","href":"https:\/\/api.w.org\/{rel}","templated":true}]}}