{"id":75314,"date":"2025-12-03T11:57:28","date_gmt":"2025-12-03T09:57:28","guid":{"rendered":"https:\/\/oxoxclub.com\/?post_type=product&#038;p=75314"},"modified":"2026-01-08T16:01:28","modified_gmt":"2026-01-08T14:01:28","slug":"siuvinetas-face-svarkelis-copy-copy","status":"publish","type":"product","link":"https:\/\/oxoxclub.com\/lt\/products\/naujienos\/siuvinetas-face-svarkelis-copy-copy\/","title":{"rendered":"Velvetinis \u201eFace\u201c \u0161varkelis"},"content":{"rendered":"<p>\u0160is velvetinis \u0161varkelis \u2013 ry\u0161kiausias garderobo akcentas, kur\u012f norisi vilk\u0117ti v\u0117l ir v\u0117l. Mink\u0161to \u012fvairi\u0173 spalv\u0173 velveto detal\u0117s susitinka su \u017eaismingais i\u0161siuvin\u0117tais veidukais ant priekini\u0173 ki\u0161eni\u0173 \u2013 detal\u0117, paliekanti didel\u012f \u012fsp\u016bd\u012f. Sukurtas kasdieniams nuotykiams, lengvai sluoksniuojamas su mar\u0161kin\u0117liais ar megztiniais ir akimirksniu suteikiantis charakterio betkuriam deriniui.<\/p>\n<p>100% medviln\u0117 \/ Galima skalbti skalbykl\u0117je.<\/p>\n<p>Pagaminta Lietuvoje.<\/p>\n<div class=\"product-description mb-6\">\n<p>Mia yra 124 cm \u016bgio ir d\u0117vi 7-8 met\u0173 dyd\u012f.<\/p>\n<\/div>\n","protected":false},"excerpt":{"rendered":"<p>\u0160is velvetinis \u0161varkelis \u2013 ry\u0161kiausias garderobo akcentas, kur\u012f norisi vilk\u0117ti v\u0117l ir v\u0117l. Mink\u0161to \u012fvairi\u0173 spalv\u0173 velveto detal\u0117s susitinka su \u017eaismingais i\u0161siuvin\u0117tais veidukais ant priekini\u0173 ki\u0161eni\u0173 \u2013 detal\u0117, paliekanti didel\u012f \u012fsp\u016bd\u012f. Sukurtas kasdieniams nuotykiams, lengvai sluoksniuojamas su mar\u0161kin\u0117liais ar megztiniais ir akimirksniu suteikiantis charakterio betkuriam deriniui. 100% medviln\u0117 \/ Galima skalbti skalbykl\u0117je. Pagaminta Lietuvoje. Mia [&hellip;]<\/p>\n","protected":false},"featured_media":76142,"comment_status":"open","ping_status":"closed","template":"","meta":[],"product_brand":[],"product_cat":[696,806,688],"product_tag":[],"class_list":{"0":"post-75314","1":"product","2":"type-product","3":"status-publish","4":"has-post-thumbnail","6":"product_cat-naujienos","7":"product_cat-pavasario-favoritai","8":"product_cat-svarkeliai","9":"pa_size-chart-86-92-en","10":"pa_size-chart-98-104-en","11":"pa_size-chart-110-116-en","12":"pa_size-chart-122-128-en","13":"pa_size-chart-134-140-en","14":"pa_size-chart-146-152-en","15":"pa_sweatshirts-svarkeliai","17":"first","18":"instock","19":"taxable","20":"shipping-taxable","21":"purchasable","22":"product-type-variable"},"acf":[],"yoast_head":"<!-- This site is optimized with the Yoast SEO Premium plugin v20.11 (Yoast SEO v24.3) - https:\/\/yoast.com\/wordpress\/plugins\/seo\/ -->\n<title>Velvetinis \u201eFace\u201c \u0161varkelis - OXOX<\/title>\n<meta name=\"robots\" content=\"index, follow, max-snippet:-1, max-image-preview:large, max-video-preview:-1\" \/>\n<link rel=\"canonical\" href=\"https:\/\/oxoxclub.com\/lt\/products\/naujienos\/siuvinetas-face-svarkelis-copy-copy\/\" \/>\n<meta property=\"og:locale\" content=\"lt_LT\" \/>\n<meta property=\"og:type\" content=\"article\" \/>\n<meta property=\"og:title\" content=\"Velvetinis \u201eFace\u201c \u0161varkelis\" \/>\n<meta property=\"og:description\" content=\"\u0160is velvetinis \u0161varkelis \u2013 ry\u0161kiausias garderobo akcentas, kur\u012f norisi vilk\u0117ti v\u0117l ir v\u0117l. Mink\u0161to \u012fvairi\u0173 spalv\u0173 velveto detal\u0117s susitinka su \u017eaismingais i\u0161siuvin\u0117tais veidukais ant priekini\u0173 ki\u0161eni\u0173 \u2013 detal\u0117, paliekanti didel\u012f \u012fsp\u016bd\u012f. Sukurtas kasdieniams nuotykiams, lengvai sluoksniuojamas su mar\u0161kin\u0117liais ar megztiniais ir akimirksniu suteikiantis charakterio betkuriam deriniui. 100% medviln\u0117 \/ Galima skalbti skalbykl\u0117je. Pagaminta Lietuvoje. Mia [&hellip;]\" \/>\n<meta property=\"og:url\" content=\"https:\/\/oxoxclub.com\/lt\/products\/naujienos\/siuvinetas-face-svarkelis-copy-copy\/\" \/>\n<meta property=\"og:site_name\" content=\"OXOX\" \/>\n<meta property=\"article:publisher\" content=\"https:\/\/facebook.com\/oxoxclub\/\" \/>\n<meta property=\"article:modified_time\" content=\"2026-01-08T14:01:28+00:00\" \/>\n<meta property=\"og:image\" content=\"https:\/\/oxoxclub.com\/wp-content\/uploads\/30-2-scaled.jpg\" \/>\n\t<meta property=\"og:image:width\" content=\"1709\" \/>\n\t<meta property=\"og:image:height\" content=\"2560\" \/>\n\t<meta property=\"og:image:type\" content=\"image\/jpeg\" \/>\n<meta name=\"twitter:card\" content=\"summary_large_image\" \/>\n<meta name=\"twitter:label1\" content=\"Availability\" \/>\n\t<meta name=\"twitter:data1\" content=\"In stock\" \/>\n<script type=\"application\/ld+json\" class=\"yoast-schema-graph\">{\"@context\":\"https:\/\/schema.org\",\"@graph\":[{\"@type\":\"WebPage\",\"@id\":\"https:\/\/oxoxclub.com\/lt\/products\/naujienos\/siuvinetas-face-svarkelis-copy-copy\/\",\"url\":\"https:\/\/oxoxclub.com\/lt\/products\/naujienos\/siuvinetas-face-svarkelis-copy-copy\/\",\"name\":\"Velvetinis \u201eFace\u201c \u0161varkelis - OXOX\",\"isPartOf\":{\"@id\":\"https:\/\/oxoxclub.com\/lt\/#website\"},\"primaryImageOfPage\":{\"@id\":\"https:\/\/oxoxclub.com\/lt\/products\/naujienos\/siuvinetas-face-svarkelis-copy-copy\/#primaryimage\"},\"image\":{\"@id\":\"https:\/\/oxoxclub.com\/lt\/products\/naujienos\/siuvinetas-face-svarkelis-copy-copy\/#primaryimage\"},\"thumbnailUrl\":\"https:\/\/oxoxclub.com\/wp-content\/uploads\/30-2-scaled.jpg\",\"datePublished\":\"2025-12-03T09:57:28+00:00\",\"dateModified\":\"2026-01-08T14:01:28+00:00\",\"breadcrumb\":{\"@id\":\"https:\/\/oxoxclub.com\/lt\/products\/naujienos\/siuvinetas-face-svarkelis-copy-copy\/#breadcrumb\"},\"inLanguage\":\"lt-LT\",\"potentialAction\":[{\"@type\":\"ReadAction\",\"target\":[\"https:\/\/oxoxclub.com\/lt\/products\/naujienos\/siuvinetas-face-svarkelis-copy-copy\/\"]}]},{\"@type\":\"ImageObject\",\"inLanguage\":\"lt-LT\",\"@id\":\"https:\/\/oxoxclub.com\/lt\/products\/naujienos\/siuvinetas-face-svarkelis-copy-copy\/#primaryimage\",\"url\":\"https:\/\/oxoxclub.com\/wp-content\/uploads\/30-2-scaled.jpg\",\"contentUrl\":\"https:\/\/oxoxclub.com\/wp-content\/uploads\/30-2-scaled.jpg\",\"width\":1709,\"height\":2560},{\"@type\":\"BreadcrumbList\",\"@id\":\"https:\/\/oxoxclub.com\/lt\/products\/naujienos\/siuvinetas-face-svarkelis-copy-copy\/#breadcrumb\",\"itemListElement\":[{\"@type\":\"ListItem\",\"position\":1,\"name\":\"Home\",\"item\":\"https:\/\/oxoxclub.com\/lt\/\"},{\"@type\":\"ListItem\",\"position\":2,\"name\":\"Shop\",\"item\":\"https:\/\/oxoxclub.com\/products\/\"},{\"@type\":\"ListItem\",\"position\":3,\"name\":\"Velvetinis \u201eFace\u201c \u0161varkelis\"}]},{\"@type\":\"WebSite\",\"@id\":\"https:\/\/oxoxclub.com\/lt\/#website\",\"url\":\"https:\/\/oxoxclub.com\/lt\/\",\"name\":\"OXOX CLUB\",\"description\":\"On a mission of never growing up\",\"publisher\":{\"@id\":\"https:\/\/oxoxclub.com\/lt\/#organization\"},\"potentialAction\":[{\"@type\":\"SearchAction\",\"target\":{\"@type\":\"EntryPoint\",\"urlTemplate\":\"https:\/\/oxoxclub.com\/lt\/?s={search_term_string}\"},\"query-input\":{\"@type\":\"PropertyValueSpecification\",\"valueRequired\":true,\"valueName\":\"search_term_string\"}}],\"inLanguage\":\"lt-LT\"},{\"@type\":\"Organization\",\"@id\":\"https:\/\/oxoxclub.com\/lt\/#organization\",\"name\":\"OXOX CLUB\",\"url\":\"https:\/\/oxoxclub.com\/lt\/\",\"logo\":{\"@type\":\"ImageObject\",\"inLanguage\":\"lt-LT\",\"@id\":\"https:\/\/oxoxclub.com\/lt\/#\/schema\/logo\/image\/\",\"url\":\"https:\/\/oxoxclub.com\/wp-content\/uploads\/oxox-logo-in-blue-4.png\",\"contentUrl\":\"https:\/\/oxoxclub.com\/wp-content\/uploads\/oxox-logo-in-blue-4.png\",\"width\":414,\"height\":300,\"caption\":\"OXOX CLUB\"},\"image\":{\"@id\":\"https:\/\/oxoxclub.com\/lt\/#\/schema\/logo\/image\/\"},\"sameAs\":[\"https:\/\/facebook.com\/oxoxclub\/\",\"https:\/\/www.instagram.com\/oxoxclub\/\"]}]}<\/script>\n<meta property=\"og:availability\" content=\"instock\" \/>\n<meta property=\"product:availability\" content=\"instock\" \/>\n<meta property=\"product:retailer_item_id\" content=\"31.355.16\" \/>\n<meta property=\"product:condition\" content=\"new\" \/>\n<!-- \/ Yoast SEO Premium plugin. -->","yoast_head_json":{"title":"Velvetinis \u201eFace\u201c \u0161varkelis - OXOX","robots":{"index":"index","follow":"follow","max-snippet":"max-snippet:-1","max-image-preview":"max-image-preview:large","max-video-preview":"max-video-preview:-1"},"canonical":"https:\/\/oxoxclub.com\/lt\/products\/naujienos\/siuvinetas-face-svarkelis-copy-copy\/","og_locale":"lt_LT","og_type":"article","og_title":"Velvetinis \u201eFace\u201c \u0161varkelis","og_description":"\u0160is velvetinis \u0161varkelis \u2013 ry\u0161kiausias garderobo akcentas, kur\u012f norisi vilk\u0117ti v\u0117l ir v\u0117l. Mink\u0161to \u012fvairi\u0173 spalv\u0173 velveto detal\u0117s susitinka su \u017eaismingais i\u0161siuvin\u0117tais veidukais ant priekini\u0173 ki\u0161eni\u0173 \u2013 detal\u0117, paliekanti didel\u012f \u012fsp\u016bd\u012f. Sukurtas kasdieniams nuotykiams, lengvai sluoksniuojamas su mar\u0161kin\u0117liais ar megztiniais ir akimirksniu suteikiantis charakterio betkuriam deriniui. 100% medviln\u0117 \/ Galima skalbti skalbykl\u0117je. Pagaminta Lietuvoje. Mia [&hellip;]","og_url":"https:\/\/oxoxclub.com\/lt\/products\/naujienos\/siuvinetas-face-svarkelis-copy-copy\/","og_site_name":"OXOX","article_publisher":"https:\/\/facebook.com\/oxoxclub\/","article_modified_time":"2026-01-08T14:01:28+00:00","og_image":[{"width":1709,"height":2560,"url":"https:\/\/oxoxclub.com\/wp-content\/uploads\/30-2-scaled.jpg","type":"image\/jpeg"}],"twitter_card":"summary_large_image","twitter_misc":{"Availability":"In stock"},"schema":{"@context":"https:\/\/schema.org","@graph":[{"@type":"WebPage","@id":"https:\/\/oxoxclub.com\/lt\/products\/naujienos\/siuvinetas-face-svarkelis-copy-copy\/","url":"https:\/\/oxoxclub.com\/lt\/products\/naujienos\/siuvinetas-face-svarkelis-copy-copy\/","name":"Velvetinis \u201eFace\u201c \u0161varkelis - OXOX","isPartOf":{"@id":"https:\/\/oxoxclub.com\/lt\/#website"},"primaryImageOfPage":{"@id":"https:\/\/oxoxclub.com\/lt\/products\/naujienos\/siuvinetas-face-svarkelis-copy-copy\/#primaryimage"},"image":{"@id":"https:\/\/oxoxclub.com\/lt\/products\/naujienos\/siuvinetas-face-svarkelis-copy-copy\/#primaryimage"},"thumbnailUrl":"https:\/\/oxoxclub.com\/wp-content\/uploads\/30-2-scaled.jpg","datePublished":"2025-12-03T09:57:28+00:00","dateModified":"2026-01-08T14:01:28+00:00","breadcrumb":{"@id":"https:\/\/oxoxclub.com\/lt\/products\/naujienos\/siuvinetas-face-svarkelis-copy-copy\/#breadcrumb"},"inLanguage":"lt-LT","potentialAction":[{"@type":"ReadAction","target":["https:\/\/oxoxclub.com\/lt\/products\/naujienos\/siuvinetas-face-svarkelis-copy-copy\/"]}]},{"@type":"ImageObject","inLanguage":"lt-LT","@id":"https:\/\/oxoxclub.com\/lt\/products\/naujienos\/siuvinetas-face-svarkelis-copy-copy\/#primaryimage","url":"https:\/\/oxoxclub.com\/wp-content\/uploads\/30-2-scaled.jpg","contentUrl":"https:\/\/oxoxclub.com\/wp-content\/uploads\/30-2-scaled.jpg","width":1709,"height":2560},{"@type":"BreadcrumbList","@id":"https:\/\/oxoxclub.com\/lt\/products\/naujienos\/siuvinetas-face-svarkelis-copy-copy\/#breadcrumb","itemListElement":[{"@type":"ListItem","position":1,"name":"Home","item":"https:\/\/oxoxclub.com\/lt\/"},{"@type":"ListItem","position":2,"name":"Shop","item":"https:\/\/oxoxclub.com\/products\/"},{"@type":"ListItem","position":3,"name":"Velvetinis \u201eFace\u201c \u0161varkelis"}]},{"@type":"WebSite","@id":"https:\/\/oxoxclub.com\/lt\/#website","url":"https:\/\/oxoxclub.com\/lt\/","name":"OXOX CLUB","description":"On a mission of never growing up","publisher":{"@id":"https:\/\/oxoxclub.com\/lt\/#organization"},"potentialAction":[{"@type":"SearchAction","target":{"@type":"EntryPoint","urlTemplate":"https:\/\/oxoxclub.com\/lt\/?s={search_term_string}"},"query-input":{"@type":"PropertyValueSpecification","valueRequired":true,"valueName":"search_term_string"}}],"inLanguage":"lt-LT"},{"@type":"Organization","@id":"https:\/\/oxoxclub.com\/lt\/#organization","name":"OXOX CLUB","url":"https:\/\/oxoxclub.com\/lt\/","logo":{"@type":"ImageObject","inLanguage":"lt-LT","@id":"https:\/\/oxoxclub.com\/lt\/#\/schema\/logo\/image\/","url":"https:\/\/oxoxclub.com\/wp-content\/uploads\/oxox-logo-in-blue-4.png","contentUrl":"https:\/\/oxoxclub.com\/wp-content\/uploads\/oxox-logo-in-blue-4.png","width":414,"height":300,"caption":"OXOX CLUB"},"image":{"@id":"https:\/\/oxoxclub.com\/lt\/#\/schema\/logo\/image\/"},"sameAs":["https:\/\/facebook.com\/oxoxclub\/","https:\/\/www.instagram.com\/oxoxclub\/"]}]},"og_availability":"instock","product_availability":"instock","product_retailer_item_id":"31.355.16","product_condition":"new"},"_links":{"self":[{"href":"https:\/\/oxoxclub.com\/lt\/wp-json\/wp\/v2\/product\/75314","targetHints":{"allow":["GET"]}}],"collection":[{"href":"https:\/\/oxoxclub.com\/lt\/wp-json\/wp\/v2\/product"}],"about":[{"href":"https:\/\/oxoxclub.com\/lt\/wp-json\/wp\/v2\/types\/product"}],"replies":[{"embeddable":true,"href":"https:\/\/oxoxclub.com\/lt\/wp-json\/wp\/v2\/comments?post=75314"}],"wp:featuredmedia":[{"embeddable":true,"href":"https:\/\/oxoxclub.com\/lt\/wp-json\/wp\/v2\/media\/76142"}],"wp:attachment":[{"href":"https:\/\/oxoxclub.com\/lt\/wp-json\/wp\/v2\/media?parent=75314"}],"wp:term":[{"taxonomy":"product_brand","embeddable":true,"href":"https:\/\/oxoxclub.com\/lt\/wp-json\/wp\/v2\/product_brand?post=75314"},{"taxonomy":"product_cat","embeddable":true,"href":"https:\/\/oxoxclub.com\/lt\/wp-json\/wp\/v2\/product_cat?post=75314"},{"taxonomy":"product_tag","embeddable":true,"href":"https:\/\/oxoxclub.com\/lt\/wp-json\/wp\/v2\/product_tag?post=75314"}],"curies":[{"name":"wp","href":"https:\/\/api.w.org\/{rel}","templated":true}]}}