{"id":75354,"date":"2025-12-03T12:27:34","date_gmt":"2025-12-03T10:27:34","guid":{"rendered":"https:\/\/oxoxclub.com\/?post_type=product&#038;p=75354"},"modified":"2026-01-05T15:20:29","modified_gmt":"2026-01-05T13:20:29","slug":"dzinsinio-zvaigzdeto-audinio-sijonas","status":"publish","type":"product","link":"https:\/\/oxoxclub.com\/lt\/products\/vaikams\/sukneles-ir-sijonai\/sijonai\/dzinsinio-zvaigzdeto-audinio-sijonas\/","title":{"rendered":"Dygsniuotas D\u017einso sijonas"},"content":{"rendered":"<p>\u0160is dygsniuotas d\u017einsinis sijonas su subtiliu \u017evaig\u017edu\u010di\u0173 ra\u0161tu yra mink\u0161tas, ta\u010diau puikiai i\u0161laiko form\u0105 \u2013 lengvas b\u016bdas susikurti i\u0161rai\u0161king\u0105 \u012fvaizd\u012f. Derink su m\u016bs\u0173 dygsniuotu d\u017einsiniu \u0161varkeliu ir susikurk jauk\u0173, \u017eaisming\u0105 komplekt\u0105 betkuriai \u0161ventei.<\/p>\n<p>50% medviln\u0117, 50% poliesteris \/ Galima skalbti skalbykl\u0117je.<\/p>\n<p>Pagaminta Lietuvoje.<\/p>\n<p>Mia yra 124 cm \u016bgio ir d\u0117vi 7-8 met\u0173 dyd\u012f.<\/p>\n","protected":false},"excerpt":{"rendered":"<p>\u0160is dygsniuotas d\u017einsinis sijonas su subtiliu \u017evaig\u017edu\u010di\u0173 ra\u0161tu yra mink\u0161tas, ta\u010diau puikiai i\u0161laiko form\u0105 \u2013 lengvas b\u016bdas susikurti i\u0161rai\u0161king\u0105 \u012fvaizd\u012f. Derink su m\u016bs\u0173 dygsniuotu d\u017einsiniu \u0161varkeliu ir susikurk jauk\u0173, \u017eaisming\u0105 komplekt\u0105 betkuriai \u0161ventei. 50% medviln\u0117, 50% poliesteris \/ Galima skalbti skalbykl\u0117je. Pagaminta Lietuvoje. Mia yra 124 cm \u016bgio ir d\u0117vi 7-8 met\u0173 dyd\u012f.<\/p>\n","protected":false},"featured_media":80828,"comment_status":"open","ping_status":"closed","template":"","meta":[],"product_brand":[],"product_cat":[696,664,661],"product_tag":[],"class_list":{"0":"post-75354","1":"product","2":"type-product","3":"status-publish","4":"has-post-thumbnail","6":"product_cat-naujienos","7":"product_cat-sijonai","8":"product_cat-sukneles-ir-sijonai","9":"pa_dresses-sijonai","10":"pa_size-chart-86-92-en","11":"pa_size-chart-98-104-en","12":"pa_size-chart-110-116-en","13":"pa_size-chart-122-128-en","14":"pa_size-chart-134-140-en","15":"pa_size-chart-146-152-en","17":"first","18":"instock","19":"taxable","20":"shipping-taxable","21":"purchasable","22":"product-type-variable"},"acf":[],"yoast_head":"<!-- This site is optimized with the Yoast SEO Premium plugin v20.11 (Yoast SEO v24.3) - https:\/\/yoast.com\/wordpress\/plugins\/seo\/ -->\n<title>Dygsniuotas D\u017einso sijonas - OXOX<\/title>\n<meta name=\"robots\" content=\"index, follow, max-snippet:-1, max-image-preview:large, max-video-preview:-1\" \/>\n<link rel=\"canonical\" href=\"https:\/\/oxoxclub.com\/lt\/products\/vaikams\/sukneles-ir-sijonai\/sijonai\/dzinsinio-zvaigzdeto-audinio-sijonas\/\" \/>\n<meta property=\"og:locale\" content=\"lt_LT\" \/>\n<meta property=\"og:type\" content=\"article\" \/>\n<meta property=\"og:title\" content=\"Dygsniuotas D\u017einso sijonas\" \/>\n<meta property=\"og:description\" content=\"\u0160is dygsniuotas d\u017einsinis sijonas su subtiliu \u017evaig\u017edu\u010di\u0173 ra\u0161tu yra mink\u0161tas, ta\u010diau puikiai i\u0161laiko form\u0105 \u2013 lengvas b\u016bdas susikurti i\u0161rai\u0161king\u0105 \u012fvaizd\u012f. Derink su m\u016bs\u0173 dygsniuotu d\u017einsiniu \u0161varkeliu ir susikurk jauk\u0173, \u017eaisming\u0105 komplekt\u0105 betkuriai \u0161ventei. 50% medviln\u0117, 50% poliesteris \/ Galima skalbti skalbykl\u0117je. Pagaminta Lietuvoje. Mia yra 124 cm \u016bgio ir d\u0117vi 7-8 met\u0173 dyd\u012f.\" \/>\n<meta property=\"og:url\" content=\"https:\/\/oxoxclub.com\/lt\/products\/vaikams\/sukneles-ir-sijonai\/sijonai\/dzinsinio-zvaigzdeto-audinio-sijonas\/\" \/>\n<meta property=\"og:site_name\" content=\"OXOX\" \/>\n<meta property=\"article:publisher\" content=\"https:\/\/facebook.com\/oxoxclub\/\" \/>\n<meta property=\"article:modified_time\" content=\"2026-01-05T13:20:29+00:00\" \/>\n<meta property=\"og:image\" content=\"https:\/\/oxoxclub.com\/wp-content\/uploads\/11-5-scaled.jpg\" \/>\n\t<meta property=\"og:image:width\" content=\"1703\" \/>\n\t<meta property=\"og:image:height\" content=\"2560\" \/>\n\t<meta property=\"og:image:type\" content=\"image\/jpeg\" \/>\n<meta name=\"twitter:card\" content=\"summary_large_image\" \/>\n<meta name=\"twitter:label1\" content=\"Availability\" \/>\n\t<meta name=\"twitter:data1\" content=\"In stock\" \/>\n<script type=\"application\/ld+json\" class=\"yoast-schema-graph\">{\"@context\":\"https:\/\/schema.org\",\"@graph\":[{\"@type\":\"WebPage\",\"@id\":\"https:\/\/oxoxclub.com\/lt\/products\/vaikams\/sukneles-ir-sijonai\/sijonai\/dzinsinio-zvaigzdeto-audinio-sijonas\/\",\"url\":\"https:\/\/oxoxclub.com\/lt\/products\/vaikams\/sukneles-ir-sijonai\/sijonai\/dzinsinio-zvaigzdeto-audinio-sijonas\/\",\"name\":\"Dygsniuotas D\u017einso sijonas - OXOX\",\"isPartOf\":{\"@id\":\"https:\/\/oxoxclub.com\/lt\/#website\"},\"primaryImageOfPage\":{\"@id\":\"https:\/\/oxoxclub.com\/lt\/products\/vaikams\/sukneles-ir-sijonai\/sijonai\/dzinsinio-zvaigzdeto-audinio-sijonas\/#primaryimage\"},\"image\":{\"@id\":\"https:\/\/oxoxclub.com\/lt\/products\/vaikams\/sukneles-ir-sijonai\/sijonai\/dzinsinio-zvaigzdeto-audinio-sijonas\/#primaryimage\"},\"thumbnailUrl\":\"https:\/\/oxoxclub.com\/wp-content\/uploads\/32-4-scaled.jpg\",\"datePublished\":\"2025-12-03T10:27:34+00:00\",\"dateModified\":\"2026-01-05T13:20:29+00:00\",\"breadcrumb\":{\"@id\":\"https:\/\/oxoxclub.com\/lt\/products\/vaikams\/sukneles-ir-sijonai\/sijonai\/dzinsinio-zvaigzdeto-audinio-sijonas\/#breadcrumb\"},\"inLanguage\":\"lt-LT\",\"potentialAction\":[{\"@type\":\"ReadAction\",\"target\":[\"https:\/\/oxoxclub.com\/lt\/products\/vaikams\/sukneles-ir-sijonai\/sijonai\/dzinsinio-zvaigzdeto-audinio-sijonas\/\"]}]},{\"@type\":\"ImageObject\",\"inLanguage\":\"lt-LT\",\"@id\":\"https:\/\/oxoxclub.com\/lt\/products\/vaikams\/sukneles-ir-sijonai\/sijonai\/dzinsinio-zvaigzdeto-audinio-sijonas\/#primaryimage\",\"url\":\"https:\/\/oxoxclub.com\/wp-content\/uploads\/32-4-scaled.jpg\",\"contentUrl\":\"https:\/\/oxoxclub.com\/wp-content\/uploads\/32-4-scaled.jpg\",\"width\":1709,\"height\":2560},{\"@type\":\"BreadcrumbList\",\"@id\":\"https:\/\/oxoxclub.com\/lt\/products\/vaikams\/sukneles-ir-sijonai\/sijonai\/dzinsinio-zvaigzdeto-audinio-sijonas\/#breadcrumb\",\"itemListElement\":[{\"@type\":\"ListItem\",\"position\":1,\"name\":\"Home\",\"item\":\"https:\/\/oxoxclub.com\/lt\/\"},{\"@type\":\"ListItem\",\"position\":2,\"name\":\"Shop\",\"item\":\"https:\/\/oxoxclub.com\/products\/\"},{\"@type\":\"ListItem\",\"position\":3,\"name\":\"Dygsniuotas D\u017einso sijonas\"}]},{\"@type\":\"WebSite\",\"@id\":\"https:\/\/oxoxclub.com\/lt\/#website\",\"url\":\"https:\/\/oxoxclub.com\/lt\/\",\"name\":\"OXOX CLUB\",\"description\":\"On a mission of never growing up\",\"publisher\":{\"@id\":\"https:\/\/oxoxclub.com\/lt\/#organization\"},\"potentialAction\":[{\"@type\":\"SearchAction\",\"target\":{\"@type\":\"EntryPoint\",\"urlTemplate\":\"https:\/\/oxoxclub.com\/lt\/?s={search_term_string}\"},\"query-input\":{\"@type\":\"PropertyValueSpecification\",\"valueRequired\":true,\"valueName\":\"search_term_string\"}}],\"inLanguage\":\"lt-LT\"},{\"@type\":\"Organization\",\"@id\":\"https:\/\/oxoxclub.com\/lt\/#organization\",\"name\":\"OXOX CLUB\",\"url\":\"https:\/\/oxoxclub.com\/lt\/\",\"logo\":{\"@type\":\"ImageObject\",\"inLanguage\":\"lt-LT\",\"@id\":\"https:\/\/oxoxclub.com\/lt\/#\/schema\/logo\/image\/\",\"url\":\"https:\/\/oxoxclub.com\/wp-content\/uploads\/oxox-logo-in-blue-4.png\",\"contentUrl\":\"https:\/\/oxoxclub.com\/wp-content\/uploads\/oxox-logo-in-blue-4.png\",\"width\":414,\"height\":300,\"caption\":\"OXOX CLUB\"},\"image\":{\"@id\":\"https:\/\/oxoxclub.com\/lt\/#\/schema\/logo\/image\/\"},\"sameAs\":[\"https:\/\/facebook.com\/oxoxclub\/\",\"https:\/\/www.instagram.com\/oxoxclub\/\"]}]}<\/script>\n<meta property=\"og:availability\" content=\"instock\" \/>\n<meta property=\"product:availability\" content=\"instock\" \/>\n<meta property=\"product:retailer_item_id\" content=\"31.416.44\" \/>\n<meta property=\"product:condition\" content=\"new\" \/>\n<!-- \/ Yoast SEO Premium plugin. -->","yoast_head_json":{"title":"Dygsniuotas D\u017einso sijonas - OXOX","robots":{"index":"index","follow":"follow","max-snippet":"max-snippet:-1","max-image-preview":"max-image-preview:large","max-video-preview":"max-video-preview:-1"},"canonical":"https:\/\/oxoxclub.com\/lt\/products\/vaikams\/sukneles-ir-sijonai\/sijonai\/dzinsinio-zvaigzdeto-audinio-sijonas\/","og_locale":"lt_LT","og_type":"article","og_title":"Dygsniuotas D\u017einso sijonas","og_description":"\u0160is dygsniuotas d\u017einsinis sijonas su subtiliu \u017evaig\u017edu\u010di\u0173 ra\u0161tu yra mink\u0161tas, ta\u010diau puikiai i\u0161laiko form\u0105 \u2013 lengvas b\u016bdas susikurti i\u0161rai\u0161king\u0105 \u012fvaizd\u012f. Derink su m\u016bs\u0173 dygsniuotu d\u017einsiniu \u0161varkeliu ir susikurk jauk\u0173, \u017eaisming\u0105 komplekt\u0105 betkuriai \u0161ventei. 50% medviln\u0117, 50% poliesteris \/ Galima skalbti skalbykl\u0117je. Pagaminta Lietuvoje. Mia yra 124 cm \u016bgio ir d\u0117vi 7-8 met\u0173 dyd\u012f.","og_url":"https:\/\/oxoxclub.com\/lt\/products\/vaikams\/sukneles-ir-sijonai\/sijonai\/dzinsinio-zvaigzdeto-audinio-sijonas\/","og_site_name":"OXOX","article_publisher":"https:\/\/facebook.com\/oxoxclub\/","article_modified_time":"2026-01-05T13:20:29+00:00","og_image":[{"width":1703,"height":2560,"url":"https:\/\/oxoxclub.com\/wp-content\/uploads\/11-5-scaled.jpg","type":"image\/jpeg"}],"twitter_card":"summary_large_image","twitter_misc":{"Availability":"In stock"},"schema":{"@context":"https:\/\/schema.org","@graph":[{"@type":"WebPage","@id":"https:\/\/oxoxclub.com\/lt\/products\/vaikams\/sukneles-ir-sijonai\/sijonai\/dzinsinio-zvaigzdeto-audinio-sijonas\/","url":"https:\/\/oxoxclub.com\/lt\/products\/vaikams\/sukneles-ir-sijonai\/sijonai\/dzinsinio-zvaigzdeto-audinio-sijonas\/","name":"Dygsniuotas D\u017einso sijonas - OXOX","isPartOf":{"@id":"https:\/\/oxoxclub.com\/lt\/#website"},"primaryImageOfPage":{"@id":"https:\/\/oxoxclub.com\/lt\/products\/vaikams\/sukneles-ir-sijonai\/sijonai\/dzinsinio-zvaigzdeto-audinio-sijonas\/#primaryimage"},"image":{"@id":"https:\/\/oxoxclub.com\/lt\/products\/vaikams\/sukneles-ir-sijonai\/sijonai\/dzinsinio-zvaigzdeto-audinio-sijonas\/#primaryimage"},"thumbnailUrl":"https:\/\/oxoxclub.com\/wp-content\/uploads\/32-4-scaled.jpg","datePublished":"2025-12-03T10:27:34+00:00","dateModified":"2026-01-05T13:20:29+00:00","breadcrumb":{"@id":"https:\/\/oxoxclub.com\/lt\/products\/vaikams\/sukneles-ir-sijonai\/sijonai\/dzinsinio-zvaigzdeto-audinio-sijonas\/#breadcrumb"},"inLanguage":"lt-LT","potentialAction":[{"@type":"ReadAction","target":["https:\/\/oxoxclub.com\/lt\/products\/vaikams\/sukneles-ir-sijonai\/sijonai\/dzinsinio-zvaigzdeto-audinio-sijonas\/"]}]},{"@type":"ImageObject","inLanguage":"lt-LT","@id":"https:\/\/oxoxclub.com\/lt\/products\/vaikams\/sukneles-ir-sijonai\/sijonai\/dzinsinio-zvaigzdeto-audinio-sijonas\/#primaryimage","url":"https:\/\/oxoxclub.com\/wp-content\/uploads\/32-4-scaled.jpg","contentUrl":"https:\/\/oxoxclub.com\/wp-content\/uploads\/32-4-scaled.jpg","width":1709,"height":2560},{"@type":"BreadcrumbList","@id":"https:\/\/oxoxclub.com\/lt\/products\/vaikams\/sukneles-ir-sijonai\/sijonai\/dzinsinio-zvaigzdeto-audinio-sijonas\/#breadcrumb","itemListElement":[{"@type":"ListItem","position":1,"name":"Home","item":"https:\/\/oxoxclub.com\/lt\/"},{"@type":"ListItem","position":2,"name":"Shop","item":"https:\/\/oxoxclub.com\/products\/"},{"@type":"ListItem","position":3,"name":"Dygsniuotas D\u017einso sijonas"}]},{"@type":"WebSite","@id":"https:\/\/oxoxclub.com\/lt\/#website","url":"https:\/\/oxoxclub.com\/lt\/","name":"OXOX CLUB","description":"On a mission of never growing up","publisher":{"@id":"https:\/\/oxoxclub.com\/lt\/#organization"},"potentialAction":[{"@type":"SearchAction","target":{"@type":"EntryPoint","urlTemplate":"https:\/\/oxoxclub.com\/lt\/?s={search_term_string}"},"query-input":{"@type":"PropertyValueSpecification","valueRequired":true,"valueName":"search_term_string"}}],"inLanguage":"lt-LT"},{"@type":"Organization","@id":"https:\/\/oxoxclub.com\/lt\/#organization","name":"OXOX CLUB","url":"https:\/\/oxoxclub.com\/lt\/","logo":{"@type":"ImageObject","inLanguage":"lt-LT","@id":"https:\/\/oxoxclub.com\/lt\/#\/schema\/logo\/image\/","url":"https:\/\/oxoxclub.com\/wp-content\/uploads\/oxox-logo-in-blue-4.png","contentUrl":"https:\/\/oxoxclub.com\/wp-content\/uploads\/oxox-logo-in-blue-4.png","width":414,"height":300,"caption":"OXOX CLUB"},"image":{"@id":"https:\/\/oxoxclub.com\/lt\/#\/schema\/logo\/image\/"},"sameAs":["https:\/\/facebook.com\/oxoxclub\/","https:\/\/www.instagram.com\/oxoxclub\/"]}]},"og_availability":"instock","product_availability":"instock","product_retailer_item_id":"31.416.44","product_condition":"new"},"_links":{"self":[{"href":"https:\/\/oxoxclub.com\/lt\/wp-json\/wp\/v2\/product\/75354","targetHints":{"allow":["GET"]}}],"collection":[{"href":"https:\/\/oxoxclub.com\/lt\/wp-json\/wp\/v2\/product"}],"about":[{"href":"https:\/\/oxoxclub.com\/lt\/wp-json\/wp\/v2\/types\/product"}],"replies":[{"embeddable":true,"href":"https:\/\/oxoxclub.com\/lt\/wp-json\/wp\/v2\/comments?post=75354"}],"wp:featuredmedia":[{"embeddable":true,"href":"https:\/\/oxoxclub.com\/lt\/wp-json\/wp\/v2\/media\/80828"}],"wp:attachment":[{"href":"https:\/\/oxoxclub.com\/lt\/wp-json\/wp\/v2\/media?parent=75354"}],"wp:term":[{"taxonomy":"product_brand","embeddable":true,"href":"https:\/\/oxoxclub.com\/lt\/wp-json\/wp\/v2\/product_brand?post=75354"},{"taxonomy":"product_cat","embeddable":true,"href":"https:\/\/oxoxclub.com\/lt\/wp-json\/wp\/v2\/product_cat?post=75354"},{"taxonomy":"product_tag","embeddable":true,"href":"https:\/\/oxoxclub.com\/lt\/wp-json\/wp\/v2\/product_tag?post=75354"}],"curies":[{"name":"wp","href":"https:\/\/api.w.org\/{rel}","templated":true}]}}